{"id":11686,"date":"2024-04-12T12:33:54","date_gmt":"2024-04-12T17:33:54","guid":{"rendered":"https:\/\/optimas.com\/?page_id=11686"},"modified":"2024-10-16T08:17:56","modified_gmt":"2024-10-16T13:17:56","slug":"technical-resources","status":"publish","type":"page","link":"https:\/\/optimas.com\/de\/technical-resources\/","title":{"rendered":"Technische Ressourcen f\u00fcr Verbindungselemente"},"content":{"rendered":"<p><div class=\"fusion-fullwidth fullwidth-box fusion-builder-row-1 fusion-flex-container has-pattern-background has-mask-background nonhundred-percent-fullwidth non-hundred-percent-height-scrolling max\" style=\"--awb-border-radius-top-left:0px;--awb-border-radius-top-right:0px;--awb-border-radius-bottom-right:0px;--awb-border-radius-bottom-left:0px;--awb-padding-right:0px;--awb-padding-left:0px;--awb-flex-wrap:wrap;\" ><div class=\"fusion-builder-row fusion-row fusion-flex-align-items-flex-start fusion-flex-content-wrap\" style=\"max-width:104%;margin-left: calc(-4% \/ 2 );margin-right: calc(-4% \/ 2 );\"><div class=\"fusion-layout-column fusion_builder_column fusion-builder-column-0 fusion_builder_column_1_1 1_1 fusion-flex-column max1200\" style=\"--awb-bg-size:cover;--awb-width-large:100%;--awb-margin-top-large:0px;--awb-spacing-right-large:1.92%;--awb-margin-bottom-large:20px;--awb-spacing-left-large:1.92%;--awb-width-medium:100%;--awb-order-medium:0;--awb-spacing-right-medium:1.92%;--awb-spacing-left-medium:1.92%;--awb-width-small:100%;--awb-order-small:0;--awb-spacing-right-small:1.92%;--awb-spacing-left-small:1.92%;\"><div class=\"fusion-column-wrapper fusion-column-has-shadow fusion-flex-justify-content-flex-start fusion-content-layout-column\"><nav class=\"fusion-breadcrumbs fusion-breadcrumbs-1\" style=\"--awb-alignment:left;--awb-font-size:16;--awb-text-color:#e87722;--awb-breadcrumb-sep:&#039;\/&#039;;text-align:left;\" aria-label=\"Breadcrumb\"><ol class=\"awb-breadcrumb-list\"><li class=\"fusion-breadcrumb-item awb-breadcrumb-sep awb-home\" ><a href=\"https:\/\/optimas.com\/de\/\" class=\"fusion-breadcrumb-link\"><span >Heim<\/span><\/a><\/li><\/ol><\/nav><\/div><\/div><\/div><\/div><div class=\"fusion-fullwidth fullwidth-box fusion-builder-row-2 fusion-flex-container has-pattern-background has-mask-background nonhundred-percent-fullwidth non-hundred-percent-height-scrolling max1200\" style=\"--awb-border-radius-top-left:0px;--awb-border-radius-top-right:0px;--awb-border-radius-bottom-right:0px;--awb-border-radius-bottom-left:0px;--awb-padding-right:0px;--awb-padding-left:0px;--awb-flex-wrap:wrap;\" ><div class=\"fusion-builder-row fusion-row fusion-flex-align-items-flex-start fusion-flex-content-wrap\" style=\"max-width:104%;margin-left: calc(-4% \/ 2 );margin-right: calc(-4% \/ 2 );\"><div class=\"fusion-layout-column fusion_builder_column fusion-builder-column-1 fusion_builder_column_1_1 1_1 fusion-flex-column max1200\" style=\"--awb-bg-size:cover;--awb-width-large:100%;--awb-margin-top-large:0px;--awb-spacing-right-large:1.92%;--awb-margin-bottom-large:20px;--awb-spacing-left-large:1.92%;--awb-width-medium:100%;--awb-order-medium:0;--awb-spacing-right-medium:1.92%;--awb-spacing-left-medium:1.92%;--awb-width-small:100%;--awb-order-small:0;--awb-spacing-right-small:1.92%;--awb-spacing-left-small:1.92%;\"><div class=\"fusion-column-wrapper fusion-column-has-shadow fusion-flex-justify-content-flex-start fusion-content-layout-column\"><div class=\"fusion-builder-row fusion-builder-row-inner fusion-row fusion-flex-align-items-flex-start fusion-flex-content-wrap\" style=\"--awb-flex-grow:0;--awb-flex-grow-medium:0;--awb-flex-grow-small:0;--awb-flex-shrink:0;--awb-flex-shrink-medium:0;--awb-flex-shrink-small:0;width:104% !important;max-width:104% !important;margin-left: calc(-4% \/ 2 );margin-right: calc(-4% \/ 2 );\"><div class=\"fusion-layout-column fusion_builder_column_inner fusion-builder-nested-column-0 fusion_builder_column_inner_2_5 2_5 fusion-flex-column\" style=\"--awb-bg-size:cover;--awb-width-large:40%;--awb-margin-top-large:0px;--awb-spacing-right-large:4.8%;--awb-margin-bottom-large:0px;--awb-spacing-left-large:4.8%;--awb-width-medium:100%;--awb-order-medium:0;--awb-spacing-right-medium:1.92%;--awb-spacing-left-medium:1.92%;--awb-width-small:100%;--awb-order-small:0;--awb-spacing-right-small:1.92%;--awb-spacing-left-small:1.92%;\"><div class=\"fusion-column-wrapper fusion-column-has-shadow fusion-flex-justify-content-flex-start fusion-content-layout-column\"><div class=\"fusion-image-element\" style=\"--awb-aspect-ratio: 100 \/ 60;--awb-caption-title-font-family:var(--h2_typography-font-family);--awb-caption-title-font-weight:var(--h2_typography-font-weight);--awb-caption-title-font-style:var(--h2_typography-font-style);--awb-caption-title-size:var(--h2_typography-font-size);--awb-caption-title-transform:var(--h2_typography-text-transform);--awb-caption-title-line-height:var(--h2_typography-line-height);--awb-caption-title-letter-spacing:var(--h2_typography-letter-spacing);\"><span class=\"fusion-imageframe imageframe-none imageframe-1 hover-type-none has-aspect-ratio\"><img decoding=\"async\" width=\"573\" height=\"436\" title=\"engineering Bilder\" src=\"https:\/\/optimas.com\/wp-content\/uploads\/2024\/04\/engineering-images.png\" class=\"img-responsive wp-image-11690 img-with-aspect-ratio\" data-parent-fit=\"cover\" data-parent-container=\".fusion-image-element\" alt srcset=\"https:\/\/optimas.com\/wp-content\/uploads\/2024\/04\/engineering-images-200x152.png 200w, https:\/\/optimas.com\/wp-content\/uploads\/2024\/04\/engineering-images-400x304.png 400w, https:\/\/optimas.com\/wp-content\/uploads\/2024\/04\/engineering-images.png 573w\" sizes=\"(max-width: 1024px) 100vw, (max-width: 640px) 100vw, 573px\" \/><\/span><\/div><\/div><\/div><div class=\"fusion-layout-column fusion_builder_column_inner fusion-builder-nested-column-1 fusion_builder_column_inner_3_5 3_5 fusion-flex-column fusion-flex-align-self-center\" style=\"--awb-bg-size:cover;--awb-width-large:60%;--awb-margin-top-large:0px;--awb-spacing-right-large:3.2%;--awb-margin-bottom-large:0px;--awb-spacing-left-large:3.2%;--awb-width-medium:100%;--awb-order-medium:0;--awb-spacing-right-medium:1.92%;--awb-spacing-left-medium:1.92%;--awb-width-small:100%;--awb-order-small:0;--awb-spacing-right-small:1.92%;--awb-spacing-left-small:1.92%;\"><div class=\"fusion-column-wrapper fusion-column-has-shadow fusion-flex-justify-content-flex-start fusion-content-layout-column\"><div class=\"fusion-text fusion-text-1\"><h1 style=\"font-size: 30px!important; color: #56565b!important;\">Technische Ressourcen<\/h1>\n<p>Befestigungselemente sind wichtig. Deshalb haben unsere Experten alles zusammengestellt, was Sie f\u00fcr die Entwicklung, Konstruktion und Herstellung Ihrer Produkte ben\u00f6tigen.<\/p>\n<\/div><div class=\"fusion-separator fusion-full-width-sep\" style=\"align-self: center;margin-left: auto;margin-right: auto;margin-top:20px;margin-bottom:20px;width:100%;\"><\/div><div class=\"fusion-text fusion-text-2\"><p><a class=\"linkOrangeButton\" href=\"https:\/\/optimas.com\/de\/services\/engineering\/\">SPRECHEN SIE MIT EINEM EXPERTEN<\/a><\/p>\n<\/div><\/div><\/div><\/div><\/div><\/div><\/div><\/div><div class=\"fusion-fullwidth fullwidth-box fusion-builder-row-3 fusion-flex-container has-pattern-background has-mask-background nonhundred-percent-fullwidth non-hundred-percent-height-scrolling max1200\" style=\"--awb-border-radius-top-left:0px;--awb-border-radius-top-right:0px;--awb-border-radius-bottom-right:0px;--awb-border-radius-bottom-left:0px;--awb-flex-wrap:wrap;\" ><div class=\"fusion-builder-row fusion-row fusion-flex-align-items-flex-start fusion-flex-content-wrap\" style=\"max-width:104%;margin-left: calc(-4% \/ 2 );margin-right: calc(-4% \/ 2 );\"><div class=\"fusion-layout-column fusion_builder_column fusion-builder-column-2 fusion_builder_column_1_1 1_1 fusion-flex-column\" style=\"--awb-bg-size:cover;--awb-width-large:100%;--awb-margin-top-large:0px;--awb-spacing-right-large:1.92%;--awb-margin-bottom-large:20px;--awb-spacing-left-large:1.92%;--awb-width-medium:100%;--awb-order-medium:0;--awb-spacing-right-medium:1.92%;--awb-spacing-left-medium:1.92%;--awb-width-small:100%;--awb-order-small:0;--awb-spacing-right-small:1.92%;--awb-spacing-left-small:1.92%;\"><div class=\"fusion-column-wrapper fusion-column-has-shadow fusion-flex-justify-content-flex-start fusion-content-layout-column\"><div class=\"fusion-separator fusion-full-width-sep\" style=\"align-self: center;margin-left: auto;margin-right: auto;width:100%;\"><div class=\"fusion-separator-border sep-single sep-solid\" style=\"--awb-height:20px;--awb-amount:20px;--awb-sep-color:#000000;border-color:#000000;border-top-width:1px;\"><\/div><\/div><\/div><\/div><\/div><\/div><div class=\"fusion-fullwidth fullwidth-box fusion-builder-row-4 fusion-flex-container has-pattern-background has-mask-background nonhundred-percent-fullwidth non-hundred-percent-height-scrolling\" style=\"--awb-border-radius-top-left:0px;--awb-border-radius-top-right:0px;--awb-border-radius-bottom-right:0px;--awb-border-radius-bottom-left:0px;--awb-padding-top:20px;--awb-flex-wrap:wrap;\" ><div class=\"fusion-builder-row fusion-row fusion-flex-align-items-flex-start fusion-flex-content-wrap\" style=\"max-width:104%;margin-left: calc(-4% \/ 2 );margin-right: calc(-4% \/ 2 );\"><div class=\"fusion-layout-column fusion_builder_column fusion-builder-column-3 fusion_builder_column_1_1 1_1 fusion-flex-column max1200\" style=\"--awb-bg-size:cover;--awb-width-large:100%;--awb-margin-top-large:0px;--awb-spacing-right-large:1.92%;--awb-margin-bottom-large:20px;--awb-spacing-left-large:1.92%;--awb-width-medium:100%;--awb-order-medium:0;--awb-spacing-right-medium:1.92%;--awb-spacing-left-medium:1.92%;--awb-width-small:100%;--awb-order-small:0;--awb-spacing-right-small:1.92%;--awb-spacing-left-small:1.92%;\"><div class=\"fusion-column-wrapper fusion-column-has-shadow fusion-flex-justify-content-flex-start fusion-content-layout-column\"><div class=\"fusion-builder-row fusion-builder-row-inner fusion-row fusion-flex-align-items-flex-start fusion-flex-content-wrap\" style=\"--awb-flex-grow:0;--awb-flex-grow-medium:0;--awb-flex-grow-small:0;--awb-flex-shrink:0;--awb-flex-shrink-medium:0;--awb-flex-shrink-small:0;width:104% !important;max-width:104% !important;margin-left: calc(-4% \/ 2 );margin-right: calc(-4% \/ 2 );\"><div class=\"fusion-layout-column fusion_builder_column_inner fusion-builder-nested-column-2 fusion_builder_column_inner_3_4 3_4 fusion-flex-column rightBorder\" style=\"--awb-bg-size:cover;--awb-transform-origin:100% 50%;--awb-width-large:75%;--awb-margin-top-large:0px;--awb-spacing-right-large:0%;--awb-margin-bottom-large:20px;--awb-spacing-left-large:2.56%;--awb-width-medium:100%;--awb-order-medium:0;--awb-spacing-right-medium:1.92%;--awb-spacing-left-medium:1.92%;--awb-width-small:100%;--awb-order-small:0;--awb-spacing-right-small:1.92%;--awb-spacing-left-small:1.92%;\"><div class=\"fusion-column-wrapper fusion-column-has-shadow fusion-flex-justify-content-flex-start fusion-content-layout-column\"><div class=\"fusion-text fusion-text-3\"><h3 style=\"color: #56565b;\">Umrechnungstabellen<\/h3>\n<\/div><div class=\"fusion-text fusion-text-4\"><p><a class=\"linkOrange\" style=\"font-size: 18px; line-height: 10px;\" href=\"https:\/\/optimas.com\/de\/technical-resources\/hardness-conversion-table\/\" data-fusion-font=\"true\">H\u00e4rte<\/a><\/p>\n<p><a class=\"linkOrange\" style=\"font-size: 18px; line-height: 10px;\" href=\"https:\/\/optimas.com\/de\/technical-resources\/metric-thread-conversion-table\/\" data-fusion-font=\"true\">Metrisches, BSF-, BSW-, UNC- und UNF-Gewinde <\/a><\/p>\n<p><a class=\"linkOrange\" style=\"font-size: 18px; line-height: 10px;\" href=\"https:\/\/optimas.com\/de\/technical-resources\/units-to-si-units-conversion-table\/\" data-fusion-font=\"true\">Einheiten im Internationalen Einheitensystem (SI) <\/a><\/p>\n<p><a class=\"linkOrange\" style=\"font-size: 18px; line-height: 10px;\" href=\"https:\/\/optimas.com\/de\/technical-resources\/units-of-force-conversion-table\/\" data-fusion-font=\"true\">Krafteinheiten<\/a><\/p>\n<p><a class=\"linkOrange\" style=\"font-size: 18px; line-height: 10px;\" href=\"https:\/\/optimas.com\/de\/technical-resources\/units-of-mechnical-stress-conversion-table\/\" data-fusion-font=\"true\">Einheiten der mechanischen Spannung<\/a><\/p>\n<p><a class=\"linkOrange\" style=\"font-size: 18px; line-height: 10px;\" href=\"https:\/\/optimas.com\/de\/technical-resources\/units-of-power-heat-flow-conversion-table\/\" data-fusion-font=\"true\">Einheiten f\u00fcr Leistung und W\u00e4rmestrom<\/a><\/p>\n<p><a class=\"linkOrange\" style=\"font-size: 18px; line-height: 10px;\" href=\"https:\/\/optimas.com\/de\/technical-resources\/units-of-pressure-for-gasses-vapours-liquids-conversion-table\/\" data-fusion-font=\"true\">Druckeinheiten f\u00fcr Gase, D\u00e4mpfe und Fl\u00fcssigkeiten<\/a><\/p>\n<p><a class=\"linkOrange\" style=\"font-size: 18px; line-height: 10px;\" href=\"https:\/\/optimas.com\/de\/technical-resources\/units-of-work-energy-heat-conversion-table\/\" data-fusion-font=\"true\">Einheiten f\u00fcr Arbeit, Energie und W\u00e4rme<\/a><\/p>\n<\/div><div class=\"fusion-separator fusion-full-width-sep\" style=\"align-self: center;margin-left: auto;margin-right: auto;margin-top:10px;margin-bottom:10px;width:100%;\"><\/div><div class=\"fusion-text fusion-text-5\"><h3 style=\"color: #56565b;\">Bolzen, Schrauben und Bolzen aus Kohlenstoffstahl und Legierungen<\/h3>\n<\/div><div class=\"fusion-text fusion-text-6\"><p><a class=\"linkOrange\" style=\"font-size: 18px;\" href=\"https:\/\/optimas.com\/de\/technical-resources\/chemical-compositions-of-carbon-and-alloy-steel-bolts-screws-and-nuts\/\" data-fusion-font=\"true\">Werkstoffe, W\u00e4rmebehandlung und chemische Zusammensetzung von Verbindungselementen aus Stahl<\/a><\/p>\n<p><a class=\"linkOrange\" style=\"font-size: 18px;\" href=\"https:\/\/optimas.com\/de\/technical-resources\/mechanical-physical-properties-steel-fasteners\/\" data-fusion-font=\"true\">Mechanische und physikalische Eigenschaften von Verbindungselementen aus Stahl<\/a><\/p>\n<p><a class=\"linkOrange\" style=\"font-size: 18px;\" href=\"https:\/\/optimas.com\/de\/technical-resources\/iso-metric-thread-minimum-ultimate-tensile-loads\/\" data-fusion-font=\"true\">Minimale Zuglasten von metrischen ISO-Verbindungselementen<\/a><\/p>\n<p><a class=\"linkOrange\" style=\"font-size: 18px;\" href=\"https:\/\/optimas.com\/de\/technical-resources\/iso-metric-thread-proof-loads\/\" data-fusion-font=\"true\">Pr\u00fcfkr\u00e4fte von metrischen ISO-Verbindungselementen<\/a><\/p>\n<\/div><div class=\"fusion-separator fusion-full-width-sep\" style=\"align-self: center;margin-left: auto;margin-right: auto;margin-top:10px;margin-bottom:10px;width:100%;\"><\/div><div class=\"fusion-text fusion-text-7\"><h3 style=\"color: #56565b;\">Vorspannung und Anziehdrehmomente<\/h3>\n<\/div><div class=\"fusion-text fusion-text-8\"><p><a class=\"linkOrange\" style=\"font-size: 18px;\" href=\"https:\/\/optimas.com\/de\/technical-resources\/pre-load-and-tightening-torques-of-metric-thread-steel-fasteners\/\" data-fusion-font=\"true\">Verbindungselemente aus Stahl mit metrischem ISO-Gewinde<\/a><\/p>\n<p><a class=\"linkOrange\" style=\"font-size: 18px;\" href=\"https:\/\/optimas.com\/de\/technical-resources\/socket-screws-tightening-torques\/\" data-fusion-font=\"true\">Innensechskant-\/Gewindestifte<\/a><\/p>\n<p><a class=\"linkOrange\" style=\"font-size: 18px;\" href=\"https:\/\/optimas.com\/de\/technical-resources\/stainless-steel-fasteners-pre-load-and-tightening-torques\/\" data-fusion-font=\"true\">Verbindungselemente aus Edelstahl<\/a><\/p>\n<\/div><div class=\"fusion-separator fusion-full-width-sep\" style=\"align-self: center;margin-left: auto;margin-right: auto;margin-top:10px;margin-bottom:10px;width:100%;\"><\/div><div class=\"fusion-text fusion-text-9\"><h3 style=\"color: #56565b;\">Empfohlene Gewindebohrer- und Durchgangslochgr\u00f6\u00dfen<\/h3>\n<\/div><div class=\"fusion-text fusion-text-10\"><p><a class=\"linkOrange\" style=\"font-size: 18px;\" href=\"https:\/\/optimas.com\/de\/technical-resources\/tapping-sizes\/\" data-fusion-font=\"true\" data-wplink-edit=\"true\">Metrisches ISO-Gewinde<\/a><\/p>\n<p><a class=\"linkOrange\" style=\"font-size: 18px;\" href=\"https:\/\/optimas.com\/de\/technical-resources\/unified-threads-recommended-tapping-size-clearance-holes\/\" data-fusion-font=\"true\">Einheitliche Threads<\/a><\/p>\n<\/div><div class=\"fusion-separator fusion-full-width-sep\" style=\"align-self: center;margin-left: auto;margin-right: auto;margin-top:10px;margin-bottom:10px;width:100%;\"><\/div><div class=\"fusion-text fusion-text-11\"><h3 style=\"color: #56565b;\">Thread-Daten<\/h3>\n<\/div><div class=\"fusion-text fusion-text-12\"><p><a class=\"linkOrange\" style=\"font-size: 18px;\" href=\"https:\/\/optimas.com\/de\/technical-resources\/metric-thread-dimensions\/\" data-fusion-font=\"true\">Metrische ISO-Gewindema\u00dfe<\/a><\/p>\n<p><a class=\"linkOrange\" style=\"font-size: 18px;\" href=\"https:\/\/optimas.com\/de\/technical-resources\/iso-metric-screw-thread-tolerances\/\" data-fusion-font=\"true\">Metrische ISO-Schraubengewindetoleranzen<\/a><\/p>\n<p><a class=\"linkOrange\" style=\"font-size: 18px;\" href=\"https:\/\/optimas.com\/de\/technical-resources\/self-tapping-screws-thread-dimensions\/\" data-fusion-font=\"true\">Abmessungen f\u00fcr metrische ISO-Blechschrauben<\/a><\/p>\n<p><a class=\"linkOrange\" style=\"font-size: 18px;\" href=\"https:\/\/optimas.com\/de\/technical-resources\/unc-and-unf-thread\/\" data-fusion-font=\"true\">UNC-, UNF- und UNEF-Gewindema\u00dfe<\/a><\/p>\n<p><a class=\"linkOrange\" style=\"font-size: 18px;\" href=\"https:\/\/optimas.com\/de\/technical-resources\/bsw-bsf-thread-dimensions-chart\/\" data-fusion-font=\"true\">BSW- und BSF-Gewindema\u00dfe<\/a><\/p>\n<\/div><div class=\"fusion-separator fusion-full-width-sep\" style=\"align-self: center;margin-left: auto;margin-right: auto;margin-top:10px;margin-bottom:10px;width:100%;\"><\/div><div class=\"fusion-text fusion-text-13\"><p><a class=\"linkOrange\" style=\"font-size: 18px;\" href=\"https:\/\/optimas.com\/de\/technical-resources\/general-fastener-standards-comparison\/\" data-fusion-font=\"true\">Vergleich allgemeiner Befestigungsnormen<\/a><\/p>\n<p><a class=\"linkOrange\" style=\"font-size: 18px;\" href=\"\/de\/technical-resources\/global-standards-organisations\/\" data-fusion-font=\"true\">Globale Standardisierungsorganisationen<\/a><\/p>\n<\/div><\/div><\/div><div class=\"fusion-layout-column fusion_builder_column_inner fusion-builder-nested-column-3 fusion_builder_column_inner_1_4 1_4 fusion-flex-column\" style=\"--awb-bg-size:cover;--awb-width-large:25%;--awb-margin-top-large:0px;--awb-spacing-right-large:7.68%;--awb-margin-bottom-large:20px;--awb-spacing-left-large:7.68%;--awb-width-medium:100%;--awb-order-medium:0;--awb-spacing-right-medium:1.92%;--awb-spacing-left-medium:1.92%;--awb-width-small:100%;--awb-order-small:0;--awb-spacing-right-small:1.92%;--awb-spacing-left-small:1.92%;\"><div class=\"fusion-column-wrapper fusion-column-has-shadow fusion-flex-justify-content-flex-start fusion-content-layout-column\"><div class=\"fusion-text fusion-text-14\"><p><strong style=\"color: var(--awb-custom_color_1);\">\u00c4HNLICHE LINKS<\/strong><\/p>\n<\/div><div class=\"fusion-separator fusion-full-width-sep\" style=\"align-self: center;margin-left: auto;margin-right: auto;margin-top:10px;margin-bottom:10px;width:100%;\"><\/div><div class=\"fusion-text fusion-text-15\"><h2 style=\"font-size: 24px;\" data-fusion-font=\"true\">Technische Dienstleistungen<\/h2>\n<p><a class=\"linkOrange\" style=\"font-size: 18px;\" href=\"\/de\/supply-chain-solutions\/optimise-your-inventory\/engineering-services\/\" data-fusion-font=\"true\">&gt; MEHR ERFAHREN<\/a><\/p>\n<\/div><div class=\"fusion-separator fusion-full-width-sep\" style=\"align-self: center;margin-left: auto;margin-right: auto;margin-top:10px;margin-bottom:10px;width:100%;\"><\/div><div class=\"fusion-separator fusion-full-width-sep\" style=\"align-self: center;margin-left: auto;margin-right: auto;margin-top:10px;margin-bottom:10px;width:100%;\"><\/div><\/div><\/div><\/div><\/div><\/div><\/div><\/div><div class=\"fusion-fullwidth fullwidth-box fusion-builder-row-5 fusion-flex-container has-pattern-background has-mask-background nonhundred-percent-fullwidth non-hundred-percent-height-scrolling\" style=\"--awb-border-radius-top-left:0px;--awb-border-radius-top-right:0px;--awb-border-radius-bottom-right:0px;--awb-border-radius-bottom-left:0px;--awb-background-color:#80bc00;--awb-flex-wrap:wrap;\" ><div class=\"fusion-builder-row fusion-row fusion-flex-align-items-flex-start fusion-flex-content-wrap\" style=\"max-width:104%;margin-left: calc(-4% \/ 2 );margin-right: calc(-4% \/ 2 );\"><div class=\"fusion-layout-column fusion_builder_column fusion-builder-column-4 fusion_builder_column_1_1 1_1 fusion-flex-column max1200\" style=\"--awb-padding-top:35px;--awb-padding-bottom:35px;--awb-bg-size:cover;--awb-width-large:100%;--awb-margin-top-large:0px;--awb-spacing-right-large:1.92%;--awb-margin-bottom-large:0px;--awb-spacing-left-large:1.92%;--awb-width-medium:100%;--awb-order-medium:0;--awb-spacing-right-medium:1.92%;--awb-spacing-left-medium:1.92%;--awb-width-small:100%;--awb-order-small:0;--awb-spacing-right-small:1.92%;--awb-spacing-left-small:1.92%;\"><div class=\"fusion-column-wrapper fusion-column-has-shadow fusion-flex-justify-content-flex-start fusion-content-layout-column\"><div class=\"fusion-text fusion-text-16\"><p style=\"text-align: center; color: #fff; font-size: 32px;\"><strong><span style=\"font-size: 28px;\" data-fusion-font=\"true\">NEU GESTALTETES TEIL SPART 120.000 \u00a3 UND VERBESSERT DIE LIEFERZEITEN<\/span><br \/>\n<\/strong><\/p>\n<p style=\"text-align: center; color: #ffffff; font-size: 20px;\" data-fusion-font=\"true\">Durch die Neugestaltung eines Teils konnten Ausfallzeiten vermieden und Kosten gespart werden, ohne die Leistung zu beeintr\u00e4chtigen.<\/p>\n<\/div><div class=\"fusion-separator fusion-full-width-sep\" style=\"align-self: center;margin-left: auto;margin-right: auto;margin-top:10px;margin-bottom:10px;width:100%;\"><\/div><div class=\"fusion-text fusion-text-17\"><p style=\"text-align: center;\"><a class=\"linkSpeakExpert\" href=\"https:\/\/optimas.com\/de\/resources\/redesigned-part-saves-120000-and-improves-lead-times\/\" target=\"_blank\" rel=\"noopener\">FALLSTUDIE LESEN<\/a><\/p>\n<\/div><\/div><\/div><\/div><\/div><div class=\"fusion-fullwidth fullwidth-box fusion-builder-row-6 fusion-flex-container has-pattern-background has-mask-background nonhundred-percent-fullwidth non-hundred-percent-height-scrolling\" style=\"--awb-border-radius-top-left:0px;--awb-border-radius-top-right:0px;--awb-border-radius-bottom-right:0px;--awb-border-radius-bottom-left:0px;--awb-background-color:var(--awb-custom10);--awb-flex-wrap:wrap;\" ><div class=\"fusion-builder-row fusion-row fusion-flex-align-items-flex-start fusion-flex-content-wrap\" style=\"max-width:104%;margin-left: calc(-4% \/ 2 );margin-right: calc(-4% \/ 2 );\"><div class=\"fusion-layout-column fusion_builder_column fusion-builder-column-5 fusion_builder_column_1_1 1_1 fusion-flex-column max1200\" style=\"--awb-padding-top:35px;--awb-padding-bottom:35px;--awb-bg-size:cover;--awb-width-large:100%;--awb-margin-top-large:0px;--awb-spacing-right-large:1.92%;--awb-margin-bottom-large:0px;--awb-spacing-left-large:1.92%;--awb-width-medium:100%;--awb-order-medium:0;--awb-spacing-right-medium:1.92%;--awb-spacing-left-medium:1.92%;--awb-width-small:100%;--awb-order-small:0;--awb-spacing-right-small:1.92%;--awb-spacing-left-small:1.92%;\"><div class=\"fusion-column-wrapper fusion-column-has-shadow fusion-flex-justify-content-flex-start fusion-content-layout-column\"><div class=\"fusion-builder-row fusion-builder-row-inner fusion-row fusion-flex-align-items-flex-start fusion-flex-content-wrap\" style=\"--awb-flex-grow:0;--awb-flex-grow-medium:0;--awb-flex-grow-small:0;--awb-flex-shrink:0;--awb-flex-shrink-medium:0;--awb-flex-shrink-small:0;width:104% !important;max-width:104% !important;margin-left: calc(-4% \/ 2 );margin-right: calc(-4% \/ 2 );\"><div class=\"fusion-layout-column fusion_builder_column_inner fusion-builder-nested-column-4 fusion_builder_column_inner_2_3 2_3 fusion-flex-column\" style=\"--awb-bg-size:cover;--awb-width-large:66.6666666667%;--awb-margin-top-large:0px;--awb-spacing-right-large:2.88%;--awb-margin-bottom-large:0px;--awb-spacing-left-large:2.88%;--awb-width-medium:100%;--awb-order-medium:0;--awb-spacing-right-medium:1.92%;--awb-spacing-left-medium:1.92%;--awb-width-small:100%;--awb-order-small:0;--awb-spacing-right-small:1.92%;--awb-spacing-left-small:1.92%;\"><div class=\"fusion-column-wrapper fusion-column-has-shadow fusion-flex-justify-content-flex-start fusion-content-layout-column\"><div class=\"fusion-text fusion-text-18\"><p style=\"font-size: 30px; color: #fff;\">Wir helfen Ihnen, Ihre Effizienz zu steigern<\/p>\n<\/div><\/div><\/div><div class=\"fusion-layout-column fusion_builder_column_inner fusion-builder-nested-column-5 fusion_builder_column_inner_1_3 1_3 fusion-flex-column fusion-flex-align-self-center\" style=\"--awb-bg-size:cover;--awb-width-large:33.3333333333%;--awb-margin-top-large:0px;--awb-spacing-right-large:5.76%;--awb-margin-bottom-large:0px;--awb-spacing-left-large:5.76%;--awb-width-medium:100%;--awb-order-medium:0;--awb-spacing-right-medium:1.92%;--awb-spacing-left-medium:1.92%;--awb-width-small:100%;--awb-order-small:0;--awb-spacing-right-small:1.92%;--awb-spacing-left-small:1.92%;\"><div class=\"fusion-column-wrapper fusion-column-has-shadow fusion-flex-justify-content-center fusion-content-layout-column\"><div class=\"fusion-text fusion-text-19\"><p><a class=\"linkSpeakExpert\" style=\"margin-right: 10px;\" href=\"https:\/\/optimas.com\/de\/contact\/?area_of_inquiry=Request Quote \/ Place Order\">EIN ANGEBOT BEKOMMEN<\/a><\/p>\n<\/div><\/div><\/div><\/div><\/div><\/div><\/div><\/div><div class=\"fusion-fullwidth fullwidth-box fusion-builder-row-7 fusion-flex-container has-pattern-background has-mask-background nonhundred-percent-fullwidth non-hundred-percent-height-scrolling\" style=\"--awb-border-radius-top-left:0px;--awb-border-radius-top-right:0px;--awb-border-radius-bottom-right:0px;--awb-border-radius-bottom-left:0px;--awb-flex-wrap:wrap;\" ><div class=\"fusion-builder-row fusion-row fusion-flex-align-items-flex-start fusion-flex-content-wrap\" style=\"max-width:104%;margin-left: calc(-4% \/ 2 );margin-right: calc(-4% \/ 2 );\"><\/div><\/div><\/p>","protected":false},"excerpt":{"rendered":"","protected":false},"author":38,"featured_media":0,"parent":0,"menu_order":0,"comment_status":"closed","ping_status":"closed","template":"","meta":{"_acf_changed":false,"content-type":"","footnotes":""},"class_list":["post-11686","page","type-page","status-publish","hentry"],"acf":[],"_links":{"self":[{"href":"https:\/\/optimas.com\/de\/wp-json\/wp\/v2\/pages\/11686","targetHints":{"allow":["GET"]}}],"collection":[{"href":"https:\/\/optimas.com\/de\/wp-json\/wp\/v2\/pages"}],"about":[{"href":"https:\/\/optimas.com\/de\/wp-json\/wp\/v2\/types\/page"}],"author":[{"embeddable":true,"href":"https:\/\/optimas.com\/de\/wp-json\/wp\/v2\/users\/38"}],"replies":[{"embeddable":true,"href":"https:\/\/optimas.com\/de\/wp-json\/wp\/v2\/comments?post=11686"}],"version-history":[{"count":0,"href":"https:\/\/optimas.com\/de\/wp-json\/wp\/v2\/pages\/11686\/revisions"}],"wp:attachment":[{"href":"https:\/\/optimas.com\/de\/wp-json\/wp\/v2\/media?parent=11686"}],"curies":[{"name":"wp","href":"https:\/\/api.w.org\/{rel}","templated":true}]}}