{"id":2015,"date":"2019-12-05T20:11:26","date_gmt":"2019-12-05T20:11:26","guid":{"rendered":"https:\/\/optimas.com\/?page_id=2015"},"modified":"2026-04-13T11:29:29","modified_gmt":"2026-04-13T16:29:29","slug":"supplier-code-of-conduct","status":"publish","type":"page","link":"https:\/\/optimas.com\/de\/supplier-code-of-conduct\/","title":{"rendered":"Verhaltenskodex f\u00fcr Zulieferer"},"content":{"rendered":"<div class=\"fusion-fullwidth fullwidth-box fusion-builder-row-1 nonhundred-percent-fullwidth non-hundred-percent-height-scrolling\" style=\"--awb-border-radius-top-left:0px;--awb-border-radius-top-right:0px;--awb-border-radius-bottom-right:0px;--awb-border-radius-bottom-left:0px;--awb-padding-bottom:50px;--awb-flex-wrap:wrap;\" ><div class=\"fusion-builder-row fusion-row\"><div class=\"fusion-layout-column fusion_builder_column fusion-builder-column-0 fusion_builder_column_1_1 1_1 fusion-one-full fusion-column-first fusion-column-last max1200\" style=\"--awb-bg-size:cover;\"><div class=\"fusion-column-wrapper fusion-column-has-shadow fusion-flex-column-wrapper-legacy\"><div class=\"fusion-text fusion-text-1\"><h1 style=\"text-align: center;\">Verhaltenskodex f\u00fcr Zulieferer<\/h1>\n<p><strong>Gesch\u00e4ftsintegrit\u00e4t<\/strong><\/p>\n<p>Alle Formen von Bestechung, Korruption, Erpressung und Unterschlagung sind streng verboten. Der Lieferant darf Optimas oder andere Personen nicht durch Missbrauch privilegierter oder gesch\u00fctzter Informationen, falsche Darstellung wesentlicher Tatsachen oder andere unlautere oder unehrliche Praktiken ausnutzen.<\/p>\n<p><strong><br \/>\nInteressenskonflikte<\/strong><\/p>\n<p>Der Lieferant darf Mitarbeiter von Optimas oder deren Familienmitglieder nicht anwerben oder engagieren, um als leitende Angestellte, Direktoren, Mitarbeiter, Vertreter oder Berater f\u00fcr den Lieferanten zu fungieren, es sei denn mit Zustimmung des General Counsel von Optimas.<\/p>\n<p><strong><br \/>\nFairer Wettbewerb<\/strong><\/p>\n<p>Der Lieferant hat alle f\u00fcr seine Gesch\u00e4ftst\u00e4tigkeit geltenden Kartell- und Wettbewerbsgesetze einzuhalten.<\/p>\n<p><em>Allgemeine Erkl\u00e4rung der Menschenrechte<\/em><\/p>\n<p>Der Lieferant muss seinen Mitarbeitern ein faires, sicheres und diskriminierungsfreies Arbeitsumfeld im Einklang mit der Allgemeinen Erkl\u00e4rung der Menschenrechte im Rahmen des Global Compact der Vereinten Nationen bieten.<\/p>\n<p><em>Einhaltung von Gesetzen<\/em><\/p>\n<p>Der Lieferant muss alle anwendbaren nationalen, staatlichen und lokalen Gesetze und Vorschriften vollst\u00e4ndig einhalten, einschlie\u00dflich, aber nicht beschr\u00e4nkt auf diejenigen, die sich auf Arbeit, Einwanderung, Gesundheit und Sicherheit sowie die Umwelt beziehen.<\/p>\n<p><em>Freiwillige Arbeit und Arbeitsrechte<\/em><\/p>\n<p>Alle Arbeitsleistungen des Lieferanten m\u00fcssen freiwillig sein. Kinderarbeit oder Zwangsarbeit, sei es in Form von Gef\u00e4ngnisarbeit, Zwangsarbeit, Schuldknechtschaft oder anderweitig, darf nicht eingesetzt werden. Der Lieferant erkennt das Recht der Mitarbeiter auf Tarifverhandlungen und Vereinigungsfreiheit an.<\/p>\n<p><em>Nichtdiskriminierung<\/em><\/p>\n<p>Der Lieferant darf nicht aufgrund von Geschlecht, Rasse, Hautfarbe, Religion, Alter, Behinderung, sexueller Orientierung, Geschlechtsidentit\u00e4t, Nationalit\u00e4t, genetischen Informationen, politischer Meinung oder sozialer oder ethnischer Herkunft diskriminieren.<\/p>\n<p><em>Bel\u00e4stigung und Missbrauch<\/em><\/p>\n<p>Jeder Mitarbeiter ist mit Respekt und W\u00fcrde zu behandeln, und kein Mitarbeiter darf k\u00f6rperlicher, sexueller oder psychischer Bel\u00e4stigung oder Misshandlung ausgesetzt werden.<\/p>\n<p><em>Gesundheit und Sicherheit<\/em><\/p>\n<p>Der Lieferant muss ein sicheres und gesundes Arbeitsumfeld bereitstellen, um Unf\u00e4lle und Verletzungen in \u00dcbereinstimmung mit nationalen, staatlichen und lokalen Gesetzen zu vermeiden. Es m\u00fcssen proaktive Ma\u00dfnahmen ergriffen werden, um Gefahren am Arbeitsplatz zu vermeiden.<\/p>\n<p><em>Umwelt<\/em><\/p>\n<p>Der Lieferant muss alle anwendbaren nationalen, staatlichen und lokalen Umweltgesetze und -vorschriften einhalten. Der Lieferant ist bestrebt, die Verantwortung f\u00fcr die Umwelt zu f\u00f6rdern.<\/p>\n<p><strong><br \/>\nEthik-Hotline<\/strong><\/p>\n<p>Wir ermutigen dazu, jegliche Verst\u00f6\u00dfe gegen diesen Kodex an die Optimas AlertLine zu melden. Meldungen k\u00f6nnen online anonym eingereicht werden <a href=\"https:\/\/app.convercent.com\/en-us\/LandingPage\/07fff61e-834f-e711-80dd-000d3ab1117e\" target=\"_blank\" rel=\"noopener nofollow\">hier.<\/a><\/p>\n<p><em>Einhaltung dieser Richtlinie<\/em><\/p>\n<p>Lieferanten m\u00fcssen angemessene Schritte unternehmen, um sicherzustellen, dass dieser Verhaltenskodex f\u00fcr Lieferanten in ihrer gesamten Organisation und Lieferkette kommuniziert wird. Wenn der Lieferant von einer Nichteinhaltung dieses Verhaltenskodex f\u00fcr Lieferanten erf\u00e4hrt, muss er dies Optimas unverz\u00fcglich melden. Die Nichteinhaltung dieses Verhaltenskodex durch einen Lieferanten kann je nach Schwere des Versto\u00dfes und den besonderen Umst\u00e4nden ein Grund f\u00fcr Optimas sein, die Beziehung mit dem Lieferanten zu beenden.<\/p>\n<\/div><div class=\"fusion-clearfix\"><\/div><\/div><\/div><\/div><\/div>","protected":false},"excerpt":{"rendered":"","protected":false},"author":1,"featured_media":0,"parent":0,"menu_order":0,"comment_status":"closed","ping_status":"closed","template":"","meta":{"_acf_changed":false,"content-type":"","footnotes":""},"class_list":["post-2015","page","type-page","status-publish","hentry"],"acf":[],"_links":{"self":[{"href":"https:\/\/optimas.com\/de\/wp-json\/wp\/v2\/pages\/2015","targetHints":{"allow":["GET"]}}],"collection":[{"href":"https:\/\/optimas.com\/de\/wp-json\/wp\/v2\/pages"}],"about":[{"href":"https:\/\/optimas.com\/de\/wp-json\/wp\/v2\/types\/page"}],"author":[{"embeddable":true,"href":"https:\/\/optimas.com\/de\/wp-json\/wp\/v2\/users\/1"}],"replies":[{"embeddable":true,"href":"https:\/\/optimas.com\/de\/wp-json\/wp\/v2\/comments?post=2015"}],"version-history":[{"count":0,"href":"https:\/\/optimas.com\/de\/wp-json\/wp\/v2\/pages\/2015\/revisions"}],"wp:attachment":[{"href":"https:\/\/optimas.com\/de\/wp-json\/wp\/v2\/media?parent=2015"}],"curies":[{"name":"wp","href":"https:\/\/api.w.org\/{rel}","templated":true}]}}