{"id":3,"date":"2019-10-11T20:57:42","date_gmt":"2019-10-11T20:57:42","guid":{"rendered":"https:\/\/optimas.com\/?page_id=3"},"modified":"2026-04-13T11:27:22","modified_gmt":"2026-04-13T16:27:22","slug":"privacy-policy","status":"publish","type":"page","link":"https:\/\/optimas.com\/de\/privacy-policy\/","title":{"rendered":"Datenschutz-Bestimmungen"},"content":{"rendered":"<div class=\"fusion-fullwidth fullwidth-box fusion-builder-row-1 nonhundred-percent-fullwidth non-hundred-percent-height-scrolling\" style=\"--awb-border-radius-top-left:0px;--awb-border-radius-top-right:0px;--awb-border-radius-bottom-right:0px;--awb-border-radius-bottom-left:0px;--awb-padding-bottom:50px;--awb-flex-wrap:wrap;\" ><div class=\"fusion-builder-row fusion-row\"><div class=\"fusion-layout-column fusion_builder_column fusion-builder-column-0 fusion_builder_column_1_1 1_1 fusion-one-full fusion-column-first fusion-column-last max1200\" style=\"--awb-bg-size:cover;--awb-margin-bottom:0px;\"><div class=\"fusion-column-wrapper fusion-column-has-shadow fusion-flex-column-wrapper-legacy\"><div class=\"fusion-text fusion-text-1\"><p style=\"text-align: left;\"><strong>Datenschutzerkl\u00e4rung<\/strong><\/p>\n<p>Optimas OE Solutions und seine verbundenen Unternehmen (Optimas) haben seit langem erkannt, dass nat\u00fcrliche und gegebenenfalls juristische Personen, mit denen wir Gesch\u00e4fte t\u00e4tigen, ihre personenbezogenen Daten sch\u00e4tzen. Moderne Informations- und Kommunikationstechnologien spielen eine grundlegende Rolle in den Aktivit\u00e4ten von Optimas. Es ist das Ziel von Optimas, die Vorteile des E-Commerce mit dem Recht nat\u00fcrlicher und gegebenenfalls juristischer Personen in Einklang zu bringen, den Missbrauch ihrer pers\u00f6nlichen Daten zu verhindern.<\/p>\n<p>Die Informationen, die Sie uns zur Verf\u00fcgung stellen oder die wir \u00fcber Sie erheben, werden stets ausschlie\u00dflich zu den nachfolgend aufgef\u00fchrten Zwecken zur Unterst\u00fctzung Ihrer Kundenbeziehung mit Optimas verwendet. Es wird nicht an externe Organisationen zur Verwendung f\u00fcr Marketing und Werbung weitergegeben oder verkauft.<\/p>\n<\/div><div class=\"fusion-sep-clear\"><\/div><div class=\"fusion-separator\" style=\"margin-left: auto;margin-right: auto;margin-top:15px;margin-bottom:30px;width:100%;max-width:300px;\"><div class=\"fusion-separator-border sep-single sep-solid\" style=\"--awb-height:20px;--awb-amount:20px;border-color:#e0dede;border-top-width:1px;\"><\/div><\/div><div class=\"fusion-sep-clear\"><\/div><div class=\"fusion-text fusion-text-2 in-cont\" style=\"--awb-text-transform:none;\"><p><strong>Erhebung, Verarbeitung, \u00dcbermittlung und Nutzung personenbezogener Daten<\/strong><\/p>\n<p>Unter bestimmten Umst\u00e4nden kann Optimas personenbezogene Daten von Ihnen anfordern, wie Ihren Namen, Ihre E-Mail-Adresse, Ihren Firmennamen, Ihre Gesch\u00e4ftsadresse, Dom\u00e4nennamen, Telefon- oder Faxnummern, Kaufhistorie und Bestellinformationen (zusammen die \u201epersonenbezogenen Daten\u201c). Ihre Beantwortung von Anfragen von Optimas ist absolut freiwillig. Optimas sammelt auch Informationen \u00fcber Sie in Bezug auf die Nutzung dieser Website. Diese Informationen werden automatisch gesammelt und erfordern kein Zutun Ihrerseits und umfassen Informationen dar\u00fcber, ob Sie unsere Website besuchen, wie oft Sie sie besuchen und welche Teile der Website Sie am h\u00e4ufigsten besuchen.<\/p>\n<p>Optimas verwendet Ihre personenbezogenen Daten zur Verbesserung seiner webbasierten Angebote sowie f\u00fcr andere Gesch\u00e4ftszwecke, z. B. um Sie auf Produkte und Dienstleistungen aufmerksam zu machen, die Sie bei Ihrem Gesch\u00e4ft unterst\u00fctzen k\u00f6nnen, um die Registrierung auf unseren Websites zu f\u00f6rdern und um Sie bei der Auftragsabwicklung und danach zu unterst\u00fctzen -Verkaufsdienstleistungen, per E-Mail, Post, Fax oder telefonisch bei Ihnen. Wir k\u00f6nnen Ihre personenbezogenen Daten verwenden, um Ihnen weitere Informationen \u00fcber Produkte oder Dienstleistungen von Optimas zuzusenden, zus\u00e4tzlich zu spezifischen Informationen, die Sie anfordern oder die wir Ihnen zusenden m\u00fcssen. Wir k\u00f6nnen diese Informationen per E-Mail, Post, Fax oder telefonisch an Sie senden.<\/p>\n<p>Im Allgemeinen k\u00f6nnen Sie unsere Website(s) besuchen, ohne Angaben zu Ihrer Person zu machen. Es gibt jedoch Bereiche dieser Website, die diese Informationen ben\u00f6tigen, um Anpassungsfunktionen auszuf\u00fchren, und die m\u00f6glicherweise nicht f\u00fcr diejenigen verf\u00fcgbar sind, die sich daf\u00fcr entscheiden, die angeforderten Informationen nicht offenzulegen.<\/p>\n<p><strong>Speicherort Ihrer personenbezogenen Daten<\/strong><\/p>\n<p>Da Optimas international t\u00e4tig ist, m\u00fcssen wir Ihre personenbezogenen Daten m\u00f6glicherweise Unternehmen und\/oder Niederlassungen innerhalb unserer Gruppe zur Verf\u00fcgung stellen, die sich m\u00f6glicherweise au\u00dferhalb Ihrer Gerichtsbarkeit und\/oder des Europ\u00e4ischen Wirtschaftsraums befinden, insbesondere in L\u00e4ndern, die nicht das gleiche Schutzniveau bieten von personenbezogenen Daten wie in Ihrer Gerichtsbarkeit und\/oder dem Europ\u00e4ischen Wirtschaftsraum, wiederum f\u00fcr die hier oben beschriebenen Zwecke.<\/p>\n<p>Insbesondere wird Optimas diese Aufzeichnungen ganz oder teilweise an den Hauptsitz seiner Gruppe in den Vereinigten Staaten \u00fcbermitteln. In jedem Fall wird Optimas sich nach besten Kr\u00e4ften bem\u00fchen sicherzustellen, dass Daten, die au\u00dferhalb Ihrer Gerichtsbarkeit und\/oder des Europ\u00e4ischen Wirtschaftsraums \u00fcbermittelt werden, denselben Sicherheits- und Vertraulichkeitsregelungen unterliegen, denen sie unterliegen w\u00fcrden, wenn sie sich in Ihrer Gerichtsbarkeit befinden w\u00fcrden und \/oder der Europ\u00e4ische Wirtschaftsraum. Wenn Sie der \u00dcbertragung Ihrer personenbezogenen Daten widersprechen, lesen Sie bitte den Abschnitt unten, Ihre Rechte und Ihre Zustimmung.<\/p>\n<p><strong>Weitergabe an Dritte<\/strong><\/p>\n<p>Optimas kann aggregierte Statistiken \u00fcber Besucher, Kunden und Verk\u00e4ufe seiner Website(s) offenlegen, um seine Dienstleistungen f\u00fcr potenzielle Partner, Werbetreibende und andere seri\u00f6se Dritte und f\u00fcr andere rechtm\u00e4\u00dfige Zwecke zu beschreiben, aber diese Statistiken enthalten keine personenbezogenen oder identifizierbaren Informationen. Optimas kann personenbezogene Daten offenlegen, wenn dies gesetzlich vorgeschrieben ist oder wenn es der Ansicht ist, dass eine solche Ma\u00dfnahme erforderlich ist, um die Rechte, das Eigentum oder die pers\u00f6nliche Sicherheit von Optimas oder seinen Mitarbeitern, seinen Standorten oder Besuchern davon zu sch\u00fctzen und zu verteidigen.<\/p>\n<p><strong>Verwendung von Cookies<\/strong><\/p>\n<p>Ein Cookie ist eine kleine Informationseinheit, die von einem Website-Server gesendet und von Ihrem Browser auf Ihrer Festplatte gespeichert wird. Die meisten Webbrowser akzeptieren Cookies automatisch, aber Sie k\u00f6nnen Ihren Browser \u00e4ndern, um dies zu verhindern.<\/p>\n<p>Wir verwenden Cookies und andere Technologien, um Besucher der Website(s) zu verfolgen und dabei zu helfen, die Qualit\u00e4t des Betriebs einer Website zu verbessern. Cookies, die von dieser Website verwendet werden, enthalten keine personenbezogenen Daten. Wir k\u00f6nnen einen Kunden nicht identifizieren, es sei denn, diese Informationen werden freiwillig bereitgestellt.<\/p>\n<p>HINWEIS: Wenn Sie Ihren Computer so konfigurieren, dass Cookies blockiert werden, k\u00f6nnen Sie m\u00f6glicherweise nicht auf bestimmte Website-Funktionen zugreifen.<\/p>\n<a role='button' tabindex='0' class=\"medium cli-plugin-button cli-plugin-main-button cli_settings_button\">Cookie settings<\/a>\n<p><strong>Sicherheit<\/strong><\/p>\n<p>Bei Optimas dreht sich unsere Gesch\u00e4ftsphilosophie um Kunden und darum, ihr Vertrauen zu gewinnen. Wir legen gr\u00f6\u00dften Wert auf den Schutz von Informationen, die \u00fcber die Website(s) \u00fcbermittelt werden, und treffen Sicherheitsvorkehrungen, um alle diese Informationen zu sch\u00fctzen. Unsere sichere Serversoftware (Secure Socket Layer) ist der Industriestandard und geh\u00f6rt zu den besten heute verf\u00fcgbaren L\u00f6sungen f\u00fcr sichere Handelstransaktionen. Ihre gesamte Sitzung verwendet von VeriSign bereitgestellte Zertifikate, um alle pers\u00f6nlichen Informationen (einschlie\u00dflich Name und Adresse, Name des Kreditkarteninhabers, Nummer\/Ablaufdatum) zu verschl\u00fcsseln, sodass sie nicht von Dritten gelesen werden k\u00f6nnen, wenn die Informationen \u00fcber das Internet \u00fcbertragen werden.<\/p>\n<p><strong>Links zu anderen Websites<\/strong><\/p>\n<p>Diese Website enth\u00e4lt Links zu Websites, die nicht von Optimas betrieben werden. Optimas ist nicht verantwortlich f\u00fcr die Datenschutzrichtlinien oder den Inhalt solcher Seiten.<\/p>\n<p><strong>Ihre Rechte und Ihre Einwilligung<\/strong><\/p>\n<p>You may at any time review or ask for the rectification of your personal data held by Optimas as well as opt out, at no charge, from any further use of the same personal data, such as for direct marketing purposes, or transfer of same, by contacting us at Optimas OE Solutions, 1441 N. Wood Dale Road, Wood Dale, IL 60191, US or via e-mail at info@optimas.com.<\/p>\n<p>By using Optimas&#8217; web site(s), and providing your personal data to Optimas and\/or generating personal data through such web site(s), you consent to the processing and transfer outside your jurisdiction and\/or the European Economic Area of your personal data as set out in this data protection statement. Optimas reserves the right to change, modify or update this statement at any time. In such event, a notice will be posted for one month on the web site. If you do not accept the change, modification or update, you may object to any further use of your personal data by contacting us at Optimas OE Solutions, 1441 N. Wood Dale Road, Wood Dale, IL 60191, US or via e-mail at info@optimas.com.<\/p>\n<p>Wenn Sie Fragen zu dieser Datenschutzerkl\u00e4rung, den Datenverarbeitungspraktiken von Optimas oder Ihrem Umgang mit einer der Websites von Optimas haben, k\u00f6nnen Sie uns unter info@optimas.com kontaktieren.<\/p>\n<p><strong>Opt-out- und Opt-in-Rechte zum Verkauf personenbezogener Daten<\/strong><br \/>\nWenn Sie 16 Jahre oder \u00e4lter sind, haben Sie jederzeit das Recht, uns anzuweisen, Ihre personenbezogenen Daten nicht zu verkaufen (das \u201eOpt-out-Recht\u201c). Wir verkaufen keine personenbezogenen Daten von Verbrauchern, von denen wir tats\u00e4chlich wissen, dass sie j\u00fcnger als 16 Jahre sind, es sei denn, wir erhalten eine ausdr\u00fcckliche Genehmigung (das \u201eOpt-in-Recht\u201c) von einem Verbraucher, der mindestens 13, aber noch nicht 16 Jahre alt ist Alter oder die Eltern oder Erziehungsberechtigten eines Verbrauchers unter 13 Jahren. Verbraucher, die sich f\u00fcr den Verkauf personenbezogener Daten entscheiden, k\u00f6nnen sich jederzeit von zuk\u00fcnftigen Verk\u00e4ufen abmelden.<\/p>\n<p>Um das Recht auf Opt-out auszu\u00fcben, k\u00f6nnen Sie (oder Ihr bevollm\u00e4chtigter Vertreter) eine Anfrage an uns senden, indem Sie den folgenden Internet-Webseiten-Link besuchen:<\/p>\n<p style=\"text-align: center;\"><strong><a href=\"https:\/\/forms.office.com\/Pages\/ResponsePage.aspx?id=sclHHjElfkq4FdwjlTtur8CDGt_hEYdEoOJlTmKZQjhUM05HTUZWUkZRQjdWOE1MRkpTWEUyNk5VQy4u\" target=\"_blank\" rel=\"noopener noreferrer nofollow\">Verkaufen Sie meine pers\u00f6nlichen Daten nicht<\/a><\/strong><\/p>\n<p>Sobald Sie eine Opt-out-Anfrage stellen, warten wir mindestens zw\u00f6lf (12) Monate, bevor wir Sie auffordern, den Verkauf personenbezogener Daten erneut zu autorisieren. Sie k\u00f6nnen jedoch jederzeit Ihre Meinung \u00e4ndern und dem Verkauf personenbezogener Daten wieder zustimmen, indem Sie:<\/p>\n<p style=\"text-align: center;\"><strong><a href=\"https:\/\/optimas.com\/de\/contact\/\">Uns kontaktieren<\/a><\/strong><\/p>\n<p>Sie m\u00fcssen kein Konto bei uns erstellen, um Ihre Opt-out-Rechte auszu\u00fcben. Wir verwenden personenbezogene Daten, die in einer Opt-out-Anfrage angegeben werden, nur, um die Anfrage zu \u00fcberpr\u00fcfen und zu erf\u00fcllen.<\/p>\n<\/div><div class=\"fusion-clearfix\"><\/div><\/div><\/div><\/div><\/div>","protected":false},"excerpt":{"rendered":"","protected":false},"author":1,"featured_media":0,"parent":0,"menu_order":0,"comment_status":"closed","ping_status":"closed","template":"","meta":{"_acf_changed":false,"content-type":"","footnotes":""},"class_list":["post-3","page","type-page","status-publish","hentry"],"acf":[],"_links":{"self":[{"href":"https:\/\/optimas.com\/de\/wp-json\/wp\/v2\/pages\/3","targetHints":{"allow":["GET"]}}],"collection":[{"href":"https:\/\/optimas.com\/de\/wp-json\/wp\/v2\/pages"}],"about":[{"href":"https:\/\/optimas.com\/de\/wp-json\/wp\/v2\/types\/page"}],"author":[{"embeddable":true,"href":"https:\/\/optimas.com\/de\/wp-json\/wp\/v2\/users\/1"}],"replies":[{"embeddable":true,"href":"https:\/\/optimas.com\/de\/wp-json\/wp\/v2\/comments?post=3"}],"version-history":[{"count":0,"href":"https:\/\/optimas.com\/de\/wp-json\/wp\/v2\/pages\/3\/revisions"}],"wp:attachment":[{"href":"https:\/\/optimas.com\/de\/wp-json\/wp\/v2\/media?parent=3"}],"curies":[{"name":"wp","href":"https:\/\/api.w.org\/{rel}","templated":true}]}}