{"id":5356,"date":"2022-07-25T15:40:12","date_gmt":"2022-07-25T20:40:12","guid":{"rendered":"https:\/\/optimas.com\/?page_id=5356"},"modified":"2022-09-16T15:26:50","modified_gmt":"2022-09-16T20:26:50","slug":"diversity-equity-and-inclusion","status":"publish","type":"page","link":"https:\/\/optimas.com\/de\/diversity-equity-and-inclusion\/","title":{"rendered":"Vielfalt, Gerechtigkeit und Inklusion (DEI)"},"content":{"rendered":"<p><div class=\"fusion-fullwidth fullwidth-box fusion-builder-row-1 nonhundred-percent-fullwidth non-hundred-percent-height-scrolling centerMobile\" style=\"--awb-border-radius-top-left:0px;--awb-border-radius-top-right:0px;--awb-border-radius-bottom-right:0px;--awb-border-radius-bottom-left:0px;--awb-flex-wrap:wrap;\" ><div class=\"fusion-builder-row fusion-row\"><div class=\"fusion-layout-column fusion_builder_column fusion-builder-column-0 fusion_builder_column_1_1 1_1 fusion-one-full fusion-column-first fusion-column-last max1200\" style=\"--awb-bg-size:cover;\"><div class=\"fusion-column-wrapper fusion-column-has-shadow fusion-flex-column-wrapper-legacy\"><div class=\"fusion-column-content-centered\"><div class=\"fusion-column-content\"><div class=\"fusion-builder-row fusion-builder-row-inner fusion-row\"><div class=\"fusion-layout-column fusion_builder_column_inner fusion-builder-nested-column-0 fusion_builder_column_inner_2_5 2_5 fusion-two-fifth fusion-column-first\" style=\"--awb-bg-size:cover;width:40%;width:calc(40% - ( ( 4% ) * 0.4 ) );margin-right: 4%;\"><div class=\"fusion-column-wrapper fusion-column-has-shadow fusion-flex-column-wrapper-legacy\"><div class=\"fusion-image-element in-legacy-container\" style=\"--awb-margin-top:200px;--awb-max-width:300px;--awb-caption-title-font-family:var(--h2_typography-font-family);--awb-caption-title-font-weight:var(--h2_typography-font-weight);--awb-caption-title-font-style:var(--h2_typography-font-style);--awb-caption-title-size:var(--h2_typography-font-size);--awb-caption-title-transform:var(--h2_typography-text-transform);--awb-caption-title-line-height:var(--h2_typography-line-height);--awb-caption-title-letter-spacing:var(--h2_typography-letter-spacing);\"><span class=\"fusion-imageframe imageframe-none imageframe-1 hover-type-none\"><img decoding=\"async\" width=\"500\" height=\"736\" alt=\"Fingerabdruck\" title=\"DEI-Fingerabdruck-SM\" src=\"https:\/\/optimas.com\/wp-content\/uploads\/2022\/07\/DEI-Fingerprint-SM.png\" class=\"img-responsive wp-image-5376\" srcset=\"https:\/\/optimas.com\/wp-content\/uploads\/2022\/07\/DEI-Fingerprint-SM-200x294.png 200w, https:\/\/optimas.com\/wp-content\/uploads\/2022\/07\/DEI-Fingerprint-SM-400x589.png 400w, https:\/\/optimas.com\/wp-content\/uploads\/2022\/07\/DEI-Fingerprint-SM.png 500w\" sizes=\"(max-width: 800px) 100vw, 500px\" \/><\/span><\/div><div class=\"fusion-clearfix\"><\/div><\/div><\/div><div class=\"fusion-layout-column fusion_builder_column_inner fusion-builder-nested-column-1 fusion_builder_column_inner_3_5 3_5 fusion-three-fifth fusion-column-last\" style=\"--awb-bg-size:cover;width:60%;width:calc(60% - ( ( 4% ) * 0.6 ) );\"><div class=\"fusion-column-wrapper fusion-column-has-shadow fusion-flex-column-wrapper-legacy\"><div class=\"fusion-text fusion-text-1\"><h1 class=\"firstSectionAbout\">Vielfalt, Gerechtigkeit und Inklusion (DEI)<\/h1>\n<p style=\"font-size: 30px!important; line-height: 40px!important;\">Optimas ist bestrebt, eine Unternehmenskultur zu f\u00f6rdern, die Vielfalt, Gerechtigkeit und Inklusion in den Vordergrund unserer Mission und Werte stellt. Wir glauben, dass ein gesundes Arbeitsumfeld, das die Gemeinschaft f\u00f6rdert, uns helfen wird, unsere Ziele zu erreichen, au\u00dfergew\u00f6hnliche Qualit\u00e4t und Service in der globalen Lieferkette und Fertigung zu bieten. Unsere THREAD-Werte Teamarbeit, Ehrlichkeit, Respekt, Exzellenz, Verantwortlichkeit und Tatkraft werden nur dann lebendig, wenn wir unsere vielf\u00e4ltigen Mitarbeiter begr\u00fc\u00dfen und Inklusion zu einer Priorit\u00e4t machen.<\/p>\n<p style=\"font-size: 30px!important; line-height: 40px!important;\">Optimas ist stolz auf seine vielf\u00e4ltigen Mitarbeiter auf der ganzen Welt. Wir sind bestrebt, die Perspektiven und Erfahrungen aller unserer Mitarbeiter anzuerkennen, was es uns erm\u00f6glicht, das umfassende Wissen und die Erfahrung unseres Teams zu nutzen.<\/p>\n<\/div><div class=\"fusion-clearfix\"><\/div><\/div><\/div><\/div><\/div><\/div><div class=\"fusion-clearfix\"><\/div><\/div><\/div><\/div><\/div><div class=\"fusion-fullwidth fullwidth-box fusion-builder-row-2 nonhundred-percent-fullwidth non-hundred-percent-height-scrolling\" style=\"--awb-border-radius-top-left:0px;--awb-border-radius-top-right:0px;--awb-border-radius-bottom-right:0px;--awb-border-radius-bottom-left:0px;--awb-background-color:#00aee0;--awb-flex-wrap:wrap;\" ><div class=\"fusion-builder-row fusion-row\"><div class=\"fusion-layout-column fusion_builder_column fusion-builder-column-1 fusion_builder_column_1_1 1_1 fusion-one-full fusion-column-first fusion-column-last max1200\" style=\"--awb-padding-top:35px;--awb-padding-right:10px;--awb-padding-bottom:35px;--awb-padding-left:10px;--awb-bg-size:cover;--awb-margin-bottom:0px;\"><div class=\"fusion-column-wrapper fusion-column-has-shadow fusion-flex-column-wrapper-legacy\"><div class=\"fusion-text fusion-text-2\"><h1><span style=\"color: #ffffff;\">Werte f\u00fcr Vielfalt, Gerechtigkeit und Inklusion<\/span><\/h1>\n<ul>\n<li><span style=\"color: #ffffff;\">Wir ermutigen alle Mitarbeiter, ihre Perspektiven und Erfahrungen bewusst zu teilen, um die Mission von Optimas zu f\u00f6rdern und voranzubringen.<\/span><\/li>\n<li><span style=\"color: #ffffff;\">Wir verpflichten uns, ein Umfeld zu gestalten, in dem sich alle Mitarbeiter in ihrer authentischen Identit\u00e4t bei der Arbeit sicher und geborgen f\u00fchlen k\u00f6nnen.<\/span><\/li>\n<li><span style=\"color: #ffffff;\">Wir erwarten, dass faire Behandlung und W\u00fcrde im Mittelpunkt aller Arbeitsbeziehungen stehen.<\/span><\/li>\n<li><span style=\"color: #ffffff;\">Wir verpflichten uns, unseren Mitarbeitern aktiv zuzuh\u00f6ren, um zu lernen, wie sie sich gemeinsam verbessern und als Unternehmen wachsen k\u00f6nnen.<\/span><\/li>\n<li><span style=\"color: #ffffff;\">Wir widmen uns der Fortsetzung der bewussten Kultur von Optimas von Gerechtigkeit, Vielfalt und Inklusivit\u00e4t.<\/span><\/li>\n<\/ul>\n<\/div><div class=\"fusion-clearfix\"><\/div><\/div><\/div><\/div><\/div><div class=\"fusion-fullwidth fullwidth-box fusion-builder-row-3 nonhundred-percent-fullwidth non-hundred-percent-height-scrolling\" style=\"--awb-border-radius-top-left:0px;--awb-border-radius-top-right:0px;--awb-border-radius-bottom-right:0px;--awb-border-radius-bottom-left:0px;--awb-padding-top:60px;--awb-padding-bottom:0px;--awb-flex-wrap:wrap;\" ><div class=\"fusion-builder-row fusion-row\"><div class=\"fusion-layout-column fusion_builder_column fusion-builder-column-2 fusion_builder_column_1_1 1_1 fusion-one-full fusion-column-first fusion-column-last max1200\" style=\"--awb-bg-size:cover;\"><div class=\"fusion-column-wrapper fusion-column-has-shadow fusion-flex-column-wrapper-legacy\"><div class=\"fusion-builder-row fusion-builder-row-inner fusion-row\"><div class=\"fusion-layout-column fusion_builder_column_inner fusion-builder-nested-column-2 fusion_builder_column_inner_1_1 1_1 fusion-one-full fusion-column-first fusion-column-last\" style=\"--awb-bg-size:cover;\"><div class=\"fusion-column-wrapper fusion-column-has-shadow fusion-flex-column-wrapper-legacy\"><div class=\"fusion-text fusion-text-3\"><h1>Initiativen f\u00fcr Vielfalt, Gerechtigkeit und Inklusion<\/h1>\n<h3><strong>Marketing Die gerechte Werbekultur von Optimas<\/strong><\/h3>\n<p>Optimas ist stolz auf seine bedarfsorientierte F\u00f6rderkultur. Unser Ziel ist es, kluge, kalkulierte Gesch\u00e4ftsentscheidungen zu treffen, von denen das Unternehmen als Ganzes profitiert.<\/p>\n<h3><strong>Multikulturelle Veranstaltungen<\/strong><\/h3>\n<p>Optimas f\u00f6rdert die Feier aller kulturellen Veranstaltungen auf nationaler und internationaler Ebene.<\/p>\n<h3><strong>E-Mail-Signatur, Hinzuf\u00fcgen von Pronomen<\/strong><\/h3>\n<p>Um das Engagement von Optimas f\u00fcr Inklusivit\u00e4t zu zeigen, laden wir alle unsere Mitarbeiter ein, ihre bevorzugten Pronomen in ihre Firmen-E-Mail-Signaturen aufzunehmen.<\/p>\n<h3><strong>Food-Feste<\/strong><\/h3>\n<p>Optimas sponsert Food Fests, die sich darauf konzentrieren, verschiedene kulturelle Lebensmittel und Traditionen ins Rampenlicht zu r\u00fccken. Wir tun dies, um unsere vielf\u00e4ltigen Mitarbeiter anzuerkennen und zu unterst\u00fctzen.<\/p>\n<h3><strong>Bildungsinitiativen<\/strong><\/h3>\n<p>Optimas bietet allen Mitarbeitern DEI-bezogene Schulungen an, um ihr Wissen zu erweitern und das Verst\u00e4ndnis zwischen Kollegen zu f\u00f6rdern. Dazu geh\u00f6rt auch das aktive Zuh\u00f6ren.<\/p>\n<\/div><div class=\"fusion-sep-clear\"><\/div><div class=\"fusion-separator fusion-full-width-sep\" style=\"margin-left: auto;margin-right: auto;margin-top:15px;margin-bottom:35px;width:100%;\"><\/div><div class=\"fusion-sep-clear\"><\/div><div class=\"fusion-text fusion-text-4\"><h1>Diversit\u00e4ts-, Gerechtigkeits- und Inklusionsrichtlinie<\/h1>\n<h3><strong>Daten und Berichterstattung<\/strong><\/h3>\n<p>Optimas verfolgt interne Mitarbeiterstatistiken nach Geschlecht und ethnischer Zugeh\u00f6rigkeit und ver\u00f6ffentlicht die demografischen Daten in allen monatlichen Gesch\u00e4ftsberichten und viertelj\u00e4hrlichen Vorstandssitzungen. Wir bitten unsere Mitarbeiter, ihre ethnische Zugeh\u00f6rigkeit selbst anzugeben, damit wir \u00fcber die genauesten Daten verf\u00fcgen. Dies erfolgt \u00fcber den Employee Self Service in UltiPro.<\/p>\n<h3><strong>Einstellung und Rekrutierung<\/strong><\/h3>\n<p>Optimas verpflichtet sich, f\u00fcr alle verf\u00fcgbaren Positionen eine Reihe verschiedener Kandidaten zu haben. Wir schulen unser internes Rekrutierungsteam, um den besten Kandidaten zu finden, unabh\u00e4ngig von Rasse, ethnischer Zugeh\u00f6rigkeit, Geschlecht, Orientierung, Pr\u00e4sentation, Religion, k\u00f6rperlicher\/geistiger Behinderung oder Alter. Wir entwickeln unsere Stellenbeschreibungen mit neutraler Sprache, um sicherzustellen, dass wir alle Arten von Kandidaten anziehen. Unser Ziel ist es, den qualifiziertesten Kandidaten f\u00fcr die Stelle einzustellen.<\/p>\n<h3><strong>Gemeinschaft und Kultur<\/strong><\/h3>\n<p>Optimas ermutigt alle Mitarbeiter, Teil etablierter Employee Resource Groups (ERGs) zu sein. Wir m\u00f6chten, dass alle Mitarbeiter eine Stimme und einen sicheren Raum in unserem Unternehmen haben. Wir sponsern und feiern jeden Monat globale kulturelle Veranstaltungen vor Ort, um die kulturelle Kompetenz von Optimas als Unternehmen weiter zu verbessern. Optimas unterst\u00fctzt die Bem\u00fchungen unserer Mitarbeiter an der Basis, an gemeinn\u00fctzigen und von gemeinn\u00fctzigen Organisationen gesponserten Veranstaltungen teilzunehmen.<\/p>\n<h3><strong>Ausbildung<\/strong><\/h3>\n<p>Optimas bietet allen Mitarbeitern DEI-zentrierte Schulungen, um Bewusstsein und Inklusion zu f\u00f6rdern, was weiterhin ein positives und produktives Arbeitsumfeld f\u00f6rdert. In unserem Onboarding-Prozess f\u00fcr alle neuen Mitarbeiter nutzen wir das Optimas Institute, um alle \u00fcber unsere DEI-Initiative aufzukl\u00e4ren.<\/p>\n<\/div><div class=\"fusion-clearfix\"><\/div><\/div><\/div><\/div><div class=\"fusion-clearfix\"><\/div><\/div><\/div><\/div><\/div><div class=\"fusion-fullwidth fullwidth-box fusion-builder-row-4 nonhundred-percent-fullwidth non-hundred-percent-height-scrolling\" style=\"--awb-border-radius-top-left:0px;--awb-border-radius-top-right:0px;--awb-border-radius-bottom-right:0px;--awb-border-radius-bottom-left:0px;--awb-padding-top:50px;--awb-padding-bottom:30px;--awb-background-color:#54565a;--awb-flex-wrap:wrap;\" ><div class=\"fusion-builder-row fusion-row\"><div class=\"fusion-layout-column fusion_builder_column fusion-builder-column-3 fusion_builder_column_1_1 1_1 fusion-one-full fusion-column-first fusion-column-last max1200\" style=\"--awb-bg-size:cover;\"><div class=\"fusion-column-wrapper fusion-column-has-shadow fusion-flex-column-wrapper-legacy\"><div class=\"fusion-builder-row fusion-builder-row-inner fusion-row\"><div class=\"fusion-layout-column fusion_builder_column_inner fusion-builder-nested-column-3 fusion_builder_column_inner_1_3 1_3 fusion-one-third fusion-column-first\" style=\"--awb-bg-size:cover;width:33.3333333333%;width:calc(33.3333333333% - ( ( 4% ) * 0.333333333333 ) );margin-right: 4%;\"><div class=\"fusion-column-wrapper fusion-column-has-shadow fusion-flex-column-wrapper-legacy\"><div class=\"fusion-text fusion-text-5\"><h1 style=\"color: #fff; margin: 0;\">Beginnen Sie noch heute<\/h1>\n<\/div><div class=\"fusion-clearfix\"><\/div><\/div><\/div><div class=\"fusion-layout-column fusion_builder_column_inner fusion-builder-nested-column-4 fusion_builder_column_inner_2_3 2_3 fusion-two-third fusion-column-last\" style=\"--awb-bg-size:cover;width:66.6666666667%;width:calc(66.6666666667% - ( ( 4% ) * 0.666666666667 ) );\"><div class=\"fusion-column-wrapper fusion-column-has-shadow fusion-flex-column-wrapper-legacy\"><div class=\"fusion-text fusion-text-6\"><h3><span style=\"color: #ffffff;\">Erfahren Sie mehr \u00fcber unser Unternehmen<\/span><\/h3>\n<p><a class=\"linkSpeakExpert\" href=\"https:\/\/optimas.com\/wp-content\/uploads\/2021\/03\/company_overview.pdf\">LADEN SIE DIE UNTERNEHMENS\u00dcBERSICHT HERUNTER<\/a><\/p>\n<\/div><div class=\"fusion-clearfix\"><\/div><\/div><\/div><\/div><div class=\"fusion-clearfix\"><\/div><\/div><\/div><\/div><\/div><\/p>","protected":false},"excerpt":{"rendered":"","protected":false},"author":3,"featured_media":2832,"parent":0,"menu_order":0,"comment_status":"closed","ping_status":"closed","template":"","meta":{"_acf_changed":false,"content-type":"","footnotes":""},"class_list":["post-5356","page","type-page","status-publish","has-post-thumbnail","hentry"],"acf":[],"_links":{"self":[{"href":"https:\/\/optimas.com\/de\/wp-json\/wp\/v2\/pages\/5356","targetHints":{"allow":["GET"]}}],"collection":[{"href":"https:\/\/optimas.com\/de\/wp-json\/wp\/v2\/pages"}],"about":[{"href":"https:\/\/optimas.com\/de\/wp-json\/wp\/v2\/types\/page"}],"author":[{"embeddable":true,"href":"https:\/\/optimas.com\/de\/wp-json\/wp\/v2\/users\/3"}],"replies":[{"embeddable":true,"href":"https:\/\/optimas.com\/de\/wp-json\/wp\/v2\/comments?post=5356"}],"version-history":[{"count":0,"href":"https:\/\/optimas.com\/de\/wp-json\/wp\/v2\/pages\/5356\/revisions"}],"wp:featuredmedia":[{"embeddable":true,"href":"https:\/\/optimas.com\/de\/wp-json\/wp\/v2\/media\/2832"}],"wp:attachment":[{"href":"https:\/\/optimas.com\/de\/wp-json\/wp\/v2\/media?parent=5356"}],"curies":[{"name":"wp","href":"https:\/\/api.w.org\/{rel}","templated":true}]}}