{"id":583,"date":"2019-10-22T13:55:05","date_gmt":"2019-10-22T13:55:05","guid":{"rendered":"https:\/\/optimas.com\/?page_id=583"},"modified":"2023-04-24T09:08:36","modified_gmt":"2023-04-24T14:08:36","slug":"engineering-services","status":"publish","type":"page","link":"https:\/\/optimas.com\/de\/services\/inventory-management-2\/engineering-services\/","title":{"rendered":"Technische Dienstleistungen"},"content":{"rendered":"<p><div class=\"fusion-fullwidth fullwidth-box fusion-builder-row-1 nonhundred-percent-fullwidth non-hundred-percent-height-scrolling firstSection centerMobile\" style=\"--awb-border-radius-top-left:0px;--awb-border-radius-top-right:0px;--awb-border-radius-bottom-right:0px;--awb-border-radius-bottom-left:0px;--awb-flex-wrap:wrap;\" ><div class=\"fusion-builder-row fusion-row\"><div class=\"fusion-layout-column fusion_builder_column fusion-builder-column-0 fusion_builder_column_1_1 1_1 fusion-one-full fusion-column-first fusion-column-last max1200\" style=\"--awb-bg-size:cover;\"><div class=\"fusion-column-wrapper fusion-column-has-shadow fusion-flex-column-wrapper-legacy\"><div class=\"fusion-builder-row fusion-builder-row-inner fusion-row\"><div class=\"fusion-layout-column fusion_builder_column_inner fusion-builder-nested-column-0 fusion_builder_column_inner_2_5 2_5 fusion-two-fifth fusion-column-first\" style=\"--awb-bg-size:cover;width:40%;width:calc(40% - ( ( 4% ) * 0.4 ) );margin-right: 4%;\"><div class=\"fusion-column-wrapper fusion-column-has-shadow fusion-flex-column-wrapper-legacy\"><div class=\"fusion-image-element fusion-image-align-center in-legacy-container\" style=\"text-align:center;--awb-caption-title-font-family:var(--h2_typography-font-family);--awb-caption-title-font-weight:var(--h2_typography-font-weight);--awb-caption-title-font-style:var(--h2_typography-font-style);--awb-caption-title-size:var(--h2_typography-font-size);--awb-caption-title-transform:var(--h2_typography-text-transform);--awb-caption-title-line-height:var(--h2_typography-line-height);--awb-caption-title-letter-spacing:var(--h2_typography-letter-spacing);\"><div class=\"imageframe-align-center\"><span class=\"fusion-imageframe imageframe-none imageframe-1 hover-type-none\"><img decoding=\"async\" width=\"573\" height=\"436\" alt=\"Technische Dienstleistungen\" src=\"https:\/\/optimas.com\/wp-content\/uploads\/2019\/10\/engineering.jpg\" class=\"img-responsive wp-image-593\" srcset=\"https:\/\/optimas.com\/wp-content\/uploads\/2019\/10\/engineering-200x152.jpg 200w, https:\/\/optimas.com\/wp-content\/uploads\/2019\/10\/engineering-400x304.jpg 400w, https:\/\/optimas.com\/wp-content\/uploads\/2019\/10\/engineering.jpg 573w\" sizes=\"(max-width: 800px) 100vw, 573px\" \/><\/span><\/div><\/div><div class=\"fusion-clearfix\"><\/div><\/div><\/div><div class=\"fusion-layout-column fusion_builder_column_inner fusion-builder-nested-column-1 fusion_builder_column_inner_3_5 3_5 fusion-three-fifth fusion-column-last\" style=\"--awb-bg-size:cover;width:60%;width:calc(60% - ( ( 4% ) * 0.6 ) );\"><div class=\"fusion-column-wrapper fusion-column-has-shadow fusion-flex-column-wrapper-legacy\"><div class=\"fusion-text fusion-text-1\"><h1 style=\"color: #54565a!important;\">TECHNISCHE DIENSTLEISTUNGEN<\/h1>\n<p>Unsere erfahrenen Anwendungs- und Qualit\u00e4tsingenieure finden proaktiv Wege, um Geld zu sparen, die Produktleistung zu verbessern und Risiken zu mindern. Lesen Sie weiter, um mehr \u00fcber unsere Maschinenbaudienstleistungen zu erfahren, oder kontaktieren Sie noch heute einen unserer Experten.<\/p>\n<\/div><div class=\"fusion-sep-clear\"><\/div><div class=\"fusion-separator fusion-full-width-sep\" style=\"margin-left: auto;margin-right: auto;margin-top:40px;width:100%;\"><\/div><div class=\"fusion-sep-clear\"><\/div><div class=\"fusion-text fusion-text-2\"><p><a class=\"linkOrangeButton\" href=\"https:\/\/optimas.com\/de\/contact\/\">SPRECHEN SIE MIT EINEM EXPERTEN<\/a><\/p>\n<\/div><div class=\"fusion-clearfix\"><\/div><\/div><\/div><\/div><div class=\"fusion-clearfix\"><\/div><\/div><\/div><\/div><\/div><div class=\"fusion-fullwidth fullwidth-box fusion-builder-row-2 nonhundred-percent-fullwidth non-hundred-percent-height-scrolling\" style=\"--awb-border-radius-top-left:0px;--awb-border-radius-top-right:0px;--awb-border-radius-bottom-right:0px;--awb-border-radius-bottom-left:0px;--awb-background-color:#ee7623;--awb-flex-wrap:wrap;\" ><div class=\"fusion-builder-row fusion-row\"><div class=\"fusion-layout-column fusion_builder_column fusion-builder-column-1 fusion_builder_column_1_1 1_1 fusion-one-full fusion-column-first fusion-column-last max1200\" style=\"--awb-padding-top:40px;--awb-padding-right:10px;--awb-padding-bottom:40px;--awb-padding-left:10px;--awb-bg-size:cover;--awb-margin-bottom:0px;\"><div class=\"fusion-column-wrapper fusion-column-has-shadow fusion-flex-column-wrapper-legacy\"><div class=\"fusion-text fusion-text-3\"><h2 style=\"color: #ffffff; text-align: center;\">Globale Engineering-Expertise<\/h2>\n<\/div><div class=\"fusion-text fusion-text-4\"><p style=\"text-align: center; color: #ffffff;\">Das engagierte Team von Optimas aus Designern und Ingenieuren auf der ganzen Welt kann auf Projektbasis oder vor Ort mit Ihrer Konstruktionsabteilung zusammenarbeiten. Diese enge Beziehung erm\u00f6glicht es uns, eine aktive Rolle von der Produktentwicklung bis zur Montagelinie zu spielen \u2013 dort, wo Qualit\u00e4t und Produktivit\u00e4t am wichtigsten sind. Wir konzentrieren uns auf Kosteneinsparungen bei gleichbleibender oder verbesserter Qualit\u00e4t durch unsere Maschinenbaudienstleistungen. Ausgestattet mit jahrelanger Erfahrung in der effektiven Bestandsverwaltung \u00fcbernehmen wir die Verwaltung Ihrer Teile \u2013 unabh\u00e4ngig davon, ob die Teile von Optimas bezogen, kundenorientiert oder im Besitz des Kunden sind.<\/p>\n<\/div><div class=\"fusion-clearfix\"><\/div><\/div><\/div><\/div><\/div><div class=\"fusion-fullwidth fullwidth-box fusion-builder-row-3 nonhundred-percent-fullwidth non-hundred-percent-height-scrolling\" style=\"--awb-border-radius-top-left:0px;--awb-border-radius-top-right:0px;--awb-border-radius-bottom-right:0px;--awb-border-radius-bottom-left:0px;--awb-padding-top:40px;--awb-padding-bottom:40px;--awb-flex-wrap:wrap;\" ><div class=\"fusion-builder-row fusion-row\"><div class=\"fusion-layout-column fusion_builder_column fusion-builder-column-2 fusion_builder_column_1_1 1_1 fusion-one-full fusion-column-first fusion-column-last max1200\" style=\"--awb-bg-size:cover;\"><div class=\"fusion-column-wrapper fusion-column-has-shadow fusion-flex-column-wrapper-legacy\"><div class=\"fusion-builder-row fusion-builder-row-inner fusion-row\"><div class=\"fusion-layout-column fusion_builder_column_inner fusion-builder-nested-column-2 fusion_builder_column_inner_2_3 2_3 fusion-two-third fusion-column-first\" style=\"--awb-bg-size:cover;width:66.6666666667%;width:calc(66.6666666667% - ( ( 4% ) * 0.666666666667 ) );margin-right: 4%;\"><div class=\"fusion-column-wrapper fusion-column-has-shadow fusion-flex-column-wrapper-legacy\"><div class=\"fusion-text fusion-text-5\"><h2>Designunterst\u00fctzung<\/h2>\n<\/div><div class=\"fusion-text fusion-text-6\"><ul>Egal, ob Sie ein neues Produkt entwerfen oder ein bestehendes verbessern, unsere Experten f\u00fcr Verbindungstechnik und Kaltschmieden finden die richtige L\u00f6sung, die Kosten spart, ohne die Qualit\u00e4t zu beeintr\u00e4chtigen. Unsere Konstruktionsleistungen im Bereich Maschinenbau umfassen:<\/p>\n<li>Produktentwicklung, Analyse und Leistungstests (z. B. Drehmoment\/Spannung)<\/li>\n<li>Rapid Design Prototyping und Sampling mit 3D-Druck<\/li>\n<li>\u00dcberarbeitung bestehender Verbindungselemente<\/li>\n<li>Wertanalyse und Value Engineering<\/li>\n<li>Die richtige Passform f\u00fcr jede Anwendung finden<\/li>\n<\/ul>\n<\/div><div class=\"fusion-sep-clear\"><\/div><div class=\"fusion-separator fusion-full-width-sep\" style=\"margin-left: auto;margin-right: auto;margin-top:10px;margin-bottom:10px;width:100%;\"><\/div><div class=\"fusion-sep-clear\"><\/div><div class=\"fusion-text fusion-text-7\"><p><a class=\"linkLearnMore\" href=\"https:\/\/optimas.com\/de\/resources\/redesigned-part-saves-120000-and-improves-lead-times\/\" target=\"_blank\" rel=\"noopener noreferrer\">&gt; FALLSTUDIE: Gespeichertes $120K mit neu gestaltetem Teil<\/a><\/p>\n<\/div><div class=\"fusion-sep-clear\"><\/div><div class=\"fusion-separator fusion-full-width-sep\" style=\"margin-left: auto;margin-right: auto;margin-top:40px;margin-bottom:40px;width:100%;\"><div class=\"fusion-separator-border sep-single sep-solid\" style=\"--awb-height:20px;--awb-amount:20px;--awb-sep-color:#54565a;border-color:#54565a;border-top-width:1px;\"><\/div><\/div><div class=\"fusion-sep-clear\"><\/div><div class=\"fusion-clearfix\"><\/div><\/div><\/div><div class=\"fusion-layout-column fusion_builder_column_inner fusion-builder-nested-column-3 fusion_builder_column_inner_1_3 1_3 fusion-one-third fusion-column-last centerMobile\" style=\"--awb-bg-size:cover;width:33.3333333333%;width:calc(33.3333333333% - ( ( 4% ) * 0.333333333333 ) );\"><div class=\"fusion-column-wrapper fusion-column-has-shadow fusion-flex-column-wrapper-legacy\"><div class=\"fusion-image-element in-legacy-container\" style=\"--awb-caption-title-font-family:var(--h2_typography-font-family);--awb-caption-title-font-weight:var(--h2_typography-font-weight);--awb-caption-title-font-style:var(--h2_typography-font-style);--awb-caption-title-size:var(--h2_typography-font-size);--awb-caption-title-transform:var(--h2_typography-text-transform);--awb-caption-title-line-height:var(--h2_typography-line-height);--awb-caption-title-letter-spacing:var(--h2_typography-letter-spacing);\"><span class=\"fusion-imageframe imageframe-none imageframe-2 hover-type-none\"><img decoding=\"async\" width=\"161\" height=\"149\" alt=\"Blauer Mann mit orangefarbenem Helm und Laptop\" src=\"https:\/\/optimas.com\/wp-content\/uploads\/2019\/11\/ico1.jpg\" class=\"img-responsive wp-image-1558\"\/><\/span><\/div><div class=\"fusion-text fusion-text-8\"><h3 style=\"font-size: 25px!important;\">Die Ingenieure von Optimas verf\u00fcgen \u00fcber durchschnittlich 20 Jahre Erfahrung in der Spezialisierung auf die Konstruktion von Verbindungselementen<\/h3>\n<\/div><div class=\"fusion-clearfix\"><\/div><\/div><\/div><div class=\"fusion-layout-column fusion_builder_column_inner fusion-builder-nested-column-4 fusion_builder_column_inner_2_3 2_3 fusion-two-third fusion-column-first\" style=\"--awb-bg-size:cover;width:66.6666666667%;width:calc(66.6666666667% - ( ( 4% ) * 0.666666666667 ) );margin-right: 4%;\"><div class=\"fusion-column-wrapper fusion-column-has-shadow fusion-flex-column-wrapper-legacy\"><div class=\"fusion-text fusion-text-9\"><h2>Bestandsoptimierung<\/h2>\n<\/div><div class=\"fusion-text fusion-text-10\"><p>Optimieren Sie Ihre St\u00fcckliste und beschleunigen Sie die Markteinf\u00fchrung mit diesen fachm\u00e4nnischen Konstruktionsservices f\u00fcr den Maschinenbau:<\/p>\n<p><strong style=\"color: #00a0df; margin: 20px 0 10px 0; width: 100%; float: left;\">PART RATIONALISIERUNG UND STANDARDISIERUNG<\/strong><br \/>\nDurch eine Analyse des Teilesortiments werden wir Wege aufdecken, Ihre SKUs zu konsolidieren und zu standardisieren, um Kosten und Komplexit\u00e4t zu reduzieren.<\/p>\n<p><strong style=\"color: #00a0df; margin: 20px 0 10px 0; width: 100%; float: left;\">PRODUKT-TEARDOWNS<\/strong><br \/>\nWir zerlegen Ihr Produkt in seine Bestandteile und finden dann Wege, das Produkt f\u00fcr Design-, Kosten- und Qualit\u00e4tsverbesserungen neu zu konstruieren.<\/p>\n<\/div><div class=\"fusion-sep-clear\"><\/div><div class=\"fusion-separator fusion-full-width-sep\" style=\"margin-left: auto;margin-right: auto;margin-top:10px;margin-bottom:10px;width:100%;\"><\/div><div class=\"fusion-sep-clear\"><\/div><div class=\"fusion-text fusion-text-11\"><p><a class=\"linkLearnMore\" href=\"https:\/\/optimas.com\/de\/resources\/achieving-commercial-strength-through-part-standardization\/\" target=\"_blank\" rel=\"noopener noreferrer\">&gt; FALLSTUDIE: 79% Teilereduzierung erreicht<\/a><\/p>\n<\/div><div class=\"fusion-sep-clear\"><\/div><div class=\"fusion-separator fusion-full-width-sep\" style=\"margin-left: auto;margin-right: auto;margin-top:40px;margin-bottom:40px;width:100%;\"><div class=\"fusion-separator-border sep-single sep-solid\" style=\"--awb-height:20px;--awb-amount:20px;--awb-sep-color:#54565a;border-color:#54565a;border-top-width:1px;\"><\/div><\/div><div class=\"fusion-sep-clear\"><\/div><div class=\"fusion-clearfix\"><\/div><\/div><\/div><div class=\"fusion-layout-column fusion_builder_column_inner fusion-builder-nested-column-5 fusion_builder_column_inner_1_3 1_3 fusion-one-third fusion-column-last centerMobile\" style=\"--awb-bg-size:cover;width:33.3333333333%;width:calc(33.3333333333% - ( ( 4% ) * 0.333333333333 ) );\"><div class=\"fusion-column-wrapper fusion-column-has-shadow fusion-flex-column-wrapper-legacy\"><div class=\"fusion-image-element in-legacy-container\" style=\"--awb-caption-title-font-family:var(--h2_typography-font-family);--awb-caption-title-font-weight:var(--h2_typography-font-weight);--awb-caption-title-font-style:var(--h2_typography-font-style);--awb-caption-title-size:var(--h2_typography-font-size);--awb-caption-title-transform:var(--h2_typography-text-transform);--awb-caption-title-line-height:var(--h2_typography-line-height);--awb-caption-title-letter-spacing:var(--h2_typography-letter-spacing);\"><span class=\"fusion-imageframe imageframe-none imageframe-3 hover-type-none\"><img decoding=\"async\" width=\"161\" height=\"149\" alt=\"Blue dollar sign with orange arrows going around it in a circle\" src=\"https:\/\/optimas.com\/wp-content\/uploads\/2019\/11\/dollar.jpg\" class=\"img-responsive wp-image-1611\"\/><\/span><\/div><div class=\"fusion-text fusion-text-12\"><h3 style=\"font-size: 25px!important;\">Erzielen Sie Kosteneinsparungen, ohne die technische Qualit\u00e4t des Endprodukts zu beeintr\u00e4chtigen<\/h3>\n<\/div><div class=\"fusion-clearfix\"><\/div><\/div><\/div><div class=\"fusion-layout-column fusion_builder_column_inner fusion-builder-nested-column-6 fusion_builder_column_inner_2_3 2_3 fusion-two-third fusion-column-first\" style=\"--awb-bg-size:cover;width:66.6666666667%;width:calc(66.6666666667% - ( ( 4% ) * 0.666666666667 ) );margin-right: 4%;\"><div class=\"fusion-column-wrapper fusion-column-has-shadow fusion-flex-column-wrapper-legacy\"><div class=\"fusion-text fusion-text-13\"><h2>Betriebseffizienz<\/h2>\n<\/div><div class=\"fusion-text fusion-text-14\"><p>Als Distributor und Hersteller sind wir in Ihre Haut gesteckt und k\u00f6nnen schnell erkennen, welche industriellen Fertigungsl\u00f6sungen Ihre Effizienz steigern. Unsere Experten f\u00fcr Fertigungsprozessmanagement gehen mit Ihnen \u201eauf die Linie\u201c, um Ihre Betriebsabl\u00e4ufe auf gesteigerte Produktivit\u00e4t und Arbeitseinsparungen zu bewerten, wie z. B.:<\/p>\n<ul>\n<li>Ergonomische Teile, Werkzeuge und Baugruppen<\/li>\n<li>Kitting und Untermontage<\/li>\n<li>Schlanke 5S-Programme<\/li>\n<\/ul>\n<\/div><div class=\"fusion-sep-clear\"><\/div><div class=\"fusion-separator fusion-full-width-sep\" style=\"margin-left: auto;margin-right: auto;margin-top:10px;margin-bottom:10px;width:100%;\"><\/div><div class=\"fusion-sep-clear\"><\/div><div class=\"fusion-text fusion-text-15\"><p><a class=\"linkLearnMore\" href=\"https:\/\/optimas.com\/de\/resources\/part-consolidation-between-brands-delivers-long-term-economic-impact\/\" target=\"_blank\" rel=\"noopener noreferrer\">&gt; FALLSTUDIE: Einsparung von $5.9M an Lebenszeitkosten<\/a><\/p>\n<\/div><div class=\"fusion-sep-clear\"><\/div><div class=\"fusion-separator fusion-full-width-sep\" style=\"margin-left: auto;margin-right: auto;margin-top:40px;margin-bottom:40px;width:100%;\"><div class=\"fusion-separator-border sep-single sep-solid\" style=\"--awb-height:20px;--awb-amount:20px;--awb-sep-color:#54565a;border-color:#54565a;border-top-width:1px;\"><\/div><\/div><div class=\"fusion-sep-clear\"><\/div><div class=\"fusion-clearfix\"><\/div><\/div><\/div><div class=\"fusion-layout-column fusion_builder_column_inner fusion-builder-nested-column-7 fusion_builder_column_inner_1_3 1_3 fusion-one-third fusion-column-last centerMobile\" style=\"--awb-bg-size:cover;width:33.3333333333%;width:calc(33.3333333333% - ( ( 4% ) * 0.333333333333 ) );\"><div class=\"fusion-column-wrapper fusion-column-has-shadow fusion-flex-column-wrapper-legacy\"><div class=\"fusion-image-element in-legacy-container\" style=\"--awb-caption-title-font-family:var(--h2_typography-font-family);--awb-caption-title-font-weight:var(--h2_typography-font-weight);--awb-caption-title-font-style:var(--h2_typography-font-style);--awb-caption-title-size:var(--h2_typography-font-size);--awb-caption-title-transform:var(--h2_typography-text-transform);--awb-caption-title-line-height:var(--h2_typography-line-height);--awb-caption-title-letter-spacing:var(--h2_typography-letter-spacing);\"><span class=\"fusion-imageframe imageframe-none imageframe-4 hover-type-none\"><img decoding=\"async\" width=\"161\" height=\"149\" alt=\"Orange bolt and blue factory\" src=\"https:\/\/optimas.com\/wp-content\/uploads\/2019\/11\/factory.jpg\" class=\"img-responsive wp-image-1612\"\/><\/span><\/div><div class=\"fusion-text fusion-text-16\"><h3 style=\"font-size: 25px!important;\">Marktf\u00fchrende Verbindungs- und Fertigungskompetenz seit \u00fcber 100 Jahren<\/h3>\n<\/div><div class=\"fusion-clearfix\"><\/div><\/div><\/div><div class=\"fusion-layout-column fusion_builder_column_inner fusion-builder-nested-column-8 fusion_builder_column_inner_2_3 2_3 fusion-two-third fusion-column-first\" style=\"--awb-bg-size:cover;width:66.6666666667%;width:calc(66.6666666667% - ( ( 4% ) * 0.666666666667 ) );margin-right: 4%;\"><div class=\"fusion-column-wrapper fusion-column-has-shadow fusion-flex-column-wrapper-legacy\"><div class=\"fusion-text fusion-text-17\"><h2>Qualit\u00e4tsplanung und -pr\u00fcfung<\/h2>\n<\/div><div class=\"fusion-text fusion-text-18\"><p>Unser engagiertes Team von Qualit\u00e4tsingenieuren kann Ihnen helfen, ein breites Spektrum an kunden-, branchen- und beh\u00f6rdlichen Anforderungen f\u00fcr verbesserte Produktintegrit\u00e4t, gesteigerte Effizienz und bessere Gesamtleistung zu erf\u00fcllen. Zu den Dienstleistungen geh\u00f6ren:<\/p>\n<ul>\n<li>Inspektion, Messung und vollst\u00e4ndige Materialpr\u00fcfung<\/li>\n<li>Advanced Product Quality Planning (APQP), Root Cause Analysis und Failure Mode &amp; Effects Analysis (FMEA) mit Korrekturma\u00dfnahmen<\/li>\n<li>Globales PPAP-Kompetenzzentrum f\u00fcr die Verarbeitung schneller und genauer Teilegenehmigungen<\/li>\n<li>Lean Six Sigma f\u00fcr kontinuierliche Verbesserungen<\/li>\n<\/ul>\n<\/div><div class=\"fusion-sep-clear\"><\/div><div class=\"fusion-separator fusion-full-width-sep\" style=\"margin-left: auto;margin-right: auto;margin-top:10px;margin-bottom:10px;width:100%;\"><\/div><div class=\"fusion-sep-clear\"><\/div><div class=\"fusion-text fusion-text-19\"><p><a class=\"linkLearnMore\" href=\"https:\/\/optimas.com\/de\/resources\/advanced-product-quality-planning-improves-caterpillar-product-reliability\/\" target=\"_blank\" rel=\"noopener noreferrer\">&gt; FALLSTUDIE: Verbesserte Teilequalit\u00e4t durch 95%<\/a><\/p>\n<\/div><div class=\"fusion-clearfix\"><\/div><\/div><\/div><div class=\"fusion-layout-column fusion_builder_column_inner fusion-builder-nested-column-9 fusion_builder_column_inner_1_3 1_3 fusion-one-third fusion-column-last centerMobile\" style=\"--awb-bg-size:cover;width:33.3333333333%;width:calc(33.3333333333% - ( ( 4% ) * 0.333333333333 ) );\"><div class=\"fusion-column-wrapper fusion-column-has-shadow fusion-flex-column-wrapper-legacy\"><div class=\"fusion-image-element in-legacy-container\" style=\"--awb-caption-title-font-family:var(--h2_typography-font-family);--awb-caption-title-font-weight:var(--h2_typography-font-weight);--awb-caption-title-font-style:var(--h2_typography-font-style);--awb-caption-title-size:var(--h2_typography-font-size);--awb-caption-title-transform:var(--h2_typography-text-transform);--awb-caption-title-line-height:var(--h2_typography-line-height);--awb-caption-title-letter-spacing:var(--h2_typography-letter-spacing);\"><span class=\"fusion-imageframe imageframe-none imageframe-5 hover-type-none\"><img decoding=\"async\" width=\"161\" height=\"149\" alt=\"Two blue and one orange star\" src=\"https:\/\/optimas.com\/wp-content\/uploads\/2019\/11\/stars.jpg\" class=\"img-responsive wp-image-1613\"\/><\/span><\/div><div class=\"fusion-text fusion-text-20\"><h3 style=\"font-size: 25px!important;\">Wir bekennen uns zu einer Null-Fehler-Kultur<\/h3>\n<\/div><div class=\"fusion-clearfix\"><\/div><\/div><\/div><\/div><div class=\"fusion-clearfix\"><\/div><\/div><\/div><\/div><\/div><div class=\"fusion-fullwidth fullwidth-box fusion-builder-row-4 nonhundred-percent-fullwidth non-hundred-percent-height-scrolling getStarted\" style=\"--awb-border-radius-top-left:0px;--awb-border-radius-top-right:0px;--awb-border-radius-bottom-right:0px;--awb-border-radius-bottom-left:0px;--awb-padding-top:70px;--awb-padding-bottom:70px;--awb-background-color:#54565a;--awb-flex-wrap:wrap;\" ><div class=\"fusion-builder-row fusion-row\"><div class=\"fusion-layout-column fusion_builder_column fusion-builder-column-3 fusion_builder_column_1_1 1_1 fusion-one-full fusion-column-first fusion-column-last max1200\" style=\"--awb-bg-size:cover;\"><div class=\"fusion-column-wrapper fusion-column-has-shadow fusion-flex-column-wrapper-legacy\"><div class=\"fusion-builder-row fusion-builder-row-inner fusion-row\"><div class=\"fusion-layout-column fusion_builder_column_inner fusion-builder-nested-column-10 fusion_builder_column_inner_3_5 3_5 fusion-three-fifth fusion-column-first\" style=\"--awb-bg-size:cover;--awb-margin-bottom:0px;width:60%;width:calc(60% - ( ( 4% ) * 0.6 ) );margin-right: 4%;\"><div class=\"fusion-column-wrapper fusion-column-has-shadow fusion-flex-column-wrapper-legacy\"><div class=\"fusion-text fusion-text-21\" style=\"--awb-font-size:36px;--awb-text-font-family:&quot;WhitneyBold&quot;;--awb-text-font-style:normal;--awb-text-font-weight:400;\"><p style=\"color: #fff;\">Beginnen Sie Ihre Partnerschaft mit einem der f\u00fchrenden Unternehmen f\u00fcr Pr\u00e4zisionsfertigungsl\u00f6sungen in den USA \u2013 sprechen Sie mit einem Experten und fordern Sie ein Angebot an.<\/p>\n<\/div><div class=\"fusion-clearfix\"><\/div><\/div><\/div><div class=\"fusion-layout-column fusion_builder_column_inner fusion-builder-nested-column-11 fusion_builder_column_inner_2_5 2_5 fusion-two-fifth fusion-column-last\" style=\"--awb-bg-size:cover;--awb-margin-bottom:0px;width:40%;width:calc(40% - ( ( 4% ) * 0.4 ) );\"><div class=\"fusion-column-wrapper fusion-column-has-shadow fusion-flex-column-wrapper-legacy\"><div class=\"fusion-text fusion-text-22\"><p><a class=\"linkSpeakExpert\" href=\"https:\/\/optimas.com\/de\/contact\/\">SPRECHEN SIE MIT EINEM EXPERTEN<\/a><\/p>\n<\/div><div class=\"fusion-clearfix\"><\/div><\/div><\/div><\/div><div class=\"fusion-clearfix\"><\/div><\/div><\/div><\/div><\/div><\/p>","protected":false},"excerpt":{"rendered":"","protected":false},"author":1,"featured_media":593,"parent":33,"menu_order":0,"comment_status":"closed","ping_status":"closed","template":"","meta":{"_acf_changed":false,"content-type":"","footnotes":""},"class_list":["post-583","page","type-page","status-publish","has-post-thumbnail","hentry"],"acf":[],"_links":{"self":[{"href":"https:\/\/optimas.com\/de\/wp-json\/wp\/v2\/pages\/583","targetHints":{"allow":["GET"]}}],"collection":[{"href":"https:\/\/optimas.com\/de\/wp-json\/wp\/v2\/pages"}],"about":[{"href":"https:\/\/optimas.com\/de\/wp-json\/wp\/v2\/types\/page"}],"author":[{"embeddable":true,"href":"https:\/\/optimas.com\/de\/wp-json\/wp\/v2\/users\/1"}],"replies":[{"embeddable":true,"href":"https:\/\/optimas.com\/de\/wp-json\/wp\/v2\/comments?post=583"}],"version-history":[{"count":0,"href":"https:\/\/optimas.com\/de\/wp-json\/wp\/v2\/pages\/583\/revisions"}],"up":[{"embeddable":true,"href":"https:\/\/optimas.com\/de\/wp-json\/wp\/v2\/pages\/33"}],"wp:featuredmedia":[{"embeddable":true,"href":"https:\/\/optimas.com\/de\/wp-json\/wp\/v2\/media\/593"}],"wp:attachment":[{"href":"https:\/\/optimas.com\/de\/wp-json\/wp\/v2\/media?parent=583"}],"curies":[{"name":"wp","href":"https:\/\/api.w.org\/{rel}","templated":true}]}}