{"id":814,"date":"2019-10-29T15:08:38","date_gmt":"2019-10-29T15:08:38","guid":{"rendered":"https:\/\/optimas.com\/?page_id=814"},"modified":"2026-04-13T11:18:53","modified_gmt":"2026-04-13T16:18:53","slug":"team","status":"publish","type":"page","link":"https:\/\/optimas.com\/de\/about-us\/team\/","title":{"rendered":"Unser F\u00fchrungsteam"},"content":{"rendered":"<div class=\"fusion-fullwidth fullwidth-box fusion-builder-row-1 nonhundred-percent-fullwidth non-hundred-percent-height-scrolling\" style=\"--awb-border-radius-top-left:0px;--awb-border-radius-top-right:0px;--awb-border-radius-bottom-right:0px;--awb-border-radius-bottom-left:0px;--awb-flex-wrap:wrap;\" ><div class=\"fusion-builder-row fusion-row\"><div class=\"fusion-layout-column fusion_builder_column fusion-builder-column-0 fusion_builder_column_1_1 1_1 fusion-one-full fusion-column-first fusion-column-last max1200\" style=\"--awb-bg-size:cover;\"><div class=\"fusion-column-wrapper fusion-column-has-shadow fusion-flex-column-wrapper-legacy\"><div class=\"fusion-builder-row fusion-builder-row-inner fusion-row\"><div class=\"fusion-layout-column fusion_builder_column_inner fusion-builder-nested-column-0 fusion_builder_column_inner_1_1 1_1 fusion-one-full fusion-column-first fusion-column-last\" style=\"--awb-padding-bottom:30px;--awb-bg-size:cover;\"><div class=\"fusion-column-wrapper fusion-column-has-shadow fusion-flex-column-wrapper-legacy\"><div class=\"fusion-text fusion-text-1\"><h1>Unser F\u00fchrungsteam<\/h1>\n<\/div><div class=\"fusion-clearfix\"><\/div><\/div><\/div><div class=\"fusion-layout-column fusion_builder_column_inner fusion-builder-nested-column-1 fusion_builder_column_inner_1_4 1_4 fusion-one-fourth fusion-column-first\" style=\"--awb-bg-size:cover;width:25%;width:calc(25% - ( ( 4% ) * 0.25 ) );margin-right: 4%;\" id=\"harms\"><div class=\"fusion-column-wrapper fusion-column-has-shadow fusion-flex-column-wrapper-legacy\"><div class=\"fusion-image-element fusion-image-align-center in-legacy-container\" style=\"text-align:center;--awb-caption-title-font-family:var(--h2_typography-font-family);--awb-caption-title-font-weight:var(--h2_typography-font-weight);--awb-caption-title-font-style:var(--h2_typography-font-style);--awb-caption-title-size:var(--h2_typography-font-size);--awb-caption-title-transform:var(--h2_typography-text-transform);--awb-caption-title-line-height:var(--h2_typography-line-height);--awb-caption-title-letter-spacing:var(--h2_typography-letter-spacing);\"><div class=\"imageframe-align-center\"><span class=\"fusion-imageframe imageframe-none imageframe-1 hover-type-none\" id=\"strandquist\"><img decoding=\"async\" width=\"330\" height=\"330\" alt=\"Daniel Harms CEO von Optimas Solutions\" title=\"Daniel Harms\" src=\"https:\/\/optimas.com\/wp-content\/uploads\/2021\/08\/Daniel-Harms.jpg\" class=\"img-responsive wp-image-4534\" srcset=\"https:\/\/optimas.com\/wp-content\/uploads\/2021\/08\/Daniel-Harms-200x200.jpg 200w, https:\/\/optimas.com\/wp-content\/uploads\/2021\/08\/Daniel-Harms.jpg 330w\" sizes=\"(max-width: 800px) 100vw, 330px\" \/><\/span><\/div><\/div><div class=\"fusion-clearfix\"><\/div><\/div><\/div><div class=\"fusion-layout-column fusion_builder_column_inner fusion-builder-nested-column-2 fusion_builder_column_inner_3_4 3_4 fusion-three-fourth fusion-column-last\" style=\"--awb-bg-size:cover;width:75%;width:calc(75% - ( ( 4% ) * 0.75 ) );\" id=\"harms\"><div class=\"fusion-column-wrapper fusion-column-has-shadow fusion-flex-column-wrapper-legacy\"><div class=\"fusion-text fusion-text-2\"><h1>Daniel Harms<\/h1>\n<div class=\"PD IF\">\n<div id=\":a5.co\" class=\"JL\">\n<div id=\":ax.ma\" class=\"Mu SP\" data-tooltip=\"December 9, 2019 at 11:35:57 AM UTC-8\"><strong><span id=\":ax.co\" class=\"tL8wMe EMoHub\" dir=\"ltr\">CEO, Amerika<\/span><\/strong><\/div>\n<\/div>\n<\/div>\n<\/div><div class=\"fusion-sep-clear\"><\/div><div class=\"fusion-separator fusion-full-width-sep\" style=\"margin-left: auto;margin-right: auto;margin-top:10px;margin-bottom:10px;width:100%;\"><\/div><div class=\"fusion-sep-clear\"><\/div><div class=\"fusion-text fusion-text-3\"><p>Daniel Harms ist CEO, Americas und Mitglied des Board of Directors bei Optimas Solutions. Er ist verantwortlich f\u00fcr Strategien, die disziplinierten Umsatz und profitables Wachstum f\u00f6rdern, die operative Exzellenz erh\u00f6hen und den Kundenservice in den Vereinigten Staaten, Kanada, Mexiko und S\u00fcdamerika verbessern.<\/p>\n<p>&nbsp;<\/p>\n<p>Er wurde im August 2021 zum President Americas bef\u00f6rdert, nachdem er im April desselben Jahres als Chief Operating Officer in das Unternehmen eingetreten war und sich auf Vertriebszentren, Beschaffung und Lieferkette in Nordamerika konzentrierte.<\/p>\n<p>&nbsp;<\/p>\n<p>Als strategischer Vordenker mit fast 20 Jahren Erfahrung in der Lieferkette hat Daniel leistungsstarke Teams aufgebaut und geleitet, um operative Exzellenz in verschiedenen Branchen zu liefern. Sein einflussreicher F\u00fchrungsstil und sein datengesteuerter Ansatz zur Probleml\u00f6sung haben mit Gewinn- und Verlustrechnungen von \u00fcber $100 Millionen zu stetigem Umsatz- und Gewinnwachstum gef\u00fchrt.<\/p>\n<p>&nbsp;<\/p>\n<p>Bevor er zu Optimas kam, hatte Daniel mehrere Positionen mit zunehmender Verantwortung bei DSC\/CJ Logistics inne, bis hin zum Senior Vice President, Operations. In dieser Funktion hatte er die strategische Aufsicht \u00fcber die Kundenbeziehungen und die operative Verantwortung f\u00fcr zahlreiche Vertriebszentren im Inland. Dies umfasste die Entwicklung von F\u00fchrungskr\u00e4ften, die finanzielle\/operative Leistung und die Entwicklung von Gesch\u00e4ftsprozessen. W\u00e4hrend seiner gesamten Amtszeit hat Daniel Personal-, Prozess- und Technologieinitiativen geleitet, die die Leistungsbenchmarks des Unternehmens vorangebracht haben.<\/p>\n<p>&nbsp;<\/p>\n<p>Daniel erwarb einen Master of Business Administration am J. Mack Robinson College of Business an der Georgia State University und einen Bachelor of Science in Business Administration an der University of Tennessee. Derzeit lebt er mit seiner Frau Laura und ihren Kindern Caleb, Major und Colby in einem Vorort von Atlanta. Daniel ist Mitglied des Council of Supply Chain Management Professionals und verbringt seine Zeit ehrenamtlich bei \u00f6rtlichen Kirchen- und Scouts BSA-Organisationen.<\/p>\n<\/div><div class=\"fusion-sep-clear\"><\/div><div class=\"fusion-separator fusion-full-width-sep\" style=\"margin-left: auto;margin-right: auto;margin-top:10px;margin-bottom:10px;width:100%;\"><\/div><div class=\"fusion-sep-clear\"><\/div><div class=\"fusion-text fusion-text-4\"><p><a href=\"https:\/\/www.linkedin.com\/in\/daniel-harms-4b928227\/\" target=\"_blank\" rel=\"noopener noreferrer nofollow\"><img decoding=\"async\" class=\"alignnone\" src=\"\/wp-content\/uploads\/2019\/10\/in.jpg\" alt=\"\" width=\"28\" height=\"28\" \/><\/a><\/p>\n<\/div><div class=\"fusion-clearfix\"><\/div><\/div><\/div><div class=\"fusion-layout-column fusion_builder_column_inner fusion-builder-nested-column-3 fusion_builder_column_inner_1_1 1_1 fusion-one-full fusion-column-first fusion-column-last\" style=\"--awb-bg-size:cover;\"><div class=\"fusion-column-wrapper fusion-column-has-shadow fusion-flex-column-wrapper-legacy\"><div class=\"fusion-sep-clear\"><\/div><div class=\"fusion-separator fusion-full-width-sep\" style=\"margin-left: auto;margin-right: auto;margin-top:10px;margin-bottom:30px;width:100%;\"><div class=\"fusion-separator-border sep-single sep-solid\" style=\"--awb-height:20px;--awb-amount:20px;--awb-sep-color:#a9aaac;border-color:#a9aaac;border-top-width:1px;\"><\/div><\/div><div class=\"fusion-sep-clear\"><\/div><div class=\"fusion-clearfix\"><\/div><\/div><\/div><div class=\"fusion-layout-column fusion_builder_column_inner fusion-builder-nested-column-4 fusion_builder_column_inner_1_4 1_4 fusion-one-fourth fusion-column-first\" style=\"--awb-bg-size:cover;width:25%;width:calc(25% - ( ( 4% ) * 0.25 ) );margin-right: 4%;\" id=\"tuffy\"><div class=\"fusion-column-wrapper fusion-column-has-shadow fusion-flex-column-wrapper-legacy\"><div class=\"fusion-image-element fusion-image-align-center in-legacy-container\" style=\"text-align:center;--awb-caption-title-font-family:var(--h2_typography-font-family);--awb-caption-title-font-weight:var(--h2_typography-font-weight);--awb-caption-title-font-style:var(--h2_typography-font-style);--awb-caption-title-size:var(--h2_typography-font-size);--awb-caption-title-transform:var(--h2_typography-text-transform);--awb-caption-title-line-height:var(--h2_typography-line-height);--awb-caption-title-letter-spacing:var(--h2_typography-letter-spacing);\"><div class=\"imageframe-align-center\"><span class=\"fusion-imageframe imageframe-none imageframe-2 hover-type-none\"><img decoding=\"async\" width=\"330\" height=\"330\" alt=\"Mike Tuffy\" src=\"https:\/\/optimas.com\/wp-content\/uploads\/2019\/11\/6-MT.jpg\" class=\"img-responsive wp-image-1630\" srcset=\"https:\/\/optimas.com\/wp-content\/uploads\/2019\/11\/6-MT-200x200.jpg 200w, https:\/\/optimas.com\/wp-content\/uploads\/2019\/11\/6-MT.jpg 330w\" sizes=\"(max-width: 800px) 100vw, 330px\" \/><\/span><\/div><\/div><div class=\"fusion-clearfix\"><\/div><\/div><\/div><div class=\"fusion-layout-column fusion_builder_column_inner fusion-builder-nested-column-5 fusion_builder_column_inner_3_4 3_4 fusion-three-fourth fusion-column-last\" style=\"--awb-bg-size:cover;width:75%;width:calc(75% - ( ( 4% ) * 0.75 ) );\"><div class=\"fusion-column-wrapper fusion-column-has-shadow fusion-flex-column-wrapper-legacy\"><div class=\"fusion-text fusion-text-5\"><h1>Mike Tuffy<\/h1>\n<p><strong>Gesch\u00e4ftsf\u00fchrer, international<\/strong><\/p>\n<\/div><div class=\"fusion-sep-clear\"><\/div><div class=\"fusion-separator fusion-full-width-sep\" style=\"margin-left: auto;margin-right: auto;margin-top:10px;margin-bottom:10px;width:100%;\"><\/div><div class=\"fusion-sep-clear\"><\/div><div class=\"fusion-text fusion-text-6\"><p>Mike Tuffy verf\u00fcgt \u00fcber mehr als 40 Jahre Erfahrung in der Befestigungsindustrie und hatte F\u00fchrungspositionen in den Bereichen Handel, Beschaffung und Betrieb inne. Als CEO International (Europa, Mittlerer Osten und Asien-Pazifik) nutzt Mike sein umfassendes Wissen \u00fcber die F\u00e4higkeiten erstklassiger Lieferanten, um die Bed\u00fcrfnisse und Erwartungen der Kunden zu erf\u00fcllen und die Effizienz f\u00fcr Partner und Optimas zu steigern. Zuvor hatte Mike F\u00fchrungspositionen bei Walters Hexagon und Anixter inne, wo er Teil des Managementteams war, das das Gesch\u00e4ft durch organisches Wachstum und mehrere \u00dcbernahmen deutlich ausbaute. Er war auch Teil des \u00dcbernahmeteams, das Optimas 2015 aus Anixter herausl\u00f6ste.<\/p>\n<\/div><div class=\"fusion-sep-clear\"><\/div><div class=\"fusion-separator fusion-full-width-sep\" style=\"margin-left: auto;margin-right: auto;margin-top:10px;margin-bottom:10px;width:100%;\"><\/div><div class=\"fusion-sep-clear\"><\/div><div class=\"fusion-text fusion-text-7\"><p><a href=\"https:\/\/www.linkedin.com\/in\/mike-tuffy-a2144b56\/\" target=\"_blank\" rel=\"noopener noreferrer nofollow\"><img decoding=\"async\" src=\"\/wp-content\/uploads\/2019\/10\/in.jpg\" \/><\/a><\/p>\n<\/div><div class=\"fusion-clearfix\"><\/div><\/div><\/div><div class=\"fusion-layout-column fusion_builder_column_inner fusion-builder-nested-column-6 fusion_builder_column_inner_1_1 1_1 fusion-one-full fusion-column-first fusion-column-last\" style=\"--awb-bg-size:cover;\"><div class=\"fusion-column-wrapper fusion-column-has-shadow fusion-flex-column-wrapper-legacy\"><div class=\"fusion-sep-clear\"><\/div><div class=\"fusion-separator fusion-full-width-sep\" style=\"margin-left: auto;margin-right: auto;margin-top:10px;margin-bottom:30px;width:100%;\"><div class=\"fusion-separator-border sep-single sep-solid\" style=\"--awb-height:20px;--awb-amount:20px;--awb-sep-color:#a9aaac;border-color:#a9aaac;border-top-width:1px;\"><\/div><\/div><div class=\"fusion-sep-clear\"><\/div><div class=\"fusion-clearfix\"><\/div><\/div><\/div><div class=\"fusion-layout-column fusion_builder_column_inner fusion-builder-nested-column-7 fusion_builder_column_inner_1_4 1_4 fusion-one-fourth fusion-column-first\" style=\"--awb-bg-size:cover;width:25%;width:calc(25% - ( ( 4% ) * 0.25 ) );margin-right: 4%;\" id=\"mark\" data-scroll-devices=\"small-visibility,medium-visibility,large-visibility\"><div class=\"fusion-column-wrapper fusion-column-has-shadow fusion-flex-column-wrapper-legacy\"><div class=\"fusion-image-element fusion-image-align-center in-legacy-container\" style=\"text-align:center;--awb-caption-title-font-family:var(--h2_typography-font-family);--awb-caption-title-font-weight:var(--h2_typography-font-weight);--awb-caption-title-font-style:var(--h2_typography-font-style);--awb-caption-title-size:var(--h2_typography-font-size);--awb-caption-title-transform:var(--h2_typography-text-transform);--awb-caption-title-line-height:var(--h2_typography-line-height);--awb-caption-title-letter-spacing:var(--h2_typography-letter-spacing);\"><div class=\"imageframe-align-center\"><span class=\"fusion-imageframe imageframe-none imageframe-3 hover-type-none\"><img decoding=\"async\" width=\"368\" height=\"368\" title=\"Mark-Korba-Kopfschuss\" src=\"https:\/\/optimas.com\/wp-content\/uploads\/2023\/07\/Mark-Korba-Headshot.jpg\" alt class=\"img-responsive wp-image-7304\" srcset=\"https:\/\/optimas.com\/wp-content\/uploads\/2023\/07\/Mark-Korba-Headshot-200x200.jpg 200w, https:\/\/optimas.com\/wp-content\/uploads\/2023\/07\/Mark-Korba-Headshot.jpg 368w\" sizes=\"(max-width: 800px) 100vw, 368px\" \/><\/span><\/div><\/div><div class=\"fusion-clearfix\"><\/div><\/div><\/div><div class=\"fusion-layout-column fusion_builder_column_inner fusion-builder-nested-column-8 fusion_builder_column_inner_3_4 3_4 fusion-three-fourth fusion-column-last\" style=\"--awb-bg-size:cover;width:75%;width:calc(75% - ( ( 4% ) * 0.75 ) );\"><div class=\"fusion-column-wrapper fusion-column-has-shadow fusion-flex-column-wrapper-legacy\"><div class=\"fusion-text fusion-text-8\" style=\"--awb-text-transform:none;\"><h1>Mark Korba<\/h1>\n<div class=\"PD IF\">\n<div id=\":a5.co\" class=\"JL\">\n<div id=\":ax.ma\" class=\"Mu SP\" data-tooltip=\"December 9, 2019 at 11:35:57 AM UTC-8\"><strong>Stabschef<\/strong><\/div>\n<\/div>\n<\/div>\n<\/div><div class=\"fusion-sep-clear\"><\/div><div class=\"fusion-separator fusion-full-width-sep\" style=\"margin-left: auto;margin-right: auto;margin-top:10px;margin-bottom:10px;width:100%;\"><\/div><div class=\"fusion-sep-clear\"><\/div><div class=\"fusion-text fusion-text-9\" style=\"--awb-text-transform:none;\"><p>Mark Korba kam 2021 zu Optimas und ist f\u00fcr die Entwicklung und Umsetzung interner Strategien sowie die kontinuierliche F\u00f6rderung der Ausrichtung unserer Kerngesch\u00e4ftspriorit\u00e4ten verantwortlich. Als wichtiges Mitglied des F\u00fchrungsteams fungiert er auch als Hauptverbindungsmann zum Eigent\u00fcmer von Optimas. Zus\u00e4tzlich zu diesen Verantwortlichkeiten leitet Korba die globalen Business Intelligence- und Program Management Office (PMO)-Funktionen der Organisation. Korba bringt einen reichen Erfahrungsschatz zu Optimas ein, mit fr\u00fcheren Positionen in den Bereichen Vertrieb, Finanzen, Betrieb, Wirtschaftsingenieurwesen und Business Intelligence. Bevor er zu Optimas kam, arbeitete Korba bei CJ Logistics, wo er SVP of Technology, Engineering, Systems &amp; Solutions war. Korba hat einen Bachelor-Abschluss in Finanzen und einen MBA in Wirtschaftswissenschaften von der Roosevelt University.<\/p>\n<\/div><div class=\"fusion-sep-clear\"><\/div><div class=\"fusion-separator fusion-full-width-sep\" style=\"margin-left: auto;margin-right: auto;margin-top:10px;margin-bottom:10px;width:100%;\"><\/div><div class=\"fusion-sep-clear\"><\/div><div class=\"fusion-text fusion-text-10\" style=\"--awb-text-transform:none;\"><p><a href=\"https:\/\/www.linkedin.com\/in\/mark-korba-98486a13\/\" target=\"_blank\" rel=\"noopener noreferrer nofollow\"><img decoding=\"async\" class=\"alignnone\" src=\"\/wp-content\/uploads\/2019\/10\/in.jpg\" alt=\"\" width=\"28\" height=\"28\" \/><\/a><\/p>\n<\/div><div class=\"fusion-clearfix\"><\/div><\/div><\/div><div class=\"fusion-layout-column fusion_builder_column_inner fusion-builder-nested-column-9 fusion_builder_column_inner_1_1 1_1 fusion-one-full fusion-column-first fusion-column-last\" style=\"--awb-bg-size:cover;\"><div class=\"fusion-column-wrapper fusion-column-has-shadow fusion-flex-column-wrapper-legacy\"><div class=\"fusion-sep-clear\"><\/div><div class=\"fusion-separator fusion-full-width-sep\" style=\"margin-left: auto;margin-right: auto;margin-top:10px;margin-bottom:30px;width:100%;\"><div class=\"fusion-separator-border sep-single sep-solid\" style=\"--awb-height:20px;--awb-amount:20px;--awb-sep-color:#a9aaac;border-color:#a9aaac;border-top-width:1px;\"><\/div><\/div><div class=\"fusion-sep-clear\"><\/div><div class=\"fusion-clearfix\"><\/div><\/div><\/div><div class=\"fusion-layout-column fusion_builder_column_inner fusion-builder-nested-column-10 fusion_builder_column_inner_1_4 1_4 fusion-one-fourth fusion-column-first\" style=\"--awb-bg-size:cover;width:25%;width:calc(25% - ( ( 4% ) * 0.25 ) );margin-right: 4%;\" id=\"schorr\"><div class=\"fusion-column-wrapper fusion-column-has-shadow fusion-flex-column-wrapper-legacy\"><div class=\"fusion-image-element fusion-image-align-center in-legacy-container\" style=\"text-align:center;--awb-caption-title-font-family:var(--h2_typography-font-family);--awb-caption-title-font-weight:var(--h2_typography-font-weight);--awb-caption-title-font-style:var(--h2_typography-font-style);--awb-caption-title-size:var(--h2_typography-font-size);--awb-caption-title-transform:var(--h2_typography-text-transform);--awb-caption-title-line-height:var(--h2_typography-line-height);--awb-caption-title-letter-spacing:var(--h2_typography-letter-spacing);\"><div class=\"imageframe-align-center\"><span class=\"fusion-imageframe imageframe-none imageframe-4 hover-type-none\" id=\"daly\"><img decoding=\"async\" width=\"330\" height=\"330\" alt=\"Paul Schorr, CTO von Optimas Solutions\" title=\"Paul Schorr\" src=\"https:\/\/optimas.com\/wp-content\/uploads\/2022\/05\/Paul-Schorr.jpg\" class=\"img-responsive wp-image-4953\" srcset=\"https:\/\/optimas.com\/wp-content\/uploads\/2022\/05\/Paul-Schorr-200x200.jpg 200w, https:\/\/optimas.com\/wp-content\/uploads\/2022\/05\/Paul-Schorr.jpg 330w\" sizes=\"(max-width: 800px) 100vw, 330px\" \/><\/span><\/div><\/div><div class=\"fusion-clearfix\"><\/div><\/div><\/div><div class=\"fusion-layout-column fusion_builder_column_inner fusion-builder-nested-column-11 fusion_builder_column_inner_3_4 3_4 fusion-three-fourth fusion-column-last\" style=\"--awb-bg-size:cover;width:75%;width:calc(75% - ( ( 4% ) * 0.75 ) );\"><div class=\"fusion-column-wrapper fusion-column-has-shadow fusion-flex-column-wrapper-legacy\"><div class=\"fusion-text fusion-text-11\" style=\"--awb-text-transform:none;\"><h1>Paul Schorr<\/h1>\n<div class=\"PD IF\">\n<div id=\":a5.co\" class=\"JL\">\n<div id=\":ax.ma\" class=\"Mu SP\" data-tooltip=\"December 9, 2019 at 11:35:57 AM UTC-8\"><strong>Chief Information Officer<\/strong><\/div>\n<\/div>\n<\/div>\n<\/div><div class=\"fusion-sep-clear\"><\/div><div class=\"fusion-separator fusion-full-width-sep\" style=\"margin-left: auto;margin-right: auto;margin-top:10px;margin-bottom:10px;width:100%;\"><\/div><div class=\"fusion-sep-clear\"><\/div><div class=\"fusion-text fusion-text-12\" style=\"--awb-text-transform:none;\"><p>Paul Schorr leitet die Technologiestrategie f\u00fcr Optimas Solutions und \u00fcberwacht alle IT-Aspekte des Unternehmens. Unter seiner F\u00fchrung plant Optimas, strategisch in Technologien zu investieren, die die Gesch\u00e4ftseffizienz steigern, das Wachstum ankurbeln und weitere Innovationen f\u00fcr unsere Kunden zum Tragen bringen. Bevor er zu Optimas kam, war Paul Gr\u00fcnder und gesch\u00e4ftsf\u00fchrender Berater von Strategic Outlook LLC, einem Technologie- und Unternehmensberatungsunternehmen. F\u00fcr Strategic Outlook war Paul Vertrags-CIO f\u00fcr Zesty Paws, Zenwise LLC und uni-ball Corporation. Zu Beginn seiner Karriere war Paul als CIO bei Patterson Medical t\u00e4tig, das sp\u00e4ter in Performance Health umbenannt wurde, einem wachsenden globalen Hersteller und Vertreiber von medizinischen Produkten f\u00fcr Rehabilitation und Genesung. Bei Performance Health implementierte Paul eine langfristige Technologiestrategie, die sich auf Oracle NetSuite ERP und andere Cloud-basierte L\u00f6sungen konzentrierte. Oracle NetSuite ERP ist das wichtigste Enterprise-Resource-Planning-Tool, das k\u00fcrzlich von Optimas Solutions implementiert wurde. Paul leitete auch die IT f\u00fcr den Disney Movie Club (eine Abteilung der Disney Studios) als vertragsbasierter Bereichs-CIO. Paul hat einen Bachelor of Science in Management Information Systems von der Eastern Illinois University.<\/p>\n<\/div><div class=\"fusion-sep-clear\"><\/div><div class=\"fusion-separator fusion-full-width-sep\" style=\"margin-left: auto;margin-right: auto;margin-top:10px;margin-bottom:10px;width:100%;\"><\/div><div class=\"fusion-sep-clear\"><\/div><div class=\"fusion-text fusion-text-13\" style=\"--awb-text-transform:none;\"><p><a href=\"https:\/\/www.linkedin.com\/in\/paulschorr\/\" target=\"_blank\" rel=\"noopener noreferrer nofollow\"><img decoding=\"async\" class=\"alignnone\" src=\"\/wp-content\/uploads\/2019\/10\/in.jpg\" alt=\"\" width=\"28\" height=\"28\" \/><\/a><\/p>\n<\/div><div class=\"fusion-clearfix\"><\/div><\/div><\/div><\/div><div class=\"fusion-clearfix\"><\/div><\/div><\/div><\/div><\/div>","protected":false},"excerpt":{"rendered":"","protected":false},"author":1,"featured_media":0,"parent":11,"menu_order":0,"comment_status":"closed","ping_status":"closed","template":"","meta":{"_acf_changed":false,"content-type":"","footnotes":""},"class_list":["post-814","page","type-page","status-publish","hentry"],"acf":[],"_links":{"self":[{"href":"https:\/\/optimas.com\/de\/wp-json\/wp\/v2\/pages\/814","targetHints":{"allow":["GET"]}}],"collection":[{"href":"https:\/\/optimas.com\/de\/wp-json\/wp\/v2\/pages"}],"about":[{"href":"https:\/\/optimas.com\/de\/wp-json\/wp\/v2\/types\/page"}],"author":[{"embeddable":true,"href":"https:\/\/optimas.com\/de\/wp-json\/wp\/v2\/users\/1"}],"replies":[{"embeddable":true,"href":"https:\/\/optimas.com\/de\/wp-json\/wp\/v2\/comments?post=814"}],"version-history":[{"count":0,"href":"https:\/\/optimas.com\/de\/wp-json\/wp\/v2\/pages\/814\/revisions"}],"up":[{"embeddable":true,"href":"https:\/\/optimas.com\/de\/wp-json\/wp\/v2\/pages\/11"}],"wp:attachment":[{"href":"https:\/\/optimas.com\/de\/wp-json\/wp\/v2\/media?parent=814"}],"curies":[{"name":"wp","href":"https:\/\/api.w.org\/{rel}","templated":true}]}}