{"id":1406,"date":"2019-11-20T20:54:06","date_gmt":"2019-11-20T20:54:06","guid":{"rendered":"https:\/\/optimas.com\/?page_id=1406"},"modified":"2026-04-23T12:10:49","modified_gmt":"2026-04-23T17:10:49","slug":"c-class-components","status":"publish","type":"page","link":"https:\/\/optimas.com\/es\/products\/c-class-components\/","title":{"rendered":"Componentes de Clase C"},"content":{"rendered":"<p><div class=\"fusion-fullwidth fullwidth-box fusion-builder-row-1 nonhundred-percent-fullwidth non-hundred-percent-height-scrolling firstSection centerMobile\" style=\"--awb-border-radius-top-left:0px;--awb-border-radius-top-right:0px;--awb-border-radius-bottom-right:0px;--awb-border-radius-bottom-left:0px;--awb-flex-wrap:wrap;\" ><div class=\"fusion-builder-row fusion-row\"><div class=\"fusion-layout-column fusion_builder_column fusion-builder-column-0 fusion_builder_column_1_1 1_1 fusion-one-full fusion-column-first fusion-column-last max1200\" style=\"--awb-bg-size:cover;\"><div class=\"fusion-column-wrapper fusion-column-has-shadow fusion-flex-column-wrapper-legacy\"><div class=\"fusion-builder-row fusion-builder-row-inner fusion-row\"><div class=\"fusion-layout-column fusion_builder_column_inner fusion-builder-nested-column-0 fusion_builder_column_inner_2_5 2_5 fusion-two-fifth fusion-column-first\" style=\"--awb-bg-size:cover;width:40%;width:calc(40% - ( ( 4% ) * 0.4 ) );margin-right: 4%;\"><div class=\"fusion-column-wrapper fusion-column-has-shadow fusion-flex-column-wrapper-legacy\"><div class=\"fusion-image-element fusion-image-align-center in-legacy-container\" style=\"text-align:center;--awb-caption-title-font-family:var(--h2_typography-font-family);--awb-caption-title-font-weight:var(--h2_typography-font-weight);--awb-caption-title-font-style:var(--h2_typography-font-style);--awb-caption-title-size:var(--h2_typography-font-size);--awb-caption-title-transform:var(--h2_typography-text-transform);--awb-caption-title-line-height:var(--h2_typography-line-height);--awb-caption-title-letter-spacing:var(--h2_typography-letter-spacing);\"><div class=\"imageframe-align-center\"><span class=\"fusion-imageframe imageframe-none imageframe-1 hover-type-none\"><img decoding=\"async\" width=\"573\" height=\"436\" alt=\"Componentes de Clase C\" src=\"https:\/\/optimas.com\/wp-content\/uploads\/2019\/11\/cclass.jpg\" class=\"img-responsive wp-image-1529\" srcset=\"https:\/\/optimas.com\/wp-content\/uploads\/2019\/11\/cclass-200x152.jpg 200w, https:\/\/optimas.com\/wp-content\/uploads\/2019\/11\/cclass-400x304.jpg 400w, https:\/\/optimas.com\/wp-content\/uploads\/2019\/11\/cclass.jpg 573w\" sizes=\"(max-width: 800px) 100vw, 573px\" \/><\/span><\/div><\/div><div class=\"fusion-clearfix\"><\/div><\/div><\/div><div class=\"fusion-layout-column fusion_builder_column_inner fusion-builder-nested-column-1 fusion_builder_column_inner_3_5 3_5 fusion-three-fifth fusion-column-last\" style=\"--awb-bg-size:cover;width:60%;width:calc(60% - ( ( 4% ) * 0.6 ) );\"><div class=\"fusion-column-wrapper fusion-column-has-shadow fusion-flex-column-wrapper-legacy\"><div class=\"fusion-text fusion-text-1\"><h1 style=\"font-size: 30px!important; color: #56565b!important;\">COMPONENTES DE CLASE C<\/h1>\n<p>Tap a vast range of C-Class components from a variety of industry-leading brands.<\/p>\n<\/div><div class=\"fusion-sep-clear\"><\/div><div class=\"fusion-separator fusion-full-width-sep\" style=\"margin-left: auto;margin-right: auto;margin-top:40px;width:100%;\"><\/div><div class=\"fusion-sep-clear\"><\/div><div class=\"fusion-text fusion-text-2\"><p><a class=\"linkOrangeButton\" href=\"https:\/\/optimas.com\/es\/contact\/\">OBTENGA UNA COTIZACI\u00d3N<\/a><\/p>\n<\/div><div class=\"fusion-clearfix\"><\/div><\/div><\/div><\/div><div class=\"fusion-sep-clear\"><\/div><div class=\"fusion-separator fusion-full-width-sep\" style=\"margin-left: auto;margin-right: auto;margin-top:30px;margin-bottom:50px;width:100%;\"><div class=\"fusion-separator-border sep-single sep-solid\" style=\"--awb-height:20px;--awb-amount:20px;--awb-sep-color:#54565a;border-color:#54565a;border-top-width:1px;\"><\/div><\/div><div class=\"fusion-sep-clear\"><\/div><div class=\"fusion-clearfix\"><\/div><\/div><\/div><\/div><\/div><div class=\"fusion-fullwidth fullwidth-box fusion-builder-row-2 nonhundred-percent-fullwidth non-hundred-percent-height-scrolling\" style=\"--awb-border-radius-top-left:0px;--awb-border-radius-top-right:0px;--awb-border-radius-bottom-right:0px;--awb-border-radius-bottom-left:0px;--awb-padding-bottom:50px;--awb-flex-wrap:wrap;\" ><div class=\"fusion-builder-row fusion-row\"><div class=\"fusion-layout-column fusion_builder_column fusion-builder-column-1 fusion_builder_column_1_1 1_1 fusion-one-full fusion-column-first fusion-column-last max1200\" style=\"--awb-bg-size:cover;\"><div class=\"fusion-column-wrapper fusion-column-has-shadow fusion-flex-column-wrapper-legacy\"><div class=\"fusion-builder-row fusion-builder-row-inner fusion-row\"><div class=\"fusion-layout-column fusion_builder_column_inner fusion-builder-nested-column-2 fusion_builder_column_inner_3_4 3_4 fusion-three-fourth fusion-column-first rightBorder\" style=\"--awb-bg-size:cover;width:75%;width:calc(75% - ( ( 4% ) * 0.75 ) );margin-right: 4%;\"><div class=\"fusion-column-wrapper fusion-column-has-shadow fusion-flex-column-wrapper-legacy\"><div class=\"fusion-image-element fusion-image-align-left in-legacy-container\" style=\"text-align:left;--awb-caption-title-font-family:var(--h2_typography-font-family);--awb-caption-title-font-weight:var(--h2_typography-font-weight);--awb-caption-title-font-style:var(--h2_typography-font-style);--awb-caption-title-size:var(--h2_typography-font-size);--awb-caption-title-transform:var(--h2_typography-text-transform);--awb-caption-title-line-height:var(--h2_typography-line-height);--awb-caption-title-letter-spacing:var(--h2_typography-letter-spacing);\"><span class=\"fusion-imageframe imageframe-none imageframe-2 hover-type-none\" style=\"margin-right:25px;float:left;\"><img decoding=\"async\" width=\"848\" height=\"205\" alt=\"c class components\" src=\"https:\/\/optimas.com\/wp-content\/uploads\/2019\/11\/cclass-1.jpg\" class=\"img-responsive wp-image-1537\" srcset=\"https:\/\/optimas.com\/wp-content\/uploads\/2019\/11\/cclass-1-200x48.jpg 200w, https:\/\/optimas.com\/wp-content\/uploads\/2019\/11\/cclass-1-400x97.jpg 400w, https:\/\/optimas.com\/wp-content\/uploads\/2019\/11\/cclass-1-600x145.jpg 600w, https:\/\/optimas.com\/wp-content\/uploads\/2019\/11\/cclass-1-800x193.jpg 800w, https:\/\/optimas.com\/wp-content\/uploads\/2019\/11\/cclass-1.jpg 848w\" sizes=\"(max-width: 800px) 100vw, 848px\" \/><\/span><\/div><div class=\"fusion-sep-clear\"><\/div><div class=\"fusion-separator fusion-full-width-sep\" style=\"margin-left: auto;margin-right: auto;margin-top:40px;width:100%;\"><\/div><div class=\"fusion-sep-clear\"><\/div><div class=\"fusion-text fusion-text-3\"><p>En Optimas Solutions, sabemos que los componentes de clase C (tambi\u00e9n llamados C-Parts) son las piezas que necesitar\u00e1 en mayor cantidad. Desde adhesivos, clips y abrazaderas, y otras soluciones de sujeci\u00f3n cotidianas, lo tenemos cubierto. Nos asociamos con los principales proveedores de equipos industriales para brindarle lo mejor.<\/p>\n<ul>\n<li>Adhesivos<\/li>\n<li>Kits surtidos<\/li>\n<li>Mantenimiento de cableado<\/li>\n<li>Tapones<\/li>\n<li>Fusibles e Indicadores<\/li>\n<li>Hardware Mec\u00e1nico<\/li>\n<li>Accesorios para PCB y LED<\/li>\n<li>Sellos de seguridad<\/li>\n<li>Alambres y cables<\/li>\n<li>Terminales para cables<\/li>\n<\/ul>\n<\/div><div class=\"fusion-sep-clear\"><\/div><div class=\"fusion-separator fusion-full-width-sep\" style=\"margin-left: auto;margin-right: auto;margin-top:15px;width:100%;\"><\/div><div class=\"fusion-sep-clear\"><\/div><div class=\"fusion-text fusion-text-4\"><p style=\"font-size: 16px!important;\">ESTE ES UN VISTAZO DE NUESTRA OFERTA DE PRODUCTOS<\/p>\n<\/div><div class=\"fusion-sep-clear\"><\/div><div class=\"fusion-separator fusion-full-width-sep\" style=\"margin-left: auto;margin-right: auto;margin-top:40px;width:100%;\"><\/div><div class=\"fusion-sep-clear\"><\/div><div class=\"fusion-text fusion-text-5\"><h2 style=\"color: #00a0df;\">C-CLASS COMPONENTS FAQS<\/h2>\n<\/div><div class=\"accordian fusion-accordian\" style=\"--awb-border-size:1px;--awb-icon-size:13px;--awb-content-font-size:16px;--awb-icon-alignment:right;--awb-hover-color:#f9f9f9;--awb-border-color:#cccccc;--awb-background-color:#ffffff;--awb-divider-color:#e0dede;--awb-divider-hover-color:#91c73e;--awb-icon-color:#ee7623;--awb-title-color:#525252;--awb-content-color:#54565a;--awb-icon-box-color:#333333;--awb-toggle-hover-accent-color:#ee7623;--awb-title-font-family:&quot;WhitneyBook&quot;;--awb-title-font-weight:400;--awb-title-font-style:normal;--awb-title-font-size:20px;--awb-content-font-family:&quot;WhitneyBook&quot;;--awb-content-font-style:normal;--awb-content-font-weight:400;\"><div class=\"panel-group fusion-toggle-icon-right fusion-toggle-icon-unboxed\" id=\"accordion-1406-1\"><div class=\"fusion-panel panel-default panel-8de05b264a1258004 fusion-toggle-has-divider\" style=\"--awb-title-color:#525252;--awb-content-color:#54565a;\"><div class=\"panel-heading\"><h4 class=\"panel-title toggle\" id=\"toggle_8de05b264a1258004\"><a aria-expanded=\"false\" aria-controls=\"8de05b264a1258004\" role=\"button\" data-toggle=\"collapse\" data-parent=\"#accordion-1406-1\" data-target=\"#8de05b264a1258004\" href=\"#8de05b264a1258004\"><span class=\"fusion-toggle-icon-wrapper\" aria-hidden=\"true\"><i class=\"fa-fusion-box active-icon awb-icon-minus\" aria-hidden=\"true\"><\/i><i class=\"fa-fusion-box inactive-icon awb-icon-plus\" aria-hidden=\"true\"><\/i><\/span><span class=\"fusion-toggle-heading\">What are C-class components?<\/span><\/a><\/h4><\/div><div id=\"8de05b264a1258004\" class=\"panel-collapse collapse\" aria-labelledby=\"toggle_8de05b264a1258004\"><div class=\"panel-body toggle-content fusion-clearfix\">\n<p>C-class components, often called C-parts, are high-volume, low-cost items such as adhesives, clips, clamps, cable management products, and other everyday hardware used across manufacturing and assembly operations. While individually inexpensive, they are critical to production continuity and operational efficiency.<\/p>\n<\/div><\/div><\/div><div class=\"fusion-panel panel-default panel-6c37b520996852b9e fusion-toggle-has-divider\" style=\"--awb-title-color:#525252;--awb-content-color:#54565a;\"><div class=\"panel-heading\"><h4 class=\"panel-title toggle\" id=\"toggle_6c37b520996852b9e\"><a aria-expanded=\"false\" aria-controls=\"6c37b520996852b9e\" role=\"button\" data-toggle=\"collapse\" data-parent=\"#accordion-1406-1\" data-target=\"#6c37b520996852b9e\" href=\"#6c37b520996852b9e\"><span class=\"fusion-toggle-icon-wrapper\" aria-hidden=\"true\"><i class=\"fa-fusion-box active-icon awb-icon-minus\" aria-hidden=\"true\"><\/i><i class=\"fa-fusion-box inactive-icon awb-icon-plus\" aria-hidden=\"true\"><\/i><\/span><span class=\"fusion-toggle-heading\">Why are C-class components important in manufacturing?<\/span><\/a><\/h4><\/div><div id=\"6c37b520996852b9e\" class=\"panel-collapse collapse\" aria-labelledby=\"toggle_6c37b520996852b9e\"><div class=\"panel-body toggle-content fusion-clearfix\">\n<p>C-class components make up the majority of part count in many assemblies. If they are unavailable or poorly managed, production delays can occur despite their low individual cost. Reliable sourcing and availability of C-parts helps prevent downtime and supports consistent manufacturing output.<\/p>\n<\/div><\/div><\/div><div class=\"fusion-panel panel-default panel-8afe504bae224beef fusion-toggle-has-divider\" style=\"--awb-title-color:#525252;--awb-content-color:#54565a;\"><div class=\"panel-heading\"><h4 class=\"panel-title toggle\" id=\"toggle_8afe504bae224beef\"><a aria-expanded=\"false\" aria-controls=\"8afe504bae224beef\" role=\"button\" data-toggle=\"collapse\" data-parent=\"#accordion-1406-1\" data-target=\"#8afe504bae224beef\" href=\"#8afe504bae224beef\"><span class=\"fusion-toggle-icon-wrapper\" aria-hidden=\"true\"><i class=\"fa-fusion-box active-icon awb-icon-minus\" aria-hidden=\"true\"><\/i><i class=\"fa-fusion-box inactive-icon awb-icon-plus\" aria-hidden=\"true\"><\/i><\/span><span class=\"fusion-toggle-heading\">What types of C-class components does Optimas offer?<\/span><\/a><\/h4><\/div><div id=\"8afe504bae224beef\" class=\"panel-collapse collapse\" aria-labelledby=\"toggle_8afe504bae224beef\"><div class=\"panel-body toggle-content fusion-clearfix\">\n<p>Optimas offers a broad range of C-class components, including adhesives, assortment kits, cable management products, caps and plugs, fuses and indicators, mechanical hardware, PCB and LED accessories, security seals, wire and cable products, and wire termination solutions.<\/p>\n<\/div><\/div><\/div><div class=\"fusion-panel panel-default panel-3f110ca5aa2776eb2 fusion-toggle-has-divider\" style=\"--awb-title-color:#525252;--awb-content-color:#54565a;\"><div class=\"panel-heading\"><h4 class=\"panel-title toggle\" id=\"toggle_3f110ca5aa2776eb2\"><a aria-expanded=\"false\" aria-controls=\"3f110ca5aa2776eb2\" role=\"button\" data-toggle=\"collapse\" data-parent=\"#accordion-1406-1\" data-target=\"#3f110ca5aa2776eb2\" href=\"#3f110ca5aa2776eb2\"><span class=\"fusion-toggle-icon-wrapper\" aria-hidden=\"true\"><i class=\"fa-fusion-box active-icon awb-icon-minus\" aria-hidden=\"true\"><\/i><i class=\"fa-fusion-box inactive-icon awb-icon-plus\" aria-hidden=\"true\"><\/i><\/span><span class=\"fusion-toggle-heading\">How do C-class components differ from standard fasteners?<\/span><\/a><\/h4><\/div><div id=\"3f110ca5aa2776eb2\" class=\"panel-collapse collapse\" aria-labelledby=\"toggle_3f110ca5aa2776eb2\"><div class=\"panel-body toggle-content fusion-clearfix\">\n<p>Standard fasteners typically include bolts, screws, nuts, and washers that serve primary structural or fastening roles. C-class components include a wider range of supporting hardware and consumables that enable assembly, protection, organization, and connectivity but are not always load-bearing.<\/p>\n<\/div><\/div><\/div><div class=\"fusion-panel panel-default panel-20f3c57e1f0993c89 fusion-toggle-has-divider\" style=\"--awb-title-color:#525252;--awb-content-color:#54565a;\"><div class=\"panel-heading\"><h4 class=\"panel-title toggle\" id=\"toggle_20f3c57e1f0993c89\"><a aria-expanded=\"false\" aria-controls=\"20f3c57e1f0993c89\" role=\"button\" data-toggle=\"collapse\" data-parent=\"#accordion-1406-1\" data-target=\"#20f3c57e1f0993c89\" href=\"#20f3c57e1f0993c89\"><span class=\"fusion-toggle-icon-wrapper\" aria-hidden=\"true\"><i class=\"fa-fusion-box active-icon awb-icon-minus\" aria-hidden=\"true\"><\/i><i class=\"fa-fusion-box inactive-icon awb-icon-plus\" aria-hidden=\"true\"><\/i><\/span><span class=\"fusion-toggle-heading\">Are C-class components used across multiple industries?<\/span><\/a><\/h4><\/div><div id=\"20f3c57e1f0993c89\" class=\"panel-collapse collapse\" aria-labelledby=\"toggle_20f3c57e1f0993c89\"><div class=\"panel-body toggle-content fusion-clearfix\">\n<p>Yes. C-class components are used across automotive, industrial manufacturing, electronics, infrastructure, and general assembly environments. Their versatility and high usage rates make them essential in nearly every production setting.<\/p>\n<\/div><\/div><\/div><div class=\"fusion-panel panel-default panel-ad33530ed20ee587a fusion-toggle-has-divider\" style=\"--awb-title-color:#525252;--awb-content-color:#54565a;\"><div class=\"panel-heading\"><h4 class=\"panel-title toggle\" id=\"toggle_ad33530ed20ee587a\"><a aria-expanded=\"false\" aria-controls=\"ad33530ed20ee587a\" role=\"button\" data-toggle=\"collapse\" data-parent=\"#accordion-1406-1\" data-target=\"#ad33530ed20ee587a\" href=\"#ad33530ed20ee587a\"><span class=\"fusion-toggle-icon-wrapper\" aria-hidden=\"true\"><i class=\"fa-fusion-box active-icon awb-icon-minus\" aria-hidden=\"true\"><\/i><i class=\"fa-fusion-box inactive-icon awb-icon-plus\" aria-hidden=\"true\"><\/i><\/span><span class=\"fusion-toggle-heading\">Why is supplier quality important for C-class components?<\/span><\/a><\/h4><\/div><div id=\"ad33530ed20ee587a\" class=\"panel-collapse collapse\" aria-labelledby=\"toggle_ad33530ed20ee587a\"><div class=\"panel-body toggle-content fusion-clearfix\">\n<p>Even though C-class components are low-cost, quality inconsistencies can lead to assembly issues, rework, or system failures. Partnering with trusted suppliers helps ensure consistent performance, compliance, and reliability across high-volume usage.<\/p>\n<\/div><\/div><\/div><div class=\"fusion-panel panel-default panel-a1930d9c8b17e5df6 fusion-toggle-has-divider\" style=\"--awb-title-color:#525252;--awb-content-color:#54565a;\"><div class=\"panel-heading\"><h4 class=\"panel-title toggle\" id=\"toggle_a1930d9c8b17e5df6\"><a aria-expanded=\"false\" aria-controls=\"a1930d9c8b17e5df6\" role=\"button\" data-toggle=\"collapse\" data-parent=\"#accordion-1406-1\" data-target=\"#a1930d9c8b17e5df6\" href=\"#a1930d9c8b17e5df6\"><span class=\"fusion-toggle-icon-wrapper\" aria-hidden=\"true\"><i class=\"fa-fusion-box active-icon awb-icon-minus\" aria-hidden=\"true\"><\/i><i class=\"fa-fusion-box inactive-icon awb-icon-plus\" aria-hidden=\"true\"><\/i><\/span><span class=\"fusion-toggle-heading\">How does sourcing C-class components from a single partner help operations?<\/span><\/a><\/h4><\/div><div id=\"a1930d9c8b17e5df6\" class=\"panel-collapse collapse\" aria-labelledby=\"toggle_a1930d9c8b17e5df6\"><div class=\"panel-body toggle-content fusion-clearfix\">\n<p>Working with a single sourcing partner simplifies procurement, improves SKU availability, and reduces supply chain complexity. Centralized sourcing helps ensure consistent quality while supporting volume requirements and inventory continuity.<\/p>\n<\/div><\/div><\/div><div class=\"fusion-panel panel-default panel-d9df2ce53986d3332 fusion-toggle-has-divider\" style=\"--awb-title-color:#525252;--awb-content-color:#54565a;\"><div class=\"panel-heading\"><h4 class=\"panel-title toggle\" id=\"toggle_d9df2ce53986d3332\"><a aria-expanded=\"false\" aria-controls=\"d9df2ce53986d3332\" role=\"button\" data-toggle=\"collapse\" data-parent=\"#accordion-1406-1\" data-target=\"#d9df2ce53986d3332\" href=\"#d9df2ce53986d3332\"><span class=\"fusion-toggle-icon-wrapper\" aria-hidden=\"true\"><i class=\"fa-fusion-box active-icon awb-icon-minus\" aria-hidden=\"true\"><\/i><i class=\"fa-fusion-box inactive-icon awb-icon-plus\" aria-hidden=\"true\"><\/i><\/span><span class=\"fusion-toggle-heading\">What challenges do companies face when managing C-class components?<\/span><\/a><\/h4><\/div><div id=\"d9df2ce53986d3332\" class=\"panel-collapse collapse\" aria-labelledby=\"toggle_d9df2ce53986d3332\"><div class=\"panel-body toggle-content fusion-clearfix\">\n<p>Common challenges include fragmented sourcing, stockouts, excess inventory, and limited visibility into usage. These issues can increase indirect costs and disrupt production if not properly managed.<\/p>\n<\/div><\/div><\/div><div class=\"fusion-panel panel-default panel-4d5fc7ae720bd7962 fusion-toggle-has-divider\" style=\"--awb-title-color:#525252;--awb-content-color:#54565a;\"><div class=\"panel-heading\"><h4 class=\"panel-title toggle\" id=\"toggle_4d5fc7ae720bd7962\"><a aria-expanded=\"false\" aria-controls=\"4d5fc7ae720bd7962\" role=\"button\" data-toggle=\"collapse\" data-parent=\"#accordion-1406-1\" data-target=\"#4d5fc7ae720bd7962\" href=\"#4d5fc7ae720bd7962\"><span class=\"fusion-toggle-icon-wrapper\" aria-hidden=\"true\"><i class=\"fa-fusion-box active-icon awb-icon-minus\" aria-hidden=\"true\"><\/i><i class=\"fa-fusion-box inactive-icon awb-icon-plus\" aria-hidden=\"true\"><\/i><\/span><span class=\"fusion-toggle-heading\">When should a company evaluate its C-class component strategy?<\/span><\/a><\/h4><\/div><div id=\"4d5fc7ae720bd7962\" class=\"panel-collapse collapse\" aria-labelledby=\"toggle_4d5fc7ae720bd7962\"><div class=\"panel-body toggle-content fusion-clearfix\">\n<p>Companies should evaluate their C-class component strategy when experiencing frequent stockouts, supplier inconsistency, rising procurement costs, or production delays caused by missing low-cost parts. Improving sourcing and availability can deliver outsized operational benefits<\/p>\n<\/div><\/div><\/div><\/div><\/div><div class=\"fusion-clearfix\"><\/div><\/div><\/div><div class=\"fusion-layout-column fusion_builder_column_inner fusion-builder-nested-column-3 fusion_builder_column_inner_1_4 1_4 fusion-one-fourth fusion-column-last stickyColumn\" style=\"--awb-bg-size:cover;width:25%;width:calc(25% - ( ( 4% ) * 0.25 ) );\"><div class=\"fusion-column-wrapper fusion-column-has-shadow fusion-flex-column-wrapper-legacy\"><div class=\"fusion-text fusion-text-6\"><h2 style=\"color: #00a0df;\">ENLACES RELACIONADOS<\/h2>\n<\/div><div class=\"fusion-text fusion-text-7\"><h4>Tres cosas a considerar con los productos Heyco\u00ae<\/h4>\n<p><a class=\"linkOrange\" href=\"https:\/\/optimas.com\/es\/three-things-to-consider-with-heycor-products\/\">&gt; LEER ART\u00cdCULO<\/a><\/p>\n<\/div><div class=\"fusion-sep-clear\"><\/div><div class=\"fusion-separator fusion-full-width-sep\" style=\"margin-left: auto;margin-right: auto;margin-top:20px;width:100%;\"><\/div><div class=\"fusion-sep-clear\"><\/div><div class=\"fusion-text fusion-text-8\"><h4>M\u00e1s opciones de pasa cables de una fuente \u00fanica<\/h4>\n<p><a class=\"linkOrange\" href=\"\/es\/blog\/more-choice-of-cable-glands-from-single-source\/\">&gt; LEER ART\u00cdCULO<\/a><\/p>\n<\/div><div class=\"fusion-clearfix\"><\/div><\/div><\/div><\/div><div class=\"fusion-clearfix\"><\/div><\/div><\/div><\/div><\/div><div class=\"fusion-fullwidth fullwidth-box fusion-builder-row-3 nonhundred-percent-fullwidth non-hundred-percent-height-scrolling getStarted\" style=\"--awb-border-radius-top-left:0px;--awb-border-radius-top-right:0px;--awb-border-radius-bottom-right:0px;--awb-border-radius-bottom-left:0px;--awb-padding-top:70px;--awb-padding-bottom:70px;--awb-background-color:#54565a;--awb-flex-wrap:wrap;\" ><div class=\"fusion-builder-row fusion-row\"><div class=\"fusion-layout-column fusion_builder_column fusion-builder-column-2 fusion_builder_column_1_1 1_1 fusion-one-full fusion-column-first fusion-column-last max1200\" style=\"--awb-bg-size:cover;\"><div class=\"fusion-column-wrapper fusion-column-has-shadow fusion-flex-column-wrapper-legacy\"><div class=\"fusion-builder-row fusion-builder-row-inner fusion-row\"><div class=\"fusion-layout-column fusion_builder_column_inner fusion-builder-nested-column-4 fusion_builder_column_inner_3_5 3_5 fusion-three-fifth fusion-column-first\" style=\"--awb-bg-size:cover;--awb-margin-bottom:0px;width:60%;width:calc(60% - ( ( 4% ) * 0.6 ) );margin-right: 4%;\"><div class=\"fusion-column-wrapper fusion-column-has-shadow fusion-flex-column-wrapper-legacy\"><div class=\"fusion-text fusion-text-9\" style=\"--awb-font-size:36px;--awb-text-font-family:&quot;WhitneyBold&quot;;--awb-text-font-style:normal;--awb-text-font-weight:400;\"><p style=\"color: #fff;\">\u00bfNecesita ayuda para encontrar una pieza?<\/p>\n<\/div><div class=\"fusion-clearfix\"><\/div><\/div><\/div><div class=\"fusion-layout-column fusion_builder_column_inner fusion-builder-nested-column-5 fusion_builder_column_inner_2_5 2_5 fusion-two-fifth fusion-column-last\" style=\"--awb-bg-size:cover;--awb-margin-bottom:0px;width:40%;width:calc(40% - ( ( 4% ) * 0.4 ) );\"><div class=\"fusion-column-wrapper fusion-column-has-shadow fusion-flex-column-wrapper-legacy\"><div class=\"fusion-text fusion-text-10\"><p><a class=\"linkSpeakExpert\" style=\"margin-right: 10px;\" href=\"https:\/\/optimas.com\/es\/contact\/\">OBTENGA UNA COTIZACI\u00d3N<\/a><\/p>\n<\/div><div class=\"fusion-clearfix\"><\/div><\/div><\/div><\/div><div class=\"fusion-clearfix\"><\/div><\/div><\/div><\/div><\/div><\/p>","protected":false},"excerpt":{"rendered":"","protected":false},"author":1,"featured_media":1529,"parent":14327,"menu_order":0,"comment_status":"closed","ping_status":"closed","template":"","meta":{"_acf_changed":false,"content-type":"","footnotes":""},"class_list":["post-1406","page","type-page","status-publish","has-post-thumbnail","hentry"],"acf":[],"_links":{"self":[{"href":"https:\/\/optimas.com\/es\/wp-json\/wp\/v2\/pages\/1406","targetHints":{"allow":["GET"]}}],"collection":[{"href":"https:\/\/optimas.com\/es\/wp-json\/wp\/v2\/pages"}],"about":[{"href":"https:\/\/optimas.com\/es\/wp-json\/wp\/v2\/types\/page"}],"author":[{"embeddable":true,"href":"https:\/\/optimas.com\/es\/wp-json\/wp\/v2\/users\/1"}],"replies":[{"embeddable":true,"href":"https:\/\/optimas.com\/es\/wp-json\/wp\/v2\/comments?post=1406"}],"version-history":[{"count":0,"href":"https:\/\/optimas.com\/es\/wp-json\/wp\/v2\/pages\/1406\/revisions"}],"up":[{"embeddable":true,"href":"https:\/\/optimas.com\/es\/wp-json\/wp\/v2\/pages\/14327"}],"wp:featuredmedia":[{"embeddable":true,"href":"https:\/\/optimas.com\/es\/wp-json\/wp\/v2\/media\/1529"}],"wp:attachment":[{"href":"https:\/\/optimas.com\/es\/wp-json\/wp\/v2\/media?parent=1406"}],"curies":[{"name":"wp","href":"https:\/\/api.w.org\/{rel}","templated":true}]}}