{"id":2015,"date":"2019-12-05T20:11:26","date_gmt":"2019-12-05T20:11:26","guid":{"rendered":"https:\/\/optimas.com\/?page_id=2015"},"modified":"2022-12-01T15:50:04","modified_gmt":"2022-12-01T21:50:04","slug":"supplier-code-of-conduct","status":"publish","type":"page","link":"https:\/\/optimas.com\/es\/supplier-code-of-conduct\/","title":{"rendered":"C\u00f3digo de Conducta del proveedor"},"content":{"rendered":"<div class=\"fusion-fullwidth fullwidth-box fusion-builder-row-1 nonhundred-percent-fullwidth non-hundred-percent-height-scrolling\" style=\"--awb-border-radius-top-left:0px;--awb-border-radius-top-right:0px;--awb-border-radius-bottom-right:0px;--awb-border-radius-bottom-left:0px;--awb-padding-bottom:50px;--awb-flex-wrap:wrap;\" ><div class=\"fusion-builder-row fusion-row\"><div class=\"fusion-layout-column fusion_builder_column fusion-builder-column-0 fusion_builder_column_1_1 1_1 fusion-one-full fusion-column-first fusion-column-last max1200\" style=\"--awb-bg-size:cover;\"><div class=\"fusion-column-wrapper fusion-column-has-shadow fusion-flex-column-wrapper-legacy\"><div class=\"fusion-text fusion-text-1\"><h1 style=\"text-align: center;\">C\u00f3digo de Conducta del proveedor<\/h1>\n<p><strong>La integridad del negocio<\/strong><\/p>\n<p>Todas las formas de soborno, corrupci\u00f3n, extorsi\u00f3n y malversaci\u00f3n est\u00e1n estrictamente prohibidas. El proveedor no se aprovechar\u00e1 injustamente de Optimas ni de ninguna otra persona a trav\u00e9s del abuso de informaci\u00f3n privilegiada o de propiedad, tergiversaci\u00f3n de hechos materiales o cualquier otra pr\u00e1ctica injusta o deshonesta.<\/p>\n<p><strong><br \/>\nConflictos de inter\u00e9s<\/strong><\/p>\n<p>El Proveedor no solicitar\u00e1 ni contratar\u00e1 a los empleados de Optimas ni a sus familiares para que act\u00faen como funcionarios, directores, empleados, agentes o consultores del Proveedor, excepto con el consentimiento del Asesor General de Optimas.<\/p>\n<p><strong><br \/>\nCompetici\u00f3n justa<\/strong><\/p>\n<p>El proveedor deber\u00e1 cumplir con todas las leyes antimonopolio y anticompetitivas aplicables a sus actividades comerciales.<\/p>\n<p><em>declaraci\u00f3n Universal de los Derechos Humanos<\/em><\/p>\n<p>El proveedor proporcionar\u00e1 a sus empleados un entorno de trabajo justo, seguro y no discriminatorio consistente con la Declaraci\u00f3n Universal de Derechos Humanos bajo el Pacto Mundial de las Naciones Unidas.<\/p>\n<p><em>De acuerdo con las leyes<\/em><\/p>\n<p>El proveedor deber\u00e1 cumplir plenamente con todas las leyes y regulaciones nacionales, estatales y locales aplicables, incluidas, entre otras, las relacionadas con el trabajo, la inmigraci\u00f3n, la salud y la seguridad, y el medio ambiente.<\/p>\n<p><em>Trabajo voluntario y derechos laborales<\/em><\/p>\n<p>Toda la mano de obra del proveedor debe ser voluntaria. No se utilizar\u00e1 trabajo infantil o trabajo forzado, ya sea en forma de trabajo en prisi\u00f3n, trabajo por contrato, trabajo en condiciones de servidumbre u otros. El proveedor reconoce el derecho de los empleados a la negociaci\u00f3n colectiva y la libertad de asociaci\u00f3n.<\/p>\n<p><em>No discriminaci\u00f3n<\/em><\/p>\n<p>El proveedor no discriminar\u00e1 por sexo, raza, color, religi\u00f3n, edad, discapacidad, orientaci\u00f3n sexual, identidad de g\u00e9nero, nacionalidad, informaci\u00f3n gen\u00e9tica, opini\u00f3n pol\u00edtica u origen social o \u00e9tnico.<\/p>\n<p><em>Acoso y abuso<\/em><\/p>\n<p>Cada empleado ser\u00e1 tratado con respeto y dignidad, y ning\u00fan empleado estar\u00e1 sujeto a ning\u00fan tipo de acoso o abuso f\u00edsico, sexual o psicol\u00f3gico.<\/p>\n<p><em>Salud y seguridad<\/em><\/p>\n<p>El proveedor debe proporcionar un ambiente de trabajo seguro y saludable para prevenir accidentes y lesiones de acuerdo con las leyes nacionales, estatales y locales. Se deben tomar medidas proactivas para prevenir los peligros en el lugar de trabajo.<\/p>\n<p><em>Ambiental<\/em><\/p>\n<p>El proveedor deber\u00e1 cumplir con todas las leyes y regulaciones ambientales nacionales, estatales y locales aplicables. El proveedor se esforzar\u00e1 por promover la responsabilidad ambiental.<\/p>\n<p><strong><br \/>\nL\u00ednea directa de \u00e9tica<\/strong><\/p>\n<p>Alentamos a que cualquier violaci\u00f3n de este C\u00f3digo se informe a Optimas AlertLine. Los informes se pueden enviar en l\u00ednea de forma an\u00f3nima. <a href=\"https:\/\/app.convercent.com\/en-us\/LandingPage\/07fff61e-834f-e711-80dd-000d3ab1117e\" target=\"_blank\" rel=\"noopener nofollow\">aqu\u00ed.<\/a><\/p>\n<p><em>Cumplimiento de esta pol\u00edtica<\/em><\/p>\n<p>Los proveedores deben tomar medidas razonables para garantizar que este C\u00f3digo de conducta del proveedor se comunique a trav\u00e9s de sus organizaciones y cadena de suministro. Al enterarse de cualquier incumplimiento de este C\u00f3digo de conducta del proveedor, el Proveedor debe informarlo a Optimas de inmediato. El incumplimiento de un Proveedor de este C\u00f3digo de conducta del proveedor puede ser motivo para que Optimas termine su relaci\u00f3n con el Proveedor, dependiendo de la gravedad de la violaci\u00f3n y las circunstancias particulares.<\/p>\n<\/div><div class=\"fusion-clearfix\"><\/div><\/div><\/div><\/div><\/div>","protected":false},"excerpt":{"rendered":"","protected":false},"author":1,"featured_media":0,"parent":0,"menu_order":0,"comment_status":"closed","ping_status":"closed","template":"","meta":{"_acf_changed":false,"content-type":"","footnotes":""},"class_list":["post-2015","page","type-page","status-publish","hentry"],"acf":[],"_links":{"self":[{"href":"https:\/\/optimas.com\/es\/wp-json\/wp\/v2\/pages\/2015","targetHints":{"allow":["GET"]}}],"collection":[{"href":"https:\/\/optimas.com\/es\/wp-json\/wp\/v2\/pages"}],"about":[{"href":"https:\/\/optimas.com\/es\/wp-json\/wp\/v2\/types\/page"}],"author":[{"embeddable":true,"href":"https:\/\/optimas.com\/es\/wp-json\/wp\/v2\/users\/1"}],"replies":[{"embeddable":true,"href":"https:\/\/optimas.com\/es\/wp-json\/wp\/v2\/comments?post=2015"}],"version-history":[{"count":0,"href":"https:\/\/optimas.com\/es\/wp-json\/wp\/v2\/pages\/2015\/revisions"}],"wp:attachment":[{"href":"https:\/\/optimas.com\/es\/wp-json\/wp\/v2\/media?parent=2015"}],"curies":[{"name":"wp","href":"https:\/\/api.w.org\/{rel}","templated":true}]}}