{"id":3,"date":"2019-10-11T20:57:42","date_gmt":"2019-10-11T20:57:42","guid":{"rendered":"https:\/\/optimas.com\/?page_id=3"},"modified":"2026-04-06T15:09:07","modified_gmt":"2026-04-06T20:09:07","slug":"privacy-policy","status":"publish","type":"page","link":"https:\/\/optimas.com\/es\/privacy-policy\/","title":{"rendered":"Pol\u00edtica de privacidad"},"content":{"rendered":"<div class=\"fusion-fullwidth fullwidth-box fusion-builder-row-1 nonhundred-percent-fullwidth non-hundred-percent-height-scrolling\" style=\"--awb-border-radius-top-left:0px;--awb-border-radius-top-right:0px;--awb-border-radius-bottom-right:0px;--awb-border-radius-bottom-left:0px;--awb-padding-bottom:50px;--awb-flex-wrap:wrap;\" ><div class=\"fusion-builder-row fusion-row\"><div class=\"fusion-layout-column fusion_builder_column fusion-builder-column-0 fusion_builder_column_1_1 1_1 fusion-one-full fusion-column-first fusion-column-last max1200\" style=\"--awb-bg-size:cover;--awb-margin-bottom:0px;\"><div class=\"fusion-column-wrapper fusion-column-has-shadow fusion-flex-column-wrapper-legacy\"><div class=\"fusion-text fusion-text-1\"><p style=\"text-align: left;\"><strong>Declaracion de privacidad<\/strong><\/p>\n<p>Optimas OE Solutions y sus entidades afiliadas (Optimas), han reconocido desde hace mucho tiempo que las personas, y seg\u00fan sea el caso, las personas jur\u00eddicas, con quienes realizamos negocios valoran sus datos personales. Las tecnolog\u00edas modernas de informaci\u00f3n y comunicaci\u00f3n juegan un papel fundamental en las actividades de Optimas. El objetivo de Optimas es equilibrar los beneficios del comercio electr\u00f3nico con el derecho de las personas y, seg\u00fan sea el caso, de las personas jur\u00eddicas para evitar el uso indebido de sus datos personales.<\/p>\n<p>La informaci\u00f3n que nos proporcione o que obtengamos sobre usted siempre se utilizar\u00e1 exclusivamente para los fines enumerados a continuaci\u00f3n para respaldar su relaci\u00f3n de cliente con Optimas. No ser\u00e1 entregado o vendido a ninguna organizaci\u00f3n externa para su uso en marketing y solicitaci\u00f3n.<\/p>\n<\/div><div class=\"fusion-sep-clear\"><\/div><div class=\"fusion-separator\" style=\"margin-left: auto;margin-right: auto;margin-top:15px;margin-bottom:30px;width:100%;max-width:300px;\"><div class=\"fusion-separator-border sep-single sep-solid\" style=\"--awb-height:20px;--awb-amount:20px;border-color:#e0dede;border-top-width:1px;\"><\/div><\/div><div class=\"fusion-sep-clear\"><\/div><div class=\"fusion-text fusion-text-2 in-cont\" style=\"--awb-text-transform:none;\"><p><strong>La recopilaci\u00f3n, procesamiento, transferencia y uso de datos personales<\/strong><\/p>\n<p>En algunas circunstancias, Optimas puede solicitarle informaci\u00f3n personal, como su nombre, direcci\u00f3n de correo electr\u00f3nico, nombre de la empresa, direcci\u00f3n comercial, nombres de dominio, n\u00fameros de tel\u00e9fono o fax, historial de compras e informaci\u00f3n de pedidos (en conjunto, los &quot;datos personales&quot;). Su respuesta a las preguntas de Optimas es estrictamente voluntaria. Optimas tambi\u00e9n recopila informaci\u00f3n sobre usted con respecto al uso de este sitio. Esta informaci\u00f3n se recopila autom\u00e1ticamente y no requiere ninguna acci\u00f3n por su parte y abarca informaci\u00f3n sobre si visita nuestro sitio, con qu\u00e9 frecuencia visita y qu\u00e9 partes del sitio visita con m\u00e1s frecuencia.<\/p>\n<p>Optimas utiliza sus datos personales para mejorar sus ofertas basadas en la web, as\u00ed como para otros fines comerciales, como alertarlo sobre productos y servicios que pueden ayudarlo en su negocio, promover el registro en nuestros sitios y asistirlo para el procesamiento de pedidos y despu\u00e9s -servicios de ventas, por correo electr\u00f3nico, correo postal, fax o llam\u00e1ndolo. Podemos utilizar sus datos personales para enviarle m\u00e1s informaci\u00f3n sobre los productos o servicios de Optimas, adem\u00e1s de la informaci\u00f3n espec\u00edfica que solicite o que necesitemos enviarle. Podemos enviar esta informaci\u00f3n por correo electr\u00f3nico, correo postal, fax o llam\u00e1ndole.<\/p>\n<p>En general, puede visitar nuestros sitios web sin divulgar ninguna informaci\u00f3n personal. Sin embargo, hay \u00e1reas de este sitio que requieren esta informaci\u00f3n para completar las funciones de personalizaci\u00f3n y pueden no estar disponibles para aquellos que eligen no revelar la informaci\u00f3n solicitada.<\/p>\n<p><strong>Ubicaci\u00f3n de sus datos personales<\/strong><\/p>\n<p>Dado que Optimas opera a nivel internacional, es posible que necesitemos poner sus datos personales a disposici\u00f3n de empresas y \/ o sucursales dentro de nuestro grupo que puedan estar ubicadas fuera de su jurisdicci\u00f3n y \/ o del \u00c1rea Econ\u00f3mica Europea, especialmente en pa\u00edses que no ofrecen el mismo nivel de protecci\u00f3n de datos personales como en su jurisdicci\u00f3n y \/ o el Espacio Econ\u00f3mico Europeo, nuevamente para los fines descritos aqu\u00ed anteriormente.<\/p>\n<p>En particular, Optimas transferir\u00e1 la totalidad o parte de dichos registros a la sede de su grupo ubicada en los Estados Unidos. En cualquier caso, Optimas har\u00e1 todo lo posible para garantizar que los datos transferidos fuera de su jurisdicci\u00f3n y \/ o el Espacio Econ\u00f3mico Europeo permanezcan sujetos al mismo r\u00e9gimen de seguridad y confidencialidad al que habr\u00edan estado sujetos si se encontraran dentro de su jurisdicci\u00f3n y \/ o el Espacio Econ\u00f3mico Europeo. Si se opone a la transferencia de sus datos personales, consulte la secci\u00f3n a continuaci\u00f3n, Sus derechos y su consentimiento.<\/p>\n<p><strong>Divulgaci\u00f3n a terceros<\/strong><\/p>\n<p>Optimas puede divulgar estad\u00edsticas agregadas sobre los visitantes, clientes y ventas de su (s) sitio (s) para describir sus servicios a posibles socios, anunciantes y otros terceros de buena reputaci\u00f3n y para otros fines legales, pero estas estad\u00edsticas no incluir\u00e1n informaci\u00f3n de identificaci\u00f3n personal o identificable. Optimas puede revelar datos personales si as\u00ed lo exige la ley o si cree que dicha acci\u00f3n es necesaria para proteger y defender los derechos, la propiedad o la seguridad personal de Optimas o sus empleados, sus sitios o visitantes de los mismos.<\/p>\n<p><strong>Uso de cookies<\/strong><\/p>\n<p>Una cookie es una peque\u00f1a pieza de informaci\u00f3n enviada por un servidor de sitio web y almacenada por su navegador en su disco duro. La mayor\u00eda de los navegadores web aceptan autom\u00e1ticamente las cookies, pero puede cambiar su navegador para evitarlo.<\/p>\n<p>Utilizamos cookies y otras tecnolog\u00edas para rastrear a los visitantes de los sitios y ayudar a mejorar la calidad del funcionamiento de un sitio web. Las cookies utilizadas por este sitio no contienen ninguna informaci\u00f3n de identificaci\u00f3n personal. No podemos identificar a un cliente, a menos que esa informaci\u00f3n se proporcione voluntariamente.<\/p>\n<p>NOTA: Si configura su computadora para bloquear las cookies, es posible que no pueda acceder a ciertas funciones del sitio.<\/p>\n<a role='button' tabindex='0' class=\"medium cli-plugin-button cli-plugin-main-button cli_settings_button\">Cookie settings<\/a>\n<p><strong>Seguridad<\/strong><\/p>\n<p>En Optimas, nuestra filosof\u00eda empresarial gira en torno a los clientes y a ganar su confianza. Damos la m\u00e1xima importancia a la protecci\u00f3n de la informaci\u00f3n transmitida a trav\u00e9s de los sitios y tomaremos precauciones de seguridad para proteger toda esa informaci\u00f3n. Nuestro software de servidor seguro (Secure Socket Layer) es el est\u00e1ndar de la industria y se encuentra entre las mejores soluciones disponibles hoy para transacciones comerciales seguras. Toda su sesi\u00f3n utiliza certificados proporcionados por VeriSign para encriptar toda la informaci\u00f3n personal (incluidos el nombre y la direcci\u00f3n, el nombre del titular de la tarjeta de cr\u00e9dito, el n\u00famero \/ fecha de vencimiento), de modo que un tercero no pueda leerla mientras la informaci\u00f3n viaja por Internet.<\/p>\n<p><strong>Enlaces a otros sitios web<\/strong><\/p>\n<p>Este sitio contiene enlaces a sitios no operados por Optimas. Optimas no es responsable de las pol\u00edticas de protecci\u00f3n de datos o del contenido de dichos sitios.<\/p>\n<p><strong>Tus derechos y tu consentimiento<\/strong><\/p>\n<p>You may at any time review or ask for the rectification of your personal data held by Optimas as well as opt out, at no charge, from any further use of the same personal data, such as for direct marketing purposes, or transfer of same, by contacting us at Optimas OE Solutions, 1441 N. Wood Dale Road, Wood Dale, IL 60191, US or via e-mail at info@optimas.com.<\/p>\n<p>By using Optimas&#8217; web site(s), and providing your personal data to Optimas and\/or generating personal data through such web site(s), you consent to the processing and transfer outside your jurisdiction and\/or the European Economic Area of your personal data as set out in this data protection statement. Optimas reserves the right to change, modify or update this statement at any time. In such event, a notice will be posted for one month on the web site. If you do not accept the change, modification or update, you may object to any further use of your personal data by contacting us at Optimas OE Solutions, 1441 N. Wood Dale Road, Wood Dale, IL 60191, US or via e-mail at info@optimas.com.<\/p>\n<p>Si tiene alguna pregunta sobre esta declaraci\u00f3n de protecci\u00f3n de datos, las pr\u00e1cticas de procesamiento de datos de Optimas o sus tratos con uno de los sitios web de Optimas, puede contactarnos en info@optimas.com.<\/p>\n<p><strong>Informaci\u00f3n personal Venta de exclusi\u00f3n voluntaria y derechos de suscripci\u00f3n<\/strong><br \/>\nSi tiene 16 a\u00f1os de edad o m\u00e1s, tiene derecho a indicarnos que no vendamos su informaci\u00f3n personal en ning\u00fan momento (el &quot;derecho de exclusi\u00f3n voluntaria&quot;). No vendemos la informaci\u00f3n personal de los consumidores que sabemos que tienen menos de 16 a\u00f1os de edad, a menos que recibamos una autorizaci\u00f3n afirmativa (el &quot;derecho a optar por&quot;) ya sea del consumidor que tiene al menos 13 a\u00f1os pero a\u00fan no tiene 16 a\u00f1os de edad. edad, o el padre o tutor de un consumidor menor de 13 a\u00f1os. Los consumidores que optan por las ventas de informaci\u00f3n personal pueden optar por no recibir ventas futuras en cualquier momento.<\/p>\n<p>Para ejercer el derecho de exclusi\u00f3n, usted (o su representante autorizado) puede enviarnos una solicitud visitando el siguiente enlace de la p\u00e1gina web de Internet:<\/p>\n<p style=\"text-align: center;\"><strong><a href=\"https:\/\/forms.office.com\/Pages\/ResponsePage.aspx?id=sclHHjElfkq4FdwjlTtur8CDGt_hEYdEoOJlTmKZQjhUM05HTUZWUkZRQjdWOE1MRkpTWEUyNk5VQy4u\" target=\"_blank\" rel=\"noopener noreferrer nofollow\">No venda mi informaci\u00f3n personal<\/a><\/strong><\/p>\n<p>Una vez que realice una solicitud de exclusi\u00f3n, esperaremos al menos doce (12) meses antes de pedirle que vuelva a autorizar la venta de informaci\u00f3n personal. Sin embargo, puede cambiar de opini\u00f3n y volver a optar por la venta de informaci\u00f3n personal en cualquier momento:<\/p>\n<p style=\"text-align: center;\"><strong><a href=\"https:\/\/optimas.com\/es\/contact\/\">Contactando con nosotros<\/a><\/strong><\/p>\n<p>No necesita crear una cuenta con nosotros para ejercer sus derechos de exclusi\u00f3n. Solo utilizaremos la informaci\u00f3n personal proporcionada en una solicitud de exclusi\u00f3n para revisar y cumplir con la solicitud.<\/p>\n<\/div><div class=\"fusion-clearfix\"><\/div><\/div><\/div><\/div><\/div>","protected":false},"excerpt":{"rendered":"","protected":false},"author":1,"featured_media":0,"parent":0,"menu_order":0,"comment_status":"closed","ping_status":"closed","template":"","meta":{"_acf_changed":false,"content-type":"","footnotes":""},"class_list":["post-3","page","type-page","status-publish","hentry"],"acf":[],"_links":{"self":[{"href":"https:\/\/optimas.com\/es\/wp-json\/wp\/v2\/pages\/3","targetHints":{"allow":["GET"]}}],"collection":[{"href":"https:\/\/optimas.com\/es\/wp-json\/wp\/v2\/pages"}],"about":[{"href":"https:\/\/optimas.com\/es\/wp-json\/wp\/v2\/types\/page"}],"author":[{"embeddable":true,"href":"https:\/\/optimas.com\/es\/wp-json\/wp\/v2\/users\/1"}],"replies":[{"embeddable":true,"href":"https:\/\/optimas.com\/es\/wp-json\/wp\/v2\/comments?post=3"}],"version-history":[{"count":0,"href":"https:\/\/optimas.com\/es\/wp-json\/wp\/v2\/pages\/3\/revisions"}],"wp:attachment":[{"href":"https:\/\/optimas.com\/es\/wp-json\/wp\/v2\/media?parent=3"}],"curies":[{"name":"wp","href":"https:\/\/api.w.org\/{rel}","templated":true}]}}