{"id":5356,"date":"2022-07-25T15:40:12","date_gmt":"2022-07-25T20:40:12","guid":{"rendered":"https:\/\/optimas.com\/?page_id=5356"},"modified":"2022-09-16T15:26:50","modified_gmt":"2022-09-16T20:26:50","slug":"diversity-equity-and-inclusion","status":"publish","type":"page","link":"https:\/\/optimas.com\/es\/diversity-equity-and-inclusion\/","title":{"rendered":"Diversidad, Equidad e Inclusi\u00f3n (DEI)"},"content":{"rendered":"<p><div class=\"fusion-fullwidth fullwidth-box fusion-builder-row-1 nonhundred-percent-fullwidth non-hundred-percent-height-scrolling centerMobile\" style=\"--awb-border-radius-top-left:0px;--awb-border-radius-top-right:0px;--awb-border-radius-bottom-right:0px;--awb-border-radius-bottom-left:0px;--awb-flex-wrap:wrap;\" ><div class=\"fusion-builder-row fusion-row\"><div class=\"fusion-layout-column fusion_builder_column fusion-builder-column-0 fusion_builder_column_1_1 1_1 fusion-one-full fusion-column-first fusion-column-last max1200\" style=\"--awb-bg-size:cover;\"><div class=\"fusion-column-wrapper fusion-column-has-shadow fusion-flex-column-wrapper-legacy\"><div class=\"fusion-column-content-centered\"><div class=\"fusion-column-content\"><div class=\"fusion-builder-row fusion-builder-row-inner fusion-row\"><div class=\"fusion-layout-column fusion_builder_column_inner fusion-builder-nested-column-0 fusion_builder_column_inner_2_5 2_5 fusion-two-fifth fusion-column-first\" style=\"--awb-bg-size:cover;width:40%;width:calc(40% - ( ( 4% ) * 0.4 ) );margin-right: 4%;\"><div class=\"fusion-column-wrapper fusion-column-has-shadow fusion-flex-column-wrapper-legacy\"><div class=\"fusion-image-element in-legacy-container\" style=\"--awb-margin-top:200px;--awb-max-width:300px;--awb-caption-title-font-family:var(--h2_typography-font-family);--awb-caption-title-font-weight:var(--h2_typography-font-weight);--awb-caption-title-font-style:var(--h2_typography-font-style);--awb-caption-title-size:var(--h2_typography-font-size);--awb-caption-title-transform:var(--h2_typography-text-transform);--awb-caption-title-line-height:var(--h2_typography-line-height);--awb-caption-title-letter-spacing:var(--h2_typography-letter-spacing);\"><span class=\"fusion-imageframe imageframe-none imageframe-1 hover-type-none\"><img decoding=\"async\" width=\"500\" height=\"736\" alt=\"Huella dactilar\" title=\"DEI-Huella digital-SM\" src=\"https:\/\/optimas.com\/wp-content\/uploads\/2022\/07\/DEI-Fingerprint-SM.png\" class=\"img-responsive wp-image-5376\" srcset=\"https:\/\/optimas.com\/wp-content\/uploads\/2022\/07\/DEI-Fingerprint-SM-200x294.png 200w, https:\/\/optimas.com\/wp-content\/uploads\/2022\/07\/DEI-Fingerprint-SM-400x589.png 400w, https:\/\/optimas.com\/wp-content\/uploads\/2022\/07\/DEI-Fingerprint-SM.png 500w\" sizes=\"(max-width: 800px) 100vw, 500px\" \/><\/span><\/div><div class=\"fusion-clearfix\"><\/div><\/div><\/div><div class=\"fusion-layout-column fusion_builder_column_inner fusion-builder-nested-column-1 fusion_builder_column_inner_3_5 3_5 fusion-three-fifth fusion-column-last\" style=\"--awb-bg-size:cover;width:60%;width:calc(60% - ( ( 4% ) * 0.6 ) );\"><div class=\"fusion-column-wrapper fusion-column-has-shadow fusion-flex-column-wrapper-legacy\"><div class=\"fusion-text fusion-text-1\"><h1 class=\"firstSectionAbout\">Diversidad, Equidad e Inclusi\u00f3n (DEI)<\/h1>\n<p style=\"font-size: 30px!important; line-height: 40px!important;\">Optimas se esfuerza por fomentar una cultura empresarial que coloque la diversidad, la equidad y la inclusi\u00f3n al frente de nuestra misi\u00f3n y valores. Creemos que un ambiente de trabajo saludable que aliente a la comunidad nos ayudar\u00e1 a lograr nuestros objetivos de brindar calidad y servicio excepcionales en la cadena de suministro y fabricaci\u00f3n global. Nuestros valores THREAD de trabajo en equipo, honestidad, respeto, excelencia, responsabilidad e impulso solo cobran vida cuando abrazamos a nuestros empleados diversos y hacemos de la inclusi\u00f3n una prioridad.<\/p>\n<p style=\"font-size: 30px!important; line-height: 40px!important;\">Optimas se enorgullece de su personal diverso que abarca todo el mundo. Estamos comprometidos a reconocer las perspectivas y experiencias de todos nuestros empleados, lo que nos permite aprovechar el amplio conocimiento y la experiencia de nuestro equipo.<\/p>\n<\/div><div class=\"fusion-clearfix\"><\/div><\/div><\/div><\/div><\/div><\/div><div class=\"fusion-clearfix\"><\/div><\/div><\/div><\/div><\/div><div class=\"fusion-fullwidth fullwidth-box fusion-builder-row-2 nonhundred-percent-fullwidth non-hundred-percent-height-scrolling\" style=\"--awb-border-radius-top-left:0px;--awb-border-radius-top-right:0px;--awb-border-radius-bottom-right:0px;--awb-border-radius-bottom-left:0px;--awb-background-color:#00aee0;--awb-flex-wrap:wrap;\" ><div class=\"fusion-builder-row fusion-row\"><div class=\"fusion-layout-column fusion_builder_column fusion-builder-column-1 fusion_builder_column_1_1 1_1 fusion-one-full fusion-column-first fusion-column-last max1200\" style=\"--awb-padding-top:35px;--awb-padding-right:10px;--awb-padding-bottom:35px;--awb-padding-left:10px;--awb-bg-size:cover;--awb-margin-bottom:0px;\"><div class=\"fusion-column-wrapper fusion-column-has-shadow fusion-flex-column-wrapper-legacy\"><div class=\"fusion-text fusion-text-2\"><h1><span style=\"color: #ffffff;\">Valores de diversidad, equidad e inclusi\u00f3n<\/span><\/h1>\n<ul>\n<li><span style=\"color: #ffffff;\">Alentamos a todos los empleados a compartir conscientemente sus perspectivas y experiencias para beneficiar y progresar en la misi\u00f3n de Optimas.<\/span><\/li>\n<li><span style=\"color: #ffffff;\">Nos comprometemos a dar forma a un entorno que permita a todos los empleados sentirse seguros y protegidos en su aut\u00e9ntica identidad en el trabajo.<\/span><\/li>\n<li><span style=\"color: #ffffff;\">Esperamos que el trato justo y la dignidad sean fundamentales para todas las relaciones laborales.<\/span><\/li>\n<li><span style=\"color: #ffffff;\">Nos comprometemos a escuchar activamente a nuestros empleados para aprender a mejorar y crecer juntos como empresa.<\/span><\/li>\n<li><span style=\"color: #ffffff;\">Nos dedicamos a la continuaci\u00f3n de la cultura consciente de equidad, diversidad e inclusi\u00f3n de Optimas.<\/span><\/li>\n<\/ul>\n<\/div><div class=\"fusion-clearfix\"><\/div><\/div><\/div><\/div><\/div><div class=\"fusion-fullwidth fullwidth-box fusion-builder-row-3 nonhundred-percent-fullwidth non-hundred-percent-height-scrolling\" style=\"--awb-border-radius-top-left:0px;--awb-border-radius-top-right:0px;--awb-border-radius-bottom-right:0px;--awb-border-radius-bottom-left:0px;--awb-padding-top:60px;--awb-padding-bottom:0px;--awb-flex-wrap:wrap;\" ><div class=\"fusion-builder-row fusion-row\"><div class=\"fusion-layout-column fusion_builder_column fusion-builder-column-2 fusion_builder_column_1_1 1_1 fusion-one-full fusion-column-first fusion-column-last max1200\" style=\"--awb-bg-size:cover;\"><div class=\"fusion-column-wrapper fusion-column-has-shadow fusion-flex-column-wrapper-legacy\"><div class=\"fusion-builder-row fusion-builder-row-inner fusion-row\"><div class=\"fusion-layout-column fusion_builder_column_inner fusion-builder-nested-column-2 fusion_builder_column_inner_1_1 1_1 fusion-one-full fusion-column-first fusion-column-last\" style=\"--awb-bg-size:cover;\"><div class=\"fusion-column-wrapper fusion-column-has-shadow fusion-flex-column-wrapper-legacy\"><div class=\"fusion-text fusion-text-3\"><h1>Iniciativas de diversidad, equidad e inclusi\u00f3n<\/h1>\n<h3><strong>Cultura de Promoci\u00f3n Equitativa de Marketing Optimas<\/strong><\/h3>\n<p>Optimas se enorgullece de su cultura de promoci\u00f3n basada en la necesidad. Nuestro objetivo es tomar decisiones comerciales inteligentes y calculadas que beneficien a la empresa en su conjunto.<\/p>\n<h3><strong>Eventos multiculturales<\/strong><\/h3>\n<p>Optimas fomenta la celebraci\u00f3n de todos los eventos culturales a nivel nacional e internacional.<\/p>\n<h3><strong>Firma de correo electr\u00f3nico, adici\u00f3n de pronombres<\/strong><\/h3>\n<p>Para mostrar la dedicaci\u00f3n de Optimas a la inclusi\u00f3n, invitamos a todos nuestros empleados a incluir sus pronombres preferidos en las firmas de correo electr\u00f3nico de su empresa.<\/p>\n<h3><strong>festivales de comida<\/strong><\/h3>\n<p>Optimas patrocina Food Fests centrados en destacar diversas comidas y tradiciones culturales. Hacemos esto para reconocer y apoyar a nuestros diversos empleados.<\/p>\n<h3><strong>Iniciativas educativas<\/strong><\/h3>\n<p>Optimas brinda educaci\u00f3n relacionada con DEI a todos los empleados para ampliar sus conocimientos y promover el entendimiento entre colegas. Esto tambi\u00e9n incluye comprometerse con la escucha activa.<\/p>\n<\/div><div class=\"fusion-sep-clear\"><\/div><div class=\"fusion-separator fusion-full-width-sep\" style=\"margin-left: auto;margin-right: auto;margin-top:15px;margin-bottom:35px;width:100%;\"><\/div><div class=\"fusion-sep-clear\"><\/div><div class=\"fusion-text fusion-text-4\"><h1>Pol\u00edtica de Diversidad, Equidad e Inclusi\u00f3n<\/h1>\n<h3><strong>Datos e informes<\/strong><\/h3>\n<p>Optimas realiza un seguimiento de las estad\u00edsticas internas de los empleados por g\u00e9nero y etnia y publica los datos demogr\u00e1ficos en todas las revisiones comerciales mensuales y en las reuniones trimestrales de la junta. Pedimos a nuestros empleados que autoinformen su origen \u00e9tnico para que tengamos los datos m\u00e1s precisos. Esto se hace a trav\u00e9s de Employee Self Service en UltiPro.<\/p>\n<h3><strong>Contrataci\u00f3n y Reclutamiento<\/strong><\/h3>\n<p>Optimas se compromete a tener una lista de candidatos diversos para todos los puestos disponibles. Capacitamos a nuestro equipo de reclutamiento interno para encontrar al mejor candidato independientemente de su raza, etnia, g\u00e9nero, orientaci\u00f3n, presentaci\u00f3n, religi\u00f3n, discapacidad f\u00edsica o mental o edad. Desarrollamos nuestras descripciones de trabajo con un lenguaje neutral para asegurarnos de atraer todo tipo de candidatos. Nuestro objetivo es contratar al candidato m\u00e1s calificado para el trabajo.<\/p>\n<h3><strong>Comunidad y Cultura<\/strong><\/h3>\n<p>Optimas alienta a todos los empleados a formar parte de los Grupos de recursos para empleados (ERG) establecidos. Queremos que todos los empleados tengan voz y un espacio seguro dentro de nuestra empresa. Patrocinamos y celebramos eventos culturales globales a nivel local todos los meses para continuar mejorando la competencia cultural de Optimas como empresa. Optimas apoya los esfuerzos de base de nuestros empleados para participar en el servicio comunitario y eventos patrocinados por el servicio comunitario.<\/p>\n<h3><strong>Educaci\u00f3n<\/strong><\/h3>\n<p>Optimas brinda educaci\u00f3n centrada en DEI a todos los empleados para facilitar la conciencia y la inclusi\u00f3n, lo que contin\u00faa fomentando un ambiente de trabajo positivo y productivo. En nuestro proceso de incorporaci\u00f3n para todos los empleados nuevos, utilizamos Optimas Institute para educar a todos sobre nuestra iniciativa DEI.<\/p>\n<\/div><div class=\"fusion-clearfix\"><\/div><\/div><\/div><\/div><div class=\"fusion-clearfix\"><\/div><\/div><\/div><\/div><\/div><div class=\"fusion-fullwidth fullwidth-box fusion-builder-row-4 nonhundred-percent-fullwidth non-hundred-percent-height-scrolling\" style=\"--awb-border-radius-top-left:0px;--awb-border-radius-top-right:0px;--awb-border-radius-bottom-right:0px;--awb-border-radius-bottom-left:0px;--awb-padding-top:50px;--awb-padding-bottom:30px;--awb-background-color:#54565a;--awb-flex-wrap:wrap;\" ><div class=\"fusion-builder-row fusion-row\"><div class=\"fusion-layout-column fusion_builder_column fusion-builder-column-3 fusion_builder_column_1_1 1_1 fusion-one-full fusion-column-first fusion-column-last max1200\" style=\"--awb-bg-size:cover;\"><div class=\"fusion-column-wrapper fusion-column-has-shadow fusion-flex-column-wrapper-legacy\"><div class=\"fusion-builder-row fusion-builder-row-inner fusion-row\"><div class=\"fusion-layout-column fusion_builder_column_inner fusion-builder-nested-column-3 fusion_builder_column_inner_1_3 1_3 fusion-one-third fusion-column-first\" style=\"--awb-bg-size:cover;width:33.3333333333%;width:calc(33.3333333333% - ( ( 4% ) * 0.333333333333 ) );margin-right: 4%;\"><div class=\"fusion-column-wrapper fusion-column-has-shadow fusion-flex-column-wrapper-legacy\"><div class=\"fusion-text fusion-text-5\"><h1 style=\"color: #fff; margin: 0;\">Empiece hoy<\/h1>\n<\/div><div class=\"fusion-clearfix\"><\/div><\/div><\/div><div class=\"fusion-layout-column fusion_builder_column_inner fusion-builder-nested-column-4 fusion_builder_column_inner_2_3 2_3 fusion-two-third fusion-column-last\" style=\"--awb-bg-size:cover;width:66.6666666667%;width:calc(66.6666666667% - ( ( 4% ) * 0.666666666667 ) );\"><div class=\"fusion-column-wrapper fusion-column-has-shadow fusion-flex-column-wrapper-legacy\"><div class=\"fusion-text fusion-text-6\"><h3><span style=\"color: #ffffff;\">Conoce m\u00e1s sobre nuestra empresa<\/span><\/h3>\n<p><a class=\"linkSpeakExpert\" href=\"https:\/\/optimas.com\/wp-content\/uploads\/2021\/03\/company_overview.pdf\">DESCARGAR LA VISI\u00d3N GENERAL DE LA COMPA\u00d1\u00cdA<\/a><\/p>\n<\/div><div class=\"fusion-clearfix\"><\/div><\/div><\/div><\/div><div class=\"fusion-clearfix\"><\/div><\/div><\/div><\/div><\/div><\/p>","protected":false},"excerpt":{"rendered":"","protected":false},"author":3,"featured_media":2832,"parent":0,"menu_order":0,"comment_status":"closed","ping_status":"closed","template":"","meta":{"_acf_changed":false,"content-type":"","footnotes":""},"class_list":["post-5356","page","type-page","status-publish","has-post-thumbnail","hentry"],"acf":[],"_links":{"self":[{"href":"https:\/\/optimas.com\/es\/wp-json\/wp\/v2\/pages\/5356","targetHints":{"allow":["GET"]}}],"collection":[{"href":"https:\/\/optimas.com\/es\/wp-json\/wp\/v2\/pages"}],"about":[{"href":"https:\/\/optimas.com\/es\/wp-json\/wp\/v2\/types\/page"}],"author":[{"embeddable":true,"href":"https:\/\/optimas.com\/es\/wp-json\/wp\/v2\/users\/3"}],"replies":[{"embeddable":true,"href":"https:\/\/optimas.com\/es\/wp-json\/wp\/v2\/comments?post=5356"}],"version-history":[{"count":0,"href":"https:\/\/optimas.com\/es\/wp-json\/wp\/v2\/pages\/5356\/revisions"}],"wp:featuredmedia":[{"embeddable":true,"href":"https:\/\/optimas.com\/es\/wp-json\/wp\/v2\/media\/2832"}],"wp:attachment":[{"href":"https:\/\/optimas.com\/es\/wp-json\/wp\/v2\/media?parent=5356"}],"curies":[{"name":"wp","href":"https:\/\/api.w.org\/{rel}","templated":true}]}}