{"id":55,"date":"2019-10-12T04:25:20","date_gmt":"2019-10-12T04:25:20","guid":{"rendered":"https:\/\/optimas.com\/?page_id=55"},"modified":"2024-10-16T08:38:48","modified_gmt":"2024-10-16T13:38:48","slug":"industries","status":"publish","type":"page","link":"https:\/\/optimas.com\/es\/about-us\/industries\/","title":{"rendered":"Industrias"},"content":{"rendered":"<p><div class=\"fusion-fullwidth fullwidth-box fusion-builder-row-1 nonhundred-percent-fullwidth non-hundred-percent-height-scrolling\" style=\"--awb-border-radius-top-left:0px;--awb-border-radius-top-right:0px;--awb-border-radius-bottom-right:0px;--awb-border-radius-bottom-left:0px;--awb-background-color:#80bc00;--awb-flex-wrap:wrap;\" ><div class=\"fusion-builder-row fusion-row\"><div class=\"fusion-layout-column fusion_builder_column fusion-builder-column-0 fusion_builder_column_1_1 1_1 fusion-one-full fusion-column-first fusion-column-last max1200\" style=\"--awb-padding-top:35px;--awb-padding-right:10px;--awb-padding-bottom:35px;--awb-padding-left:10px;--awb-bg-size:cover;--awb-margin-bottom:0px;\"><div class=\"fusion-column-wrapper fusion-column-has-shadow fusion-flex-column-wrapper-legacy\"><div class=\"fusion-text fusion-text-1\"><h1 style=\"color: #ffffff; text-align: center;\">Servimos a una Amplia Gama de Industrias<\/h1>\n<\/div><div class=\"fusion-text fusion-text-2\"><p style=\"text-align: center;\"><span style=\"color: #ffffff; font-size: 25px!important;\">Nos asociamos exitosamente con m\u00e1s de 5,000 clientes porque entendemos y atendemos sus necesidades individuales. Con nuestro compromiso con las mejores pr\u00e1cticas de la industria, mejoramos las operaciones de nuestros clientes con una extensa red de centros de distribuci\u00f3n, laboratorios de calidad, instalaciones de fabricaci\u00f3n, una amplia gama de productos y proveedores confiables de calidad.<\/span><\/p>\n<\/div><div class=\"fusion-clearfix\"><\/div><\/div><\/div><\/div><\/div><div class=\"fusion-fullwidth fullwidth-box fusion-builder-row-2 nonhundred-percent-fullwidth non-hundred-percent-height-scrolling\" style=\"--awb-border-radius-top-left:0px;--awb-border-radius-top-right:0px;--awb-border-radius-bottom-right:0px;--awb-border-radius-bottom-left:0px;--awb-padding-top:60px;--awb-flex-wrap:wrap;\" ><div class=\"fusion-builder-row fusion-row\"><div class=\"fusion-layout-column fusion_builder_column fusion-builder-column-1 fusion_builder_column_1_1 1_1 fusion-one-full fusion-column-first fusion-column-last max1200\" style=\"--awb-bg-size:cover;\"><div class=\"fusion-column-wrapper fusion-column-has-shadow fusion-flex-column-wrapper-legacy\"><div class=\"industry-cols\">\n\t<div class=\"colIndustry\">\n\t\t<center><img decoding=\"async\" src=\"\/wp-content\/uploads\/2019\/12\/01-1.jpg\"><h4>AGR\u00cdCOLA,<br\/>C\u00c9SPED Y JARD\u00cdN<\/h4><\/center>\n\t<\/div>\n\t<div class=\"colIndustry\">\n\t\t<center><img decoding=\"async\" src=\"\/wp-content\/uploads\/2019\/12\/02-1.jpg\"><h4>ELECTRODOM\u00c9STICOS Y EQUIPOS<\/h4><\/center>\n\t<\/div>\n\t<div class=\"colIndustry\">\n\t\t<center><img decoding=\"async\" src=\"\/wp-content\/uploads\/2019\/12\/03.jpg\"><h4>AUTOMOTRIZ<\/h4><\/center>\n\t<\/div>\n\t<div class=\"colIndustry\">\n\t\t<center><img decoding=\"async\" src=\"\/wp-content\/uploads\/2019\/12\/04.jpg\"><h4>CONSTRUCCION Y MINERIA<\/h4><\/center>\n\t<\/div>\n\t<div class=\"colIndustry\">\n\t\t<center><img decoding=\"async\" src=\"\/wp-content\/uploads\/2019\/12\/05.jpg\"><h4>VEH\u00cdCULOS EL\u00c9CTRICOS E INFRAESTRUCTURA<\/h4><\/center>\n\t<\/div>\n\n\t<div class=\"colIndustry\">\n\t\t<center><img decoding=\"async\" src=\"\/wp-content\/uploads\/2019\/12\/07.jpg\"><h4>CUIDADO DE LA SALUD<\/h4><\/center>\n\t<\/div>\n\t<div class=\"colIndustry\">\n\t\t<center><img decoding=\"async\" src=\"\/wp-content\/uploads\/2019\/12\/08.jpg\"><h4>CALEFACCI\u00d3N Y<br\/>ENFRIAMIENTO<\/h4><\/center>\n\t<\/div>\n\t<div class=\"colIndustry\">\n\t\t<center><img decoding=\"async\" src=\"\/wp-content\/uploads\/2019\/12\/09.jpg\"><h4>PESADO <br\/>CAMI\u00d3N Y AUTOB\u00daS<\/h4><\/center>\n\t<\/div>\n\t<div class=\"colIndustry\">\n\t\t<center><img decoding=\"async\" src=\"\/wp-content\/uploads\/2019\/12\/10.jpg\"><h4>MAQUNAR\u00cdA INDUSTRIAL<\/h4><\/center>\n\t<\/div>\n\t<div class=\"colIndustry\">\n\t\t<center><img decoding=\"async\" src=\"\/wp-content\/uploads\/2024\/02\/Lighting.jpg\"><h4>ENCENDIENDO<\/h4><\/center>\n\t<\/div>\n\n\t<div class=\"colIndustry\">\n\t\t<center><img decoding=\"async\" src=\"\/wp-content\/uploads\/2019\/12\/11.jpg\"><h4>EQUIPOS PARA MANEJO DE MATERIAL<\/h4><\/center>\n\t<\/div>\n\t\t<div class=\"colIndustry\">\n\t\t<center><img decoding=\"async\" src=\"\/wp-content\/uploads\/2024\/02\/Medical.jpg\"><h4>M\u00c9DICO<\/h4><\/center>\n\t<\/div>\n\t<div class=\"colIndustry\">\n\t\t<center><img decoding=\"async\" src=\"\/wp-content\/uploads\/2019\/12\/12.jpg\"><h4>ENERG\u00cdA<\/h4><\/center>\n\t<\/div>\n\t<div class=\"colIndustry\">\n\t\t<center><img decoding=\"async\" src=\"\/wp-content\/uploads\/2019\/12\/13.jpg\"><h4>RENOVABLE <br\/>ENERG\u00cdA<\/h4><\/center>\n\t<\/div>\n\t<div class=\"colIndustry\">\n\t\t<center><img decoding=\"async\" src=\"\/wp-content\/uploads\/2019\/12\/14.jpg\"><h4>TECNOLOG\u00cdA Y ELECTR\u00d3NICA<\/h4><\/center>\n\t<\/div>\n\t<div class=\"colIndustry\">\n\t\t<center><img decoding=\"async\" src=\"\/wp-content\/uploads\/2019\/12\/15.jpg\"><h4>TRANSPORTE Y FERROCARRIL<\/h4><\/center>\n\t<\/div>\n\t<div class=\"colIndustry\">\n\t\t<center><img decoding=\"async\" src=\"\/wp-content\/uploads\/2024\/02\/trailer-icon-e1687175496622.jpg\"><h4>CAMI\u00d3N &amp;<br\/> REMOLQUE<\/h4><\/center>\n\t<\/div>\n\t<div class=\"colIndustry\">\n\t\t<center><img decoding=\"async\" src=\"\/wp-content\/uploads\/2019\/12\/16.jpg\"><h4>T\u00daNELES<\/h4><\/center>\n\t<\/div>\n<\/div><div class=\"fusion-clearfix\"><\/div><\/div><\/div><\/div><\/div><div class=\"fusion-fullwidth fullwidth-box fusion-builder-row-3 nonhundred-percent-fullwidth non-hundred-percent-height-scrolling\" style=\"--awb-border-radius-top-left:0px;--awb-border-radius-top-right:0px;--awb-border-radius-bottom-right:0px;--awb-border-radius-bottom-left:0px;--awb-flex-wrap:wrap;\" ><div class=\"fusion-builder-row fusion-row\"><div class=\"fusion-layout-column fusion_builder_column fusion-builder-column-2 fusion_builder_column_1_1 1_1 fusion-one-full fusion-column-first fusion-column-last max1200\" style=\"--awb-padding-bottom:40px;--awb-bg-size:cover;\"><div class=\"fusion-column-wrapper fusion-column-has-shadow fusion-flex-column-wrapper-legacy\"><div class=\"fusion-text fusion-text-3\"><p style=\"font-size: 16px!important;\">ESTE ES UN VISTAZO DE LAS INDUSTRIAS QUE SERVIMOS<\/p>\n<\/div><div class=\"fusion-sep-clear\"><\/div><div class=\"fusion-separator fusion-full-width-sep\" style=\"margin-left: auto;margin-right: auto;margin-top:50px;width:100%;\"><\/div><div class=\"fusion-sep-clear\"><\/div><div class=\"fusion-text fusion-text-4\"><p style=\"text-align: center;\"><a class=\"linkOrangeButton\" href=\"\/es\/resources\/\">VEA NUESTROS CASOS DE ESTUDIO<\/a><\/p>\n<\/div><div class=\"fusion-clearfix\"><\/div><\/div><\/div><\/div><\/div><div class=\"fusion-fullwidth fullwidth-box fusion-builder-row-4 nonhundred-percent-fullwidth non-hundred-percent-height-scrolling getStarted\" style=\"--awb-border-radius-top-left:0px;--awb-border-radius-top-right:0px;--awb-border-radius-bottom-right:0px;--awb-border-radius-bottom-left:0px;--awb-padding-top:70px;--awb-padding-bottom:70px;--awb-background-color:#54565a;--awb-flex-wrap:wrap;\" ><div class=\"fusion-builder-row fusion-row\"><div class=\"fusion-layout-column fusion_builder_column fusion-builder-column-3 fusion_builder_column_1_1 1_1 fusion-one-full fusion-column-first fusion-column-last max1200\" style=\"--awb-bg-size:cover;\"><div class=\"fusion-column-wrapper fusion-column-has-shadow fusion-flex-column-wrapper-legacy\"><div class=\"fusion-builder-row fusion-builder-row-inner fusion-row\"><div class=\"fusion-layout-column fusion_builder_column_inner fusion-builder-nested-column-0 fusion_builder_column_inner_3_5 3_5 fusion-three-fifth fusion-column-first\" style=\"--awb-bg-size:cover;--awb-margin-bottom:0px;width:60%;width:calc(60% - ( ( 4% ) * 0.6 ) );margin-right: 4%;\"><div class=\"fusion-column-wrapper fusion-column-has-shadow fusion-flex-column-wrapper-legacy\"><div class=\"fusion-text fusion-text-5\" style=\"--awb-font-size:36px;--awb-text-font-family:&quot;WhitneyBold&quot;;--awb-text-font-style:normal;--awb-text-font-weight:400;\"><p style=\"color: #fff;\">Descubra c\u00f3mo podemos ayudar a servir a su industria<\/p>\n<\/div><div class=\"fusion-clearfix\"><\/div><\/div><\/div><div class=\"fusion-layout-column fusion_builder_column_inner fusion-builder-nested-column-1 fusion_builder_column_inner_2_5 2_5 fusion-two-fifth fusion-column-last\" style=\"--awb-bg-size:cover;--awb-margin-bottom:0px;width:40%;width:calc(40% - ( ( 4% ) * 0.4 ) );\"><div class=\"fusion-column-wrapper fusion-column-has-shadow fusion-flex-column-wrapper-legacy\"><div class=\"fusion-text fusion-text-6\"><p><a class=\"linkSpeakExpert\" href=\"https:\/\/optimas.com\/es\/contact\/\">HABLE CON UN EXPERTO<\/a><\/p>\n<\/div><div class=\"fusion-clearfix\"><\/div><\/div><\/div><\/div><div class=\"fusion-clearfix\"><\/div><\/div><\/div><\/div><\/div><\/p>","protected":false},"excerpt":{"rendered":"","protected":false},"author":1,"featured_media":2560,"parent":11,"menu_order":0,"comment_status":"closed","ping_status":"closed","template":"","meta":{"_acf_changed":false,"content-type":"","footnotes":""},"class_list":["post-55","page","type-page","status-publish","has-post-thumbnail","hentry"],"acf":[],"_links":{"self":[{"href":"https:\/\/optimas.com\/es\/wp-json\/wp\/v2\/pages\/55","targetHints":{"allow":["GET"]}}],"collection":[{"href":"https:\/\/optimas.com\/es\/wp-json\/wp\/v2\/pages"}],"about":[{"href":"https:\/\/optimas.com\/es\/wp-json\/wp\/v2\/types\/page"}],"author":[{"embeddable":true,"href":"https:\/\/optimas.com\/es\/wp-json\/wp\/v2\/users\/1"}],"replies":[{"embeddable":true,"href":"https:\/\/optimas.com\/es\/wp-json\/wp\/v2\/comments?post=55"}],"version-history":[{"count":0,"href":"https:\/\/optimas.com\/es\/wp-json\/wp\/v2\/pages\/55\/revisions"}],"up":[{"embeddable":true,"href":"https:\/\/optimas.com\/es\/wp-json\/wp\/v2\/pages\/11"}],"wp:featuredmedia":[{"embeddable":true,"href":"https:\/\/optimas.com\/es\/wp-json\/wp\/v2\/media\/2560"}],"wp:attachment":[{"href":"https:\/\/optimas.com\/es\/wp-json\/wp\/v2\/media?parent=55"}],"curies":[{"name":"wp","href":"https:\/\/api.w.org\/{rel}","templated":true}]}}