{"id":583,"date":"2019-10-22T13:55:05","date_gmt":"2019-10-22T13:55:05","guid":{"rendered":"https:\/\/optimas.com\/?page_id=583"},"modified":"2023-04-24T09:08:36","modified_gmt":"2023-04-24T14:08:36","slug":"engineering-services","status":"publish","type":"page","link":"https:\/\/optimas.com\/es\/services\/inventory-management-2\/engineering-services\/","title":{"rendered":"Servicios de Ingenier\u00eda"},"content":{"rendered":"<p><div class=\"fusion-fullwidth fullwidth-box fusion-builder-row-1 nonhundred-percent-fullwidth non-hundred-percent-height-scrolling firstSection centerMobile\" style=\"--awb-border-radius-top-left:0px;--awb-border-radius-top-right:0px;--awb-border-radius-bottom-right:0px;--awb-border-radius-bottom-left:0px;--awb-flex-wrap:wrap;\" ><div class=\"fusion-builder-row fusion-row\"><div class=\"fusion-layout-column fusion_builder_column fusion-builder-column-0 fusion_builder_column_1_1 1_1 fusion-one-full fusion-column-first fusion-column-last max1200\" style=\"--awb-bg-size:cover;\"><div class=\"fusion-column-wrapper fusion-column-has-shadow fusion-flex-column-wrapper-legacy\"><div class=\"fusion-builder-row fusion-builder-row-inner fusion-row\"><div class=\"fusion-layout-column fusion_builder_column_inner fusion-builder-nested-column-0 fusion_builder_column_inner_2_5 2_5 fusion-two-fifth fusion-column-first\" style=\"--awb-bg-size:cover;width:40%;width:calc(40% - ( ( 4% ) * 0.4 ) );margin-right: 4%;\"><div class=\"fusion-column-wrapper fusion-column-has-shadow fusion-flex-column-wrapper-legacy\"><div class=\"fusion-image-element fusion-image-align-center in-legacy-container\" style=\"text-align:center;--awb-caption-title-font-family:var(--h2_typography-font-family);--awb-caption-title-font-weight:var(--h2_typography-font-weight);--awb-caption-title-font-style:var(--h2_typography-font-style);--awb-caption-title-size:var(--h2_typography-font-size);--awb-caption-title-transform:var(--h2_typography-text-transform);--awb-caption-title-line-height:var(--h2_typography-line-height);--awb-caption-title-letter-spacing:var(--h2_typography-letter-spacing);\"><div class=\"imageframe-align-center\"><span class=\"fusion-imageframe imageframe-none imageframe-1 hover-type-none\"><img decoding=\"async\" width=\"573\" height=\"436\" alt=\"Servicios de Ingenier\u00eda\" src=\"https:\/\/optimas.com\/wp-content\/uploads\/2019\/10\/engineering.jpg\" class=\"img-responsive wp-image-593\" srcset=\"https:\/\/optimas.com\/wp-content\/uploads\/2019\/10\/engineering-200x152.jpg 200w, https:\/\/optimas.com\/wp-content\/uploads\/2019\/10\/engineering-400x304.jpg 400w, https:\/\/optimas.com\/wp-content\/uploads\/2019\/10\/engineering.jpg 573w\" sizes=\"(max-width: 800px) 100vw, 573px\" \/><\/span><\/div><\/div><div class=\"fusion-clearfix\"><\/div><\/div><\/div><div class=\"fusion-layout-column fusion_builder_column_inner fusion-builder-nested-column-1 fusion_builder_column_inner_3_5 3_5 fusion-three-fifth fusion-column-last\" style=\"--awb-bg-size:cover;width:60%;width:calc(60% - ( ( 4% ) * 0.6 ) );\"><div class=\"fusion-column-wrapper fusion-column-has-shadow fusion-flex-column-wrapper-legacy\"><div class=\"fusion-text fusion-text-1\"><h1 style=\"color: #54565a!important;\">SERVICIOS DE INGENIERIA<\/h1>\n<p>Nuestros ingenieros expertos en aplicaciones y calidad encuentran proactivamente formas de ahorrar dinero, mejorar el rendimiento del producto y mitigar los riesgos. Siga leyendo para obtener m\u00e1s informaci\u00f3n sobre nuestros servicios de ingenier\u00eda mec\u00e1nica o p\u00f3ngase en contacto con uno de nuestros expertos hoy.<\/p>\n<\/div><div class=\"fusion-sep-clear\"><\/div><div class=\"fusion-separator fusion-full-width-sep\" style=\"margin-left: auto;margin-right: auto;margin-top:40px;width:100%;\"><\/div><div class=\"fusion-sep-clear\"><\/div><div class=\"fusion-text fusion-text-2\"><p><a class=\"linkOrangeButton\" href=\"https:\/\/optimas.com\/es\/contact\/\">HABLE CON UN EXPERTO<\/a><\/p>\n<\/div><div class=\"fusion-clearfix\"><\/div><\/div><\/div><\/div><div class=\"fusion-clearfix\"><\/div><\/div><\/div><\/div><\/div><div class=\"fusion-fullwidth fullwidth-box fusion-builder-row-2 nonhundred-percent-fullwidth non-hundred-percent-height-scrolling\" style=\"--awb-border-radius-top-left:0px;--awb-border-radius-top-right:0px;--awb-border-radius-bottom-right:0px;--awb-border-radius-bottom-left:0px;--awb-background-color:#ee7623;--awb-flex-wrap:wrap;\" ><div class=\"fusion-builder-row fusion-row\"><div class=\"fusion-layout-column fusion_builder_column fusion-builder-column-1 fusion_builder_column_1_1 1_1 fusion-one-full fusion-column-first fusion-column-last max1200\" style=\"--awb-padding-top:40px;--awb-padding-right:10px;--awb-padding-bottom:40px;--awb-padding-left:10px;--awb-bg-size:cover;--awb-margin-bottom:0px;\"><div class=\"fusion-column-wrapper fusion-column-has-shadow fusion-flex-column-wrapper-legacy\"><div class=\"fusion-text fusion-text-3\"><h2 style=\"color: #ffffff; text-align: center;\">Experiencia en Ingenier\u00eda Global<\/h2>\n<\/div><div class=\"fusion-text fusion-text-4\"><p style=\"text-align: center; color: #ffffff;\">El equipo dedicado de dise\u00f1adores e ingenieros de Optimas en todo el mundo puede trabajar por proyecto o in situ con su departamento de ingenier\u00eda. Esta estrecha relaci\u00f3n nos permite desempe\u00f1ar un papel activo desde el desarrollo del producto hasta la l\u00ednea de montaje, donde la calidad y la productividad son lo m\u00e1s importante. Nos enfocamos en ofrecer ahorros de costos mientras mantenemos o mejoramos la calidad a trav\u00e9s de nuestros servicios de ingenier\u00eda mec\u00e1nica. Armados con a\u00f1os de experiencia en gesti\u00f3n de inventario eficaz, nos haremos cargo de la gesti\u00f3n de sus piezas, ya sea que las piezas se obtengan a trav\u00e9s de Optimas, dirigidas por el cliente o propiedad del cliente.<\/p>\n<\/div><div class=\"fusion-clearfix\"><\/div><\/div><\/div><\/div><\/div><div class=\"fusion-fullwidth fullwidth-box fusion-builder-row-3 nonhundred-percent-fullwidth non-hundred-percent-height-scrolling\" style=\"--awb-border-radius-top-left:0px;--awb-border-radius-top-right:0px;--awb-border-radius-bottom-right:0px;--awb-border-radius-bottom-left:0px;--awb-padding-top:40px;--awb-padding-bottom:40px;--awb-flex-wrap:wrap;\" ><div class=\"fusion-builder-row fusion-row\"><div class=\"fusion-layout-column fusion_builder_column fusion-builder-column-2 fusion_builder_column_1_1 1_1 fusion-one-full fusion-column-first fusion-column-last max1200\" style=\"--awb-bg-size:cover;\"><div class=\"fusion-column-wrapper fusion-column-has-shadow fusion-flex-column-wrapper-legacy\"><div class=\"fusion-builder-row fusion-builder-row-inner fusion-row\"><div class=\"fusion-layout-column fusion_builder_column_inner fusion-builder-nested-column-2 fusion_builder_column_inner_2_3 2_3 fusion-two-third fusion-column-first\" style=\"--awb-bg-size:cover;width:66.6666666667%;width:calc(66.6666666667% - ( ( 4% ) * 0.666666666667 ) );margin-right: 4%;\"><div class=\"fusion-column-wrapper fusion-column-has-shadow fusion-flex-column-wrapper-legacy\"><div class=\"fusion-text fusion-text-5\"><h2>Apoyo al Dise\u00f1o<\/h2>\n<\/div><div class=\"fusion-text fusion-text-6\"><ul>Ya sea que est\u00e9 dise\u00f1ando un nuevo producto o mejorando uno existente, nuestros expertos en ingenier\u00eda de sujetadores y forjado en fr\u00edo encontrar\u00e1n la soluci\u00f3n adecuada que ahorre costos sin sacrificar la calidad. Nuestros servicios de dise\u00f1o de ingenier\u00eda mec\u00e1nica incluyen:<\/p>\n<li>Desarrollo del producto, an\u00e1lisis y prueba de desempe\u00f1o (p. ej. torsion\/tension)<\/li>\n<li>Creaci\u00f3n r\u00e1pida de prototipos de dise\u00f1o y muestreo con impresi\u00f3n 3D<\/li>\n<li>Reingenier\u00eda de componentes existentes.<\/li>\n<li>An\u00e1lisis de valor e ingenier\u00eda de valor.<\/li>\n<li>Encontrar el ajuste adecuado para cada aplicaci\u00f3n.<\/li>\n<\/ul>\n<\/div><div class=\"fusion-sep-clear\"><\/div><div class=\"fusion-separator fusion-full-width-sep\" style=\"margin-left: auto;margin-right: auto;margin-top:10px;margin-bottom:10px;width:100%;\"><\/div><div class=\"fusion-sep-clear\"><\/div><div class=\"fusion-text fusion-text-7\"><p><a class=\"linkLearnMore\" href=\"https:\/\/optimas.com\/es\/resources\/redesigned-part-saves-120000-and-improves-lead-times\/\" target=\"_blank\" rel=\"noopener noreferrer\">&gt; ESTUDIO DE CASO: $120K guardado con pieza redise\u00f1ada<\/a><\/p>\n<\/div><div class=\"fusion-sep-clear\"><\/div><div class=\"fusion-separator fusion-full-width-sep\" style=\"margin-left: auto;margin-right: auto;margin-top:40px;margin-bottom:40px;width:100%;\"><div class=\"fusion-separator-border sep-single sep-solid\" style=\"--awb-height:20px;--awb-amount:20px;--awb-sep-color:#54565a;border-color:#54565a;border-top-width:1px;\"><\/div><\/div><div class=\"fusion-sep-clear\"><\/div><div class=\"fusion-clearfix\"><\/div><\/div><\/div><div class=\"fusion-layout-column fusion_builder_column_inner fusion-builder-nested-column-3 fusion_builder_column_inner_1_3 1_3 fusion-one-third fusion-column-last centerMobile\" style=\"--awb-bg-size:cover;width:33.3333333333%;width:calc(33.3333333333% - ( ( 4% ) * 0.333333333333 ) );\"><div class=\"fusion-column-wrapper fusion-column-has-shadow fusion-flex-column-wrapper-legacy\"><div class=\"fusion-image-element in-legacy-container\" style=\"--awb-caption-title-font-family:var(--h2_typography-font-family);--awb-caption-title-font-weight:var(--h2_typography-font-weight);--awb-caption-title-font-style:var(--h2_typography-font-style);--awb-caption-title-size:var(--h2_typography-font-size);--awb-caption-title-transform:var(--h2_typography-text-transform);--awb-caption-title-line-height:var(--h2_typography-line-height);--awb-caption-title-letter-spacing:var(--h2_typography-letter-spacing);\"><span class=\"fusion-imageframe imageframe-none imageframe-2 hover-type-none\"><img decoding=\"async\" width=\"161\" height=\"149\" alt=\"Hombre azul con un casco naranja y una computadora port\u00e1til\" src=\"https:\/\/optimas.com\/wp-content\/uploads\/2019\/11\/ico1.jpg\" class=\"img-responsive wp-image-1558\"\/><\/span><\/div><div class=\"fusion-text fusion-text-8\"><h3 style=\"font-size: 25px!important;\">Los ingenieros de Optimas tienen un promedio de 20 a\u00f1os de experiencia especializados en dise\u00f1o de componentes.<\/h3>\n<\/div><div class=\"fusion-clearfix\"><\/div><\/div><\/div><div class=\"fusion-layout-column fusion_builder_column_inner fusion-builder-nested-column-4 fusion_builder_column_inner_2_3 2_3 fusion-two-third fusion-column-first\" style=\"--awb-bg-size:cover;width:66.6666666667%;width:calc(66.6666666667% - ( ( 4% ) * 0.666666666667 ) );margin-right: 4%;\"><div class=\"fusion-column-wrapper fusion-column-has-shadow fusion-flex-column-wrapper-legacy\"><div class=\"fusion-text fusion-text-9\"><h2>Optimizaci\u00f3n de Inventario<\/h2>\n<\/div><div class=\"fusion-text fusion-text-10\"><p>Optimice su lista de materiales y aumente su velocidad de comercializaci\u00f3n con estos servicios expertos de dise\u00f1o de ingenier\u00eda mec\u00e1nica:<\/p>\n<p><strong style=\"color: #00a0df; margin: 20px 0 10px 0; width: 100%; float: left;\">RACIONALIZACI\u00d3N Y ESTANDARIZACI\u00d3N DE COMPONENTES<\/strong><br \/>\nMediante un an\u00e1lisis de surtido de piezas, descubriremos formas de consolidar y estandarizar sus SKU para reducir los costos y la complejidad.<\/p>\n<p><strong style=\"color: #00a0df; margin: 20px 0 10px 0; width: 100%; float: left;\">DESENSAMBLAJE DE PRODUCTOS<\/strong><br \/>\nDesmontamos su producto hasta sus componentes y luego encontraremos formas de redise\u00f1ar el producto para mejorar el dise\u00f1o, el costo y la calidad.<\/p>\n<\/div><div class=\"fusion-sep-clear\"><\/div><div class=\"fusion-separator fusion-full-width-sep\" style=\"margin-left: auto;margin-right: auto;margin-top:10px;margin-bottom:10px;width:100%;\"><\/div><div class=\"fusion-sep-clear\"><\/div><div class=\"fusion-text fusion-text-11\"><p><a class=\"linkLearnMore\" href=\"https:\/\/optimas.com\/es\/resources\/achieving-commercial-strength-through-part-standardization\/\" target=\"_blank\" rel=\"noopener noreferrer\">&gt; ESTUDIO DE CASO: Se logr\u00f3 la reducci\u00f3n de la parte 79%<\/a><\/p>\n<\/div><div class=\"fusion-sep-clear\"><\/div><div class=\"fusion-separator fusion-full-width-sep\" style=\"margin-left: auto;margin-right: auto;margin-top:40px;margin-bottom:40px;width:100%;\"><div class=\"fusion-separator-border sep-single sep-solid\" style=\"--awb-height:20px;--awb-amount:20px;--awb-sep-color:#54565a;border-color:#54565a;border-top-width:1px;\"><\/div><\/div><div class=\"fusion-sep-clear\"><\/div><div class=\"fusion-clearfix\"><\/div><\/div><\/div><div class=\"fusion-layout-column fusion_builder_column_inner fusion-builder-nested-column-5 fusion_builder_column_inner_1_3 1_3 fusion-one-third fusion-column-last centerMobile\" style=\"--awb-bg-size:cover;width:33.3333333333%;width:calc(33.3333333333% - ( ( 4% ) * 0.333333333333 ) );\"><div class=\"fusion-column-wrapper fusion-column-has-shadow fusion-flex-column-wrapper-legacy\"><div class=\"fusion-image-element in-legacy-container\" style=\"--awb-caption-title-font-family:var(--h2_typography-font-family);--awb-caption-title-font-weight:var(--h2_typography-font-weight);--awb-caption-title-font-style:var(--h2_typography-font-style);--awb-caption-title-size:var(--h2_typography-font-size);--awb-caption-title-transform:var(--h2_typography-text-transform);--awb-caption-title-line-height:var(--h2_typography-line-height);--awb-caption-title-letter-spacing:var(--h2_typography-letter-spacing);\"><span class=\"fusion-imageframe imageframe-none imageframe-3 hover-type-none\"><img decoding=\"async\" width=\"161\" height=\"149\" alt=\"Signo de d\u00f3lar azul con flechas naranjas que lo rodean en c\u00edrculo\" src=\"https:\/\/optimas.com\/wp-content\/uploads\/2019\/11\/dollar.jpg\" class=\"img-responsive wp-image-1611\"\/><\/span><\/div><div class=\"fusion-text fusion-text-12\"><h3 style=\"font-size: 25px!important;\">Ofrezca ahorros en costos, sin comprometer la calidad del producto final.<\/h3>\n<\/div><div class=\"fusion-clearfix\"><\/div><\/div><\/div><div class=\"fusion-layout-column fusion_builder_column_inner fusion-builder-nested-column-6 fusion_builder_column_inner_2_3 2_3 fusion-two-third fusion-column-first\" style=\"--awb-bg-size:cover;width:66.6666666667%;width:calc(66.6666666667% - ( ( 4% ) * 0.666666666667 ) );margin-right: 4%;\"><div class=\"fusion-column-wrapper fusion-column-has-shadow fusion-flex-column-wrapper-legacy\"><div class=\"fusion-text fusion-text-13\"><h2>Eficiencia Operacional<\/h2>\n<\/div><div class=\"fusion-text fusion-text-14\"><p>Como distribuidor y fabricante, hemos estado en su lugar y podemos reconocer r\u00e1pidamente qu\u00e9 soluciones de fabricaci\u00f3n industrial mejorar\u00e1n su eficiencia. Nuestros expertos en gesti\u00f3n de procesos de fabricaci\u00f3n &quot;recorrer\u00e1n la l\u00ednea&quot; con usted para evaluar sus operaciones para aumentar la productividad y ahorrar mano de obra, tales como:<\/p>\n<ul>\n<li>Piezas ergon\u00f3micas, herramientas y ensamblajes.<\/li>\n<li>Kiteo y submontaje.<\/li>\n<li>Programas Lean 5S<\/li>\n<\/ul>\n<\/div><div class=\"fusion-sep-clear\"><\/div><div class=\"fusion-separator fusion-full-width-sep\" style=\"margin-left: auto;margin-right: auto;margin-top:10px;margin-bottom:10px;width:100%;\"><\/div><div class=\"fusion-sep-clear\"><\/div><div class=\"fusion-text fusion-text-15\"><p><a class=\"linkLearnMore\" href=\"https:\/\/optimas.com\/es\/resources\/part-consolidation-between-brands-delivers-long-term-economic-impact\/\" target=\"_blank\" rel=\"noopener noreferrer\">&gt; ESTUDIO DE CASO: ahorr\u00f3 $5.9M en costos de por vida<\/a><\/p>\n<\/div><div class=\"fusion-sep-clear\"><\/div><div class=\"fusion-separator fusion-full-width-sep\" style=\"margin-left: auto;margin-right: auto;margin-top:40px;margin-bottom:40px;width:100%;\"><div class=\"fusion-separator-border sep-single sep-solid\" style=\"--awb-height:20px;--awb-amount:20px;--awb-sep-color:#54565a;border-color:#54565a;border-top-width:1px;\"><\/div><\/div><div class=\"fusion-sep-clear\"><\/div><div class=\"fusion-clearfix\"><\/div><\/div><\/div><div class=\"fusion-layout-column fusion_builder_column_inner fusion-builder-nested-column-7 fusion_builder_column_inner_1_3 1_3 fusion-one-third fusion-column-last centerMobile\" style=\"--awb-bg-size:cover;width:33.3333333333%;width:calc(33.3333333333% - ( ( 4% ) * 0.333333333333 ) );\"><div class=\"fusion-column-wrapper fusion-column-has-shadow fusion-flex-column-wrapper-legacy\"><div class=\"fusion-image-element in-legacy-container\" style=\"--awb-caption-title-font-family:var(--h2_typography-font-family);--awb-caption-title-font-weight:var(--h2_typography-font-weight);--awb-caption-title-font-style:var(--h2_typography-font-style);--awb-caption-title-size:var(--h2_typography-font-size);--awb-caption-title-transform:var(--h2_typography-text-transform);--awb-caption-title-line-height:var(--h2_typography-line-height);--awb-caption-title-letter-spacing:var(--h2_typography-letter-spacing);\"><span class=\"fusion-imageframe imageframe-none imageframe-4 hover-type-none\"><img decoding=\"async\" width=\"161\" height=\"149\" alt=\"Perno naranja y f\u00e1brica azul.\" src=\"https:\/\/optimas.com\/wp-content\/uploads\/2019\/11\/factory.jpg\" class=\"img-responsive wp-image-1612\"\/><\/span><\/div><div class=\"fusion-text fusion-text-16\"><h3 style=\"font-size: 25px!important;\">Experiencia l\u00edder en el mercado de componentes y fabricaci\u00f3n durante m\u00e1s de 100 a\u00f1os<\/h3>\n<\/div><div class=\"fusion-clearfix\"><\/div><\/div><\/div><div class=\"fusion-layout-column fusion_builder_column_inner fusion-builder-nested-column-8 fusion_builder_column_inner_2_3 2_3 fusion-two-third fusion-column-first\" style=\"--awb-bg-size:cover;width:66.6666666667%;width:calc(66.6666666667% - ( ( 4% ) * 0.666666666667 ) );margin-right: 4%;\"><div class=\"fusion-column-wrapper fusion-column-has-shadow fusion-flex-column-wrapper-legacy\"><div class=\"fusion-text fusion-text-17\"><h2>Planificaci\u00f3n y Pruebas de Calidad<\/h2>\n<\/div><div class=\"fusion-text fusion-text-18\"><p>Nuestro dedicado equipo de ingenieros de calidad puede ayudarlo a abordar una amplia gama de requisitos espec\u00edficos de los clientes, la industria y la normativa para mejorar la integridad del producto, aumentar la eficiencia y un mejor rendimiento general. Los servicios incluyen:<\/p>\n<ul>\n<li>Inspecci\u00f3n, medici\u00f3n y prueba de material completo.<\/li>\n<li>Planificaci\u00f3n avanzada de la calidad del producto (APQP), an\u00e1lisis de causa ra\u00edz y modo de falla y an\u00e1lisis de efectos (FMEA) con acciones correctivas.<\/li>\n<li>Centro mundial de excelencia PPAP para procesar aprobaciones de piezas r\u00e1pidas y precisas.<\/li>\n<li>Lean Six Sigma para mejoras continuas.<\/li>\n<\/ul>\n<\/div><div class=\"fusion-sep-clear\"><\/div><div class=\"fusion-separator fusion-full-width-sep\" style=\"margin-left: auto;margin-right: auto;margin-top:10px;margin-bottom:10px;width:100%;\"><\/div><div class=\"fusion-sep-clear\"><\/div><div class=\"fusion-text fusion-text-19\"><p><a class=\"linkLearnMore\" href=\"https:\/\/optimas.com\/es\/resources\/advanced-product-quality-planning-improves-caterpillar-product-reliability\/\" target=\"_blank\" rel=\"noopener noreferrer\">&gt; ESTUDIO DE CASO: Calidad de pieza mejorada en 95%<\/a><\/p>\n<\/div><div class=\"fusion-clearfix\"><\/div><\/div><\/div><div class=\"fusion-layout-column fusion_builder_column_inner fusion-builder-nested-column-9 fusion_builder_column_inner_1_3 1_3 fusion-one-third fusion-column-last centerMobile\" style=\"--awb-bg-size:cover;width:33.3333333333%;width:calc(33.3333333333% - ( ( 4% ) * 0.333333333333 ) );\"><div class=\"fusion-column-wrapper fusion-column-has-shadow fusion-flex-column-wrapper-legacy\"><div class=\"fusion-image-element in-legacy-container\" style=\"--awb-caption-title-font-family:var(--h2_typography-font-family);--awb-caption-title-font-weight:var(--h2_typography-font-weight);--awb-caption-title-font-style:var(--h2_typography-font-style);--awb-caption-title-size:var(--h2_typography-font-size);--awb-caption-title-transform:var(--h2_typography-text-transform);--awb-caption-title-line-height:var(--h2_typography-line-height);--awb-caption-title-letter-spacing:var(--h2_typography-letter-spacing);\"><span class=\"fusion-imageframe imageframe-none imageframe-5 hover-type-none\"><img decoding=\"async\" width=\"161\" height=\"149\" alt=\"Dos estrellas azules y una naranja.\" src=\"https:\/\/optimas.com\/wp-content\/uploads\/2019\/11\/stars.jpg\" class=\"img-responsive wp-image-1613\"\/><\/span><\/div><div class=\"fusion-text fusion-text-20\"><h3 style=\"font-size: 25px!important;\">Estamos comprometidos con una cultura de cero defectos<\/h3>\n<\/div><div class=\"fusion-clearfix\"><\/div><\/div><\/div><\/div><div class=\"fusion-clearfix\"><\/div><\/div><\/div><\/div><\/div><div class=\"fusion-fullwidth fullwidth-box fusion-builder-row-4 nonhundred-percent-fullwidth non-hundred-percent-height-scrolling getStarted\" style=\"--awb-border-radius-top-left:0px;--awb-border-radius-top-right:0px;--awb-border-radius-bottom-right:0px;--awb-border-radius-bottom-left:0px;--awb-padding-top:70px;--awb-padding-bottom:70px;--awb-background-color:#54565a;--awb-flex-wrap:wrap;\" ><div class=\"fusion-builder-row fusion-row\"><div class=\"fusion-layout-column fusion_builder_column fusion-builder-column-3 fusion_builder_column_1_1 1_1 fusion-one-full fusion-column-first fusion-column-last max1200\" style=\"--awb-bg-size:cover;\"><div class=\"fusion-column-wrapper fusion-column-has-shadow fusion-flex-column-wrapper-legacy\"><div class=\"fusion-builder-row fusion-builder-row-inner fusion-row\"><div class=\"fusion-layout-column fusion_builder_column_inner fusion-builder-nested-column-10 fusion_builder_column_inner_3_5 3_5 fusion-three-fifth fusion-column-first\" style=\"--awb-bg-size:cover;--awb-margin-bottom:0px;width:60%;width:calc(60% - ( ( 4% ) * 0.6 ) );margin-right: 4%;\"><div class=\"fusion-column-wrapper fusion-column-has-shadow fusion-flex-column-wrapper-legacy\"><div class=\"fusion-text fusion-text-21\" style=\"--awb-font-size:36px;--awb-text-font-family:&quot;WhitneyBold&quot;;--awb-text-font-style:normal;--awb-text-font-weight:400;\"><p style=\"color: #fff;\">Comience su asociaci\u00f3n con una de las principales empresas de soluciones de fabricaci\u00f3n de precisi\u00f3n en los EE. UU.: comun\u00edquese y hable con un experto y obtenga una cotizaci\u00f3n.<\/p>\n<\/div><div class=\"fusion-clearfix\"><\/div><\/div><\/div><div class=\"fusion-layout-column fusion_builder_column_inner fusion-builder-nested-column-11 fusion_builder_column_inner_2_5 2_5 fusion-two-fifth fusion-column-last\" style=\"--awb-bg-size:cover;--awb-margin-bottom:0px;width:40%;width:calc(40% - ( ( 4% ) * 0.4 ) );\"><div class=\"fusion-column-wrapper fusion-column-has-shadow fusion-flex-column-wrapper-legacy\"><div class=\"fusion-text fusion-text-22\"><p><a class=\"linkSpeakExpert\" href=\"https:\/\/optimas.com\/es\/contact\/\">HABLE CON UN EXPERTO<\/a><\/p>\n<\/div><div class=\"fusion-clearfix\"><\/div><\/div><\/div><\/div><div class=\"fusion-clearfix\"><\/div><\/div><\/div><\/div><\/div><\/p>","protected":false},"excerpt":{"rendered":"","protected":false},"author":1,"featured_media":593,"parent":33,"menu_order":0,"comment_status":"closed","ping_status":"closed","template":"","meta":{"_acf_changed":false,"content-type":"","footnotes":""},"class_list":["post-583","page","type-page","status-publish","has-post-thumbnail","hentry"],"acf":[],"_links":{"self":[{"href":"https:\/\/optimas.com\/es\/wp-json\/wp\/v2\/pages\/583","targetHints":{"allow":["GET"]}}],"collection":[{"href":"https:\/\/optimas.com\/es\/wp-json\/wp\/v2\/pages"}],"about":[{"href":"https:\/\/optimas.com\/es\/wp-json\/wp\/v2\/types\/page"}],"author":[{"embeddable":true,"href":"https:\/\/optimas.com\/es\/wp-json\/wp\/v2\/users\/1"}],"replies":[{"embeddable":true,"href":"https:\/\/optimas.com\/es\/wp-json\/wp\/v2\/comments?post=583"}],"version-history":[{"count":0,"href":"https:\/\/optimas.com\/es\/wp-json\/wp\/v2\/pages\/583\/revisions"}],"up":[{"embeddable":true,"href":"https:\/\/optimas.com\/es\/wp-json\/wp\/v2\/pages\/33"}],"wp:featuredmedia":[{"embeddable":true,"href":"https:\/\/optimas.com\/es\/wp-json\/wp\/v2\/media\/593"}],"wp:attachment":[{"href":"https:\/\/optimas.com\/es\/wp-json\/wp\/v2\/media?parent=583"}],"curies":[{"name":"wp","href":"https:\/\/api.w.org\/{rel}","templated":true}]}}