{"id":6137,"date":"2023-02-16T15:03:24","date_gmt":"2023-02-16T21:03:24","guid":{"rendered":"https:\/\/optimas.com\/?page_id=6137"},"modified":"2024-10-16T10:23:20","modified_gmt":"2024-10-16T15:23:20","slug":"inventory-management-resources","status":"publish","type":"page","link":"https:\/\/optimas.com\/es\/inventory-management-resources\/","title":{"rendered":"Recursos de gesti\u00f3n de inventario"},"content":{"rendered":"<p><div class=\"fusion-fullwidth fullwidth-box fusion-builder-row-1 fusion-flex-container has-pattern-background has-mask-background nonhundred-percent-fullwidth non-hundred-percent-height-scrolling\" style=\"--awb-border-radius-top-left:0px;--awb-border-radius-top-right:0px;--awb-border-radius-bottom-right:0px;--awb-border-radius-bottom-left:0px;--awb-flex-wrap:wrap;\" ><div class=\"fusion-builder-row fusion-row fusion-flex-align-items-flex-start fusion-flex-content-wrap\" style=\"max-width:104%;margin-left: calc(-4% \/ 2 );margin-right: calc(-4% \/ 2 );\"><div class=\"fusion-layout-column fusion_builder_column fusion-builder-column-0 fusion_builder_column_1_1 1_1 fusion-flex-column fusion-flex-align-self-center max1200\" style=\"--awb-bg-size:cover;--awb-width-large:100%;--awb-margin-top-large:0px;--awb-spacing-right-large:1.92%;--awb-margin-bottom-large:20px;--awb-spacing-left-large:1.92%;--awb-width-medium:100%;--awb-order-medium:0;--awb-spacing-right-medium:1.92%;--awb-spacing-left-medium:1.92%;--awb-width-small:100%;--awb-order-small:0;--awb-spacing-right-small:1.92%;--awb-spacing-left-small:1.92%;\"><div class=\"fusion-column-wrapper fusion-column-has-shadow fusion-flex-justify-content-flex-start fusion-content-layout-column\"><div class=\"fusion-builder-row fusion-builder-row-inner fusion-row fusion-flex-align-items-flex-start fusion-flex-content-wrap\" style=\"--awb-flex-grow:0;--awb-flex-grow-medium:0;--awb-flex-grow-small:0;--awb-flex-shrink:0;--awb-flex-shrink-medium:0;--awb-flex-shrink-small:0;width:104% !important;max-width:104% !important;margin-left: calc(-4% \/ 2 );margin-right: calc(-4% \/ 2 );\"><div class=\"fusion-layout-column fusion_builder_column_inner fusion-builder-nested-column-0 fusion_builder_column_inner_1_1 1_1 fusion-flex-column\" style=\"--awb-bg-size:cover;--awb-width-large:100%;--awb-margin-top-large:0px;--awb-spacing-right-large:1.92%;--awb-margin-bottom-large:20px;--awb-spacing-left-large:1.92%;--awb-width-medium:100%;--awb-order-medium:0;--awb-spacing-right-medium:1.92%;--awb-spacing-left-medium:1.92%;--awb-width-small:100%;--awb-order-small:0;--awb-spacing-right-small:1.92%;--awb-spacing-left-small:1.92%;\"><div class=\"fusion-column-wrapper fusion-column-has-shadow fusion-flex-justify-content-flex-start fusion-content-layout-column\"><div class=\"fusion-text fusion-text-1\"><h1 style=\"text-align: center; font-size: 45px; color: #00a3e0;\">Recursos de gesti\u00f3n de inventario<\/h1>\n<\/div><div class=\"fusion-separator fusion-full-width-sep\" style=\"align-self: center;margin-left: auto;margin-right: auto;margin-bottom:30px;width:100%;\"><div class=\"fusion-separator-border sep-single sep-solid\" style=\"--awb-height:20px;--awb-amount:20px;--awb-sep-color:#000000;border-color:#000000;border-top-width:1px;\"><\/div><\/div><div class=\"fusion-text fusion-text-2\"><p class=\"p1\" style=\"text-align: center;\">En los \u00faltimos 100 a\u00f1os, hemos visto los desaf\u00edos de la cadena de suministro desde todos los \u00e1ngulos, lo que nos posiciona de manera \u00fanica para comprender la importancia de la gesti\u00f3n de inventario y brindar soluciones impactantes. A continuaci\u00f3n, proporcionamos una lista de recursos de Optimas que abordan los desaf\u00edos m\u00e1s comunes que vemos todos los d\u00edas. Lea o comparta los art\u00edculos que le parezcan m\u00e1s relevantes y <a href=\"https:\/\/optimas.com\/es\/contact\/\" target=\"_blank\" rel=\"noopener\"><span class=\"s1\">Haznos saber<\/span><\/a> si tiene preguntas que le gustar\u00eda abordar.<span class=\"Apple-converted-space\">\u00a0<\/span><\/p>\n<\/div><\/div><\/div><\/div><\/div><\/div><\/div><\/div><div class=\"fusion-fullwidth fullwidth-box fusion-builder-row-2 fusion-flex-container has-pattern-background has-mask-background nonhundred-percent-fullwidth non-hundred-percent-height-scrolling\" style=\"--awb-border-radius-top-left:0px;--awb-border-radius-top-right:0px;--awb-border-radius-bottom-right:0px;--awb-border-radius-bottom-left:0px;--awb-margin-bottom:60px;--awb-flex-wrap:wrap;\" ><div class=\"fusion-builder-row fusion-row fusion-flex-align-items-flex-start fusion-flex-content-wrap\" style=\"max-width:104%;margin-left: calc(-4% \/ 2 );margin-right: calc(-4% \/ 2 );\"><div class=\"fusion-layout-column fusion_builder_column fusion-builder-column-1 fusion_builder_column_1_1 1_1 fusion-flex-column max1200\" style=\"--awb-bg-size:cover;--awb-width-large:100%;--awb-margin-top-large:0px;--awb-spacing-right-large:1.92%;--awb-margin-bottom-large:0px;--awb-spacing-left-large:1.92%;--awb-width-medium:100%;--awb-order-medium:0;--awb-spacing-right-medium:1.92%;--awb-spacing-left-medium:1.92%;--awb-width-small:100%;--awb-order-small:0;--awb-spacing-right-small:1.92%;--awb-spacing-left-small:1.92%;\"><div class=\"fusion-column-wrapper fusion-column-has-shadow fusion-flex-justify-content-flex-start fusion-content-layout-column\"><div class=\"fusion-builder-row fusion-builder-row-inner fusion-row fusion-flex-align-items-flex-start fusion-flex-content-wrap\" style=\"--awb-flex-grow:0;--awb-flex-grow-medium:0;--awb-flex-grow-small:0;--awb-flex-shrink:0;--awb-flex-shrink-medium:0;--awb-flex-shrink-small:0;width:104% !important;max-width:104% !important;margin-left: calc(-4% \/ 2 );margin-right: calc(-4% \/ 2 );\"><div class=\"fusion-layout-column fusion_builder_column_inner fusion-builder-nested-column-1 fusion_builder_column_inner_1_2 1_2 fusion-flex-column\" style=\"--awb-bg-color:#80af38;--awb-bg-color-hover:#80af38;--awb-bg-size:cover;--awb-width-large:50%;--awb-margin-top-large:0px;--awb-spacing-right-large:0px;--awb-margin-bottom-large:0px;--awb-spacing-left-large:3.84%;--awb-width-medium:100%;--awb-order-medium:0;--awb-spacing-right-medium:1.92%;--awb-spacing-left-medium:1.92%;--awb-width-small:100%;--awb-order-small:0;--awb-spacing-right-small:1.92%;--awb-spacing-left-small:1.92%;\"><div class=\"fusion-column-wrapper fusion-column-has-shadow fusion-flex-justify-content-center fusion-content-layout-column\"><div class=\"fusion-text fusion-text-3 fusion-text-no-margin\" style=\"--awb-font-size:32px;--awb-text-color:#ffffff;--awb-margin-top:40px;--awb-margin-right:30px;--awb-margin-bottom:40px;--awb-margin-left:30px;\"><div style=\"float: left;\">\n<h2 class=\"box-header\"><span style=\"color: #ffffff;\">es su cadena de suministro<br \/>\n\u00bfVisibilidad limitada?<\/span><\/h2>\n<\/div>\n<div class=\"box-icon\"><img decoding=\"async\" class=\"alignnone size-full wp-image-6156\" src=\"https:\/\/optimas.com\/wp-content\/uploads\/2023\/02\/White-Arrow-Icon.png\" alt=\"\" width=\"61\" height=\"80\" srcset=\"https:\/\/optimas.com\/wp-content\/uploads\/2023\/02\/White-Arrow-Icon-9x12.png 9w, https:\/\/optimas.com\/wp-content\/uploads\/2023\/02\/White-Arrow-Icon.png 61w\" sizes=\"(max-width: 61px) 100vw, 61px\" \/><\/div>\n<\/div><\/div><\/div><div class=\"fusion-layout-column fusion_builder_column_inner fusion-builder-nested-column-2 fusion_builder_column_inner_1_2 1_2 fusion-flex-column\" style=\"--awb-bg-color:#91c63e;--awb-bg-color-hover:#91c63e;--awb-bg-size:cover;--awb-width-large:50%;--awb-margin-top-large:0px;--awb-spacing-right-large:3.84%;--awb-margin-bottom-large:0px;--awb-spacing-left-large:0px;--awb-width-medium:100%;--awb-order-medium:0;--awb-spacing-right-medium:1.92%;--awb-spacing-left-medium:1.92%;--awb-width-small:100%;--awb-order-small:0;--awb-spacing-right-small:1.92%;--awb-spacing-left-small:1.92%;\"><div class=\"fusion-column-wrapper fusion-column-has-shadow fusion-flex-justify-content-center fusion-content-layout-column\"><div class=\"fusion-text fusion-text-4 fusion-text-no-margin\" style=\"--awb-margin-top:40px;--awb-margin-right:30px;--awb-margin-bottom:40px;--awb-margin-left:30px;\"><div style=\"float: left;\">\n<h2 class=\"box-header\"><span style=\"color: #53565a;\">Hacer basado en datos<br \/>\nDecisiones.<\/span><\/h2>\n<\/div>\n<div style=\"float: right; padding-top: 15px;\"><img decoding=\"async\" class=\"alignnone size-full wp-image-6156\" src=\"https:\/\/optimas.com\/wp-content\/uploads\/2023\/02\/Magnifying-Glass-Icon-1.png\" alt=\"\" width=\"61\" height=\"80\" \/><\/div>\n<\/div><\/div><\/div><\/div><\/div><\/div><div class=\"fusion-layout-column fusion_builder_column fusion-builder-column-2 fusion_builder_column_1_1 1_1 fusion-flex-column max1200\" style=\"--awb-padding-top:20px;--awb-padding-bottom:20px;--awb-bg-size:cover;--awb-border-color:#91c73e;--awb-border-top:0;--awb-border-right:1px;--awb-border-bottom:1px;--awb-border-left:1px;--awb-border-style:solid;--awb-width-large:100%;--awb-margin-top-large:0px;--awb-spacing-right-large:1.92%;--awb-margin-bottom-large:20px;--awb-spacing-left-large:1.92%;--awb-width-medium:100%;--awb-order-medium:0;--awb-spacing-right-medium:1.92%;--awb-spacing-left-medium:1.92%;--awb-width-small:100%;--awb-order-small:0;--awb-spacing-right-small:1.92%;--awb-spacing-left-small:1.92%;\"><div class=\"fusion-column-wrapper fusion-column-has-shadow fusion-flex-justify-content-flex-start fusion-content-layout-column\"><div class=\"fusion-text fusion-text-5\"><h2 class=\"p1\" style=\"text-align: center; font-size: 32px; color: #91c73e;\">Estos recursos de Optimas pueden ayudar:<\/h2>\n<div class=\"grey-link\">\n<p class=\"p1\" style=\"text-align: center;\"><a href=\"https:\/\/optimas.com\/es\/blog\/how-to-remove-potential-roadblocks-in-inventory-management\/\" target=\"_blank\" rel=\"noopener\"><span class=\"s1\">C\u00f3mo eliminar posibles obst\u00e1culos en la gesti\u00f3n de inventario<\/span><\/a><\/p>\n<p class=\"p1\" style=\"text-align: center;\"><a href=\"https:\/\/optimas.com\/es\/blog\/5-reasons-manufacturers-use-vendor-managed-inventory-programs\/\" target=\"_blank\" rel=\"noopener\"><span class=\"s1\">5 razones por las que los fabricantes utilizan programas de gesti\u00f3n de inventario<\/span><\/a><\/p>\n<p class=\"p1\" style=\"text-align: center;\"><a href=\"https:\/\/optimas.com\/es\/blog\/top-3-things-to-look-for-in-a-vmi-partner\/\" target=\"_blank\" rel=\"noopener\"><span class=\"s1\">Las 3 cosas principales que debe buscar en un socio de gesti\u00f3n de inventario<\/span><\/a><\/p>\n<p class=\"p1\" style=\"text-align: center;\"><a href=\"https:\/\/optimas.com\/es\/blog\/kpis-measure-success-vmi-program\/\" target=\"_blank\" rel=\"noopener\"><span class=\"s1\">6 KPI para medir el valor de su programa de gesti\u00f3n de inventario<\/span><\/a><\/p>\n<\/div>\n<\/div><\/div><\/div><\/div><\/div><div class=\"fusion-fullwidth fullwidth-box fusion-builder-row-3 fusion-flex-container has-pattern-background has-mask-background nonhundred-percent-fullwidth non-hundred-percent-height-scrolling\" style=\"--awb-border-radius-top-left:0px;--awb-border-radius-top-right:0px;--awb-border-radius-bottom-right:0px;--awb-border-radius-bottom-left:0px;--awb-margin-bottom:60px;--awb-flex-wrap:wrap;\" ><div class=\"fusion-builder-row fusion-row fusion-flex-align-items-flex-start fusion-flex-content-wrap\" style=\"max-width:104%;margin-left: calc(-4% \/ 2 );margin-right: calc(-4% \/ 2 );\"><div class=\"fusion-layout-column fusion_builder_column fusion-builder-column-3 fusion_builder_column_1_1 1_1 fusion-flex-column max1200\" style=\"--awb-bg-size:cover;--awb-width-large:100%;--awb-margin-top-large:0px;--awb-spacing-right-large:1.92%;--awb-margin-bottom-large:0px;--awb-spacing-left-large:1.92%;--awb-width-medium:100%;--awb-order-medium:0;--awb-spacing-right-medium:1.92%;--awb-spacing-left-medium:1.92%;--awb-width-small:100%;--awb-order-small:0;--awb-spacing-right-small:1.92%;--awb-spacing-left-small:1.92%;\"><div class=\"fusion-column-wrapper fusion-column-has-shadow fusion-flex-justify-content-flex-start fusion-content-layout-column\"><div class=\"fusion-builder-row fusion-builder-row-inner fusion-row fusion-flex-align-items-flex-start fusion-flex-content-wrap\" style=\"--awb-flex-grow:0;--awb-flex-grow-medium:0;--awb-flex-grow-small:0;--awb-flex-shrink:0;--awb-flex-shrink-medium:0;--awb-flex-shrink-small:0;width:104% !important;max-width:104% !important;margin-left: calc(-4% \/ 2 );margin-right: calc(-4% \/ 2 );\"><div class=\"fusion-layout-column fusion_builder_column_inner fusion-builder-nested-column-3 fusion_builder_column_inner_1_2 1_2 fusion-flex-column\" style=\"--awb-bg-color:#ce691d;--awb-bg-color-hover:#ce691d;--awb-bg-size:cover;--awb-width-large:50%;--awb-margin-top-large:0px;--awb-spacing-right-large:0px;--awb-margin-bottom-large:0px;--awb-spacing-left-large:3.84%;--awb-width-medium:100%;--awb-order-medium:0;--awb-spacing-right-medium:1.92%;--awb-spacing-left-medium:1.92%;--awb-width-small:100%;--awb-order-small:0;--awb-spacing-right-small:1.92%;--awb-spacing-left-small:1.92%;\"><div class=\"fusion-column-wrapper fusion-column-has-shadow fusion-flex-justify-content-center fusion-content-layout-column\"><div class=\"fusion-text fusion-text-6 fusion-text-no-margin\" style=\"--awb-margin-top:40px;--awb-margin-right:30px;--awb-margin-bottom:40px;--awb-margin-left:30px;\"><div style=\"float: left;\">\n<h2 class=\"box-header\"><span style=\"color: #ffffff;\">Tener demasiado exceso<br \/>\n&amp; \u00bfInventario obsoleto?<\/span><\/h2>\n<\/div>\n<div class=\"box-icon\"><img decoding=\"async\" class=\"alignnone size-full wp-image-6156\" src=\"https:\/\/optimas.com\/wp-content\/uploads\/2023\/02\/White-Arrow-Icon.png\" alt=\"\" width=\"61\" height=\"80\" srcset=\"https:\/\/optimas.com\/wp-content\/uploads\/2023\/02\/White-Arrow-Icon-9x12.png 9w, https:\/\/optimas.com\/wp-content\/uploads\/2023\/02\/White-Arrow-Icon.png 61w\" sizes=\"(max-width: 61px) 100vw, 61px\" \/><\/div>\n<\/div><\/div><\/div><div class=\"fusion-layout-column fusion_builder_column_inner fusion-builder-nested-column-4 fusion_builder_column_inner_1_2 1_2 fusion-flex-column\" style=\"--awb-bg-color:#e87722;--awb-bg-color-hover:#e87722;--awb-bg-size:cover;--awb-width-large:50%;--awb-margin-top-large:0px;--awb-spacing-right-large:3.84%;--awb-margin-bottom-large:0px;--awb-spacing-left-large:0px;--awb-width-medium:100%;--awb-order-medium:0;--awb-spacing-right-medium:1.92%;--awb-spacing-left-medium:1.92%;--awb-width-small:100%;--awb-order-small:0;--awb-spacing-right-small:1.92%;--awb-spacing-left-small:1.92%;\"><div class=\"fusion-column-wrapper fusion-column-has-shadow fusion-flex-justify-content-center fusion-content-layout-column\"><div class=\"fusion-text fusion-text-7 fusion-text-no-margin\" style=\"--awb-margin-top:40px;--awb-margin-right:30px;--awb-margin-bottom:40px;--awb-margin-left:30px;\"><div style=\"float: left;\">\n<h2 class=\"box-header\"><span style=\"color: #53565a;\">Mantenga menos inventario<br \/>\nDisponible.<\/span><\/h2>\n<\/div>\n<div style=\"float: right;\"><img decoding=\"async\" class=\"alignnone size-full wp-image-6156\" src=\"https:\/\/optimas.com\/wp-content\/uploads\/2023\/02\/Inventory-Icon.png\" alt=\"\" width=\"61\" height=\"80\" \/><\/div>\n<\/div><\/div><\/div><\/div><\/div><\/div><div class=\"fusion-layout-column fusion_builder_column fusion-builder-column-4 fusion_builder_column_1_1 1_1 fusion-flex-column max1200\" style=\"--awb-padding-top:20px;--awb-padding-bottom:20px;--awb-bg-size:cover;--awb-border-color:#e87722;--awb-border-top:0;--awb-border-right:1px;--awb-border-bottom:1px;--awb-border-left:1px;--awb-border-style:solid;--awb-width-large:100%;--awb-margin-top-large:0px;--awb-spacing-right-large:1.92%;--awb-margin-bottom-large:20px;--awb-spacing-left-large:1.92%;--awb-width-medium:100%;--awb-order-medium:0;--awb-spacing-right-medium:1.92%;--awb-spacing-left-medium:1.92%;--awb-width-small:100%;--awb-order-small:0;--awb-spacing-right-small:1.92%;--awb-spacing-left-small:1.92%;\"><div class=\"fusion-column-wrapper fusion-column-has-shadow fusion-flex-justify-content-flex-start fusion-content-layout-column\"><div class=\"fusion-text fusion-text-8\"><h2 class=\"p1\" style=\"text-align: center; font-size: 32px; color: #e87722;\">Estos recursos de Optimas pueden ayudar:<\/h2>\n<div class=\"grey-link\">\n<p class=\"p1\" style=\"text-align: center;\"><a href=\"https:\/\/optimas.com\/es\/resources\/daily-inventory-management-maximizes-efficiency\/\" target=\"_blank\" rel=\"noopener\"><span class=\"s1\">La gesti\u00f3n diaria del inventario maximiza la eficiencia<\/span><\/a><\/p>\n<p class=\"p1\" style=\"text-align: center;\"><a href=\"https:\/\/optimas.com\/es\/resources\/metal-fabricator-increases-productivity-with-consolidated-supply-chain\/\" target=\"_blank\" rel=\"noopener\"><span class=\"s1\">El fabricante de metal aumenta la productividad con una cadena de suministro consolidada<\/span><\/a><\/p>\n<p class=\"p1\" style=\"text-align: center;\"><a href=\"https:\/\/optimas.com\/es\/blog\/is-it-time-to-embrace-inventory-management-technology\/\" target=\"_blank\" rel=\"noopener\"><span class=\"s1\">\u00bfEs hora de adoptar soluciones de gesti\u00f3n de inventario?<\/span><\/a><\/p>\n<p class=\"p1\" style=\"text-align: center;\"><a href=\"https:\/\/optimas.com\/es\/blog\/how-vmi-programs-lower-your-total-cost-of-ownership\/\" target=\"_blank\" rel=\"noopener\"><span class=\"s1\">C\u00f3mo los programas de administraci\u00f3n de inventario reducen el costo total de propiedad<\/span><\/a><\/p>\n<\/div>\n<\/div><\/div><\/div><\/div><\/div><div class=\"fusion-fullwidth fullwidth-box fusion-builder-row-4 fusion-flex-container has-pattern-background has-mask-background nonhundred-percent-fullwidth non-hundred-percent-height-scrolling\" style=\"--awb-border-radius-top-left:0px;--awb-border-radius-top-right:0px;--awb-border-radius-bottom-right:0px;--awb-border-radius-bottom-left:0px;--awb-margin-bottom:60px;--awb-flex-wrap:wrap;\" ><div class=\"fusion-builder-row fusion-row fusion-flex-align-items-flex-start fusion-flex-content-wrap\" style=\"max-width:104%;margin-left: calc(-4% \/ 2 );margin-right: calc(-4% \/ 2 );\"><div class=\"fusion-layout-column fusion_builder_column fusion-builder-column-5 fusion_builder_column_1_1 1_1 fusion-flex-column max1200\" style=\"--awb-bg-size:cover;--awb-width-large:100%;--awb-margin-top-large:0px;--awb-spacing-right-large:1.92%;--awb-margin-bottom-large:0px;--awb-spacing-left-large:1.92%;--awb-width-medium:100%;--awb-order-medium:0;--awb-spacing-right-medium:1.92%;--awb-spacing-left-medium:1.92%;--awb-width-small:100%;--awb-order-small:0;--awb-spacing-right-small:1.92%;--awb-spacing-left-small:1.92%;\"><div class=\"fusion-column-wrapper fusion-column-has-shadow fusion-flex-justify-content-flex-start fusion-content-layout-column\"><div class=\"fusion-builder-row fusion-builder-row-inner fusion-row fusion-flex-align-items-flex-start fusion-flex-content-wrap\" style=\"--awb-flex-grow:0;--awb-flex-grow-medium:0;--awb-flex-grow-small:0;--awb-flex-shrink:0;--awb-flex-shrink-medium:0;--awb-flex-shrink-small:0;width:104% !important;max-width:104% !important;margin-left: calc(-4% \/ 2 );margin-right: calc(-4% \/ 2 );\"><div class=\"fusion-layout-column fusion_builder_column_inner fusion-builder-nested-column-5 fusion_builder_column_inner_1_2 1_2 fusion-flex-column\" style=\"--awb-bg-color:#0291c7;--awb-bg-color-hover:#0291c7;--awb-bg-size:cover;--awb-width-large:50%;--awb-margin-top-large:0px;--awb-spacing-right-large:0px;--awb-margin-bottom-large:0px;--awb-spacing-left-large:3.84%;--awb-width-medium:100%;--awb-order-medium:0;--awb-spacing-right-medium:1.92%;--awb-spacing-left-medium:1.92%;--awb-width-small:100%;--awb-order-small:0;--awb-spacing-right-small:1.92%;--awb-spacing-left-small:1.92%;\"><div class=\"fusion-column-wrapper fusion-column-has-shadow fusion-flex-justify-content-center fusion-content-layout-column\"><div class=\"fusion-text fusion-text-9 fusion-text-no-margin\" style=\"--awb-margin-top:40px;--awb-margin-right:30px;--awb-margin-bottom:40px;--awb-margin-left:30px;\"><div style=\"float: left;\">\n<h2 class=\"box-header\"><span style=\"color: #ffffff;\">\u00bfEres incapaz de<br \/>\n\u00bfAnticipar la demanda?<\/span><\/h2>\n<\/div>\n<div class=\"box-icon\"><img decoding=\"async\" class=\"alignnone size-full wp-image-6156\" src=\"https:\/\/optimas.com\/wp-content\/uploads\/2023\/02\/White-Arrow-Icon.png\" alt=\"\" width=\"61\" height=\"80\" srcset=\"https:\/\/optimas.com\/wp-content\/uploads\/2023\/02\/White-Arrow-Icon-9x12.png 9w, https:\/\/optimas.com\/wp-content\/uploads\/2023\/02\/White-Arrow-Icon.png 61w\" sizes=\"(max-width: 61px) 100vw, 61px\" \/><\/div>\n<\/div><\/div><\/div><div class=\"fusion-layout-column fusion_builder_column_inner fusion-builder-nested-column-6 fusion_builder_column_inner_1_2 1_2 fusion-flex-column\" style=\"--awb-bg-color:#00a3e0;--awb-bg-color-hover:#00a3e0;--awb-bg-size:cover;--awb-width-large:50%;--awb-margin-top-large:0px;--awb-spacing-right-large:3.84%;--awb-margin-bottom-large:0px;--awb-spacing-left-large:0px;--awb-width-medium:100%;--awb-order-medium:0;--awb-spacing-right-medium:1.92%;--awb-spacing-left-medium:1.92%;--awb-width-small:100%;--awb-order-small:0;--awb-spacing-right-small:1.92%;--awb-spacing-left-small:1.92%;\"><div class=\"fusion-column-wrapper fusion-column-has-shadow fusion-flex-justify-content-center fusion-content-layout-column\"><div class=\"fusion-text fusion-text-10 fusion-text-no-margin\" style=\"--awb-margin-top:40px;--awb-margin-right:30px;--awb-margin-bottom:40px;--awb-margin-left:30px;\"><div style=\"float: left;\">\n<h2 class=\"box-header\"><span style=\"color: #53565a;\">Inicio basado en la demanda<br \/>\nPlanificaci\u00f3n.<\/span><\/h2>\n<\/div>\n<div style=\"float: right;\"><img decoding=\"async\" class=\"alignnone size-full wp-image-6156\" src=\"https:\/\/optimas.com\/wp-content\/uploads\/2023\/02\/Cellphone-Icon.png\" alt=\"\" width=\"61\" height=\"80\" \/><\/div>\n<\/div><\/div><\/div><\/div><\/div><\/div><div class=\"fusion-layout-column fusion_builder_column fusion-builder-column-6 fusion_builder_column_1_1 1_1 fusion-flex-column max1200\" style=\"--awb-padding-top:20px;--awb-padding-bottom:20px;--awb-bg-size:cover;--awb-border-color:#00a3e0;--awb-border-top:0;--awb-border-right:1px;--awb-border-bottom:1px;--awb-border-left:1px;--awb-border-style:solid;--awb-width-large:100%;--awb-margin-top-large:0px;--awb-spacing-right-large:1.92%;--awb-margin-bottom-large:20px;--awb-spacing-left-large:1.92%;--awb-width-medium:100%;--awb-order-medium:0;--awb-spacing-right-medium:1.92%;--awb-spacing-left-medium:1.92%;--awb-width-small:100%;--awb-order-small:0;--awb-spacing-right-small:1.92%;--awb-spacing-left-small:1.92%;\"><div class=\"fusion-column-wrapper fusion-column-has-shadow fusion-flex-justify-content-flex-start fusion-content-layout-column\"><div class=\"fusion-text fusion-text-11\"><h2 class=\"p1\" style=\"text-align: center; font-size: 32px; color: #00a3e0;\">Estos recursos de Optimas pueden ayudar:<\/h2>\n<div class=\"grey-link\">\n<p class=\"p1\" style=\"text-align: center;\"><a href=\"https:\/\/optimas.com\/es\/blog\/how-to-remove-potential-roadblocks-in-inventory-management\/\" target=\"_blank\" rel=\"noopener\"><span class=\"s1\">C\u00f3mo eliminar posibles obst\u00e1culos en la gesti\u00f3n de inventario<\/span><\/a><\/p>\n<p class=\"p1\" style=\"text-align: center;\"><a href=\"https:\/\/optimas.com\/es\/value-added-services\/optimize-your-inventory\/\" target=\"_blank\" rel=\"noopener\"><span class=\"s1\">L\u00edderes en Gesti\u00f3n de Inventario<\/span><\/a><\/p>\n<p class=\"p1\" style=\"text-align: center;\"><a href=\"https:\/\/optimas.com\/es\/blog\/4-ways-to-make-your-inventory-management-more-efficient\/\" target=\"_blank\" rel=\"noopener\"><span class=\"s1\">4 formas de hacer que su gesti\u00f3n de inventario sea m\u00e1s eficiente<\/span><\/a><\/p>\n<\/div>\n<\/div><\/div><\/div><\/div><\/div><\/p>","protected":false},"excerpt":{"rendered":"","protected":false},"author":3,"featured_media":0,"parent":0,"menu_order":0,"comment_status":"closed","ping_status":"closed","template":"","meta":{"_acf_changed":false,"content-type":"","footnotes":""},"class_list":["post-6137","page","type-page","status-publish","hentry"],"acf":[],"_links":{"self":[{"href":"https:\/\/optimas.com\/es\/wp-json\/wp\/v2\/pages\/6137","targetHints":{"allow":["GET"]}}],"collection":[{"href":"https:\/\/optimas.com\/es\/wp-json\/wp\/v2\/pages"}],"about":[{"href":"https:\/\/optimas.com\/es\/wp-json\/wp\/v2\/types\/page"}],"author":[{"embeddable":true,"href":"https:\/\/optimas.com\/es\/wp-json\/wp\/v2\/users\/3"}],"replies":[{"embeddable":true,"href":"https:\/\/optimas.com\/es\/wp-json\/wp\/v2\/comments?post=6137"}],"version-history":[{"count":0,"href":"https:\/\/optimas.com\/es\/wp-json\/wp\/v2\/pages\/6137\/revisions"}],"wp:attachment":[{"href":"https:\/\/optimas.com\/es\/wp-json\/wp\/v2\/media?parent=6137"}],"curies":[{"name":"wp","href":"https:\/\/api.w.org\/{rel}","templated":true}]}}