{"id":5165,"date":"2022-06-13T14:12:22","date_gmt":"2022-06-13T19:12:22","guid":{"rendered":"https:\/\/optimas.com\/?page_id=5165"},"modified":"2026-04-13T11:43:08","modified_gmt":"2026-04-13T16:43:08","slug":"electrification-white-paper-off-road-construction-download","status":"publish","type":"page","link":"https:\/\/optimas.com\/es_es\/electrification-white-paper-off-road-construction-download\/","title":{"rendered":"Libro blanco sobre electrificaci\u00f3n Construcci\u00f3n todoterreno Descargar"},"content":{"rendered":"<div class=\"fusion-fullwidth fullwidth-box fusion-builder-row-1 fusion-flex-container nonhundred-percent-fullwidth non-hundred-percent-height-scrolling\" style=\"--awb-border-radius-top-left:0px;--awb-border-radius-top-right:0px;--awb-border-radius-bottom-right:0px;--awb-border-radius-bottom-left:0px;--awb-padding-top:50px;--awb-padding-bottom:50px;--awb-margin-top:-50px;--awb-background-color:#91c73e;--awb-flex-wrap:wrap;\" ><div class=\"fusion-builder-row fusion-row fusion-flex-align-items-center fusion-flex-content-wrap\" style=\"max-width:104%;margin-left: calc(-4% \/ 2 );margin-right: calc(-4% \/ 2 );\"><div class=\"fusion-layout-column fusion_builder_column fusion-builder-column-0 fusion_builder_column_1_1 1_1 fusion-flex-column max1200\" style=\"--awb-padding-top:40px;--awb-padding-bottom:40px;--awb-bg-size:cover;--awb-width-large:100%;--awb-margin-top-large:0px;--awb-spacing-right-large:1.92%;--awb-margin-bottom-large:20px;--awb-spacing-left-large:1.92%;--awb-width-medium:100%;--awb-order-medium:0;--awb-spacing-right-medium:1.92%;--awb-spacing-left-medium:1.92%;--awb-width-small:100%;--awb-order-small:0;--awb-spacing-right-small:1.92%;--awb-spacing-left-small:1.92%;\"><div class=\"fusion-column-wrapper fusion-column-has-shadow fusion-flex-justify-content-flex-start fusion-content-layout-column\"><div class=\"fusion-builder-row fusion-builder-row-inner fusion-row fusion-flex-align-items-center fusion-flex-content-wrap\" style=\"--awb-flex-grow:0;--awb-flex-grow-medium:0;--awb-flex-grow-small:0;--awb-flex-shrink:0;--awb-flex-shrink-medium:0;--awb-flex-shrink-small:0;width:104% !important;max-width:104% !important;margin-left: calc(-4% \/ 2 );margin-right: calc(-4% \/ 2 );\"><div class=\"fusion-layout-column fusion_builder_column_inner fusion-builder-nested-column-0 fusion_builder_column_inner_1_2 1_2 fusion-flex-column\" style=\"--awb-bg-size:cover;--awb-width-large:50%;--awb-margin-top-large:0px;--awb-spacing-right-large:3.84%;--awb-margin-bottom-large:20px;--awb-spacing-left-large:3.84%;--awb-width-medium:100%;--awb-order-medium:0;--awb-spacing-right-medium:1.92%;--awb-spacing-left-medium:1.92%;--awb-width-small:100%;--awb-order-small:0;--awb-spacing-right-small:1.92%;--awb-spacing-left-small:1.92%;\"><div class=\"fusion-column-wrapper fusion-column-has-shadow fusion-flex-justify-content-flex-start fusion-content-layout-column\"><div class=\"fusion-image-element\" style=\"--awb-caption-title-font-family:var(--h2_typography-font-family);--awb-caption-title-font-weight:var(--h2_typography-font-weight);--awb-caption-title-font-style:var(--h2_typography-font-style);--awb-caption-title-size:var(--h2_typography-font-size);--awb-caption-title-transform:var(--h2_typography-text-transform);--awb-caption-title-line-height:var(--h2_typography-line-height);--awb-caption-title-letter-spacing:var(--h2_typography-letter-spacing);\"><span class=\"fusion-imageframe imageframe-none imageframe-1 hover-type-none\"><img decoding=\"async\" width=\"695\" height=\"900\" alt=\"Cubierta de papel blanco de Off Road Construction con una excavadora en el frente\" title=\"Construcci\u00f3n todoterreno\" src=\"https:\/\/optimas.com\/wp-content\/uploads\/2022\/05\/Off-Road-Construction.png\" class=\"img-responsive wp-image-5104\" srcset=\"https:\/\/optimas.com\/wp-content\/uploads\/2022\/05\/Off-Road-Construction-200x259.png 200w, https:\/\/optimas.com\/wp-content\/uploads\/2022\/05\/Off-Road-Construction-400x518.png 400w, https:\/\/optimas.com\/wp-content\/uploads\/2022\/05\/Off-Road-Construction-600x777.png 600w, https:\/\/optimas.com\/wp-content\/uploads\/2022\/05\/Off-Road-Construction.png 695w\" sizes=\"(max-width: 1024px) 100vw, (max-width: 640px) 100vw, 695px\" \/><\/span><\/div><\/div><\/div><div class=\"fusion-layout-column fusion_builder_column_inner fusion-builder-nested-column-1 fusion_builder_column_inner_1_2 1_2 fusion-flex-column\" style=\"--awb-bg-size:cover;--awb-width-large:50%;--awb-margin-top-large:0px;--awb-spacing-right-large:3.84%;--awb-margin-bottom-large:20px;--awb-spacing-left-large:3.84%;--awb-width-medium:100%;--awb-order-medium:0;--awb-spacing-right-medium:1.92%;--awb-spacing-left-medium:1.92%;--awb-width-small:100%;--awb-order-small:0;--awb-spacing-right-small:1.92%;--awb-spacing-left-small:1.92%;\"><div class=\"fusion-column-wrapper fusion-column-has-shadow fusion-flex-justify-content-flex-start fusion-content-layout-column\"><div class=\"fusion-text fusion-text-1\"><h1 style=\"color: #ffffff; text-align: left; font-size: 40px;\">Gracias por su inter\u00e9s en nuestro documento t\u00e9cnico.<\/h1>\n<\/div><div class=\"fusion-text fusion-text-2 fusion-text-no-margin\" style=\"--awb-margin-top:30px;--awb-margin-bottom:30px;\"><p class=\"p1\" style=\"text-align: center;\"><a class=\"linkOrangeButton\" href=\"https:\/\/optimas.com\/wp-content\/uploads\/2022\/05\/Optimas.Off-Road-Construction-Equipment-Manufacturers-Can-Move-to-an-Economically-and-Environmentally-Viable-Future.Whitepaper.FINAL-3-24-21-1.pdf\" target=\"_blank\" rel=\"noopener\">DESCARGAR AHORA<\/a><\/p>\n<\/div><div class=\"fusion-text fusion-text-3\"><p style=\"color: #ffffff; size: 24px;\">Dado que est\u00e1 interesado en este documento t\u00e9cnico, pensamos que tambi\u00e9n podr\u00eda interesarle un estudio de caso sobre <a style=\"font-weight: 900;\" href=\"https:\/\/optimas.com\/es_es\/resources\/advanced-product-quality-planning-improves-caterpillar-product-reliability\/\" target=\"_blank\" rel=\"noopener\">C\u00f3mo Caterpillar mejor\u00f3 la calidad de las piezas del 95%.<\/a><\/p>\n<\/div><\/div><\/div><\/div><\/div><\/div><\/div><\/div>","protected":false},"excerpt":{"rendered":"","protected":false},"author":1,"featured_media":5104,"parent":0,"menu_order":0,"comment_status":"closed","ping_status":"closed","template":"","meta":{"_acf_changed":false,"content-type":"","footnotes":""},"class_list":["post-5165","page","type-page","status-publish","has-post-thumbnail","hentry"],"acf":[],"_links":{"self":[{"href":"https:\/\/optimas.com\/es_es\/wp-json\/wp\/v2\/pages\/5165","targetHints":{"allow":["GET"]}}],"collection":[{"href":"https:\/\/optimas.com\/es_es\/wp-json\/wp\/v2\/pages"}],"about":[{"href":"https:\/\/optimas.com\/es_es\/wp-json\/wp\/v2\/types\/page"}],"author":[{"embeddable":true,"href":"https:\/\/optimas.com\/es_es\/wp-json\/wp\/v2\/users\/1"}],"replies":[{"embeddable":true,"href":"https:\/\/optimas.com\/es_es\/wp-json\/wp\/v2\/comments?post=5165"}],"version-history":[{"count":0,"href":"https:\/\/optimas.com\/es_es\/wp-json\/wp\/v2\/pages\/5165\/revisions"}],"wp:featuredmedia":[{"embeddable":true,"href":"https:\/\/optimas.com\/es_es\/wp-json\/wp\/v2\/media\/5104"}],"wp:attachment":[{"href":"https:\/\/optimas.com\/es_es\/wp-json\/wp\/v2\/media?parent=5165"}],"curies":[{"name":"wp","href":"https:\/\/api.w.org\/{rel}","templated":true}]}}