{"id":814,"date":"2019-10-29T15:08:38","date_gmt":"2019-10-29T15:08:38","guid":{"rendered":"https:\/\/optimas.com\/?page_id=814"},"modified":"2026-04-13T11:18:53","modified_gmt":"2026-04-13T16:18:53","slug":"team","status":"publish","type":"page","link":"https:\/\/optimas.com\/es_es\/about-us\/team\/","title":{"rendered":"Nuestro equipo de liderazgo"},"content":{"rendered":"<div class=\"fusion-fullwidth fullwidth-box fusion-builder-row-1 nonhundred-percent-fullwidth non-hundred-percent-height-scrolling\" style=\"--awb-border-radius-top-left:0px;--awb-border-radius-top-right:0px;--awb-border-radius-bottom-right:0px;--awb-border-radius-bottom-left:0px;--awb-flex-wrap:wrap;\" ><div class=\"fusion-builder-row fusion-row\"><div class=\"fusion-layout-column fusion_builder_column fusion-builder-column-0 fusion_builder_column_1_1 1_1 fusion-one-full fusion-column-first fusion-column-last max1200\" style=\"--awb-bg-size:cover;\"><div class=\"fusion-column-wrapper fusion-column-has-shadow fusion-flex-column-wrapper-legacy\"><div class=\"fusion-builder-row fusion-builder-row-inner fusion-row\"><div class=\"fusion-layout-column fusion_builder_column_inner fusion-builder-nested-column-0 fusion_builder_column_inner_1_1 1_1 fusion-one-full fusion-column-first fusion-column-last\" style=\"--awb-padding-bottom:30px;--awb-bg-size:cover;\"><div class=\"fusion-column-wrapper fusion-column-has-shadow fusion-flex-column-wrapper-legacy\"><div class=\"fusion-text fusion-text-1\"><h1>Nuestro equipo de liderazgo<\/h1>\n<\/div><div class=\"fusion-clearfix\"><\/div><\/div><\/div><div class=\"fusion-layout-column fusion_builder_column_inner fusion-builder-nested-column-1 fusion_builder_column_inner_1_4 1_4 fusion-one-fourth fusion-column-first\" style=\"--awb-bg-size:cover;width:25%;width:calc(25% - ( ( 4% ) * 0.25 ) );margin-right: 4%;\" id=\"harms\"><div class=\"fusion-column-wrapper fusion-column-has-shadow fusion-flex-column-wrapper-legacy\"><div class=\"fusion-image-element fusion-image-align-center in-legacy-container\" style=\"text-align:center;--awb-caption-title-font-family:var(--h2_typography-font-family);--awb-caption-title-font-weight:var(--h2_typography-font-weight);--awb-caption-title-font-style:var(--h2_typography-font-style);--awb-caption-title-size:var(--h2_typography-font-size);--awb-caption-title-transform:var(--h2_typography-text-transform);--awb-caption-title-line-height:var(--h2_typography-line-height);--awb-caption-title-letter-spacing:var(--h2_typography-letter-spacing);\"><div class=\"imageframe-align-center\"><span class=\"fusion-imageframe imageframe-none imageframe-1 hover-type-none\" id=\"strandquist\"><img decoding=\"async\" width=\"330\" height=\"330\" alt=\"Daniel Harms Director General de Optimas Solutions\" title=\"daniel-harms\" src=\"https:\/\/optimas.com\/wp-content\/uploads\/2021\/08\/Daniel-Harms.jpg\" class=\"img-responsive wp-image-4534\" srcset=\"https:\/\/optimas.com\/wp-content\/uploads\/2021\/08\/Daniel-Harms-200x200.jpg 200w, https:\/\/optimas.com\/wp-content\/uploads\/2021\/08\/Daniel-Harms.jpg 330w\" sizes=\"(max-width: 800px) 100vw, 330px\" \/><\/span><\/div><\/div><div class=\"fusion-clearfix\"><\/div><\/div><\/div><div class=\"fusion-layout-column fusion_builder_column_inner fusion-builder-nested-column-2 fusion_builder_column_inner_3_4 3_4 fusion-three-fourth fusion-column-last\" style=\"--awb-bg-size:cover;width:75%;width:calc(75% - ( ( 4% ) * 0.75 ) );\" id=\"harms\"><div class=\"fusion-column-wrapper fusion-column-has-shadow fusion-flex-column-wrapper-legacy\"><div class=\"fusion-text fusion-text-2\"><h1>daniel danos<\/h1>\n<div class=\"PD IF\">\n<div id=\":a5.co\" class=\"JL\">\n<div id=\":ax.ma\" class=\"Mu SP\" data-tooltip=\"December 9, 2019 at 11:35:57 AM UTC-8\"><strong><span id=\":ax.co\" class=\"tL8wMe EMoHub\" dir=\"ltr\">CEO, Am\u00e9rica<\/span><\/strong><\/div>\n<\/div>\n<\/div>\n<\/div><div class=\"fusion-sep-clear\"><\/div><div class=\"fusion-separator fusion-full-width-sep\" style=\"margin-left: auto;margin-right: auto;margin-top:10px;margin-bottom:10px;width:100%;\"><\/div><div class=\"fusion-sep-clear\"><\/div><div class=\"fusion-text fusion-text-3\"><p>Daniel Harms es director ejecutivo de las Am\u00e9ricas y miembro de la junta directiva de Optimas Solutions. Es responsable de las estrategias que impulsan los ingresos disciplinados y el crecimiento rentable, elevan la excelencia operativa y mejoran el servicio al cliente en los Estados Unidos, Canad\u00e1, M\u00e9xico y Am\u00e9rica del Sur.<\/p>\n<p>&nbsp;<\/p>\n<p>Fue ascendido a presidente de las Am\u00e9ricas en agosto de 2021 despu\u00e9s de unirse a la empresa en abril del mismo a\u00f1o como director de operaciones con un enfoque en los centros de distribuci\u00f3n, el abastecimiento y la cadena de suministro en Am\u00e9rica del Norte.<\/p>\n<p>&nbsp;<\/p>\n<p>Un l\u00edder de pensamiento estrat\u00e9gico con casi 20 a\u00f1os de experiencia en la cadena de suministro, Daniel ha creado y guiado equipos de alto rendimiento para brindar excelencia operativa en m\u00faltiples industrias. Su estilo de liderazgo influyente y su enfoque basado en datos para la resoluci\u00f3n de problemas han producido un crecimiento constante de los ingresos y los resultados con ganancias y p\u00e9rdidas de m\u00e1s de $100 millones.<\/p>\n<p>&nbsp;<\/p>\n<p>Antes de unirse a Optimas, Daniel ocup\u00f3 varios puestos de creciente responsabilidad en DSC\/CJ Logistics, que culminaron como vicepresidente s\u00e9nior de operaciones. En este cargo, tuvo la supervisi\u00f3n estrat\u00e9gica de las relaciones con los clientes y la responsabilidad operativa de numerosos centros de distribuci\u00f3n a nivel nacional. Esto incluy\u00f3 el desarrollo del liderazgo, el desempe\u00f1o financiero\/operativo y la evoluci\u00f3n del proceso comercial. A lo largo de su mandato, Daniel ha liderado iniciativas de personas, procesos y tecnolog\u00eda que impulsaron los puntos de referencia de rendimiento de la empresa.<\/p>\n<p>&nbsp;<\/p>\n<p>Daniel obtuvo una Maestr\u00eda en Administraci\u00f3n de Empresas de la Facultad de Negocios J. Mack Robinson de la Universidad Estatal de Georgia y una Licenciatura en Ciencias en Administraci\u00f3n de Empresas de la Universidad de Tennessee. Actualmente reside en los suburbios de Atlanta con su esposa Laura y sus hijos Caleb, Major y Colby. Daniel es miembro del Consejo de Profesionales de Gesti\u00f3n de la Cadena de Suministro y ofrece su tiempo como voluntario con la iglesia local y las organizaciones Scouts BSA.<\/p>\n<\/div><div class=\"fusion-sep-clear\"><\/div><div class=\"fusion-separator fusion-full-width-sep\" style=\"margin-left: auto;margin-right: auto;margin-top:10px;margin-bottom:10px;width:100%;\"><\/div><div class=\"fusion-sep-clear\"><\/div><div class=\"fusion-text fusion-text-4\"><p><a href=\"https:\/\/www.linkedin.com\/in\/daniel-harms-4b928227\/\" target=\"_blank\" rel=\"noopener noreferrer nofollow\"><img decoding=\"async\" class=\"alignnone\" src=\"\/wp-content\/uploads\/2019\/10\/in.jpg\" alt=\"\" width=\"28\" height=\"28\" \/><\/a><\/p>\n<\/div><div class=\"fusion-clearfix\"><\/div><\/div><\/div><div class=\"fusion-layout-column fusion_builder_column_inner fusion-builder-nested-column-3 fusion_builder_column_inner_1_1 1_1 fusion-one-full fusion-column-first fusion-column-last\" style=\"--awb-bg-size:cover;\"><div class=\"fusion-column-wrapper fusion-column-has-shadow fusion-flex-column-wrapper-legacy\"><div class=\"fusion-sep-clear\"><\/div><div class=\"fusion-separator fusion-full-width-sep\" style=\"margin-left: auto;margin-right: auto;margin-top:10px;margin-bottom:30px;width:100%;\"><div class=\"fusion-separator-border sep-single sep-solid\" style=\"--awb-height:20px;--awb-amount:20px;--awb-sep-color:#a9aaac;border-color:#a9aaac;border-top-width:1px;\"><\/div><\/div><div class=\"fusion-sep-clear\"><\/div><div class=\"fusion-clearfix\"><\/div><\/div><\/div><div class=\"fusion-layout-column fusion_builder_column_inner fusion-builder-nested-column-4 fusion_builder_column_inner_1_4 1_4 fusion-one-fourth fusion-column-first\" style=\"--awb-bg-size:cover;width:25%;width:calc(25% - ( ( 4% ) * 0.25 ) );margin-right: 4%;\" id=\"tuffy\"><div class=\"fusion-column-wrapper fusion-column-has-shadow fusion-flex-column-wrapper-legacy\"><div class=\"fusion-image-element fusion-image-align-center in-legacy-container\" style=\"text-align:center;--awb-caption-title-font-family:var(--h2_typography-font-family);--awb-caption-title-font-weight:var(--h2_typography-font-weight);--awb-caption-title-font-style:var(--h2_typography-font-style);--awb-caption-title-size:var(--h2_typography-font-size);--awb-caption-title-transform:var(--h2_typography-text-transform);--awb-caption-title-line-height:var(--h2_typography-line-height);--awb-caption-title-letter-spacing:var(--h2_typography-letter-spacing);\"><div class=\"imageframe-align-center\"><span class=\"fusion-imageframe imageframe-none imageframe-2 hover-type-none\"><img decoding=\"async\" width=\"330\" height=\"330\" alt=\"Mike Tuffy\" src=\"https:\/\/optimas.com\/wp-content\/uploads\/2019\/11\/6-MT.jpg\" class=\"img-responsive wp-image-1630\" srcset=\"https:\/\/optimas.com\/wp-content\/uploads\/2019\/11\/6-MT-200x200.jpg 200w, https:\/\/optimas.com\/wp-content\/uploads\/2019\/11\/6-MT.jpg 330w\" sizes=\"(max-width: 800px) 100vw, 330px\" \/><\/span><\/div><\/div><div class=\"fusion-clearfix\"><\/div><\/div><\/div><div class=\"fusion-layout-column fusion_builder_column_inner fusion-builder-nested-column-5 fusion_builder_column_inner_3_4 3_4 fusion-three-fourth fusion-column-last\" style=\"--awb-bg-size:cover;width:75%;width:calc(75% - ( ( 4% ) * 0.75 ) );\"><div class=\"fusion-column-wrapper fusion-column-has-shadow fusion-flex-column-wrapper-legacy\"><div class=\"fusion-text fusion-text-5\"><h1>Mike Tuffy<\/h1>\n<p><strong>director general, internacional<\/strong><\/p>\n<\/div><div class=\"fusion-sep-clear\"><\/div><div class=\"fusion-separator fusion-full-width-sep\" style=\"margin-left: auto;margin-right: auto;margin-top:10px;margin-bottom:10px;width:100%;\"><\/div><div class=\"fusion-sep-clear\"><\/div><div class=\"fusion-text fusion-text-6\"><p>Mike Tuffy tiene m\u00e1s de 40 a\u00f1os de experiencia en la industria de sujetadores y ocupa posiciones de liderazgo en los \u00e1mbitos comercial, de abastecimiento y de operaciones. Como director ejecutivo internacional (Europa, Medio Oriente y Asia Pac\u00edfico), Mike utiliza su amplio conocimiento de las capacidades de los proveedores de clase mundial para satisfacer las necesidades y expectativas de los clientes e impulsar la eficiencia para los socios y Optimas. Anteriormente, Mike ocup\u00f3 puestos de liderazgo en Walters Hexagon y Anixter, donde form\u00f3 parte del equipo directivo que hizo crecer significativamente el negocio a trav\u00e9s de un crecimiento org\u00e1nico y m\u00faltiples adquisiciones. Tambi\u00e9n form\u00f3 parte del equipo de adquisiciones que separ\u00f3 Optimas de Anixter en 2015.<\/p>\n<\/div><div class=\"fusion-sep-clear\"><\/div><div class=\"fusion-separator fusion-full-width-sep\" style=\"margin-left: auto;margin-right: auto;margin-top:10px;margin-bottom:10px;width:100%;\"><\/div><div class=\"fusion-sep-clear\"><\/div><div class=\"fusion-text fusion-text-7\"><p><a href=\"https:\/\/www.linkedin.com\/in\/mike-tuffy-a2144b56\/\" target=\"_blank\" rel=\"noopener noreferrer nofollow\"><img decoding=\"async\" src=\"\/wp-content\/uploads\/2019\/10\/in.jpg\" \/><\/a><\/p>\n<\/div><div class=\"fusion-clearfix\"><\/div><\/div><\/div><div class=\"fusion-layout-column fusion_builder_column_inner fusion-builder-nested-column-6 fusion_builder_column_inner_1_1 1_1 fusion-one-full fusion-column-first fusion-column-last\" style=\"--awb-bg-size:cover;\"><div class=\"fusion-column-wrapper fusion-column-has-shadow fusion-flex-column-wrapper-legacy\"><div class=\"fusion-sep-clear\"><\/div><div class=\"fusion-separator fusion-full-width-sep\" style=\"margin-left: auto;margin-right: auto;margin-top:10px;margin-bottom:30px;width:100%;\"><div class=\"fusion-separator-border sep-single sep-solid\" style=\"--awb-height:20px;--awb-amount:20px;--awb-sep-color:#a9aaac;border-color:#a9aaac;border-top-width:1px;\"><\/div><\/div><div class=\"fusion-sep-clear\"><\/div><div class=\"fusion-clearfix\"><\/div><\/div><\/div><div class=\"fusion-layout-column fusion_builder_column_inner fusion-builder-nested-column-7 fusion_builder_column_inner_1_4 1_4 fusion-one-fourth fusion-column-first\" style=\"--awb-bg-size:cover;width:25%;width:calc(25% - ( ( 4% ) * 0.25 ) );margin-right: 4%;\" id=\"mark\" data-scroll-devices=\"small-visibility,medium-visibility,large-visibility\"><div class=\"fusion-column-wrapper fusion-column-has-shadow fusion-flex-column-wrapper-legacy\"><div class=\"fusion-image-element fusion-image-align-center in-legacy-container\" style=\"text-align:center;--awb-caption-title-font-family:var(--h2_typography-font-family);--awb-caption-title-font-weight:var(--h2_typography-font-weight);--awb-caption-title-font-style:var(--h2_typography-font-style);--awb-caption-title-size:var(--h2_typography-font-size);--awb-caption-title-transform:var(--h2_typography-text-transform);--awb-caption-title-line-height:var(--h2_typography-line-height);--awb-caption-title-letter-spacing:var(--h2_typography-letter-spacing);\"><div class=\"imageframe-align-center\"><span class=\"fusion-imageframe imageframe-none imageframe-3 hover-type-none\"><img decoding=\"async\" width=\"368\" height=\"368\" title=\"Mark-Korba-En la cabeza\" src=\"https:\/\/optimas.com\/wp-content\/uploads\/2023\/07\/Mark-Korba-Headshot.jpg\" alt class=\"img-responsive wp-image-7304\" srcset=\"https:\/\/optimas.com\/wp-content\/uploads\/2023\/07\/Mark-Korba-Headshot-200x200.jpg 200w, https:\/\/optimas.com\/wp-content\/uploads\/2023\/07\/Mark-Korba-Headshot.jpg 368w\" sizes=\"(max-width: 800px) 100vw, 368px\" \/><\/span><\/div><\/div><div class=\"fusion-clearfix\"><\/div><\/div><\/div><div class=\"fusion-layout-column fusion_builder_column_inner fusion-builder-nested-column-8 fusion_builder_column_inner_3_4 3_4 fusion-three-fourth fusion-column-last\" style=\"--awb-bg-size:cover;width:75%;width:calc(75% - ( ( 4% ) * 0.75 ) );\"><div class=\"fusion-column-wrapper fusion-column-has-shadow fusion-flex-column-wrapper-legacy\"><div class=\"fusion-text fusion-text-8\" style=\"--awb-text-transform:none;\"><h1>marca korba<\/h1>\n<div class=\"PD IF\">\n<div id=\":a5.co\" class=\"JL\">\n<div id=\":ax.ma\" class=\"Mu SP\" data-tooltip=\"December 9, 2019 at 11:35:57 AM UTC-8\"><strong>Jefe de estado mayor<\/strong><\/div>\n<\/div>\n<\/div>\n<\/div><div class=\"fusion-sep-clear\"><\/div><div class=\"fusion-separator fusion-full-width-sep\" style=\"margin-left: auto;margin-right: auto;margin-top:10px;margin-bottom:10px;width:100%;\"><\/div><div class=\"fusion-sep-clear\"><\/div><div class=\"fusion-text fusion-text-9\" style=\"--awb-text-transform:none;\"><p>Mark Korba se uni\u00f3 a Optimas en 2021 y es responsable de desarrollar y ejecutar estrategias internas y de impulsar continuamente la alineaci\u00f3n de nuestras prioridades comerciales principales. Un miembro clave del equipo ejecutivo, tambi\u00e9n act\u00faa como enlace principal con la propiedad de Optimas. Adem\u00e1s de estas responsabilidades, Korba dirige las funciones de la Oficina de Gesti\u00f3n de Programas (PMO) y Business Intelligence global de la organizaci\u00f3n. Korba aporta una gran experiencia a Optimas, con funciones anteriores en Ventas, Finanzas, Operaciones, Ingenier\u00eda Industrial e Inteligencia Comercial. Antes de unirse a Optimas, Korba trabaj\u00f3 en CJ Logistics, donde fue vicepresidente s\u00e9nior de tecnolog\u00eda, ingenier\u00eda, sistemas y soluciones. Korba tiene una licenciatura en Finanzas y un MBA en Econom\u00eda de la Universidad Roosevelt.<\/p>\n<\/div><div class=\"fusion-sep-clear\"><\/div><div class=\"fusion-separator fusion-full-width-sep\" style=\"margin-left: auto;margin-right: auto;margin-top:10px;margin-bottom:10px;width:100%;\"><\/div><div class=\"fusion-sep-clear\"><\/div><div class=\"fusion-text fusion-text-10\" style=\"--awb-text-transform:none;\"><p><a href=\"https:\/\/www.linkedin.com\/in\/mark-korba-98486a13\/\" target=\"_blank\" rel=\"noopener noreferrer nofollow\"><img decoding=\"async\" class=\"alignnone\" src=\"\/wp-content\/uploads\/2019\/10\/in.jpg\" alt=\"\" width=\"28\" height=\"28\" \/><\/a><\/p>\n<\/div><div class=\"fusion-clearfix\"><\/div><\/div><\/div><div class=\"fusion-layout-column fusion_builder_column_inner fusion-builder-nested-column-9 fusion_builder_column_inner_1_1 1_1 fusion-one-full fusion-column-first fusion-column-last\" style=\"--awb-bg-size:cover;\"><div class=\"fusion-column-wrapper fusion-column-has-shadow fusion-flex-column-wrapper-legacy\"><div class=\"fusion-sep-clear\"><\/div><div class=\"fusion-separator fusion-full-width-sep\" style=\"margin-left: auto;margin-right: auto;margin-top:10px;margin-bottom:30px;width:100%;\"><div class=\"fusion-separator-border sep-single sep-solid\" style=\"--awb-height:20px;--awb-amount:20px;--awb-sep-color:#a9aaac;border-color:#a9aaac;border-top-width:1px;\"><\/div><\/div><div class=\"fusion-sep-clear\"><\/div><div class=\"fusion-clearfix\"><\/div><\/div><\/div><div class=\"fusion-layout-column fusion_builder_column_inner fusion-builder-nested-column-10 fusion_builder_column_inner_1_4 1_4 fusion-one-fourth fusion-column-first\" style=\"--awb-bg-size:cover;width:25%;width:calc(25% - ( ( 4% ) * 0.25 ) );margin-right: 4%;\" id=\"schorr\"><div class=\"fusion-column-wrapper fusion-column-has-shadow fusion-flex-column-wrapper-legacy\"><div class=\"fusion-image-element fusion-image-align-center in-legacy-container\" style=\"text-align:center;--awb-caption-title-font-family:var(--h2_typography-font-family);--awb-caption-title-font-weight:var(--h2_typography-font-weight);--awb-caption-title-font-style:var(--h2_typography-font-style);--awb-caption-title-size:var(--h2_typography-font-size);--awb-caption-title-transform:var(--h2_typography-text-transform);--awb-caption-title-line-height:var(--h2_typography-line-height);--awb-caption-title-letter-spacing:var(--h2_typography-letter-spacing);\"><div class=\"imageframe-align-center\"><span class=\"fusion-imageframe imageframe-none imageframe-4 hover-type-none\" id=\"daly\"><img decoding=\"async\" width=\"330\" height=\"330\" alt=\"Paul Schorr CTO de Optimas Solutions\" title=\"Pablo Schorr\" src=\"https:\/\/optimas.com\/wp-content\/uploads\/2022\/05\/Paul-Schorr.jpg\" class=\"img-responsive wp-image-4953\" srcset=\"https:\/\/optimas.com\/wp-content\/uploads\/2022\/05\/Paul-Schorr-200x200.jpg 200w, https:\/\/optimas.com\/wp-content\/uploads\/2022\/05\/Paul-Schorr.jpg 330w\" sizes=\"(max-width: 800px) 100vw, 330px\" \/><\/span><\/div><\/div><div class=\"fusion-clearfix\"><\/div><\/div><\/div><div class=\"fusion-layout-column fusion_builder_column_inner fusion-builder-nested-column-11 fusion_builder_column_inner_3_4 3_4 fusion-three-fourth fusion-column-last\" style=\"--awb-bg-size:cover;width:75%;width:calc(75% - ( ( 4% ) * 0.75 ) );\"><div class=\"fusion-column-wrapper fusion-column-has-shadow fusion-flex-column-wrapper-legacy\"><div class=\"fusion-text fusion-text-11\" style=\"--awb-text-transform:none;\"><h1>Pablo Schorr<\/h1>\n<div class=\"PD IF\">\n<div id=\":a5.co\" class=\"JL\">\n<div id=\":ax.ma\" class=\"Mu SP\" data-tooltip=\"December 9, 2019 at 11:35:57 AM UTC-8\"><strong>Director de informaci\u00f3n<\/strong><\/div>\n<\/div>\n<\/div>\n<\/div><div class=\"fusion-sep-clear\"><\/div><div class=\"fusion-separator fusion-full-width-sep\" style=\"margin-left: auto;margin-right: auto;margin-top:10px;margin-bottom:10px;width:100%;\"><\/div><div class=\"fusion-sep-clear\"><\/div><div class=\"fusion-text fusion-text-12\" style=\"--awb-text-transform:none;\"><p>Paul Schorr dirige la estrategia tecnol\u00f3gica de Optimas Solutions y supervisa todos los aspectos de TI de la empresa. Bajo su direcci\u00f3n, Optimas planea invertir estrat\u00e9gicamente en tecnolog\u00eda que impulse la eficiencia comercial, impulse el crecimiento y aporte m\u00e1s innovaci\u00f3n para nuestros clientes. Antes de unirse a Optimas, Paul fue el fundador y consultor administrativo de Strategic Outlook LLC, una firma de asesor\u00eda tecnol\u00f3gica y comercial. Para Strategic Outlook, Paul se desempe\u00f1\u00f3 como CIO por contrato para Zesty Paws, Zenwise LLC y uni-ball Corporation. Anteriormente en su carrera, Paul se desempe\u00f1\u00f3 como CIO de Patterson Medical, m\u00e1s tarde rebautizado como Performance Health, un fabricante y distribuidor global en crecimiento de productos m\u00e9dicos de rehabilitaci\u00f3n y recuperaci\u00f3n. En Performance Health, Paul implement\u00f3 una estrategia tecnol\u00f3gica a largo plazo centrada en Oracle NetSuite ERP y otras soluciones basadas en la nube. Oracle NetSuite ERP es la principal herramienta de planificaci\u00f3n de recursos empresariales implementada recientemente por Optimas Solutions. Paul tambi\u00e9n dirigi\u00f3 TI para Disney Movie Club (una divisi\u00f3n de Disney Studios) como CIO divisional por contrato. Paul tiene una Licenciatura en Ciencias en Sistemas de Informaci\u00f3n Administrativa de la Universidad de Eastern Illinois.<\/p>\n<\/div><div class=\"fusion-sep-clear\"><\/div><div class=\"fusion-separator fusion-full-width-sep\" style=\"margin-left: auto;margin-right: auto;margin-top:10px;margin-bottom:10px;width:100%;\"><\/div><div class=\"fusion-sep-clear\"><\/div><div class=\"fusion-text fusion-text-13\" style=\"--awb-text-transform:none;\"><p><a href=\"https:\/\/www.linkedin.com\/in\/paulschorr\/\" target=\"_blank\" rel=\"noopener noreferrer nofollow\"><img decoding=\"async\" class=\"alignnone\" src=\"\/wp-content\/uploads\/2019\/10\/in.jpg\" alt=\"\" width=\"28\" height=\"28\" \/><\/a><\/p>\n<\/div><div class=\"fusion-clearfix\"><\/div><\/div><\/div><\/div><div class=\"fusion-clearfix\"><\/div><\/div><\/div><\/div><\/div>","protected":false},"excerpt":{"rendered":"","protected":false},"author":1,"featured_media":0,"parent":11,"menu_order":0,"comment_status":"closed","ping_status":"closed","template":"","meta":{"_acf_changed":false,"content-type":"","footnotes":""},"class_list":["post-814","page","type-page","status-publish","hentry"],"acf":[],"_links":{"self":[{"href":"https:\/\/optimas.com\/es_es\/wp-json\/wp\/v2\/pages\/814","targetHints":{"allow":["GET"]}}],"collection":[{"href":"https:\/\/optimas.com\/es_es\/wp-json\/wp\/v2\/pages"}],"about":[{"href":"https:\/\/optimas.com\/es_es\/wp-json\/wp\/v2\/types\/page"}],"author":[{"embeddable":true,"href":"https:\/\/optimas.com\/es_es\/wp-json\/wp\/v2\/users\/1"}],"replies":[{"embeddable":true,"href":"https:\/\/optimas.com\/es_es\/wp-json\/wp\/v2\/comments?post=814"}],"version-history":[{"count":0,"href":"https:\/\/optimas.com\/es_es\/wp-json\/wp\/v2\/pages\/814\/revisions"}],"up":[{"embeddable":true,"href":"https:\/\/optimas.com\/es_es\/wp-json\/wp\/v2\/pages\/11"}],"wp:attachment":[{"href":"https:\/\/optimas.com\/es_es\/wp-json\/wp\/v2\/media?parent=814"}],"curies":[{"name":"wp","href":"https:\/\/api.w.org\/{rel}","templated":true}]}}