{"id":11785,"date":"2024-04-15T09:19:53","date_gmt":"2024-04-15T14:19:53","guid":{"rendered":"https:\/\/optimas.com\/?page_id=11785"},"modified":"2024-11-22T15:10:35","modified_gmt":"2024-11-22T21:10:35","slug":"units-to-si-units-conversion-table","status":"publish","type":"page","link":"https:\/\/optimas.com\/fr\/technical-resources\/units-to-si-units-conversion-table\/","title":{"rendered":"Tableau de conversion des unit\u00e9s en unit\u00e9s SI"},"content":{"rendered":"<p><div class=\"fusion-fullwidth fullwidth-box fusion-builder-row-1 fusion-flex-container has-pattern-background has-mask-background nonhundred-percent-fullwidth non-hundred-percent-height-scrolling max\" style=\"--awb-border-radius-top-left:0px;--awb-border-radius-top-right:0px;--awb-border-radius-bottom-right:0px;--awb-border-radius-bottom-left:0px;--awb-padding-right:0px;--awb-padding-left:0px;--awb-flex-wrap:wrap;\" ><div class=\"fusion-builder-row fusion-row fusion-flex-align-items-flex-start fusion-flex-content-wrap\" style=\"max-width:104%;margin-left: calc(-4% \/ 2 );margin-right: calc(-4% \/ 2 );\"><div class=\"fusion-layout-column fusion_builder_column fusion-builder-column-0 fusion_builder_column_1_1 1_1 fusion-flex-column max1200\" style=\"--awb-bg-size:cover;--awb-width-large:100%;--awb-margin-top-large:0px;--awb-spacing-right-large:1.92%;--awb-margin-bottom-large:20px;--awb-spacing-left-large:1.92%;--awb-width-medium:100%;--awb-order-medium:0;--awb-spacing-right-medium:1.92%;--awb-spacing-left-medium:1.92%;--awb-width-small:100%;--awb-order-small:0;--awb-spacing-right-small:1.92%;--awb-spacing-left-small:1.92%;\"><div class=\"fusion-column-wrapper fusion-column-has-shadow fusion-flex-justify-content-flex-start fusion-content-layout-column\"><nav class=\"fusion-breadcrumbs fusion-breadcrumbs-1\" style=\"--awb-alignment:left;--awb-font-size:16;--awb-text-color:#e87722;--awb-breadcrumb-sep:&#039;\/&#039;;text-align:left;\" aria-label=\"Breadcrumb\"><ol class=\"awb-breadcrumb-list\"><li class=\"fusion-breadcrumb-item awb-breadcrumb-sep awb-home\" ><a href=\"https:\/\/optimas.com\/fr\/\" class=\"fusion-breadcrumb-link\"><span >Maison<\/span><\/a><\/li><\/ol><\/nav><\/div><\/div><\/div><\/div><div class=\"fusion-fullwidth fullwidth-box fusion-builder-row-2 fusion-flex-container has-pattern-background has-mask-background nonhundred-percent-fullwidth non-hundred-percent-height-scrolling\" style=\"--awb-border-radius-top-left:0px;--awb-border-radius-top-right:0px;--awb-border-radius-bottom-right:0px;--awb-border-radius-bottom-left:0px;--awb-padding-right:0px;--awb-padding-left:0px;--awb-flex-wrap:wrap;\" ><div class=\"fusion-builder-row fusion-row fusion-flex-align-items-flex-start fusion-flex-content-wrap\" style=\"max-width:104%;margin-left: calc(-4% \/ 2 );margin-right: calc(-4% \/ 2 );\"><div class=\"fusion-layout-column fusion_builder_column fusion-builder-column-1 fusion_builder_column_1_1 1_1 fusion-flex-column max1200\" style=\"--awb-bg-size:cover;--awb-width-large:100%;--awb-margin-top-large:0px;--awb-spacing-right-large:1.92%;--awb-margin-bottom-large:20px;--awb-spacing-left-large:1.92%;--awb-width-medium:100%;--awb-order-medium:0;--awb-spacing-right-medium:1.92%;--awb-spacing-left-medium:1.92%;--awb-width-small:100%;--awb-order-small:0;--awb-spacing-right-small:1.92%;--awb-spacing-left-small:1.92%;\"><div class=\"fusion-column-wrapper fusion-column-has-shadow fusion-flex-justify-content-flex-start fusion-content-layout-column\"><div class=\"fusion-builder-row fusion-builder-row-inner fusion-row fusion-flex-align-items-flex-start fusion-flex-content-wrap\" style=\"--awb-flex-grow:0;--awb-flex-grow-medium:0;--awb-flex-grow-small:0;--awb-flex-shrink:0;--awb-flex-shrink-medium:0;--awb-flex-shrink-small:0;width:104% !important;max-width:104% !important;margin-left: calc(-4% \/ 2 );margin-right: calc(-4% \/ 2 );\"><div class=\"fusion-layout-column fusion_builder_column_inner fusion-builder-nested-column-0 fusion_builder_column_inner_2_5 2_5 fusion-flex-column\" style=\"--awb-bg-size:cover;--awb-width-large:40%;--awb-margin-top-large:0px;--awb-spacing-right-large:4.8%;--awb-margin-bottom-large:0px;--awb-spacing-left-large:4.8%;--awb-width-medium:100%;--awb-order-medium:0;--awb-spacing-right-medium:1.92%;--awb-spacing-left-medium:1.92%;--awb-width-small:100%;--awb-order-small:0;--awb-spacing-right-small:1.92%;--awb-spacing-left-small:1.92%;\"><div class=\"fusion-column-wrapper fusion-column-has-shadow fusion-flex-justify-content-flex-start fusion-content-layout-column\"><div class=\"fusion-image-element\" style=\"--awb-caption-title-font-family:var(--h2_typography-font-family);--awb-caption-title-font-weight:var(--h2_typography-font-weight);--awb-caption-title-font-style:var(--h2_typography-font-style);--awb-caption-title-size:var(--h2_typography-font-size);--awb-caption-title-transform:var(--h2_typography-text-transform);--awb-caption-title-line-height:var(--h2_typography-line-height);--awb-caption-title-letter-spacing:var(--h2_typography-letter-spacing);\"><span class=\"fusion-imageframe imageframe-none imageframe-1 hover-type-none\"><img decoding=\"async\" width=\"573\" height=\"436\" title=\"standard\" src=\"https:\/\/optimas.com\/wp-content\/uploads\/2024\/04\/standard.jpg\" alt class=\"img-responsive wp-image-11706\" srcset=\"https:\/\/optimas.com\/wp-content\/uploads\/2024\/04\/standard-200x152.jpg 200w, https:\/\/optimas.com\/wp-content\/uploads\/2024\/04\/standard-400x304.jpg 400w, https:\/\/optimas.com\/wp-content\/uploads\/2024\/04\/standard.jpg 573w\" sizes=\"(max-width: 1024px) 100vw, (max-width: 640px) 100vw, 573px\" \/><\/span><\/div><\/div><\/div><div class=\"fusion-layout-column fusion_builder_column_inner fusion-builder-nested-column-1 fusion_builder_column_inner_3_5 3_5 fusion-flex-column fusion-flex-align-self-center\" style=\"--awb-bg-size:cover;--awb-width-large:60%;--awb-margin-top-large:0px;--awb-spacing-right-large:3.2%;--awb-margin-bottom-large:0px;--awb-spacing-left-large:3.2%;--awb-width-medium:100%;--awb-order-medium:0;--awb-spacing-right-medium:1.92%;--awb-spacing-left-medium:1.92%;--awb-width-small:100%;--awb-order-small:0;--awb-spacing-right-small:1.92%;--awb-spacing-left-small:1.92%;\"><div class=\"fusion-column-wrapper fusion-column-has-shadow fusion-flex-justify-content-flex-start fusion-content-layout-column\"><div class=\"fusion-text fusion-text-1\"><div class=\"fusion-text fusion-text-1\">\n<h2>Tableau de conversion des unit\u00e9s en unit\u00e9s SI<\/h2>\n<\/div>\n<div class=\"fusion-text fusion-text-2\">\n<p>Optimas est un fournisseur complet de solutions de cha\u00eene d&#039;approvisionnement et de fabrication. Avant de concevoir votre prochain produit ou de mettre \u00e0 jour un produit existant, envisagez de vous associer \u00e0 Optimas pour profiter de nos nombreuses capacit\u00e9s.<\/p>\n<\/div>\n<\/div><div class=\"fusion-separator fusion-full-width-sep\" style=\"align-self: center;margin-left: auto;margin-right: auto;margin-top:20px;margin-bottom:20px;width:100%;\"><\/div><div class=\"fusion-text fusion-text-2\"><p><a class=\"linkOrangeButton\" href=\"https:\/\/optimas.com\/fr\/contact\/\">PARLEZ \u00c0 UN EXPERT<\/a><\/p>\n<\/div><\/div><\/div><\/div><\/div><\/div><\/div><\/div><div class=\"fusion-fullwidth fullwidth-box fusion-builder-row-3 fusion-flex-container has-pattern-background has-mask-background nonhundred-percent-fullwidth non-hundred-percent-height-scrolling\" style=\"--awb-border-radius-top-left:0px;--awb-border-radius-top-right:0px;--awb-border-radius-bottom-right:0px;--awb-border-radius-bottom-left:0px;--awb-flex-wrap:wrap;\" ><div class=\"fusion-builder-row fusion-row fusion-flex-align-items-flex-start fusion-flex-content-wrap\" style=\"max-width:104%;margin-left: calc(-4% \/ 2 );margin-right: calc(-4% \/ 2 );\"><div class=\"fusion-layout-column fusion_builder_column fusion-builder-column-2 fusion_builder_column_1_1 1_1 fusion-flex-column\" style=\"--awb-bg-size:cover;--awb-width-large:100%;--awb-margin-top-large:0px;--awb-spacing-right-large:1.92%;--awb-margin-bottom-large:20px;--awb-spacing-left-large:1.92%;--awb-width-medium:100%;--awb-order-medium:0;--awb-spacing-right-medium:1.92%;--awb-spacing-left-medium:1.92%;--awb-width-small:100%;--awb-order-small:0;--awb-spacing-right-small:1.92%;--awb-spacing-left-small:1.92%;\"><div class=\"fusion-column-wrapper fusion-column-has-shadow fusion-flex-justify-content-flex-start fusion-content-layout-column\"><div class=\"fusion-separator fusion-full-width-sep\" style=\"align-self: center;margin-left: auto;margin-right: auto;width:100%;\"><div class=\"fusion-separator-border sep-single sep-solid\" style=\"--awb-height:20px;--awb-amount:20px;border-color:#e0dede;border-top-width:1px;\"><\/div><\/div><\/div><\/div><\/div><\/div><div class=\"fusion-fullwidth fullwidth-box fusion-builder-row-4 fusion-flex-container has-pattern-background has-mask-background nonhundred-percent-fullwidth non-hundred-percent-height-scrolling\" style=\"--awb-border-radius-top-left:0px;--awb-border-radius-top-right:0px;--awb-border-radius-bottom-right:0px;--awb-border-radius-bottom-left:0px;--awb-flex-wrap:wrap;\" ><div class=\"fusion-builder-row fusion-row fusion-flex-align-items-flex-start fusion-flex-content-wrap\" style=\"max-width:104%;margin-left: calc(-4% \/ 2 );margin-right: calc(-4% \/ 2 );\"><div class=\"fusion-layout-column fusion_builder_column fusion-builder-column-3 fusion_builder_column_1_1 1_1 fusion-flex-column max1200\" style=\"--awb-bg-size:cover;--awb-width-large:100%;--awb-margin-top-large:0px;--awb-spacing-right-large:1.92%;--awb-margin-bottom-large:20px;--awb-spacing-left-large:1.92%;--awb-width-medium:100%;--awb-order-medium:0;--awb-spacing-right-medium:1.92%;--awb-spacing-left-medium:1.92%;--awb-width-small:100%;--awb-order-small:0;--awb-spacing-right-small:1.92%;--awb-spacing-left-small:1.92%;\"><div class=\"fusion-column-wrapper fusion-column-has-shadow fusion-flex-justify-content-flex-start fusion-content-layout-column\"><div class=\"fusion-separator fusion-full-width-sep\" style=\"align-self: center;margin-left: auto;margin-right: auto;margin-top:10px;margin-bottom:10px;width:100%;\"><\/div><div class=\"fusion-text fusion-text-3\"><p>Utilisez ce tableau pour convertir les unit\u00e9s en Syst\u00e8me international d&#039;unit\u00e9s (SI).<\/p>\n<\/div><div class=\"fusion-separator fusion-full-width-sep\" style=\"align-self: center;margin-left: auto;margin-right: auto;margin-top:10px;margin-bottom:10px;width:100%;\"><\/div><\/div><\/div><div class=\"fusion-layout-column fusion_builder_column fusion-builder-column-4 fusion_builder_column_1_1 1_1 fusion-flex-column max1200\" style=\"--awb-bg-size:cover;--awb-width-large:100%;--awb-margin-top-large:0px;--awb-spacing-right-large:1.92%;--awb-margin-bottom-large:40px;--awb-spacing-left-large:1.92%;--awb-width-medium:100%;--awb-order-medium:0;--awb-spacing-right-medium:1.92%;--awb-spacing-left-medium:1.92%;--awb-width-small:100%;--awb-order-small:0;--awb-spacing-right-small:1.92%;--awb-spacing-left-small:1.92%;\"><div class=\"fusion-column-wrapper fusion-column-has-shadow fusion-flex-justify-content-flex-start fusion-content-layout-column\"><div class=\"fusion-text fusion-text-4\">\n<table id=\"tablepress-37\" class=\"tablepress tablepress-id-37\">\n<thead>\n<tr class=\"row-1\">\n\t<th class=\"column-1\">Valeur<\/th><th class=\"column-2\">Unit\u00e9 pr\u00e9c\u00e9dente<\/th><th class=\"column-3\">Symbole<\/th><th class=\"column-4\">Nouvelle unit\u00e9<\/th><th class=\"column-5\">Symbole<\/th><th class=\"column-6\">D\u00e9finir l&#039;\u00e9quation<\/th>\n<\/tr>\n<\/thead>\n<tbody class=\"row-striping row-hover\">\n<tr class=\"row-2\">\n\t<td class=\"column-1\">Longueur<\/td><td class=\"column-2\">Angstr\u00f6m<\/td><td class=\"column-3\">UN<\/td><td class=\"column-4\">m\u00e8tre<\/td><td class=\"column-5\">m<\/td><td class=\"column-6\">1 \u00c5 = 10<sup>-dix<\/sup>m<\/td>\n<\/tr>\n<tr class=\"row-3\">\n\t<td class=\"column-1\">Pression<\/td><td class=\"column-2\">mm de mercure<\/td><td class=\"column-3\">mmHg<\/td><td class=\"column-4\">pascal<\/td><td class=\"column-5\">Pennsylvanie<\/td><td class=\"column-6\">1 mm Hg = 133,3 Pa<\/td>\n<\/tr>\n<tr class=\"row-4\">\n\t<td class=\"column-1\">\u00c9nergie<\/td><td class=\"column-2\">Erg<\/td><td class=\"column-3\">erg<\/td><td class=\"column-4\">joule<\/td><td class=\"column-5\">J.<\/td><td class=\"column-6\">1erg = 10<sup>-7<\/sup>  J.<\/td>\n<\/tr>\n<tr class=\"row-5\">\n\t<td class=\"column-1\">Puissance<\/td><td class=\"column-2\">puissance<\/td><td class=\"column-3\">PS<\/td><td class=\"column-4\">watt<\/td><td class=\"column-5\">W<\/td><td class=\"column-6\">1 PS = 735,5 W<\/td>\n<\/tr>\n<tr class=\"row-6\">\n\t<td class=\"column-1\">Viscosit\u00e9 dynamique<\/td><td class=\"column-2\">\u00c9quilibre<\/td><td class=\"column-3\">P<\/td><td class=\"column-4\">Pascal Deuxi\u00e8me<\/td><td class=\"column-5\">Pa\u00b7s<\/td><td class=\"column-6\">1 P = 0,1 Pa \u00b7 s\/1c P = 1 m Pa \u00b7 s<\/td>\n<\/tr>\n<tr class=\"row-7\">\n\t<td class=\"column-1\">Viscosit\u00e9 cin\u00e9matique<\/td><td class=\"column-2\">Stokes<\/td><td class=\"column-3\">St<\/td><td class=\"column-4\">cm<sup>2<\/sup>\/s<\/td><td class=\"column-5\">\u2013<\/td><td class=\"column-6\">1 maille = 1 cm<sup>2<\/sup>\/s = 10<sup>\u20134<\/sup>  m<sup>2<\/sup>\/s<\/td>\n<\/tr>\n<tr class=\"row-8\">\n\t<td class=\"column-1\">Valeur d&#039;impact<\/td><td class=\"column-2\">kpm\/cm<sup>2<\/sup><\/td><td class=\"column-3\">\u2013<\/td><td class=\"column-4\">J\/cm<sup>2<\/sup><\/td><td class=\"column-5\">\u2013<\/td><td class=\"column-6\">1 km\/min\/cm<sup>2<\/sup>  = 9 087 J\/cm<sup>2<\/sup><\/td>\n<\/tr>\n<tr class=\"row-9\">\n\t<td class=\"column-1\">Capacit\u00e9 thermique<\/td><td class=\"column-2\">kcal\/\u00b0C<\/td><td class=\"column-3\">\u2013<\/td><td class=\"column-4\">J\/K<\/td><td class=\"column-5\">\u2013<\/td><td class=\"column-6\">1 kcal\/\u00b0C = 4 187 \u00b7 10<sup>3<\/sup>  J\/K<\/td>\n<\/tr>\n<tr class=\"row-10\">\n\t<td class=\"column-1\">Conductivit\u00e9 thermique<\/td><td class=\"column-2\">kcal\/m \u00b7 h \u00b7 \u00b0C<\/td><td class=\"column-3\">\u2013<\/td><td class=\"column-4\">W\/K \u00b7 m<\/td><td class=\"column-5\">\u2013<\/td><td class=\"column-6\">1 kcal\/m \u00b7 h \u00b0C = 1 163 W\/K \u00b7 m<\/td>\n<\/tr>\n<tr class=\"row-11\">\n\t<td class=\"column-1\">Chaleur sp\u00e9cifique<\/td><td class=\"column-2\">kcal\/kg \u00b7 \u00b0C<\/td><td class=\"column-3\">\u2013<\/td><td class=\"column-4\">J\/kg \u00b7 K<\/td><td class=\"column-5\">\u2013<\/td><td class=\"column-6\">1 kcal\/kg \u00b7 \u00b0C = 4 187 \u00b7 10<sup>3<\/sup>  J\/kg \u00b7 K<\/td>\n<\/tr>\n<tr class=\"row-12\">\n\t<td class=\"column-1\">Intensit\u00e9 du champ magn\u00e9tique<\/td><td class=\"column-2\">\u00d6rsted<\/td><td class=\"column-3\">Oe<\/td><td class=\"column-4\">amp\u00e8re \/ m\u00e8tre<\/td><td class=\"column-5\">Suis<\/td><td class=\"column-6\">1 Oe = 79,6 A\/m<\/td>\n<\/tr>\n<tr class=\"row-13\">\n\t<td class=\"column-1\">Densit\u00e9 de flux magn\u00e9tique<\/td><td class=\"column-2\">Gauss<\/td><td class=\"column-3\">g<\/td><td class=\"column-4\">Tesla<\/td><td class=\"column-5\">T<\/td><td class=\"column-6\">1G = 10<sup>\u20134<\/sup>  T<\/td>\n<\/tr>\n<tr class=\"row-14\">\n\t<td class=\"column-1\">Flux magn\u00e9tique<\/td><td class=\"column-2\">Maxwell<\/td><td class=\"column-3\">M<\/td><td class=\"column-4\">weber<\/td><td class=\"column-5\">Wb<\/td><td class=\"column-6\">1 M = 10<sup>\u20138<\/sup>  Wb<\/td>\n<\/tr>\n<tr class=\"row-15\">\n\t<td class=\"column-1\">Intensit\u00e9 lumineuse<\/td><td class=\"column-2\">internat. bougie<\/td><td class=\"column-3\">lK<\/td><td class=\"column-4\">bougie<\/td><td class=\"column-5\">CD<\/td><td class=\"column-6\">1 lK = 1 019 cd<\/td>\n<\/tr>\n<tr class=\"row-16\">\n\t<td class=\"column-1\">Lumineuse<\/td><td class=\"column-2\">Stilb<\/td><td class=\"column-3\">qn<\/td><td class=\"column-4\">cd\/m<sup>2<\/sup><\/td><td class=\"column-5\">\u2013<\/td><td class=\"column-6\">1 s = 10<sup>4<\/sup>  cd\/m<sup>2<\/sup><\/td>\n<\/tr>\n<tr class=\"row-17\">\n\t<td class=\"column-1\">Dose absorb\u00e9e<\/td><td class=\"column-2\">Rem<\/td><td class=\"column-3\">rem<\/td><td class=\"column-4\">J\/kg<\/td><td class=\"column-5\">\u2013<\/td><td class=\"column-6\">1 rem = 0,01 J\/kg<\/td>\n<\/tr>\n<tr class=\"row-18\">\n\t<td class=\"column-1\">Dose d&#039;ions<\/td><td class=\"column-2\">R\u00f6ntgen<\/td><td class=\"column-3\">R.<\/td><td class=\"column-4\">C\/kg<\/td><td class=\"column-5\">\u2013<\/td><td class=\"column-6\">1 R = 2,58 \u00b7 10<sup>\u20134<\/sup>  C\/kg<\/td>\n<\/tr>\n<\/tbody>\n<\/table>\n<!-- #tablepress-37 from cache -->\n<\/div><\/div><\/div><\/div><\/div><div class=\"fusion-fullwidth fullwidth-box fusion-builder-row-5 fusion-flex-container has-pattern-background has-mask-background nonhundred-percent-fullwidth non-hundred-percent-height-scrolling\" style=\"--awb-border-radius-top-left:0px;--awb-border-radius-top-right:0px;--awb-border-radius-bottom-right:0px;--awb-border-radius-bottom-left:0px;--awb-background-color:var(--awb-custom10);--awb-flex-wrap:wrap;\" ><div class=\"fusion-builder-row fusion-row fusion-flex-align-items-flex-start fusion-flex-content-wrap\" style=\"max-width:104%;margin-left: calc(-4% \/ 2 );margin-right: calc(-4% \/ 2 );\"><div class=\"fusion-layout-column fusion_builder_column fusion-builder-column-5 fusion_builder_column_1_1 1_1 fusion-flex-column max1200\" style=\"--awb-padding-top:35px;--awb-padding-bottom:35px;--awb-bg-size:cover;--awb-width-large:100%;--awb-margin-top-large:0px;--awb-spacing-right-large:1.92%;--awb-margin-bottom-large:0px;--awb-spacing-left-large:1.92%;--awb-width-medium:100%;--awb-order-medium:0;--awb-spacing-right-medium:1.92%;--awb-spacing-left-medium:1.92%;--awb-width-small:100%;--awb-order-small:0;--awb-spacing-right-small:1.92%;--awb-spacing-left-small:1.92%;\"><div class=\"fusion-column-wrapper fusion-column-has-shadow fusion-flex-justify-content-flex-start fusion-content-layout-column\"><div class=\"fusion-builder-row fusion-builder-row-inner fusion-row fusion-flex-align-items-flex-start fusion-flex-content-wrap\" style=\"--awb-flex-grow:0;--awb-flex-grow-medium:0;--awb-flex-grow-small:0;--awb-flex-shrink:0;--awb-flex-shrink-medium:0;--awb-flex-shrink-small:0;width:104% !important;max-width:104% !important;margin-left: calc(-4% \/ 2 );margin-right: calc(-4% \/ 2 );\"><div class=\"fusion-layout-column fusion_builder_column_inner fusion-builder-nested-column-2 fusion_builder_column_inner_2_3 2_3 fusion-flex-column\" style=\"--awb-bg-size:cover;--awb-width-large:66.6666666667%;--awb-margin-top-large:0px;--awb-spacing-right-large:2.88%;--awb-margin-bottom-large:0px;--awb-spacing-left-large:2.88%;--awb-width-medium:100%;--awb-order-medium:0;--awb-spacing-right-medium:1.92%;--awb-spacing-left-medium:1.92%;--awb-width-small:100%;--awb-order-small:0;--awb-spacing-right-small:1.92%;--awb-spacing-left-small:1.92%;\"><div class=\"fusion-column-wrapper fusion-column-has-shadow fusion-flex-justify-content-flex-start fusion-content-layout-column\"><div class=\"fusion-text fusion-text-5\"><p style=\"font-size: 30px; color: #fff;\">Laissez-nous vous aider \u00e0 trouver des gains d&#039;efficacit\u00e9<\/p>\n<\/div><\/div><\/div><div class=\"fusion-layout-column fusion_builder_column_inner fusion-builder-nested-column-3 fusion_builder_column_inner_1_3 1_3 fusion-flex-column fusion-flex-align-self-center\" style=\"--awb-bg-size:cover;--awb-width-large:33.3333333333%;--awb-margin-top-large:0px;--awb-spacing-right-large:5.76%;--awb-margin-bottom-large:0px;--awb-spacing-left-large:5.76%;--awb-width-medium:100%;--awb-order-medium:0;--awb-spacing-right-medium:1.92%;--awb-spacing-left-medium:1.92%;--awb-width-small:100%;--awb-order-small:0;--awb-spacing-right-small:1.92%;--awb-spacing-left-small:1.92%;\"><div class=\"fusion-column-wrapper fusion-column-has-shadow fusion-flex-justify-content-center fusion-content-layout-column\"><div class=\"fusion-text fusion-text-6\"><p><a class=\"linkSpeakExpert\" href=\"https:\/\/optimas.com\/fr\/contact\/\">NOUS CONTACTER<\/a><\/p>\n<\/div><\/div><\/div><\/div><\/div><\/div><\/div><\/div><\/p>","protected":false},"excerpt":{"rendered":"","protected":false},"author":38,"featured_media":11706,"parent":11686,"menu_order":0,"comment_status":"closed","ping_status":"closed","template":"","meta":{"_acf_changed":false,"content-type":"","footnotes":""},"class_list":["post-11785","page","type-page","status-publish","has-post-thumbnail","hentry"],"acf":[],"_links":{"self":[{"href":"https:\/\/optimas.com\/fr\/wp-json\/wp\/v2\/pages\/11785","targetHints":{"allow":["GET"]}}],"collection":[{"href":"https:\/\/optimas.com\/fr\/wp-json\/wp\/v2\/pages"}],"about":[{"href":"https:\/\/optimas.com\/fr\/wp-json\/wp\/v2\/types\/page"}],"author":[{"embeddable":true,"href":"https:\/\/optimas.com\/fr\/wp-json\/wp\/v2\/users\/38"}],"replies":[{"embeddable":true,"href":"https:\/\/optimas.com\/fr\/wp-json\/wp\/v2\/comments?post=11785"}],"version-history":[{"count":0,"href":"https:\/\/optimas.com\/fr\/wp-json\/wp\/v2\/pages\/11785\/revisions"}],"up":[{"embeddable":true,"href":"https:\/\/optimas.com\/fr\/wp-json\/wp\/v2\/pages\/11686"}],"wp:featuredmedia":[{"embeddable":true,"href":"https:\/\/optimas.com\/fr\/wp-json\/wp\/v2\/media\/11706"}],"wp:attachment":[{"href":"https:\/\/optimas.com\/fr\/wp-json\/wp\/v2\/media?parent=11785"}],"curies":[{"name":"wp","href":"https:\/\/api.w.org\/{rel}","templated":true}]}}