{"id":3,"date":"2019-10-11T20:57:42","date_gmt":"2019-10-11T20:57:42","guid":{"rendered":"https:\/\/optimas.com\/?page_id=3"},"modified":"2025-12-02T12:21:12","modified_gmt":"2025-12-02T18:21:12","slug":"privacy-policy","status":"publish","type":"page","link":"https:\/\/optimas.com\/fr\/privacy-policy\/","title":{"rendered":"Politique de confidentialit\u00e9"},"content":{"rendered":"<div class=\"fusion-fullwidth fullwidth-box fusion-builder-row-1 nonhundred-percent-fullwidth non-hundred-percent-height-scrolling\" style=\"--awb-border-radius-top-left:0px;--awb-border-radius-top-right:0px;--awb-border-radius-bottom-right:0px;--awb-border-radius-bottom-left:0px;--awb-padding-bottom:50px;--awb-flex-wrap:wrap;\" ><div class=\"fusion-builder-row fusion-row\"><div class=\"fusion-layout-column fusion_builder_column fusion-builder-column-0 fusion_builder_column_1_1 1_1 fusion-one-full fusion-column-first fusion-column-last max1200\" style=\"--awb-bg-size:cover;--awb-margin-bottom:0px;\"><div class=\"fusion-column-wrapper fusion-column-has-shadow fusion-flex-column-wrapper-legacy\"><div class=\"fusion-text fusion-text-1\"><p style=\"text-align: left;\"><strong>D\u00e9claration de confidentialit\u00e9<\/strong><\/p>\n<p>Optimas OE Solutions et ses entit\u00e9s affili\u00e9es (Optimas) reconnaissent depuis longtemps que les personnes physiques et, le cas \u00e9ch\u00e9ant, les entit\u00e9s juridiques avec lesquelles nous exer\u00e7ons une activit\u00e9 valorisent leurs donn\u00e9es personnelles. Les technologies modernes de l&#039;information et de la communication jouent un r\u00f4le fondamental dans les activit\u00e9s d&#039;Optimas. L&#039;objectif d&#039;Optimas est d&#039;\u00e9quilibrer les avantages du commerce \u00e9lectronique avec le droit des individus et, le cas \u00e9ch\u00e9ant, des personnes morales d&#039;emp\u00eacher l&#039;utilisation abusive de leurs donn\u00e9es personnelles.<\/p>\n<p>Les informations que vous nous fournissez ou que nous acqu\u00e9rons \u00e0 votre sujet seront toujours exclusivement utilis\u00e9es aux fins \u00e9num\u00e9r\u00e9es ci-dessous pour soutenir votre relation client avec Optimas. Il ne sera ni donn\u00e9 ni vendu \u00e0 une organisation ext\u00e9rieure pour son utilisation dans le marketing et la sollicitation.<\/p>\n<\/div><div class=\"fusion-sep-clear\"><\/div><div class=\"fusion-separator\" style=\"margin-left: auto;margin-right: auto;margin-top:15px;margin-bottom:30px;width:100%;max-width:300px;\"><div class=\"fusion-separator-border sep-single sep-solid\" style=\"--awb-height:20px;--awb-amount:20px;border-color:#e0dede;border-top-width:1px;\"><\/div><\/div><div class=\"fusion-sep-clear\"><\/div><div class=\"fusion-text fusion-text-2\" style=\"--awb-text-transform:none;\"><p><strong>La collecte, le traitement, le transfert et l&#039;utilisation des donn\u00e9es personnelles<\/strong><\/p>\n<p>Dans certaines circonstances, Optimas peut vous demander des informations personnelles, telles que votre nom, votre adresse e-mail, le nom de votre entreprise, votre adresse professionnelle, des noms de domaine, des num\u00e9ros de t\u00e9l\u00e9phone ou de fax, l&#039;historique des achats et des informations de commande (au total, les \u00abdonn\u00e9es personnelles\u00bb). Votre r\u00e9ponse aux demandes d&#039;Optimas est strictement volontaire. Optimas recueille \u00e9galement des informations vous concernant concernant l&#039;utilisation de ce site. Ces informations sont collect\u00e9es automatiquement et ne n\u00e9cessitent aucune action de votre part et englobent des informations quant \u00e0 savoir si vous visitez notre site, \u00e0 quelle fr\u00e9quence vous visitez et quelles parties du site vous visitez le plus souvent.<\/p>\n<p>Optimas utilise vos donn\u00e9es personnelles pour am\u00e9liorer ses offres sur le Web ainsi qu&#039;\u00e0 d&#039;autres fins commerciales, telles que vous alerter sur les produits et services qui peuvent vous aider dans votre entreprise, promouvoir l&#039;inscription sur nos sites et vous assister pour le traitement des commandes et apr\u00e8s -des services de vente, par e-mail, courrier, fax ou en vous appelant. Nous pouvons utiliser vos donn\u00e9es personnelles pour vous envoyer des informations suppl\u00e9mentaires sur les produits ou services Optimas, en plus des informations sp\u00e9cifiques que vous demandez ou que nous devons vous envoyer. Nous pouvons envoyer ces informations par e-mail, courrier postal, fax ou en vous appelant.<\/p>\n<p>En g\u00e9n\u00e9ral, vous pouvez visiter nos sites Web sans divulguer aucune information personnelle. Cependant, certaines zones de ce site n\u00e9cessitent ces informations pour effectuer des fonctions de personnalisation et peuvent ne pas \u00eatre disponibles pour ceux qui choisissent de ne pas r\u00e9v\u00e9ler les informations demand\u00e9es.<\/p>\n<p><strong>Emplacement de vos donn\u00e9es personnelles<\/strong><\/p>\n<p>\u00c9tant donn\u00e9 qu&#039;Optimas op\u00e8re \u00e0 l&#039;international, nous pouvons \u00eatre amen\u00e9s \u00e0 mettre vos donn\u00e9es personnelles \u00e0 la disposition des entreprises et \/ ou succursales de notre groupe qui peuvent \u00eatre situ\u00e9es en dehors de votre juridiction et \/ ou de l&#039;Espace \u00e9conomique europ\u00e9en, notamment dans les pays qui n&#039;offrent pas le m\u00eame niveau de protection des donn\u00e9es personnelles comme dans votre juridiction et \/ ou l&#039;Espace \u00e9conomique europ\u00e9en, l\u00e0 encore aux fins d\u00e9crites ci-dessus.<\/p>\n<p>En particulier, Optimas transf\u00e9rera tout ou partie de ces enregistrements au si\u00e8ge social de son groupe situ\u00e9 aux \u00c9tats-Unis. Dans tous les cas, Optimas mettra tout en \u0153uvre pour que les donn\u00e9es transf\u00e9r\u00e9es en dehors de votre juridiction et \/ ou de l&#039;Espace \u00e9conomique europ\u00e9en restent soumises au m\u00eame r\u00e9gime de s\u00e9curit\u00e9 et de confidentialit\u00e9 que celui auquel elles auraient \u00e9t\u00e9 soumises si elles se trouvaient dans votre juridiction et \/ ou l&#039;Espace \u00e9conomique europ\u00e9en. Si vous vous opposez au transfert de vos donn\u00e9es personnelles, veuillez vous r\u00e9f\u00e9rer \u00e0 la section ci-dessous, Vos droits et votre consentement.<\/p>\n<p><strong>Divulgation \u00e0 des tiers<\/strong><\/p>\n<p>Optimas peut divulguer des statistiques agr\u00e9g\u00e9es sur les visiteurs, les clients et les ventes de son ou ses sites afin de d\u00e9crire ses services \u00e0 des partenaires potentiels, des annonceurs et d&#039;autres tiers de bonne r\u00e9putation et \u00e0 d&#039;autres fins l\u00e9gales, mais ces statistiques n&#039;incluront aucune information d&#039;identification ou d&#039;identification personnelle. Optimas peut divulguer des donn\u00e9es personnelles si la loi l&#039;exige ou si elle estime qu&#039;une telle action est n\u00e9cessaire pour prot\u00e9ger et d\u00e9fendre les droits, la propri\u00e9t\u00e9 ou la s\u00e9curit\u00e9 personnelle d&#039;Optimas ou de ses employ\u00e9s, de ses sites ou de ses visiteurs.<\/p>\n<p><strong>Utilisation de cookies<\/strong><\/p>\n<p>Un cookie est un petit \u00e9l\u00e9ment d&#039;information envoy\u00e9 par un serveur de site Web et stock\u00e9 par votre navigateur sur votre disque dur. La plupart des navigateurs Web acceptent automatiquement les cookies, mais vous pouvez changer de navigateur pour \u00e9viter cela.<\/p>\n<p>Nous utilisons des cookies et d&#039;autres technologies pour suivre les visiteurs du ou des sites et aider \u00e0 am\u00e9liorer la qualit\u00e9 du fonctionnement d&#039;un site Web. Les cookies utilis\u00e9s par ce site ne contiennent aucune information personnellement identifiable. Nous ne pouvons pas identifier un client, \u00e0 moins que ces informations ne soient fournies volontairement.<\/p>\n<p>REMARQUE: Si vous configurez votre ordinateur pour bloquer les cookies, vous ne pourrez peut-\u00eatre pas acc\u00e9der \u00e0 certaines fonctionnalit\u00e9s du site.<\/p>\n<p><strong>S\u00e9curit\u00e9<\/strong><\/p>\n<p>Chez Optimas, notre philosophie d&#039;entreprise s&#039;articule autour des clients et de gagner leur confiance. Nous accordons la plus haute importance \u00e0 la protection des informations transmises via le (s) site (s) et prendrons des pr\u00e9cautions de s\u00e9curit\u00e9 pour prot\u00e9ger toutes ces informations. Notre logiciel de serveur s\u00e9curis\u00e9 (Secure Socket Layer) est la norme de l&#039;industrie et parmi les meilleures solutions disponibles aujourd&#039;hui pour les transactions commerciales s\u00e9curis\u00e9es. Votre session enti\u00e8re utilise des certificats fournis par VeriSign pour crypter toutes les informations personnelles (y compris le nom et l&#039;adresse, le nom du titulaire de la carte de cr\u00e9dit, le num\u00e9ro \/ la date d&#039;expiration), afin qu&#039;elles ne puissent pas \u00eatre lues par un tiers lorsque les informations transitent sur Internet.<\/p>\n<p><strong>Liens vers d&#039;autres sites Web<\/strong><\/p>\n<p>Ce site contient des liens vers des sites non exploit\u00e9s par Optimas. Optimas n&#039;est pas responsable des politiques de protection des donn\u00e9es ou du contenu de ces sites.<\/p>\n<p><strong>Vos droits et votre consentement<\/strong><\/p>\n<p>You may at any time review or ask for the rectification of your personal data held by Optimas as well as opt out, at no charge, from any further use of the same personal data, such as for direct marketing purposes, or transfer of same, by contacting us at Optimas OE Solutions, 1441 N. Wood Dale Road, Wood Dale, IL 60191, US or via e-mail at info@optimas.com.<\/p>\n<p>By using Optimas&#8217; web site(s), and providing your personal data to Optimas and\/or generating personal data through such web site(s), you consent to the processing and transfer outside your jurisdiction and\/or the European Economic Area of your personal data as set out in this data protection statement. Optimas reserves the right to change, modify or update this statement at any time. In such event, a notice will be posted for one month on the web site. If you do not accept the change, modification or update, you may object to any further use of your personal data by contacting us at Optimas OE Solutions, 1441 N. Wood Dale Road, Wood Dale, IL 60191, US or via e-mail at info@optimas.com.<\/p>\n<p>Si vous avez des questions sur cette d\u00e9claration de protection des donn\u00e9es, les pratiques de traitement des donn\u00e9es d&#039;Optimas ou vos relations avec l&#039;un des sites Web d&#039;Optimas, vous pouvez nous contacter \u00e0 info@optimas.com.<\/p>\n<p><strong>Droits de retrait et de refus de vente de renseignements personnels<\/strong><br \/>Si vous avez 16 ans ou plus, vous avez le droit de nous ordonner de ne pas vendre vos informations personnelles \u00e0 tout moment (le \u00abdroit de retrait\u00bb). Nous ne vendons pas les informations personnelles des consommateurs que nous savons \u00eatre \u00e2g\u00e9s de moins de 16 ans, sauf si nous recevons une autorisation affirmative (le \u00abdroit de participation\u00bb) de la part du consommateur \u00e2g\u00e9 d&#039;au moins 13 mais pas encore de 16 ans. ou le parent ou le tuteur d&#039;un consommateur de moins de 13 ans. Les consommateurs qui optent pour la vente d&#039;informations personnelles peuvent se retirer des ventes futures \u00e0 tout moment.<\/p>\n<p>Pour exercer le droit de retrait, vous (ou votre repr\u00e9sentant autoris\u00e9) pouvez nous soumettre une demande en visitant le lien de la page Web Internet suivante:<\/p>\n<p style=\"text-align: center;\"><strong><a href=\"https:\/\/forms.office.com\/Pages\/ResponsePage.aspx?id=sclHHjElfkq4FdwjlTtur8CDGt_hEYdEoOJlTmKZQjhUM05HTUZWUkZRQjdWOE1MRkpTWEUyNk5VQy4u\" target=\"_blank\" rel=\"noopener noreferrer nofollow\">Ne vendez pas mes informations personnelles<\/a><\/strong><\/p>\n<p>Une fois que vous aurez fait une demande de d\u00e9sinscription, nous attendrons au moins douze (12) mois avant de vous demander de r\u00e9autoriser la vente d&#039;informations personnelles. Cependant, vous pouvez changer d&#039;avis et r\u00e9activer la vente d&#039;informations personnelles \u00e0 tout moment en:<\/p>\n<p style=\"text-align: center;\"><strong><a href=\"https:\/\/optimas.com\/fr\/contact\/\">Nous contacter<\/a><\/strong><\/p>\n<p>Vous n&#039;avez pas besoin de cr\u00e9er un compte avec nous pour exercer vos droits de retrait. Nous utiliserons uniquement les informations personnelles fournies dans une demande de d\u00e9sinscription pour examiner et r\u00e9pondre \u00e0 la demande.<\/p>\n<\/div><div class=\"fusion-clearfix\"><\/div><\/div><\/div><\/div><\/div>","protected":false},"excerpt":{"rendered":"","protected":false},"author":1,"featured_media":0,"parent":0,"menu_order":0,"comment_status":"closed","ping_status":"closed","template":"","meta":{"_acf_changed":false,"content-type":"","footnotes":""},"class_list":["post-3","page","type-page","status-publish","hentry"],"acf":[],"_links":{"self":[{"href":"https:\/\/optimas.com\/fr\/wp-json\/wp\/v2\/pages\/3","targetHints":{"allow":["GET"]}}],"collection":[{"href":"https:\/\/optimas.com\/fr\/wp-json\/wp\/v2\/pages"}],"about":[{"href":"https:\/\/optimas.com\/fr\/wp-json\/wp\/v2\/types\/page"}],"author":[{"embeddable":true,"href":"https:\/\/optimas.com\/fr\/wp-json\/wp\/v2\/users\/1"}],"replies":[{"embeddable":true,"href":"https:\/\/optimas.com\/fr\/wp-json\/wp\/v2\/comments?post=3"}],"version-history":[{"count":0,"href":"https:\/\/optimas.com\/fr\/wp-json\/wp\/v2\/pages\/3\/revisions"}],"wp:attachment":[{"href":"https:\/\/optimas.com\/fr\/wp-json\/wp\/v2\/media?parent=3"}],"curies":[{"name":"wp","href":"https:\/\/api.w.org\/{rel}","templated":true}]}}