{"id":5356,"date":"2022-07-25T15:40:12","date_gmt":"2022-07-25T20:40:12","guid":{"rendered":"https:\/\/optimas.com\/?page_id=5356"},"modified":"2022-09-16T15:26:50","modified_gmt":"2022-09-16T20:26:50","slug":"diversity-equity-and-inclusion","status":"publish","type":"page","link":"https:\/\/optimas.com\/fr\/diversity-equity-and-inclusion\/","title":{"rendered":"Diversit\u00e9, \u00c9quit\u00e9 et Inclusion (DEI)"},"content":{"rendered":"<p><div class=\"fusion-fullwidth fullwidth-box fusion-builder-row-1 nonhundred-percent-fullwidth non-hundred-percent-height-scrolling centerMobile\" style=\"--awb-border-radius-top-left:0px;--awb-border-radius-top-right:0px;--awb-border-radius-bottom-right:0px;--awb-border-radius-bottom-left:0px;--awb-flex-wrap:wrap;\" ><div class=\"fusion-builder-row fusion-row\"><div class=\"fusion-layout-column fusion_builder_column fusion-builder-column-0 fusion_builder_column_1_1 1_1 fusion-one-full fusion-column-first fusion-column-last max1200\" style=\"--awb-bg-size:cover;\"><div class=\"fusion-column-wrapper fusion-column-has-shadow fusion-flex-column-wrapper-legacy\"><div class=\"fusion-column-content-centered\"><div class=\"fusion-column-content\"><div class=\"fusion-builder-row fusion-builder-row-inner fusion-row\"><div class=\"fusion-layout-column fusion_builder_column_inner fusion-builder-nested-column-0 fusion_builder_column_inner_2_5 2_5 fusion-two-fifth fusion-column-first\" style=\"--awb-bg-size:cover;width:40%;width:calc(40% - ( ( 4% ) * 0.4 ) );margin-right: 4%;\"><div class=\"fusion-column-wrapper fusion-column-has-shadow fusion-flex-column-wrapper-legacy\"><div class=\"fusion-image-element in-legacy-container\" style=\"--awb-margin-top:200px;--awb-max-width:300px;--awb-caption-title-font-family:var(--h2_typography-font-family);--awb-caption-title-font-weight:var(--h2_typography-font-weight);--awb-caption-title-font-style:var(--h2_typography-font-style);--awb-caption-title-size:var(--h2_typography-font-size);--awb-caption-title-transform:var(--h2_typography-text-transform);--awb-caption-title-line-height:var(--h2_typography-line-height);--awb-caption-title-letter-spacing:var(--h2_typography-letter-spacing);\"><span class=\"fusion-imageframe imageframe-none imageframe-1 hover-type-none\"><img decoding=\"async\" width=\"500\" height=\"736\" alt=\"Empreinte digitale\" title=\"DEI-Fingerprint-SM\" src=\"https:\/\/optimas.com\/wp-content\/uploads\/2022\/07\/DEI-Fingerprint-SM.png\" class=\"img-responsive wp-image-5376\" srcset=\"https:\/\/optimas.com\/wp-content\/uploads\/2022\/07\/DEI-Fingerprint-SM-200x294.png 200w, https:\/\/optimas.com\/wp-content\/uploads\/2022\/07\/DEI-Fingerprint-SM-400x589.png 400w, https:\/\/optimas.com\/wp-content\/uploads\/2022\/07\/DEI-Fingerprint-SM.png 500w\" sizes=\"(max-width: 800px) 100vw, 500px\" \/><\/span><\/div><div class=\"fusion-clearfix\"><\/div><\/div><\/div><div class=\"fusion-layout-column fusion_builder_column_inner fusion-builder-nested-column-1 fusion_builder_column_inner_3_5 3_5 fusion-three-fifth fusion-column-last\" style=\"--awb-bg-size:cover;width:60%;width:calc(60% - ( ( 4% ) * 0.6 ) );\"><div class=\"fusion-column-wrapper fusion-column-has-shadow fusion-flex-column-wrapper-legacy\"><div class=\"fusion-text fusion-text-1\"><h1 class=\"firstSectionAbout\">Diversit\u00e9, \u00c9quit\u00e9 et Inclusion (DEI)<\/h1>\n<p style=\"font-size: 30px!important; line-height: 40px!important;\">Optimas s&#039;efforce de favoriser une culture d&#039;entreprise qui place la diversit\u00e9, l&#039;\u00e9quit\u00e9 et l&#039;inclusion au premier plan de notre mission et de nos valeurs. Nous croyons qu&#039;un environnement de travail sain qui encourage la communaut\u00e9 nous aidera \u00e0 atteindre nos objectifs de fournir une qualit\u00e9 et un service exceptionnels dans la cha\u00eene d&#039;approvisionnement et la fabrication mondiales. Nos valeurs THREAD de travail d&#039;\u00e9quipe, d&#039;honn\u00eatet\u00e9, de respect, d&#039;excellence, de responsabilit\u00e9 et de dynamisme ne prennent vie que lorsque nous accueillons nos divers employ\u00e9s et faisons de l&#039;inclusivit\u00e9 une priorit\u00e9.<\/p>\n<p style=\"font-size: 30px!important; line-height: 40px!important;\">Optimas est fier de son personnel diversifi\u00e9 qui couvre le monde entier. Nous nous engageons \u00e0 reconna\u00eetre les points de vue et les exp\u00e9riences de tous nos employ\u00e9s, ce qui nous permet de tirer parti des connaissances et de l&#039;exp\u00e9rience \u00e9tendues de notre \u00e9quipe.<\/p>\n<\/div><div class=\"fusion-clearfix\"><\/div><\/div><\/div><\/div><\/div><\/div><div class=\"fusion-clearfix\"><\/div><\/div><\/div><\/div><\/div><div class=\"fusion-fullwidth fullwidth-box fusion-builder-row-2 nonhundred-percent-fullwidth non-hundred-percent-height-scrolling\" style=\"--awb-border-radius-top-left:0px;--awb-border-radius-top-right:0px;--awb-border-radius-bottom-right:0px;--awb-border-radius-bottom-left:0px;--awb-background-color:#00aee0;--awb-flex-wrap:wrap;\" ><div class=\"fusion-builder-row fusion-row\"><div class=\"fusion-layout-column fusion_builder_column fusion-builder-column-1 fusion_builder_column_1_1 1_1 fusion-one-full fusion-column-first fusion-column-last max1200\" style=\"--awb-padding-top:35px;--awb-padding-right:10px;--awb-padding-bottom:35px;--awb-padding-left:10px;--awb-bg-size:cover;--awb-margin-bottom:0px;\"><div class=\"fusion-column-wrapper fusion-column-has-shadow fusion-flex-column-wrapper-legacy\"><div class=\"fusion-text fusion-text-2\"><h1><span style=\"color: #ffffff;\">Valeurs de diversit\u00e9, d&#039;\u00e9quit\u00e9 et d&#039;inclusion<\/span><\/h1>\n<ul>\n<li><span style=\"color: #ffffff;\">Nous encourageons tous les employ\u00e9s \u00e0 partager consciemment leurs points de vue et leurs exp\u00e9riences pour b\u00e9n\u00e9ficier et faire progresser la mission d&#039;Optimas.<\/span><\/li>\n<li><span style=\"color: #ffffff;\">Nous nous engageons \u00e0 fa\u00e7onner un environnement qui permet \u00e0 tous les employ\u00e9s de se sentir en s\u00e9curit\u00e9 dans leur identit\u00e9 authentique au travail.<\/span><\/li>\n<li><span style=\"color: #ffffff;\">Nous attendons d&#039;un traitement \u00e9quitable et de la dignit\u00e9 qu&#039;ils soient au c\u0153ur de toutes les relations de travail.<\/span><\/li>\n<li><span style=\"color: #ffffff;\">Nous nous engageons \u00e0 \u00e9couter activement nos employ\u00e9s pour apprendre comment nous am\u00e9liorer et grandir ensemble en tant qu&#039;entreprise.<\/span><\/li>\n<li><span style=\"color: #ffffff;\">Nous nous consacrons \u00e0 la poursuite de la culture consciente d&#039;\u00e9quit\u00e9, de diversit\u00e9 et d&#039;inclusivit\u00e9 d&#039;Optimas.<\/span><\/li>\n<\/ul>\n<\/div><div class=\"fusion-clearfix\"><\/div><\/div><\/div><\/div><\/div><div class=\"fusion-fullwidth fullwidth-box fusion-builder-row-3 nonhundred-percent-fullwidth non-hundred-percent-height-scrolling\" style=\"--awb-border-radius-top-left:0px;--awb-border-radius-top-right:0px;--awb-border-radius-bottom-right:0px;--awb-border-radius-bottom-left:0px;--awb-padding-top:60px;--awb-padding-bottom:0px;--awb-flex-wrap:wrap;\" ><div class=\"fusion-builder-row fusion-row\"><div class=\"fusion-layout-column fusion_builder_column fusion-builder-column-2 fusion_builder_column_1_1 1_1 fusion-one-full fusion-column-first fusion-column-last max1200\" style=\"--awb-bg-size:cover;\"><div class=\"fusion-column-wrapper fusion-column-has-shadow fusion-flex-column-wrapper-legacy\"><div class=\"fusion-builder-row fusion-builder-row-inner fusion-row\"><div class=\"fusion-layout-column fusion_builder_column_inner fusion-builder-nested-column-2 fusion_builder_column_inner_1_1 1_1 fusion-one-full fusion-column-first fusion-column-last\" style=\"--awb-bg-size:cover;\"><div class=\"fusion-column-wrapper fusion-column-has-shadow fusion-flex-column-wrapper-legacy\"><div class=\"fusion-text fusion-text-3\"><h1>Initiatives de diversit\u00e9, d&#039;\u00e9quit\u00e9 et d&#039;inclusion<\/h1>\n<h3><strong>La culture de promotion \u00e9quitable de Marketing Optimas<\/strong><\/h3>\n<p>Optimas est fi\u00e8re de sa culture de promotion bas\u00e9e sur les besoins. Notre objectif est de prendre des d\u00e9cisions commerciales intelligentes et calcul\u00e9es qui profitent \u00e0 l&#039;ensemble de l&#039;entreprise.<\/p>\n<h3><strong>\u00c9v\u00e9nements multiculturels<\/strong><\/h3>\n<p>Optimas encourage la c\u00e9l\u00e9bration de tous les \u00e9v\u00e9nements culturels \u00e0 l&#039;\u00e9chelle nationale et internationale.<\/p>\n<h3><strong>Signature d&#039;e-mail, ajout de pronoms<\/strong><\/h3>\n<p>Pour montrer le d\u00e9vouement d&#039;Optimas \u00e0 l&#039;inclusivit\u00e9, nous invitons tous nos employ\u00e9s \u00e0 inclure leurs pronoms pr\u00e9f\u00e9r\u00e9s dans les signatures \u00e9lectroniques de leur entreprise.<\/p>\n<h3><strong>F\u00eates gastronomiques<\/strong><\/h3>\n<p>Optimas parraine des Food Fests ax\u00e9s sur la mise en lumi\u00e8re de divers aliments et traditions culturels. Nous le faisons pour reconna\u00eetre et soutenir nos divers employ\u00e9s.<\/p>\n<h3><strong>Initiatives d&#039;\u00e9ducation<\/strong><\/h3>\n<p>Optimas offre une formation li\u00e9e au DEI \u00e0 tous les employ\u00e9s afin d&#039;\u00e9largir leurs connaissances et de promouvoir la compr\u00e9hension entre coll\u00e8gues. Cela inclut \u00e9galement l&#039;engagement \u00e0 l&#039;\u00e9coute active.<\/p>\n<\/div><div class=\"fusion-sep-clear\"><\/div><div class=\"fusion-separator fusion-full-width-sep\" style=\"margin-left: auto;margin-right: auto;margin-top:15px;margin-bottom:35px;width:100%;\"><\/div><div class=\"fusion-sep-clear\"><\/div><div class=\"fusion-text fusion-text-4\"><h1>Politique de diversit\u00e9, d&#039;\u00e9quit\u00e9 et d&#039;inclusion<\/h1>\n<h3><strong>Donn\u00e9es et rapports<\/strong><\/h3>\n<p>Optimas suit les statistiques internes des employ\u00e9s par sexe et origine ethnique et publie les donn\u00e9es d\u00e9mographiques dans toutes les revues commerciales mensuelles et les r\u00e9unions trimestrielles du conseil d&#039;administration. Nous demandons \u00e0 nos employ\u00e9s de d\u00e9clarer eux-m\u00eames leur origine ethnique afin que nous disposions des donn\u00e9es les plus pr\u00e9cises. Cela se fait via Employee Self Service dans UltiPro.<\/p>\n<h3><strong>Embauche et recrutement<\/strong><\/h3>\n<p>Optimas s&#039;engage \u00e0 avoir une liste de candidats diversifi\u00e9s pour tous les postes disponibles. Nous formons notre \u00e9quipe de recrutement interne pour trouver le meilleur candidat, quels que soient sa race, son origine ethnique, son sexe, son orientation, sa pr\u00e9sentation, sa religion, son handicap physique\/mental ou son \u00e2ge. Nous \u00e9laborons nos descriptions de poste dans un langage neutre pour nous assurer d&#039;attirer tous les types de candidats. Nous visons \u00e0 embaucher le candidat le plus qualifi\u00e9 pour le poste.<\/p>\n<h3><strong>Communaut\u00e9 et culture<\/strong><\/h3>\n<p>Optimas encourage tous les employ\u00e9s \u00e0 faire partie de groupes de ressources d&#039;employ\u00e9s (ERG) \u00e9tablis. Nous voulons que tous les employ\u00e9s aient une voix et un espace s\u00fbr au sein de notre entreprise. Nous parrainons et c\u00e9l\u00e9brons localement chaque mois des \u00e9v\u00e9nements culturels mondiaux pour continuer \u00e0 am\u00e9liorer les comp\u00e9tences culturelles d&#039;Optimas en tant qu&#039;entreprise. Optimas soutient les efforts locaux de nos employ\u00e9s pour participer au service communautaire et aux \u00e9v\u00e9nements parrain\u00e9s par le service communautaire.<\/p>\n<h3><strong>\u00c9ducation<\/strong><\/h3>\n<p>Optimas offre une formation centr\u00e9e sur DEI \u00e0 tous les employ\u00e9s pour faciliter la sensibilisation et l&#039;inclusion, ce qui continue de favoriser un environnement de travail positif et productif. Dans notre processus d&#039;int\u00e9gration pour tous les nouveaux employ\u00e9s, nous utilisons l&#039;Institut Optimas pour \u00e9duquer tout le monde sur notre initiative DEI.<\/p>\n<\/div><div class=\"fusion-clearfix\"><\/div><\/div><\/div><\/div><div class=\"fusion-clearfix\"><\/div><\/div><\/div><\/div><\/div><div class=\"fusion-fullwidth fullwidth-box fusion-builder-row-4 nonhundred-percent-fullwidth non-hundred-percent-height-scrolling\" style=\"--awb-border-radius-top-left:0px;--awb-border-radius-top-right:0px;--awb-border-radius-bottom-right:0px;--awb-border-radius-bottom-left:0px;--awb-padding-top:50px;--awb-padding-bottom:30px;--awb-background-color:#54565a;--awb-flex-wrap:wrap;\" ><div class=\"fusion-builder-row fusion-row\"><div class=\"fusion-layout-column fusion_builder_column fusion-builder-column-3 fusion_builder_column_1_1 1_1 fusion-one-full fusion-column-first fusion-column-last max1200\" style=\"--awb-bg-size:cover;\"><div class=\"fusion-column-wrapper fusion-column-has-shadow fusion-flex-column-wrapper-legacy\"><div class=\"fusion-builder-row fusion-builder-row-inner fusion-row\"><div class=\"fusion-layout-column fusion_builder_column_inner fusion-builder-nested-column-3 fusion_builder_column_inner_1_3 1_3 fusion-one-third fusion-column-first\" style=\"--awb-bg-size:cover;width:33.3333333333%;width:calc(33.3333333333% - ( ( 4% ) * 0.333333333333 ) );margin-right: 4%;\"><div class=\"fusion-column-wrapper fusion-column-has-shadow fusion-flex-column-wrapper-legacy\"><div class=\"fusion-text fusion-text-5\"><h1 style=\"color: #fff; margin: 0;\">Commencer aujourd&#039;hui<\/h1>\n<\/div><div class=\"fusion-clearfix\"><\/div><\/div><\/div><div class=\"fusion-layout-column fusion_builder_column_inner fusion-builder-nested-column-4 fusion_builder_column_inner_2_3 2_3 fusion-two-third fusion-column-last\" style=\"--awb-bg-size:cover;width:66.6666666667%;width:calc(66.6666666667% - ( ( 4% ) * 0.666666666667 ) );\"><div class=\"fusion-column-wrapper fusion-column-has-shadow fusion-flex-column-wrapper-legacy\"><div class=\"fusion-text fusion-text-6\"><h3><span style=\"color: #ffffff;\">En savoir plus sur notre entreprise<\/span><\/h3>\n<p><a class=\"linkSpeakExpert\" href=\"https:\/\/optimas.com\/wp-content\/uploads\/2021\/03\/company_overview.pdf\">T\u00c9L\u00c9CHARGER LA VUE D&#039;ENSEMBLE DE LA SOCI\u00c9T\u00c9<\/a><\/p>\n<\/div><div class=\"fusion-clearfix\"><\/div><\/div><\/div><\/div><div class=\"fusion-clearfix\"><\/div><\/div><\/div><\/div><\/div><\/p>","protected":false},"excerpt":{"rendered":"","protected":false},"author":3,"featured_media":2832,"parent":0,"menu_order":0,"comment_status":"closed","ping_status":"closed","template":"","meta":{"_acf_changed":false,"content-type":"","footnotes":""},"class_list":["post-5356","page","type-page","status-publish","has-post-thumbnail","hentry"],"acf":[],"_links":{"self":[{"href":"https:\/\/optimas.com\/fr\/wp-json\/wp\/v2\/pages\/5356","targetHints":{"allow":["GET"]}}],"collection":[{"href":"https:\/\/optimas.com\/fr\/wp-json\/wp\/v2\/pages"}],"about":[{"href":"https:\/\/optimas.com\/fr\/wp-json\/wp\/v2\/types\/page"}],"author":[{"embeddable":true,"href":"https:\/\/optimas.com\/fr\/wp-json\/wp\/v2\/users\/3"}],"replies":[{"embeddable":true,"href":"https:\/\/optimas.com\/fr\/wp-json\/wp\/v2\/comments?post=5356"}],"version-history":[{"count":0,"href":"https:\/\/optimas.com\/fr\/wp-json\/wp\/v2\/pages\/5356\/revisions"}],"wp:featuredmedia":[{"embeddable":true,"href":"https:\/\/optimas.com\/fr\/wp-json\/wp\/v2\/media\/2832"}],"wp:attachment":[{"href":"https:\/\/optimas.com\/fr\/wp-json\/wp\/v2\/media?parent=5356"}],"curies":[{"name":"wp","href":"https:\/\/api.w.org\/{rel}","templated":true}]}}