{"id":5519,"date":"2022-08-09T13:18:57","date_gmt":"2022-08-09T18:18:57","guid":{"rendered":"https:\/\/optimas.com\/?page_id=5519"},"modified":"2022-08-10T10:19:27","modified_gmt":"2022-08-10T15:19:27","slug":"ev-whitepaper-thank-you","status":"publish","type":"page","link":"https:\/\/optimas.com\/fr\/ev-whitepaper-thank-you\/","title":{"rendered":"Six consid\u00e9rations pour la s\u00e9lection des fixations pour l&#039;\u00e9lectrification T\u00e9l\u00e9charger"},"content":{"rendered":"<div class=\"fusion-fullwidth fullwidth-box fusion-builder-row-1 fusion-flex-container nonhundred-percent-fullwidth non-hundred-percent-height-scrolling\" style=\"--awb-border-radius-top-left:0px;--awb-border-radius-top-right:0px;--awb-border-radius-bottom-right:0px;--awb-border-radius-bottom-left:0px;--awb-padding-top:50px;--awb-padding-bottom:50px;--awb-margin-top:-50px;--awb-background-color:#00aee0;--awb-flex-wrap:wrap;\" ><div class=\"fusion-builder-row fusion-row fusion-flex-align-items-center fusion-flex-content-wrap\" style=\"max-width:104%;margin-left: calc(-4% \/ 2 );margin-right: calc(-4% \/ 2 );\"><div class=\"fusion-layout-column fusion_builder_column fusion-builder-column-0 fusion_builder_column_1_1 1_1 fusion-flex-column max1200\" style=\"--awb-padding-top:40px;--awb-padding-bottom:40px;--awb-bg-size:cover;--awb-width-large:100%;--awb-margin-top-large:0px;--awb-spacing-right-large:1.92%;--awb-margin-bottom-large:20px;--awb-spacing-left-large:1.92%;--awb-width-medium:100%;--awb-order-medium:0;--awb-spacing-right-medium:1.92%;--awb-spacing-left-medium:1.92%;--awb-width-small:100%;--awb-order-small:0;--awb-spacing-right-small:1.92%;--awb-spacing-left-small:1.92%;\"><div class=\"fusion-column-wrapper fusion-column-has-shadow fusion-flex-justify-content-flex-start fusion-content-layout-column\"><div class=\"fusion-builder-row fusion-builder-row-inner fusion-row fusion-flex-align-items-center fusion-flex-content-wrap\" style=\"--awb-flex-grow:0;--awb-flex-grow-medium:0;--awb-flex-grow-small:0;--awb-flex-shrink:0;--awb-flex-shrink-medium:0;--awb-flex-shrink-small:0;width:104% !important;max-width:104% !important;margin-left: calc(-4% \/ 2 );margin-right: calc(-4% \/ 2 );\"><div class=\"fusion-layout-column fusion_builder_column_inner fusion-builder-nested-column-0 fusion_builder_column_inner_1_2 1_2 fusion-flex-column\" style=\"--awb-bg-size:cover;--awb-width-large:50%;--awb-margin-top-large:0px;--awb-spacing-right-large:3.84%;--awb-margin-bottom-large:20px;--awb-spacing-left-large:3.84%;--awb-width-medium:100%;--awb-order-medium:0;--awb-spacing-right-medium:1.92%;--awb-spacing-left-medium:1.92%;--awb-width-small:100%;--awb-order-small:0;--awb-spacing-right-small:1.92%;--awb-spacing-left-small:1.92%;\"><div class=\"fusion-column-wrapper fusion-column-has-shadow fusion-flex-justify-content-flex-start fusion-content-layout-column\"><div class=\"fusion-image-element\" style=\"--awb-caption-title-font-family:var(--h2_typography-font-family);--awb-caption-title-font-weight:var(--h2_typography-font-weight);--awb-caption-title-font-style:var(--h2_typography-font-style);--awb-caption-title-size:var(--h2_typography-font-size);--awb-caption-title-transform:var(--h2_typography-text-transform);--awb-caption-title-line-height:var(--h2_typography-line-height);--awb-caption-title-letter-spacing:var(--h2_typography-letter-spacing);\"><span class=\"fusion-imageframe imageframe-none imageframe-1 hover-type-none\"><img decoding=\"async\" width=\"730\" height=\"945\" alt=\"Couvercle en papier blanc pour l&#039;\u00e9lectrification des fixations avec bac rempli d&#039;\u00e9crous hexagonaux\" title=\"Image du livre blanc sur l\u2019\u00e9lectrification des fixations\" src=\"https:\/\/optimas.com\/wp-content\/uploads\/2022\/05\/Fastener-Electrification-Whitepaper-Image.png\" class=\"img-responsive wp-image-5009\" srcset=\"https:\/\/optimas.com\/wp-content\/uploads\/2022\/05\/Fastener-Electrification-Whitepaper-Image-200x259.png 200w, https:\/\/optimas.com\/wp-content\/uploads\/2022\/05\/Fastener-Electrification-Whitepaper-Image-400x518.png 400w, https:\/\/optimas.com\/wp-content\/uploads\/2022\/05\/Fastener-Electrification-Whitepaper-Image-600x777.png 600w, https:\/\/optimas.com\/wp-content\/uploads\/2022\/05\/Fastener-Electrification-Whitepaper-Image.png 730w\" sizes=\"(max-width: 1024px) 100vw, (max-width: 640px) 100vw, 730px\" \/><\/span><\/div><\/div><\/div><div class=\"fusion-layout-column fusion_builder_column_inner fusion-builder-nested-column-1 fusion_builder_column_inner_1_2 1_2 fusion-flex-column\" style=\"--awb-bg-size:cover;--awb-width-large:50%;--awb-margin-top-large:0px;--awb-spacing-right-large:3.84%;--awb-margin-bottom-large:20px;--awb-spacing-left-large:3.84%;--awb-width-medium:100%;--awb-order-medium:0;--awb-spacing-right-medium:1.92%;--awb-spacing-left-medium:1.92%;--awb-width-small:100%;--awb-order-small:0;--awb-spacing-right-small:1.92%;--awb-spacing-left-small:1.92%;\"><div class=\"fusion-column-wrapper fusion-column-has-shadow fusion-flex-justify-content-flex-start fusion-content-layout-column\"><div class=\"fusion-text fusion-text-1\"><h1 style=\"color: #ffffff; text-align: left; font-size: 40px;\"><span style=\"color: #ffffff;\">Merci de votre int\u00e9r\u00eat pour notre livre blanc. Attendez-vous \u00e0 un ema<\/span>il avec un lien \u00e0 t\u00e9l\u00e9charger sous peu.<\/h1>\n<\/div><div class=\"fusion-text fusion-text-2\"><p style=\"color: #ffffff; size: 24px;\">Puisque ce livre blanc vous int\u00e9resse, nous avons pens\u00e9 que vous pourriez \u00e9galement \u00eatre int\u00e9ress\u00e9 par une infographie intitul\u00e9e <a style=\"font-weight: 900; color: #ffffff!important; text-decoration: underline;\" href=\"https:\/\/optimas.com\/fr\/resources\/full-service-distributors-the-ultimate-ev-equalizer\/\" target=\"_blank\" rel=\"noopener\">Distributeurs \u00e0 service complet\u00a0: l&#039;\u00e9galiseur EV ultime.<\/a><\/p>\n<\/div><\/div><\/div><\/div><\/div><\/div><\/div><\/div>","protected":false},"excerpt":{"rendered":"","protected":false},"author":3,"featured_media":0,"parent":0,"menu_order":0,"comment_status":"closed","ping_status":"closed","template":"","meta":{"_acf_changed":false,"content-type":"","footnotes":""},"class_list":["post-5519","page","type-page","status-publish","hentry"],"acf":[],"_links":{"self":[{"href":"https:\/\/optimas.com\/fr\/wp-json\/wp\/v2\/pages\/5519","targetHints":{"allow":["GET"]}}],"collection":[{"href":"https:\/\/optimas.com\/fr\/wp-json\/wp\/v2\/pages"}],"about":[{"href":"https:\/\/optimas.com\/fr\/wp-json\/wp\/v2\/types\/page"}],"author":[{"embeddable":true,"href":"https:\/\/optimas.com\/fr\/wp-json\/wp\/v2\/users\/3"}],"replies":[{"embeddable":true,"href":"https:\/\/optimas.com\/fr\/wp-json\/wp\/v2\/comments?post=5519"}],"version-history":[{"count":0,"href":"https:\/\/optimas.com\/fr\/wp-json\/wp\/v2\/pages\/5519\/revisions"}],"wp:attachment":[{"href":"https:\/\/optimas.com\/fr\/wp-json\/wp\/v2\/media?parent=5519"}],"curies":[{"name":"wp","href":"https:\/\/api.w.org\/{rel}","templated":true}]}}