{"id":583,"date":"2019-10-22T13:55:05","date_gmt":"2019-10-22T13:55:05","guid":{"rendered":"https:\/\/optimas.com\/?page_id=583"},"modified":"2023-04-24T09:08:36","modified_gmt":"2023-04-24T14:08:36","slug":"engineering-services","status":"publish","type":"page","link":"https:\/\/optimas.com\/fr\/services\/inventory-management-2\/engineering-services\/","title":{"rendered":"Services d&#039;ing\u00e9nierie"},"content":{"rendered":"<p><div class=\"fusion-fullwidth fullwidth-box fusion-builder-row-1 nonhundred-percent-fullwidth non-hundred-percent-height-scrolling firstSection centerMobile\" style=\"--awb-border-radius-top-left:0px;--awb-border-radius-top-right:0px;--awb-border-radius-bottom-right:0px;--awb-border-radius-bottom-left:0px;--awb-flex-wrap:wrap;\" ><div class=\"fusion-builder-row fusion-row\"><div class=\"fusion-layout-column fusion_builder_column fusion-builder-column-0 fusion_builder_column_1_1 1_1 fusion-one-full fusion-column-first fusion-column-last max1200\" style=\"--awb-bg-size:cover;\"><div class=\"fusion-column-wrapper fusion-column-has-shadow fusion-flex-column-wrapper-legacy\"><div class=\"fusion-builder-row fusion-builder-row-inner fusion-row\"><div class=\"fusion-layout-column fusion_builder_column_inner fusion-builder-nested-column-0 fusion_builder_column_inner_2_5 2_5 fusion-two-fifth fusion-column-first\" style=\"--awb-bg-size:cover;width:40%;width:calc(40% - ( ( 4% ) * 0.4 ) );margin-right: 4%;\"><div class=\"fusion-column-wrapper fusion-column-has-shadow fusion-flex-column-wrapper-legacy\"><div class=\"fusion-image-element fusion-image-align-center in-legacy-container\" style=\"text-align:center;--awb-caption-title-font-family:var(--h2_typography-font-family);--awb-caption-title-font-weight:var(--h2_typography-font-weight);--awb-caption-title-font-style:var(--h2_typography-font-style);--awb-caption-title-size:var(--h2_typography-font-size);--awb-caption-title-transform:var(--h2_typography-text-transform);--awb-caption-title-line-height:var(--h2_typography-line-height);--awb-caption-title-letter-spacing:var(--h2_typography-letter-spacing);\"><div class=\"imageframe-align-center\"><span class=\"fusion-imageframe imageframe-none imageframe-1 hover-type-none\"><img decoding=\"async\" width=\"573\" height=\"436\" alt=\"Services d&#039;ing\u00e9nierie\" src=\"https:\/\/optimas.com\/wp-content\/uploads\/2019\/10\/engineering.jpg\" class=\"img-responsive wp-image-593\" srcset=\"https:\/\/optimas.com\/wp-content\/uploads\/2019\/10\/engineering-200x152.jpg 200w, https:\/\/optimas.com\/wp-content\/uploads\/2019\/10\/engineering-400x304.jpg 400w, https:\/\/optimas.com\/wp-content\/uploads\/2019\/10\/engineering.jpg 573w\" sizes=\"(max-width: 800px) 100vw, 573px\" \/><\/span><\/div><\/div><div class=\"fusion-clearfix\"><\/div><\/div><\/div><div class=\"fusion-layout-column fusion_builder_column_inner fusion-builder-nested-column-1 fusion_builder_column_inner_3_5 3_5 fusion-three-fifth fusion-column-last\" style=\"--awb-bg-size:cover;width:60%;width:calc(60% - ( ( 4% ) * 0.6 ) );\"><div class=\"fusion-column-wrapper fusion-column-has-shadow fusion-flex-column-wrapper-legacy\"><div class=\"fusion-text fusion-text-1\"><h1 style=\"color: #54565a!important;\">SERVICES D&#039;ING\u00c9NIERIE<\/h1>\n<p>Nos ing\u00e9nieurs experts en application et en qualit\u00e9 trouvent de mani\u00e8re proactive des moyens d&#039;\u00e9conomiser de l&#039;argent, d&#039;am\u00e9liorer les performances des produits et d&#039;att\u00e9nuer les risques. Poursuivez votre lecture pour en savoir plus sur nos services d&#039;ing\u00e9nierie m\u00e9canique ou contactez l&#039;un de nos experts d\u00e8s aujourd&#039;hui.<\/p>\n<\/div><div class=\"fusion-sep-clear\"><\/div><div class=\"fusion-separator fusion-full-width-sep\" style=\"margin-left: auto;margin-right: auto;margin-top:40px;width:100%;\"><\/div><div class=\"fusion-sep-clear\"><\/div><div class=\"fusion-text fusion-text-2\"><p><a class=\"linkOrangeButton\" href=\"https:\/\/optimas.com\/fr\/contact\/\">PARLEZ \u00c0 UN EXPERT<\/a><\/p>\n<\/div><div class=\"fusion-clearfix\"><\/div><\/div><\/div><\/div><div class=\"fusion-clearfix\"><\/div><\/div><\/div><\/div><\/div><div class=\"fusion-fullwidth fullwidth-box fusion-builder-row-2 nonhundred-percent-fullwidth non-hundred-percent-height-scrolling\" style=\"--awb-border-radius-top-left:0px;--awb-border-radius-top-right:0px;--awb-border-radius-bottom-right:0px;--awb-border-radius-bottom-left:0px;--awb-background-color:#ee7623;--awb-flex-wrap:wrap;\" ><div class=\"fusion-builder-row fusion-row\"><div class=\"fusion-layout-column fusion_builder_column fusion-builder-column-1 fusion_builder_column_1_1 1_1 fusion-one-full fusion-column-first fusion-column-last max1200\" style=\"--awb-padding-top:40px;--awb-padding-right:10px;--awb-padding-bottom:40px;--awb-padding-left:10px;--awb-bg-size:cover;--awb-margin-bottom:0px;\"><div class=\"fusion-column-wrapper fusion-column-has-shadow fusion-flex-column-wrapper-legacy\"><div class=\"fusion-text fusion-text-3\"><h2 style=\"color: #ffffff; text-align: center;\">Expertise mondiale en ing\u00e9nierie<\/h2>\n<\/div><div class=\"fusion-text fusion-text-4\"><p style=\"text-align: center; color: #ffffff;\">L&#039;\u00e9quipe d\u00e9di\u00e9e de concepteurs et d&#039;ing\u00e9nieurs d&#039;Optimas \u00e0 travers le monde peut travailler sur une base de projet ou sur site avec votre d\u00e9partement d&#039;ing\u00e9nierie. Cette relation \u00e9troite nous permet de jouer un r\u00f4le actif depuis le d\u00e9veloppement du produit jusqu&#039;\u00e0 la cha\u00eene de montage, l\u00e0 o\u00f9 la qualit\u00e9 et la productivit\u00e9 comptent le plus. Nous nous concentrons sur la r\u00e9alisation d&#039;\u00e9conomies tout en maintenant ou en am\u00e9liorant la qualit\u00e9 gr\u00e2ce \u00e0 nos services d&#039;ing\u00e9nierie m\u00e9canique. Forts d&#039;ann\u00e9es d&#039;expertise en gestion efficace des stocks, nous prendrons en charge la gestion de vos pi\u00e8ces, que les pi\u00e8ces proviennent d&#039;Optimas, qu&#039;elles soient dirig\u00e9es par le client ou qu&#039;elles appartiennent au client.<\/p>\n<\/div><div class=\"fusion-clearfix\"><\/div><\/div><\/div><\/div><\/div><div class=\"fusion-fullwidth fullwidth-box fusion-builder-row-3 nonhundred-percent-fullwidth non-hundred-percent-height-scrolling\" style=\"--awb-border-radius-top-left:0px;--awb-border-radius-top-right:0px;--awb-border-radius-bottom-right:0px;--awb-border-radius-bottom-left:0px;--awb-padding-top:40px;--awb-padding-bottom:40px;--awb-flex-wrap:wrap;\" ><div class=\"fusion-builder-row fusion-row\"><div class=\"fusion-layout-column fusion_builder_column fusion-builder-column-2 fusion_builder_column_1_1 1_1 fusion-one-full fusion-column-first fusion-column-last max1200\" style=\"--awb-bg-size:cover;\"><div class=\"fusion-column-wrapper fusion-column-has-shadow fusion-flex-column-wrapper-legacy\"><div class=\"fusion-builder-row fusion-builder-row-inner fusion-row\"><div class=\"fusion-layout-column fusion_builder_column_inner fusion-builder-nested-column-2 fusion_builder_column_inner_2_3 2_3 fusion-two-third fusion-column-first\" style=\"--awb-bg-size:cover;width:66.6666666667%;width:calc(66.6666666667% - ( ( 4% ) * 0.666666666667 ) );margin-right: 4%;\"><div class=\"fusion-column-wrapper fusion-column-has-shadow fusion-flex-column-wrapper-legacy\"><div class=\"fusion-text fusion-text-5\"><h2>Support de conception<\/h2>\n<\/div><div class=\"fusion-text fusion-text-6\"><ul>Que vous conceviez un nouveau produit ou am\u00e9lioriez un produit existant, nos experts en ing\u00e9nierie des fixations et en forgeage \u00e0 froid trouveront la bonne solution qui permet de r\u00e9duire les co\u00fbts sans sacrifier la qualit\u00e9. Nos services de conception en g\u00e9nie m\u00e9canique comprennent :<\/p>\n<li>D\u00e9veloppement de produits, analyse et tests de performances (par exemple couple \/ tension)<\/li>\n<li>Prototypage de conception rapide et \u00e9chantillonnage avec impression 3D<\/li>\n<li>R\u00e9ing\u00e9nierie des fixations existantes<\/li>\n<li>Analyse de valeur et ing\u00e9nierie de valeur<\/li>\n<li>Trouver le bon ajustement par application<\/li>\n<\/ul>\n<\/div><div class=\"fusion-sep-clear\"><\/div><div class=\"fusion-separator fusion-full-width-sep\" style=\"margin-left: auto;margin-right: auto;margin-top:10px;margin-bottom:10px;width:100%;\"><\/div><div class=\"fusion-sep-clear\"><\/div><div class=\"fusion-text fusion-text-7\"><p><a class=\"linkLearnMore\" href=\"https:\/\/optimas.com\/fr\/resources\/redesigned-part-saves-120000-and-improves-lead-times\/\" target=\"_blank\" rel=\"noopener noreferrer\">&gt; \u00c9TUDE DE CAS: $120K enregistr\u00e9 avec pi\u00e8ce repens\u00e9e<\/a><\/p>\n<\/div><div class=\"fusion-sep-clear\"><\/div><div class=\"fusion-separator fusion-full-width-sep\" style=\"margin-left: auto;margin-right: auto;margin-top:40px;margin-bottom:40px;width:100%;\"><div class=\"fusion-separator-border sep-single sep-solid\" style=\"--awb-height:20px;--awb-amount:20px;--awb-sep-color:#54565a;border-color:#54565a;border-top-width:1px;\"><\/div><\/div><div class=\"fusion-sep-clear\"><\/div><div class=\"fusion-clearfix\"><\/div><\/div><\/div><div class=\"fusion-layout-column fusion_builder_column_inner fusion-builder-nested-column-3 fusion_builder_column_inner_1_3 1_3 fusion-one-third fusion-column-last centerMobile\" style=\"--awb-bg-size:cover;width:33.3333333333%;width:calc(33.3333333333% - ( ( 4% ) * 0.333333333333 ) );\"><div class=\"fusion-column-wrapper fusion-column-has-shadow fusion-flex-column-wrapper-legacy\"><div class=\"fusion-image-element in-legacy-container\" style=\"--awb-caption-title-font-family:var(--h2_typography-font-family);--awb-caption-title-font-weight:var(--h2_typography-font-weight);--awb-caption-title-font-style:var(--h2_typography-font-style);--awb-caption-title-size:var(--h2_typography-font-size);--awb-caption-title-transform:var(--h2_typography-text-transform);--awb-caption-title-line-height:var(--h2_typography-line-height);--awb-caption-title-letter-spacing:var(--h2_typography-letter-spacing);\"><span class=\"fusion-imageframe imageframe-none imageframe-2 hover-type-none\"><img decoding=\"async\" width=\"161\" height=\"149\" alt=\"Homme bleu avec un casque orange et un ordinateur portable\" src=\"https:\/\/optimas.com\/wp-content\/uploads\/2019\/11\/ico1.jpg\" class=\"img-responsive wp-image-1558\"\/><\/span><\/div><div class=\"fusion-text fusion-text-8\"><h3 style=\"font-size: 25px!important;\">Les ing\u00e9nieurs d&#039;Optimas ont une moyenne de 20 ans d&#039;exp\u00e9rience sp\u00e9cialis\u00e9e dans la conception de fixations<\/h3>\n<\/div><div class=\"fusion-clearfix\"><\/div><\/div><\/div><div class=\"fusion-layout-column fusion_builder_column_inner fusion-builder-nested-column-4 fusion_builder_column_inner_2_3 2_3 fusion-two-third fusion-column-first\" style=\"--awb-bg-size:cover;width:66.6666666667%;width:calc(66.6666666667% - ( ( 4% ) * 0.666666666667 ) );margin-right: 4%;\"><div class=\"fusion-column-wrapper fusion-column-has-shadow fusion-flex-column-wrapper-legacy\"><div class=\"fusion-text fusion-text-9\"><h2>Optimisation des stocks<\/h2>\n<\/div><div class=\"fusion-text fusion-text-10\"><p>Rationalisez votre nomenclature et acc\u00e9l\u00e9rez votre mise sur le march\u00e9 gr\u00e2ce \u00e0 ces services experts de conception en ing\u00e9nierie m\u00e9canique\u00a0:<\/p>\n<p><strong style=\"color: #00a0df; margin: 20px 0 10px 0; width: 100%; float: left;\">PARTIE RATIONALISATION ET NORMALISATION<\/strong><br \/>\nGr\u00e2ce \u00e0 une analyse de l&#039;assortiment de pi\u00e8ces, nous d\u00e9couvrirons des moyens de consolider et de normaliser vos r\u00e9f\u00e9rences pour r\u00e9duire les co\u00fbts et la complexit\u00e9.<\/p>\n<p><strong style=\"color: #00a0df; margin: 20px 0 10px 0; width: 100%; float: left;\">RETARD\u00c9ES DES PRODUITS<\/strong><br \/>\nNous d\u00e9monterons votre produit jusqu&#039;\u00e0 ses composants, puis trouverons des moyens de r\u00e9organiser le produit pour des am\u00e9liorations de conception, de co\u00fbt et de qualit\u00e9.<\/p>\n<\/div><div class=\"fusion-sep-clear\"><\/div><div class=\"fusion-separator fusion-full-width-sep\" style=\"margin-left: auto;margin-right: auto;margin-top:10px;margin-bottom:10px;width:100%;\"><\/div><div class=\"fusion-sep-clear\"><\/div><div class=\"fusion-text fusion-text-11\"><p><a class=\"linkLearnMore\" href=\"https:\/\/optimas.com\/fr\/resources\/achieving-commercial-strength-through-part-standardization\/\" target=\"_blank\" rel=\"noopener noreferrer\">&gt; \u00c9TUDE DE CAS: R\u00e9duction de la pi\u00e8ce 79% obtenue<\/a><\/p>\n<\/div><div class=\"fusion-sep-clear\"><\/div><div class=\"fusion-separator fusion-full-width-sep\" style=\"margin-left: auto;margin-right: auto;margin-top:40px;margin-bottom:40px;width:100%;\"><div class=\"fusion-separator-border sep-single sep-solid\" style=\"--awb-height:20px;--awb-amount:20px;--awb-sep-color:#54565a;border-color:#54565a;border-top-width:1px;\"><\/div><\/div><div class=\"fusion-sep-clear\"><\/div><div class=\"fusion-clearfix\"><\/div><\/div><\/div><div class=\"fusion-layout-column fusion_builder_column_inner fusion-builder-nested-column-5 fusion_builder_column_inner_1_3 1_3 fusion-one-third fusion-column-last centerMobile\" style=\"--awb-bg-size:cover;width:33.3333333333%;width:calc(33.3333333333% - ( ( 4% ) * 0.333333333333 ) );\"><div class=\"fusion-column-wrapper fusion-column-has-shadow fusion-flex-column-wrapper-legacy\"><div class=\"fusion-image-element in-legacy-container\" style=\"--awb-caption-title-font-family:var(--h2_typography-font-family);--awb-caption-title-font-weight:var(--h2_typography-font-weight);--awb-caption-title-font-style:var(--h2_typography-font-style);--awb-caption-title-size:var(--h2_typography-font-size);--awb-caption-title-transform:var(--h2_typography-text-transform);--awb-caption-title-line-height:var(--h2_typography-line-height);--awb-caption-title-letter-spacing:var(--h2_typography-letter-spacing);\"><span class=\"fusion-imageframe imageframe-none imageframe-3 hover-type-none\"><img decoding=\"async\" width=\"161\" height=\"149\" alt=\"Blue dollar sign with orange arrows going around it in a circle\" src=\"https:\/\/optimas.com\/wp-content\/uploads\/2019\/11\/dollar.jpg\" class=\"img-responsive wp-image-1611\"\/><\/span><\/div><div class=\"fusion-text fusion-text-12\"><h3 style=\"font-size: 25px!important;\">R\u00e9alisez des \u00e9conomies, sans jamais compromettre la qualit\u00e9 technique du produit final<\/h3>\n<\/div><div class=\"fusion-clearfix\"><\/div><\/div><\/div><div class=\"fusion-layout-column fusion_builder_column_inner fusion-builder-nested-column-6 fusion_builder_column_inner_2_3 2_3 fusion-two-third fusion-column-first\" style=\"--awb-bg-size:cover;width:66.6666666667%;width:calc(66.6666666667% - ( ( 4% ) * 0.666666666667 ) );margin-right: 4%;\"><div class=\"fusion-column-wrapper fusion-column-has-shadow fusion-flex-column-wrapper-legacy\"><div class=\"fusion-text fusion-text-13\"><h2>Efficacit\u00e9 op\u00e9rationnelle<\/h2>\n<\/div><div class=\"fusion-text fusion-text-14\"><p>En tant que distributeur et fabricant, nous sommes \u00e0 votre place et pouvons rapidement identifier les solutions de fabrication industrielle qui am\u00e9lioreront votre efficacit\u00e9. Nos experts en gestion des processus de fabrication vous accompagneront pour \u00e9valuer vos op\u00e9rations afin d&#039;augmenter la productivit\u00e9 et les \u00e9conomies de main-d&#039;\u0153uvre, telles que\u00a0:<\/p>\n<ul>\n<li>Pi\u00e8ces, outils et assemblages ergonomiques<\/li>\n<li>Kitting et sous-assemblage<\/li>\n<li>Programmes Lean 5S<\/li>\n<\/ul>\n<\/div><div class=\"fusion-sep-clear\"><\/div><div class=\"fusion-separator fusion-full-width-sep\" style=\"margin-left: auto;margin-right: auto;margin-top:10px;margin-bottom:10px;width:100%;\"><\/div><div class=\"fusion-sep-clear\"><\/div><div class=\"fusion-text fusion-text-15\"><p><a class=\"linkLearnMore\" href=\"https:\/\/optimas.com\/fr\/resources\/part-consolidation-between-brands-delivers-long-term-economic-impact\/\" target=\"_blank\" rel=\"noopener noreferrer\">&gt; \u00c9TUDE DE CAS: \u00c9conomisez $5.9M en co\u00fbts \u00e0 vie<\/a><\/p>\n<\/div><div class=\"fusion-sep-clear\"><\/div><div class=\"fusion-separator fusion-full-width-sep\" style=\"margin-left: auto;margin-right: auto;margin-top:40px;margin-bottom:40px;width:100%;\"><div class=\"fusion-separator-border sep-single sep-solid\" style=\"--awb-height:20px;--awb-amount:20px;--awb-sep-color:#54565a;border-color:#54565a;border-top-width:1px;\"><\/div><\/div><div class=\"fusion-sep-clear\"><\/div><div class=\"fusion-clearfix\"><\/div><\/div><\/div><div class=\"fusion-layout-column fusion_builder_column_inner fusion-builder-nested-column-7 fusion_builder_column_inner_1_3 1_3 fusion-one-third fusion-column-last centerMobile\" style=\"--awb-bg-size:cover;width:33.3333333333%;width:calc(33.3333333333% - ( ( 4% ) * 0.333333333333 ) );\"><div class=\"fusion-column-wrapper fusion-column-has-shadow fusion-flex-column-wrapper-legacy\"><div class=\"fusion-image-element in-legacy-container\" style=\"--awb-caption-title-font-family:var(--h2_typography-font-family);--awb-caption-title-font-weight:var(--h2_typography-font-weight);--awb-caption-title-font-style:var(--h2_typography-font-style);--awb-caption-title-size:var(--h2_typography-font-size);--awb-caption-title-transform:var(--h2_typography-text-transform);--awb-caption-title-line-height:var(--h2_typography-line-height);--awb-caption-title-letter-spacing:var(--h2_typography-letter-spacing);\"><span class=\"fusion-imageframe imageframe-none imageframe-4 hover-type-none\"><img decoding=\"async\" width=\"161\" height=\"149\" alt=\"Orange bolt and blue factory\" src=\"https:\/\/optimas.com\/wp-content\/uploads\/2019\/11\/factory.jpg\" class=\"img-responsive wp-image-1612\"\/><\/span><\/div><div class=\"fusion-text fusion-text-16\"><h3 style=\"font-size: 25px!important;\">Expertise de fabrication et de fixation leader sur le march\u00e9 depuis plus de 100 ans<\/h3>\n<\/div><div class=\"fusion-clearfix\"><\/div><\/div><\/div><div class=\"fusion-layout-column fusion_builder_column_inner fusion-builder-nested-column-8 fusion_builder_column_inner_2_3 2_3 fusion-two-third fusion-column-first\" style=\"--awb-bg-size:cover;width:66.6666666667%;width:calc(66.6666666667% - ( ( 4% ) * 0.666666666667 ) );margin-right: 4%;\"><div class=\"fusion-column-wrapper fusion-column-has-shadow fusion-flex-column-wrapper-legacy\"><div class=\"fusion-text fusion-text-17\"><h2>Planification et tests de la qualit\u00e9<\/h2>\n<\/div><div class=\"fusion-text fusion-text-18\"><p>Notre \u00e9quipe d\u00e9di\u00e9e d&#039;ing\u00e9nieurs qualit\u00e9 peut vous aider \u00e0 r\u00e9pondre \u00e0 un large \u00e9ventail d&#039;exigences sp\u00e9cifiques aux clients, \u00e0 l&#039;industrie et \u00e0 la r\u00e9glementation pour une meilleure int\u00e9grit\u00e9 du produit, une efficacit\u00e9 accrue et de meilleures performances globales. Les services comprennent:<\/p>\n<ul>\n<li>Inspection, mesure et essai complet des mat\u00e9riaux<\/li>\n<li>Planification avanc\u00e9e de la qualit\u00e9 des produits (APQP), analyse des causes profondes et analyse des modes de d\u00e9faillance et des effets (AMDE) avec actions correctives<\/li>\n<li>Centre mondial d&#039;excellence PPAP pour le traitement des approbations de pi\u00e8ces rapides et pr\u00e9cises<\/li>\n<li>Lean Six Sigma pour des am\u00e9liorations continues<\/li>\n<\/ul>\n<\/div><div class=\"fusion-sep-clear\"><\/div><div class=\"fusion-separator fusion-full-width-sep\" style=\"margin-left: auto;margin-right: auto;margin-top:10px;margin-bottom:10px;width:100%;\"><\/div><div class=\"fusion-sep-clear\"><\/div><div class=\"fusion-text fusion-text-19\"><p><a class=\"linkLearnMore\" href=\"https:\/\/optimas.com\/fr\/resources\/advanced-product-quality-planning-improves-caterpillar-product-reliability\/\" target=\"_blank\" rel=\"noopener noreferrer\">&gt; \u00c9TUDE DE CAS: Am\u00e9lioration de la qualit\u00e9 des pi\u00e8ces par 95%<\/a><\/p>\n<\/div><div class=\"fusion-clearfix\"><\/div><\/div><\/div><div class=\"fusion-layout-column fusion_builder_column_inner fusion-builder-nested-column-9 fusion_builder_column_inner_1_3 1_3 fusion-one-third fusion-column-last centerMobile\" style=\"--awb-bg-size:cover;width:33.3333333333%;width:calc(33.3333333333% - ( ( 4% ) * 0.333333333333 ) );\"><div class=\"fusion-column-wrapper fusion-column-has-shadow fusion-flex-column-wrapper-legacy\"><div class=\"fusion-image-element in-legacy-container\" style=\"--awb-caption-title-font-family:var(--h2_typography-font-family);--awb-caption-title-font-weight:var(--h2_typography-font-weight);--awb-caption-title-font-style:var(--h2_typography-font-style);--awb-caption-title-size:var(--h2_typography-font-size);--awb-caption-title-transform:var(--h2_typography-text-transform);--awb-caption-title-line-height:var(--h2_typography-line-height);--awb-caption-title-letter-spacing:var(--h2_typography-letter-spacing);\"><span class=\"fusion-imageframe imageframe-none imageframe-5 hover-type-none\"><img decoding=\"async\" width=\"161\" height=\"149\" alt=\"Two blue and one orange star\" src=\"https:\/\/optimas.com\/wp-content\/uploads\/2019\/11\/stars.jpg\" class=\"img-responsive wp-image-1613\"\/><\/span><\/div><div class=\"fusion-text fusion-text-20\"><h3 style=\"font-size: 25px!important;\">Nous nous engageons pour une culture z\u00e9ro d\u00e9faut<\/h3>\n<\/div><div class=\"fusion-clearfix\"><\/div><\/div><\/div><\/div><div class=\"fusion-clearfix\"><\/div><\/div><\/div><\/div><\/div><div class=\"fusion-fullwidth fullwidth-box fusion-builder-row-4 nonhundred-percent-fullwidth non-hundred-percent-height-scrolling getStarted\" style=\"--awb-border-radius-top-left:0px;--awb-border-radius-top-right:0px;--awb-border-radius-bottom-right:0px;--awb-border-radius-bottom-left:0px;--awb-padding-top:70px;--awb-padding-bottom:70px;--awb-background-color:#54565a;--awb-flex-wrap:wrap;\" ><div class=\"fusion-builder-row fusion-row\"><div class=\"fusion-layout-column fusion_builder_column fusion-builder-column-3 fusion_builder_column_1_1 1_1 fusion-one-full fusion-column-first fusion-column-last max1200\" style=\"--awb-bg-size:cover;\"><div class=\"fusion-column-wrapper fusion-column-has-shadow fusion-flex-column-wrapper-legacy\"><div class=\"fusion-builder-row fusion-builder-row-inner fusion-row\"><div class=\"fusion-layout-column fusion_builder_column_inner fusion-builder-nested-column-10 fusion_builder_column_inner_3_5 3_5 fusion-three-fifth fusion-column-first\" style=\"--awb-bg-size:cover;--awb-margin-bottom:0px;width:60%;width:calc(60% - ( ( 4% ) * 0.6 ) );margin-right: 4%;\"><div class=\"fusion-column-wrapper fusion-column-has-shadow fusion-flex-column-wrapper-legacy\"><div class=\"fusion-text fusion-text-21\" style=\"--awb-font-size:36px;--awb-text-font-family:&quot;WhitneyBold&quot;;--awb-text-font-style:normal;--awb-text-font-weight:400;\"><p style=\"color: #fff;\">Commencez votre partenariat avec l&#039;une des meilleures entreprises de solutions de fabrication de pr\u00e9cision aux \u00c9tats-Unis - contactez et parlez \u00e0 un expert et obtenez un devis.<\/p>\n<\/div><div class=\"fusion-clearfix\"><\/div><\/div><\/div><div class=\"fusion-layout-column fusion_builder_column_inner fusion-builder-nested-column-11 fusion_builder_column_inner_2_5 2_5 fusion-two-fifth fusion-column-last\" style=\"--awb-bg-size:cover;--awb-margin-bottom:0px;width:40%;width:calc(40% - ( ( 4% ) * 0.4 ) );\"><div class=\"fusion-column-wrapper fusion-column-has-shadow fusion-flex-column-wrapper-legacy\"><div class=\"fusion-text fusion-text-22\"><p><a class=\"linkSpeakExpert\" href=\"https:\/\/optimas.com\/fr\/contact\/\">PARLEZ \u00c0 UN EXPERT<\/a><\/p>\n<\/div><div class=\"fusion-clearfix\"><\/div><\/div><\/div><\/div><div class=\"fusion-clearfix\"><\/div><\/div><\/div><\/div><\/div><\/p>","protected":false},"excerpt":{"rendered":"","protected":false},"author":1,"featured_media":593,"parent":33,"menu_order":0,"comment_status":"closed","ping_status":"closed","template":"","meta":{"_acf_changed":false,"content-type":"","footnotes":""},"class_list":["post-583","page","type-page","status-publish","has-post-thumbnail","hentry"],"acf":[],"_links":{"self":[{"href":"https:\/\/optimas.com\/fr\/wp-json\/wp\/v2\/pages\/583","targetHints":{"allow":["GET"]}}],"collection":[{"href":"https:\/\/optimas.com\/fr\/wp-json\/wp\/v2\/pages"}],"about":[{"href":"https:\/\/optimas.com\/fr\/wp-json\/wp\/v2\/types\/page"}],"author":[{"embeddable":true,"href":"https:\/\/optimas.com\/fr\/wp-json\/wp\/v2\/users\/1"}],"replies":[{"embeddable":true,"href":"https:\/\/optimas.com\/fr\/wp-json\/wp\/v2\/comments?post=583"}],"version-history":[{"count":0,"href":"https:\/\/optimas.com\/fr\/wp-json\/wp\/v2\/pages\/583\/revisions"}],"up":[{"embeddable":true,"href":"https:\/\/optimas.com\/fr\/wp-json\/wp\/v2\/pages\/33"}],"wp:featuredmedia":[{"embeddable":true,"href":"https:\/\/optimas.com\/fr\/wp-json\/wp\/v2\/media\/593"}],"wp:attachment":[{"href":"https:\/\/optimas.com\/fr\/wp-json\/wp\/v2\/media?parent=583"}],"curies":[{"name":"wp","href":"https:\/\/api.w.org\/{rel}","templated":true}]}}