{"id":11941,"date":"2024-04-16T11:34:10","date_gmt":"2024-04-16T16:34:10","guid":{"rendered":"https:\/\/optimas.com\/?page_id=11941"},"modified":"2026-04-13T11:30:24","modified_gmt":"2026-04-13T16:30:24","slug":"global-standards-organizations","status":"publish","type":"page","link":"https:\/\/optimas.com\/fr_ca\/technical-resources\/global-standards-organizations\/","title":{"rendered":"Global Standards Organizations"},"content":{"rendered":"<p><div class=\"fusion-fullwidth fullwidth-box fusion-builder-row-1 fusion-flex-container has-pattern-background has-mask-background nonhundred-percent-fullwidth non-hundred-percent-height-scrolling max\" style=\"--awb-border-radius-top-left:0px;--awb-border-radius-top-right:0px;--awb-border-radius-bottom-right:0px;--awb-border-radius-bottom-left:0px;--awb-padding-right:0px;--awb-padding-left:0px;--awb-flex-wrap:wrap;\" ><div class=\"fusion-builder-row fusion-row fusion-flex-align-items-flex-start fusion-flex-content-wrap\" style=\"max-width:104%;margin-left: calc(-4% \/ 2 );margin-right: calc(-4% \/ 2 );\"><div class=\"fusion-layout-column fusion_builder_column fusion-builder-column-0 fusion_builder_column_1_1 1_1 fusion-flex-column max1200\" style=\"--awb-bg-size:cover;--awb-width-large:100%;--awb-margin-top-large:0px;--awb-spacing-right-large:1.92%;--awb-margin-bottom-large:20px;--awb-spacing-left-large:1.92%;--awb-width-medium:100%;--awb-order-medium:0;--awb-spacing-right-medium:1.92%;--awb-spacing-left-medium:1.92%;--awb-width-small:100%;--awb-order-small:0;--awb-spacing-right-small:1.92%;--awb-spacing-left-small:1.92%;\"><div class=\"fusion-column-wrapper fusion-column-has-shadow fusion-flex-justify-content-flex-start fusion-content-layout-column\"><nav class=\"fusion-breadcrumbs fusion-breadcrumbs-1\" style=\"--awb-alignment:left;--awb-font-size:16;--awb-text-color:#e87722;--awb-breadcrumb-sep:&#039;\/&#039;;text-align:left;\" aria-label=\"Breadcrumb\"><ol class=\"awb-breadcrumb-list\"><li class=\"fusion-breadcrumb-item awb-breadcrumb-sep awb-home\" ><a href=\"https:\/\/optimas.com\/fr_ca\/\" class=\"fusion-breadcrumb-link\"><span >Maison<\/span><\/a><\/li><\/ol><\/nav><\/div><\/div><\/div><\/div><div class=\"fusion-fullwidth fullwidth-box fusion-builder-row-2 fusion-flex-container has-pattern-background has-mask-background nonhundred-percent-fullwidth non-hundred-percent-height-scrolling\" style=\"--awb-border-radius-top-left:0px;--awb-border-radius-top-right:0px;--awb-border-radius-bottom-right:0px;--awb-border-radius-bottom-left:0px;--awb-padding-right:0px;--awb-padding-left:0px;--awb-flex-wrap:wrap;\" ><div class=\"fusion-builder-row fusion-row fusion-flex-align-items-flex-start fusion-flex-content-wrap\" style=\"max-width:104%;margin-left: calc(-4% \/ 2 );margin-right: calc(-4% \/ 2 );\"><div class=\"fusion-layout-column fusion_builder_column fusion-builder-column-1 fusion_builder_column_1_1 1_1 fusion-flex-column max1200\" style=\"--awb-bg-size:cover;--awb-width-large:100%;--awb-margin-top-large:0px;--awb-spacing-right-large:1.92%;--awb-margin-bottom-large:20px;--awb-spacing-left-large:1.92%;--awb-width-medium:100%;--awb-order-medium:0;--awb-spacing-right-medium:1.92%;--awb-spacing-left-medium:1.92%;--awb-width-small:100%;--awb-order-small:0;--awb-spacing-right-small:1.92%;--awb-spacing-left-small:1.92%;\"><div class=\"fusion-column-wrapper fusion-column-has-shadow fusion-flex-justify-content-flex-start fusion-content-layout-column\"><div class=\"fusion-builder-row fusion-builder-row-inner fusion-row fusion-flex-align-items-flex-start fusion-flex-content-wrap\" style=\"--awb-flex-grow:0;--awb-flex-grow-medium:0;--awb-flex-grow-small:0;--awb-flex-shrink:0;--awb-flex-shrink-medium:0;--awb-flex-shrink-small:0;width:104% !important;max-width:104% !important;margin-left: calc(-4% \/ 2 );margin-right: calc(-4% \/ 2 );\"><div class=\"fusion-layout-column fusion_builder_column_inner fusion-builder-nested-column-0 fusion_builder_column_inner_2_5 2_5 fusion-flex-column\" style=\"--awb-bg-size:cover;--awb-width-large:40%;--awb-margin-top-large:0px;--awb-spacing-right-large:4.8%;--awb-margin-bottom-large:0px;--awb-spacing-left-large:4.8%;--awb-width-medium:100%;--awb-order-medium:0;--awb-spacing-right-medium:1.92%;--awb-spacing-left-medium:1.92%;--awb-width-small:100%;--awb-order-small:0;--awb-spacing-right-small:1.92%;--awb-spacing-left-small:1.92%;\"><div class=\"fusion-column-wrapper fusion-column-has-shadow fusion-flex-justify-content-flex-start fusion-content-layout-column\"><div class=\"fusion-image-element\" style=\"--awb-caption-title-font-family:var(--h2_typography-font-family);--awb-caption-title-font-weight:var(--h2_typography-font-weight);--awb-caption-title-font-style:var(--h2_typography-font-style);--awb-caption-title-size:var(--h2_typography-font-size);--awb-caption-title-transform:var(--h2_typography-text-transform);--awb-caption-title-line-height:var(--h2_typography-line-height);--awb-caption-title-letter-spacing:var(--h2_typography-letter-spacing);\"><span class=\"fusion-imageframe imageframe-none imageframe-1 hover-type-none\"><img decoding=\"async\" width=\"573\" height=\"436\" title=\"standard\" src=\"https:\/\/optimas.com\/wp-content\/uploads\/2024\/04\/standard.jpg\" alt class=\"img-responsive wp-image-11706\" srcset=\"https:\/\/optimas.com\/wp-content\/uploads\/2024\/04\/standard-200x152.jpg 200w, https:\/\/optimas.com\/wp-content\/uploads\/2024\/04\/standard-400x304.jpg 400w, https:\/\/optimas.com\/wp-content\/uploads\/2024\/04\/standard.jpg 573w\" sizes=\"(max-width: 1024px) 100vw, (max-width: 640px) 100vw, 573px\" \/><\/span><\/div><\/div><\/div><div class=\"fusion-layout-column fusion_builder_column_inner fusion-builder-nested-column-1 fusion_builder_column_inner_3_5 3_5 fusion-flex-column fusion-flex-align-self-center\" style=\"--awb-bg-size:cover;--awb-width-large:60%;--awb-margin-top-large:0px;--awb-spacing-right-large:3.2%;--awb-margin-bottom-large:0px;--awb-spacing-left-large:3.2%;--awb-width-medium:100%;--awb-order-medium:0;--awb-spacing-right-medium:1.92%;--awb-spacing-left-medium:1.92%;--awb-width-small:100%;--awb-order-small:0;--awb-spacing-right-small:1.92%;--awb-spacing-left-small:1.92%;\"><div class=\"fusion-column-wrapper fusion-column-has-shadow fusion-flex-justify-content-flex-start fusion-content-layout-column\"><div class=\"fusion-text fusion-text-1\"><div class=\"fusion-text fusion-text-1\">\n<h2>Global Standards Organizations<\/h2>\n<\/div>\n<div class=\"fusion-text fusion-text-2\">\n<p>Optimas est un fournisseur complet de solutions de cha\u00eene d&#039;approvisionnement et de fabrication. Avant de concevoir votre prochain produit ou de mettre \u00e0 jour un produit existant, envisagez de vous associer \u00e0 Optimas pour profiter de nos nombreuses capacit\u00e9s.<\/p>\n<\/div>\n<\/div><div class=\"fusion-separator fusion-full-width-sep\" style=\"align-self: center;margin-left: auto;margin-right: auto;margin-top:20px;margin-bottom:20px;width:100%;\"><\/div><div class=\"fusion-text fusion-text-2\"><p><a class=\"linkOrangeButton\" href=\"https:\/\/optimas.com\/fr_ca\/contact\/\">PARLEZ \u00c0 UN EXPERT<\/a><\/p>\n<\/div><\/div><\/div><\/div><\/div><\/div><\/div><\/div><div class=\"fusion-fullwidth fullwidth-box fusion-builder-row-3 fusion-flex-container has-pattern-background has-mask-background nonhundred-percent-fullwidth non-hundred-percent-height-scrolling\" style=\"--awb-border-radius-top-left:0px;--awb-border-radius-top-right:0px;--awb-border-radius-bottom-right:0px;--awb-border-radius-bottom-left:0px;--awb-flex-wrap:wrap;\" ><div class=\"fusion-builder-row fusion-row fusion-flex-align-items-flex-start fusion-flex-content-wrap\" style=\"max-width:104%;margin-left: calc(-4% \/ 2 );margin-right: calc(-4% \/ 2 );\"><div class=\"fusion-layout-column fusion_builder_column fusion-builder-column-2 fusion_builder_column_1_1 1_1 fusion-flex-column\" style=\"--awb-bg-size:cover;--awb-width-large:100%;--awb-margin-top-large:0px;--awb-spacing-right-large:1.92%;--awb-margin-bottom-large:20px;--awb-spacing-left-large:1.92%;--awb-width-medium:100%;--awb-order-medium:0;--awb-spacing-right-medium:1.92%;--awb-spacing-left-medium:1.92%;--awb-width-small:100%;--awb-order-small:0;--awb-spacing-right-small:1.92%;--awb-spacing-left-small:1.92%;\"><div class=\"fusion-column-wrapper fusion-column-has-shadow fusion-flex-justify-content-flex-start fusion-content-layout-column\"><div class=\"fusion-separator fusion-full-width-sep\" style=\"align-self: center;margin-left: auto;margin-right: auto;width:100%;\"><div class=\"fusion-separator-border sep-single sep-solid\" style=\"--awb-height:20px;--awb-amount:20px;border-color:#e0dede;border-top-width:1px;\"><\/div><\/div><\/div><\/div><\/div><\/div><div class=\"fusion-fullwidth fullwidth-box fusion-builder-row-4 fusion-flex-container has-pattern-background has-mask-background nonhundred-percent-fullwidth non-hundred-percent-height-scrolling\" style=\"--awb-border-radius-top-left:0px;--awb-border-radius-top-right:0px;--awb-border-radius-bottom-right:0px;--awb-border-radius-bottom-left:0px;--awb-flex-wrap:wrap;\" ><div class=\"fusion-builder-row fusion-row fusion-flex-align-items-flex-start fusion-flex-content-wrap\" style=\"max-width:104%;margin-left: calc(-4% \/ 2 );margin-right: calc(-4% \/ 2 );\"><div class=\"fusion-layout-column fusion_builder_column fusion-builder-column-3 fusion_builder_column_1_1 1_1 fusion-flex-column max1200\" style=\"--awb-bg-size:cover;--awb-width-large:100%;--awb-margin-top-large:0px;--awb-spacing-right-large:1.92%;--awb-margin-bottom-large:20px;--awb-spacing-left-large:1.92%;--awb-width-medium:100%;--awb-order-medium:0;--awb-spacing-right-medium:1.92%;--awb-spacing-left-medium:1.92%;--awb-width-small:100%;--awb-order-small:0;--awb-spacing-right-small:1.92%;--awb-spacing-left-small:1.92%;\"><div class=\"fusion-column-wrapper fusion-column-has-shadow fusion-flex-justify-content-flex-start fusion-content-layout-column\"><div class=\"fusion-separator fusion-full-width-sep\" style=\"align-self: center;margin-left: auto;margin-right: auto;margin-top:10px;margin-bottom:10px;width:100%;\"><\/div><div class=\"fusion-text fusion-text-3\"><p>Designation of organizations of different national standards.<\/p>\n<\/div><div class=\"fusion-separator fusion-full-width-sep\" style=\"align-self: center;margin-left: auto;margin-right: auto;margin-top:10px;margin-bottom:10px;width:100%;\"><\/div><\/div><\/div><div class=\"fusion-layout-column fusion_builder_column fusion-builder-column-4 fusion_builder_column_1_1 1_1 fusion-flex-column max1200\" style=\"--awb-bg-size:cover;--awb-width-large:100%;--awb-margin-top-large:0px;--awb-spacing-right-large:1.92%;--awb-margin-bottom-large:40px;--awb-spacing-left-large:1.92%;--awb-width-medium:100%;--awb-order-medium:0;--awb-spacing-right-medium:1.92%;--awb-spacing-left-medium:1.92%;--awb-width-small:100%;--awb-order-small:0;--awb-spacing-right-small:1.92%;--awb-spacing-left-small:1.92%;\"><div class=\"fusion-column-wrapper fusion-column-has-shadow fusion-flex-justify-content-flex-start fusion-content-layout-column\"><div class=\"fusion-text fusion-text-4\">\n<table id=\"tablepress-39\" class=\"tablepress tablepress-id-39\">\n<thead>\n<tr class=\"row-1\">\n\t<th class=\"column-1\">Pays<\/th><th class=\"column-2\">Abr\u00e9viation<\/th>\n<\/tr>\n<\/thead>\n<tbody class=\"row-striping row-hover\">\n<tr class=\"row-2\">\n\t<td class=\"column-1\">Alg\u00e9rie<\/td><td class=\"column-2\">IANOR<\/td>\n<\/tr>\n<tr class=\"row-3\">\n\t<td class=\"column-1\">Argentine<\/td><td class=\"column-2\">IRAM<\/td>\n<\/tr>\n<tr class=\"row-4\">\n\t<td class=\"column-1\">Australie<\/td><td class=\"column-2\">ISC<\/td>\n<\/tr>\n<tr class=\"row-5\">\n\t<td class=\"column-1\">L&#039;Autriche<\/td><td class=\"column-2\">SUR<\/td>\n<\/tr>\n<tr class=\"row-6\">\n\t<td class=\"column-1\">Bangladesh<\/td><td class=\"column-2\">BSTI<\/td>\n<\/tr>\n<tr class=\"row-7\">\n\t<td class=\"column-1\">Belgique<\/td><td class=\"column-2\">IBN<\/td>\n<\/tr>\n<tr class=\"row-8\">\n\t<td class=\"column-1\">Br\u00e9sil<\/td><td class=\"column-2\">ABNT<\/td>\n<\/tr>\n<tr class=\"row-9\">\n\t<td class=\"column-1\">Bulgarie<\/td><td class=\"column-2\">BDS<\/td>\n<\/tr>\n<tr class=\"row-10\">\n\t<td class=\"column-1\">Canada<\/td><td class=\"column-2\">CSC<\/td>\n<\/tr>\n<tr class=\"row-11\">\n\t<td class=\"column-1\">Chili<\/td><td class=\"column-2\">AUBERGE<\/td>\n<\/tr>\n<tr class=\"row-12\">\n\t<td class=\"column-1\">Chine<\/td><td class=\"column-2\">CSBTS<\/td>\n<\/tr>\n<tr class=\"row-13\">\n\t<td class=\"column-1\">Colombie<\/td><td class=\"column-2\">ICONTEC<\/td>\n<\/tr>\n<tr class=\"row-14\">\n\t<td class=\"column-1\">Cuba<\/td><td class=\"column-2\">NC<\/td>\n<\/tr>\n<tr class=\"row-15\">\n\t<td class=\"column-1\">Chypre<\/td><td class=\"column-2\">CYS<\/td>\n<\/tr>\n<tr class=\"row-16\">\n\t<td class=\"column-1\">R\u00e9publique tch\u00e8que<\/td><td class=\"column-2\">CSNI<\/td>\n<\/tr>\n<tr class=\"row-17\">\n\t<td class=\"column-1\">Danemark<\/td><td class=\"column-2\">DS<\/td>\n<\/tr>\n<tr class=\"row-18\">\n\t<td class=\"column-1\">Egypte<\/td><td class=\"column-2\">\u00c9OS<\/td>\n<\/tr>\n<tr class=\"row-19\">\n\t<td class=\"column-1\">Ethiopie<\/td><td class=\"column-2\">QSAE<\/td>\n<\/tr>\n<tr class=\"row-20\">\n\t<td class=\"column-1\">L&#039;Europe \uf0d7<\/td><td class=\"column-2\">FR<\/td>\n<\/tr>\n<tr class=\"row-21\">\n\t<td class=\"column-1\">Finlande<\/td><td class=\"column-2\">SFS<\/td>\n<\/tr>\n<tr class=\"row-22\">\n\t<td class=\"column-1\">France<\/td><td class=\"column-2\">AFNOR<\/td>\n<\/tr>\n<tr class=\"row-23\">\n\t<td class=\"column-1\">Allemagne<\/td><td class=\"column-2\">VACARME<\/td>\n<\/tr>\n<tr class=\"row-24\">\n\t<td class=\"column-1\">Ghana<\/td><td class=\"column-2\">GSB<\/td>\n<\/tr>\n<tr class=\"row-25\">\n\t<td class=\"column-1\">Gr\u00e8ce<\/td><td class=\"column-2\">\u00c9LOT<\/td>\n<\/tr>\n<tr class=\"row-26\">\n\t<td class=\"column-1\">Hongrie<\/td><td class=\"column-2\">MSZT<\/td>\n<\/tr>\n<tr class=\"row-27\">\n\t<td class=\"column-1\">Inde<\/td><td class=\"column-2\">BIS<\/td>\n<\/tr>\n<tr class=\"row-28\">\n\t<td class=\"column-1\">Indon\u00e9sie<\/td><td class=\"column-2\">BSN<\/td>\n<\/tr>\n<tr class=\"row-29\">\n\t<td class=\"column-1\">International<\/td><td class=\"column-2\">ISO<\/td>\n<\/tr>\n<tr class=\"row-30\">\n\t<td class=\"column-1\">L&#039;Iran<\/td><td class=\"column-2\">ISRI<\/td>\n<\/tr>\n<tr class=\"row-31\">\n\t<td class=\"column-1\">Irlande<\/td><td class=\"column-2\">AINS<\/td>\n<\/tr>\n<tr class=\"row-32\">\n\t<td class=\"column-1\">Isra\u00ebl<\/td><td class=\"column-2\">SII<\/td>\n<\/tr>\n<tr class=\"row-33\">\n\t<td class=\"column-1\">Italie<\/td><td class=\"column-2\">Uni<\/td>\n<\/tr>\n<tr class=\"row-34\">\n\t<td class=\"column-1\">Jama\u00efque<\/td><td class=\"column-2\">JBS<\/td>\n<\/tr>\n<tr class=\"row-35\">\n\t<td class=\"column-1\">Japon<\/td><td class=\"column-2\">JISC<\/td>\n<\/tr>\n<tr class=\"row-36\">\n\t<td class=\"column-1\">Kenya<\/td><td class=\"column-2\">KEBS<\/td>\n<\/tr>\n<tr class=\"row-37\">\n\t<td class=\"column-1\">Cor\u00e9e, Rep. D\u00e9m. de<\/td><td class=\"column-2\">CSK<\/td>\n<\/tr>\n<tr class=\"row-38\">\n\t<td class=\"column-1\">Cor\u00e9e, R\u00e9p. de<\/td><td class=\"column-2\">KATS<\/td>\n<\/tr>\n<tr class=\"row-39\">\n\t<td class=\"column-1\">Libye<\/td><td class=\"column-2\">LNCSM<\/td>\n<\/tr>\n<tr class=\"row-40\">\n\t<td class=\"column-1\">Malaisie<\/td><td class=\"column-2\">DSM<\/td>\n<\/tr>\n<tr class=\"row-41\">\n\t<td class=\"column-1\">Mexique<\/td><td class=\"column-2\">DGN<\/td>\n<\/tr>\n<tr class=\"row-42\">\n\t<td class=\"column-1\">Mongolie<\/td><td class=\"column-2\">MNCSM<\/td>\n<\/tr>\n<tr class=\"row-43\">\n\t<td class=\"column-1\">Maroc<\/td><td class=\"column-2\">SNIMA<\/td>\n<\/tr>\n<tr class=\"row-44\">\n\t<td class=\"column-1\">Pays-Bas<\/td><td class=\"column-2\">NEN<\/td>\n<\/tr>\n<tr class=\"row-45\">\n\t<td class=\"column-1\">Nouvelle-Z\u00e9lande<\/td><td class=\"column-2\">SNZ<\/td>\n<\/tr>\n<tr class=\"row-46\">\n\t<td class=\"column-1\">Nigeria<\/td><td class=\"column-2\">FILS<\/td>\n<\/tr>\n<tr class=\"row-47\">\n\t<td class=\"column-1\">Norv\u00e8ge<\/td><td class=\"column-2\">NSF<\/td>\n<\/tr>\n<tr class=\"row-48\">\n\t<td class=\"column-1\">Pakistan<\/td><td class=\"column-2\">psi<\/td>\n<\/tr>\n<tr class=\"row-49\">\n\t<td class=\"column-1\">Philippines<\/td><td class=\"column-2\">BPS<\/td>\n<\/tr>\n<tr class=\"row-50\">\n\t<td class=\"column-1\">Pologne<\/td><td class=\"column-2\">PKN<\/td>\n<\/tr>\n<tr class=\"row-51\">\n\t<td class=\"column-1\">le Portugal<\/td><td class=\"column-2\">IPQ<\/td>\n<\/tr>\n<tr class=\"row-52\">\n\t<td class=\"column-1\">Roumanie<\/td><td class=\"column-2\">ASSRO<\/td>\n<\/tr>\n<tr class=\"row-53\">\n\t<td class=\"column-1\">Russie<\/td><td class=\"column-2\">GOST<\/td>\n<\/tr>\n<tr class=\"row-54\">\n\t<td class=\"column-1\">Arabie Saoudite<\/td><td class=\"column-2\">SASO<\/td>\n<\/tr>\n<tr class=\"row-55\">\n\t<td class=\"column-1\">Singapour<\/td><td class=\"column-2\">PSB<\/td>\n<\/tr>\n<tr class=\"row-56\">\n\t<td class=\"column-1\">Afrique du Sud, R\u00e9p. de<\/td><td class=\"column-2\">SABS<\/td>\n<\/tr>\n<tr class=\"row-57\">\n\t<td class=\"column-1\">Espagne<\/td><td class=\"column-2\">A\u00c9NOR<\/td>\n<\/tr>\n<tr class=\"row-58\">\n\t<td class=\"column-1\">Sri Lanka<\/td><td class=\"column-2\">SLSI<\/td>\n<\/tr>\n<tr class=\"row-59\">\n\t<td class=\"column-1\">Su\u00e8de<\/td><td class=\"column-2\">SIS<\/td>\n<\/tr>\n<tr class=\"row-60\">\n\t<td class=\"column-1\">Suisse<\/td><td class=\"column-2\">SNV<\/td>\n<\/tr>\n<tr class=\"row-61\">\n\t<td class=\"column-1\">Syrie<\/td><td class=\"column-2\">SASMO<\/td>\n<\/tr>\n<tr class=\"row-62\">\n\t<td class=\"column-1\">Tanzanie<\/td><td class=\"column-2\">SCT<\/td>\n<\/tr>\n<tr class=\"row-63\">\n\t<td class=\"column-1\">Tha\u00eflande<\/td><td class=\"column-2\">TISI<\/td>\n<\/tr>\n<tr class=\"row-64\">\n\t<td class=\"column-1\">Trinit\u00e9-et-Tobago<\/td><td class=\"column-2\">TTBS<\/td>\n<\/tr>\n<tr class=\"row-65\">\n\t<td class=\"column-1\">Turquie<\/td><td class=\"column-2\">EST<\/td>\n<\/tr>\n<tr class=\"row-66\">\n\t<td class=\"column-1\">Royaume-Uni<\/td><td class=\"column-2\">BSI<\/td>\n<\/tr>\n<tr class=\"row-67\">\n\t<td class=\"column-1\">Etats-Unis<\/td><td class=\"column-2\">ANSI<\/td>\n<\/tr>\n<tr class=\"row-68\">\n\t<td class=\"column-1\">Ouzb\u00e9kistan<\/td><td class=\"column-2\">OUZGOST<\/td>\n<\/tr>\n<tr class=\"row-69\">\n\t<td class=\"column-1\">Venezuela<\/td><td class=\"column-2\">FONDONORMA<\/td>\n<\/tr>\n<tr class=\"row-70\">\n\t<td class=\"column-1\">Vi\u00eat Nam<\/td><td class=\"column-2\">TCVN<\/td>\n<\/tr>\n<\/tbody>\n<\/table>\n<!-- #tablepress-39 from cache -->\n<\/div><\/div><\/div><\/div><\/div><div class=\"fusion-fullwidth fullwidth-box fusion-builder-row-5 fusion-flex-container has-pattern-background has-mask-background nonhundred-percent-fullwidth non-hundred-percent-height-scrolling\" style=\"--awb-border-radius-top-left:0px;--awb-border-radius-top-right:0px;--awb-border-radius-bottom-right:0px;--awb-border-radius-bottom-left:0px;--awb-background-color:var(--awb-custom10);--awb-flex-wrap:wrap;\" ><div class=\"fusion-builder-row fusion-row fusion-flex-align-items-flex-start fusion-flex-content-wrap\" style=\"max-width:104%;margin-left: calc(-4% \/ 2 );margin-right: calc(-4% \/ 2 );\"><div class=\"fusion-layout-column fusion_builder_column fusion-builder-column-5 fusion_builder_column_1_1 1_1 fusion-flex-column max1200\" style=\"--awb-padding-top:35px;--awb-padding-bottom:35px;--awb-bg-size:cover;--awb-width-large:100%;--awb-margin-top-large:0px;--awb-spacing-right-large:1.92%;--awb-margin-bottom-large:0px;--awb-spacing-left-large:1.92%;--awb-width-medium:100%;--awb-order-medium:0;--awb-spacing-right-medium:1.92%;--awb-spacing-left-medium:1.92%;--awb-width-small:100%;--awb-order-small:0;--awb-spacing-right-small:1.92%;--awb-spacing-left-small:1.92%;\"><div class=\"fusion-column-wrapper fusion-column-has-shadow fusion-flex-justify-content-flex-start fusion-content-layout-column\"><div class=\"fusion-builder-row fusion-builder-row-inner fusion-row fusion-flex-align-items-flex-start fusion-flex-content-wrap\" style=\"--awb-flex-grow:0;--awb-flex-grow-medium:0;--awb-flex-grow-small:0;--awb-flex-shrink:0;--awb-flex-shrink-medium:0;--awb-flex-shrink-small:0;width:104% !important;max-width:104% !important;margin-left: calc(-4% \/ 2 );margin-right: calc(-4% \/ 2 );\"><div class=\"fusion-layout-column fusion_builder_column_inner fusion-builder-nested-column-2 fusion_builder_column_inner_2_3 2_3 fusion-flex-column\" style=\"--awb-bg-size:cover;--awb-width-large:66.6666666667%;--awb-margin-top-large:0px;--awb-spacing-right-large:2.88%;--awb-margin-bottom-large:0px;--awb-spacing-left-large:2.88%;--awb-width-medium:100%;--awb-order-medium:0;--awb-spacing-right-medium:1.92%;--awb-spacing-left-medium:1.92%;--awb-width-small:100%;--awb-order-small:0;--awb-spacing-right-small:1.92%;--awb-spacing-left-small:1.92%;\"><div class=\"fusion-column-wrapper fusion-column-has-shadow fusion-flex-justify-content-flex-start fusion-content-layout-column\"><div class=\"fusion-text fusion-text-5\"><p style=\"font-size: 30px; color: #fff;\">Laissez-nous vous aider \u00e0 trouver des gains d&#039;efficacit\u00e9<\/p>\n<\/div><\/div><\/div><div class=\"fusion-layout-column fusion_builder_column_inner fusion-builder-nested-column-3 fusion_builder_column_inner_1_3 1_3 fusion-flex-column fusion-flex-align-self-center\" style=\"--awb-bg-size:cover;--awb-width-large:33.3333333333%;--awb-margin-top-large:0px;--awb-spacing-right-large:5.76%;--awb-margin-bottom-large:0px;--awb-spacing-left-large:5.76%;--awb-width-medium:100%;--awb-order-medium:0;--awb-spacing-right-medium:1.92%;--awb-spacing-left-medium:1.92%;--awb-width-small:100%;--awb-order-small:0;--awb-spacing-right-small:1.92%;--awb-spacing-left-small:1.92%;\"><div class=\"fusion-column-wrapper fusion-column-has-shadow fusion-flex-justify-content-center fusion-content-layout-column\"><div class=\"fusion-text fusion-text-6\"><p><a class=\"linkSpeakExpert\" href=\"https:\/\/optimas.com\/fr_ca\/contact\/\">NOUS CONTACTER<\/a><\/p>\n<\/div><\/div><\/div><\/div><\/div><\/div><\/div><\/div><\/p>","protected":false},"excerpt":{"rendered":"","protected":false},"author":38,"featured_media":11706,"parent":11686,"menu_order":0,"comment_status":"closed","ping_status":"closed","template":"","meta":{"_acf_changed":false,"content-type":"","footnotes":""},"class_list":["post-11941","page","type-page","status-publish","has-post-thumbnail","hentry"],"acf":[],"_links":{"self":[{"href":"https:\/\/optimas.com\/fr_ca\/wp-json\/wp\/v2\/pages\/11941","targetHints":{"allow":["GET"]}}],"collection":[{"href":"https:\/\/optimas.com\/fr_ca\/wp-json\/wp\/v2\/pages"}],"about":[{"href":"https:\/\/optimas.com\/fr_ca\/wp-json\/wp\/v2\/types\/page"}],"author":[{"embeddable":true,"href":"https:\/\/optimas.com\/fr_ca\/wp-json\/wp\/v2\/users\/38"}],"replies":[{"embeddable":true,"href":"https:\/\/optimas.com\/fr_ca\/wp-json\/wp\/v2\/comments?post=11941"}],"version-history":[{"count":0,"href":"https:\/\/optimas.com\/fr_ca\/wp-json\/wp\/v2\/pages\/11941\/revisions"}],"up":[{"embeddable":true,"href":"https:\/\/optimas.com\/fr_ca\/wp-json\/wp\/v2\/pages\/11686"}],"wp:featuredmedia":[{"embeddable":true,"href":"https:\/\/optimas.com\/fr_ca\/wp-json\/wp\/v2\/media\/11706"}],"wp:attachment":[{"href":"https:\/\/optimas.com\/fr_ca\/wp-json\/wp\/v2\/media?parent=11941"}],"curies":[{"name":"wp","href":"https:\/\/api.w.org\/{rel}","templated":true}]}}