{"id":1321,"date":"2019-11-19T21:09:59","date_gmt":"2019-11-19T21:09:59","guid":{"rendered":"https:\/\/optimas.com\/?page_id=1321"},"modified":"2024-11-15T10:19:15","modified_gmt":"2024-11-15T16:19:15","slug":"engineered-fasteners","status":"publish","type":"page","link":"https:\/\/optimas.com\/fr_ca\/products\/engineered-fasteners\/","title":{"rendered":"Attaches techniques"},"content":{"rendered":"<p><div class=\"fusion-fullwidth fullwidth-box fusion-builder-row-1 nonhundred-percent-fullwidth non-hundred-percent-height-scrolling firstSection centerMobile\" style=\"--awb-border-radius-top-left:0px;--awb-border-radius-top-right:0px;--awb-border-radius-bottom-right:0px;--awb-border-radius-bottom-left:0px;--awb-padding-bottom:0px;--awb-flex-wrap:wrap;\" ><div class=\"fusion-builder-row fusion-row\"><div class=\"fusion-layout-column fusion_builder_column fusion-builder-column-0 fusion_builder_column_1_1 1_1 fusion-one-full fusion-column-first fusion-column-last max1200\" style=\"--awb-bg-size:cover;\"><div class=\"fusion-column-wrapper fusion-column-has-shadow fusion-flex-column-wrapper-legacy\"><div class=\"fusion-builder-row fusion-builder-row-inner fusion-row\"><div class=\"fusion-layout-column fusion_builder_column_inner fusion-builder-nested-column-0 fusion_builder_column_inner_2_5 2_5 fusion-two-fifth fusion-column-first\" style=\"--awb-bg-size:cover;width:40%;width:calc(40% - ( ( 4% ) * 0.4 ) );margin-right: 4%;\"><div class=\"fusion-column-wrapper fusion-column-has-shadow fusion-flex-column-wrapper-legacy\"><div class=\"fusion-image-element fusion-image-align-center in-legacy-container\" style=\"text-align:center;--awb-caption-title-font-family:var(--h2_typography-font-family);--awb-caption-title-font-weight:var(--h2_typography-font-weight);--awb-caption-title-font-style:var(--h2_typography-font-style);--awb-caption-title-size:var(--h2_typography-font-size);--awb-caption-title-transform:var(--h2_typography-text-transform);--awb-caption-title-line-height:var(--h2_typography-line-height);--awb-caption-title-letter-spacing:var(--h2_typography-letter-spacing);\"><div class=\"imageframe-align-center\"><span class=\"fusion-imageframe imageframe-none imageframe-1 hover-type-none\"><img decoding=\"async\" width=\"573\" height=\"436\" alt=\"Solutions de fixation techniques\" src=\"https:\/\/optimas.com\/wp-content\/uploads\/2019\/11\/engin.jpg\" class=\"img-responsive wp-image-1525\" srcset=\"https:\/\/optimas.com\/wp-content\/uploads\/2019\/11\/engin-200x152.jpg 200w, https:\/\/optimas.com\/wp-content\/uploads\/2019\/11\/engin-400x304.jpg 400w, https:\/\/optimas.com\/wp-content\/uploads\/2019\/11\/engin.jpg 573w\" sizes=\"(max-width: 800px) 100vw, 573px\" \/><\/span><\/div><\/div><div class=\"fusion-clearfix\"><\/div><\/div><\/div><div class=\"fusion-layout-column fusion_builder_column_inner fusion-builder-nested-column-1 fusion_builder_column_inner_3_5 3_5 fusion-three-fifth fusion-column-last\" style=\"--awb-bg-size:cover;width:60%;width:calc(60% - ( ( 4% ) * 0.6 ) );\"><div class=\"fusion-column-wrapper fusion-column-has-shadow fusion-flex-column-wrapper-legacy\"><div class=\"fusion-text fusion-text-1\"><h1 style=\"font-size: 30px!important; color: #56565b!important;\">SOLUTIONS DE FIXATION TECHNIQUES<\/h1>\n<p>Lorsque les exigences de votre produit d\u00e9passent ce que le mat\u00e9riel standard peut r\u00e9pondre.<\/p>\n<\/div><div class=\"fusion-sep-clear\"><\/div><div class=\"fusion-separator fusion-full-width-sep\" style=\"margin-left: auto;margin-right: auto;margin-top:40px;width:100%;\"><\/div><div class=\"fusion-sep-clear\"><\/div><div class=\"fusion-text fusion-text-2\"><p><a class=\"linkOrangeButton\" href=\"https:\/\/optimas.com\/fr_ca\/contact\/\">OBTENEZ UNE CONSULTATION TECHNIQUE<\/a><\/p>\n<\/div><div class=\"fusion-clearfix\"><\/div><\/div><\/div><\/div><div class=\"fusion-clearfix\"><\/div><\/div><\/div><\/div><\/div><div class=\"fusion-fullwidth fullwidth-box fusion-builder-row-2 nonhundred-percent-fullwidth non-hundred-percent-height-scrolling\" style=\"--awb-border-radius-top-left:0px;--awb-border-radius-top-right:0px;--awb-border-radius-bottom-right:0px;--awb-border-radius-bottom-left:0px;--awb-background-color:#80bc00;--awb-flex-wrap:wrap;\" ><div class=\"fusion-builder-row fusion-row\"><div class=\"fusion-layout-column fusion_builder_column fusion-builder-column-1 fusion_builder_column_1_1 1_1 fusion-one-full fusion-column-first fusion-column-last max1200\" style=\"--awb-padding-top:35px;--awb-padding-right:10px;--awb-padding-bottom:35px;--awb-padding-left:10px;--awb-bg-size:cover;--awb-margin-bottom:0px;\"><div class=\"fusion-column-wrapper fusion-column-has-shadow fusion-flex-column-wrapper-legacy\"><div class=\"fusion-text fusion-text-3\"><p style=\"text-align: center;\"><span style=\"color: #ffffff; font-size: 25px!important;\">Expertise et technologie pour r\u00e9pondre \u00e0 vos exigences de conception uniques et \u00e0 vos besoins d&#039;assemblage, des pi\u00e8ces hautement techniques aux op\u00e9rations secondaires en passant par les mat\u00e9riaux exotiques.<\/span><\/p>\n<\/div><div class=\"fusion-clearfix\"><\/div><\/div><\/div><\/div><\/div><div class=\"fusion-fullwidth fullwidth-box fusion-builder-row-3 nonhundred-percent-fullwidth non-hundred-percent-height-scrolling\" style=\"--awb-border-radius-top-left:0px;--awb-border-radius-top-right:0px;--awb-border-radius-bottom-right:0px;--awb-border-radius-bottom-left:0px;--awb-padding-bottom:50px;--awb-margin-top:50px;--awb-flex-wrap:wrap;\" ><div class=\"fusion-builder-row fusion-row\"><div class=\"fusion-layout-column fusion_builder_column fusion-builder-column-2 fusion_builder_column_1_1 1_1 fusion-one-full fusion-column-first fusion-column-last max1200\" style=\"--awb-bg-size:cover;\"><div class=\"fusion-column-wrapper fusion-column-has-shadow fusion-flex-column-wrapper-legacy\"><div class=\"fusion-builder-row fusion-builder-row-inner fusion-row\"><div class=\"fusion-layout-column fusion_builder_column_inner fusion-builder-nested-column-2 fusion_builder_column_inner_3_4 3_4 fusion-three-fourth fusion-column-first rightBorder\" style=\"--awb-bg-size:cover;width:75%;width:calc(75% - ( ( 4% ) * 0.75 ) );margin-right: 4%;\"><div class=\"fusion-column-wrapper fusion-column-has-shadow fusion-flex-column-wrapper-legacy\"><div class=\"fusion-image-element fusion-image-align-left in-legacy-container\" style=\"text-align:left;--awb-caption-title-font-family:var(--h2_typography-font-family);--awb-caption-title-font-weight:var(--h2_typography-font-weight);--awb-caption-title-font-style:var(--h2_typography-font-style);--awb-caption-title-size:var(--h2_typography-font-size);--awb-caption-title-transform:var(--h2_typography-text-transform);--awb-caption-title-line-height:var(--h2_typography-line-height);--awb-caption-title-letter-spacing:var(--h2_typography-letter-spacing);\"><span class=\"fusion-imageframe imageframe-none imageframe-2 hover-type-none\" style=\"margin-right:25px;float:left;\"><img decoding=\"async\" width=\"848\" height=\"205\" alt=\"Solutions de fixation assorties\" src=\"https:\/\/optimas.com\/wp-content\/uploads\/2019\/11\/fastening.jpg\" class=\"img-responsive wp-image-1539\" srcset=\"https:\/\/optimas.com\/wp-content\/uploads\/2019\/11\/fastening-200x48.jpg 200w, https:\/\/optimas.com\/wp-content\/uploads\/2019\/11\/fastening-400x97.jpg 400w, https:\/\/optimas.com\/wp-content\/uploads\/2019\/11\/fastening-600x145.jpg 600w, https:\/\/optimas.com\/wp-content\/uploads\/2019\/11\/fastening-800x193.jpg 800w, https:\/\/optimas.com\/wp-content\/uploads\/2019\/11\/fastening.jpg 848w\" sizes=\"(max-width: 800px) 100vw, 848px\" \/><\/span><\/div><div class=\"fusion-sep-clear\"><\/div><div class=\"fusion-separator fusion-full-width-sep\" style=\"margin-left: auto;margin-right: auto;margin-top:40px;width:100%;\"><\/div><div class=\"fusion-sep-clear\"><\/div><div class=\"fusion-text fusion-text-4\"><h2 style=\"color: #00a0df;\">PI\u00c8CES FABRIQU\u00c9ES SUR MESURE<\/h2>\n<p>Nos ing\u00e9nieurs travaillent avec vous pour concevoir la solution adapt\u00e9e \u00e0 vos besoins. Nous produisons ensuite la pi\u00e8ce gr\u00e2ce \u00e0 notre <a class=\"linkOrange\" href=\"https:\/\/optimas.com\/fr_ca\/products-and-technology\/world-class-manufacturing\/\">Fabrication de classe mondiale<\/a> usines sp\u00e9cialis\u00e9es dans le forgeage \u00e0 froid. <span style=\"color: var(--awb-text-color); font-family: var(--awb-text-font-family); font-size: var(--awb-font-size); letter-spacing: var(--awb-letter-spacing); text-align: var(--awb-content-alignment); text-transform: var(--awb-text-transform); background-color: var(--awb-bg-color);\">En tant qu&#039;une des meilleures entreprises de fixations con\u00e7ues sur mesure, Optimas est fi\u00e8re de concevoir les pi\u00e8ces et les solutions de fixation adapt\u00e9es \u00e0 votre entreprise.<\/span><\/p>\n<\/div><div class=\"fusion-sep-clear\"><\/div><div class=\"fusion-separator fusion-full-width-sep\" style=\"margin-left: auto;margin-right: auto;margin-top:40px;width:100%;\"><\/div><div class=\"fusion-sep-clear\"><\/div><div class=\"fusion-text fusion-text-5\"><h2 style=\"color: #00a0df;\">PI\u00c8CES D&#039;ING\u00c9NIERIE<\/h2>\n<p>Nous collaborons avec vous et nos <a class=\"linkOrange\" href=\"https:\/\/optimas.com\/fr_ca\/value-added-services\/minimize-your-supply-chain-risk\/\">r\u00e9seau mondial de fournisseurs<\/a> pour concevoir la bonne solution de fixation adapt\u00e9e \u00e0 votre application :<\/p>\n<ul>\n<li>Pinces \u00e0 usage intensif et l\u00e9ger<\/li>\n<li>Raccords hydrauliques et pneumatiques<\/li>\n<li>Goupilles, longes et assemblages de goupilles<\/li>\n<li>Produits de moulage par injection de m\u00e9tal en poudre et de m\u00e9tal<\/li>\n<li>Estampages<\/li>\n<\/ul>\n<p>Lorsque vous vous associez \u00e0 Optimas, nous travaillerons ensemble pour trouver la meilleure solution d&#039;ing\u00e9nierie de fixation pour vos besoins.<\/p>\n<\/div><div class=\"fusion-sep-clear\"><\/div><div class=\"fusion-separator fusion-full-width-sep\" style=\"margin-left: auto;margin-right: auto;margin-top:25px;width:100%;\"><\/div><div class=\"fusion-sep-clear\"><\/div><div class=\"fusion-text fusion-text-6\"><h2 style=\"color: #00a0df;\">FINITIONS ET OP\u00c9RATIONS SECONDAIRES<\/h2>\n<ul>\n<li>\n<p>Nous pouvons vous aider \u00e0 sp\u00e9cifier et \u00e0 d\u00e9velopper des syst\u00e8mes de rev\u00eatement pour r\u00e9pondre \u00e0 vos besoins dans des domaines tels que la protection contre la corrosion, le pouvoir lubrifiant et la r\u00e9sistance aux ultraviolets (par exemple Dip Spin, Electrocoat, Zinc et Topcoat). Nos services de conception et d&#039;ing\u00e9nierie peuvent couvrir une grande vari\u00e9t\u00e9 d&#039;applications. <\/p>\n<\/li>\n<li>Nous pouvons faire passer vos composants usin\u00e9s par des op\u00e9rations secondaires telles que le tournage, le meulage, le per\u00e7age et le rasage<\/li>\n<li>\n<p>Dans le prolongement de nos solutions de conception et d&#039;ing\u00e9nierie, Optimas propose la mise en kit et l&#039;assemblage pour r\u00e9duire les co\u00fbts de main-d&#039;\u0153uvre et augmenter l&#039;efficacit\u00e9. <\/p>\n<\/li>\n<\/ul>\n<\/div><div class=\"fusion-sep-clear\"><\/div><div class=\"fusion-separator fusion-full-width-sep\" style=\"margin-left: auto;margin-right: auto;margin-top:25px;width:100%;\"><\/div><div class=\"fusion-sep-clear\"><\/div><div class=\"fusion-text fusion-text-7\"><h2 style=\"color: #00a0df;\">MATI\u00c8RES EXOTIQUES<\/h2>\n<ul>\n<li>Optimas propose des mat\u00e9riaux alli\u00e9s sp\u00e9ciaux qui fonctionnent dans des environnements \u00e0 haute temp\u00e9rature, sous z\u00e9ro, \u00e0 forte contrainte et \u00e0 forte corrosion. <\/li>\n<\/ul>\n<\/div><div class=\"fusion-sep-clear\"><\/div><div class=\"fusion-separator fusion-full-width-sep\" style=\"margin-left: auto;margin-right: auto;margin-top:15px;width:100%;\"><\/div><div class=\"fusion-sep-clear\"><\/div><div class=\"fusion-text fusion-text-8\"><p style=\"font-size: 16px !important;\">CECI EST UN APER\u00c7U DE NOTRE OFFRE DE PRODUITS<\/p>\n<\/div><div class=\"fusion-clearfix\"><\/div><\/div><\/div><div class=\"fusion-layout-column fusion_builder_column_inner fusion-builder-nested-column-3 fusion_builder_column_inner_1_4 1_4 fusion-one-fourth fusion-column-last stickyColumn\" style=\"--awb-bg-size:cover;width:25%;width:calc(25% - ( ( 4% ) * 0.25 ) );\"><div class=\"fusion-column-wrapper fusion-column-has-shadow fusion-flex-column-wrapper-legacy\"><div class=\"fusion-text fusion-text-9\"><h2 style=\"color: #00a0df;\">LIENS CONNEXES<\/h2>\n<\/div><div class=\"fusion-text fusion-text-10\"><h4>Fabriquez vos pi\u00e8ces sur mesure<\/h4>\n<p><a class=\"linkOrange\" href=\"\/fr_ca\/products-and-technology\/world-class-manufacturing\/\">&gt; EN SAVOIR PLUS<\/a><\/p>\n<\/div><div class=\"fusion-sep-clear\"><\/div><div class=\"fusion-separator fusion-full-width-sep\" style=\"margin-left: auto;margin-right: auto;margin-top:20px;width:100%;\"><\/div><div class=\"fusion-sep-clear\"><\/div><div class=\"fusion-text fusion-text-11\"><h4>Expertise en conception technique<\/h4>\n<p><a class=\"linkOrange\" href=\"\/fr_ca\/value-added-services\/optimize-your-inventory\/engineering-services\/\">&gt; EN SAVOIR PLUS<\/a><\/p>\n<\/div><div class=\"fusion-sep-clear\"><\/div><div class=\"fusion-separator fusion-full-width-sep\" style=\"margin-left: auto;margin-right: auto;margin-top:20px;width:100%;\"><\/div><div class=\"fusion-sep-clear\"><\/div><div class=\"fusion-text fusion-text-12\"><h4>La pi\u00e8ce repens\u00e9e permet d&#039;\u00e9conomiser $120 000<\/h4>\n<p><a class=\"linkOrange\" href=\"https:\/\/optimas.com\/fr_ca\/resources\/redesigned-part-saves-120000-and-improves-lead-times\/\">&gt; LIRE L&#039;\u00c9TUDE CASY<\/a><\/p>\n<\/div><div class=\"fusion-sep-clear\"><\/div><div class=\"fusion-separator fusion-full-width-sep\" style=\"margin-left: auto;margin-right: auto;margin-top:20px;width:100%;\"><\/div><div class=\"fusion-sep-clear\"><\/div><div class=\"fusion-text fusion-text-13\" style=\"--awb-text-transform:none;\"><h4>Brochure d&#039;ing\u00e9nierie<\/h4>\n<p><a class=\"linkOrange\" href=\"https:\/\/optimas.com\/wp-content\/uploads\/2022\/03\/Engineering-Sell-Sheet-3-14-22.pdf\" target=\"_blank\" rel=\"noopener\">&gt; T\u00c9L\u00c9CHARGER MAINTENANT<\/a><\/p>\n<\/div><div class=\"fusion-sep-clear\"><\/div><div class=\"fusion-separator fusion-full-width-sep\" style=\"margin-left: auto;margin-right: auto;margin-top:20px;width:100%;\"><\/div><div class=\"fusion-sep-clear\"><\/div><div class=\"fusion-text fusion-text-14\" style=\"--awb-text-transform:none;\"><h4>Brochure d&#039;impression 3D<\/h4>\n<p><a class=\"linkOrange\" href=\"https:\/\/optimas.com\/wp-content\/uploads\/2023\/03\/3DPrinting-Sell-Sheet-FINAL-5-12-21.pdf\" target=\"_blank\" rel=\"noopener\">&gt; T\u00c9L\u00c9CHARGER MAINTENANT<\/a><\/p>\n<\/div><div class=\"fusion-clearfix\"><\/div><\/div><\/div><\/div><div class=\"fusion-clearfix\"><\/div><\/div><\/div><\/div><\/div><div class=\"fusion-fullwidth fullwidth-box fusion-builder-row-4 nonhundred-percent-fullwidth non-hundred-percent-height-scrolling getStarted\" style=\"--awb-border-radius-top-left:0px;--awb-border-radius-top-right:0px;--awb-border-radius-bottom-right:0px;--awb-border-radius-bottom-left:0px;--awb-padding-top:70px;--awb-padding-bottom:70px;--awb-background-color:#54565a;--awb-flex-wrap:wrap;\" ><div class=\"fusion-builder-row fusion-row\"><div class=\"fusion-layout-column fusion_builder_column fusion-builder-column-3 fusion_builder_column_1_1 1_1 fusion-one-full fusion-column-first fusion-column-last max1200\" style=\"--awb-bg-size:cover;\"><div class=\"fusion-column-wrapper fusion-column-has-shadow fusion-flex-column-wrapper-legacy\"><div class=\"fusion-builder-row fusion-builder-row-inner fusion-row\"><div class=\"fusion-layout-column fusion_builder_column_inner fusion-builder-nested-column-4 fusion_builder_column_inner_3_5 3_5 fusion-three-fifth fusion-column-first\" style=\"--awb-bg-size:cover;--awb-margin-bottom:0px;width:60%;width:calc(60% - ( ( 4% ) * 0.6 ) );margin-right: 4%;\"><div class=\"fusion-column-wrapper fusion-column-has-shadow fusion-flex-column-wrapper-legacy\"><div class=\"fusion-text fusion-text-15\" style=\"--awb-font-size:36px;--awb-text-font-family:&quot;WhitneyBold&quot;;--awb-text-font-style:normal;--awb-text-font-weight:400;\"><p style=\"color: #fff;\">Obtenez la pi\u00e8ce personnalis\u00e9e dont vous avez besoin<\/p>\n<\/div><div class=\"fusion-clearfix\"><\/div><\/div><\/div><div class=\"fusion-layout-column fusion_builder_column_inner fusion-builder-nested-column-5 fusion_builder_column_inner_2_5 2_5 fusion-two-fifth fusion-column-last\" style=\"--awb-bg-size:cover;--awb-margin-bottom:0px;width:40%;width:calc(40% - ( ( 4% ) * 0.4 ) );\"><div class=\"fusion-column-wrapper fusion-column-has-shadow fusion-flex-column-wrapper-legacy\"><div class=\"fusion-text fusion-text-16\"><p><a class=\"linkSpeakExpert\" href=\"https:\/\/optimas.com\/fr_ca\/contact\/\">PARLEZ \u00c0 UN EXPERT<\/a><\/p>\n<\/div><div class=\"fusion-clearfix\"><\/div><\/div><\/div><\/div><div class=\"fusion-clearfix\"><\/div><\/div><\/div><\/div><\/div><\/p>","protected":false},"excerpt":{"rendered":"","protected":false},"author":1,"featured_media":1525,"parent":14327,"menu_order":0,"comment_status":"closed","ping_status":"closed","template":"","meta":{"_acf_changed":false,"content-type":"","footnotes":""},"class_list":["post-1321","page","type-page","status-publish","has-post-thumbnail","hentry"],"acf":[],"_links":{"self":[{"href":"https:\/\/optimas.com\/fr_ca\/wp-json\/wp\/v2\/pages\/1321","targetHints":{"allow":["GET"]}}],"collection":[{"href":"https:\/\/optimas.com\/fr_ca\/wp-json\/wp\/v2\/pages"}],"about":[{"href":"https:\/\/optimas.com\/fr_ca\/wp-json\/wp\/v2\/types\/page"}],"author":[{"embeddable":true,"href":"https:\/\/optimas.com\/fr_ca\/wp-json\/wp\/v2\/users\/1"}],"replies":[{"embeddable":true,"href":"https:\/\/optimas.com\/fr_ca\/wp-json\/wp\/v2\/comments?post=1321"}],"version-history":[{"count":0,"href":"https:\/\/optimas.com\/fr_ca\/wp-json\/wp\/v2\/pages\/1321\/revisions"}],"up":[{"embeddable":true,"href":"https:\/\/optimas.com\/fr_ca\/wp-json\/wp\/v2\/pages\/14327"}],"wp:featuredmedia":[{"embeddable":true,"href":"https:\/\/optimas.com\/fr_ca\/wp-json\/wp\/v2\/media\/1525"}],"wp:attachment":[{"href":"https:\/\/optimas.com\/fr_ca\/wp-json\/wp\/v2\/media?parent=1321"}],"curies":[{"name":"wp","href":"https:\/\/api.w.org\/{rel}","templated":true}]}}