{"id":1357,"date":"2019-11-20T16:54:18","date_gmt":"2019-11-20T16:54:18","guid":{"rendered":"https:\/\/optimas.com\/?page_id=1357"},"modified":"2025-02-24T08:35:07","modified_gmt":"2025-02-24T14:35:07","slug":"standard-fasteners","status":"publish","type":"page","link":"https:\/\/optimas.com\/fr_ca\/products\/standard-fasteners\/","title":{"rendered":"Attaches standards"},"content":{"rendered":"<p><div class=\"fusion-fullwidth fullwidth-box fusion-builder-row-1 nonhundred-percent-fullwidth non-hundred-percent-height-scrolling firstSection centerMobile\" style=\"--awb-border-radius-top-left:0px;--awb-border-radius-top-right:0px;--awb-border-radius-bottom-right:0px;--awb-border-radius-bottom-left:0px;--awb-padding-bottom:50px;--awb-flex-wrap:wrap;\" ><div class=\"fusion-builder-row fusion-row\"><div class=\"fusion-layout-column fusion_builder_column fusion-builder-column-0 fusion_builder_column_1_1 1_1 fusion-one-full fusion-column-first fusion-column-last max1200\" style=\"--awb-bg-size:cover;\"><div class=\"fusion-column-wrapper fusion-column-has-shadow fusion-flex-column-wrapper-legacy\"><div class=\"fusion-builder-row fusion-builder-row-inner fusion-row\"><div class=\"fusion-layout-column fusion_builder_column_inner fusion-builder-nested-column-0 fusion_builder_column_inner_2_5 2_5 fusion-two-fifth fusion-column-first\" style=\"--awb-bg-size:cover;width:40%;width:calc(40% - ( ( 4% ) * 0.4 ) );margin-right: 4%;\"><div class=\"fusion-column-wrapper fusion-column-has-shadow fusion-flex-column-wrapper-legacy\"><div class=\"fusion-image-element fusion-image-align-center in-legacy-container\" style=\"text-align:center;--awb-caption-title-font-family:var(--h2_typography-font-family);--awb-caption-title-font-weight:var(--h2_typography-font-weight);--awb-caption-title-font-style:var(--h2_typography-font-style);--awb-caption-title-size:var(--h2_typography-font-size);--awb-caption-title-transform:var(--h2_typography-text-transform);--awb-caption-title-line-height:var(--h2_typography-line-height);--awb-caption-title-letter-spacing:var(--h2_typography-letter-spacing);\"><div class=\"imageframe-align-center\"><span class=\"fusion-imageframe imageframe-none imageframe-1 hover-type-none\"><img decoding=\"async\" width=\"573\" height=\"436\" alt=\"Solutions de fixation standard\" src=\"https:\/\/optimas.com\/wp-content\/uploads\/2019\/11\/standard.jpg\" class=\"img-responsive wp-image-1527\" srcset=\"https:\/\/optimas.com\/wp-content\/uploads\/2019\/11\/standard-200x152.jpg 200w, https:\/\/optimas.com\/wp-content\/uploads\/2019\/11\/standard-400x304.jpg 400w, https:\/\/optimas.com\/wp-content\/uploads\/2019\/11\/standard.jpg 573w\" sizes=\"(max-width: 800px) 100vw, 573px\" \/><\/span><\/div><\/div><div class=\"fusion-clearfix\"><\/div><\/div><\/div><div class=\"fusion-layout-column fusion_builder_column_inner fusion-builder-nested-column-1 fusion_builder_column_inner_3_5 3_5 fusion-three-fifth fusion-column-last\" style=\"--awb-bg-size:cover;width:60%;width:calc(60% - ( ( 4% ) * 0.6 ) );\"><div class=\"fusion-column-wrapper fusion-column-has-shadow fusion-flex-column-wrapper-legacy\"><div class=\"fusion-text fusion-text-1\"><h1 style=\"font-size: 30px!important; color: #56565b!important;\">SOLUTIONS DE FIXATION STANDARD<\/h1>\n<p>Vaste gamme de produits de fournisseurs de haute qualit\u00e9.<\/p>\n<\/div><div class=\"fusion-sep-clear\"><\/div><div class=\"fusion-separator fusion-full-width-sep\" style=\"margin-left: auto;margin-right: auto;margin-top:40px;width:100%;\"><\/div><div class=\"fusion-sep-clear\"><\/div><div class=\"fusion-text fusion-text-2\"><p><a class=\"linkOrangeButton\" href=\"https:\/\/optimas.com\/fr_ca\/contact\/\">OBTENIR UN DEVIS<\/a><\/p>\n<\/div><div class=\"fusion-clearfix\"><\/div><\/div><\/div><\/div><div class=\"fusion-clearfix\"><\/div><\/div><\/div><\/div><\/div><div class=\"fusion-fullwidth fullwidth-box fusion-builder-row-2 nonhundred-percent-fullwidth non-hundred-percent-height-scrolling\" style=\"--awb-border-radius-top-left:0px;--awb-border-radius-top-right:0px;--awb-border-radius-bottom-right:0px;--awb-border-radius-bottom-left:0px;--awb-background-color:#00a0df;--awb-flex-wrap:wrap;\" ><div class=\"fusion-builder-row fusion-row\"><div class=\"fusion-layout-column fusion_builder_column fusion-builder-column-1 fusion_builder_column_1_1 1_1 fusion-one-full fusion-column-first fusion-column-last max1200\" style=\"--awb-padding-top:35px;--awb-padding-right:10px;--awb-padding-bottom:35px;--awb-padding-left:10px;--awb-bg-size:cover;--awb-margin-bottom:0px;\"><div class=\"fusion-column-wrapper fusion-column-has-shadow fusion-flex-column-wrapper-legacy\"><div class=\"fusion-text fusion-text-3\"><p style=\"text-align: center;\"><span data-mce-type=\"bookmark\" style=\"display: inline-block; width: 0px; overflow: hidden; line-height: 0;\" class=\"mce_SELRES_start\"><\/span><span data-mce-type=\"bookmark\" style=\"display: inline-block; width: 0px; overflow: hidden; line-height: 0;\" class=\"mce_SELRES_start\"><\/span><span style=\"color: #ffffff; font-size: 25px!important;\">Access a complete line of industrial screws, nuts, bolts, washers and other C-class parts that meet recognized quality specifications. Optimas sources from local, regional and global manufacturers to meet your product acquisition strategy. Trust Optimas as your first choice for SKU availability and <br \/>volume requirements.<\/span><\/p>\n<\/div><div class=\"fusion-clearfix\"><\/div><\/div><\/div><\/div><\/div><div class=\"fusion-fullwidth fullwidth-box fusion-builder-row-3 nonhundred-percent-fullwidth non-hundred-percent-height-scrolling\" style=\"--awb-border-radius-top-left:0px;--awb-border-radius-top-right:0px;--awb-border-radius-bottom-right:0px;--awb-border-radius-bottom-left:0px;--awb-padding-top:50px;--awb-padding-bottom:50px;--awb-flex-wrap:wrap;\" ><div class=\"fusion-builder-row fusion-row\"><div class=\"fusion-layout-column fusion_builder_column fusion-builder-column-2 fusion_builder_column_1_1 1_1 fusion-one-full fusion-column-first fusion-column-last max1200\" style=\"--awb-bg-size:cover;\"><div class=\"fusion-column-wrapper fusion-column-has-shadow fusion-flex-column-wrapper-legacy\"><div class=\"fusion-builder-row fusion-builder-row-inner fusion-row\"><div class=\"fusion-layout-column fusion_builder_column_inner fusion-builder-nested-column-2 fusion_builder_column_inner_3_4 3_4 fusion-three-fourth fusion-column-first rightBorder\" style=\"--awb-bg-size:cover;width:75%;width:calc(75% - ( ( 4% ) * 0.75 ) );margin-right: 4%;\"><div class=\"fusion-column-wrapper fusion-column-has-shadow fusion-flex-column-wrapper-legacy\"><div class=\"fusion-text fusion-text-4\"><p>Nous proposons une vaste gamme de pi\u00e8ces dans diff\u00e9rentes finitions, styles de t\u00eate, nuances, pas de filetage, longueurs et diam\u00e8tres.<\/p>\n<\/div><div class=\"fusion-sep-clear\"><\/div><div class=\"fusion-separator fusion-full-width-sep\" style=\"margin-left: auto;margin-right: auto;margin-top:40px;width:100%;\"><\/div><div class=\"fusion-sep-clear\"><\/div><div class=\"fusion-text fusion-text-5\"><div class=\"col3\"><img decoding=\"async\" src=\"\/wp-content\/uploads\/2019\/11\/ic1.jpg\" \/><\/div>\n<div class=\"col9\">\n<h2 style=\"color: #00a0df;\">BOULONS<\/h2>\n<ul class=\"breakTwoColumns\">\n<li>Ancre<\/li>\n<li>Le chariot<\/li>\n<li>Ascenseur<\/li>\n<li>Bride<\/li>\n<li>Mal\u00e9fice lourd<\/li>\n<li>Hexagone<\/li>\n<li>D\u00e9calage hexad\u00e9cimal<\/li>\n<li>\u00c9paule<\/li>\n<li>De construction<\/li>\n<li>Robinet<\/li>\n<\/ul>\n<\/div>\n<\/div><div class=\"fusion-sep-clear\"><\/div><div class=\"fusion-separator fusion-full-width-sep\" style=\"margin-left: auto;margin-right: auto;margin-top:20px;margin-bottom:20px;width:100%;\"><div class=\"fusion-separator-border sep-single sep-solid\" style=\"--awb-height:20px;--awb-amount:20px;--awb-sep-color:#54565a;border-color:#54565a;border-top-width:1px;\"><\/div><\/div><div class=\"fusion-sep-clear\"><\/div><div class=\"fusion-text fusion-text-6\"><div class=\"col3\"><img decoding=\"async\" src=\"\/wp-content\/uploads\/2019\/11\/ic2.jpg\" \/><\/div>\n<div class=\"col9\">\n<h2 style=\"color: #00a0df;\">DES VIS<\/h2>\n<ul class=\"breakTwoColumns\">\n<li>Casquette<\/li>\n<li>Cloison s\u00e8che<\/li>\n<li>D\u00e9calage<\/li>\n<li>Machine<\/li>\n<li>Auto-per\u00e7age<\/li>\n<li>Auto-adh\u00e9sif<\/li>\n<li>\u00c9paule<\/li>\n<li>Capuchon de douille<\/li>\n<li>Coupe-fil<\/li>\n<li>Formation de fil<\/li>\n<\/ul>\n<\/div>\n<\/div><div class=\"fusion-sep-clear\"><\/div><div class=\"fusion-separator fusion-full-width-sep\" style=\"margin-left: auto;margin-right: auto;margin-top:20px;margin-bottom:20px;width:100%;\"><div class=\"fusion-separator-border sep-single sep-solid\" style=\"--awb-height:20px;--awb-amount:20px;--awb-sep-color:#54565a;border-color:#54565a;border-top-width:1px;\"><\/div><\/div><div class=\"fusion-sep-clear\"><\/div><div class=\"fusion-text fusion-text-7\"><div class=\"col3\"><img decoding=\"async\" src=\"\/wp-content\/uploads\/2019\/11\/ic3.jpg\" \/><\/div>\n<div class=\"col9\">\n<h2 style=\"color: #00a0df;\">DES NOISETTES<\/h2>\n<ul class=\"breakTwoColumns\">\n<li>Bride<\/li>\n<li>Mal\u00e9fice lourd<\/li>\n<li>Hexagone<\/li>\n<li>Confiture<\/li>\n<li>Keps<\/li>\n<li>Contre-\u00e9crous<\/li>\n<li>Rivet<\/li>\n<li>Carr\u00e9<\/li>\n<li>De construction<\/li>\n<li>Souder<\/li>\n<\/ul>\n<\/div>\n<\/div><div class=\"fusion-sep-clear\"><\/div><div class=\"fusion-separator fusion-full-width-sep\" style=\"margin-left: auto;margin-right: auto;margin-top:20px;margin-bottom:20px;width:100%;\"><div class=\"fusion-separator-border sep-single sep-solid\" style=\"--awb-height:20px;--awb-amount:20px;--awb-sep-color:#54565a;border-color:#54565a;border-top-width:1px;\"><\/div><\/div><div class=\"fusion-sep-clear\"><\/div><div class=\"fusion-text fusion-text-8\"><div class=\"col3\"><img decoding=\"async\" src=\"\/wp-content\/uploads\/2019\/11\/ic4.jpg\" \/><\/div>\n<div class=\"col9\">\n<h2 style=\"color: #00a0df;\">RONDELLES<\/h2>\n<ul class=\"breakTwoColumns\">\n<li>biseaut\u00e9<\/li>\n<li>Aile<\/li>\n<li>Finition<\/li>\n<li>Appartement<\/li>\n<li>Bloquer<\/li>\n<li>Scellage<\/li>\n<li>\u00c9paule<\/li>\n<li>Carr\u00e9<\/li>\n<li>De construction<\/li>\n<li>Vague<\/li>\n<\/ul>\n<\/div>\n<\/div><div class=\"fusion-sep-clear\"><\/div><div class=\"fusion-separator fusion-full-width-sep\" style=\"margin-left: auto;margin-right: auto;margin-top:20px;margin-bottom:20px;width:100%;\"><div class=\"fusion-separator-border sep-single sep-solid\" style=\"--awb-height:20px;--awb-amount:20px;--awb-sep-color:#54565a;border-color:#54565a;border-top-width:1px;\"><\/div><\/div><div class=\"fusion-sep-clear\"><\/div><div class=\"fusion-text fusion-text-9\"><div class=\"col3\"><img decoding=\"async\" src=\"\/wp-content\/uploads\/2019\/11\/ic5.jpg\" \/><\/div>\n<div class=\"col9\">\n<h2 style=\"color: #00a0df;\">AUTRES PI\u00c8CES C<\/h2>\n<ul class=\"breakTwoColumns\">\n<li>Ancres<\/li>\n<li>Pinces<\/li>\n<li>Encarts<\/li>\n<li>\u00c9pingles<\/li>\n<li>Raccords de tuyauterie<\/li>\n<li>Anneaux<\/li>\n<li>Rivets<\/li>\n<li>Entretoises<\/li>\n<li>Prises<\/li>\n<\/ul>\n<\/div>\n<\/div><div class=\"fusion-sep-clear\"><\/div><div class=\"fusion-separator fusion-full-width-sep\" style=\"margin-left: auto;margin-right: auto;margin-top:15px;width:100%;\"><\/div><div class=\"fusion-sep-clear\"><\/div><div class=\"fusion-text fusion-text-10\"><p style=\"font-size: 16px!important;\">CECI EST UN APER\u00c7U DE NOTRE OFFRE DE PRODUITS<\/p>\n<\/div><div class=\"fusion-clearfix\"><\/div><\/div><\/div><div class=\"fusion-layout-column fusion_builder_column_inner fusion-builder-nested-column-3 fusion_builder_column_inner_1_4 1_4 fusion-one-fourth fusion-column-last stickyColumn\" style=\"--awb-bg-size:cover;width:25%;width:calc(25% - ( ( 4% ) * 0.25 ) );\"><div class=\"fusion-column-wrapper fusion-column-has-shadow fusion-flex-column-wrapper-legacy\"><div class=\"fusion-text fusion-text-11\"><h2 style=\"color: #00a0df;\">LIENS CONNEXES<\/h2>\n<\/div><div class=\"fusion-text fusion-text-12\"><h4>Nous livrons 9,1 milliards de pi\u00e8ces \u00e0 partir de +150 000 SKU par an<\/h4>\n<p><a class=\"linkOrange\" href=\"\/fr_ca\/value-added-services\/minimize-your-supply-chain-risk\/\">&gt; EN SAVOIR PLUS<\/a><\/p>\n<\/div><div class=\"fusion-sep-clear\"><\/div><div class=\"fusion-separator fusion-full-width-sep\" style=\"margin-left: auto;margin-right: auto;margin-top:20px;width:100%;\"><\/div><div class=\"fusion-sep-clear\"><\/div><div class=\"fusion-text fusion-text-13\"><h4>Besoin d&#039;aide pour trouver une pi\u00e8ce\u00a0?<\/h4>\n<p><a class=\"linkOrange\" href=\"https:\/\/optimas.com\/fr_ca\/contact\/\">&gt; PARLEZ \u00c0 UN EXPERT<\/a><\/p>\n<\/div><div class=\"fusion-sep-clear\"><\/div><div class=\"fusion-separator fusion-full-width-sep\" style=\"margin-left: auto;margin-right: auto;margin-top:20px;width:100%;\"><\/div><div class=\"fusion-sep-clear\"><\/div><div class=\"fusion-text fusion-text-14\" style=\"--awb-text-transform:none;\"><h4>Brochure d&#039;ing\u00e9nierie<\/h4>\n<p><a class=\"linkOrange\" href=\"https:\/\/optimas.com\/wp-content\/uploads\/2022\/03\/Engineering-Sell-Sheet-3-14-22.pdf\" target=\"_blank\" rel=\"noopener\">&gt; T\u00c9L\u00c9CHARGER MAINTENANT<\/a><\/p>\n<\/div><div class=\"fusion-clearfix\"><\/div><\/div><\/div><\/div><div class=\"fusion-clearfix\"><\/div><\/div><\/div><\/div><\/div><div class=\"fusion-fullwidth fullwidth-box fusion-builder-row-4 nonhundred-percent-fullwidth non-hundred-percent-height-scrolling getStarted\" style=\"--awb-border-radius-top-left:0px;--awb-border-radius-top-right:0px;--awb-border-radius-bottom-right:0px;--awb-border-radius-bottom-left:0px;--awb-padding-top:70px;--awb-padding-bottom:70px;--awb-background-color:#54565a;--awb-flex-wrap:wrap;\" ><div class=\"fusion-builder-row fusion-row\"><div class=\"fusion-layout-column fusion_builder_column fusion-builder-column-3 fusion_builder_column_1_1 1_1 fusion-one-full fusion-column-first fusion-column-last max1200\" style=\"--awb-bg-size:cover;\"><div class=\"fusion-column-wrapper fusion-column-has-shadow fusion-flex-column-wrapper-legacy\"><div class=\"fusion-builder-row fusion-builder-row-inner fusion-row\"><div class=\"fusion-layout-column fusion_builder_column_inner fusion-builder-nested-column-4 fusion_builder_column_inner_3_5 3_5 fusion-three-fifth fusion-column-first\" style=\"--awb-bg-size:cover;--awb-margin-bottom:0px;width:60%;width:calc(60% - ( ( 4% ) * 0.6 ) );margin-right: 4%;\"><div class=\"fusion-column-wrapper fusion-column-has-shadow fusion-flex-column-wrapper-legacy\"><div class=\"fusion-text fusion-text-15\" style=\"--awb-font-size:36px;--awb-text-font-family:&quot;WhitneyBold&quot;;--awb-text-font-style:normal;--awb-text-font-weight:400;\"><p style=\"color: #fff;\">Commencer aujourd&#039;hui<\/p>\n<\/div><div class=\"fusion-clearfix\"><\/div><\/div><\/div><div class=\"fusion-layout-column fusion_builder_column_inner fusion-builder-nested-column-5 fusion_builder_column_inner_2_5 2_5 fusion-two-fifth fusion-column-last\" style=\"--awb-bg-size:cover;--awb-margin-bottom:0px;width:40%;width:calc(40% - ( ( 4% ) * 0.4 ) );\"><div class=\"fusion-column-wrapper fusion-column-has-shadow fusion-flex-column-wrapper-legacy\"><div class=\"fusion-text fusion-text-16\"><p><a class=\"linkSpeakExpert\" style=\"margin-right: 10px;\" href=\"https:\/\/optimas.com\/fr_ca\/contact\/\">OBTENIR UN DEVIS<\/a> <\/p>\n<\/div><div class=\"fusion-clearfix\"><\/div><\/div><\/div><\/div><div class=\"fusion-clearfix\"><\/div><\/div><\/div><\/div><\/div><\/p>","protected":false},"excerpt":{"rendered":"","protected":false},"author":1,"featured_media":1404,"parent":14327,"menu_order":0,"comment_status":"closed","ping_status":"closed","template":"","meta":{"_acf_changed":false,"content-type":"","footnotes":""},"class_list":["post-1357","page","type-page","status-publish","has-post-thumbnail","hentry"],"acf":[],"_links":{"self":[{"href":"https:\/\/optimas.com\/fr_ca\/wp-json\/wp\/v2\/pages\/1357","targetHints":{"allow":["GET"]}}],"collection":[{"href":"https:\/\/optimas.com\/fr_ca\/wp-json\/wp\/v2\/pages"}],"about":[{"href":"https:\/\/optimas.com\/fr_ca\/wp-json\/wp\/v2\/types\/page"}],"author":[{"embeddable":true,"href":"https:\/\/optimas.com\/fr_ca\/wp-json\/wp\/v2\/users\/1"}],"replies":[{"embeddable":true,"href":"https:\/\/optimas.com\/fr_ca\/wp-json\/wp\/v2\/comments?post=1357"}],"version-history":[{"count":0,"href":"https:\/\/optimas.com\/fr_ca\/wp-json\/wp\/v2\/pages\/1357\/revisions"}],"up":[{"embeddable":true,"href":"https:\/\/optimas.com\/fr_ca\/wp-json\/wp\/v2\/pages\/14327"}],"wp:featuredmedia":[{"embeddable":true,"href":"https:\/\/optimas.com\/fr_ca\/wp-json\/wp\/v2\/media\/1404"}],"wp:attachment":[{"href":"https:\/\/optimas.com\/fr_ca\/wp-json\/wp\/v2\/media?parent=1357"}],"curies":[{"name":"wp","href":"https:\/\/api.w.org\/{rel}","templated":true}]}}