{"id":6137,"date":"2023-02-16T15:03:24","date_gmt":"2023-02-16T21:03:24","guid":{"rendered":"https:\/\/optimas.com\/?page_id=6137"},"modified":"2024-10-16T10:23:20","modified_gmt":"2024-10-16T15:23:20","slug":"inventory-management-resources","status":"publish","type":"page","link":"https:\/\/optimas.com\/fr_ca\/inventory-management-resources\/","title":{"rendered":"Ressources de gestion des stocks"},"content":{"rendered":"<p><div class=\"fusion-fullwidth fullwidth-box fusion-builder-row-1 fusion-flex-container has-pattern-background has-mask-background nonhundred-percent-fullwidth non-hundred-percent-height-scrolling\" style=\"--awb-border-radius-top-left:0px;--awb-border-radius-top-right:0px;--awb-border-radius-bottom-right:0px;--awb-border-radius-bottom-left:0px;--awb-flex-wrap:wrap;\" ><div class=\"fusion-builder-row fusion-row fusion-flex-align-items-flex-start fusion-flex-content-wrap\" style=\"max-width:104%;margin-left: calc(-4% \/ 2 );margin-right: calc(-4% \/ 2 );\"><div class=\"fusion-layout-column fusion_builder_column fusion-builder-column-0 fusion_builder_column_1_1 1_1 fusion-flex-column fusion-flex-align-self-center max1200\" style=\"--awb-bg-size:cover;--awb-width-large:100%;--awb-margin-top-large:0px;--awb-spacing-right-large:1.92%;--awb-margin-bottom-large:20px;--awb-spacing-left-large:1.92%;--awb-width-medium:100%;--awb-order-medium:0;--awb-spacing-right-medium:1.92%;--awb-spacing-left-medium:1.92%;--awb-width-small:100%;--awb-order-small:0;--awb-spacing-right-small:1.92%;--awb-spacing-left-small:1.92%;\"><div class=\"fusion-column-wrapper fusion-column-has-shadow fusion-flex-justify-content-flex-start fusion-content-layout-column\"><div class=\"fusion-builder-row fusion-builder-row-inner fusion-row fusion-flex-align-items-flex-start fusion-flex-content-wrap\" style=\"--awb-flex-grow:0;--awb-flex-grow-medium:0;--awb-flex-grow-small:0;--awb-flex-shrink:0;--awb-flex-shrink-medium:0;--awb-flex-shrink-small:0;width:104% !important;max-width:104% !important;margin-left: calc(-4% \/ 2 );margin-right: calc(-4% \/ 2 );\"><div class=\"fusion-layout-column fusion_builder_column_inner fusion-builder-nested-column-0 fusion_builder_column_inner_1_1 1_1 fusion-flex-column\" style=\"--awb-bg-size:cover;--awb-width-large:100%;--awb-margin-top-large:0px;--awb-spacing-right-large:1.92%;--awb-margin-bottom-large:20px;--awb-spacing-left-large:1.92%;--awb-width-medium:100%;--awb-order-medium:0;--awb-spacing-right-medium:1.92%;--awb-spacing-left-medium:1.92%;--awb-width-small:100%;--awb-order-small:0;--awb-spacing-right-small:1.92%;--awb-spacing-left-small:1.92%;\"><div class=\"fusion-column-wrapper fusion-column-has-shadow fusion-flex-justify-content-flex-start fusion-content-layout-column\"><div class=\"fusion-text fusion-text-1\"><h1 style=\"text-align: center; font-size: 45px; color: #00a3e0;\">Ressources de gestion des stocks<\/h1>\n<\/div><div class=\"fusion-separator fusion-full-width-sep\" style=\"align-self: center;margin-left: auto;margin-right: auto;margin-bottom:30px;width:100%;\"><div class=\"fusion-separator-border sep-single sep-solid\" style=\"--awb-height:20px;--awb-amount:20px;--awb-sep-color:#000000;border-color:#000000;border-top-width:1px;\"><\/div><\/div><div class=\"fusion-text fusion-text-2\"><p class=\"p1\" style=\"text-align: center;\">Au cours des 100 derni\u00e8res ann\u00e9es, nous avons vu les d\u00e9fis de la cha\u00eene d&#039;approvisionnement sous tous les angles, ce qui nous positionne de mani\u00e8re unique pour comprendre l&#039;importance de la gestion des stocks et fournir des solutions percutantes. Ci-dessous, nous avons fourni une liste de ressources Optimas qui r\u00e9pondent aux d\u00e9fis les plus courants que nous rencontrons tous les jours. Lisez ou partagez les articles que vous trouvez les plus pertinents et <a href=\"https:\/\/optimas.com\/fr_ca\/contact\/\" target=\"_blank\" rel=\"noopener\"><span class=\"s1\">Faites le nous savoir<\/span><\/a> si vous avez des questions que vous aimeriez aborder.<span class=\"Apple-converted-space\">\u00a0<\/span><\/p>\n<\/div><\/div><\/div><\/div><\/div><\/div><\/div><\/div><div class=\"fusion-fullwidth fullwidth-box fusion-builder-row-2 fusion-flex-container has-pattern-background has-mask-background nonhundred-percent-fullwidth non-hundred-percent-height-scrolling\" style=\"--awb-border-radius-top-left:0px;--awb-border-radius-top-right:0px;--awb-border-radius-bottom-right:0px;--awb-border-radius-bottom-left:0px;--awb-margin-bottom:60px;--awb-flex-wrap:wrap;\" ><div class=\"fusion-builder-row fusion-row fusion-flex-align-items-flex-start fusion-flex-content-wrap\" style=\"max-width:104%;margin-left: calc(-4% \/ 2 );margin-right: calc(-4% \/ 2 );\"><div class=\"fusion-layout-column fusion_builder_column fusion-builder-column-1 fusion_builder_column_1_1 1_1 fusion-flex-column max1200\" style=\"--awb-bg-size:cover;--awb-width-large:100%;--awb-margin-top-large:0px;--awb-spacing-right-large:1.92%;--awb-margin-bottom-large:0px;--awb-spacing-left-large:1.92%;--awb-width-medium:100%;--awb-order-medium:0;--awb-spacing-right-medium:1.92%;--awb-spacing-left-medium:1.92%;--awb-width-small:100%;--awb-order-small:0;--awb-spacing-right-small:1.92%;--awb-spacing-left-small:1.92%;\"><div class=\"fusion-column-wrapper fusion-column-has-shadow fusion-flex-justify-content-flex-start fusion-content-layout-column\"><div class=\"fusion-builder-row fusion-builder-row-inner fusion-row fusion-flex-align-items-flex-start fusion-flex-content-wrap\" style=\"--awb-flex-grow:0;--awb-flex-grow-medium:0;--awb-flex-grow-small:0;--awb-flex-shrink:0;--awb-flex-shrink-medium:0;--awb-flex-shrink-small:0;width:104% !important;max-width:104% !important;margin-left: calc(-4% \/ 2 );margin-right: calc(-4% \/ 2 );\"><div class=\"fusion-layout-column fusion_builder_column_inner fusion-builder-nested-column-1 fusion_builder_column_inner_1_2 1_2 fusion-flex-column\" style=\"--awb-bg-color:#80af38;--awb-bg-color-hover:#80af38;--awb-bg-size:cover;--awb-width-large:50%;--awb-margin-top-large:0px;--awb-spacing-right-large:0px;--awb-margin-bottom-large:0px;--awb-spacing-left-large:3.84%;--awb-width-medium:100%;--awb-order-medium:0;--awb-spacing-right-medium:1.92%;--awb-spacing-left-medium:1.92%;--awb-width-small:100%;--awb-order-small:0;--awb-spacing-right-small:1.92%;--awb-spacing-left-small:1.92%;\"><div class=\"fusion-column-wrapper fusion-column-has-shadow fusion-flex-justify-content-center fusion-content-layout-column\"><div class=\"fusion-text fusion-text-3 fusion-text-no-margin\" style=\"--awb-font-size:32px;--awb-text-color:#ffffff;--awb-margin-top:40px;--awb-margin-right:30px;--awb-margin-bottom:40px;--awb-margin-left:30px;\"><div style=\"float: left;\">\n<h2 class=\"box-header\"><span style=\"color: #ffffff;\">Votre cha\u00eene d&#039;approvisionnement est-elle<br \/>\nVisibilit\u00e9 limit\u00e9e\u00a0?<\/span><\/h2>\n<\/div>\n<div class=\"box-icon\"><img decoding=\"async\" class=\"alignnone size-full wp-image-6156\" src=\"https:\/\/optimas.com\/wp-content\/uploads\/2023\/02\/White-Arrow-Icon.png\" alt=\"\" width=\"61\" height=\"80\" srcset=\"https:\/\/optimas.com\/wp-content\/uploads\/2023\/02\/White-Arrow-Icon-9x12.png 9w, https:\/\/optimas.com\/wp-content\/uploads\/2023\/02\/White-Arrow-Icon.png 61w\" sizes=\"(max-width: 61px) 100vw, 61px\" \/><\/div>\n<\/div><\/div><\/div><div class=\"fusion-layout-column fusion_builder_column_inner fusion-builder-nested-column-2 fusion_builder_column_inner_1_2 1_2 fusion-flex-column\" style=\"--awb-bg-color:#91c63e;--awb-bg-color-hover:#91c63e;--awb-bg-size:cover;--awb-width-large:50%;--awb-margin-top-large:0px;--awb-spacing-right-large:3.84%;--awb-margin-bottom-large:0px;--awb-spacing-left-large:0px;--awb-width-medium:100%;--awb-order-medium:0;--awb-spacing-right-medium:1.92%;--awb-spacing-left-medium:1.92%;--awb-width-small:100%;--awb-order-small:0;--awb-spacing-right-small:1.92%;--awb-spacing-left-small:1.92%;\"><div class=\"fusion-column-wrapper fusion-column-has-shadow fusion-flex-justify-content-center fusion-content-layout-column\"><div class=\"fusion-text fusion-text-4 fusion-text-no-margin\" style=\"--awb-margin-top:40px;--awb-margin-right:30px;--awb-margin-bottom:40px;--awb-margin-left:30px;\"><div style=\"float: left;\">\n<h2 class=\"box-header\"><span style=\"color: #53565a;\">Rendre ax\u00e9 sur les donn\u00e9es<br \/>\nLes d\u00e9cisions.<\/span><\/h2>\n<\/div>\n<div style=\"float: right; padding-top: 15px;\"><img decoding=\"async\" class=\"alignnone size-full wp-image-6156\" src=\"https:\/\/optimas.com\/wp-content\/uploads\/2023\/02\/Magnifying-Glass-Icon-1.png\" alt=\"\" width=\"61\" height=\"80\" \/><\/div>\n<\/div><\/div><\/div><\/div><\/div><\/div><div class=\"fusion-layout-column fusion_builder_column fusion-builder-column-2 fusion_builder_column_1_1 1_1 fusion-flex-column max1200\" style=\"--awb-padding-top:20px;--awb-padding-bottom:20px;--awb-bg-size:cover;--awb-border-color:#91c73e;--awb-border-top:0;--awb-border-right:1px;--awb-border-bottom:1px;--awb-border-left:1px;--awb-border-style:solid;--awb-width-large:100%;--awb-margin-top-large:0px;--awb-spacing-right-large:1.92%;--awb-margin-bottom-large:20px;--awb-spacing-left-large:1.92%;--awb-width-medium:100%;--awb-order-medium:0;--awb-spacing-right-medium:1.92%;--awb-spacing-left-medium:1.92%;--awb-width-small:100%;--awb-order-small:0;--awb-spacing-right-small:1.92%;--awb-spacing-left-small:1.92%;\"><div class=\"fusion-column-wrapper fusion-column-has-shadow fusion-flex-justify-content-flex-start fusion-content-layout-column\"><div class=\"fusion-text fusion-text-5\"><h2 class=\"p1\" style=\"text-align: center; font-size: 32px; color: #91c73e;\">Ces ressources Optimas peuvent vous aider\u00a0:<\/h2>\n<div class=\"grey-link\">\n<p class=\"p1\" style=\"text-align: center;\"><a href=\"https:\/\/optimas.com\/fr_ca\/blog\/how-to-remove-potential-roadblocks-in-inventory-management\/\" target=\"_blank\" rel=\"noopener\"><span class=\"s1\">Comment supprimer les obstacles potentiels dans la gestion des stocks<\/span><\/a><\/p>\n<p class=\"p1\" style=\"text-align: center;\"><a href=\"https:\/\/optimas.com\/fr_ca\/blog\/5-reasons-manufacturers-use-vendor-managed-inventory-programs\/\" target=\"_blank\" rel=\"noopener\"><span class=\"s1\">5 raisons pour lesquelles les fabricants utilisent des programmes de gestion des stocks<\/span><\/a><\/p>\n<p class=\"p1\" style=\"text-align: center;\"><a href=\"https:\/\/optimas.com\/fr_ca\/blog\/top-3-things-to-look-for-in-a-vmi-partner\/\" target=\"_blank\" rel=\"noopener\"><span class=\"s1\">Top 3 des \u00e9l\u00e9ments \u00e0 rechercher chez un partenaire de gestion des stocks<\/span><\/a><\/p>\n<p class=\"p1\" style=\"text-align: center;\"><a href=\"https:\/\/optimas.com\/fr_ca\/blog\/kpis-measure-success-vmi-program\/\" target=\"_blank\" rel=\"noopener\"><span class=\"s1\">6 KPI pour mesurer la valeur de votre programme de gestion des stocks<\/span><\/a><\/p>\n<\/div>\n<\/div><\/div><\/div><\/div><\/div><div class=\"fusion-fullwidth fullwidth-box fusion-builder-row-3 fusion-flex-container has-pattern-background has-mask-background nonhundred-percent-fullwidth non-hundred-percent-height-scrolling\" style=\"--awb-border-radius-top-left:0px;--awb-border-radius-top-right:0px;--awb-border-radius-bottom-right:0px;--awb-border-radius-bottom-left:0px;--awb-margin-bottom:60px;--awb-flex-wrap:wrap;\" ><div class=\"fusion-builder-row fusion-row fusion-flex-align-items-flex-start fusion-flex-content-wrap\" style=\"max-width:104%;margin-left: calc(-4% \/ 2 );margin-right: calc(-4% \/ 2 );\"><div class=\"fusion-layout-column fusion_builder_column fusion-builder-column-3 fusion_builder_column_1_1 1_1 fusion-flex-column max1200\" style=\"--awb-bg-size:cover;--awb-width-large:100%;--awb-margin-top-large:0px;--awb-spacing-right-large:1.92%;--awb-margin-bottom-large:0px;--awb-spacing-left-large:1.92%;--awb-width-medium:100%;--awb-order-medium:0;--awb-spacing-right-medium:1.92%;--awb-spacing-left-medium:1.92%;--awb-width-small:100%;--awb-order-small:0;--awb-spacing-right-small:1.92%;--awb-spacing-left-small:1.92%;\"><div class=\"fusion-column-wrapper fusion-column-has-shadow fusion-flex-justify-content-flex-start fusion-content-layout-column\"><div class=\"fusion-builder-row fusion-builder-row-inner fusion-row fusion-flex-align-items-flex-start fusion-flex-content-wrap\" style=\"--awb-flex-grow:0;--awb-flex-grow-medium:0;--awb-flex-grow-small:0;--awb-flex-shrink:0;--awb-flex-shrink-medium:0;--awb-flex-shrink-small:0;width:104% !important;max-width:104% !important;margin-left: calc(-4% \/ 2 );margin-right: calc(-4% \/ 2 );\"><div class=\"fusion-layout-column fusion_builder_column_inner fusion-builder-nested-column-3 fusion_builder_column_inner_1_2 1_2 fusion-flex-column\" style=\"--awb-bg-color:#ce691d;--awb-bg-color-hover:#ce691d;--awb-bg-size:cover;--awb-width-large:50%;--awb-margin-top-large:0px;--awb-spacing-right-large:0px;--awb-margin-bottom-large:0px;--awb-spacing-left-large:3.84%;--awb-width-medium:100%;--awb-order-medium:0;--awb-spacing-right-medium:1.92%;--awb-spacing-left-medium:1.92%;--awb-width-small:100%;--awb-order-small:0;--awb-spacing-right-small:1.92%;--awb-spacing-left-small:1.92%;\"><div class=\"fusion-column-wrapper fusion-column-has-shadow fusion-flex-justify-content-center fusion-content-layout-column\"><div class=\"fusion-text fusion-text-6 fusion-text-no-margin\" style=\"--awb-margin-top:40px;--awb-margin-right:30px;--awb-margin-bottom:40px;--awb-margin-left:30px;\"><div style=\"float: left;\">\n<h2 class=\"box-header\"><span style=\"color: #ffffff;\">Avoir trop d&#039;exc\u00e8s<br \/>\n&amp; Inventaire obsol\u00e8te\u00a0?<\/span><\/h2>\n<\/div>\n<div class=\"box-icon\"><img decoding=\"async\" class=\"alignnone size-full wp-image-6156\" src=\"https:\/\/optimas.com\/wp-content\/uploads\/2023\/02\/White-Arrow-Icon.png\" alt=\"\" width=\"61\" height=\"80\" srcset=\"https:\/\/optimas.com\/wp-content\/uploads\/2023\/02\/White-Arrow-Icon-9x12.png 9w, https:\/\/optimas.com\/wp-content\/uploads\/2023\/02\/White-Arrow-Icon.png 61w\" sizes=\"(max-width: 61px) 100vw, 61px\" \/><\/div>\n<\/div><\/div><\/div><div class=\"fusion-layout-column fusion_builder_column_inner fusion-builder-nested-column-4 fusion_builder_column_inner_1_2 1_2 fusion-flex-column\" style=\"--awb-bg-color:#e87722;--awb-bg-color-hover:#e87722;--awb-bg-size:cover;--awb-width-large:50%;--awb-margin-top-large:0px;--awb-spacing-right-large:3.84%;--awb-margin-bottom-large:0px;--awb-spacing-left-large:0px;--awb-width-medium:100%;--awb-order-medium:0;--awb-spacing-right-medium:1.92%;--awb-spacing-left-medium:1.92%;--awb-width-small:100%;--awb-order-small:0;--awb-spacing-right-small:1.92%;--awb-spacing-left-small:1.92%;\"><div class=\"fusion-column-wrapper fusion-column-has-shadow fusion-flex-justify-content-center fusion-content-layout-column\"><div class=\"fusion-text fusion-text-7 fusion-text-no-margin\" style=\"--awb-margin-top:40px;--awb-margin-right:30px;--awb-margin-bottom:40px;--awb-margin-left:30px;\"><div style=\"float: left;\">\n<h2 class=\"box-header\"><span style=\"color: #53565a;\">Gardez moins d&#039;inventaire<br \/>\n\u00c0 port\u00e9e de main.<\/span><\/h2>\n<\/div>\n<div style=\"float: right;\"><img decoding=\"async\" class=\"alignnone size-full wp-image-6156\" src=\"https:\/\/optimas.com\/wp-content\/uploads\/2023\/02\/Inventory-Icon.png\" alt=\"\" width=\"61\" height=\"80\" \/><\/div>\n<\/div><\/div><\/div><\/div><\/div><\/div><div class=\"fusion-layout-column fusion_builder_column fusion-builder-column-4 fusion_builder_column_1_1 1_1 fusion-flex-column max1200\" style=\"--awb-padding-top:20px;--awb-padding-bottom:20px;--awb-bg-size:cover;--awb-border-color:#e87722;--awb-border-top:0;--awb-border-right:1px;--awb-border-bottom:1px;--awb-border-left:1px;--awb-border-style:solid;--awb-width-large:100%;--awb-margin-top-large:0px;--awb-spacing-right-large:1.92%;--awb-margin-bottom-large:20px;--awb-spacing-left-large:1.92%;--awb-width-medium:100%;--awb-order-medium:0;--awb-spacing-right-medium:1.92%;--awb-spacing-left-medium:1.92%;--awb-width-small:100%;--awb-order-small:0;--awb-spacing-right-small:1.92%;--awb-spacing-left-small:1.92%;\"><div class=\"fusion-column-wrapper fusion-column-has-shadow fusion-flex-justify-content-flex-start fusion-content-layout-column\"><div class=\"fusion-text fusion-text-8\"><h2 class=\"p1\" style=\"text-align: center; font-size: 32px; color: #e87722;\">Ces ressources Optimas peuvent vous aider\u00a0:<\/h2>\n<div class=\"grey-link\">\n<p class=\"p1\" style=\"text-align: center;\"><a href=\"https:\/\/optimas.com\/fr_ca\/resources\/daily-inventory-management-maximizes-efficiency\/\" target=\"_blank\" rel=\"noopener\"><span class=\"s1\">La gestion quotidienne des stocks optimise l&#039;efficacit\u00e9<\/span><\/a><\/p>\n<p class=\"p1\" style=\"text-align: center;\"><a href=\"https:\/\/optimas.com\/fr_ca\/resources\/metal-fabricator-increases-productivity-with-consolidated-supply-chain\/\" target=\"_blank\" rel=\"noopener\"><span class=\"s1\">Un fabricant de m\u00e9taux augmente sa productivit\u00e9 gr\u00e2ce \u00e0 une cha\u00eene d&#039;approvisionnement consolid\u00e9e<\/span><\/a><\/p>\n<p class=\"p1\" style=\"text-align: center;\"><a href=\"https:\/\/optimas.com\/fr_ca\/blog\/is-it-time-to-embrace-inventory-management-technology\/\" target=\"_blank\" rel=\"noopener\"><span class=\"s1\">Est-il temps d&#039;adopter des solutions de gestion des stocks\u00a0?<\/span><\/a><\/p>\n<p class=\"p1\" style=\"text-align: center;\"><a href=\"https:\/\/optimas.com\/fr_ca\/blog\/how-vmi-programs-lower-your-total-cost-of-ownership\/\" target=\"_blank\" rel=\"noopener\"><span class=\"s1\">Comment les programmes de gestion des stocks r\u00e9duisent votre co\u00fbt total de possession<\/span><\/a><\/p>\n<\/div>\n<\/div><\/div><\/div><\/div><\/div><div class=\"fusion-fullwidth fullwidth-box fusion-builder-row-4 fusion-flex-container has-pattern-background has-mask-background nonhundred-percent-fullwidth non-hundred-percent-height-scrolling\" style=\"--awb-border-radius-top-left:0px;--awb-border-radius-top-right:0px;--awb-border-radius-bottom-right:0px;--awb-border-radius-bottom-left:0px;--awb-margin-bottom:60px;--awb-flex-wrap:wrap;\" ><div class=\"fusion-builder-row fusion-row fusion-flex-align-items-flex-start fusion-flex-content-wrap\" style=\"max-width:104%;margin-left: calc(-4% \/ 2 );margin-right: calc(-4% \/ 2 );\"><div class=\"fusion-layout-column fusion_builder_column fusion-builder-column-5 fusion_builder_column_1_1 1_1 fusion-flex-column max1200\" style=\"--awb-bg-size:cover;--awb-width-large:100%;--awb-margin-top-large:0px;--awb-spacing-right-large:1.92%;--awb-margin-bottom-large:0px;--awb-spacing-left-large:1.92%;--awb-width-medium:100%;--awb-order-medium:0;--awb-spacing-right-medium:1.92%;--awb-spacing-left-medium:1.92%;--awb-width-small:100%;--awb-order-small:0;--awb-spacing-right-small:1.92%;--awb-spacing-left-small:1.92%;\"><div class=\"fusion-column-wrapper fusion-column-has-shadow fusion-flex-justify-content-flex-start fusion-content-layout-column\"><div class=\"fusion-builder-row fusion-builder-row-inner fusion-row fusion-flex-align-items-flex-start fusion-flex-content-wrap\" style=\"--awb-flex-grow:0;--awb-flex-grow-medium:0;--awb-flex-grow-small:0;--awb-flex-shrink:0;--awb-flex-shrink-medium:0;--awb-flex-shrink-small:0;width:104% !important;max-width:104% !important;margin-left: calc(-4% \/ 2 );margin-right: calc(-4% \/ 2 );\"><div class=\"fusion-layout-column fusion_builder_column_inner fusion-builder-nested-column-5 fusion_builder_column_inner_1_2 1_2 fusion-flex-column\" style=\"--awb-bg-color:#0291c7;--awb-bg-color-hover:#0291c7;--awb-bg-size:cover;--awb-width-large:50%;--awb-margin-top-large:0px;--awb-spacing-right-large:0px;--awb-margin-bottom-large:0px;--awb-spacing-left-large:3.84%;--awb-width-medium:100%;--awb-order-medium:0;--awb-spacing-right-medium:1.92%;--awb-spacing-left-medium:1.92%;--awb-width-small:100%;--awb-order-small:0;--awb-spacing-right-small:1.92%;--awb-spacing-left-small:1.92%;\"><div class=\"fusion-column-wrapper fusion-column-has-shadow fusion-flex-justify-content-center fusion-content-layout-column\"><div class=\"fusion-text fusion-text-9 fusion-text-no-margin\" style=\"--awb-margin-top:40px;--awb-margin-right:30px;--awb-margin-bottom:40px;--awb-margin-left:30px;\"><div style=\"float: left;\">\n<h2 class=\"box-header\"><span style=\"color: #ffffff;\">\u00cates-vous incapable de<br \/>\nAnticiper la demande\u00a0?<\/span><\/h2>\n<\/div>\n<div class=\"box-icon\"><img decoding=\"async\" class=\"alignnone size-full wp-image-6156\" src=\"https:\/\/optimas.com\/wp-content\/uploads\/2023\/02\/White-Arrow-Icon.png\" alt=\"\" width=\"61\" height=\"80\" srcset=\"https:\/\/optimas.com\/wp-content\/uploads\/2023\/02\/White-Arrow-Icon-9x12.png 9w, https:\/\/optimas.com\/wp-content\/uploads\/2023\/02\/White-Arrow-Icon.png 61w\" sizes=\"(max-width: 61px) 100vw, 61px\" \/><\/div>\n<\/div><\/div><\/div><div class=\"fusion-layout-column fusion_builder_column_inner fusion-builder-nested-column-6 fusion_builder_column_inner_1_2 1_2 fusion-flex-column\" style=\"--awb-bg-color:#00a3e0;--awb-bg-color-hover:#00a3e0;--awb-bg-size:cover;--awb-width-large:50%;--awb-margin-top-large:0px;--awb-spacing-right-large:3.84%;--awb-margin-bottom-large:0px;--awb-spacing-left-large:0px;--awb-width-medium:100%;--awb-order-medium:0;--awb-spacing-right-medium:1.92%;--awb-spacing-left-medium:1.92%;--awb-width-small:100%;--awb-order-small:0;--awb-spacing-right-small:1.92%;--awb-spacing-left-small:1.92%;\"><div class=\"fusion-column-wrapper fusion-column-has-shadow fusion-flex-justify-content-center fusion-content-layout-column\"><div class=\"fusion-text fusion-text-10 fusion-text-no-margin\" style=\"--awb-margin-top:40px;--awb-margin-right:30px;--awb-margin-bottom:40px;--awb-margin-left:30px;\"><div style=\"float: left;\">\n<h2 class=\"box-header\"><span style=\"color: #53565a;\">D\u00e9marrer en fonction de la demande<br \/>\nPlanification.<\/span><\/h2>\n<\/div>\n<div style=\"float: right;\"><img decoding=\"async\" class=\"alignnone size-full wp-image-6156\" src=\"https:\/\/optimas.com\/wp-content\/uploads\/2023\/02\/Cellphone-Icon.png\" alt=\"\" width=\"61\" height=\"80\" \/><\/div>\n<\/div><\/div><\/div><\/div><\/div><\/div><div class=\"fusion-layout-column fusion_builder_column fusion-builder-column-6 fusion_builder_column_1_1 1_1 fusion-flex-column max1200\" style=\"--awb-padding-top:20px;--awb-padding-bottom:20px;--awb-bg-size:cover;--awb-border-color:#00a3e0;--awb-border-top:0;--awb-border-right:1px;--awb-border-bottom:1px;--awb-border-left:1px;--awb-border-style:solid;--awb-width-large:100%;--awb-margin-top-large:0px;--awb-spacing-right-large:1.92%;--awb-margin-bottom-large:20px;--awb-spacing-left-large:1.92%;--awb-width-medium:100%;--awb-order-medium:0;--awb-spacing-right-medium:1.92%;--awb-spacing-left-medium:1.92%;--awb-width-small:100%;--awb-order-small:0;--awb-spacing-right-small:1.92%;--awb-spacing-left-small:1.92%;\"><div class=\"fusion-column-wrapper fusion-column-has-shadow fusion-flex-justify-content-flex-start fusion-content-layout-column\"><div class=\"fusion-text fusion-text-11\"><h2 class=\"p1\" style=\"text-align: center; font-size: 32px; color: #00a3e0;\">Ces ressources Optimas peuvent vous aider\u00a0:<\/h2>\n<div class=\"grey-link\">\n<p class=\"p1\" style=\"text-align: center;\"><a href=\"https:\/\/optimas.com\/fr_ca\/blog\/how-to-remove-potential-roadblocks-in-inventory-management\/\" target=\"_blank\" rel=\"noopener\"><span class=\"s1\">Comment supprimer les obstacles potentiels dans la gestion des stocks<\/span><\/a><\/p>\n<p class=\"p1\" style=\"text-align: center;\"><a href=\"https:\/\/optimas.com\/fr_ca\/value-added-services\/optimize-your-inventory\/\" target=\"_blank\" rel=\"noopener\"><span class=\"s1\">Leaders en gestion des stocks<\/span><\/a><\/p>\n<p class=\"p1\" style=\"text-align: center;\"><a href=\"https:\/\/optimas.com\/fr_ca\/blog\/4-ways-to-make-your-inventory-management-more-efficient\/\" target=\"_blank\" rel=\"noopener\"><span class=\"s1\">4 fa\u00e7ons de rendre votre gestion des stocks plus efficace<\/span><\/a><\/p>\n<\/div>\n<\/div><\/div><\/div><\/div><\/div><\/p>","protected":false},"excerpt":{"rendered":"","protected":false},"author":3,"featured_media":0,"parent":0,"menu_order":0,"comment_status":"closed","ping_status":"closed","template":"","meta":{"_acf_changed":false,"content-type":"","footnotes":""},"class_list":["post-6137","page","type-page","status-publish","hentry"],"acf":[],"_links":{"self":[{"href":"https:\/\/optimas.com\/fr_ca\/wp-json\/wp\/v2\/pages\/6137","targetHints":{"allow":["GET"]}}],"collection":[{"href":"https:\/\/optimas.com\/fr_ca\/wp-json\/wp\/v2\/pages"}],"about":[{"href":"https:\/\/optimas.com\/fr_ca\/wp-json\/wp\/v2\/types\/page"}],"author":[{"embeddable":true,"href":"https:\/\/optimas.com\/fr_ca\/wp-json\/wp\/v2\/users\/3"}],"replies":[{"embeddable":true,"href":"https:\/\/optimas.com\/fr_ca\/wp-json\/wp\/v2\/comments?post=6137"}],"version-history":[{"count":0,"href":"https:\/\/optimas.com\/fr_ca\/wp-json\/wp\/v2\/pages\/6137\/revisions"}],"wp:attachment":[{"href":"https:\/\/optimas.com\/fr_ca\/wp-json\/wp\/v2\/media?parent=6137"}],"curies":[{"name":"wp","href":"https:\/\/api.w.org\/{rel}","templated":true}]}}