{"id":814,"date":"2019-10-29T15:08:38","date_gmt":"2019-10-29T15:08:38","guid":{"rendered":"https:\/\/optimas.com\/?page_id=814"},"modified":"2026-04-13T11:18:53","modified_gmt":"2026-04-13T16:18:53","slug":"team","status":"publish","type":"page","link":"https:\/\/optimas.com\/fr_ca\/about-us\/team\/","title":{"rendered":"Notre \u00e9quipe de direction"},"content":{"rendered":"<div class=\"fusion-fullwidth fullwidth-box fusion-builder-row-1 nonhundred-percent-fullwidth non-hundred-percent-height-scrolling\" style=\"--awb-border-radius-top-left:0px;--awb-border-radius-top-right:0px;--awb-border-radius-bottom-right:0px;--awb-border-radius-bottom-left:0px;--awb-flex-wrap:wrap;\" ><div class=\"fusion-builder-row fusion-row\"><div class=\"fusion-layout-column fusion_builder_column fusion-builder-column-0 fusion_builder_column_1_1 1_1 fusion-one-full fusion-column-first fusion-column-last max1200\" style=\"--awb-bg-size:cover;\"><div class=\"fusion-column-wrapper fusion-column-has-shadow fusion-flex-column-wrapper-legacy\"><div class=\"fusion-builder-row fusion-builder-row-inner fusion-row\"><div class=\"fusion-layout-column fusion_builder_column_inner fusion-builder-nested-column-0 fusion_builder_column_inner_1_1 1_1 fusion-one-full fusion-column-first fusion-column-last\" style=\"--awb-padding-bottom:30px;--awb-bg-size:cover;\"><div class=\"fusion-column-wrapper fusion-column-has-shadow fusion-flex-column-wrapper-legacy\"><div class=\"fusion-text fusion-text-1\"><h1>Notre \u00e9quipe de direction<\/h1>\n<\/div><div class=\"fusion-clearfix\"><\/div><\/div><\/div><div class=\"fusion-layout-column fusion_builder_column_inner fusion-builder-nested-column-1 fusion_builder_column_inner_1_4 1_4 fusion-one-fourth fusion-column-first\" style=\"--awb-bg-size:cover;width:25%;width:calc(25% - ( ( 4% ) * 0.25 ) );margin-right: 4%;\" id=\"harms\"><div class=\"fusion-column-wrapper fusion-column-has-shadow fusion-flex-column-wrapper-legacy\"><div class=\"fusion-image-element fusion-image-align-center in-legacy-container\" style=\"text-align:center;--awb-caption-title-font-family:var(--h2_typography-font-family);--awb-caption-title-font-weight:var(--h2_typography-font-weight);--awb-caption-title-font-style:var(--h2_typography-font-style);--awb-caption-title-size:var(--h2_typography-font-size);--awb-caption-title-transform:var(--h2_typography-text-transform);--awb-caption-title-line-height:var(--h2_typography-line-height);--awb-caption-title-letter-spacing:var(--h2_typography-letter-spacing);\"><div class=\"imageframe-align-center\"><span class=\"fusion-imageframe imageframe-none imageframe-1 hover-type-none\" id=\"strandquist\"><img decoding=\"async\" width=\"330\" height=\"330\" alt=\"Daniel Harms PDG d&#039;Optimas Solutions\" title=\"Daniel-Harms\" src=\"https:\/\/optimas.com\/wp-content\/uploads\/2021\/08\/Daniel-Harms.jpg\" class=\"img-responsive wp-image-4534\" srcset=\"https:\/\/optimas.com\/wp-content\/uploads\/2021\/08\/Daniel-Harms-200x200.jpg 200w, https:\/\/optimas.com\/wp-content\/uploads\/2021\/08\/Daniel-Harms.jpg 330w\" sizes=\"(max-width: 800px) 100vw, 330px\" \/><\/span><\/div><\/div><div class=\"fusion-clearfix\"><\/div><\/div><\/div><div class=\"fusion-layout-column fusion_builder_column_inner fusion-builder-nested-column-2 fusion_builder_column_inner_3_4 3_4 fusion-three-fourth fusion-column-last\" style=\"--awb-bg-size:cover;width:75%;width:calc(75% - ( ( 4% ) * 0.75 ) );\" id=\"harms\"><div class=\"fusion-column-wrapper fusion-column-has-shadow fusion-flex-column-wrapper-legacy\"><div class=\"fusion-text fusion-text-2\"><h1>Daniel Harms<\/h1>\n<div class=\"PD IF\">\n<div id=\":a5.co\" class=\"JL\">\n<div id=\":ax.ma\" class=\"Mu SP\" data-tooltip=\"December 9, 2019 at 11:35:57 AM UTC-8\"><strong><span id=\":ax.co\" class=\"tL8wMe EMoHub\" dir=\"ltr\">PDG, Am\u00e9riques<\/span><\/strong><\/div>\n<\/div>\n<\/div>\n<\/div><div class=\"fusion-sep-clear\"><\/div><div class=\"fusion-separator fusion-full-width-sep\" style=\"margin-left: auto;margin-right: auto;margin-top:10px;margin-bottom:10px;width:100%;\"><\/div><div class=\"fusion-sep-clear\"><\/div><div class=\"fusion-text fusion-text-3\"><p>Daniel Harms est PDG, Am\u00e9riques et membre du conseil d&#039;administration d&#039;Optimas Solutions. Il est responsable des strat\u00e9gies qui g\u00e9n\u00e8rent des revenus disciplin\u00e9s et une croissance rentable, \u00e9l\u00e8vent l&#039;excellence op\u00e9rationnelle et am\u00e9liorent le service client aux \u00c9tats-Unis, au Canada, au Mexique et en Am\u00e9rique du Sud.<\/p>\n<p>&nbsp;<\/p>\n<p>Il a \u00e9t\u00e9 promu pr\u00e9sident, Am\u00e9riques en ao\u00fbt 2021 apr\u00e8s avoir rejoint l&#039;entreprise en avril de la m\u00eame ann\u00e9e en tant que chef de l&#039;exploitation avec un accent sur les centres de distribution, l&#039;approvisionnement et la cha\u00eene d&#039;approvisionnement en Am\u00e9rique du Nord.<\/p>\n<p>&nbsp;<\/p>\n<p>Leader d&#039;opinion strat\u00e9gique avec pr\u00e8s de 20 ans d&#039;exp\u00e9rience dans la cha\u00eene d&#039;approvisionnement, Daniel a construit et guid\u00e9 des \u00e9quipes hautement performantes pour offrir l&#039;excellence op\u00e9rationnelle dans de multiples industries. Son style de leadership influent et son approche ax\u00e9e sur les donn\u00e9es pour r\u00e9soudre les probl\u00e8mes ont constamment produit une croissance des revenus et des r\u00e9sultats avec des P&amp;L sup\u00e9rieurs \u00e0 $100 millions.<\/p>\n<p>&nbsp;<\/p>\n<p>Avant de rejoindre Optimas, Daniel a occup\u00e9 plusieurs postes \u00e0 responsabilit\u00e9s croissantes chez DSC\/CJ Logistics qui ont culmin\u00e9 au poste de vice-pr\u00e9sident principal, Op\u00e9rations. Dans ce r\u00f4le, il avait la supervision strat\u00e9gique des relations avec les clients et la responsabilit\u00e9 op\u00e9rationnelle de nombreux centres de distribution \u00e0 l&#039;\u00e9chelle nationale. Cela comprenait le d\u00e9veloppement du leadership, la performance financi\u00e8re\/op\u00e9rationnelle et l&#039;\u00e9volution des processus d&#039;affaires. Tout au long de son mandat, Daniel a dirig\u00e9 des initiatives en mati\u00e8re de personnel, de processus et de technologie qui ont fait progresser les crit\u00e8res de performance de l&#039;entreprise.<\/p>\n<p>&nbsp;<\/p>\n<p>Daniel est titulaire d&#039;une ma\u00eetrise en administration des affaires du J. Mack Robinson College of Business de la Georgia State University et d&#039;un baccalaur\u00e9at \u00e8s sciences en administration des affaires de l&#039;Universit\u00e9 du Tennessee. Il r\u00e9side actuellement dans la banlieue d&#039;Atlanta avec sa femme Laura et leurs enfants Caleb, Major et Colby. Daniel est membre du Conseil des professionnels de la gestion de la cha\u00eene d&#039;approvisionnement et fait du b\u00e9n\u00e9volat aupr\u00e8s des \u00e9glises locales et des organisations Scouts BSA.<\/p>\n<\/div><div class=\"fusion-sep-clear\"><\/div><div class=\"fusion-separator fusion-full-width-sep\" style=\"margin-left: auto;margin-right: auto;margin-top:10px;margin-bottom:10px;width:100%;\"><\/div><div class=\"fusion-sep-clear\"><\/div><div class=\"fusion-text fusion-text-4\"><p><a href=\"https:\/\/www.linkedin.com\/in\/daniel-harms-4b928227\/\" target=\"_blank\" rel=\"noopener noreferrer nofollow\"><img decoding=\"async\" class=\"alignnone\" src=\"\/wp-content\/uploads\/2019\/10\/in.jpg\" alt=\"\" width=\"28\" height=\"28\" \/><\/a><\/p>\n<\/div><div class=\"fusion-clearfix\"><\/div><\/div><\/div><div class=\"fusion-layout-column fusion_builder_column_inner fusion-builder-nested-column-3 fusion_builder_column_inner_1_1 1_1 fusion-one-full fusion-column-first fusion-column-last\" style=\"--awb-bg-size:cover;\"><div class=\"fusion-column-wrapper fusion-column-has-shadow fusion-flex-column-wrapper-legacy\"><div class=\"fusion-sep-clear\"><\/div><div class=\"fusion-separator fusion-full-width-sep\" style=\"margin-left: auto;margin-right: auto;margin-top:10px;margin-bottom:30px;width:100%;\"><div class=\"fusion-separator-border sep-single sep-solid\" style=\"--awb-height:20px;--awb-amount:20px;--awb-sep-color:#a9aaac;border-color:#a9aaac;border-top-width:1px;\"><\/div><\/div><div class=\"fusion-sep-clear\"><\/div><div class=\"fusion-clearfix\"><\/div><\/div><\/div><div class=\"fusion-layout-column fusion_builder_column_inner fusion-builder-nested-column-4 fusion_builder_column_inner_1_4 1_4 fusion-one-fourth fusion-column-first\" style=\"--awb-bg-size:cover;width:25%;width:calc(25% - ( ( 4% ) * 0.25 ) );margin-right: 4%;\" id=\"tuffy\"><div class=\"fusion-column-wrapper fusion-column-has-shadow fusion-flex-column-wrapper-legacy\"><div class=\"fusion-image-element fusion-image-align-center in-legacy-container\" style=\"text-align:center;--awb-caption-title-font-family:var(--h2_typography-font-family);--awb-caption-title-font-weight:var(--h2_typography-font-weight);--awb-caption-title-font-style:var(--h2_typography-font-style);--awb-caption-title-size:var(--h2_typography-font-size);--awb-caption-title-transform:var(--h2_typography-text-transform);--awb-caption-title-line-height:var(--h2_typography-line-height);--awb-caption-title-letter-spacing:var(--h2_typography-letter-spacing);\"><div class=\"imageframe-align-center\"><span class=\"fusion-imageframe imageframe-none imageframe-2 hover-type-none\"><img decoding=\"async\" width=\"330\" height=\"330\" alt=\"Mike Tuffy\" src=\"https:\/\/optimas.com\/wp-content\/uploads\/2019\/11\/6-MT.jpg\" class=\"img-responsive wp-image-1630\" srcset=\"https:\/\/optimas.com\/wp-content\/uploads\/2019\/11\/6-MT-200x200.jpg 200w, https:\/\/optimas.com\/wp-content\/uploads\/2019\/11\/6-MT.jpg 330w\" sizes=\"(max-width: 800px) 100vw, 330px\" \/><\/span><\/div><\/div><div class=\"fusion-clearfix\"><\/div><\/div><\/div><div class=\"fusion-layout-column fusion_builder_column_inner fusion-builder-nested-column-5 fusion_builder_column_inner_3_4 3_4 fusion-three-fourth fusion-column-last\" style=\"--awb-bg-size:cover;width:75%;width:calc(75% - ( ( 4% ) * 0.75 ) );\"><div class=\"fusion-column-wrapper fusion-column-has-shadow fusion-flex-column-wrapper-legacy\"><div class=\"fusion-text fusion-text-5\"><h1>Mike Tuffy<\/h1>\n<p><strong>PDG, Internationale<\/strong><\/p>\n<\/div><div class=\"fusion-sep-clear\"><\/div><div class=\"fusion-separator fusion-full-width-sep\" style=\"margin-left: auto;margin-right: auto;margin-top:10px;margin-bottom:10px;width:100%;\"><\/div><div class=\"fusion-sep-clear\"><\/div><div class=\"fusion-text fusion-text-6\"><p>Mike Tuffy poss\u00e8de plus de 40 ans d&#039;exp\u00e9rience dans le secteur des fixations, occupant des postes de direction dans les domaines commercial, de l&#039;approvisionnement et des op\u00e9rations. En tant que PDG international (Europe, Moyen-Orient et Asie-Pacifique), Mike utilise sa vaste connaissance des capacit\u00e9s des fournisseurs de classe mondiale pour r\u00e9pondre aux besoins et aux attentes des clients afin de g\u00e9n\u00e9rer des gains d&#039;efficacit\u00e9 pour les partenaires et Optimas. Auparavant, Mike a occup\u00e9 des postes de direction chez Walters Hexagon et Anixter, o\u00f9 il faisait partie de l&#039;\u00e9quipe de direction qui a consid\u00e9rablement d\u00e9velopp\u00e9 l&#039;entreprise gr\u00e2ce \u00e0 une croissance organique et \u00e0 de multiples acquisitions. Il faisait \u00e9galement partie de l&#039;\u00e9quipe d&#039;acquisition qui a s\u00e9par\u00e9 Optimas d&#039;Anixter en 2015.<\/p>\n<\/div><div class=\"fusion-sep-clear\"><\/div><div class=\"fusion-separator fusion-full-width-sep\" style=\"margin-left: auto;margin-right: auto;margin-top:10px;margin-bottom:10px;width:100%;\"><\/div><div class=\"fusion-sep-clear\"><\/div><div class=\"fusion-text fusion-text-7\"><p><a href=\"https:\/\/www.linkedin.com\/in\/mike-tuffy-a2144b56\/\" target=\"_blank\" rel=\"noopener noreferrer nofollow\"><img decoding=\"async\" src=\"\/wp-content\/uploads\/2019\/10\/in.jpg\" \/><\/a><\/p>\n<\/div><div class=\"fusion-clearfix\"><\/div><\/div><\/div><div class=\"fusion-layout-column fusion_builder_column_inner fusion-builder-nested-column-6 fusion_builder_column_inner_1_1 1_1 fusion-one-full fusion-column-first fusion-column-last\" style=\"--awb-bg-size:cover;\"><div class=\"fusion-column-wrapper fusion-column-has-shadow fusion-flex-column-wrapper-legacy\"><div class=\"fusion-sep-clear\"><\/div><div class=\"fusion-separator fusion-full-width-sep\" style=\"margin-left: auto;margin-right: auto;margin-top:10px;margin-bottom:30px;width:100%;\"><div class=\"fusion-separator-border sep-single sep-solid\" style=\"--awb-height:20px;--awb-amount:20px;--awb-sep-color:#a9aaac;border-color:#a9aaac;border-top-width:1px;\"><\/div><\/div><div class=\"fusion-sep-clear\"><\/div><div class=\"fusion-clearfix\"><\/div><\/div><\/div><div class=\"fusion-layout-column fusion_builder_column_inner fusion-builder-nested-column-7 fusion_builder_column_inner_1_4 1_4 fusion-one-fourth fusion-column-first\" style=\"--awb-bg-size:cover;width:25%;width:calc(25% - ( ( 4% ) * 0.25 ) );margin-right: 4%;\" id=\"mark\" data-scroll-devices=\"small-visibility,medium-visibility,large-visibility\"><div class=\"fusion-column-wrapper fusion-column-has-shadow fusion-flex-column-wrapper-legacy\"><div class=\"fusion-image-element fusion-image-align-center in-legacy-container\" style=\"text-align:center;--awb-caption-title-font-family:var(--h2_typography-font-family);--awb-caption-title-font-weight:var(--h2_typography-font-weight);--awb-caption-title-font-style:var(--h2_typography-font-style);--awb-caption-title-size:var(--h2_typography-font-size);--awb-caption-title-transform:var(--h2_typography-text-transform);--awb-caption-title-line-height:var(--h2_typography-line-height);--awb-caption-title-letter-spacing:var(--h2_typography-letter-spacing);\"><div class=\"imageframe-align-center\"><span class=\"fusion-imageframe imageframe-none imageframe-3 hover-type-none\"><img decoding=\"async\" width=\"368\" height=\"368\" title=\"Mark-Korba-Headshot\" src=\"https:\/\/optimas.com\/wp-content\/uploads\/2023\/07\/Mark-Korba-Headshot.jpg\" alt class=\"img-responsive wp-image-7304\" srcset=\"https:\/\/optimas.com\/wp-content\/uploads\/2023\/07\/Mark-Korba-Headshot-200x200.jpg 200w, https:\/\/optimas.com\/wp-content\/uploads\/2023\/07\/Mark-Korba-Headshot.jpg 368w\" sizes=\"(max-width: 800px) 100vw, 368px\" \/><\/span><\/div><\/div><div class=\"fusion-clearfix\"><\/div><\/div><\/div><div class=\"fusion-layout-column fusion_builder_column_inner fusion-builder-nested-column-8 fusion_builder_column_inner_3_4 3_4 fusion-three-fourth fusion-column-last\" style=\"--awb-bg-size:cover;width:75%;width:calc(75% - ( ( 4% ) * 0.75 ) );\"><div class=\"fusion-column-wrapper fusion-column-has-shadow fusion-flex-column-wrapper-legacy\"><div class=\"fusion-text fusion-text-8\" style=\"--awb-text-transform:none;\"><h1>Marc Korba<\/h1>\n<div class=\"PD IF\">\n<div id=\":a5.co\" class=\"JL\">\n<div id=\":ax.ma\" class=\"Mu SP\" data-tooltip=\"December 9, 2019 at 11:35:57 AM UTC-8\"><strong>Chef d&#039;\u00e9quipe<\/strong><\/div>\n<\/div>\n<\/div>\n<\/div><div class=\"fusion-sep-clear\"><\/div><div class=\"fusion-separator fusion-full-width-sep\" style=\"margin-left: auto;margin-right: auto;margin-top:10px;margin-bottom:10px;width:100%;\"><\/div><div class=\"fusion-sep-clear\"><\/div><div class=\"fusion-text fusion-text-9\" style=\"--awb-text-transform:none;\"><p>Mark Korba a rejoint Optimas en 2021 et est responsable du d\u00e9veloppement et de l&#039;ex\u00e9cution des strat\u00e9gies internes et de l&#039;alignement continu de nos principales priorit\u00e9s commerciales. Membre cl\u00e9 de l&#039;\u00e9quipe de direction, il agit \u00e9galement en tant que principal agent de liaison avec la propri\u00e9t\u00e9 d&#039;Optimas. En plus de ces responsabilit\u00e9s, Korba dirige les fonctions mondiales de Business Intelligence et de Program Management Office (PMO) de l&#039;organisation. Korba apporte une riche exp\u00e9rience \u00e0 Optimas, avec des r\u00f4les pr\u00e9c\u00e9dents dans les ventes, les finances, les op\u00e9rations, l&#039;ing\u00e9nierie industrielle et l&#039;intelligence d&#039;affaires. Avant de rejoindre Optimas, Korba a travaill\u00e9 chez CJ Logistics, o\u00f9 il \u00e9tait vice-pr\u00e9sident principal de la technologie, de l&#039;ing\u00e9nierie, des syst\u00e8mes et des solutions. Korba est titulaire d&#039;un baccalaur\u00e9at en finance et d&#039;un MBA en \u00e9conomie de l&#039;Universit\u00e9 Roosevelt.<\/p>\n<\/div><div class=\"fusion-sep-clear\"><\/div><div class=\"fusion-separator fusion-full-width-sep\" style=\"margin-left: auto;margin-right: auto;margin-top:10px;margin-bottom:10px;width:100%;\"><\/div><div class=\"fusion-sep-clear\"><\/div><div class=\"fusion-text fusion-text-10\" style=\"--awb-text-transform:none;\"><p><a href=\"https:\/\/www.linkedin.com\/in\/mark-korba-98486a13\/\" target=\"_blank\" rel=\"noopener noreferrer nofollow\"><img decoding=\"async\" class=\"alignnone\" src=\"\/wp-content\/uploads\/2019\/10\/in.jpg\" alt=\"\" width=\"28\" height=\"28\" \/><\/a><\/p>\n<\/div><div class=\"fusion-clearfix\"><\/div><\/div><\/div><div class=\"fusion-layout-column fusion_builder_column_inner fusion-builder-nested-column-9 fusion_builder_column_inner_1_1 1_1 fusion-one-full fusion-column-first fusion-column-last\" style=\"--awb-bg-size:cover;\"><div class=\"fusion-column-wrapper fusion-column-has-shadow fusion-flex-column-wrapper-legacy\"><div class=\"fusion-sep-clear\"><\/div><div class=\"fusion-separator fusion-full-width-sep\" style=\"margin-left: auto;margin-right: auto;margin-top:10px;margin-bottom:30px;width:100%;\"><div class=\"fusion-separator-border sep-single sep-solid\" style=\"--awb-height:20px;--awb-amount:20px;--awb-sep-color:#a9aaac;border-color:#a9aaac;border-top-width:1px;\"><\/div><\/div><div class=\"fusion-sep-clear\"><\/div><div class=\"fusion-clearfix\"><\/div><\/div><\/div><div class=\"fusion-layout-column fusion_builder_column_inner fusion-builder-nested-column-10 fusion_builder_column_inner_1_4 1_4 fusion-one-fourth fusion-column-first\" style=\"--awb-bg-size:cover;width:25%;width:calc(25% - ( ( 4% ) * 0.25 ) );margin-right: 4%;\" id=\"schorr\"><div class=\"fusion-column-wrapper fusion-column-has-shadow fusion-flex-column-wrapper-legacy\"><div class=\"fusion-image-element fusion-image-align-center in-legacy-container\" style=\"text-align:center;--awb-caption-title-font-family:var(--h2_typography-font-family);--awb-caption-title-font-weight:var(--h2_typography-font-weight);--awb-caption-title-font-style:var(--h2_typography-font-style);--awb-caption-title-size:var(--h2_typography-font-size);--awb-caption-title-transform:var(--h2_typography-text-transform);--awb-caption-title-line-height:var(--h2_typography-line-height);--awb-caption-title-letter-spacing:var(--h2_typography-letter-spacing);\"><div class=\"imageframe-align-center\"><span class=\"fusion-imageframe imageframe-none imageframe-4 hover-type-none\" id=\"daly\"><img decoding=\"async\" width=\"330\" height=\"330\" alt=\"Paul Schorr Directeur technique d&#039;Optimas Solutions\" title=\"Paul Schorr\" src=\"https:\/\/optimas.com\/wp-content\/uploads\/2022\/05\/Paul-Schorr.jpg\" class=\"img-responsive wp-image-4953\" srcset=\"https:\/\/optimas.com\/wp-content\/uploads\/2022\/05\/Paul-Schorr-200x200.jpg 200w, https:\/\/optimas.com\/wp-content\/uploads\/2022\/05\/Paul-Schorr.jpg 330w\" sizes=\"(max-width: 800px) 100vw, 330px\" \/><\/span><\/div><\/div><div class=\"fusion-clearfix\"><\/div><\/div><\/div><div class=\"fusion-layout-column fusion_builder_column_inner fusion-builder-nested-column-11 fusion_builder_column_inner_3_4 3_4 fusion-three-fourth fusion-column-last\" style=\"--awb-bg-size:cover;width:75%;width:calc(75% - ( ( 4% ) * 0.75 ) );\"><div class=\"fusion-column-wrapper fusion-column-has-shadow fusion-flex-column-wrapper-legacy\"><div class=\"fusion-text fusion-text-11\" style=\"--awb-text-transform:none;\"><h1>Paul Schorr<\/h1>\n<div class=\"PD IF\">\n<div id=\":a5.co\" class=\"JL\">\n<div id=\":ax.ma\" class=\"Mu SP\" data-tooltip=\"December 9, 2019 at 11:35:57 AM UTC-8\"><strong>Directeur de l&#039;information<\/strong><\/div>\n<\/div>\n<\/div>\n<\/div><div class=\"fusion-sep-clear\"><\/div><div class=\"fusion-separator fusion-full-width-sep\" style=\"margin-left: auto;margin-right: auto;margin-top:10px;margin-bottom:10px;width:100%;\"><\/div><div class=\"fusion-sep-clear\"><\/div><div class=\"fusion-text fusion-text-12\" style=\"--awb-text-transform:none;\"><p>Paul Schorr dirige la strat\u00e9gie technologique d&#039;Optimas Solutions et supervise tous les aspects informatiques de l&#039;entreprise. Sous sa direction, Optimas pr\u00e9voit d&#039;investir strat\u00e9giquement dans une technologie qui stimule l&#039;efficacit\u00e9 commerciale, alimente la croissance et apporte de nouvelles innovations \u00e0 nos clients. Avant de rejoindre Optimas, Paul \u00e9tait le fondateur et consultant en gestion de Strategic Outlook LLC, une soci\u00e9t\u00e9 de conseil en technologie et en affaires. Pour Strategic Outlook, Paul a \u00e9t\u00e9 CIO sous contrat pour Zesty Paws, Zenwise LLC et uni-ball Corporation. Plus t\u00f4t dans sa carri\u00e8re, Paul a occup\u00e9 le poste de CIO pour Patterson Medical, rebaptis\u00e9 plus tard Performance Health, un fabricant et distributeur mondial en pleine croissance de produits m\u00e9dicaux de r\u00e9adaptation et de r\u00e9cup\u00e9ration. Chez Performance Health, Paul a mis en \u0153uvre une strat\u00e9gie technologique \u00e0 long terme centr\u00e9e sur Oracle NetSuite ERP et d&#039;autres solutions bas\u00e9es sur le cloud. Oracle NetSuite ERP est le principal outil de planification des ressources d&#039;entreprise r\u00e9cemment mis en \u0153uvre par Optimas Solutions. Paul a \u00e9galement dirig\u00e9 l&#039;informatique pour Disney Movie Club (une division de Disney Studios) en tant que CIO divisionnaire bas\u00e9 sur un contrat. Paul est titulaire d&#039;un baccalaur\u00e9at \u00e8s sciences en syst\u00e8mes d&#039;information de gestion de l&#039;Eastern Illinois University.<\/p>\n<\/div><div class=\"fusion-sep-clear\"><\/div><div class=\"fusion-separator fusion-full-width-sep\" style=\"margin-left: auto;margin-right: auto;margin-top:10px;margin-bottom:10px;width:100%;\"><\/div><div class=\"fusion-sep-clear\"><\/div><div class=\"fusion-text fusion-text-13\" style=\"--awb-text-transform:none;\"><p><a href=\"https:\/\/www.linkedin.com\/in\/paulschorr\/\" target=\"_blank\" rel=\"noopener noreferrer nofollow\"><img decoding=\"async\" class=\"alignnone\" src=\"\/wp-content\/uploads\/2019\/10\/in.jpg\" alt=\"\" width=\"28\" height=\"28\" \/><\/a><\/p>\n<\/div><div class=\"fusion-clearfix\"><\/div><\/div><\/div><\/div><div class=\"fusion-clearfix\"><\/div><\/div><\/div><\/div><\/div>","protected":false},"excerpt":{"rendered":"","protected":false},"author":1,"featured_media":0,"parent":11,"menu_order":0,"comment_status":"closed","ping_status":"closed","template":"","meta":{"_acf_changed":false,"content-type":"","footnotes":""},"class_list":["post-814","page","type-page","status-publish","hentry"],"acf":[],"_links":{"self":[{"href":"https:\/\/optimas.com\/fr_ca\/wp-json\/wp\/v2\/pages\/814","targetHints":{"allow":["GET"]}}],"collection":[{"href":"https:\/\/optimas.com\/fr_ca\/wp-json\/wp\/v2\/pages"}],"about":[{"href":"https:\/\/optimas.com\/fr_ca\/wp-json\/wp\/v2\/types\/page"}],"author":[{"embeddable":true,"href":"https:\/\/optimas.com\/fr_ca\/wp-json\/wp\/v2\/users\/1"}],"replies":[{"embeddable":true,"href":"https:\/\/optimas.com\/fr_ca\/wp-json\/wp\/v2\/comments?post=814"}],"version-history":[{"count":0,"href":"https:\/\/optimas.com\/fr_ca\/wp-json\/wp\/v2\/pages\/814\/revisions"}],"up":[{"embeddable":true,"href":"https:\/\/optimas.com\/fr_ca\/wp-json\/wp\/v2\/pages\/11"}],"wp:attachment":[{"href":"https:\/\/optimas.com\/fr_ca\/wp-json\/wp\/v2\/media?parent=814"}],"curies":[{"name":"wp","href":"https:\/\/api.w.org\/{rel}","templated":true}]}}