{"id":15388,"date":"2025-06-13T05:59:06","date_gmt":"2025-06-13T10:59:06","guid":{"rendered":"https:\/\/optimas.com\/?page_id=15388"},"modified":"2025-06-13T07:52:12","modified_gmt":"2025-06-13T12:52:12","slug":"watch-now-mitigating-supply-chain-risk-webinar","status":"publish","type":"page","link":"https:\/\/optimas.com\/it\/watch-now-mitigating-supply-chain-risk-webinar\/","title":{"rendered":"Watch Now &#8211; Mitigating Supply Chain Risk Webinar"},"content":{"rendered":"<p><div class=\"fusion-fullwidth fullwidth-box fusion-builder-row-1 has-pattern-background has-mask-background nonhundred-percent-fullwidth non-hundred-percent-height-scrolling\" style=\"--awb-border-radius-top-left:0px;--awb-border-radius-top-right:0px;--awb-border-radius-bottom-right:0px;--awb-border-radius-bottom-left:0px;--awb-margin-bottom:-100px;--awb-flex-wrap:wrap;\" ><div class=\"fusion-builder-row fusion-row\"><div class=\"fusion-layout-column fusion_builder_column fusion-builder-column-0 fusion_builder_column_1_1 1_1 fusion-one-full fusion-column-first fusion-column-last max1200 centerMobile\" style=\"--awb-padding-top:35px;--awb-padding-right:10px;--awb-padding-bottom:35px;--awb-padding-left:10px;--awb-bg-size:cover;--awb-margin-bottom:0px;\"><div class=\"fusion-column-wrapper fusion-column-has-shadow fusion-flex-column-wrapper-legacy\"><div class=\"fusion-text fusion-text-1\"><h1 style=\"color: #323232; text-align: left;\"><strong>Watch Now: Global Pressures, Local Impacts<\/strong><\/h1>\n<h2 style=\"color: #91c73e; text-align: left;\">The Fastener Supply Chain In A Shifting World<\/h2>\n<\/div><div class=\"fusion-clearfix\"><\/div><\/div><\/div><\/div><\/div><div class=\"fusion-fullwidth fullwidth-box fusion-builder-row-2 has-pattern-background has-mask-background nonhundred-percent-fullwidth non-hundred-percent-height-scrolling max1200\" style=\"--awb-border-radius-top-left:0px;--awb-border-radius-top-right:0px;--awb-border-radius-bottom-right:0px;--awb-border-radius-bottom-left:0px;--awb-padding-top:100px;--awb-margin-bottom:-80px;--awb-background-size:100%;--awb-flex-wrap:wrap;\" ><div class=\"fusion-builder-row fusion-row\"><div class=\"fusion-layout-column fusion_builder_column fusion-builder-column-1 fusion_builder_column_1_1 1_1 fusion-one-full fusion-column-first fusion-column-last\" style=\"--awb-bg-size:cover;\"><div class=\"fusion-column-wrapper fusion-column-has-shadow fusion-flex-column-wrapper-legacy\"><div class=\"fusion-builder-row fusion-builder-row-inner fusion-row\"><div class=\"fusion-layout-column fusion_builder_column_inner fusion-builder-nested-column-0 fusion_builder_column_inner_1_2 1_2 fusion-one-half fusion-column-first\" style=\"--awb-bg-size:cover;width:50%;width:calc(50% - ( ( 4% ) * 0.5 ) );margin-right: 4%;\"><div class=\"fusion-column-wrapper fusion-column-has-shadow fusion-flex-column-wrapper-legacy\"><br><div style=\"display: flex; justify-content: center;\">\n<iframe width=\"650\" height=\"405\" src=\"https:\/\/www.youtube.com\/embed\/FV9aGW9p8tA?si=V3xS4y4h97OGHjr3%22\" title=\"YouTube video player\" frameborder=\"\" style=\"border: 5px solid #91c73e;\" allow=\"accelerometer; autoplay; clipboard-write; encrypted-media; gyroscope; picture-in-picture; web-share\" referrerpolicy=\"strict-origin-when-cross-origin\" allowfullscreen><\/iframe>\n<\/div><div class=\"fusion-clearfix\"><\/div><\/div><\/div><div class=\"fusion-layout-column fusion_builder_column_inner fusion-builder-nested-column-1 fusion_builder_column_inner_1_2 1_2 fusion-one-half fusion-column-last\" style=\"--awb-padding-right:12px;--awb-bg-size:cover;width:50%;width:calc(50% - ( ( 4% ) * 0.5 ) );\" data-scroll-devices=\"small-visibility,medium-visibility,large-visibility\"><div class=\"fusion-column-wrapper fusion-column-has-shadow fusion-flex-column-wrapper-legacy\"><div class=\"fusion-text fusion-text-2\"><p>Optimas experts share insights on how manufacturers are responding to global trade disruptions\u2014highlighting key mitigation strategies and the growing importance of transparency and collaboration.<\/p>\n<\/div><br><div class=\"fusion-text fusion-text-3\"><p style=\"font-color: #323232; font-size: 24px;\"><strong>Points Covered:<\/strong><\/p>\n<\/div><br><div class=\"fusion-text fusion-text-4\"><p style=\"padding-bottom: 16px;\"><strong>\u2705\u00a0 <\/strong>The latest global trade dynamics impacting fastener trade<\/p>\n<p style=\"padding-bottom: 16px;\"><strong>\u2705 \u00a0<\/strong>Current supply chain pressure points<\/p>\n<p style=\"padding-bottom: 16px;\"><strong>\u2705 \u00a0<\/strong>Real-world risk mitigation strategies such as dual sourcing, VMI and regional sourcing<\/p>\n<p style=\"padding-bottom: 16px;\"><strong>\u2705 \u00a0<\/strong>How to communicate supply chain shifts without alarming customers<\/p>\n<\/div><div class=\"fusion-clearfix\"><\/div><\/div><\/div><\/div><div class=\"fusion-clearfix\"><\/div><\/div><\/div><\/div><\/div><div class=\"fusion-fullwidth fullwidth-box fusion-builder-row-3 has-pattern-background has-mask-background nonhundred-percent-fullwidth non-hundred-percent-height-scrolling max1200 centerMobile\" style=\"--awb-border-radius-top-left:0px;--awb-border-radius-top-right:0px;--awb-border-radius-bottom-right:0px;--awb-border-radius-bottom-left:0px;--awb-margin-bottom:20px;--awb-flex-wrap:wrap;\" ><div class=\"fusion-builder-row fusion-row\"><div class=\"fusion-layout-column fusion_builder_column fusion-builder-column-2 fusion_builder_column_1_1 1_1 fusion-one-full fusion-column-first fusion-column-last\" style=\"--awb-bg-size:cover;\"><div class=\"fusion-column-wrapper fusion-column-has-shadow fusion-flex-column-wrapper-legacy\"><br><div class=\"fusion-text fusion-text-5 fusion-text-no-margin\" style=\"--awb-margin-bottom:18px;\"><p style=\"text-align: center;\">In an era of turbulence and economic volatility, even small components like fasteners can pose big supply chain risks.<\/p>\n<\/div><div class=\"fusion-clearfix\"><\/div><\/div><\/div><div class=\"fusion-layout-column fusion_builder_column fusion-builder-column-3 fusion_builder_column_1_1 1_1 fusion-one-full fusion-column-first fusion-column-last max1500\" style=\"--awb-padding-top:35px;--awb-padding-right:80px;--awb-padding-left:80px;--awb-overflow:hidden;--awb-bg-color:#91c73e;--awb-bg-color-hover:#91c73e;--awb-bg-size:cover;--awb-border-color:#91c73e;--awb-border-top:3px;--awb-border-right:3px;--awb-border-bottom:3px;--awb-border-left:3px;--awb-border-style:solid;--awb-border-radius:6px 6px 6px 6px;--awb-margin-bottom:0px;\" data-scroll-devices=\"small-visibility,medium-visibility,large-visibility\"><div class=\"fusion-column-wrapper fusion-column-has-shadow fusion-flex-column-wrapper-legacy\"><div class=\"fusion-column-content-centered\"><div class=\"fusion-column-content\"><div class=\"fusion-builder-row fusion-builder-row-inner fusion-row\"><div class=\"fusion-layout-column fusion_builder_column_inner fusion-builder-nested-column-2 fusion_builder_column_inner_1_2 1_2 fusion-one-half fusion-column-first\" style=\"--awb-bg-size:cover;width:50%;width:calc(50% - ( ( 4% ) * 0.5 ) );margin-right: 4%;\"><div class=\"fusion-column-wrapper fusion-column-has-shadow fusion-flex-column-wrapper-legacy\"><br><br><div class=\"fusion-text fusion-text-6 fusion-text-no-margin\" style=\"--awb-margin-bottom:8px;\"><p style=\"color: #ffffff; font-size: 30px; text-align: left;\"><strong>Continue the conversation and speak with an Optimas Supply Chain expert<\/strong><\/p>\n<\/div><br><div class=\"fusion-text fusion-text-7\"><p style=\"color: #000000; text-align: left;\">They can help you identify areas to strengthen your supply and boost efficiencies.<\/p>\n<\/div><br><div class=\"fusion-image-element in-legacy-container\" style=\"--awb-liftup-border-radius:0px;--awb-caption-title-font-family:var(--h2_typography-font-family);--awb-caption-title-font-weight:var(--h2_typography-font-weight);--awb-caption-title-font-style:var(--h2_typography-font-style);--awb-caption-title-size:var(--h2_typography-font-size);--awb-caption-title-transform:var(--h2_typography-text-transform);--awb-caption-title-line-height:var(--h2_typography-line-height);--awb-caption-title-letter-spacing:var(--h2_typography-letter-spacing);\"><div class=\"awb-image-frame awb-image-frame-1 imageframe-liftup\"><span class=\"fusion-imageframe imageframe-none imageframe-1\"><img decoding=\"async\" width=\"1024\" height=\"581\" title=\"Design draft\" src=\"https:\/\/optimas.com\/wp-content\/uploads\/2025\/06\/Design-draft-2-1024x581.png\" alt class=\"img-responsive wp-image-15409\" srcset=\"https:\/\/optimas.com\/wp-content\/uploads\/2025\/06\/Design-draft-2-200x113.png 200w, https:\/\/optimas.com\/wp-content\/uploads\/2025\/06\/Design-draft-2-400x227.png 400w, https:\/\/optimas.com\/wp-content\/uploads\/2025\/06\/Design-draft-2-600x340.png 600w, https:\/\/optimas.com\/wp-content\/uploads\/2025\/06\/Design-draft-2-800x454.png 800w, https:\/\/optimas.com\/wp-content\/uploads\/2025\/06\/Design-draft-2-1200x681.png 1200w\" sizes=\"(max-width: 800px) 100vw, 1200px\" \/><\/span><\/div><\/div><div class=\"fusion-clearfix\"><\/div><\/div><\/div><div class=\"fusion-layout-column fusion_builder_column_inner fusion-builder-nested-column-3 fusion_builder_column_inner_1_2 1_2 fusion-one-half fusion-column-last\" style=\"--awb-bg-size:cover;width:50%;width:calc(50% - ( ( 4% ) * 0.5 ) );\"><div class=\"fusion-column-wrapper fusion-column-has-shadow fusion-flex-column-wrapper-legacy\"><script src=\"https:\/\/js.hsforms.net\/forms\/embed\/513392.js\" defer><\/script>\n<div class=\"hs-form-frame\" data-region=\"na1\" data-form-id=\"3cbbdc71-f7aa-43f3-af49-f4a81b734f66\" data-portal-id=\"513392\"><\/div><div class=\"fusion-clearfix\"><\/div><\/div><\/div><\/div><\/div><\/div><div class=\"fusion-clearfix\"><\/div><\/div><\/div><\/div><\/div><div class=\"fusion-fullwidth fullwidth-box fusion-builder-row-4 fusion-flex-container has-pattern-background has-mask-background nonhundred-percent-fullwidth non-hundred-percent-height-scrolling\" style=\"--awb-border-radius-top-left:0px;--awb-border-radius-top-right:0px;--awb-border-radius-bottom-right:0px;--awb-border-radius-bottom-left:0px;--awb-padding-top:50px;--awb-padding-bottom:30px;--awb-margin-bottom:40px;--awb-background-color:var(--awb-color1);--awb-flex-wrap:wrap;\" ><div class=\"fusion-builder-row fusion-row fusion-flex-align-items-center fusion-flex-content-wrap\" style=\"max-width:104%;margin-left: calc(-4% \/ 2 );margin-right: calc(-4% \/ 2 );\"><div class=\"fusion-layout-column fusion_builder_column fusion-builder-column-4 fusion_builder_column_1_6 1_6 fusion-flex-column\" style=\"--awb-bg-size:cover;--awb-width-large:16.6666666667%;--awb-margin-top-large:0px;--awb-spacing-right-large:11.52%;--awb-margin-bottom-large:20px;--awb-spacing-left-large:11.52%;--awb-width-medium:100%;--awb-order-medium:0;--awb-spacing-right-medium:1.92%;--awb-spacing-left-medium:1.92%;--awb-width-small:100%;--awb-order-small:0;--awb-spacing-right-small:1.92%;--awb-spacing-left-small:1.92%;\"><div class=\"fusion-column-wrapper fusion-column-has-shadow fusion-flex-justify-content-flex-start fusion-content-layout-column\"><\/div><\/div><div class=\"fusion-layout-column fusion_builder_column fusion-builder-column-5 fusion_builder_column_1_3 1_3 fusion-flex-column\" style=\"--awb-padding-top:16px;--awb-padding-right:16px;--awb-padding-bottom:16px;--awb-padding-left:16px;--awb-bg-color:var(--awb-color1);--awb-bg-color-hover:var(--awb-color1);--awb-bg-size:cover;--awb-width-large:33.3333333333%;--awb-margin-top-large:0px;--awb-spacing-right-large:5.76%;--awb-margin-bottom-large:20px;--awb-spacing-left-large:5.76%;--awb-width-medium:100%;--awb-order-medium:0;--awb-spacing-right-medium:1.92%;--awb-spacing-left-medium:1.92%;--awb-width-small:100%;--awb-order-small:0;--awb-spacing-right-small:1.92%;--awb-spacing-left-small:1.92%;\" data-scroll-devices=\"small-visibility,medium-visibility,large-visibility\"><div class=\"fusion-column-wrapper fusion-column-has-shadow fusion-flex-justify-content-flex-start fusion-content-layout-column\"><div class=\"fusion-image-element\" style=\"text-align:center;--awb-max-width:600px;--awb-caption-title-font-family:var(--h2_typography-font-family);--awb-caption-title-font-weight:var(--h2_typography-font-weight);--awb-caption-title-font-style:var(--h2_typography-font-style);--awb-caption-title-size:var(--h2_typography-font-size);--awb-caption-title-transform:var(--h2_typography-text-transform);--awb-caption-title-line-height:var(--h2_typography-line-height);--awb-caption-title-letter-spacing:var(--h2_typography-letter-spacing);\"><span class=\"fusion-imageframe imageframe-none imageframe-2 hover-type-none\" style=\"border-radius:6px;\"><img decoding=\"async\" width=\"573\" height=\"436\" title=\"AVS-Big-immagini\" src=\"https:\/\/optimas.com\/wp-content\/uploads\/2025\/06\/AVS-Big-images.jpg\" alt class=\"img-responsive wp-image-15397\" srcset=\"https:\/\/optimas.com\/wp-content\/uploads\/2025\/06\/AVS-Big-images-200x152.jpg 200w, https:\/\/optimas.com\/wp-content\/uploads\/2025\/06\/AVS-Big-images-400x304.jpg 400w, https:\/\/optimas.com\/wp-content\/uploads\/2025\/06\/AVS-Big-images.jpg 573w\" sizes=\"(max-width: 1024px) 100vw, (max-width: 640px) 100vw, 573px\" \/><\/span><\/div><\/div><\/div><div class=\"fusion-layout-column fusion_builder_column fusion-builder-column-6 fusion_builder_column_1_3 1_3 fusion-flex-column\" style=\"--awb-bg-size:cover;--awb-width-large:33.3333333333%;--awb-margin-top-large:0px;--awb-spacing-right-large:5.76%;--awb-margin-bottom-large:20px;--awb-spacing-left-large:5.76%;--awb-width-medium:100%;--awb-order-medium:0;--awb-spacing-right-medium:1.92%;--awb-spacing-left-medium:1.92%;--awb-width-small:100%;--awb-order-small:0;--awb-spacing-right-small:1.92%;--awb-spacing-left-small:1.92%;\"><div class=\"fusion-column-wrapper fusion-column-has-shadow fusion-flex-justify-content-flex-start fusion-content-layout-column\"><div class=\"fusion-text fusion-text-8\"><h1 style=\"color: #91c73e; text-align: left;\">Global Distribution, Local Support<\/h1>\n<\/div><div class=\"fusion-text fusion-text-9\"><p style=\"text-align: left;\">Potresti non essere in grado di evitare completamente il rischio, ma puoi mitigarlo scegliendo il giusto partner di approvvigionamento come Optimas. Quando essere competitivi nel tuo settore significa garantire l&#039;accesso alle parti di cui hai bisogno migliorando continuamente la produttivit\u00e0, abbreviando i tempi di consegna e risparmiando denaro, pi\u00f9 breve e semplice \u00e8 la tua catena di fornitura, meglio \u00e8.<\/p>\n<\/div><br><div style=\"text-align:left;\"><a class=\"fusion-button button-flat button-xlarge button-custom fusion-button-default button-1 fusion-button-default-span fusion-button-default-type fusion-has-button-gradient\" style=\"--button_accent_color:#ffffffff;--button_accent_hover_color:#781010;--button_border_hover_color:#781010;--button-border-radius-top-left:6px;--button-border-radius-top-right:6px;--button-border-radius-bottom-right:6px;--button-border-radius-bottom-left:6px;--button_gradient_end:0%;--button_gradient_top_color:rgba(0,0,0,0);--button_gradient_bottom_color:#e87722;--button_gradient_top_color_hover:#d65a5a;--button_gradient_bottom_color_hover:#e89090;--button_typography-font-family:&quot;WhitneySemiBold&quot;;--button_typography-font-style:normal;--button_typography-font-weight:400;--button_margin-top:20px;\" target=\"_blank\" rel=\"noopener noreferrer\" href=\"https:\/\/optimas.com\/it\/contact\/\"><span class=\"fusion-button-text awb-button__text awb-button__text--default\">Connect With An Expert<\/span><\/a><\/div><\/div><\/div><div class=\"fusion-layout-column fusion_builder_column fusion-builder-column-7 fusion_builder_column_1_6 1_6 fusion-flex-column\" style=\"--awb-bg-size:cover;--awb-width-large:16.6666666667%;--awb-margin-top-large:0px;--awb-spacing-right-large:11.52%;--awb-margin-bottom-large:20px;--awb-spacing-left-large:11.52%;--awb-width-medium:100%;--awb-order-medium:0;--awb-spacing-right-medium:1.92%;--awb-spacing-left-medium:1.92%;--awb-width-small:100%;--awb-order-small:0;--awb-spacing-right-small:1.92%;--awb-spacing-left-small:1.92%;\"><div class=\"fusion-column-wrapper fusion-column-has-shadow fusion-flex-justify-content-flex-start fusion-content-layout-column\"><\/div><\/div><\/div><\/div><\/p>","protected":false},"excerpt":{"rendered":"","protected":false},"author":42,"featured_media":15380,"parent":0,"menu_order":0,"comment_status":"closed","ping_status":"closed","template":"","meta":{"_acf_changed":false,"content-type":"","footnotes":""},"class_list":["post-15388","page","type-page","status-publish","has-post-thumbnail","hentry"],"acf":[],"_links":{"self":[{"href":"https:\/\/optimas.com\/it\/wp-json\/wp\/v2\/pages\/15388","targetHints":{"allow":["GET"]}}],"collection":[{"href":"https:\/\/optimas.com\/it\/wp-json\/wp\/v2\/pages"}],"about":[{"href":"https:\/\/optimas.com\/it\/wp-json\/wp\/v2\/types\/page"}],"author":[{"embeddable":true,"href":"https:\/\/optimas.com\/it\/wp-json\/wp\/v2\/users\/42"}],"replies":[{"embeddable":true,"href":"https:\/\/optimas.com\/it\/wp-json\/wp\/v2\/comments?post=15388"}],"version-history":[{"count":0,"href":"https:\/\/optimas.com\/it\/wp-json\/wp\/v2\/pages\/15388\/revisions"}],"wp:featuredmedia":[{"embeddable":true,"href":"https:\/\/optimas.com\/it\/wp-json\/wp\/v2\/media\/15380"}],"wp:attachment":[{"href":"https:\/\/optimas.com\/it\/wp-json\/wp\/v2\/media?parent=15388"}],"curies":[{"name":"wp","href":"https:\/\/api.w.org\/{rel}","templated":true}]}}