{"id":2015,"date":"2019-12-05T20:11:26","date_gmt":"2019-12-05T20:11:26","guid":{"rendered":"https:\/\/optimas.com\/?page_id=2015"},"modified":"2026-04-13T11:29:29","modified_gmt":"2026-04-13T16:29:29","slug":"supplier-code-of-conduct","status":"publish","type":"page","link":"https:\/\/optimas.com\/it\/supplier-code-of-conduct\/","title":{"rendered":"Codice di condotta dei fornitori"},"content":{"rendered":"<div class=\"fusion-fullwidth fullwidth-box fusion-builder-row-1 nonhundred-percent-fullwidth non-hundred-percent-height-scrolling\" style=\"--awb-border-radius-top-left:0px;--awb-border-radius-top-right:0px;--awb-border-radius-bottom-right:0px;--awb-border-radius-bottom-left:0px;--awb-padding-bottom:50px;--awb-flex-wrap:wrap;\" ><div class=\"fusion-builder-row fusion-row\"><div class=\"fusion-layout-column fusion_builder_column fusion-builder-column-0 fusion_builder_column_1_1 1_1 fusion-one-full fusion-column-first fusion-column-last max1200\" style=\"--awb-bg-size:cover;\"><div class=\"fusion-column-wrapper fusion-column-has-shadow fusion-flex-column-wrapper-legacy\"><div class=\"fusion-text fusion-text-1\"><h1 style=\"text-align: center;\">Codice di condotta dei fornitori<\/h1>\n<p><strong>Integrit\u00e0 aziendale<\/strong><\/p>\n<p>Tutte le forme di corruzione, corruzione, estorsione e appropriazione indebita sono severamente vietate. Il fornitore non deve trarre vantaggio ingiusto da Optimas o da chiunque altro attraverso l&#039;abuso di informazioni privilegiate o proprietarie, false dichiarazioni di fatti materiali o altre pratiche sleali o disoneste.<\/p>\n<p><strong><br \/>\nConflitto di interessi<\/strong><\/p>\n<p>Il Fornitore non deve sollecitare o impegnare i dipendenti di Optimas o i loro familiari a fungere da funzionari, direttori, dipendenti, agenti o consulenti per il Fornitore, tranne con il consenso del Consiglio Generale di Optimas.<\/p>\n<p><strong><br \/>\nCompetizione leale<\/strong><\/p>\n<p>Il Fornitore dovr\u00e0 rispettare tutte le leggi antitrust e anticoncorrenziali applicabili alle sue attivit\u00e0 commerciali.<\/p>\n<p><em>dichiarazione Universale dei Diritti Umani<\/em><\/p>\n<p>Il Fornitore dovr\u00e0 fornire ai propri dipendenti un ambiente di lavoro equo, sicuro e non discriminatorio conforme alla Dichiarazione universale dei diritti umani ai sensi del Patto globale delle Nazioni Unite.<\/p>\n<p><em>Conforme alle leggi<\/em><\/p>\n<p>Il fornitore deve rispettare pienamente tutte le leggi e i regolamenti nazionali, statali e locali applicabili, inclusi, a titolo esemplificativo, quelli relativi al lavoro, all&#039;immigrazione, alla salute e alla sicurezza e all&#039;ambiente.<\/p>\n<p><em>Lavoro volontario e diritti dei lavoratori<\/em><\/p>\n<p>Tutto il lavoro del fornitore deve essere volontario. Il lavoro minorile o forzato, sotto forma di lavoro in prigione, lavoro forzato, lavoro subordinato o altro, non deve essere utilizzato. Il fornitore riconosce il diritto dei dipendenti alla contrattazione collettiva e alla libert\u00e0 di associazione.<\/p>\n<p><em>Non discriminazione<\/em><\/p>\n<p>Il fornitore non deve discriminare in base a sesso, razza, colore, religione, et\u00e0, disabilit\u00e0, orientamento sessuale, identit\u00e0 di genere, nazionalit\u00e0, informazioni genetiche, opinioni politiche o origine sociale o etnica.<\/p>\n<p><em>Molestie e abusi<\/em><\/p>\n<p>Ogni dipendente deve essere trattato con rispetto e dignit\u00e0 e nessun dipendente sar\u00e0 soggetto a molestie o abusi fisici, sessuali o psicologici.<\/p>\n<p><em>Salute e sicurezza<\/em><\/p>\n<p>Il fornitore deve fornire un ambiente di lavoro sano e sicuro per prevenire incidenti e infortuni in conformit\u00e0 con le leggi nazionali, statali e locali. \u00c8 necessario adottare misure proattive per prevenire i rischi sul luogo di lavoro.<\/p>\n<p><em>Ambientale<\/em><\/p>\n<p>Il fornitore deve rispettare tutte le leggi e le normative ambientali nazionali, statali e locali applicabili. Il fornitore si impegna a promuovere la responsabilit\u00e0 ambientale.<\/p>\n<p><strong><br \/>\nHotline etica<\/strong><\/p>\n<p>Incoraggiamo qualsiasi violazione di questo Codice a essere segnalata alla Optimas AlertLine. Le segnalazioni possono essere inviate online in forma anonima <a href=\"https:\/\/app.convercent.com\/en-us\/LandingPage\/07fff61e-834f-e711-80dd-000d3ab1117e\" target=\"_blank\" rel=\"noopener nofollow\">qui.<\/a><\/p>\n<p><em>Conformit\u00e0 a questa politica<\/em><\/p>\n<p>I fornitori sono tenuti ad adottare misure ragionevoli per garantire che questo Codice di condotta per i fornitori sia comunicato attraverso le loro organizzazioni e la loro catena di fornitura. Dopo aver appreso della mancata osservanza del presente Codice di condotta del fornitore, il fornitore deve segnalarlo immediatamente a Optimas. La mancata osservanza da parte del Fornitore del presente Codice di condotta del fornitore pu\u00f2 essere motivo per cui Optimas interrompe il proprio rapporto con il Fornitore, a seconda della gravit\u00e0 della violazione e delle circostanze particolari.<\/p>\n<\/div><div class=\"fusion-clearfix\"><\/div><\/div><\/div><\/div><\/div>","protected":false},"excerpt":{"rendered":"","protected":false},"author":1,"featured_media":0,"parent":0,"menu_order":0,"comment_status":"closed","ping_status":"closed","template":"","meta":{"_acf_changed":false,"content-type":"","footnotes":""},"class_list":["post-2015","page","type-page","status-publish","hentry"],"acf":[],"_links":{"self":[{"href":"https:\/\/optimas.com\/it\/wp-json\/wp\/v2\/pages\/2015","targetHints":{"allow":["GET"]}}],"collection":[{"href":"https:\/\/optimas.com\/it\/wp-json\/wp\/v2\/pages"}],"about":[{"href":"https:\/\/optimas.com\/it\/wp-json\/wp\/v2\/types\/page"}],"author":[{"embeddable":true,"href":"https:\/\/optimas.com\/it\/wp-json\/wp\/v2\/users\/1"}],"replies":[{"embeddable":true,"href":"https:\/\/optimas.com\/it\/wp-json\/wp\/v2\/comments?post=2015"}],"version-history":[{"count":0,"href":"https:\/\/optimas.com\/it\/wp-json\/wp\/v2\/pages\/2015\/revisions"}],"wp:attachment":[{"href":"https:\/\/optimas.com\/it\/wp-json\/wp\/v2\/media?parent=2015"}],"curies":[{"name":"wp","href":"https:\/\/api.w.org\/{rel}","templated":true}]}}