{"id":5356,"date":"2022-07-25T15:40:12","date_gmt":"2022-07-25T20:40:12","guid":{"rendered":"https:\/\/optimas.com\/?page_id=5356"},"modified":"2026-04-13T11:42:43","modified_gmt":"2026-04-13T16:42:43","slug":"diversity-equity-and-inclusion","status":"publish","type":"page","link":"https:\/\/optimas.com\/it\/diversity-equity-and-inclusion\/","title":{"rendered":"Diversit\u00e0, equit\u00e0 e inclusione (DEI)"},"content":{"rendered":"<p><div class=\"fusion-fullwidth fullwidth-box fusion-builder-row-1 nonhundred-percent-fullwidth non-hundred-percent-height-scrolling centerMobile\" style=\"--awb-border-radius-top-left:0px;--awb-border-radius-top-right:0px;--awb-border-radius-bottom-right:0px;--awb-border-radius-bottom-left:0px;--awb-flex-wrap:wrap;\" ><div class=\"fusion-builder-row fusion-row\"><div class=\"fusion-layout-column fusion_builder_column fusion-builder-column-0 fusion_builder_column_1_1 1_1 fusion-one-full fusion-column-first fusion-column-last max1200\" style=\"--awb-bg-size:cover;\"><div class=\"fusion-column-wrapper fusion-column-has-shadow fusion-flex-column-wrapper-legacy\"><div class=\"fusion-column-content-centered\"><div class=\"fusion-column-content\"><div class=\"fusion-builder-row fusion-builder-row-inner fusion-row\"><div class=\"fusion-layout-column fusion_builder_column_inner fusion-builder-nested-column-0 fusion_builder_column_inner_2_5 2_5 fusion-two-fifth fusion-column-first\" style=\"--awb-bg-size:cover;width:40%;width:calc(40% - ( ( 4% ) * 0.4 ) );margin-right: 4%;\"><div class=\"fusion-column-wrapper fusion-column-has-shadow fusion-flex-column-wrapper-legacy\"><div class=\"fusion-image-element in-legacy-container\" style=\"--awb-margin-top:200px;--awb-max-width:300px;--awb-caption-title-font-family:var(--h2_typography-font-family);--awb-caption-title-font-weight:var(--h2_typography-font-weight);--awb-caption-title-font-style:var(--h2_typography-font-style);--awb-caption-title-size:var(--h2_typography-font-size);--awb-caption-title-transform:var(--h2_typography-text-transform);--awb-caption-title-line-height:var(--h2_typography-line-height);--awb-caption-title-letter-spacing:var(--h2_typography-letter-spacing);\"><span class=\"fusion-imageframe imageframe-none imageframe-1 hover-type-none\"><img decoding=\"async\" width=\"500\" height=\"736\" alt=\"Impronta digitale\" title=\"DEI-Impronta digitale-SM\" src=\"https:\/\/optimas.com\/wp-content\/uploads\/2022\/07\/DEI-Fingerprint-SM.png\" class=\"img-responsive wp-image-5376\" srcset=\"https:\/\/optimas.com\/wp-content\/uploads\/2022\/07\/DEI-Fingerprint-SM-200x294.png 200w, https:\/\/optimas.com\/wp-content\/uploads\/2022\/07\/DEI-Fingerprint-SM-400x589.png 400w, https:\/\/optimas.com\/wp-content\/uploads\/2022\/07\/DEI-Fingerprint-SM.png 500w\" sizes=\"(max-width: 800px) 100vw, 500px\" \/><\/span><\/div><div class=\"fusion-clearfix\"><\/div><\/div><\/div><div class=\"fusion-layout-column fusion_builder_column_inner fusion-builder-nested-column-1 fusion_builder_column_inner_3_5 3_5 fusion-three-fifth fusion-column-last\" style=\"--awb-bg-size:cover;width:60%;width:calc(60% - ( ( 4% ) * 0.6 ) );\"><div class=\"fusion-column-wrapper fusion-column-has-shadow fusion-flex-column-wrapper-legacy\"><div class=\"fusion-text fusion-text-1\"><h1 class=\"firstSectionAbout\">Diversit\u00e0, equit\u00e0 e inclusione (DEI)<\/h1>\n<p style=\"font-size: 30px!important; line-height: 40px!important;\">Optimas si impegna a promuovere una cultura aziendale che metta la diversit\u00e0, l&#039;equit\u00e0 e l&#039;inclusione in prima linea nella nostra missione e nei nostri valori. Riteniamo che un ambiente di lavoro sano che incoraggi la comunit\u00e0 ci aiuter\u00e0 a raggiungere i nostri obiettivi di fornire qualit\u00e0 e servizi eccezionali nella catena di fornitura e produzione globale. I nostri valori THREAD di Lavoro di squadra, Onest\u00e0, Rispetto, Eccellenza, Responsabilit\u00e0 e Guida prendono vita solo quando accogliamo i nostri diversi dipendenti e facciamo dell&#039;inclusivit\u00e0 una priorit\u00e0.<\/p>\n<p style=\"font-size: 30px!important; line-height: 40px!important;\">Optimas \u00e8 orgogliosa del suo personale diversificato che si estende in tutto il mondo. Ci impegniamo a riconoscere le prospettive e le esperienze di tutti i nostri dipendenti, il che ci consente di sfruttare la vasta conoscenza ed esperienza del nostro team.<\/p>\n<\/div><div class=\"fusion-clearfix\"><\/div><\/div><\/div><\/div><\/div><\/div><div class=\"fusion-clearfix\"><\/div><\/div><\/div><\/div><\/div><div class=\"fusion-fullwidth fullwidth-box fusion-builder-row-2 nonhundred-percent-fullwidth non-hundred-percent-height-scrolling\" style=\"--awb-border-radius-top-left:0px;--awb-border-radius-top-right:0px;--awb-border-radius-bottom-right:0px;--awb-border-radius-bottom-left:0px;--awb-background-color:#00aee0;--awb-flex-wrap:wrap;\" ><div class=\"fusion-builder-row fusion-row\"><div class=\"fusion-layout-column fusion_builder_column fusion-builder-column-1 fusion_builder_column_1_1 1_1 fusion-one-full fusion-column-first fusion-column-last max1200\" style=\"--awb-padding-top:35px;--awb-padding-right:10px;--awb-padding-bottom:35px;--awb-padding-left:10px;--awb-bg-size:cover;--awb-margin-bottom:0px;\"><div class=\"fusion-column-wrapper fusion-column-has-shadow fusion-flex-column-wrapper-legacy\"><div class=\"fusion-text fusion-text-2\"><h1><span style=\"color: #ffffff;\">Diversit\u00e0, equit\u00e0 e valori di inclusione<\/span><\/h1>\n<ul>\n<li><span style=\"color: #ffffff;\">Incoraggiamo tutti i dipendenti a condividere consapevolmente le loro prospettive ed esperienze per beneficiare e far progredire la missione di Optimas.<\/span><\/li>\n<li><span style=\"color: #ffffff;\">Ci impegniamo a creare un ambiente che consenta a tutti i dipendenti di sentirsi sicuri e protetti nella loro autentica identit\u00e0 sul lavoro.<\/span><\/li>\n<li><span style=\"color: #ffffff;\">Ci aspettiamo che il trattamento equo e la dignit\u00e0 siano fondamentali per tutti i rapporti di lavoro.<\/span><\/li>\n<li><span style=\"color: #ffffff;\">Ci impegniamo ad ascoltare attivamente i nostri dipendenti per imparare come migliorare e crescere insieme come azienda.<\/span><\/li>\n<li><span style=\"color: #ffffff;\">Ci dedichiamo alla continuazione della cultura consapevole di equit\u00e0, diversit\u00e0 e inclusivit\u00e0 di Optimas.<\/span><\/li>\n<\/ul>\n<\/div><div class=\"fusion-clearfix\"><\/div><\/div><\/div><\/div><\/div><div class=\"fusion-fullwidth fullwidth-box fusion-builder-row-3 nonhundred-percent-fullwidth non-hundred-percent-height-scrolling\" style=\"--awb-border-radius-top-left:0px;--awb-border-radius-top-right:0px;--awb-border-radius-bottom-right:0px;--awb-border-radius-bottom-left:0px;--awb-padding-top:60px;--awb-padding-bottom:0px;--awb-flex-wrap:wrap;\" ><div class=\"fusion-builder-row fusion-row\"><div class=\"fusion-layout-column fusion_builder_column fusion-builder-column-2 fusion_builder_column_1_1 1_1 fusion-one-full fusion-column-first fusion-column-last max1200\" style=\"--awb-bg-size:cover;\"><div class=\"fusion-column-wrapper fusion-column-has-shadow fusion-flex-column-wrapper-legacy\"><div class=\"fusion-builder-row fusion-builder-row-inner fusion-row\"><div class=\"fusion-layout-column fusion_builder_column_inner fusion-builder-nested-column-2 fusion_builder_column_inner_1_1 1_1 fusion-one-full fusion-column-first fusion-column-last\" style=\"--awb-bg-size:cover;\"><div class=\"fusion-column-wrapper fusion-column-has-shadow fusion-flex-column-wrapper-legacy\"><div class=\"fusion-text fusion-text-3\"><h1>Iniziative per la diversit\u00e0, l&#039;equit\u00e0 e l&#039;inclusione<\/h1>\n<h3><strong>Cultura della promozione equa di Marketing Optimas<\/strong><\/h3>\n<p>Optimas \u00e8 orgogliosa della sua cultura di promozione basata sui bisogni. Il nostro obiettivo \u00e8 prendere decisioni aziendali intelligenti e calcolate a vantaggio dell&#039;azienda nel suo insieme.<\/p>\n<h3><strong>Eventi multiculturali<\/strong><\/h3>\n<p>Optimas incoraggia la celebrazione di tutti gli eventi culturali a livello nazionale e internazionale.<\/p>\n<h3><strong>Firma e-mail, aggiunta di pronomi<\/strong><\/h3>\n<p>Per mostrare la dedizione di Optimas all&#039;inclusivit\u00e0, invitiamo tutti i nostri dipendenti a includere i loro pronomi preferiti nelle firme e-mail aziendali.<\/p>\n<h3><strong>Feste gastronomiche<\/strong><\/h3>\n<p>Optimas sponsorizza Food Fests incentrati sulla messa in luce di vari cibi e tradizioni culturali. Lo facciamo per riconoscere e supportare i nostri diversi dipendenti.<\/p>\n<h3><strong>Iniziative educative<\/strong><\/h3>\n<p>Optimas fornisce formazione relativa alla DEI a tutti i dipendenti per ampliare le loro conoscenze e promuovere la comprensione tra colleghi. Ci\u00f2 include anche l&#039;impegno per l&#039;ascolto attivo.<\/p>\n<\/div><div class=\"fusion-sep-clear\"><\/div><div class=\"fusion-separator fusion-full-width-sep\" style=\"margin-left: auto;margin-right: auto;margin-top:15px;margin-bottom:35px;width:100%;\"><\/div><div class=\"fusion-sep-clear\"><\/div><div class=\"fusion-text fusion-text-4\"><h1>Diversit\u00e0, equit\u00e0 e politica di inclusione<\/h1>\n<h3><strong>Dati e rapporti<\/strong><\/h3>\n<p>Optimas tiene traccia delle statistiche interne dei dipendenti per genere ed etnia e pubblica i dati demografici in tutte le revisioni aziendali mensili e nelle riunioni trimestrali del consiglio di amministrazione. Chiediamo ai nostri dipendenti di segnalare autonomamente la propria etnia in modo da disporre dei dati pi\u00f9 accurati. Questo viene fatto tramite Employee Self Service in UltiPro.<\/p>\n<h3><strong>Assunzione e Reclutamento<\/strong><\/h3>\n<p>Optimas si impegna ad avere una lista di candidati diversi per tutte le posizioni disponibili. Formiamo il nostro team di reclutamento interno per trovare il miglior candidato indipendentemente da razza, etnia, genere, orientamento, presentazione, religione, disabilit\u00e0 fisica\/mentale o et\u00e0. Sviluppiamo le nostre descrizioni delle mansioni con un linguaggio neutro per assicurarci di attrarre tutti i tipi di candidati. Miriamo ad assumere il candidato pi\u00f9 qualificato per il lavoro.<\/p>\n<h3><strong>Comunit\u00e0 e cultura<\/strong><\/h3>\n<p>Optimas incoraggia tutti i dipendenti a far parte degli ERG (Employee Resource Group) consolidati. Vogliamo che tutti i dipendenti abbiano una voce e uno spazio sicuro all&#039;interno della nostra azienda. Sponsorizziamo e celebriamo eventi culturali globali a livello locale ogni mese per continuare a migliorare la competenza culturale di Optimas come azienda. Optimas sostiene gli sforzi di base dei nostri dipendenti per partecipare al servizio alla comunit\u00e0 e agli eventi sponsorizzati dal servizio alla comunit\u00e0.<\/p>\n<h3><strong>Formazione scolastica<\/strong><\/h3>\n<p>Optimas fornisce a tutti i dipendenti un&#039;istruzione incentrata sui DEI per facilitare la consapevolezza e l&#039;inclusivit\u00e0, che continua a promuovere un ambiente di lavoro positivo e produttivo. Nel nostro processo di onboarding per tutti i nuovi dipendenti, utilizziamo Optimas Institute per istruire tutti sulla nostra iniziativa DEI.<\/p>\n<\/div><div class=\"fusion-clearfix\"><\/div><\/div><\/div><\/div><div class=\"fusion-clearfix\"><\/div><\/div><\/div><\/div><\/div><div class=\"fusion-fullwidth fullwidth-box fusion-builder-row-4 nonhundred-percent-fullwidth non-hundred-percent-height-scrolling\" style=\"--awb-border-radius-top-left:0px;--awb-border-radius-top-right:0px;--awb-border-radius-bottom-right:0px;--awb-border-radius-bottom-left:0px;--awb-padding-top:50px;--awb-padding-bottom:30px;--awb-background-color:#54565a;--awb-flex-wrap:wrap;\" ><div class=\"fusion-builder-row fusion-row\"><div class=\"fusion-layout-column fusion_builder_column fusion-builder-column-3 fusion_builder_column_1_1 1_1 fusion-one-full fusion-column-first fusion-column-last max1200\" style=\"--awb-bg-size:cover;\"><div class=\"fusion-column-wrapper fusion-column-has-shadow fusion-flex-column-wrapper-legacy\"><div class=\"fusion-builder-row fusion-builder-row-inner fusion-row\"><div class=\"fusion-layout-column fusion_builder_column_inner fusion-builder-nested-column-3 fusion_builder_column_inner_1_3 1_3 fusion-one-third fusion-column-first\" style=\"--awb-bg-size:cover;width:33.3333333333%;width:calc(33.3333333333% - ( ( 4% ) * 0.333333333333 ) );margin-right: 4%;\"><div class=\"fusion-column-wrapper fusion-column-has-shadow fusion-flex-column-wrapper-legacy\"><div class=\"fusion-text fusion-text-5\"><h1 style=\"color: #fff; margin: 0;\">Inizia oggi<\/h1>\n<\/div><div class=\"fusion-clearfix\"><\/div><\/div><\/div><div class=\"fusion-layout-column fusion_builder_column_inner fusion-builder-nested-column-4 fusion_builder_column_inner_2_3 2_3 fusion-two-third fusion-column-last\" style=\"--awb-bg-size:cover;width:66.6666666667%;width:calc(66.6666666667% - ( ( 4% ) * 0.666666666667 ) );\"><div class=\"fusion-column-wrapper fusion-column-has-shadow fusion-flex-column-wrapper-legacy\"><div class=\"fusion-text fusion-text-6\"><h3><span style=\"color: #ffffff;\">Ulteriori informazioni sulla nostra azienda<\/span><\/h3>\n<p><a class=\"linkSpeakExpert\" href=\"https:\/\/optimas.com\/wp-content\/uploads\/2021\/03\/company_overview.pdf\">SCARICA LA PANORAMICA DELL&#039;AZIENDA<\/a><\/p>\n<\/div><div class=\"fusion-clearfix\"><\/div><\/div><\/div><\/div><div class=\"fusion-clearfix\"><\/div><\/div><\/div><\/div><\/div><\/p>","protected":false},"excerpt":{"rendered":"","protected":false},"author":3,"featured_media":2832,"parent":0,"menu_order":0,"comment_status":"closed","ping_status":"closed","template":"","meta":{"_acf_changed":false,"content-type":"","footnotes":""},"class_list":["post-5356","page","type-page","status-publish","has-post-thumbnail","hentry"],"acf":[],"_links":{"self":[{"href":"https:\/\/optimas.com\/it\/wp-json\/wp\/v2\/pages\/5356","targetHints":{"allow":["GET"]}}],"collection":[{"href":"https:\/\/optimas.com\/it\/wp-json\/wp\/v2\/pages"}],"about":[{"href":"https:\/\/optimas.com\/it\/wp-json\/wp\/v2\/types\/page"}],"author":[{"embeddable":true,"href":"https:\/\/optimas.com\/it\/wp-json\/wp\/v2\/users\/3"}],"replies":[{"embeddable":true,"href":"https:\/\/optimas.com\/it\/wp-json\/wp\/v2\/comments?post=5356"}],"version-history":[{"count":0,"href":"https:\/\/optimas.com\/it\/wp-json\/wp\/v2\/pages\/5356\/revisions"}],"wp:featuredmedia":[{"embeddable":true,"href":"https:\/\/optimas.com\/it\/wp-json\/wp\/v2\/media\/2832"}],"wp:attachment":[{"href":"https:\/\/optimas.com\/it\/wp-json\/wp\/v2\/media?parent=5356"}],"curies":[{"name":"wp","href":"https:\/\/api.w.org\/{rel}","templated":true}]}}