{"id":59,"date":"2019-10-12T04:25:39","date_gmt":"2019-10-12T04:25:39","guid":{"rendered":"https:\/\/optimas.com\/?page_id=59"},"modified":"2024-05-10T10:46:28","modified_gmt":"2024-05-10T15:46:28","slug":"careers","status":"publish","type":"page","link":"https:\/\/optimas.com\/it\/about-us\/careers\/","title":{"rendered":"Opportunit\u00e0 di lavoro"},"content":{"rendered":"<p><div class=\"fusion-fullwidth fullwidth-box fusion-builder-row-1 fusion-flex-container has-pattern-background has-mask-background nonhundred-percent-fullwidth non-hundred-percent-height-scrolling max1200\" style=\"--awb-border-radius-top-left:0px;--awb-border-radius-top-right:0px;--awb-border-radius-bottom-right:0px;--awb-border-radius-bottom-left:0px;--awb-flex-wrap:wrap;\" ><div class=\"fusion-builder-row fusion-row fusion-flex-align-items-flex-start fusion-flex-content-wrap\" style=\"max-width:104%;margin-left: calc(-4% \/ 2 );margin-right: calc(-4% \/ 2 );\"><div class=\"fusion-layout-column fusion_builder_column fusion-builder-column-0 fusion_builder_column_1_3 1_3 fusion-flex-column\" style=\"--awb-bg-size:cover;--awb-width-large:33.3333333333%;--awb-margin-top-large:0px;--awb-spacing-right-large:5.76%;--awb-margin-bottom-large:20px;--awb-spacing-left-large:5.76%;--awb-width-medium:100%;--awb-order-medium:0;--awb-spacing-right-medium:1.92%;--awb-spacing-left-medium:1.92%;--awb-width-small:100%;--awb-order-small:0;--awb-spacing-right-small:1.92%;--awb-spacing-left-small:1.92%;\"><div class=\"fusion-column-wrapper fusion-column-has-shadow fusion-flex-justify-content-flex-start fusion-content-layout-column\"><div class=\"fusion-image-element\" style=\"--awb-caption-title-font-family:var(--h2_typography-font-family);--awb-caption-title-font-weight:var(--h2_typography-font-weight);--awb-caption-title-font-style:var(--h2_typography-font-style);--awb-caption-title-size:var(--h2_typography-font-size);--awb-caption-title-transform:var(--h2_typography-text-transform);--awb-caption-title-line-height:var(--h2_typography-line-height);--awb-caption-title-letter-spacing:var(--h2_typography-letter-spacing);\"><span class=\"fusion-imageframe imageframe-none imageframe-1 hover-type-none\"><img decoding=\"async\" width=\"221\" height=\"300\" alt=\"FRECCIA DIREZIONALE VERSO L&#039;ALTO FORMATA CON FISSAGGI OPTIMAS\" title=\"FRECCIA DIREZIONALE VERSO L&#039;ALTO FORMATA CON FISSAGGI OPTIMAS\" src=\"https:\/\/optimas.com\/wp-content\/uploads\/2019\/10\/Optimas-Arrow-Up-Assembly_Home-221x300.jpg\" class=\"img-responsive wp-image-83\" srcset=\"https:\/\/optimas.com\/wp-content\/uploads\/2019\/10\/Optimas-Arrow-Up-Assembly_Home-200x272.jpg 200w, https:\/\/optimas.com\/wp-content\/uploads\/2019\/10\/Optimas-Arrow-Up-Assembly_Home-400x544.jpg 400w, https:\/\/optimas.com\/wp-content\/uploads\/2019\/10\/Optimas-Arrow-Up-Assembly_Home-600x816.jpg 600w, https:\/\/optimas.com\/wp-content\/uploads\/2019\/10\/Optimas-Arrow-Up-Assembly_Home-800x1088.jpg 800w, https:\/\/optimas.com\/wp-content\/uploads\/2019\/10\/Optimas-Arrow-Up-Assembly_Home-1200x1632.jpg 1200w, https:\/\/optimas.com\/wp-content\/uploads\/2019\/10\/Optimas-Arrow-Up-Assembly_Home.jpg 1479w\" sizes=\"(max-width: 1024px) 100vw, (max-width: 640px) 100vw, 600px\" \/><\/span><\/div><\/div><\/div><div class=\"fusion-layout-column fusion_builder_column fusion-builder-column-1 fusion_builder_column_2_3 2_3 fusion-flex-column\" style=\"--awb-bg-size:cover;--awb-width-large:66.6666666667%;--awb-margin-top-large:0px;--awb-spacing-right-large:2.88%;--awb-margin-bottom-large:20px;--awb-spacing-left-large:2.88%;--awb-width-medium:100%;--awb-order-medium:0;--awb-spacing-right-medium:1.92%;--awb-spacing-left-medium:1.92%;--awb-width-small:100%;--awb-order-small:0;--awb-spacing-right-small:1.92%;--awb-spacing-left-small:1.92%;\"><div class=\"fusion-column-wrapper fusion-column-has-shadow fusion-flex-justify-content-flex-start fusion-content-layout-column\"><div class=\"fusion-text fusion-text-1\"><h2>Migliora la tua carriera<\/h2>\n<p>Alimenta la tua passione con una carriera in Optimas. Entra a far parte di un team globale di pensatori e operatori diversi che hanno un impatto quotidiano sulla produttivit\u00e0 e sulla redditivit\u00e0 dei nostri clienti. Siamo sempre alla ricerca di membri del team talentuosi, motivati, intelligenti e pieni di risorse. E ci impegniamo a sviluppare, supportare e guidare il tuo successo. Fai carriera in Optimas esplorando le nostre posizioni aperte.<\/p>\n<\/div><div class=\"fusion-text fusion-text-2\" style=\"--awb-margin-top:30px;\"><p><a class=\"linkOrangeButton\" href=\"https:\/\/jobs.jobvite.com\/optimas\/\" rel=\"nofollow noopener\" target=\"_blank\">ESPLORA LE OPPORTUNIT\u00c0<\/a><\/p>\n<\/div><div class=\"fusion-separator fusion-full-width-sep\" style=\"align-self: center;margin-left: auto;margin-right: auto;margin-top:30px;width:100%;\"><\/div><\/div><\/div><\/div><\/div><div class=\"fusion-fullwidth fullwidth-box fusion-builder-row-2 fusion-flex-container has-pattern-background has-mask-background nonhundred-percent-fullwidth non-hundred-percent-height-scrolling\" style=\"--awb-border-radius-top-left:0px;--awb-border-radius-top-right:0px;--awb-border-radius-bottom-right:0px;--awb-border-radius-bottom-left:0px;--awb-background-color:#00a3e0;--awb-flex-wrap:wrap;\" ><div class=\"fusion-builder-row fusion-row fusion-flex-align-items-flex-start fusion-flex-content-wrap\" style=\"max-width:104%;margin-left: calc(-4% \/ 2 );margin-right: calc(-4% \/ 2 );\"><div class=\"fusion-layout-column fusion_builder_column fusion-builder-column-2 fusion_builder_column_1_1 1_1 fusion-flex-column max1200\" style=\"--awb-bg-size:cover;--awb-width-large:100%;--awb-margin-top-large:0px;--awb-spacing-right-large:1.92%;--awb-margin-bottom-large:20px;--awb-spacing-left-large:1.92%;--awb-width-medium:100%;--awb-order-medium:0;--awb-spacing-right-medium:1.92%;--awb-spacing-left-medium:1.92%;--awb-width-small:100%;--awb-order-small:0;--awb-spacing-right-small:1.92%;--awb-spacing-left-small:1.92%;\" data-scroll-devices=\"small-visibility,medium-visibility,large-visibility\"><div class=\"fusion-column-wrapper fusion-column-has-shadow fusion-flex-justify-content-flex-start fusion-content-layout-column\"><div class=\"fusion-separator fusion-full-width-sep\" style=\"align-self: center;margin-left: auto;margin-right: auto;margin-top:30px;width:100%;\"><\/div><div class=\"fusion-text fusion-text-3\" style=\"--awb-text-color:#ffffff;\"><h2 style=\"text-align: center;\"><span style=\"color: #ffffff;\">Riconoscimento dei dipendenti<\/span><\/h2>\n<\/div><div class=\"fusion-separator fusion-full-width-sep\" style=\"align-self: center;margin-left: auto;margin-right: auto;margin-top:30px;width:100%;\"><\/div><div class=\"fusion-counters-box counters-box row fusion-clearfix fusion-columns-3\" style=\"--awb-body-color:#ffffffff;--awb-body-size:18;--awb-color:#fffffff;--awb-title-size:60;\"><div class=\"fusion-counter-box fusion-column col-counter-box counter-box-wrapper col-lg-4 col-md-4 col-sm-4\" data-animationoffset=\"top-into-view\"><div class=\"counter-box-container\"><div class=\"content-box-percentage content-box-counter\"><span class=\"display-counter\" data-value=\"20\" data-direction=\"up\" data-decimals=\"0\">0<\/span><span class=\"unit\">+<\/span><\/div><div class=\"counter-box-content\">persone all&#039;anno vengono premiate dai THREAD Awards<\/div><\/div><\/div><div class=\"fusion-counter-box fusion-column col-counter-box counter-box-wrapper col-lg-4 col-md-4 col-sm-4\" data-animationoffset=\"top-into-view\"><div class=\"counter-box-container\"><div class=\"content-box-percentage content-box-counter\"><span class=\"display-counter\" data-value=\"6\" data-direction=\"up\" data-decimals=\"0\">0<\/span><span class=\"unit\">+<\/span><\/div><div class=\"counter-box-content\">comitati per unirsi e sviluppare capacit\u00e0 di leadership<\/div><\/div><\/div><div class=\"fusion-counter-box fusion-column col-counter-box counter-box-wrapper col-lg-4 col-md-4 col-sm-4\" data-animationoffset=\"top-into-view\"><div class=\"counter-box-container\"><div class=\"content-box-percentage content-box-counter\"><span class=\"display-counter\" data-value=\"4\" data-direction=\"up\" data-decimals=\"0\">0<\/span><span class=\"unit\">+<\/span><\/div><div class=\"counter-box-content\">persone all&#039;anno vengono riconosciute come Volontario del Quartiere<\/div><\/div><\/div><\/div><div class=\"fusion-separator fusion-full-width-sep\" style=\"align-self: center;margin-left: auto;margin-right: auto;margin-top:30px;width:100%;\"><\/div><\/div><\/div><\/div><\/div><div class=\"fusion-fullwidth fullwidth-box fusion-builder-row-3 fusion-flex-container has-pattern-background has-mask-background nonhundred-percent-fullwidth non-hundred-percent-height-scrolling\" style=\"--awb-border-radius-top-left:0px;--awb-border-radius-top-right:0px;--awb-border-radius-bottom-right:0px;--awb-border-radius-bottom-left:0px;--awb-flex-wrap:wrap;\" ><div class=\"fusion-builder-row fusion-row fusion-flex-align-items-flex-start fusion-flex-content-wrap\" style=\"max-width:104%;margin-left: calc(-4% \/ 2 );margin-right: calc(-4% \/ 2 );\"><div class=\"fusion-layout-column fusion_builder_column fusion-builder-column-3 fusion_builder_column_1_1 1_1 fusion-flex-column\" style=\"--awb-bg-size:cover;--awb-width-large:100%;--awb-margin-top-large:0px;--awb-spacing-right-large:1.92%;--awb-margin-bottom-large:20px;--awb-spacing-left-large:1.92%;--awb-width-medium:100%;--awb-order-medium:0;--awb-spacing-right-medium:1.92%;--awb-spacing-left-medium:1.92%;--awb-width-small:100%;--awb-order-small:0;--awb-spacing-right-small:1.92%;--awb-spacing-left-small:1.92%;\"><div class=\"fusion-column-wrapper fusion-column-has-shadow fusion-flex-justify-content-flex-start fusion-content-layout-column\"><div class=\"fusion-separator fusion-full-width-sep\" style=\"align-self: center;margin-left: auto;margin-right: auto;margin-top:30px;width:100%;\"><\/div><\/div><\/div><\/div><\/div><div class=\"fusion-fullwidth fullwidth-box fusion-builder-row-4 fusion-flex-container has-pattern-background has-mask-background nonhundred-percent-fullwidth non-hundred-percent-height-scrolling max1200\" style=\"--awb-border-radius-top-left:0px;--awb-border-radius-top-right:0px;--awb-border-radius-bottom-right:0px;--awb-border-radius-bottom-left:0px;--awb-flex-wrap:wrap;\" ><div class=\"fusion-builder-row fusion-row fusion-flex-align-items-flex-start fusion-flex-content-wrap\" style=\"max-width:104%;margin-left: calc(-4% \/ 2 );margin-right: calc(-4% \/ 2 );\"><div class=\"fusion-layout-column fusion_builder_column fusion-builder-column-4 fusion_builder_column_1_2 1_2 fusion-flex-column\" style=\"--awb-bg-size:cover;--awb-width-large:50%;--awb-margin-top-large:0px;--awb-spacing-right-large:3.84%;--awb-margin-bottom-large:20px;--awb-spacing-left-large:3.84%;--awb-width-medium:100%;--awb-order-medium:0;--awb-spacing-right-medium:1.92%;--awb-spacing-left-medium:1.92%;--awb-width-small:100%;--awb-order-small:0;--awb-spacing-right-small:1.92%;--awb-spacing-left-small:1.92%;\"><div class=\"fusion-column-wrapper fusion-column-has-shadow fusion-flex-justify-content-flex-start fusion-content-layout-column\"><div class=\"fusion-image-element\" style=\"--awb-caption-title-font-family:var(--h2_typography-font-family);--awb-caption-title-font-weight:var(--h2_typography-font-weight);--awb-caption-title-font-style:var(--h2_typography-font-style);--awb-caption-title-size:var(--h2_typography-font-size);--awb-caption-title-transform:var(--h2_typography-text-transform);--awb-caption-title-line-height:var(--h2_typography-line-height);--awb-caption-title-letter-spacing:var(--h2_typography-letter-spacing);\"><span class=\"fusion-imageframe imageframe-none imageframe-2 hover-type-none\"><img decoding=\"async\" width=\"800\" height=\"600\" alt=\"Foto di riconoscimento dei dipendenti Optimas\" title=\"Copia le foto di riconoscimento dei dipendenti oOptimas Unisciti al nostro team\" src=\"https:\/\/optimas.com\/wp-content\/uploads\/2024\/05\/Copy-of-Join-Our-Team.png\" class=\"img-responsive wp-image-12719\" srcset=\"https:\/\/optimas.com\/wp-content\/uploads\/2024\/05\/Copy-of-Join-Our-Team-200x150.png 200w, https:\/\/optimas.com\/wp-content\/uploads\/2024\/05\/Copy-of-Join-Our-Team-400x300.png 400w, https:\/\/optimas.com\/wp-content\/uploads\/2024\/05\/Copy-of-Join-Our-Team-600x450.png 600w, https:\/\/optimas.com\/wp-content\/uploads\/2024\/05\/Copy-of-Join-Our-Team.png 800w\" sizes=\"(max-width: 1024px) 100vw, (max-width: 640px) 100vw, 800px\" \/><\/span><\/div><\/div><\/div><div class=\"fusion-layout-column fusion_builder_column fusion-builder-column-5 fusion_builder_column_1_2 1_2 fusion-flex-column\" style=\"--awb-bg-size:cover;--awb-width-large:50%;--awb-margin-top-large:0px;--awb-spacing-right-large:3.84%;--awb-margin-bottom-large:20px;--awb-spacing-left-large:3.84%;--awb-width-medium:100%;--awb-order-medium:0;--awb-spacing-right-medium:1.92%;--awb-spacing-left-medium:1.92%;--awb-width-small:100%;--awb-order-small:0;--awb-spacing-right-small:1.92%;--awb-spacing-left-small:1.92%;\"><div class=\"fusion-column-wrapper fusion-column-has-shadow fusion-flex-justify-content-flex-start fusion-content-layout-column\"><div class=\"fusion-text fusion-text-4\"><h2>Celebrare il successo<\/h2>\n<p>Ogni trimestre, i colleghi nominano i compagni di squadra per gli stimati premi THREAD e Volontario del quartiere per aver dimostrato i nostri valori. Questi premi vengono accompagnati da fanfara pubblica, credibilit\u00e0 di Optimas e un regalo di ringraziamento in denaro. Seguire <strong>#THREADgioved\u00ec<\/strong> su LinkedIn o Facebook per vedere i vincitori ogni trimestre e saperne di pi\u00f9 su cosa vuol dire lavorare in Optimas.<\/p>\n<\/div><div class=\"fusion-text fusion-text-5\" style=\"--awb-margin-top:30px;\"><p><a class=\"linkOrangeButton\" href=\"https:\/\/optimas.com\/it\/about-us\/our-culture\/\">I NOSTRI VALORI DEL FILO<\/a><\/p>\n<\/div><\/div><\/div><\/div><\/div><div class=\"fusion-fullwidth fullwidth-box fusion-builder-row-5 fusion-flex-container has-pattern-background has-mask-background nonhundred-percent-fullwidth non-hundred-percent-height-scrolling max1200\" style=\"--awb-border-radius-top-left:0px;--awb-border-radius-top-right:0px;--awb-border-radius-bottom-right:0px;--awb-border-radius-bottom-left:0px;--awb-flex-wrap:wrap;\" ><div class=\"fusion-builder-row fusion-row fusion-flex-align-items-flex-start fusion-flex-content-wrap\" style=\"max-width:104%;margin-left: calc(-4% \/ 2 );margin-right: calc(-4% \/ 2 );\"><div class=\"fusion-layout-column fusion_builder_column fusion-builder-column-6 fusion_builder_column_1_2 1_2 fusion-flex-column\" style=\"--awb-bg-size:cover;--awb-width-large:50%;--awb-margin-top-large:0px;--awb-spacing-right-large:3.84%;--awb-margin-bottom-large:20px;--awb-spacing-left-large:3.84%;--awb-width-medium:100%;--awb-order-medium:0;--awb-spacing-right-medium:1.92%;--awb-spacing-left-medium:1.92%;--awb-width-small:100%;--awb-order-small:0;--awb-spacing-right-small:1.92%;--awb-spacing-left-small:1.92%;\"><div class=\"fusion-column-wrapper fusion-column-has-shadow fusion-flex-justify-content-flex-start fusion-content-layout-column\"><div class=\"fusion-text fusion-text-6\" style=\"--awb-margin-top:30px;\"><h2>La nostra cultura e valori<\/h2>\n<p>Le nostre persone sono la nostra pi\u00f9 grande risorsa. Lo vediamo attraverso la qualit\u00e0 dei nostri elementi di fissaggio e la lealt\u00e0 dei nostri clienti. Investiamo nelle nostre persone, sapendo che il loro successo \u00e8 il nostro successo e che i nostri clienti possono sperimentare la differenza che questo impegno fa. Scopri di pi\u00f9 sulle persone che rendono grande Optimas!<\/p>\n<\/div><div class=\"fusion-text fusion-text-7 fusion-text-no-margin\" style=\"--awb-margin-top:30px;--awb-margin-bottom:30px;\"><p><a class=\"linkOrangeButton\" href=\"https:\/\/optimas.com\/it\/about-us\/our-team\/\">LA NOSTRA SQUADRA<\/a><\/p>\n<\/div><\/div><\/div><div class=\"fusion-layout-column fusion_builder_column fusion-builder-column-7 fusion_builder_column_1_2 1_2 fusion-flex-column\" style=\"--awb-bg-size:cover;--awb-width-large:50%;--awb-margin-top-large:0px;--awb-spacing-right-large:3.84%;--awb-margin-bottom-large:20px;--awb-spacing-left-large:3.84%;--awb-width-medium:100%;--awb-order-medium:0;--awb-spacing-right-medium:1.92%;--awb-spacing-left-medium:1.92%;--awb-width-small:100%;--awb-order-small:0;--awb-spacing-right-small:1.92%;--awb-spacing-left-small:1.92%;\"><div class=\"fusion-column-wrapper fusion-column-has-shadow fusion-flex-justify-content-flex-start fusion-content-layout-column\"><div class=\"fusion-image-element\" style=\"--awb-caption-title-font-family:var(--h2_typography-font-family);--awb-caption-title-font-weight:var(--h2_typography-font-weight);--awb-caption-title-font-style:var(--h2_typography-font-style);--awb-caption-title-size:var(--h2_typography-font-size);--awb-caption-title-transform:var(--h2_typography-text-transform);--awb-caption-title-line-height:var(--h2_typography-line-height);--awb-caption-title-letter-spacing:var(--h2_typography-letter-spacing);\"><span class=\"fusion-imageframe imageframe-none imageframe-3 hover-type-none\"><img decoding=\"async\" width=\"800\" height=\"600\" alt=\"Dipendenti di Optimas che lavorano in squadra\" title=\"Dipendenti di Optimas che lavorano in squadra\" src=\"https:\/\/optimas.com\/wp-content\/uploads\/2024\/05\/THREAD-VALUES.png\" class=\"img-responsive wp-image-12633\" srcset=\"https:\/\/optimas.com\/wp-content\/uploads\/2024\/05\/THREAD-VALUES-200x150.png 200w, https:\/\/optimas.com\/wp-content\/uploads\/2024\/05\/THREAD-VALUES-400x300.png 400w, https:\/\/optimas.com\/wp-content\/uploads\/2024\/05\/THREAD-VALUES-600x450.png 600w, https:\/\/optimas.com\/wp-content\/uploads\/2024\/05\/THREAD-VALUES.png 800w\" sizes=\"(max-width: 1024px) 100vw, (max-width: 640px) 100vw, 800px\" \/><\/span><\/div><\/div><\/div><\/div><\/div><div class=\"fusion-fullwidth fullwidth-box fusion-builder-row-6 fusion-flex-container has-pattern-background has-mask-background nonhundred-percent-fullwidth non-hundred-percent-height-scrolling max1200\" style=\"--awb-border-radius-top-left:0px;--awb-border-radius-top-right:0px;--awb-border-radius-bottom-right:0px;--awb-border-radius-bottom-left:0px;--awb-flex-wrap:wrap;\" ><div class=\"fusion-builder-row fusion-row fusion-flex-align-items-flex-start fusion-flex-content-wrap\" style=\"max-width:104%;margin-left: calc(-4% \/ 2 );margin-right: calc(-4% \/ 2 );\"><div class=\"fusion-layout-column fusion_builder_column fusion-builder-column-8 fusion_builder_column_1_2 1_2 fusion-flex-column\" style=\"--awb-bg-size:cover;--awb-width-large:50%;--awb-margin-top-large:0px;--awb-spacing-right-large:3.84%;--awb-margin-bottom-large:20px;--awb-spacing-left-large:3.84%;--awb-width-medium:100%;--awb-order-medium:0;--awb-spacing-right-medium:1.92%;--awb-spacing-left-medium:1.92%;--awb-width-small:100%;--awb-order-small:0;--awb-spacing-right-small:1.92%;--awb-spacing-left-small:1.92%;\"><div class=\"fusion-column-wrapper fusion-column-has-shadow fusion-flex-justify-content-flex-start fusion-content-layout-column\"><div class=\"fusion-image-element\" style=\"--awb-margin-bottom:40px;--awb-caption-title-font-family:var(--h2_typography-font-family);--awb-caption-title-font-weight:var(--h2_typography-font-weight);--awb-caption-title-font-style:var(--h2_typography-font-style);--awb-caption-title-size:var(--h2_typography-font-size);--awb-caption-title-transform:var(--h2_typography-text-transform);--awb-caption-title-line-height:var(--h2_typography-line-height);--awb-caption-title-letter-spacing:var(--h2_typography-letter-spacing);\"><span class=\"fusion-imageframe imageframe-none imageframe-4 hover-type-none\"><img decoding=\"async\" width=\"2480\" height=\"1725\" alt=\"Optimas ha ottenuto la certificazione Great Places to Work\" title=\"Incredibile_Cultura!_US1-01\" src=\"https:\/\/optimas.com\/wp-content\/uploads\/2024\/05\/Amazing_Culture_US1-01.png\" class=\"img-responsive wp-image-12721\" srcset=\"https:\/\/optimas.com\/wp-content\/uploads\/2024\/05\/Amazing_Culture_US1-01-200x139.png 200w, https:\/\/optimas.com\/wp-content\/uploads\/2024\/05\/Amazing_Culture_US1-01-400x278.png 400w, https:\/\/optimas.com\/wp-content\/uploads\/2024\/05\/Amazing_Culture_US1-01-600x417.png 600w, https:\/\/optimas.com\/wp-content\/uploads\/2024\/05\/Amazing_Culture_US1-01-800x556.png 800w, https:\/\/optimas.com\/wp-content\/uploads\/2024\/05\/Amazing_Culture_US1-01-1200x835.png 1200w, https:\/\/optimas.com\/wp-content\/uploads\/2024\/05\/Amazing_Culture_US1-01.png 2480w\" sizes=\"(max-width: 1024px) 100vw, (max-width: 640px) 100vw, 1200px\" \/><\/span><\/div><\/div><\/div><div class=\"fusion-layout-column fusion_builder_column fusion-builder-column-9 fusion_builder_column_1_2 1_2 fusion-flex-column\" style=\"--awb-bg-size:cover;--awb-width-large:50%;--awb-margin-top-large:0px;--awb-spacing-right-large:3.84%;--awb-margin-bottom-large:20px;--awb-spacing-left-large:3.84%;--awb-width-medium:100%;--awb-order-medium:0;--awb-spacing-right-medium:1.92%;--awb-spacing-left-medium:1.92%;--awb-width-small:100%;--awb-order-small:0;--awb-spacing-right-small:1.92%;--awb-spacing-left-small:1.92%;\"><div class=\"fusion-column-wrapper fusion-column-has-shadow fusion-flex-justify-content-flex-start fusion-content-layout-column\"><div class=\"fusion-text fusion-text-8 fusion-text-no-margin\" style=\"--awb-margin-bottom:30px;\"><h2>Siamo un ottimo posto in cui lavorare<\/h2>\n<p>E la nostra certificazione lo dimostra! Il nostro obiettivo \u00e8 garantire che Optimas sia un luogo di lavoro eccellente per ogni membro del team. Esplora gli altri premi dei clienti e del settore che abbiamo vinto di recente facendo clic di seguito.<\/p>\n<\/div><div class=\"fusion-text fusion-text-9 fusion-text-no-margin\" style=\"--awb-margin-top:30px;--awb-margin-bottom:30px;\"><p><a class=\"linkOrangeButton\" href=\"https:\/\/optimas.com\/it\/about-us\/#awards\">I NOSTRI PREMI<\/a><\/p>\n<\/div><\/div><\/div><\/div><\/div><div class=\"fusion-fullwidth fullwidth-box fusion-builder-row-7 fusion-flex-container has-pattern-background has-mask-background nonhundred-percent-fullwidth non-hundred-percent-height-scrolling\" style=\"--awb-border-radius-top-left:0px;--awb-border-radius-top-right:0px;--awb-border-radius-bottom-right:0px;--awb-border-radius-bottom-left:0px;--awb-background-color:#91c73e;--awb-flex-wrap:wrap;\" ><div class=\"fusion-builder-row fusion-row fusion-flex-align-items-flex-start fusion-flex-content-wrap\" style=\"max-width:104%;margin-left: calc(-4% \/ 2 );margin-right: calc(-4% \/ 2 );\"><div class=\"fusion-layout-column fusion_builder_column fusion-builder-column-10 fusion_builder_column_1_2 1_2 fusion-flex-column max1200\" style=\"--awb-bg-size:cover;--awb-width-large:50%;--awb-margin-top-large:0px;--awb-spacing-right-large:3.84%;--awb-margin-bottom-large:20px;--awb-spacing-left-large:3.84%;--awb-width-medium:100%;--awb-order-medium:0;--awb-spacing-right-medium:1.92%;--awb-spacing-left-medium:1.92%;--awb-width-small:100%;--awb-order-small:0;--awb-spacing-right-small:1.92%;--awb-spacing-left-small:1.92%;\" data-scroll-devices=\"small-visibility,medium-visibility,large-visibility\"><div class=\"fusion-column-wrapper fusion-column-has-shadow fusion-flex-justify-content-flex-start fusion-content-layout-column\"><div class=\"fusion-text fusion-text-10\" style=\"--awb-margin-top:30px;\"><h2 style=\"text-align: left;\"><span style=\"color: #ffffff;\">Trova una carriera presso Optimas<\/span><\/h2>\n<\/div><div class=\"fusion-text fusion-text-11\"><p style=\"text-align: left;\"><span style=\"color: #ffffff;\">Siamo un team globale che condivide una missione e una visione comuni: raggiungere il massimo livello di soddisfazione del cliente fornendo prodotti di qualit\u00e0 e servizi superiori.<\/span><\/p>\n<\/div><\/div><\/div><div class=\"fusion-layout-column fusion_builder_column fusion-builder-column-11 fusion_builder_column_1_2 1_2 fusion-flex-column max1200\" style=\"--awb-bg-size:cover;--awb-width-large:50%;--awb-margin-top-large:0px;--awb-spacing-right-large:3.84%;--awb-margin-bottom-large:20px;--awb-spacing-left-large:3.84%;--awb-width-medium:100%;--awb-order-medium:0;--awb-spacing-right-medium:1.92%;--awb-spacing-left-medium:1.92%;--awb-width-small:100%;--awb-order-small:0;--awb-spacing-right-small:1.92%;--awb-spacing-left-small:1.92%;\" data-scroll-devices=\"small-visibility,medium-visibility,large-visibility\"><div class=\"fusion-column-wrapper fusion-column-has-shadow fusion-flex-justify-content-flex-start fusion-content-layout-column\"><div class=\"fusion-text fusion-text-12\" style=\"--awb-margin-top:30px;\"><p style=\"text-align: center;\"><a class=\"linkOrangeButton\" href=\"https:\/\/jobs.jobvite.com\/optimas\/\" target=\"_blank\" rel=\"noopener noreferrer nofollow\">VISUALIZZA POSIZIONI APERTE<\/a><\/p>\n<\/div><\/div><\/div><\/div><\/div><\/p>","protected":false},"excerpt":{"rendered":"","protected":false},"author":1,"featured_media":3021,"parent":11,"menu_order":0,"comment_status":"closed","ping_status":"closed","template":"","meta":{"_acf_changed":false,"content-type":"","footnotes":""},"class_list":["post-59","page","type-page","status-publish","has-post-thumbnail","hentry"],"acf":[],"_links":{"self":[{"href":"https:\/\/optimas.com\/it\/wp-json\/wp\/v2\/pages\/59","targetHints":{"allow":["GET"]}}],"collection":[{"href":"https:\/\/optimas.com\/it\/wp-json\/wp\/v2\/pages"}],"about":[{"href":"https:\/\/optimas.com\/it\/wp-json\/wp\/v2\/types\/page"}],"author":[{"embeddable":true,"href":"https:\/\/optimas.com\/it\/wp-json\/wp\/v2\/users\/1"}],"replies":[{"embeddable":true,"href":"https:\/\/optimas.com\/it\/wp-json\/wp\/v2\/comments?post=59"}],"version-history":[{"count":0,"href":"https:\/\/optimas.com\/it\/wp-json\/wp\/v2\/pages\/59\/revisions"}],"up":[{"embeddable":true,"href":"https:\/\/optimas.com\/it\/wp-json\/wp\/v2\/pages\/11"}],"wp:featuredmedia":[{"embeddable":true,"href":"https:\/\/optimas.com\/it\/wp-json\/wp\/v2\/media\/3021"}],"wp:attachment":[{"href":"https:\/\/optimas.com\/it\/wp-json\/wp\/v2\/media?parent=59"}],"curies":[{"name":"wp","href":"https:\/\/api.w.org\/{rel}","templated":true}]}}