{"id":814,"date":"2019-10-29T15:08:38","date_gmt":"2019-10-29T15:08:38","guid":{"rendered":"https:\/\/optimas.com\/?page_id=814"},"modified":"2026-04-13T11:18:53","modified_gmt":"2026-04-13T16:18:53","slug":"team","status":"publish","type":"page","link":"https:\/\/optimas.com\/it\/about-us\/team\/","title":{"rendered":"Il nostro team di leadership"},"content":{"rendered":"<div class=\"fusion-fullwidth fullwidth-box fusion-builder-row-1 nonhundred-percent-fullwidth non-hundred-percent-height-scrolling\" style=\"--awb-border-radius-top-left:0px;--awb-border-radius-top-right:0px;--awb-border-radius-bottom-right:0px;--awb-border-radius-bottom-left:0px;--awb-flex-wrap:wrap;\" ><div class=\"fusion-builder-row fusion-row\"><div class=\"fusion-layout-column fusion_builder_column fusion-builder-column-0 fusion_builder_column_1_1 1_1 fusion-one-full fusion-column-first fusion-column-last max1200\" style=\"--awb-bg-size:cover;\"><div class=\"fusion-column-wrapper fusion-column-has-shadow fusion-flex-column-wrapper-legacy\"><div class=\"fusion-builder-row fusion-builder-row-inner fusion-row\"><div class=\"fusion-layout-column fusion_builder_column_inner fusion-builder-nested-column-0 fusion_builder_column_inner_1_1 1_1 fusion-one-full fusion-column-first fusion-column-last\" style=\"--awb-padding-bottom:30px;--awb-bg-size:cover;\"><div class=\"fusion-column-wrapper fusion-column-has-shadow fusion-flex-column-wrapper-legacy\"><div class=\"fusion-text fusion-text-1\"><h1>Il nostro team di leadership<\/h1>\n<\/div><div class=\"fusion-clearfix\"><\/div><\/div><\/div><div class=\"fusion-layout-column fusion_builder_column_inner fusion-builder-nested-column-1 fusion_builder_column_inner_1_4 1_4 fusion-one-fourth fusion-column-first\" style=\"--awb-bg-size:cover;width:25%;width:calc(25% - ( ( 4% ) * 0.25 ) );margin-right: 4%;\" id=\"harms\"><div class=\"fusion-column-wrapper fusion-column-has-shadow fusion-flex-column-wrapper-legacy\"><div class=\"fusion-image-element fusion-image-align-center in-legacy-container\" style=\"text-align:center;--awb-caption-title-font-family:var(--h2_typography-font-family);--awb-caption-title-font-weight:var(--h2_typography-font-weight);--awb-caption-title-font-style:var(--h2_typography-font-style);--awb-caption-title-size:var(--h2_typography-font-size);--awb-caption-title-transform:var(--h2_typography-text-transform);--awb-caption-title-line-height:var(--h2_typography-line-height);--awb-caption-title-letter-spacing:var(--h2_typography-letter-spacing);\"><div class=\"imageframe-align-center\"><span class=\"fusion-imageframe imageframe-none imageframe-1 hover-type-none\" id=\"strandquist\"><img decoding=\"async\" width=\"330\" height=\"330\" alt=\"Daniel Harms CEO di Optimas Solutions\" title=\"Daniel Harms\" src=\"https:\/\/optimas.com\/wp-content\/uploads\/2021\/08\/Daniel-Harms.jpg\" class=\"img-responsive wp-image-4534\" srcset=\"https:\/\/optimas.com\/wp-content\/uploads\/2021\/08\/Daniel-Harms-200x200.jpg 200w, https:\/\/optimas.com\/wp-content\/uploads\/2021\/08\/Daniel-Harms.jpg 330w\" sizes=\"(max-width: 800px) 100vw, 330px\" \/><\/span><\/div><\/div><div class=\"fusion-clearfix\"><\/div><\/div><\/div><div class=\"fusion-layout-column fusion_builder_column_inner fusion-builder-nested-column-2 fusion_builder_column_inner_3_4 3_4 fusion-three-fourth fusion-column-last\" style=\"--awb-bg-size:cover;width:75%;width:calc(75% - ( ( 4% ) * 0.75 ) );\" id=\"harms\"><div class=\"fusion-column-wrapper fusion-column-has-shadow fusion-flex-column-wrapper-legacy\"><div class=\"fusion-text fusion-text-2\"><h1>Daniele Harms<\/h1>\n<div class=\"PD IF\">\n<div id=\":a5.co\" class=\"JL\">\n<div id=\":ax.ma\" class=\"Mu SP\" data-tooltip=\"December 9, 2019 at 11:35:57 AM UTC-8\"><strong><span id=\":ax.co\" class=\"tL8wMe EMoHub\" dir=\"ltr\">CEO, Americhe<\/span><\/strong><\/div>\n<\/div>\n<\/div>\n<\/div><div class=\"fusion-sep-clear\"><\/div><div class=\"fusion-separator fusion-full-width-sep\" style=\"margin-left: auto;margin-right: auto;margin-top:10px;margin-bottom:10px;width:100%;\"><\/div><div class=\"fusion-sep-clear\"><\/div><div class=\"fusion-text fusion-text-3\"><p>Daniel Harms \u00e8 CEO, Americhe e membro del consiglio di amministrazione di Optimas Solutions. \u00c8 responsabile delle strategie che guidano entrate disciplinate e crescita redditizia, elevano l&#039;eccellenza operativa e migliorano il servizio clienti negli Stati Uniti, Canada, Messico e Sud America.<\/p>\n<p>&nbsp;<\/p>\n<p>\u00c8 stato promosso a President, Americas nell&#039;agosto del 2021 dopo essere entrato a far parte dell&#039;azienda nell&#039;aprile dello stesso anno come Chief Operating Officer con particolare attenzione ai centri di distribuzione, approvvigionamento e supply chain in Nord America.<\/p>\n<p>&nbsp;<\/p>\n<p>Un leader di pensiero strategico con quasi 20 anni di esperienza nella supply chain, Daniel ha creato e guidato team ad alte prestazioni per fornire l&#039;eccellenza operativa in pi\u00f9 settori. Il suo stile di leadership influente e l&#039;approccio basato sui dati alla risoluzione dei problemi hanno costantemente prodotto ricavi e una crescita dei profitti con profitti e perdite superiori a $100 milioni.<\/p>\n<p>&nbsp;<\/p>\n<p>Prima di entrare in Optimas, Daniel ha ricoperto diverse posizioni di crescente responsabilit\u00e0 presso DSC\/CJ Logistics, che sono culminate in Senior Vice President, Operations. In questo ruolo ha avuto la supervisione strategica delle relazioni con i clienti e la responsabilit\u00e0 operativa di numerosi centri di distribuzione a livello nazionale. Ci\u00f2 includeva lo sviluppo della leadership, le prestazioni finanziarie\/operative e l&#039;evoluzione dei processi aziendali. Nel corso del suo mandato, Daniel ha guidato persone, processi e iniziative tecnologiche che hanno portato avanti i benchmark delle prestazioni dell&#039;azienda.<\/p>\n<p>&nbsp;<\/p>\n<p>Daniel ha conseguito un Master in Business Administration presso il J. Mack Robinson College of Business presso la Georgia State University e un Bachelor of Science in Business Administration presso l&#039;Universit\u00e0 del Tennessee. Attualmente risiede nella periferia di Atlanta con sua moglie Laura ei loro figli Caleb, Major e Colby. Daniel \u00e8 un membro del Council of Supply Chain Management Professionals e fa volontariato con la chiesa locale e le organizzazioni Scouts BSA.<\/p>\n<\/div><div class=\"fusion-sep-clear\"><\/div><div class=\"fusion-separator fusion-full-width-sep\" style=\"margin-left: auto;margin-right: auto;margin-top:10px;margin-bottom:10px;width:100%;\"><\/div><div class=\"fusion-sep-clear\"><\/div><div class=\"fusion-text fusion-text-4\"><p><a href=\"https:\/\/www.linkedin.com\/in\/daniel-harms-4b928227\/\" target=\"_blank\" rel=\"noopener noreferrer nofollow\"><img decoding=\"async\" class=\"alignnone\" src=\"\/wp-content\/uploads\/2019\/10\/in.jpg\" alt=\"\" width=\"28\" height=\"28\" \/><\/a><\/p>\n<\/div><div class=\"fusion-clearfix\"><\/div><\/div><\/div><div class=\"fusion-layout-column fusion_builder_column_inner fusion-builder-nested-column-3 fusion_builder_column_inner_1_1 1_1 fusion-one-full fusion-column-first fusion-column-last\" style=\"--awb-bg-size:cover;\"><div class=\"fusion-column-wrapper fusion-column-has-shadow fusion-flex-column-wrapper-legacy\"><div class=\"fusion-sep-clear\"><\/div><div class=\"fusion-separator fusion-full-width-sep\" style=\"margin-left: auto;margin-right: auto;margin-top:10px;margin-bottom:30px;width:100%;\"><div class=\"fusion-separator-border sep-single sep-solid\" style=\"--awb-height:20px;--awb-amount:20px;--awb-sep-color:#a9aaac;border-color:#a9aaac;border-top-width:1px;\"><\/div><\/div><div class=\"fusion-sep-clear\"><\/div><div class=\"fusion-clearfix\"><\/div><\/div><\/div><div class=\"fusion-layout-column fusion_builder_column_inner fusion-builder-nested-column-4 fusion_builder_column_inner_1_4 1_4 fusion-one-fourth fusion-column-first\" style=\"--awb-bg-size:cover;width:25%;width:calc(25% - ( ( 4% ) * 0.25 ) );margin-right: 4%;\" id=\"tuffy\"><div class=\"fusion-column-wrapper fusion-column-has-shadow fusion-flex-column-wrapper-legacy\"><div class=\"fusion-image-element fusion-image-align-center in-legacy-container\" style=\"text-align:center;--awb-caption-title-font-family:var(--h2_typography-font-family);--awb-caption-title-font-weight:var(--h2_typography-font-weight);--awb-caption-title-font-style:var(--h2_typography-font-style);--awb-caption-title-size:var(--h2_typography-font-size);--awb-caption-title-transform:var(--h2_typography-text-transform);--awb-caption-title-line-height:var(--h2_typography-line-height);--awb-caption-title-letter-spacing:var(--h2_typography-letter-spacing);\"><div class=\"imageframe-align-center\"><span class=\"fusion-imageframe imageframe-none imageframe-2 hover-type-none\"><img decoding=\"async\" width=\"330\" height=\"330\" alt=\"Mike Tuffy\" src=\"https:\/\/optimas.com\/wp-content\/uploads\/2019\/11\/6-MT.jpg\" class=\"img-responsive wp-image-1630\" srcset=\"https:\/\/optimas.com\/wp-content\/uploads\/2019\/11\/6-MT-200x200.jpg 200w, https:\/\/optimas.com\/wp-content\/uploads\/2019\/11\/6-MT.jpg 330w\" sizes=\"(max-width: 800px) 100vw, 330px\" \/><\/span><\/div><\/div><div class=\"fusion-clearfix\"><\/div><\/div><\/div><div class=\"fusion-layout-column fusion_builder_column_inner fusion-builder-nested-column-5 fusion_builder_column_inner_3_4 3_4 fusion-three-fourth fusion-column-last\" style=\"--awb-bg-size:cover;width:75%;width:calc(75% - ( ( 4% ) * 0.75 ) );\"><div class=\"fusion-column-wrapper fusion-column-has-shadow fusion-flex-column-wrapper-legacy\"><div class=\"fusion-text fusion-text-5\"><h1>Mike Tuffy<\/h1>\n<p><strong>Amministratore Delegato, Internazionale<\/strong><\/p>\n<\/div><div class=\"fusion-sep-clear\"><\/div><div class=\"fusion-separator fusion-full-width-sep\" style=\"margin-left: auto;margin-right: auto;margin-top:10px;margin-bottom:10px;width:100%;\"><\/div><div class=\"fusion-sep-clear\"><\/div><div class=\"fusion-text fusion-text-6\"><p>Mike Tuffy ha oltre 40 anni di esperienza nel settore degli elementi di fissaggio con posizioni di leadership nei settori commerciale, approvvigionamento e operazioni. In qualit\u00e0 di CEO, internazionale (Europa, Medio Oriente e Asia Pacifico), Mike utilizza la sua vasta conoscenza delle capacit\u00e0 dei fornitori di livello mondiale per soddisfare le esigenze e le aspettative dei clienti per promuovere l&#039;efficienza per partner e Optima. In precedenza, Mike ha ricoperto posizioni di leadership presso Walters Hexagon e Anixter, dove ha fatto parte del team di gestione che ha fatto crescere significativamente l&#039;azienda attraverso una crescita organica e molteplici acquisizioni. Ha fatto anche parte del team di acquisizione che ha separato Optimas da Anixter nel 2015.<\/p>\n<\/div><div class=\"fusion-sep-clear\"><\/div><div class=\"fusion-separator fusion-full-width-sep\" style=\"margin-left: auto;margin-right: auto;margin-top:10px;margin-bottom:10px;width:100%;\"><\/div><div class=\"fusion-sep-clear\"><\/div><div class=\"fusion-text fusion-text-7\"><p><a href=\"https:\/\/www.linkedin.com\/in\/mike-tuffy-a2144b56\/\" target=\"_blank\" rel=\"noopener noreferrer nofollow\"><img decoding=\"async\" src=\"\/wp-content\/uploads\/2019\/10\/in.jpg\" \/><\/a><\/p>\n<\/div><div class=\"fusion-clearfix\"><\/div><\/div><\/div><div class=\"fusion-layout-column fusion_builder_column_inner fusion-builder-nested-column-6 fusion_builder_column_inner_1_1 1_1 fusion-one-full fusion-column-first fusion-column-last\" style=\"--awb-bg-size:cover;\"><div class=\"fusion-column-wrapper fusion-column-has-shadow fusion-flex-column-wrapper-legacy\"><div class=\"fusion-sep-clear\"><\/div><div class=\"fusion-separator fusion-full-width-sep\" style=\"margin-left: auto;margin-right: auto;margin-top:10px;margin-bottom:30px;width:100%;\"><div class=\"fusion-separator-border sep-single sep-solid\" style=\"--awb-height:20px;--awb-amount:20px;--awb-sep-color:#a9aaac;border-color:#a9aaac;border-top-width:1px;\"><\/div><\/div><div class=\"fusion-sep-clear\"><\/div><div class=\"fusion-clearfix\"><\/div><\/div><\/div><div class=\"fusion-layout-column fusion_builder_column_inner fusion-builder-nested-column-7 fusion_builder_column_inner_1_4 1_4 fusion-one-fourth fusion-column-first\" style=\"--awb-bg-size:cover;width:25%;width:calc(25% - ( ( 4% ) * 0.25 ) );margin-right: 4%;\" id=\"mark\" data-scroll-devices=\"small-visibility,medium-visibility,large-visibility\"><div class=\"fusion-column-wrapper fusion-column-has-shadow fusion-flex-column-wrapper-legacy\"><div class=\"fusion-image-element fusion-image-align-center in-legacy-container\" style=\"text-align:center;--awb-caption-title-font-family:var(--h2_typography-font-family);--awb-caption-title-font-weight:var(--h2_typography-font-weight);--awb-caption-title-font-style:var(--h2_typography-font-style);--awb-caption-title-size:var(--h2_typography-font-size);--awb-caption-title-transform:var(--h2_typography-text-transform);--awb-caption-title-line-height:var(--h2_typography-line-height);--awb-caption-title-letter-spacing:var(--h2_typography-letter-spacing);\"><div class=\"imageframe-align-center\"><span class=\"fusion-imageframe imageframe-none imageframe-3 hover-type-none\"><img decoding=\"async\" width=\"368\" height=\"368\" title=\"Mark-Korba-Colpo alla testa\" src=\"https:\/\/optimas.com\/wp-content\/uploads\/2023\/07\/Mark-Korba-Headshot.jpg\" alt class=\"img-responsive wp-image-7304\" srcset=\"https:\/\/optimas.com\/wp-content\/uploads\/2023\/07\/Mark-Korba-Headshot-200x200.jpg 200w, https:\/\/optimas.com\/wp-content\/uploads\/2023\/07\/Mark-Korba-Headshot.jpg 368w\" sizes=\"(max-width: 800px) 100vw, 368px\" \/><\/span><\/div><\/div><div class=\"fusion-clearfix\"><\/div><\/div><\/div><div class=\"fusion-layout-column fusion_builder_column_inner fusion-builder-nested-column-8 fusion_builder_column_inner_3_4 3_4 fusion-three-fourth fusion-column-last\" style=\"--awb-bg-size:cover;width:75%;width:calc(75% - ( ( 4% ) * 0.75 ) );\"><div class=\"fusion-column-wrapper fusion-column-has-shadow fusion-flex-column-wrapper-legacy\"><div class=\"fusion-text fusion-text-8\" style=\"--awb-text-transform:none;\"><h1>Marco Corba<\/h1>\n<div class=\"PD IF\">\n<div id=\":a5.co\" class=\"JL\">\n<div id=\":ax.ma\" class=\"Mu SP\" data-tooltip=\"December 9, 2019 at 11:35:57 AM UTC-8\"><strong>Capo del personale<\/strong><\/div>\n<\/div>\n<\/div>\n<\/div><div class=\"fusion-sep-clear\"><\/div><div class=\"fusion-separator fusion-full-width-sep\" style=\"margin-left: auto;margin-right: auto;margin-top:10px;margin-bottom:10px;width:100%;\"><\/div><div class=\"fusion-sep-clear\"><\/div><div class=\"fusion-text fusion-text-9\" style=\"--awb-text-transform:none;\"><p>Mark Korba \u00e8 entrato a far parte di Optimas nel 2021 ed \u00e8 responsabile dello sviluppo e dell&#039;esecuzione di strategie interne e del continuo allineamento delle nostre priorit\u00e0 aziendali principali. Membro chiave dell&#039;Executive Team, funge anche da collegamento principale con la propriet\u00e0 di Optimas. Oltre a queste responsabilit\u00e0, Korba guida le funzioni globali di Business Intelligence e Program Management Office (PMO) dell&#039;organizzazione. Korba porta una vasta esperienza in Optimas, con ruoli precedenti nelle vendite, finanza, operazioni, ingegneria industriale e business intelligence. Prima di entrare in Optimas, Korba ha lavorato presso CJ Logistics, dove \u00e8 stato SVP di tecnologia, ingegneria, sistemi e soluzioni. Korba ha conseguito una laurea in Finanza e un MBA in Economia presso la Roosevelt University.<\/p>\n<\/div><div class=\"fusion-sep-clear\"><\/div><div class=\"fusion-separator fusion-full-width-sep\" style=\"margin-left: auto;margin-right: auto;margin-top:10px;margin-bottom:10px;width:100%;\"><\/div><div class=\"fusion-sep-clear\"><\/div><div class=\"fusion-text fusion-text-10\" style=\"--awb-text-transform:none;\"><p><a href=\"https:\/\/www.linkedin.com\/in\/mark-korba-98486a13\/\" target=\"_blank\" rel=\"noopener noreferrer nofollow\"><img decoding=\"async\" class=\"alignnone\" src=\"\/wp-content\/uploads\/2019\/10\/in.jpg\" alt=\"\" width=\"28\" height=\"28\" \/><\/a><\/p>\n<\/div><div class=\"fusion-clearfix\"><\/div><\/div><\/div><div class=\"fusion-layout-column fusion_builder_column_inner fusion-builder-nested-column-9 fusion_builder_column_inner_1_1 1_1 fusion-one-full fusion-column-first fusion-column-last\" style=\"--awb-bg-size:cover;\"><div class=\"fusion-column-wrapper fusion-column-has-shadow fusion-flex-column-wrapper-legacy\"><div class=\"fusion-sep-clear\"><\/div><div class=\"fusion-separator fusion-full-width-sep\" style=\"margin-left: auto;margin-right: auto;margin-top:10px;margin-bottom:30px;width:100%;\"><div class=\"fusion-separator-border sep-single sep-solid\" style=\"--awb-height:20px;--awb-amount:20px;--awb-sep-color:#a9aaac;border-color:#a9aaac;border-top-width:1px;\"><\/div><\/div><div class=\"fusion-sep-clear\"><\/div><div class=\"fusion-clearfix\"><\/div><\/div><\/div><div class=\"fusion-layout-column fusion_builder_column_inner fusion-builder-nested-column-10 fusion_builder_column_inner_1_4 1_4 fusion-one-fourth fusion-column-first\" style=\"--awb-bg-size:cover;width:25%;width:calc(25% - ( ( 4% ) * 0.25 ) );margin-right: 4%;\" id=\"schorr\"><div class=\"fusion-column-wrapper fusion-column-has-shadow fusion-flex-column-wrapper-legacy\"><div class=\"fusion-image-element fusion-image-align-center in-legacy-container\" style=\"text-align:center;--awb-caption-title-font-family:var(--h2_typography-font-family);--awb-caption-title-font-weight:var(--h2_typography-font-weight);--awb-caption-title-font-style:var(--h2_typography-font-style);--awb-caption-title-size:var(--h2_typography-font-size);--awb-caption-title-transform:var(--h2_typography-text-transform);--awb-caption-title-line-height:var(--h2_typography-line-height);--awb-caption-title-letter-spacing:var(--h2_typography-letter-spacing);\"><div class=\"imageframe-align-center\"><span class=\"fusion-imageframe imageframe-none imageframe-4 hover-type-none\" id=\"daly\"><img decoding=\"async\" width=\"330\" height=\"330\" alt=\"Paul Schorr CTO di Optimas Solutions\" title=\"Paolo Schorr\" src=\"https:\/\/optimas.com\/wp-content\/uploads\/2022\/05\/Paul-Schorr.jpg\" class=\"img-responsive wp-image-4953\" srcset=\"https:\/\/optimas.com\/wp-content\/uploads\/2022\/05\/Paul-Schorr-200x200.jpg 200w, https:\/\/optimas.com\/wp-content\/uploads\/2022\/05\/Paul-Schorr.jpg 330w\" sizes=\"(max-width: 800px) 100vw, 330px\" \/><\/span><\/div><\/div><div class=\"fusion-clearfix\"><\/div><\/div><\/div><div class=\"fusion-layout-column fusion_builder_column_inner fusion-builder-nested-column-11 fusion_builder_column_inner_3_4 3_4 fusion-three-fourth fusion-column-last\" style=\"--awb-bg-size:cover;width:75%;width:calc(75% - ( ( 4% ) * 0.75 ) );\"><div class=\"fusion-column-wrapper fusion-column-has-shadow fusion-flex-column-wrapper-legacy\"><div class=\"fusion-text fusion-text-11\" style=\"--awb-text-transform:none;\"><h1>Paolo Schorr<\/h1>\n<div class=\"PD IF\">\n<div id=\":a5.co\" class=\"JL\">\n<div id=\":ax.ma\" class=\"Mu SP\" data-tooltip=\"December 9, 2019 at 11:35:57 AM UTC-8\"><strong>Responsabile dell&#039;informazione<\/strong><\/div>\n<\/div>\n<\/div>\n<\/div><div class=\"fusion-sep-clear\"><\/div><div class=\"fusion-separator fusion-full-width-sep\" style=\"margin-left: auto;margin-right: auto;margin-top:10px;margin-bottom:10px;width:100%;\"><\/div><div class=\"fusion-sep-clear\"><\/div><div class=\"fusion-text fusion-text-12\" style=\"--awb-text-transform:none;\"><p>Paul Schorr guida la strategia tecnologica per Optimas Solutions e supervisiona tutti gli aspetti dell&#039;IT per l&#039;azienda. Sotto la sua guida, Optimas prevede di investire strategicamente nella tecnologia che guida l&#039;efficienza aziendale, alimenta la crescita e apporta ulteriore innovazione ai nostri clienti. Prima di entrare in Optimas, Paul \u00e8 stato il fondatore e consulente di gestione di Strategic Outlook LLC, una societ\u00e0 di consulenza tecnologica e aziendale. Per Strategic Outlook, Paul \u00e8 stato CIO a contratto per Zesty Paws, Zenwise LLC e uni-ball Corporation. All&#039;inizio della sua carriera, Paul ha ricoperto il ruolo di CIO per Patterson Medical, successivamente ribattezzata Performance Health, un produttore e distributore globale in crescita di prodotti medici per la riabilitazione e il recupero. Presso Performance Health, Paul ha implementato una strategia tecnologica a lungo termine incentrata su Oracle NetSuite ERP e altre soluzioni basate su cloud. Oracle NetSuite ERP \u00e8 il principale strumento di pianificazione delle risorse aziendali recentemente implementato da Optimas Solutions. Paul ha anche guidato l&#039;IT per Disney Movie Club (una divisione di Disney Studios) come Divisional CIO a contratto. Paul ha conseguito un Bachelor of Science in Management Information Systems presso la Eastern Illinois University.<\/p>\n<\/div><div class=\"fusion-sep-clear\"><\/div><div class=\"fusion-separator fusion-full-width-sep\" style=\"margin-left: auto;margin-right: auto;margin-top:10px;margin-bottom:10px;width:100%;\"><\/div><div class=\"fusion-sep-clear\"><\/div><div class=\"fusion-text fusion-text-13\" style=\"--awb-text-transform:none;\"><p><a href=\"https:\/\/www.linkedin.com\/in\/paulschorr\/\" target=\"_blank\" rel=\"noopener noreferrer nofollow\"><img decoding=\"async\" class=\"alignnone\" src=\"\/wp-content\/uploads\/2019\/10\/in.jpg\" alt=\"\" width=\"28\" height=\"28\" \/><\/a><\/p>\n<\/div><div class=\"fusion-clearfix\"><\/div><\/div><\/div><\/div><div class=\"fusion-clearfix\"><\/div><\/div><\/div><\/div><\/div>","protected":false},"excerpt":{"rendered":"","protected":false},"author":1,"featured_media":0,"parent":11,"menu_order":0,"comment_status":"closed","ping_status":"closed","template":"","meta":{"_acf_changed":false,"content-type":"","footnotes":""},"class_list":["post-814","page","type-page","status-publish","hentry"],"acf":[],"_links":{"self":[{"href":"https:\/\/optimas.com\/it\/wp-json\/wp\/v2\/pages\/814","targetHints":{"allow":["GET"]}}],"collection":[{"href":"https:\/\/optimas.com\/it\/wp-json\/wp\/v2\/pages"}],"about":[{"href":"https:\/\/optimas.com\/it\/wp-json\/wp\/v2\/types\/page"}],"author":[{"embeddable":true,"href":"https:\/\/optimas.com\/it\/wp-json\/wp\/v2\/users\/1"}],"replies":[{"embeddable":true,"href":"https:\/\/optimas.com\/it\/wp-json\/wp\/v2\/comments?post=814"}],"version-history":[{"count":0,"href":"https:\/\/optimas.com\/it\/wp-json\/wp\/v2\/pages\/814\/revisions"}],"up":[{"embeddable":true,"href":"https:\/\/optimas.com\/it\/wp-json\/wp\/v2\/pages\/11"}],"wp:attachment":[{"href":"https:\/\/optimas.com\/it\/wp-json\/wp\/v2\/media?parent=814"}],"curies":[{"name":"wp","href":"https:\/\/api.w.org\/{rel}","templated":true}]}}