{"id":11820,"date":"2024-04-15T11:30:00","date_gmt":"2024-04-15T16:30:00","guid":{"rendered":"https:\/\/optimas.com\/?page_id=11820"},"modified":"2024-11-22T15:13:08","modified_gmt":"2024-11-22T21:13:08","slug":"socket-screws-tightening-torques","status":"publish","type":"page","link":"https:\/\/optimas.com\/tr\/technical-resources\/socket-screws-tightening-torques\/","title":{"rendered":"Soket Vidalar\u0131 S\u0131kma Torklar\u0131"},"content":{"rendered":"<p><div class=\"fusion-fullwidth fullwidth-box fusion-builder-row-1 fusion-flex-container has-pattern-background has-mask-background nonhundred-percent-fullwidth non-hundred-percent-height-scrolling max\" style=\"--awb-border-radius-top-left:0px;--awb-border-radius-top-right:0px;--awb-border-radius-bottom-right:0px;--awb-border-radius-bottom-left:0px;--awb-padding-right:0px;--awb-padding-left:0px;--awb-flex-wrap:wrap;\" ><div class=\"fusion-builder-row fusion-row fusion-flex-align-items-flex-start fusion-flex-content-wrap\" style=\"max-width:104%;margin-left: calc(-4% \/ 2 );margin-right: calc(-4% \/ 2 );\"><div class=\"fusion-layout-column fusion_builder_column fusion-builder-column-0 fusion_builder_column_1_1 1_1 fusion-flex-column max1200\" style=\"--awb-bg-size:cover;--awb-width-large:100%;--awb-margin-top-large:0px;--awb-spacing-right-large:1.92%;--awb-margin-bottom-large:20px;--awb-spacing-left-large:1.92%;--awb-width-medium:100%;--awb-order-medium:0;--awb-spacing-right-medium:1.92%;--awb-spacing-left-medium:1.92%;--awb-width-small:100%;--awb-order-small:0;--awb-spacing-right-small:1.92%;--awb-spacing-left-small:1.92%;\"><div class=\"fusion-column-wrapper fusion-column-has-shadow fusion-flex-justify-content-flex-start fusion-content-layout-column\"><nav class=\"fusion-breadcrumbs fusion-breadcrumbs-1\" style=\"--awb-alignment:left;--awb-font-size:16;--awb-text-color:#e87722;--awb-breadcrumb-sep:&#039;\/&#039;;text-align:left;\" aria-label=\"Breadcrumb\"><ol class=\"awb-breadcrumb-list\"><li class=\"fusion-breadcrumb-item awb-breadcrumb-sep awb-home\" ><a href=\"https:\/\/optimas.com\/tr\/\" class=\"fusion-breadcrumb-link\"><span >Ev<\/span><\/a><\/li><\/ol><\/nav><\/div><\/div><\/div><\/div><div class=\"fusion-fullwidth fullwidth-box fusion-builder-row-2 fusion-flex-container has-pattern-background has-mask-background nonhundred-percent-fullwidth non-hundred-percent-height-scrolling\" style=\"--awb-border-radius-top-left:0px;--awb-border-radius-top-right:0px;--awb-border-radius-bottom-right:0px;--awb-border-radius-bottom-left:0px;--awb-padding-right:0px;--awb-padding-left:0px;--awb-flex-wrap:wrap;\" ><div class=\"fusion-builder-row fusion-row fusion-flex-align-items-flex-start fusion-flex-content-wrap\" style=\"max-width:104%;margin-left: calc(-4% \/ 2 );margin-right: calc(-4% \/ 2 );\"><div class=\"fusion-layout-column fusion_builder_column fusion-builder-column-1 fusion_builder_column_1_1 1_1 fusion-flex-column max1200\" style=\"--awb-bg-size:cover;--awb-width-large:100%;--awb-margin-top-large:0px;--awb-spacing-right-large:1.92%;--awb-margin-bottom-large:20px;--awb-spacing-left-large:1.92%;--awb-width-medium:100%;--awb-order-medium:0;--awb-spacing-right-medium:1.92%;--awb-spacing-left-medium:1.92%;--awb-width-small:100%;--awb-order-small:0;--awb-spacing-right-small:1.92%;--awb-spacing-left-small:1.92%;\"><div class=\"fusion-column-wrapper fusion-column-has-shadow fusion-flex-justify-content-flex-start fusion-content-layout-column\"><div class=\"fusion-builder-row fusion-builder-row-inner fusion-row fusion-flex-align-items-flex-start fusion-flex-content-wrap\" style=\"--awb-flex-grow:0;--awb-flex-grow-medium:0;--awb-flex-grow-small:0;--awb-flex-shrink:0;--awb-flex-shrink-medium:0;--awb-flex-shrink-small:0;width:104% !important;max-width:104% !important;margin-left: calc(-4% \/ 2 );margin-right: calc(-4% \/ 2 );\"><div class=\"fusion-layout-column fusion_builder_column_inner fusion-builder-nested-column-0 fusion_builder_column_inner_2_5 2_5 fusion-flex-column\" style=\"--awb-bg-size:cover;--awb-width-large:40%;--awb-margin-top-large:0px;--awb-spacing-right-large:4.8%;--awb-margin-bottom-large:0px;--awb-spacing-left-large:4.8%;--awb-width-medium:100%;--awb-order-medium:0;--awb-spacing-right-medium:1.92%;--awb-spacing-left-medium:1.92%;--awb-width-small:100%;--awb-order-small:0;--awb-spacing-right-small:1.92%;--awb-spacing-left-small:1.92%;\"><div class=\"fusion-column-wrapper fusion-column-has-shadow fusion-flex-justify-content-flex-start fusion-content-layout-column\"><div class=\"fusion-image-element\" style=\"--awb-caption-title-font-family:var(--h2_typography-font-family);--awb-caption-title-font-weight:var(--h2_typography-font-weight);--awb-caption-title-font-style:var(--h2_typography-font-style);--awb-caption-title-size:var(--h2_typography-font-size);--awb-caption-title-transform:var(--h2_typography-text-transform);--awb-caption-title-line-height:var(--h2_typography-line-height);--awb-caption-title-letter-spacing:var(--h2_typography-letter-spacing);\"><span class=\"fusion-imageframe imageframe-none imageframe-1 hover-type-none\"><img decoding=\"async\" width=\"573\" height=\"436\" title=\"standart\" src=\"https:\/\/optimas.com\/wp-content\/uploads\/2024\/04\/standard.jpg\" alt class=\"img-responsive wp-image-11706\" srcset=\"https:\/\/optimas.com\/wp-content\/uploads\/2024\/04\/standard-200x152.jpg 200w, https:\/\/optimas.com\/wp-content\/uploads\/2024\/04\/standard-400x304.jpg 400w, https:\/\/optimas.com\/wp-content\/uploads\/2024\/04\/standard.jpg 573w\" sizes=\"(max-width: 1024px) 100vw, (max-width: 640px) 100vw, 573px\" \/><\/span><\/div><\/div><\/div><div class=\"fusion-layout-column fusion_builder_column_inner fusion-builder-nested-column-1 fusion_builder_column_inner_3_5 3_5 fusion-flex-column fusion-flex-align-self-center\" style=\"--awb-bg-size:cover;--awb-width-large:60%;--awb-margin-top-large:0px;--awb-spacing-right-large:3.2%;--awb-margin-bottom-large:0px;--awb-spacing-left-large:3.2%;--awb-width-medium:100%;--awb-order-medium:0;--awb-spacing-right-medium:1.92%;--awb-spacing-left-medium:1.92%;--awb-width-small:100%;--awb-order-small:0;--awb-spacing-right-small:1.92%;--awb-spacing-left-small:1.92%;\"><div class=\"fusion-column-wrapper fusion-column-has-shadow fusion-flex-justify-content-flex-start fusion-content-layout-column\"><div class=\"fusion-text fusion-text-1\"><div class=\"fusion-text fusion-text-1\">\n<h2>Soket\/Ba\u015fs\u0131z Vida S\u0131kma Torklar\u0131<\/h2>\n<\/div>\n<div class=\"fusion-text fusion-text-2\">\n<p>Optimas tam hizmet sa\u011flayan bir tedarik zinciri ve \u00fcretim \u00e7\u00f6z\u00fcmleri sa\u011flay\u0131c\u0131s\u0131d\u0131r. Bir sonraki \u00fcr\u00fcn\u00fcn\u00fcz\u00fc tasarlamadan veya mevcut bir \u00fcr\u00fcnde g\u00fcncelleme yapmadan \u00f6nce, bir\u00e7ok yetene\u011fimizden yararlanmak i\u00e7in Optimas ile ortakl\u0131k kurmay\u0131 d\u00fc\u015f\u00fcn\u00fcn.<\/p>\n<\/div>\n<\/div><div class=\"fusion-separator fusion-full-width-sep\" style=\"align-self: center;margin-left: auto;margin-right: auto;margin-top:20px;margin-bottom:20px;width:100%;\"><\/div><div class=\"fusion-text fusion-text-2\"><p><a class=\"linkOrangeButton\" href=\"https:\/\/optimas.com\/tr\/contact\/\">Uzman\u0131m\u0131zla G\u00f6r\u00fc\u015f\u00fcn<\/a><\/p>\n<\/div><\/div><\/div><\/div><\/div><\/div><\/div><\/div><div class=\"fusion-fullwidth fullwidth-box fusion-builder-row-3 fusion-flex-container has-pattern-background has-mask-background nonhundred-percent-fullwidth non-hundred-percent-height-scrolling\" style=\"--awb-border-radius-top-left:0px;--awb-border-radius-top-right:0px;--awb-border-radius-bottom-right:0px;--awb-border-radius-bottom-left:0px;--awb-flex-wrap:wrap;\" ><div class=\"fusion-builder-row fusion-row fusion-flex-align-items-flex-start fusion-flex-content-wrap\" style=\"max-width:104%;margin-left: calc(-4% \/ 2 );margin-right: calc(-4% \/ 2 );\"><div class=\"fusion-layout-column fusion_builder_column fusion-builder-column-2 fusion_builder_column_1_1 1_1 fusion-flex-column\" style=\"--awb-bg-size:cover;--awb-width-large:100%;--awb-margin-top-large:0px;--awb-spacing-right-large:1.92%;--awb-margin-bottom-large:20px;--awb-spacing-left-large:1.92%;--awb-width-medium:100%;--awb-order-medium:0;--awb-spacing-right-medium:1.92%;--awb-spacing-left-medium:1.92%;--awb-width-small:100%;--awb-order-small:0;--awb-spacing-right-small:1.92%;--awb-spacing-left-small:1.92%;\"><div class=\"fusion-column-wrapper fusion-column-has-shadow fusion-flex-justify-content-flex-start fusion-content-layout-column\"><div class=\"fusion-separator fusion-full-width-sep\" style=\"align-self: center;margin-left: auto;margin-right: auto;width:100%;\"><div class=\"fusion-separator-border sep-single sep-solid\" style=\"--awb-height:20px;--awb-amount:20px;border-color:#e0dede;border-top-width:1px;\"><\/div><\/div><\/div><\/div><\/div><\/div><div class=\"fusion-fullwidth fullwidth-box fusion-builder-row-4 fusion-flex-container has-pattern-background has-mask-background nonhundred-percent-fullwidth non-hundred-percent-height-scrolling\" style=\"--awb-border-radius-top-left:0px;--awb-border-radius-top-right:0px;--awb-border-radius-bottom-right:0px;--awb-border-radius-bottom-left:0px;--awb-flex-wrap:wrap;\" ><div class=\"fusion-builder-row fusion-row fusion-flex-align-items-flex-start fusion-flex-content-wrap\" style=\"max-width:104%;margin-left: calc(-4% \/ 2 );margin-right: calc(-4% \/ 2 );\"><div class=\"fusion-layout-column fusion_builder_column fusion-builder-column-3 fusion_builder_column_1_1 1_1 fusion-flex-column max1200\" style=\"--awb-bg-size:cover;--awb-width-large:100%;--awb-margin-top-large:0px;--awb-spacing-right-large:1.92%;--awb-margin-bottom-large:20px;--awb-spacing-left-large:1.92%;--awb-width-medium:100%;--awb-order-medium:0;--awb-spacing-right-medium:1.92%;--awb-spacing-left-medium:1.92%;--awb-width-small:100%;--awb-order-small:0;--awb-spacing-right-small:1.92%;--awb-spacing-left-small:1.92%;\"><div class=\"fusion-column-wrapper fusion-column-has-shadow fusion-flex-justify-content-flex-start fusion-content-layout-column\"><div class=\"fusion-separator fusion-full-width-sep\" style=\"align-self: center;margin-left: auto;margin-right: auto;margin-top:10px;margin-bottom:10px;width:100%;\"><\/div><div class=\"fusion-text fusion-text-3\"><p>Bu tablo alt\u0131gen ve alt\u0131gen soket ve d\u00fcz ba\u015fl\u0131 vidalar\u0131n izin verilen maksimum s\u0131kma torklar\u0131n\u0131 g\u00f6sterir.<\/p>\n<\/div><div class=\"fusion-separator fusion-full-width-sep\" style=\"align-self: center;margin-left: auto;margin-right: auto;margin-top:10px;margin-bottom:10px;width:100%;\"><\/div><div class=\"fusion-text fusion-text-4\"><p style=\"font-size: 18px;\" data-fusion-font=\"true\">Yaln\u0131zca rehberlik ama\u00e7l\u0131<\/p>\n<\/div><\/div><\/div><div class=\"fusion-layout-column fusion_builder_column fusion-builder-column-4 fusion_builder_column_1_1 1_1 fusion-flex-column max1200\" style=\"--awb-bg-size:cover;--awb-width-large:100%;--awb-margin-top-large:0px;--awb-spacing-right-large:1.92%;--awb-margin-bottom-large:40px;--awb-spacing-left-large:1.92%;--awb-width-medium:100%;--awb-order-medium:0;--awb-spacing-right-medium:1.92%;--awb-spacing-left-medium:1.92%;--awb-width-small:100%;--awb-order-small:0;--awb-spacing-right-small:1.92%;--awb-spacing-left-small:1.92%;\"><div class=\"fusion-column-wrapper fusion-column-has-shadow fusion-flex-justify-content-flex-start fusion-content-layout-column\"><div class=\"fusion-text fusion-text-5\">\n<table id=\"tablepress-22\" class=\"tablepress tablepress-id-22 tbody-has-connected-cells\">\n<thead>\n<tr class=\"row-1\">\n\t<th colspan=\"11\" class=\"column-1\"><b>Maksimum S\u0131kma Torklar\u0131 (Nm)<\/b><\/th><th colspan=\"2\" class=\"column-12\"><b>ISO 4026 \/ DIN 913 ISO 4027 \/ DIN 914 ISO 4028 \/ DIN 915<\/b><\/th>\n<\/tr>\n<\/thead>\n<tbody class=\"row-striping row-hover\">\n<tr class=\"row-2\">\n\t<td class=\"column-1\"><b>Vida Standard\u0131<\/b><\/td><td colspan=\"2\" class=\"column-2\"><b>DIN 6912<\/b><\/td><td colspan=\"2\" class=\"column-4\"><b>DIN 7894<\/b><\/td><td class=\"column-6\"><b>ISO 7379<\/b><\/td><td class=\"column-7\"><b>DIN 7991<\/b><\/td><td class=\"column-8\"><b>ISO 14581<\/b><\/td><td class=\"column-9\"><b>DIN 7991<\/b><\/td><td class=\"column-10\"><b>ISO 7380<\/b><\/td><td class=\"column-11\"><b>ISO 7380<\/b><\/td><td colspan=\"2\" class=\"column-12\"><b>ISO 4029 \/ DIN 916<\/b><\/td>\n<\/tr>\n<tr class=\"row-3\">\n\t<td class=\"column-1\"><b>Malzeme s\u0131n\u0131f\u0131<\/b><\/td><td rowspan=\"2\" class=\"column-2\"><b>8.8<\/b><\/td><td rowspan=\"2\" class=\"column-3\"><b>A2-70<\/br>A4-70<\/b><\/td><td rowspan=\"2\" class=\"column-4\"><b>8.8<\/b><\/td><td rowspan=\"2\" class=\"column-5\"><b>A2-70<\/br>A4-70<\/b><\/td><td rowspan=\"2\" class=\"column-6\"><b>12.9<\/b><\/td><td rowspan=\"2\" class=\"column-7\"><b>10.9<\/b><\/td><td rowspan=\"2\" class=\"column-8\"><b>8.8<\/b><\/td><td rowspan=\"2\" class=\"column-9\"><b>A2-70<\/br>A4-70<\/b><\/td><td rowspan=\"2\" class=\"column-10\"><b>10.9<\/b><\/td><td rowspan=\"2\" class=\"column-11\"><b>A2-70<\/br>A4-70<\/b><\/td><td rowspan=\"2\" class=\"column-12\"><b>45 saat *<\/b><\/td><td rowspan=\"2\" class=\"column-13\"><b>A2 A4<\/b><\/td>\n<\/tr>\n<tr class=\"row-4\">\n\t<td class=\"column-1\"><b>Konu Boyutu<\/b><\/td>\n<\/tr>\n<tr class=\"row-5\">\n\t<td class=\"column-1\"><b>M3<\/b><\/td><td class=\"column-2\">-<\/td><td class=\"column-3\">-<\/td><td class=\"column-4\">1<\/td><td class=\"column-5\">0.6<\/td><td class=\"column-6\">-<\/td><td class=\"column-7\">1<\/td><td class=\"column-8\">1<\/td><td class=\"column-9\">0.5<\/td><td class=\"column-10\">1<\/td><td class=\"column-11\">0.5<\/td><td class=\"column-12\">0.5<\/td><td class=\"column-13\">0.2<\/td>\n<\/tr>\n<tr class=\"row-6\">\n\t<td class=\"column-1\"><b>M4<\/b><\/td><td class=\"column-2\">2<\/td><td class=\"column-3\">1<\/td><td class=\"column-4\">2<\/td><td class=\"column-5\">1.2<\/td><td class=\"column-6\">-<\/td><td class=\"column-7\">2<\/td><td class=\"column-8\">2<\/td><td class=\"column-9\">1<\/td><td class=\"column-10\">2<\/td><td class=\"column-11\">1<\/td><td class=\"column-12\">1<\/td><td class=\"column-13\">0.5<\/td>\n<\/tr>\n<tr class=\"row-7\">\n\t<td class=\"column-1\"><b>M5<\/b><\/td><td class=\"column-2\">6<\/td><td class=\"column-3\">4<\/td><td class=\"column-4\">4<\/td><td class=\"column-5\">2.5<\/td><td class=\"column-6\">4<\/td><td class=\"column-7\">5<\/td><td class=\"column-8\">5<\/td><td class=\"column-9\">2.5<\/td><td class=\"column-10\">4<\/td><td class=\"column-11\">2<\/td><td class=\"column-12\">3<\/td><td class=\"column-13\">1.5<\/td>\n<\/tr>\n<tr class=\"row-8\">\n\t<td class=\"column-1\"><b>M6<\/b><\/td><td class=\"column-2\">9<\/td><td class=\"column-3\">5<\/td><td class=\"column-4\">8<\/td><td class=\"column-5\">5<\/td><td class=\"column-6\">9<\/td><td class=\"column-7\">9<\/td><td class=\"column-8\">9<\/td><td class=\"column-9\">4.5<\/td><td class=\"column-10\">8<\/td><td class=\"column-11\">4<\/td><td class=\"column-12\">5<\/td><td class=\"column-13\">2.5<\/td>\n<\/tr>\n<tr class=\"row-9\">\n\t<td class=\"column-1\"><b>M8<\/b><\/td><td class=\"column-2\">20<\/td><td class=\"column-3\">12<\/td><td class=\"column-4\">12<\/td><td class=\"column-5\">7<\/td><td class=\"column-6\">25<\/td><td class=\"column-7\">15<\/td><td class=\"column-8\">-<\/td><td class=\"column-9\">8<\/td><td class=\"column-10\">12<\/td><td class=\"column-11\">6<\/td><td class=\"column-12\">10<\/td><td class=\"column-13\">5<\/td>\n<\/tr>\n<tr class=\"row-10\">\n\t<td class=\"column-1\"><b>M10<\/b><\/td><td class=\"column-2\">40<\/td><td class=\"column-3\">24<\/td><td class=\"column-4\">35<\/td><td class=\"column-5\">21<\/td><td class=\"column-6\">40<\/td><td class=\"column-7\">40<\/td><td class=\"column-8\">-<\/td><td class=\"column-9\">20<\/td><td class=\"column-10\">30<\/td><td class=\"column-11\">15<\/td><td class=\"column-12\">20<\/td><td class=\"column-13\">10<\/td>\n<\/tr>\n<tr class=\"row-11\">\n\t<td class=\"column-1\"><b>M12<\/b><\/td><td class=\"column-2\">65<\/td><td class=\"column-3\">40<\/td><td class=\"column-4\">50<\/td><td class=\"column-5\">30<\/td><td class=\"column-6\">70<\/td><td class=\"column-7\">65<\/td><td class=\"column-8\">-<\/td><td class=\"column-9\">33<\/td><td class=\"column-10\">60<\/td><td class=\"column-11\">30<\/td><td class=\"column-12\">45<\/td><td class=\"column-13\">22<\/td>\n<\/tr>\n<tr class=\"row-12\">\n\t<td class=\"column-1\"><b>M14<\/b><\/td><td class=\"column-2\">110<\/td><td class=\"column-3\">66<\/td><td class=\"column-4\">-<\/td><td class=\"column-5\">-<\/td><td class=\"column-6\">-<\/td><td class=\"column-7\">100<\/td><td class=\"column-8\">-<\/td><td class=\"column-9\">50<\/td><td class=\"column-10\">-<\/td><td class=\"column-11\">-<\/td><td class=\"column-12\">45<\/td><td class=\"column-13\">22<\/td>\n<\/tr>\n<tr class=\"row-13\">\n\t<td class=\"column-1\"><b>M16<\/b><\/td><td class=\"column-2\">180<\/td><td class=\"column-3\">110<\/td><td class=\"column-4\">110<\/td><td class=\"column-5\">66<\/td><td class=\"column-6\">200<\/td><td class=\"column-7\">110<\/td><td class=\"column-8\">-<\/td><td class=\"column-9\">55<\/td><td class=\"column-10\">-<\/td><td class=\"column-11\">-<\/td><td class=\"column-12\">90<\/td><td class=\"column-13\">45<\/td>\n<\/tr>\n<tr class=\"row-14\">\n\t<td class=\"column-1\"><b>M18<\/b><\/td><td class=\"column-2\">-<\/td><td class=\"column-3\">-<\/td><td class=\"column-4\">-<\/td><td class=\"column-5\">-<\/td><td class=\"column-6\">-<\/td><td class=\"column-7\">-<\/td><td class=\"column-8\">-<\/td><td class=\"column-9\">-<\/td><td class=\"column-10\">-<\/td><td class=\"column-11\">-<\/td><td class=\"column-12\">140<\/td><td class=\"column-13\">70<\/td>\n<\/tr>\n<tr class=\"row-15\">\n\t<td class=\"column-1\"><b>M20<\/b><\/td><td class=\"column-2\">280<\/td><td class=\"column-3\">170<\/td><td class=\"column-4\">200<\/td><td class=\"column-5\">120<\/td><td class=\"column-6\">400<\/td><td class=\"column-7\">150<\/td><td class=\"column-8\">-<\/td><td class=\"column-9\">75<\/td><td class=\"column-10\">-<\/td><td class=\"column-11\">-<\/td><td class=\"column-12\">140<\/td><td class=\"column-13\">70<\/td>\n<\/tr>\n<tr class=\"row-16\">\n\t<td class=\"column-1\"><b>M22<\/b><\/td><td class=\"column-2\">-<\/td><td class=\"column-3\">-<\/td><td class=\"column-4\">-<\/td><td class=\"column-5\">-<\/td><td class=\"column-6\">-<\/td><td class=\"column-7\">-<\/td><td class=\"column-8\">-<\/td><td class=\"column-9\">-<\/td><td class=\"column-10\">-<\/td><td class=\"column-11\">-<\/td><td class=\"column-12\">220<\/td><td class=\"column-13\">110<\/td>\n<\/tr>\n<tr class=\"row-17\">\n\t<td class=\"column-1\"><b>M24<\/b><\/td><td class=\"column-2\">-<\/td><td class=\"column-3\">-<\/td><td class=\"column-4\">390<\/td><td class=\"column-5\">235<\/td><td class=\"column-6\">-<\/td><td class=\"column-7\">400<\/td><td class=\"column-8\">-<\/td><td class=\"column-9\">200<\/td><td class=\"column-10\">-<\/td><td class=\"column-11\">-<\/td><td class=\"column-12\">220<\/td><td class=\"column-13\">110<\/td>\n<\/tr>\n<\/tbody>\n<\/table>\n\n<\/div><div class=\"fusion-separator fusion-full-width-sep\" style=\"align-self: center;margin-left: auto;margin-right: auto;margin-top:10px;margin-bottom:10px;width:100%;\"><\/div><div class=\"fusion-text fusion-text-6\"><p style=\"font-size: 18px;\" data-fusion-font=\"true\">* ISO 898 Pt 5&#039;e g\u00f6re mekanik \u00f6zellikler ve \u00f6zellik s\u0131n\u0131flar\u0131, \u00e7ekme kuvvetlerine maruz kalmayan ba\u015fs\u0131z vidalar i\u00e7in ge\u00e7erlidir.<\/p>\n<\/div><\/div><\/div><\/div><\/div><div class=\"fusion-fullwidth fullwidth-box fusion-builder-row-5 fusion-flex-container has-pattern-background has-mask-background nonhundred-percent-fullwidth non-hundred-percent-height-scrolling\" style=\"--awb-border-radius-top-left:0px;--awb-border-radius-top-right:0px;--awb-border-radius-bottom-right:0px;--awb-border-radius-bottom-left:0px;--awb-background-color:var(--awb-custom10);--awb-flex-wrap:wrap;\" ><div class=\"fusion-builder-row fusion-row fusion-flex-align-items-flex-start fusion-flex-content-wrap\" style=\"max-width:104%;margin-left: calc(-4% \/ 2 );margin-right: calc(-4% \/ 2 );\"><div class=\"fusion-layout-column fusion_builder_column fusion-builder-column-5 fusion_builder_column_1_1 1_1 fusion-flex-column max1200\" style=\"--awb-padding-top:35px;--awb-padding-bottom:35px;--awb-bg-size:cover;--awb-width-large:100%;--awb-margin-top-large:0px;--awb-spacing-right-large:1.92%;--awb-margin-bottom-large:0px;--awb-spacing-left-large:1.92%;--awb-width-medium:100%;--awb-order-medium:0;--awb-spacing-right-medium:1.92%;--awb-spacing-left-medium:1.92%;--awb-width-small:100%;--awb-order-small:0;--awb-spacing-right-small:1.92%;--awb-spacing-left-small:1.92%;\"><div class=\"fusion-column-wrapper fusion-column-has-shadow fusion-flex-justify-content-flex-start fusion-content-layout-column\"><div class=\"fusion-builder-row fusion-builder-row-inner fusion-row fusion-flex-align-items-flex-start fusion-flex-content-wrap\" style=\"--awb-flex-grow:0;--awb-flex-grow-medium:0;--awb-flex-grow-small:0;--awb-flex-shrink:0;--awb-flex-shrink-medium:0;--awb-flex-shrink-small:0;width:104% !important;max-width:104% !important;margin-left: calc(-4% \/ 2 );margin-right: calc(-4% \/ 2 );\"><div class=\"fusion-layout-column fusion_builder_column_inner fusion-builder-nested-column-2 fusion_builder_column_inner_2_3 2_3 fusion-flex-column\" style=\"--awb-bg-size:cover;--awb-width-large:66.6666666667%;--awb-margin-top-large:0px;--awb-spacing-right-large:2.88%;--awb-margin-bottom-large:0px;--awb-spacing-left-large:2.88%;--awb-width-medium:100%;--awb-order-medium:0;--awb-spacing-right-medium:1.92%;--awb-spacing-left-medium:1.92%;--awb-width-small:100%;--awb-order-small:0;--awb-spacing-right-small:1.92%;--awb-spacing-left-small:1.92%;\"><div class=\"fusion-column-wrapper fusion-column-has-shadow fusion-flex-justify-content-flex-start fusion-content-layout-column\"><div class=\"fusion-text fusion-text-7\"><p style=\"font-size: 30px; color: #fff;\">Verimlili\u011fi Bulman\u0131za Yard\u0131mc\u0131 Olal\u0131m<\/p>\n<\/div><\/div><\/div><div class=\"fusion-layout-column fusion_builder_column_inner fusion-builder-nested-column-3 fusion_builder_column_inner_1_3 1_3 fusion-flex-column fusion-flex-align-self-center\" style=\"--awb-bg-size:cover;--awb-width-large:33.3333333333%;--awb-margin-top-large:0px;--awb-spacing-right-large:5.76%;--awb-margin-bottom-large:0px;--awb-spacing-left-large:5.76%;--awb-width-medium:100%;--awb-order-medium:0;--awb-spacing-right-medium:1.92%;--awb-spacing-left-medium:1.92%;--awb-width-small:100%;--awb-order-small:0;--awb-spacing-right-small:1.92%;--awb-spacing-left-small:1.92%;\"><div class=\"fusion-column-wrapper fusion-column-has-shadow fusion-flex-justify-content-center fusion-content-layout-column\"><div class=\"fusion-text fusion-text-8\"><p><a class=\"linkSpeakExpert\" href=\"https:\/\/optimas.com\/tr\/contact\/\">B\u0130ZE ULA\u015eIN<\/a><\/p>\n<\/div><\/div><\/div><\/div><\/div><\/div><\/div><\/div><\/p>","protected":false},"excerpt":{"rendered":"","protected":false},"author":38,"featured_media":11821,"parent":11686,"menu_order":0,"comment_status":"closed","ping_status":"closed","template":"","meta":{"_acf_changed":false,"content-type":"","footnotes":""},"class_list":["post-11820","page","type-page","status-publish","has-post-thumbnail","hentry"],"acf":[],"_links":{"self":[{"href":"https:\/\/optimas.com\/tr\/wp-json\/wp\/v2\/pages\/11820","targetHints":{"allow":["GET"]}}],"collection":[{"href":"https:\/\/optimas.com\/tr\/wp-json\/wp\/v2\/pages"}],"about":[{"href":"https:\/\/optimas.com\/tr\/wp-json\/wp\/v2\/types\/page"}],"author":[{"embeddable":true,"href":"https:\/\/optimas.com\/tr\/wp-json\/wp\/v2\/users\/38"}],"replies":[{"embeddable":true,"href":"https:\/\/optimas.com\/tr\/wp-json\/wp\/v2\/comments?post=11820"}],"version-history":[{"count":0,"href":"https:\/\/optimas.com\/tr\/wp-json\/wp\/v2\/pages\/11820\/revisions"}],"up":[{"embeddable":true,"href":"https:\/\/optimas.com\/tr\/wp-json\/wp\/v2\/pages\/11686"}],"wp:featuredmedia":[{"embeddable":true,"href":"https:\/\/optimas.com\/tr\/wp-json\/wp\/v2\/media\/11821"}],"wp:attachment":[{"href":"https:\/\/optimas.com\/tr\/wp-json\/wp\/v2\/media?parent=11820"}],"curies":[{"name":"wp","href":"https:\/\/api.w.org\/{rel}","templated":true}]}}