{"id":11925,"date":"2024-04-16T10:25:42","date_gmt":"2024-04-16T15:25:42","guid":{"rendered":"https:\/\/optimas.com\/?page_id=11925"},"modified":"2024-11-22T15:16:00","modified_gmt":"2024-11-22T21:16:00","slug":"self-tapping-screws-thread-dimensions","status":"publish","type":"page","link":"https:\/\/optimas.com\/tr\/technical-resources\/self-tapping-screws-thread-dimensions\/","title":{"rendered":"Kendili\u011finden Vuran Vidalar Di\u015f Boyutlar\u0131"},"content":{"rendered":"<p><div class=\"fusion-fullwidth fullwidth-box fusion-builder-row-1 fusion-flex-container has-pattern-background has-mask-background nonhundred-percent-fullwidth non-hundred-percent-height-scrolling max\" style=\"--awb-border-radius-top-left:0px;--awb-border-radius-top-right:0px;--awb-border-radius-bottom-right:0px;--awb-border-radius-bottom-left:0px;--awb-padding-right:0px;--awb-padding-left:0px;--awb-flex-wrap:wrap;\" ><div class=\"fusion-builder-row fusion-row fusion-flex-align-items-flex-start fusion-flex-content-wrap\" style=\"max-width:104%;margin-left: calc(-4% \/ 2 );margin-right: calc(-4% \/ 2 );\"><div class=\"fusion-layout-column fusion_builder_column fusion-builder-column-0 fusion_builder_column_1_1 1_1 fusion-flex-column max1200\" style=\"--awb-bg-size:cover;--awb-width-large:100%;--awb-margin-top-large:0px;--awb-spacing-right-large:1.92%;--awb-margin-bottom-large:20px;--awb-spacing-left-large:1.92%;--awb-width-medium:100%;--awb-order-medium:0;--awb-spacing-right-medium:1.92%;--awb-spacing-left-medium:1.92%;--awb-width-small:100%;--awb-order-small:0;--awb-spacing-right-small:1.92%;--awb-spacing-left-small:1.92%;\"><div class=\"fusion-column-wrapper fusion-column-has-shadow fusion-flex-justify-content-flex-start fusion-content-layout-column\"><nav class=\"fusion-breadcrumbs fusion-breadcrumbs-1\" style=\"--awb-alignment:left;--awb-font-size:16;--awb-text-color:#e87722;--awb-breadcrumb-sep:&#039;\/&#039;;text-align:left;\" aria-label=\"Breadcrumb\"><ol class=\"awb-breadcrumb-list\"><li class=\"fusion-breadcrumb-item awb-breadcrumb-sep awb-home\" ><a href=\"https:\/\/optimas.com\/tr\/\" class=\"fusion-breadcrumb-link\"><span >Ev<\/span><\/a><\/li><\/ol><\/nav><\/div><\/div><\/div><\/div><div class=\"fusion-fullwidth fullwidth-box fusion-builder-row-2 fusion-flex-container has-pattern-background has-mask-background nonhundred-percent-fullwidth non-hundred-percent-height-scrolling\" style=\"--awb-border-radius-top-left:0px;--awb-border-radius-top-right:0px;--awb-border-radius-bottom-right:0px;--awb-border-radius-bottom-left:0px;--awb-padding-right:0px;--awb-padding-left:0px;--awb-flex-wrap:wrap;\" ><div class=\"fusion-builder-row fusion-row fusion-flex-align-items-flex-start fusion-flex-content-wrap\" style=\"max-width:104%;margin-left: calc(-4% \/ 2 );margin-right: calc(-4% \/ 2 );\"><div class=\"fusion-layout-column fusion_builder_column fusion-builder-column-1 fusion_builder_column_1_1 1_1 fusion-flex-column max1200\" style=\"--awb-bg-size:cover;--awb-width-large:100%;--awb-margin-top-large:0px;--awb-spacing-right-large:1.92%;--awb-margin-bottom-large:20px;--awb-spacing-left-large:1.92%;--awb-width-medium:100%;--awb-order-medium:0;--awb-spacing-right-medium:1.92%;--awb-spacing-left-medium:1.92%;--awb-width-small:100%;--awb-order-small:0;--awb-spacing-right-small:1.92%;--awb-spacing-left-small:1.92%;\"><div class=\"fusion-column-wrapper fusion-column-has-shadow fusion-flex-justify-content-flex-start fusion-content-layout-column\"><div class=\"fusion-builder-row fusion-builder-row-inner fusion-row fusion-flex-align-items-flex-start fusion-flex-content-wrap\" style=\"--awb-flex-grow:0;--awb-flex-grow-medium:0;--awb-flex-grow-small:0;--awb-flex-shrink:0;--awb-flex-shrink-medium:0;--awb-flex-shrink-small:0;width:104% !important;max-width:104% !important;margin-left: calc(-4% \/ 2 );margin-right: calc(-4% \/ 2 );\"><div class=\"fusion-layout-column fusion_builder_column_inner fusion-builder-nested-column-0 fusion_builder_column_inner_2_5 2_5 fusion-flex-column\" style=\"--awb-bg-size:cover;--awb-width-large:40%;--awb-margin-top-large:0px;--awb-spacing-right-large:4.8%;--awb-margin-bottom-large:0px;--awb-spacing-left-large:4.8%;--awb-width-medium:100%;--awb-order-medium:0;--awb-spacing-right-medium:1.92%;--awb-spacing-left-medium:1.92%;--awb-width-small:100%;--awb-order-small:0;--awb-spacing-right-small:1.92%;--awb-spacing-left-small:1.92%;\"><div class=\"fusion-column-wrapper fusion-column-has-shadow fusion-flex-justify-content-flex-start fusion-content-layout-column\"><div class=\"fusion-image-element\" style=\"--awb-caption-title-font-family:var(--h2_typography-font-family);--awb-caption-title-font-weight:var(--h2_typography-font-weight);--awb-caption-title-font-style:var(--h2_typography-font-style);--awb-caption-title-size:var(--h2_typography-font-size);--awb-caption-title-transform:var(--h2_typography-text-transform);--awb-caption-title-line-height:var(--h2_typography-line-height);--awb-caption-title-letter-spacing:var(--h2_typography-letter-spacing);\"><span class=\"fusion-imageframe imageframe-none imageframe-1 hover-type-none\"><img decoding=\"async\" width=\"573\" height=\"436\" title=\"standart\" src=\"https:\/\/optimas.com\/wp-content\/uploads\/2024\/04\/standard.jpg\" alt class=\"img-responsive wp-image-11706\" srcset=\"https:\/\/optimas.com\/wp-content\/uploads\/2024\/04\/standard-200x152.jpg 200w, https:\/\/optimas.com\/wp-content\/uploads\/2024\/04\/standard-400x304.jpg 400w, https:\/\/optimas.com\/wp-content\/uploads\/2024\/04\/standard.jpg 573w\" sizes=\"(max-width: 1024px) 100vw, (max-width: 640px) 100vw, 573px\" \/><\/span><\/div><\/div><\/div><div class=\"fusion-layout-column fusion_builder_column_inner fusion-builder-nested-column-1 fusion_builder_column_inner_3_5 3_5 fusion-flex-column fusion-flex-align-self-center\" style=\"--awb-bg-size:cover;--awb-width-large:60%;--awb-margin-top-large:0px;--awb-spacing-right-large:3.2%;--awb-margin-bottom-large:0px;--awb-spacing-left-large:3.2%;--awb-width-medium:100%;--awb-order-medium:0;--awb-spacing-right-medium:1.92%;--awb-spacing-left-medium:1.92%;--awb-width-small:100%;--awb-order-small:0;--awb-spacing-right-small:1.92%;--awb-spacing-left-small:1.92%;\"><div class=\"fusion-column-wrapper fusion-column-has-shadow fusion-flex-justify-content-flex-start fusion-content-layout-column\"><div class=\"fusion-text fusion-text-1\"><div class=\"fusion-text fusion-text-1\">\n<h2>Kendili\u011finden Vuran Vida Di\u015fi Boyutlar\u0131<\/h2>\n<\/div>\n<div class=\"fusion-text fusion-text-2\">\n<p>Optimas tam hizmet sa\u011flayan bir tedarik zinciri ve \u00fcretim \u00e7\u00f6z\u00fcmleri sa\u011flay\u0131c\u0131s\u0131d\u0131r. Bir sonraki \u00fcr\u00fcn\u00fcn\u00fcz\u00fc tasarlamadan veya mevcut bir \u00fcr\u00fcnde g\u00fcncelleme yapmadan \u00f6nce, bir\u00e7ok yetene\u011fimizden yararlanmak i\u00e7in Optimas ile ortakl\u0131k kurmay\u0131 d\u00fc\u015f\u00fcn\u00fcn.<\/p>\n<\/div>\n<\/div><div class=\"fusion-separator fusion-full-width-sep\" style=\"align-self: center;margin-left: auto;margin-right: auto;margin-top:20px;margin-bottom:20px;width:100%;\"><\/div><div class=\"fusion-text fusion-text-2\"><p><a class=\"linkOrangeButton\" href=\"https:\/\/optimas.com\/tr\/contact\/\">Uzman\u0131m\u0131zla G\u00f6r\u00fc\u015f\u00fcn<\/a><\/p>\n<\/div><\/div><\/div><\/div><\/div><\/div><\/div><\/div><div class=\"fusion-fullwidth fullwidth-box fusion-builder-row-3 fusion-flex-container has-pattern-background has-mask-background nonhundred-percent-fullwidth non-hundred-percent-height-scrolling\" style=\"--awb-border-radius-top-left:0px;--awb-border-radius-top-right:0px;--awb-border-radius-bottom-right:0px;--awb-border-radius-bottom-left:0px;--awb-flex-wrap:wrap;\" ><div class=\"fusion-builder-row fusion-row fusion-flex-align-items-flex-start fusion-flex-content-wrap\" style=\"max-width:104%;margin-left: calc(-4% \/ 2 );margin-right: calc(-4% \/ 2 );\"><div class=\"fusion-layout-column fusion_builder_column fusion-builder-column-2 fusion_builder_column_1_1 1_1 fusion-flex-column\" style=\"--awb-bg-size:cover;--awb-width-large:100%;--awb-margin-top-large:0px;--awb-spacing-right-large:1.92%;--awb-margin-bottom-large:20px;--awb-spacing-left-large:1.92%;--awb-width-medium:100%;--awb-order-medium:0;--awb-spacing-right-medium:1.92%;--awb-spacing-left-medium:1.92%;--awb-width-small:100%;--awb-order-small:0;--awb-spacing-right-small:1.92%;--awb-spacing-left-small:1.92%;\"><div class=\"fusion-column-wrapper fusion-column-has-shadow fusion-flex-justify-content-flex-start fusion-content-layout-column\"><div class=\"fusion-separator fusion-full-width-sep\" style=\"align-self: center;margin-left: auto;margin-right: auto;width:100%;\"><div class=\"fusion-separator-border sep-single sep-solid\" style=\"--awb-height:20px;--awb-amount:20px;border-color:#e0dede;border-top-width:1px;\"><\/div><\/div><\/div><\/div><\/div><\/div><div class=\"fusion-fullwidth fullwidth-box fusion-builder-row-4 fusion-flex-container has-pattern-background has-mask-background nonhundred-percent-fullwidth non-hundred-percent-height-scrolling\" style=\"--awb-border-radius-top-left:0px;--awb-border-radius-top-right:0px;--awb-border-radius-bottom-right:0px;--awb-border-radius-bottom-left:0px;--awb-flex-wrap:wrap;\" ><div class=\"fusion-builder-row fusion-row fusion-flex-align-items-flex-start fusion-flex-content-wrap\" style=\"max-width:104%;margin-left: calc(-4% \/ 2 );margin-right: calc(-4% \/ 2 );\"><div class=\"fusion-layout-column fusion_builder_column fusion-builder-column-3 fusion_builder_column_1_1 1_1 fusion-flex-column max1200\" style=\"--awb-bg-size:cover;--awb-width-large:100%;--awb-margin-top-large:0px;--awb-spacing-right-large:1.92%;--awb-margin-bottom-large:20px;--awb-spacing-left-large:1.92%;--awb-width-medium:100%;--awb-order-medium:0;--awb-spacing-right-medium:1.92%;--awb-spacing-left-medium:1.92%;--awb-width-small:100%;--awb-order-small:0;--awb-spacing-right-small:1.92%;--awb-spacing-left-small:1.92%;\"><div class=\"fusion-column-wrapper fusion-column-has-shadow fusion-flex-justify-content-flex-start fusion-content-layout-column\"><div class=\"fusion-separator fusion-full-width-sep\" style=\"align-self: center;margin-left: auto;margin-right: auto;margin-top:10px;margin-bottom:10px;width:100%;\"><\/div><div class=\"fusion-text fusion-text-3\"><p>A\u015fa\u011f\u0131daki tablolarda metrik ve emperyal kendinden k\u0131lavuzlu vidalar\u0131n di\u015f ad\u0131m\u0131, b\u00fcy\u00fck ve k\u00fc\u00e7\u00fck \u00e7aplar\u0131 g\u00f6sterilmektedir.<\/p>\n<\/div><div class=\"fusion-separator fusion-full-width-sep\" style=\"align-self: center;margin-left: auto;margin-right: auto;margin-top:10px;margin-bottom:10px;width:100%;\"><\/div><div class=\"fusion-text fusion-text-4\"><p style=\"font-size: 18px;\" data-fusion-font=\"true\">Yaln\u0131zca rehberlik ama\u00e7l\u0131<\/p>\n<\/div><\/div><\/div><\/div><\/div><div class=\"fusion-fullwidth fullwidth-box fusion-builder-row-5 fusion-flex-container has-pattern-background has-mask-background nonhundred-percent-fullwidth non-hundred-percent-height-scrolling overflow-x :scroll;\" style=\"--awb-border-radius-top-left:0px;--awb-border-radius-top-right:0px;--awb-border-radius-bottom-right:0px;--awb-border-radius-bottom-left:0px;--awb-flex-wrap:wrap;\" ><div class=\"fusion-builder-row fusion-row fusion-flex-align-items-flex-start fusion-flex-content-wrap\" style=\"max-width:104%;margin-left: calc(-4% \/ 2 );margin-right: calc(-4% \/ 2 );\"><div class=\"fusion-layout-column fusion_builder_column fusion-builder-column-4 fusion_builder_column_1_1 1_1 fusion-flex-column max1200\" style=\"--awb-bg-size:cover;--awb-width-large:100%;--awb-margin-top-large:0px;--awb-spacing-right-large:1.92%;--awb-margin-bottom-large:20px;--awb-spacing-left-large:1.92%;--awb-width-medium:100%;--awb-order-medium:0;--awb-spacing-right-medium:1.92%;--awb-spacing-left-medium:1.92%;--awb-width-small:100%;--awb-order-small:0;--awb-spacing-right-small:1.92%;--awb-spacing-left-small:1.92%;\"><div class=\"fusion-column-wrapper fusion-column-has-shadow fusion-flex-justify-content-flex-start fusion-content-layout-column\"><div class=\"fusion-tabs fusion-tabs-1 classic nav-not-justified overflow-x: scroll; horizontal-tabs icon-position-left mobile-mode-accordion\" style=\"--awb-title-border-radius-top-left:0px;--awb-title-border-radius-top-right:0px;--awb-title-border-radius-bottom-right:0px;--awb-title-border-radius-bottom-left:0px;--awb-alignment:start;--awb-inactive-color:#ebeaea;--awb-background-color:#ffffff;--awb-border-color:#ebeaea;--awb-active-border-color:#ee7724;\"><div class=\"nav\"><ul class=\"nav-tabs\" role=\"tablist\"><li class=\"active\" role=\"presentation\"><a class=\"tab-link\" data-toggle=\"tab\" role=\"tab\" aria-controls=\"tab-37d4fcfa534d3e7a6c2\" aria-selected=\"true\" id=\"fusion-tab-metric\" href=\"#tab-37d4fcfa534d3e7a6c2\"><h4 class=\"fusion-tab-heading\">Metrik<\/h4><\/a><\/li><li role=\"presentation\"><a class=\"tab-link\" data-toggle=\"tab\" role=\"tab\" aria-controls=\"tab-40d074eba30a6515098\" aria-selected=\"false\" tabindex=\"-1\" id=\"fusion-tab-imperial\" href=\"#tab-40d074eba30a6515098\"><h4 class=\"fusion-tab-heading\">\u0130mparatorluk<\/h4><\/a><\/li><\/ul><\/div><div class=\"tab-content\"><div class=\"nav fusion-mobile-tab-nav\"><ul class=\"nav-tabs\" role=\"tablist\"><li class=\"active\" role=\"presentation\"><a class=\"tab-link\" data-toggle=\"tab\" role=\"tab\" aria-controls=\"tab-37d4fcfa534d3e7a6c2\" aria-selected=\"true\" id=\"mobile-fusion-tab-metric\" href=\"#tab-37d4fcfa534d3e7a6c2\"><h4 class=\"fusion-tab-heading\">Metrik<\/h4><\/a><\/li><\/ul><\/div><div class=\"tab-pane fade fusion-clearfix in active\" role=\"tabpanel\" tabindex=\"0\" aria-labelledby=\"fusion-tab-metric\" id=\"tab-37d4fcfa534d3e7a6c2\">\n<table id=\"tablepress-23\" class=\"tablepress tablepress-id-23\">\n<thead>\n<tr class=\"row-1\">\n\t<th class=\"column-1\">Nominal Boyut<\/th><th class=\"column-2\">Saha<\/th><th colspan=\"2\" class=\"column-3\">B\u00fcy\u00fck \u00e7ap<\/th><th colspan=\"2\" class=\"column-5\">K\u00fc\u00e7\u00fck \u00e7ap<\/th>\n<\/tr>\n<\/thead>\n<tbody class=\"row-striping row-hover\">\n<tr class=\"row-2\">\n\t<td class=\"column-1\"><\/td><td class=\"column-2\"><\/td><td class=\"column-3\">maksimum<\/td><td class=\"column-4\">dk.<\/td><td class=\"column-5\">maksimum<\/td><td class=\"column-6\">dk.<\/td>\n<\/tr>\n<tr class=\"row-3\">\n\t<td class=\"column-1\">2.2<\/td><td class=\"column-2\">0.8<\/td><td class=\"column-3\">2.24<\/td><td class=\"column-4\">2.1<\/td><td class=\"column-5\">1.63<\/td><td class=\"column-6\">1.52<\/td>\n<\/tr>\n<tr class=\"row-4\">\n\t<td class=\"column-1\">2.9<\/td><td class=\"column-2\">1.1<\/td><td class=\"column-3\">2.9<\/td><td class=\"column-4\">2.76<\/td><td class=\"column-5\">2.18<\/td><td class=\"column-6\">2.08<\/td>\n<\/tr>\n<tr class=\"row-5\">\n\t<td class=\"column-1\">3.5<\/td><td class=\"column-2\">1.3<\/td><td class=\"column-3\">3.53<\/td><td class=\"column-4\">3.35<\/td><td class=\"column-5\">2.64<\/td><td class=\"column-6\">2.51<\/td>\n<\/tr>\n<tr class=\"row-6\">\n\t<td class=\"column-1\">3.9<\/td><td class=\"column-2\">1.4<\/td><td class=\"column-3\">3.91<\/td><td class=\"column-4\">3.73<\/td><td class=\"column-5\">2.92<\/td><td class=\"column-6\">2.77<\/td>\n<\/tr>\n<tr class=\"row-7\">\n\t<td class=\"column-1\">4.2<\/td><td class=\"column-2\">1.4<\/td><td class=\"column-3\">4.22<\/td><td class=\"column-4\">4.04<\/td><td class=\"column-5\">3.1<\/td><td class=\"column-6\">2.95<\/td>\n<\/tr>\n<tr class=\"row-8\">\n\t<td class=\"column-1\">4.8<\/td><td class=\"column-2\">1.6<\/td><td class=\"column-3\">4.8<\/td><td class=\"column-4\">4.62<\/td><td class=\"column-5\">3.58<\/td><td class=\"column-6\">3.43<\/td>\n<\/tr>\n<tr class=\"row-9\">\n\t<td class=\"column-1\">5.5<\/td><td class=\"column-2\">1.8<\/td><td class=\"column-3\">5.46<\/td><td class=\"column-4\">5.28<\/td><td class=\"column-5\">4.17<\/td><td class=\"column-6\">3.99<\/td>\n<\/tr>\n<tr class=\"row-10\">\n\t<td class=\"column-1\">6.3<\/td><td class=\"column-2\">1.8<\/td><td class=\"column-3\">6.25<\/td><td class=\"column-4\">6.03<\/td><td class=\"column-5\">4.88<\/td><td class=\"column-6\">4.7<\/td>\n<\/tr>\n<\/tbody>\n<\/table>\n<!-- #tablepress-23 from cache -->\n<p><img decoding=\"async\" class=\"alignnone size-full wp-image-9639\" src=\"https:\/\/international.optimas.com\/wp-content\/uploads\/2022\/04\/metric-thread-dimensions-self-tapping-screws.jpg\" alt=\"Metrik Di\u015f Boyutlar\u0131 \u00d6l\u00e7\u00fcm \u00c7izimi\" width=\"358\" height=\"197\" \/><\/p>\n<\/div><div class=\"nav fusion-mobile-tab-nav\"><ul class=\"nav-tabs\" role=\"tablist\"><li role=\"presentation\"><a class=\"tab-link\" data-toggle=\"tab\" role=\"tab\" aria-controls=\"tab-40d074eba30a6515098\" aria-selected=\"false\" tabindex=\"-1\" id=\"mobile-fusion-tab-imperial\" href=\"#tab-40d074eba30a6515098\"><h4 class=\"fusion-tab-heading\">\u0130mparatorluk<\/h4><\/a><\/li><\/ul><\/div><div class=\"tab-pane fade fusion-clearfix\" role=\"tabpanel\" tabindex=\"0\" aria-labelledby=\"fusion-tab-imperial\" id=\"tab-40d074eba30a6515098\">\n<table id=\"tablepress-24\" class=\"tablepress tablepress-id-24\">\n<thead>\n<tr class=\"row-1\">\n\t<th class=\"column-1\">Vida<\/th><th class=\"column-2\">In\u00e7 ba\u015f\u0131na iplikler<\/th><th colspan=\"2\" class=\"column-3\">B\u00fcy\u00fck \u00e7ap<\/th><th colspan=\"2\" class=\"column-5\">K\u00fc\u00e7\u00fck \u00e7ap<\/th>\n<\/tr>\n<\/thead>\n<tbody class=\"row-striping row-hover\">\n<tr class=\"row-2\">\n\t<td class=\"column-1\"><\/td><td class=\"column-2\"><\/td><td class=\"column-3\">maksimum<\/td><td class=\"column-4\">dk.<\/td><td class=\"column-5\">maksimum<\/td><td class=\"column-6\">dk.<\/td>\n<\/tr>\n<tr class=\"row-3\">\n\t<td class=\"column-1\">2 numara<\/td><td class=\"column-2\">32<\/td><td class=\"column-3\">0.088<\/td><td class=\"column-4\">0.083<\/td><td class=\"column-5\">0.064<\/td><td class=\"column-6\">0.06<\/td>\n<\/tr>\n<tr class=\"row-4\">\n\t<td class=\"column-1\">4 numara<\/td><td class=\"column-2\">24<\/td><td class=\"column-3\">0.114<\/td><td class=\"column-4\">0.109<\/td><td class=\"column-5\">0.086<\/td><td class=\"column-6\">0.082<\/td>\n<\/tr>\n<tr class=\"row-5\">\n\t<td class=\"column-1\">6 numara<\/td><td class=\"column-2\">20<\/td><td class=\"column-3\">0.139<\/td><td class=\"column-4\">0.132<\/td><td class=\"column-5\">0.104<\/td><td class=\"column-6\">0.099<\/td>\n<\/tr>\n<tr class=\"row-6\">\n\t<td class=\"column-1\">7 numara<\/td><td class=\"column-2\">19<\/td><td class=\"column-3\">0.154<\/td><td class=\"column-4\">0.147<\/td><td class=\"column-5\">0.115<\/td><td class=\"column-6\">0.109<\/td>\n<\/tr>\n<tr class=\"row-7\">\n\t<td class=\"column-1\">8 numara<\/td><td class=\"column-2\">18<\/td><td class=\"column-3\">0.166<\/td><td class=\"column-4\">0.159<\/td><td class=\"column-5\">0.122<\/td><td class=\"column-6\">0.116<\/td>\n<\/tr>\n<tr class=\"row-8\">\n\t<td class=\"column-1\">10 numara<\/td><td class=\"column-2\">16<\/td><td class=\"column-3\">0.189<\/td><td class=\"column-4\">0.182<\/td><td class=\"column-5\">0.141<\/td><td class=\"column-6\">0.135<\/td>\n<\/tr>\n<tr class=\"row-9\">\n\t<td class=\"column-1\">12 numara<\/td><td class=\"column-2\">14<\/td><td class=\"column-3\">0.215<\/td><td class=\"column-4\">0.208<\/td><td class=\"column-5\">0.164<\/td><td class=\"column-6\">0.157<\/td>\n<\/tr>\n<tr class=\"row-10\">\n\t<td class=\"column-1\">14 numara<\/td><td class=\"column-2\">14<\/td><td class=\"column-3\">0.246<\/td><td class=\"column-4\">0.237<\/td><td class=\"column-5\">0.192<\/td><td class=\"column-6\">0.185<\/td>\n<\/tr>\n<\/tbody>\n<\/table>\n<!-- #tablepress-24 from cache -->\n<p><img decoding=\"async\" class=\"alignnone size-full wp-image-9640\" src=\"https:\/\/international.optimas.com\/wp-content\/uploads\/2022\/04\/imperial-thread-dimensions-self-tapping-screws.jpg\" alt=\"Emperyal Di\u015f Boyutlar\u0131 \u00d6l\u00e7\u00fcm \u00c7izimi\" width=\"358\" height=\"144\" \/><\/p>\n<\/div><\/div><\/div><\/div><\/div><\/div><\/div><div class=\"fusion-fullwidth fullwidth-box fusion-builder-row-6 fusion-flex-container has-pattern-background has-mask-background nonhundred-percent-fullwidth non-hundred-percent-height-scrolling\" style=\"--awb-border-radius-top-left:0px;--awb-border-radius-top-right:0px;--awb-border-radius-bottom-right:0px;--awb-border-radius-bottom-left:0px;--awb-background-color:var(--awb-custom10);--awb-flex-wrap:wrap;\" ><div class=\"fusion-builder-row fusion-row fusion-flex-align-items-flex-start fusion-flex-content-wrap\" style=\"max-width:104%;margin-left: calc(-4% \/ 2 );margin-right: calc(-4% \/ 2 );\"><div class=\"fusion-layout-column fusion_builder_column fusion-builder-column-5 fusion_builder_column_1_1 1_1 fusion-flex-column max1200\" style=\"--awb-padding-top:35px;--awb-padding-bottom:35px;--awb-bg-size:cover;--awb-width-large:100%;--awb-margin-top-large:0px;--awb-spacing-right-large:1.92%;--awb-margin-bottom-large:0px;--awb-spacing-left-large:1.92%;--awb-width-medium:100%;--awb-order-medium:0;--awb-spacing-right-medium:1.92%;--awb-spacing-left-medium:1.92%;--awb-width-small:100%;--awb-order-small:0;--awb-spacing-right-small:1.92%;--awb-spacing-left-small:1.92%;\"><div class=\"fusion-column-wrapper fusion-column-has-shadow fusion-flex-justify-content-flex-start fusion-content-layout-column\"><div class=\"fusion-builder-row fusion-builder-row-inner fusion-row fusion-flex-align-items-flex-start fusion-flex-content-wrap\" style=\"--awb-flex-grow:0;--awb-flex-grow-medium:0;--awb-flex-grow-small:0;--awb-flex-shrink:0;--awb-flex-shrink-medium:0;--awb-flex-shrink-small:0;width:104% !important;max-width:104% !important;margin-left: calc(-4% \/ 2 );margin-right: calc(-4% \/ 2 );\"><div class=\"fusion-layout-column fusion_builder_column_inner fusion-builder-nested-column-2 fusion_builder_column_inner_2_3 2_3 fusion-flex-column\" style=\"--awb-bg-size:cover;--awb-width-large:66.6666666667%;--awb-margin-top-large:0px;--awb-spacing-right-large:2.88%;--awb-margin-bottom-large:0px;--awb-spacing-left-large:2.88%;--awb-width-medium:100%;--awb-order-medium:0;--awb-spacing-right-medium:1.92%;--awb-spacing-left-medium:1.92%;--awb-width-small:100%;--awb-order-small:0;--awb-spacing-right-small:1.92%;--awb-spacing-left-small:1.92%;\"><div class=\"fusion-column-wrapper fusion-column-has-shadow fusion-flex-justify-content-flex-start fusion-content-layout-column\"><div class=\"fusion-text fusion-text-5\"><p style=\"font-size: 30px; color: #fff;\">Verimlili\u011fi Bulman\u0131za Yard\u0131mc\u0131 Olal\u0131m<\/p>\n<\/div><\/div><\/div><div class=\"fusion-layout-column fusion_builder_column_inner fusion-builder-nested-column-3 fusion_builder_column_inner_1_3 1_3 fusion-flex-column fusion-flex-align-self-center\" style=\"--awb-bg-size:cover;--awb-width-large:33.3333333333%;--awb-margin-top-large:0px;--awb-spacing-right-large:5.76%;--awb-margin-bottom-large:0px;--awb-spacing-left-large:5.76%;--awb-width-medium:100%;--awb-order-medium:0;--awb-spacing-right-medium:1.92%;--awb-spacing-left-medium:1.92%;--awb-width-small:100%;--awb-order-small:0;--awb-spacing-right-small:1.92%;--awb-spacing-left-small:1.92%;\"><div class=\"fusion-column-wrapper fusion-column-has-shadow fusion-flex-justify-content-center fusion-content-layout-column\"><div class=\"fusion-text fusion-text-6\"><p><a class=\"linkSpeakExpert\" href=\"https:\/\/optimas.com\/tr\/contact\/\">B\u0130ZE ULA\u015eIN<\/a><\/p>\n<\/div><\/div><\/div><\/div><\/div><\/div><\/div><\/div><\/p>","protected":false},"excerpt":{"rendered":"","protected":false},"author":38,"featured_media":11905,"parent":11686,"menu_order":0,"comment_status":"closed","ping_status":"closed","template":"","meta":{"_acf_changed":false,"content-type":"","footnotes":""},"class_list":["post-11925","page","type-page","status-publish","has-post-thumbnail","hentry"],"acf":[],"_links":{"self":[{"href":"https:\/\/optimas.com\/tr\/wp-json\/wp\/v2\/pages\/11925","targetHints":{"allow":["GET"]}}],"collection":[{"href":"https:\/\/optimas.com\/tr\/wp-json\/wp\/v2\/pages"}],"about":[{"href":"https:\/\/optimas.com\/tr\/wp-json\/wp\/v2\/types\/page"}],"author":[{"embeddable":true,"href":"https:\/\/optimas.com\/tr\/wp-json\/wp\/v2\/users\/38"}],"replies":[{"embeddable":true,"href":"https:\/\/optimas.com\/tr\/wp-json\/wp\/v2\/comments?post=11925"}],"version-history":[{"count":0,"href":"https:\/\/optimas.com\/tr\/wp-json\/wp\/v2\/pages\/11925\/revisions"}],"up":[{"embeddable":true,"href":"https:\/\/optimas.com\/tr\/wp-json\/wp\/v2\/pages\/11686"}],"wp:featuredmedia":[{"embeddable":true,"href":"https:\/\/optimas.com\/tr\/wp-json\/wp\/v2\/media\/11905"}],"wp:attachment":[{"href":"https:\/\/optimas.com\/tr\/wp-json\/wp\/v2\/media?parent=11925"}],"curies":[{"name":"wp","href":"https:\/\/api.w.org\/{rel}","templated":true}]}}