{"id":12632,"date":"2024-05-02T14:01:40","date_gmt":"2024-05-02T19:01:40","guid":{"rendered":"https:\/\/optimas.com\/?page_id=12632"},"modified":"2026-04-28T13:53:20","modified_gmt":"2026-04-28T18:53:20","slug":"our-culture","status":"publish","type":"page","link":"https:\/\/optimas.com\/tr\/about-us\/our-culture\/","title":{"rendered":"Bizim k\u00fclt\u00fcr\u00fcm\u00fcz"},"content":{"rendered":"<p><div class=\"fusion-fullwidth fullwidth-box fusion-builder-row-1 fusion-flex-container has-pattern-background has-mask-background nonhundred-percent-fullwidth non-hundred-percent-height-scrolling max1200\" style=\"--awb-border-radius-top-left:0px;--awb-border-radius-top-right:0px;--awb-border-radius-bottom-right:0px;--awb-border-radius-bottom-left:0px;--awb-flex-wrap:wrap;\" ><div class=\"fusion-builder-row fusion-row fusion-flex-align-items-flex-start fusion-flex-content-wrap\" style=\"max-width:104%;margin-left: calc(-4% \/ 2 );margin-right: calc(-4% \/ 2 );\"><div class=\"fusion-layout-column fusion_builder_column fusion-builder-column-0 fusion_builder_column_1_2 1_2 fusion-flex-column\" style=\"--awb-bg-size:cover;--awb-width-large:50%;--awb-margin-top-large:0px;--awb-spacing-right-large:3.84%;--awb-margin-bottom-large:20px;--awb-spacing-left-large:3.84%;--awb-width-medium:100%;--awb-order-medium:0;--awb-spacing-right-medium:1.92%;--awb-spacing-left-medium:1.92%;--awb-width-small:100%;--awb-order-small:0;--awb-spacing-right-small:1.92%;--awb-spacing-left-small:1.92%;\"><div class=\"fusion-column-wrapper fusion-column-has-shadow fusion-flex-justify-content-flex-start fusion-content-layout-column\"><div class=\"fusion-image-element\" style=\"text-align:center;--awb-caption-title-font-family:var(--h2_typography-font-family);--awb-caption-title-font-weight:var(--h2_typography-font-weight);--awb-caption-title-font-style:var(--h2_typography-font-style);--awb-caption-title-size:var(--h2_typography-font-size);--awb-caption-title-transform:var(--h2_typography-text-transform);--awb-caption-title-line-height:var(--h2_typography-line-height);--awb-caption-title-letter-spacing:var(--h2_typography-letter-spacing);\"><span class=\"fusion-imageframe imageframe-none imageframe-1 hover-type-zoomin\"><img decoding=\"async\" width=\"1024\" height=\"768\" alt=\"Anchor Harvey Teams Image\" title=\"Anchor Harvey Teams Image\" src=\"https:\/\/optimas.com\/wp-content\/uploads\/2026\/03\/Anchor-Harvey-Teams-Image-1024x768.webp\" class=\"img-responsive wp-image-15906\" srcset=\"https:\/\/optimas.com\/wp-content\/uploads\/2026\/03\/Anchor-Harvey-Teams-Image-200x150.webp 200w, https:\/\/optimas.com\/wp-content\/uploads\/2026\/03\/Anchor-Harvey-Teams-Image-400x300.webp 400w, https:\/\/optimas.com\/wp-content\/uploads\/2026\/03\/Anchor-Harvey-Teams-Image-600x450.webp 600w, https:\/\/optimas.com\/wp-content\/uploads\/2026\/03\/Anchor-Harvey-Teams-Image-800x600.webp 800w, https:\/\/optimas.com\/wp-content\/uploads\/2026\/03\/Anchor-Harvey-Teams-Image-1200x900.webp 1200w\" sizes=\"(max-width: 1024px) 100vw, (max-width: 640px) 100vw, 1200px\" \/><\/span><\/div><\/div><\/div><div class=\"fusion-layout-column fusion_builder_column fusion-builder-column-1 fusion_builder_column_1_2 1_2 fusion-flex-column\" style=\"--awb-bg-size:cover;--awb-width-large:50%;--awb-margin-top-large:0px;--awb-spacing-right-large:3.84%;--awb-margin-bottom-large:20px;--awb-spacing-left-large:3.84%;--awb-width-medium:100%;--awb-order-medium:0;--awb-spacing-right-medium:1.92%;--awb-spacing-left-medium:1.92%;--awb-width-small:100%;--awb-order-small:0;--awb-spacing-right-small:1.92%;--awb-spacing-left-small:1.92%;\"><div class=\"fusion-column-wrapper fusion-column-has-shadow fusion-flex-justify-content-flex-start fusion-content-layout-column\"><div class=\"fusion-text fusion-text-1\"><h1>Bizim k\u00fclt\u00fcr\u00fcm\u00fcz<\/h1>\n<p>Optimas olarak i\u015fimizin her alan\u0131nda \u201cTHREAD\u201d de\u011ferlerimizi ya\u015famaya kararl\u0131y\u0131z. Bu ilkeler karar alma s\u00fcre\u00e7lerimize ve m\u00fc\u015fterilerimiz, tedarik\u00e7ilerimiz ve birbirimizle olan etkile\u015fimlerimize rehberlik eder.<\/p>\n<\/div><div class=\"fusion-text fusion-text-2 fusion-text-no-margin\" style=\"--awb-margin-top:30px;--awb-margin-bottom:50px;\"><p><a class=\"linkOrangeButton\" href=\"https:\/\/optimas.com\/tr\/contact\/\">B\u0130ZE ULA\u015eIN<\/a><\/p>\n<\/div><\/div><\/div><\/div><\/div><div class=\"fusion-fullwidth fullwidth-box fusion-builder-row-2 fusion-flex-container has-pattern-background has-mask-background nonhundred-percent-fullwidth non-hundred-percent-height-scrolling\" style=\"--awb-border-radius-top-left:0px;--awb-border-radius-top-right:0px;--awb-border-radius-bottom-right:0px;--awb-border-radius-bottom-left:0px;--awb-flex-wrap:wrap;\" ><div class=\"fusion-builder-row fusion-row fusion-flex-align-items-flex-start fusion-flex-content-wrap\" style=\"max-width:104%;margin-left: calc(-4% \/ 2 );margin-right: calc(-4% \/ 2 );\"><div class=\"fusion-layout-column fusion_builder_column fusion-builder-column-2 fusion_builder_column_1_1 1_1 fusion-flex-column\" style=\"--awb-bg-size:cover;--awb-width-large:100%;--awb-margin-top-large:0px;--awb-spacing-right-large:1.92%;--awb-margin-bottom-large:20px;--awb-spacing-left-large:1.92%;--awb-width-medium:100%;--awb-order-medium:0;--awb-spacing-right-medium:1.92%;--awb-spacing-left-medium:1.92%;--awb-width-small:100%;--awb-order-small:0;--awb-spacing-right-small:1.92%;--awb-spacing-left-small:1.92%;\"><div class=\"fusion-column-wrapper fusion-column-has-shadow fusion-flex-justify-content-flex-start fusion-content-layout-column\"><div class=\"fusion-separator fusion-full-width-sep\" style=\"align-self: center;margin-left: auto;margin-right: auto;margin-top:30px;width:100%;\"><\/div><div class=\"fusion-flip-boxes flip-boxes row fusion-columns-6 flip-effect-classic equal-heights\"><div class=\"fusion-flip-box-wrapper fusion-column col-lg-2 col-md-2 col-sm-2\"><div class=\"fusion-flip-box flip-right\" tabindex=\"0\"><div class=\"flip-box-inner-wrapper\"><div class=\"flip-box-front\" style=\"--awb-border-color:#91c73e;--awb-border-size:3px;--awb-background-image-front:url(&#039;https:\/\/optimas.com\/wp-content\/uploads\/2024\/05\/Thread-T-01-1024x1024.png&#039;);\"><div class=\"flip-box-front-inner\"><\/div><\/div><div class=\"flip-box-back\" style=\"--awb-border-color:#91c73e;--awb-border-size:3px;--awb-background-color-back:#91c73e;--awb-title-back-color:#ffffff;--awb-text-back-color:#ffffff;\"><div class=\"flip-box-back-inner\"><h3 class=\"flip-box-heading-back\">Tak\u0131m \u00e7al\u0131\u015fmas\u0131<\/h3>\n<p>Biz i\u015fbirlik\u00e7iyiz. Biz birle\u015fik bir ekibiz. M\u00fc\u015fterilerimizi ve tedarik\u00e7ilerimizi ortak olarak g\u00f6r\u00fcyoruz.<\/p>\n<\/div><\/div><\/div><\/div><\/div><div class=\"fusion-flip-box-wrapper fusion-column col-lg-2 col-md-2 col-sm-2\"><div class=\"fusion-flip-box flip-right\" tabindex=\"0\"><div class=\"flip-box-inner-wrapper\"><div class=\"flip-box-front\" style=\"--awb-border-color:#e87722;--awb-border-size:3px;--awb-background-image-front:url(&#039;https:\/\/optimas.com\/wp-content\/uploads\/2024\/05\/Thread-H-01-1024x1024.png&#039;);\"><div class=\"flip-box-front-inner\"><\/div><\/div><div class=\"flip-box-back\" style=\"--awb-border-color:#e87722;--awb-border-size:3px;--awb-background-color-back:#e87722;--awb-title-back-color:#ffffff;--awb-text-back-color:#ffffff;\"><div class=\"flip-box-back-inner\"><h3 class=\"flip-box-heading-back\">D\u00fcr\u00fcstl\u00fck<\/h3>\n<p>Yapt\u0131\u011f\u0131m\u0131z her \u015feyde b\u00fct\u00fcnl\u00fck var. Her g\u00fcn.<\/p>\n<\/div><\/div><\/div><\/div><\/div><div class=\"fusion-flip-box-wrapper fusion-column col-lg-2 col-md-2 col-sm-2\"><div class=\"fusion-flip-box flip-right\" tabindex=\"0\"><div class=\"flip-box-inner-wrapper\"><div class=\"flip-box-front\" style=\"--awb-border-color:#00a3e0;--awb-border-size:3px;--awb-background-image-front:url(&#039;https:\/\/optimas.com\/wp-content\/uploads\/2024\/05\/Thread-R-01-1024x1024.png&#039;);\"><div class=\"flip-box-front-inner\"><\/div><\/div><div class=\"flip-box-back\" style=\"--awb-border-color:#00a3e0;--awb-border-size:3px;--awb-background-color-back:#00a3e0;--awb-title-back-color:#ffffff;--awb-text-back-color:#ffffff;\"><div class=\"flip-box-back-inner\"><h3 class=\"flip-box-heading-back\">Sayg\u0131<\/h3>\n<p>Dinliyoruz. Varsay\u0131mlara veya \u00f6nyarg\u0131lara g\u00fcvenmiyoruz. Sorunlar\u0131 birlikte \u00e7\u00f6zmek i\u00e7in \u00e7al\u0131\u015f\u0131yoruz.<\/p>\n<\/div><\/div><\/div><\/div><\/div><div class=\"fusion-flip-box-wrapper fusion-column col-lg-2 col-md-2 col-sm-2\"><div class=\"fusion-flip-box flip-right\" tabindex=\"0\"><div class=\"flip-box-inner-wrapper\"><div class=\"flip-box-front\" style=\"--awb-border-color:#702f8a;--awb-border-size:3px;--awb-background-image-front:url(&#039;https:\/\/optimas.com\/wp-content\/uploads\/2024\/05\/Thread-E-01-1024x1024.png&#039;);\"><div class=\"flip-box-front-inner\"><\/div><\/div><div class=\"flip-box-back\" style=\"--awb-border-color:#702f8a;--awb-border-size:3px;--awb-background-color-back:#702f8a;--awb-title-back-color:#ffffff;--awb-text-back-color:#ffffff;\"><div class=\"flip-box-back-inner\"><h3 class=\"flip-box-heading-back\">m\u00fckemmellik<\/h3>\n<p>\u00d6\u011frenmeye ve s\u00fcrekli geli\u015fime odaklan\u0131yoruz. Herhangi bir durumun detaylar\u0131n\u0131 anlamak istiyoruz.<\/p>\n<\/div><\/div><\/div><\/div><\/div><div class=\"fusion-flip-box-wrapper fusion-column col-lg-2 col-md-2 col-sm-2\"><div class=\"fusion-flip-box flip-right\" tabindex=\"0\"><div class=\"flip-box-inner-wrapper\"><div class=\"flip-box-front\" style=\"--awb-border-color:#b0138e;--awb-border-size:3px;--awb-background-image-front:url(&#039;https:\/\/optimas.com\/wp-content\/uploads\/2024\/05\/Thread-A-01-1024x1024.png&#039;);\"><div class=\"flip-box-front-inner\"><\/div><\/div><div class=\"flip-box-back\" style=\"--awb-border-color:#b0138e;--awb-border-size:3px;--awb-background-color-back:#b0138e;--awb-title-back-color:#ffffff;--awb-text-back-color:#ffffff;\"><div class=\"flip-box-back-inner\"><h3 class=\"flip-box-heading-back\">Hesap verebilirlik<\/h3>\n<p>Her f\u0131rsatta hesap verebilirli\u011fi ve sorumlulu\u011fu benimseriz.<\/p>\n<\/div><\/div><\/div><\/div><\/div><div class=\"fusion-flip-box-wrapper fusion-column col-lg-2 col-md-2 col-sm-2\"><div class=\"fusion-flip-box flip-right\" tabindex=\"0\"><div class=\"flip-box-inner-wrapper\"><div class=\"flip-box-front\" style=\"--awb-border-color:#cb333b;--awb-border-size:3px;--awb-background-image-front:url(&#039;https:\/\/optimas.com\/wp-content\/uploads\/2024\/05\/THread-D-01-1024x1024.png&#039;);\"><div class=\"flip-box-front-inner\"><\/div><\/div><div class=\"flip-box-back\" style=\"--awb-border-color:#cb333b;--awb-border-size:3px;--awb-background-color-back:#cb333b;--awb-title-back-color:#ffffff;--awb-text-back-color:#ffffff;\"><div class=\"flip-box-back-inner\"><h3 class=\"flip-box-heading-back\">s\u00fcr\u00fcc\u00fc<\/h3>\n<p>Asla b\u0131rakmad\u0131k. S\u00fcrekli b\u00fcy\u00fcme \u00e7abalar\u0131m\u0131zda durmak bilmiyoruz.<\/p>\n<\/div><\/div><\/div><\/div><\/div><\/div><\/div><\/div><\/div><\/div><div class=\"fusion-fullwidth fullwidth-box fusion-builder-row-3 fusion-flex-container has-pattern-background has-mask-background nonhundred-percent-fullwidth non-hundred-percent-height-scrolling max1200\" style=\"--awb-border-radius-top-left:0px;--awb-border-radius-top-right:0px;--awb-border-radius-bottom-right:0px;--awb-border-radius-bottom-left:0px;--awb-flex-wrap:wrap;\" ><div class=\"fusion-builder-row fusion-row fusion-flex-align-items-flex-start fusion-flex-content-wrap\" style=\"max-width:104%;margin-left: calc(-4% \/ 2 );margin-right: calc(-4% \/ 2 );\"><div class=\"fusion-layout-column fusion_builder_column fusion-builder-column-3 fusion_builder_column_1_2 1_2 fusion-flex-column\" style=\"--awb-bg-size:cover;--awb-width-large:50%;--awb-margin-top-large:0px;--awb-spacing-right-large:3.84%;--awb-margin-bottom-large:20px;--awb-spacing-left-large:3.84%;--awb-width-medium:100%;--awb-order-medium:0;--awb-spacing-right-medium:1.92%;--awb-spacing-left-medium:1.92%;--awb-width-small:100%;--awb-order-small:0;--awb-spacing-right-small:1.92%;--awb-spacing-left-small:1.92%;\"><div class=\"fusion-column-wrapper fusion-column-has-shadow fusion-flex-justify-content-flex-start fusion-content-layout-column\"><div class=\"fusion-text fusion-text-3\"><h2>Our Quality Policy<\/h2>\n<p>\u015eirket k\u00fclt\u00fcr\u00fcm\u00fcz\u00fc g\u00f6stermek amac\u0131yla, \u00fcr\u00fcnlerimiz ve hizmetlerimiz i\u00e7in y\u00fcksek kaliteli performans seviyeleri olu\u015fturmak ve s\u00fcrd\u00fcrmek amac\u0131yla m\u00fc\u015fterilerimiz, tedarik\u00e7ilerimiz ve ekip \u00fcyelerimizle ortakl\u0131k kurmaya kararl\u0131y\u0131z. Bunu, kalite politikam\u0131z\u0131 y\u00fcr\u00fctmek i\u00e7in \u015firketimizin temelindeki \u201cTHREAD\u201d de\u011ferlerinden yararlanarak yap\u0131yoruz.<\/p>\n<\/div><div class=\"accordian fusion-accordian\" style=\"--awb-border-size:1px;--awb-icon-size:24px;--awb-content-font-size:22px;--awb-icon-alignment:left;--awb-hover-color:#f9f9f9;--awb-border-color:#cccccc;--awb-background-color:#ffffff;--awb-divider-color:#e0dede;--awb-divider-hover-color:#e0dede;--awb-icon-color:#48a23f;--awb-title-color:#ee7623;--awb-content-color:#54565a;--awb-icon-box-color:rgba(145,199,62,0);--awb-toggle-hover-accent-color:#323232;--awb-toggle-active-accent-color:#323232;--awb-title-font-family:&quot;WhitneyBook&quot;;--awb-title-font-weight:400;--awb-title-font-style:normal;--awb-title-font-size:20px;--awb-content-font-family:&quot;WhitneyBook&quot;;--awb-content-font-style:normal;--awb-content-font-weight:400;\"><div class=\"panel-group fusion-toggle-icon-boxed\" id=\"accordion-12632-1\"><div class=\"fusion-panel panel-default panel-80f7f18a3f9c7afed fusion-toggle-has-divider\" style=\"--awb-title-font-family:&quot;WhitneyBook&quot;;--awb-title-font-weight:400;--awb-title-font-style:normal;--awb-title-color:#ee7623;--awb-content-color:#54565a;\"><div class=\"panel-heading\"><h4 class=\"panel-title toggle\" id=\"toggle_80f7f18a3f9c7afed\"><a aria-expanded=\"false\" aria-controls=\"80f7f18a3f9c7afed\" role=\"button\" data-toggle=\"collapse\" data-parent=\"#accordion-12632-1\" data-target=\"#80f7f18a3f9c7afed\" href=\"#80f7f18a3f9c7afed\"><span class=\"fusion-toggle-icon-wrapper\" aria-hidden=\"true\"><i class=\"fa-fusion-box active-icon fa-check fas\" aria-hidden=\"true\"><\/i><i class=\"fa-fusion-box inactive-icon fa-check-circle fas\" aria-hidden=\"true\"><\/i><\/span><span class=\"fusion-toggle-heading\">\u0130nsanlar<\/span><\/a><\/h4><\/div><div id=\"80f7f18a3f9c7afed\" class=\"panel-collapse collapse\" aria-labelledby=\"toggle_80f7f18a3f9c7afed\"><div class=\"panel-body toggle-content fusion-clearfix\">\n<p>\u00c7al\u0131\u015fanlara ki\u015fisel, organizasyonel ve m\u00fc\u015fteri performans hedeflerini desteklemek i\u00e7in e\u011fitim ve mesleki geli\u015fim kaynaklar\u0131 sa\u011flamak.<\/p>\n<\/div><\/div><\/div><div class=\"fusion-panel panel-default panel-0922000dd0a2967d4 fusion-toggle-has-divider\" style=\"--awb-title-font-family:&quot;WhitneyBook&quot;;--awb-title-font-weight:400;--awb-title-font-style:normal;--awb-title-color:#ee7623;--awb-content-color:#54565a;\"><div class=\"panel-heading\"><h4 class=\"panel-title toggle\" id=\"toggle_0922000dd0a2967d4\"><a aria-expanded=\"false\" aria-controls=\"0922000dd0a2967d4\" role=\"button\" data-toggle=\"collapse\" data-parent=\"#accordion-12632-1\" data-target=\"#0922000dd0a2967d4\" href=\"#0922000dd0a2967d4\"><span class=\"fusion-toggle-icon-wrapper\" aria-hidden=\"true\"><i class=\"fa-fusion-box active-icon fa-check fas\" aria-hidden=\"true\"><\/i><i class=\"fa-fusion-box inactive-icon fa-check-circle fas\" aria-hidden=\"true\"><\/i><\/span><span class=\"fusion-toggle-heading\">uyma<\/span><\/a><\/h4><\/div><div id=\"0922000dd0a2967d4\" class=\"panel-collapse collapse\" aria-labelledby=\"toggle_0922000dd0a2967d4\"><div class=\"panel-body toggle-content fusion-clearfix\">\n<p>Ge\u00e7erli d\u00fczenleyici, m\u00fc\u015fteri ve i\u00e7 s\u00fcre\u00e7lere uymak.<\/p>\n<\/div><\/div><\/div><div class=\"fusion-panel panel-default panel-c4d789bda7edcab23 fusion-toggle-has-divider\" style=\"--awb-title-font-family:&quot;WhitneyBook&quot;;--awb-title-font-weight:400;--awb-title-font-style:normal;--awb-title-color:#ee7623;--awb-content-color:#54565a;\"><div class=\"panel-heading\"><h4 class=\"panel-title toggle translation-block\" id=\"toggle_c4d789bda7edcab23\">Risk <br> y\u00f6netim<\/h4><\/div><div id=\"c4d789bda7edcab23\" class=\"panel-collapse collapse\" aria-labelledby=\"toggle_c4d789bda7edcab23\"><div class=\"panel-body toggle-content fusion-clearfix\">\n<p>\u0130\u015f risklerini tan\u0131mlamak, \u00f6nceliklendirmek ve azaltmak i\u00e7in risk temelli d\u00fc\u015f\u00fcnmeyi benimsemek.<\/p>\n<\/div><\/div><\/div><div class=\"fusion-panel panel-default panel-e3a946f62893cf32a fusion-toggle-has-divider\" style=\"--awb-title-font-family:&quot;WhitneyBook&quot;;--awb-title-font-weight:400;--awb-title-font-style:normal;--awb-title-color:#ee7623;--awb-content-color:#54565a;\"><div class=\"panel-heading\"><h4 class=\"panel-title toggle\" id=\"toggle_e3a946f62893cf32a\"><a aria-expanded=\"false\" aria-controls=\"e3a946f62893cf32a\" role=\"button\" data-toggle=\"collapse\" data-parent=\"#accordion-12632-1\" data-target=\"#e3a946f62893cf32a\" href=\"#e3a946f62893cf32a\"><span class=\"fusion-toggle-icon-wrapper\" aria-hidden=\"true\"><i class=\"fa-fusion-box active-icon fa-check fas\" aria-hidden=\"true\"><\/i><i class=\"fa-fusion-box inactive-icon fa-check-circle fas\" aria-hidden=\"true\"><\/i><\/span><span class=\"fusion-toggle-heading\">Uygulamak<\/span><\/a><\/h4><\/div><div id=\"e3a946f62893cf32a\" class=\"panel-collapse collapse\" aria-labelledby=\"toggle_e3a946f62893cf32a\"><div class=\"panel-body toggle-content fusion-clearfix\">\n<p>\u015eirketin stratejik ve kalite hedeflerini ve bunlara y\u00f6nelik performans\u0131m\u0131z\u0131 etkili bir \u015fekilde iletmek.<\/p>\n<\/div><\/div><\/div><div class=\"fusion-panel panel-default panel-600606802c95b45ef fusion-toggle-has-divider\" style=\"--awb-title-font-family:&quot;WhitneyBook&quot;;--awb-title-font-weight:400;--awb-title-font-style:normal;--awb-title-color:#ee7623;--awb-content-color:#54565a;\"><div class=\"panel-heading\"><h4 class=\"panel-title toggle\" id=\"toggle_600606802c95b45ef\"><a aria-expanded=\"false\" aria-controls=\"600606802c95b45ef\" role=\"button\" data-toggle=\"collapse\" data-parent=\"#accordion-12632-1\" data-target=\"#600606802c95b45ef\" href=\"#600606802c95b45ef\"><span class=\"fusion-toggle-icon-wrapper\" aria-hidden=\"true\"><i class=\"fa-fusion-box active-icon fa-check fas\" aria-hidden=\"true\"><\/i><i class=\"fa-fusion-box inactive-icon fa-check-circle fas\" aria-hidden=\"true\"><\/i><\/span><span class=\"fusion-toggle-heading\">Geli\u015fim<\/span><\/a><\/h4><\/div><div id=\"600606802c95b45ef\" class=\"panel-collapse collapse\" aria-labelledby=\"toggle_600606802c95b45ef\"><div class=\"panel-body toggle-content fusion-clearfix\">\n<p>Y\u00f6netimin destekledi\u011fi sorun \u00e7\u00f6zme ara\u00e7lar\u0131n\u0131 kullanarak s\u00fcrekli iyile\u015ftirme k\u00fclt\u00fcr\u00fcn\u00fc te\u015fvik etmek.<\/p>\n<\/div><\/div><\/div><\/div><\/div><div class=\"fusion-text fusion-text-4 fusion-text-no-margin\" style=\"--awb-margin-top:30px;--awb-margin-bottom:50px;\"><p><a class=\"linkOrangeButton\" href=\"https:\/\/optimas.com\/tr\/services\/quality\/\">KAL\u0130TEN\u0130Z\u0130 NASIL ARTIRDI\u011eIMIZI G\u00d6R\u00dcN<\/a><\/p>\n<\/div><\/div><\/div><div class=\"fusion-layout-column fusion_builder_column fusion-builder-column-4 fusion_builder_column_1_2 1_2 fusion-flex-column\" style=\"--awb-bg-size:cover;--awb-width-large:50%;--awb-margin-top-large:0px;--awb-spacing-right-large:3.84%;--awb-margin-bottom-large:20px;--awb-spacing-left-large:3.84%;--awb-width-medium:100%;--awb-order-medium:0;--awb-spacing-right-medium:1.92%;--awb-spacing-left-medium:1.92%;--awb-width-small:100%;--awb-order-small:0;--awb-spacing-right-small:1.92%;--awb-spacing-left-small:1.92%;\"><div class=\"fusion-column-wrapper fusion-column-has-shadow fusion-flex-justify-content-flex-start fusion-content-layout-column\"><div class=\"fusion-image-element\" style=\"--awb-caption-title-font-family:var(--h2_typography-font-family);--awb-caption-title-font-weight:var(--h2_typography-font-weight);--awb-caption-title-font-style:var(--h2_typography-font-style);--awb-caption-title-size:var(--h2_typography-font-size);--awb-caption-title-transform:var(--h2_typography-text-transform);--awb-caption-title-line-height:var(--h2_typography-line-height);--awb-caption-title-letter-spacing:var(--h2_typography-letter-spacing);\"><span class=\"fusion-imageframe imageframe-none imageframe-2 hover-type-none\"><img decoding=\"async\" width=\"800\" height=\"600\" alt=\"Optimas&#039;ta Kalite Politikas\u0131\" title=\"Optimas&#039;ta Kalite Politikas\u0131\" src=\"https:\/\/optimas.com\/wp-content\/uploads\/2024\/05\/Quality-Policy-at-Optimas.png\" class=\"img-responsive wp-image-12634\" srcset=\"https:\/\/optimas.com\/wp-content\/uploads\/2024\/05\/Quality-Policy-at-Optimas-200x150.png 200w, https:\/\/optimas.com\/wp-content\/uploads\/2024\/05\/Quality-Policy-at-Optimas-400x300.png 400w, https:\/\/optimas.com\/wp-content\/uploads\/2024\/05\/Quality-Policy-at-Optimas-600x450.png 600w, https:\/\/optimas.com\/wp-content\/uploads\/2024\/05\/Quality-Policy-at-Optimas.png 800w\" sizes=\"(max-width: 1024px) 100vw, (max-width: 640px) 100vw, 800px\" \/><\/span><\/div><\/div><\/div><div class=\"fusion-layout-column fusion_builder_column fusion-builder-column-5 fusion_builder_column_1_1 1_1 fusion-flex-column\" style=\"--awb-bg-size:cover;--awb-width-large:100%;--awb-margin-top-large:0px;--awb-spacing-right-large:1.92%;--awb-margin-bottom-large:20px;--awb-spacing-left-large:1.92%;--awb-width-medium:100%;--awb-order-medium:0;--awb-spacing-right-medium:1.92%;--awb-spacing-left-medium:1.92%;--awb-width-small:100%;--awb-order-small:0;--awb-spacing-right-small:1.92%;--awb-spacing-left-small:1.92%;\"><div class=\"fusion-column-wrapper fusion-column-has-shadow fusion-flex-justify-content-flex-start fusion-content-layout-column\"><div class=\"fusion-separator fusion-full-width-sep\" style=\"align-self: center;margin-left: auto;margin-right: auto;flex-grow:10;width:100%;\"><\/div><\/div><\/div><\/div><\/div><div class=\"fusion-fullwidth fullwidth-box fusion-builder-row-4 has-pattern-background has-mask-background nonhundred-percent-fullwidth non-hundred-percent-height-scrolling\" style=\"--awb-border-radius-top-left:0px;--awb-border-radius-top-right:0px;--awb-border-radius-bottom-right:0px;--awb-border-radius-bottom-left:0px;--awb-margin-bottom:0px;--awb-background-color:#91c73e;--awb-flex-wrap:wrap;\" ><div class=\"fusion-builder-row fusion-row\"><div class=\"fusion-layout-column fusion_builder_column fusion-builder-column-6 fusion_builder_column_1_6 1_6 fusion-one-sixth fusion-column-first\" style=\"--awb-bg-size:cover;width:16.6666666667%;width:calc(16.6666666667% - ( ( 4% + 4% + 4% ) * 0.166666666667 ) );margin-right: 4%;\"><div class=\"fusion-column-wrapper fusion-column-has-shadow fusion-flex-column-wrapper-legacy\"><div class=\"fusion-clearfix\"><\/div><\/div><\/div><div class=\"fusion-layout-column fusion_builder_column fusion-builder-column-7 fusion_builder_column_1_3 1_3 fusion-one-third\" style=\"--awb-bg-size:cover;--awb-margin-top:30px;--awb-margin-bottom:30px;width:33.3333333333%;width:calc(33.3333333333% - ( ( 4% + 4% + 4% ) * 0.333333333333 ) );margin-right: 4%;\" data-scroll-devices=\"small-visibility,medium-visibility,large-visibility\"><div class=\"fusion-column-wrapper fusion-column-has-shadow fusion-flex-column-wrapper-legacy\"><div class=\"fusion-column-content-centered\"><div class=\"fusion-column-content\"><div class=\"fusion-text fusion-text-5\" style=\"--awb-text-color:#ffffff;\"><h2>DEI Politikam\u0131z<\/h2>\n<p>Optimas strives to foster a company culture that prioritizes diversity, equity, and inclusion in our mission and values. \u201cTHREAD\u201d values only come to life when we embrace our diverse team and make inclusivity a priority. We are committed to acknowledging all teammates\u2019 perspectives and experiences, which allows us to leverage our team&#8217;s expansive knowledge and experience.<\/p>\n<\/div><\/div><\/div><div class=\"fusion-clearfix\"><\/div><\/div><\/div><div class=\"fusion-layout-column fusion_builder_column fusion-builder-column-8 fusion_builder_column_1_3 1_3 fusion-one-third\" style=\"--awb-bg-size:cover;--awb-margin-top:30px;--awb-margin-bottom:30px;width:33.3333333333%;width:calc(33.3333333333% - ( ( 4% + 4% + 4% ) * 0.333333333333 ) );margin-right: 4%;\" data-scroll-devices=\"small-visibility,medium-visibility,large-visibility\"><div class=\"fusion-column-wrapper fusion-column-has-shadow fusion-flex-column-wrapper-legacy\"><div class=\"fusion-column-content-centered\"><div class=\"fusion-column-content\"><div class=\"fusion-text fusion-text-6 fusion-text-no-margin\" style=\"--awb-text-color:#ffffff;--awb-margin-bottom:30px;\"><h2>A\u015fa\u011f\u0131dakileri taahh\u00fct ediyoruz:<\/h2>\n<ul>\n<li>T\u00fcm ekip arkada\u015flar\u0131n\u0131n bilin\u00e7li olarak bak\u0131\u015f a\u00e7\u0131lar\u0131n\u0131 ve deneyimlerini payla\u015fmalar\u0131n\u0131 te\u015fvik etmek.<\/li>\n<li>T\u00fcm ekip arkada\u015flar\u0131n\u0131n i\u015fyerinde \u00f6zg\u00fcn kimlikleriyle kendilerini g\u00fcvende ve emniyette hissetmelerine olanak tan\u0131yan bir ortam olu\u015fturmak.<\/li>\n<li>Adil muamele ve onurun t\u00fcm \u00e7al\u0131\u015fma ili\u015fkilerinin merkezinde olmas\u0131n\u0131 beklemek.<\/li>\n<li>Bir \u015firket olarak nas\u0131l geli\u015fip b\u00fcy\u00fcyece\u011finizi \u00f6\u011frenmek i\u00e7in ekip arkada\u015flar\u0131m\u0131z\u0131 aktif olarak dinleyin.<\/li>\n<li>Kendimizi Optimas&#039;\u0131n bilin\u00e7li e\u015fitlik, \u00e7e\u015fitlilik ve kapsay\u0131c\u0131l\u0131k k\u00fclt\u00fcr\u00fcn\u00fc s\u00fcrd\u00fcrmeye adad\u0131k.<\/li>\n<\/ul>\n<\/div><\/div><\/div><div class=\"fusion-clearfix\"><\/div><\/div><\/div><div class=\"fusion-layout-column fusion_builder_column fusion-builder-column-9 fusion_builder_column_1_6 1_6 fusion-one-sixth fusion-column-last\" style=\"--awb-bg-size:cover;width:16.6666666667%;width:calc(16.6666666667% - ( ( 4% + 4% + 4% ) * 0.166666666667 ) );\"><div class=\"fusion-column-wrapper fusion-column-has-shadow fusion-flex-column-wrapper-legacy\"><div class=\"fusion-clearfix\"><\/div><\/div><\/div><\/div><\/div><\/p>","protected":false},"excerpt":{"rendered":"","protected":false},"author":34,"featured_media":0,"parent":11,"menu_order":0,"comment_status":"closed","ping_status":"closed","template":"","meta":{"_acf_changed":false,"content-type":"","footnotes":""},"class_list":["post-12632","page","type-page","status-publish","hentry"],"acf":[],"_links":{"self":[{"href":"https:\/\/optimas.com\/tr\/wp-json\/wp\/v2\/pages\/12632","targetHints":{"allow":["GET"]}}],"collection":[{"href":"https:\/\/optimas.com\/tr\/wp-json\/wp\/v2\/pages"}],"about":[{"href":"https:\/\/optimas.com\/tr\/wp-json\/wp\/v2\/types\/page"}],"author":[{"embeddable":true,"href":"https:\/\/optimas.com\/tr\/wp-json\/wp\/v2\/users\/34"}],"replies":[{"embeddable":true,"href":"https:\/\/optimas.com\/tr\/wp-json\/wp\/v2\/comments?post=12632"}],"version-history":[{"count":0,"href":"https:\/\/optimas.com\/tr\/wp-json\/wp\/v2\/pages\/12632\/revisions"}],"up":[{"embeddable":true,"href":"https:\/\/optimas.com\/tr\/wp-json\/wp\/v2\/pages\/11"}],"wp:attachment":[{"href":"https:\/\/optimas.com\/tr\/wp-json\/wp\/v2\/media?parent=12632"}],"curies":[{"name":"wp","href":"https:\/\/api.w.org\/{rel}","templated":true}]}}