{"id":1321,"date":"2019-11-19T21:09:59","date_gmt":"2019-11-19T21:09:59","guid":{"rendered":"https:\/\/optimas.com\/?page_id=1321"},"modified":"2024-11-15T10:19:15","modified_gmt":"2024-11-15T16:19:15","slug":"engineered-fasteners","status":"publish","type":"page","link":"https:\/\/optimas.com\/tr\/products\/engineered-fasteners\/","title":{"rendered":"\u00d6zel Tasar\u0131m Ba\u011flant\u0131 Elemanlar\u0131"},"content":{"rendered":"<p><div class=\"fusion-fullwidth fullwidth-box fusion-builder-row-1 nonhundred-percent-fullwidth non-hundred-percent-height-scrolling firstSection centerMobile\" style=\"--awb-border-radius-top-left:0px;--awb-border-radius-top-right:0px;--awb-border-radius-bottom-right:0px;--awb-border-radius-bottom-left:0px;--awb-padding-bottom:0px;--awb-flex-wrap:wrap;\" ><div class=\"fusion-builder-row fusion-row\"><div class=\"fusion-layout-column fusion_builder_column fusion-builder-column-0 fusion_builder_column_1_1 1_1 fusion-one-full fusion-column-first fusion-column-last max1200\" style=\"--awb-bg-size:cover;\"><div class=\"fusion-column-wrapper fusion-column-has-shadow fusion-flex-column-wrapper-legacy\"><div class=\"fusion-builder-row fusion-builder-row-inner fusion-row\"><div class=\"fusion-layout-column fusion_builder_column_inner fusion-builder-nested-column-0 fusion_builder_column_inner_2_5 2_5 fusion-two-fifth fusion-column-first\" style=\"--awb-bg-size:cover;width:40%;width:calc(40% - ( ( 4% ) * 0.4 ) );margin-right: 4%;\"><div class=\"fusion-column-wrapper fusion-column-has-shadow fusion-flex-column-wrapper-legacy\"><div class=\"fusion-image-element fusion-image-align-center in-legacy-container\" style=\"text-align:center;--awb-caption-title-font-family:var(--h2_typography-font-family);--awb-caption-title-font-weight:var(--h2_typography-font-weight);--awb-caption-title-font-style:var(--h2_typography-font-style);--awb-caption-title-size:var(--h2_typography-font-size);--awb-caption-title-transform:var(--h2_typography-text-transform);--awb-caption-title-line-height:var(--h2_typography-line-height);--awb-caption-title-letter-spacing:var(--h2_typography-letter-spacing);\"><div class=\"imageframe-align-center\"><span class=\"fusion-imageframe imageframe-none imageframe-1 hover-type-none\"><img decoding=\"async\" width=\"573\" height=\"436\" alt=\"\u00d6zel Tasar\u0131m Sabitleme \u00c7\u00f6z\u00fcmleri\" src=\"https:\/\/optimas.com\/wp-content\/uploads\/2019\/11\/engin.jpg\" class=\"img-responsive wp-image-1525\" srcset=\"https:\/\/optimas.com\/wp-content\/uploads\/2019\/11\/engin-200x152.jpg 200w, https:\/\/optimas.com\/wp-content\/uploads\/2019\/11\/engin-400x304.jpg 400w, https:\/\/optimas.com\/wp-content\/uploads\/2019\/11\/engin.jpg 573w\" sizes=\"(max-width: 800px) 100vw, 573px\" \/><\/span><\/div><\/div><div class=\"fusion-clearfix\"><\/div><\/div><\/div><div class=\"fusion-layout-column fusion_builder_column_inner fusion-builder-nested-column-1 fusion_builder_column_inner_3_5 3_5 fusion-three-fifth fusion-column-last\" style=\"--awb-bg-size:cover;width:60%;width:calc(60% - ( ( 4% ) * 0.6 ) );\"><div class=\"fusion-column-wrapper fusion-column-has-shadow fusion-flex-column-wrapper-legacy\"><div class=\"fusion-text fusion-text-1\"><h1 style=\"font-size: 30px!important; color: #56565b!important;\">M\u00dcHEND\u0130SL\u0130 BA\u011eLANTI \u00c7\u00d6Z\u00dcMLER\u0130<\/h1>\n<p>\u00dcr\u00fcn\u00fcn\u00fcz\u00fcn talepleri standart donan\u0131m\u0131n kar\u015f\u0131layabilece\u011fi \u015feyleri a\u015ft\u0131\u011f\u0131nda.<\/p>\n<\/div><div class=\"fusion-sep-clear\"><\/div><div class=\"fusion-separator fusion-full-width-sep\" style=\"margin-left: auto;margin-right: auto;margin-top:40px;width:100%;\"><\/div><div class=\"fusion-sep-clear\"><\/div><div class=\"fusion-text fusion-text-2\"><p><a class=\"linkOrangeButton\" href=\"https:\/\/optimas.com\/tr\/contact\/\">TEKN\u0130K DANI\u015eMANLIK ALIN<\/a><\/p>\n<\/div><div class=\"fusion-clearfix\"><\/div><\/div><\/div><\/div><div class=\"fusion-clearfix\"><\/div><\/div><\/div><\/div><\/div><div class=\"fusion-fullwidth fullwidth-box fusion-builder-row-2 nonhundred-percent-fullwidth non-hundred-percent-height-scrolling\" style=\"--awb-border-radius-top-left:0px;--awb-border-radius-top-right:0px;--awb-border-radius-bottom-right:0px;--awb-border-radius-bottom-left:0px;--awb-background-color:#80bc00;--awb-flex-wrap:wrap;\" ><div class=\"fusion-builder-row fusion-row\"><div class=\"fusion-layout-column fusion_builder_column fusion-builder-column-1 fusion_builder_column_1_1 1_1 fusion-one-full fusion-column-first fusion-column-last max1200\" style=\"--awb-padding-top:35px;--awb-padding-right:10px;--awb-padding-bottom:35px;--awb-padding-left:10px;--awb-bg-size:cover;--awb-margin-bottom:0px;\"><div class=\"fusion-column-wrapper fusion-column-has-shadow fusion-flex-column-wrapper-legacy\"><div class=\"fusion-text fusion-text-3\"><p style=\"text-align: center;\"><span style=\"color: #ffffff; font-size: 25px!important;\">Y\u00fcksek tasar\u0131ml\u0131 par\u00e7alardan ikincil i\u015flemlere ve egzotik malzemelere kadar benzersiz tasar\u0131m gereksinimlerinizi ve montaj ihtiya\u00e7lar\u0131n\u0131z\u0131 kar\u015f\u0131layacak uzmanl\u0131k ve teknoloji.<\/span><\/p>\n<\/div><div class=\"fusion-clearfix\"><\/div><\/div><\/div><\/div><\/div><div class=\"fusion-fullwidth fullwidth-box fusion-builder-row-3 nonhundred-percent-fullwidth non-hundred-percent-height-scrolling\" style=\"--awb-border-radius-top-left:0px;--awb-border-radius-top-right:0px;--awb-border-radius-bottom-right:0px;--awb-border-radius-bottom-left:0px;--awb-padding-bottom:50px;--awb-margin-top:50px;--awb-flex-wrap:wrap;\" ><div class=\"fusion-builder-row fusion-row\"><div class=\"fusion-layout-column fusion_builder_column fusion-builder-column-2 fusion_builder_column_1_1 1_1 fusion-one-full fusion-column-first fusion-column-last max1200\" style=\"--awb-bg-size:cover;\"><div class=\"fusion-column-wrapper fusion-column-has-shadow fusion-flex-column-wrapper-legacy\"><div class=\"fusion-builder-row fusion-builder-row-inner fusion-row\"><div class=\"fusion-layout-column fusion_builder_column_inner fusion-builder-nested-column-2 fusion_builder_column_inner_3_4 3_4 fusion-three-fourth fusion-column-first rightBorder\" style=\"--awb-bg-size:cover;width:75%;width:calc(75% - ( ( 4% ) * 0.75 ) );margin-right: 4%;\"><div class=\"fusion-column-wrapper fusion-column-has-shadow fusion-flex-column-wrapper-legacy\"><div class=\"fusion-image-element fusion-image-align-left in-legacy-container\" style=\"text-align:left;--awb-caption-title-font-family:var(--h2_typography-font-family);--awb-caption-title-font-weight:var(--h2_typography-font-weight);--awb-caption-title-font-style:var(--h2_typography-font-style);--awb-caption-title-size:var(--h2_typography-font-size);--awb-caption-title-transform:var(--h2_typography-text-transform);--awb-caption-title-line-height:var(--h2_typography-line-height);--awb-caption-title-letter-spacing:var(--h2_typography-letter-spacing);\"><span class=\"fusion-imageframe imageframe-none imageframe-2 hover-type-none\" style=\"margin-right:25px;float:left;\"><img decoding=\"async\" width=\"848\" height=\"205\" alt=\"\u00c7e\u015fitli sabitleme \u00e7\u00f6z\u00fcmleri\" src=\"https:\/\/optimas.com\/wp-content\/uploads\/2019\/11\/fastening.jpg\" class=\"img-responsive wp-image-1539\" srcset=\"https:\/\/optimas.com\/wp-content\/uploads\/2019\/11\/fastening-200x48.jpg 200w, https:\/\/optimas.com\/wp-content\/uploads\/2019\/11\/fastening-400x97.jpg 400w, https:\/\/optimas.com\/wp-content\/uploads\/2019\/11\/fastening-600x145.jpg 600w, https:\/\/optimas.com\/wp-content\/uploads\/2019\/11\/fastening-800x193.jpg 800w, https:\/\/optimas.com\/wp-content\/uploads\/2019\/11\/fastening.jpg 848w\" sizes=\"(max-width: 800px) 100vw, 848px\" \/><\/span><\/div><div class=\"fusion-sep-clear\"><\/div><div class=\"fusion-separator fusion-full-width-sep\" style=\"margin-left: auto;margin-right: auto;margin-top:40px;width:100%;\"><\/div><div class=\"fusion-sep-clear\"><\/div><div class=\"fusion-text fusion-text-4\"><h2 style=\"color: #00a0df;\">\u00d6ZEL \u0130MALAT PAR\u00c7ALARI<\/h2>\n<p>M\u00fchendislerimiz, ihtiya\u00e7lar\u0131n\u0131za en uygun \u00e7\u00f6z\u00fcm\u00fc tasarlamak i\u00e7in sizinle birlikte \u00e7al\u0131\u015f\u0131r. Daha sonra par\u00e7ay\u0131 <a class=\"linkOrange\" href=\"https:\/\/optimas.com\/tr\/products-and-technology\/world-class-manufacturing\/\">D\u00fcnya standartlar\u0131nda imalat<\/a> so\u011fuk d\u00f6vme konusunda uzmanla\u015fm\u0131\u015f bitkiler. <span style=\"color: var(--awb-text-color); font-family: var(--awb-text-font-family); font-size: var(--awb-font-size); letter-spacing: var(--awb-letter-spacing); text-align: var(--awb-content-alignment); text-transform: var(--awb-text-transform); background-color: var(--awb-bg-color);\">En iyi \u00f6zel tasarlanm\u0131\u015f ba\u011flant\u0131 eleman\u0131 \u015firketi olarak Optimas, i\u015finize uygun par\u00e7alar\u0131 ve ba\u011flant\u0131 \u00e7\u00f6z\u00fcmlerini tasarlamaktan gurur duyar.<\/span><\/p>\n<\/div><div class=\"fusion-sep-clear\"><\/div><div class=\"fusion-separator fusion-full-width-sep\" style=\"margin-left: auto;margin-right: auto;margin-top:40px;width:100%;\"><\/div><div class=\"fusion-sep-clear\"><\/div><div class=\"fusion-text fusion-text-5\"><h2 style=\"color: #00a0df;\">M\u00dcHEND\u0130SL\u0130K PAR\u00c7ALARI<\/h2>\n<p>Sizinle orta\u011f\u0131z ve bizim <a class=\"linkOrange\" href=\"https:\/\/optimas.com\/tr\/value-added-services\/minimize-your-supply-chain-risk\/\">k\u00fcresel tedarik\u00e7i a\u011f\u0131<\/a> uygulaman\u0131za uyacak do\u011fru sabitleme \u00e7\u00f6z\u00fcm\u00fcn\u00fc tasarlamak i\u00e7in:<\/p>\n<ul>\n<li>A\u011f\u0131r ve Hafif Hizmet Kelep\u00e7eleri<\/li>\n<li>Hidrolik ve Pn\u00f6matik Ba\u011flant\u0131 Elemanlar\u0131<\/li>\n<li>Pimler, Boyunluklar ve Pim Tak\u0131mlar\u0131<\/li>\n<li>Toz Metal ve Metal Enjeksiyon \u00dcr\u00fcnleri<\/li>\n<li>stampings<\/li>\n<\/ul>\n<p>Optimas ile ortak oldu\u011funuzda, ihtiya\u00e7lar\u0131n\u0131z i\u00e7in en iyi ba\u011flant\u0131 eleman\u0131 m\u00fchendisli\u011fi \u00e7\u00f6z\u00fcm\u00fcn\u00fc bulmak i\u00e7in birlikte \u00e7al\u0131\u015faca\u011f\u0131z.<\/p>\n<\/div><div class=\"fusion-sep-clear\"><\/div><div class=\"fusion-separator fusion-full-width-sep\" style=\"margin-left: auto;margin-right: auto;margin-top:25px;width:100%;\"><\/div><div class=\"fusion-sep-clear\"><\/div><div class=\"fusion-text fusion-text-6\"><h2 style=\"color: #00a0df;\">Y\u00dcZEYLER VE \u0130K\u0130NC\u0130L FAAL\u0130YETLER<\/h2>\n<ul>\n<li>\n<p>Korozyona kar\u015f\u0131 koruma, kayganl\u0131k ve ultraviyole direnci (\u00f6rn. Dip Spin, Electrocoat, Zinc ve Topcoat) gibi alanlardaki ihtiya\u00e7lar\u0131n\u0131z\u0131 kar\u015f\u0131lamak i\u00e7in kaplama sistemlerinin belirlenmesinde ve geli\u015ftirilmesinde yard\u0131mc\u0131 olabiliriz. Tasar\u0131m ve m\u00fchendislik hizmetlerimiz \u00e7ok \u00e7e\u015fitli uygulamalar\u0131 kapsayabilir. <\/p>\n<\/li>\n<li>\u0130\u015flenmi\u015f bile\u015fenlerinizi tornalama, ta\u015flama, delme ve t\u0131ra\u015f gibi ikincil i\u015flemlerle \u00e7al\u0131\u015ft\u0131rabiliriz<\/li>\n<li>\n<p>Tasar\u0131m ve m\u00fchendislik \u00e7\u00f6z\u00fcmlerimizin bir uzant\u0131s\u0131 olarak Optimas, i\u015f\u00e7ilik maliyetlerini azaltmak ve verimlili\u011fi art\u0131rmak i\u00e7in donan\u0131m ve montaj sunar. <\/p>\n<\/li>\n<\/ul>\n<\/div><div class=\"fusion-sep-clear\"><\/div><div class=\"fusion-separator fusion-full-width-sep\" style=\"margin-left: auto;margin-right: auto;margin-top:25px;width:100%;\"><\/div><div class=\"fusion-sep-clear\"><\/div><div class=\"fusion-text fusion-text-7\"><h2 style=\"color: #00a0df;\">EGZOT\u0130K MALZEMELER<\/h2>\n<ul>\n<li>Optimas, y\u00fcksek s\u0131cakl\u0131k, s\u0131f\u0131r\u0131n alt\u0131nda, y\u00fcksek stres ve y\u00fcksek korozyon ortamlar\u0131nda performans g\u00f6steren \u00f6zel ala\u015f\u0131ml\u0131 malzemeler sunar. <\/li>\n<\/ul>\n<\/div><div class=\"fusion-sep-clear\"><\/div><div class=\"fusion-separator fusion-full-width-sep\" style=\"margin-left: auto;margin-right: auto;margin-top:15px;width:100%;\"><\/div><div class=\"fusion-sep-clear\"><\/div><div class=\"fusion-text fusion-text-8\"><p style=\"font-size: 16px !important;\">BU \u00dcR\u00dcNLER\u0130M\u0130Z\u0130N SNAPSHOTU<\/p>\n<\/div><div class=\"fusion-clearfix\"><\/div><\/div><\/div><div class=\"fusion-layout-column fusion_builder_column_inner fusion-builder-nested-column-3 fusion_builder_column_inner_1_4 1_4 fusion-one-fourth fusion-column-last stickyColumn\" style=\"--awb-bg-size:cover;width:25%;width:calc(25% - ( ( 4% ) * 0.25 ) );\"><div class=\"fusion-column-wrapper fusion-column-has-shadow fusion-flex-column-wrapper-legacy\"><div class=\"fusion-text fusion-text-9\"><h2 style=\"color: #00a0df;\">\u0130LG\u0130L\u0130 BA\u011eLANTILAR<\/h2>\n<\/div><div class=\"fusion-text fusion-text-10\"><h4>\u00d6zel Par\u00e7alar\u0131n\u0131z\u0131 \u00dcretin<\/h4>\n<p><a class=\"linkOrange\" href=\"\/tr\/products-and-technology\/world-class-manufacturing\/\">&gt; DAHA FAZLA B\u0130LG\u0130 ED\u0130N\u0130N<\/a><\/p>\n<\/div><div class=\"fusion-sep-clear\"><\/div><div class=\"fusion-separator fusion-full-width-sep\" style=\"margin-left: auto;margin-right: auto;margin-top:20px;width:100%;\"><\/div><div class=\"fusion-sep-clear\"><\/div><div class=\"fusion-text fusion-text-11\"><h4>M\u00fchendislik Tasar\u0131m Uzmanl\u0131\u011f\u0131<\/h4>\n<p><a class=\"linkOrange\" href=\"\/tr\/value-added-services\/optimize-your-inventory\/engineering-services\/\">&gt; DAHA FAZLA B\u0130LG\u0130 ED\u0130N\u0130N<\/a><\/p>\n<\/div><div class=\"fusion-sep-clear\"><\/div><div class=\"fusion-separator fusion-full-width-sep\" style=\"margin-left: auto;margin-right: auto;margin-top:20px;width:100%;\"><\/div><div class=\"fusion-sep-clear\"><\/div><div class=\"fusion-text fusion-text-12\"><h4>Yeniden Tasarlanan Par\u00e7a Tasarrufu $120.000<\/h4>\n<p><a class=\"linkOrange\" href=\"https:\/\/optimas.com\/tr\/resources\/redesigned-part-saves-120000-and-improves-lead-times\/\">&gt; CASY \u00c7ALI\u015eMASINI OKUYUN<\/a><\/p>\n<\/div><div class=\"fusion-sep-clear\"><\/div><div class=\"fusion-separator fusion-full-width-sep\" style=\"margin-left: auto;margin-right: auto;margin-top:20px;width:100%;\"><\/div><div class=\"fusion-sep-clear\"><\/div><div class=\"fusion-text fusion-text-13\" style=\"--awb-text-transform:none;\"><h4>M\u00fchendislik Bro\u015f\u00fcr\u00fc<\/h4>\n<p><a class=\"linkOrange\" href=\"https:\/\/optimas.com\/wp-content\/uploads\/2022\/03\/Engineering-Sell-Sheet-3-14-22.pdf\" target=\"_blank\" rel=\"noopener\">&gt; \u015e\u0130MD\u0130 \u0130ND\u0130R<\/a><\/p>\n<\/div><div class=\"fusion-sep-clear\"><\/div><div class=\"fusion-separator fusion-full-width-sep\" style=\"margin-left: auto;margin-right: auto;margin-top:20px;width:100%;\"><\/div><div class=\"fusion-sep-clear\"><\/div><div class=\"fusion-text fusion-text-14\" style=\"--awb-text-transform:none;\"><h4>3D Bask\u0131 Bro\u015f\u00fcr\u00fc<\/h4>\n<p><a class=\"linkOrange\" href=\"https:\/\/optimas.com\/wp-content\/uploads\/2023\/03\/3DPrinting-Sell-Sheet-FINAL-5-12-21.pdf\" target=\"_blank\" rel=\"noopener\">&gt; \u015e\u0130MD\u0130 \u0130ND\u0130R<\/a><\/p>\n<\/div><div class=\"fusion-clearfix\"><\/div><\/div><\/div><\/div><div class=\"fusion-clearfix\"><\/div><\/div><\/div><\/div><\/div><div class=\"fusion-fullwidth fullwidth-box fusion-builder-row-4 nonhundred-percent-fullwidth non-hundred-percent-height-scrolling getStarted\" style=\"--awb-border-radius-top-left:0px;--awb-border-radius-top-right:0px;--awb-border-radius-bottom-right:0px;--awb-border-radius-bottom-left:0px;--awb-padding-top:70px;--awb-padding-bottom:70px;--awb-background-color:#54565a;--awb-flex-wrap:wrap;\" ><div class=\"fusion-builder-row fusion-row\"><div class=\"fusion-layout-column fusion_builder_column fusion-builder-column-3 fusion_builder_column_1_1 1_1 fusion-one-full fusion-column-first fusion-column-last max1200\" style=\"--awb-bg-size:cover;\"><div class=\"fusion-column-wrapper fusion-column-has-shadow fusion-flex-column-wrapper-legacy\"><div class=\"fusion-builder-row fusion-builder-row-inner fusion-row\"><div class=\"fusion-layout-column fusion_builder_column_inner fusion-builder-nested-column-4 fusion_builder_column_inner_3_5 3_5 fusion-three-fifth fusion-column-first\" style=\"--awb-bg-size:cover;--awb-margin-bottom:0px;width:60%;width:calc(60% - ( ( 4% ) * 0.6 ) );margin-right: 4%;\"><div class=\"fusion-column-wrapper fusion-column-has-shadow fusion-flex-column-wrapper-legacy\"><div class=\"fusion-text fusion-text-15\" style=\"--awb-font-size:36px;--awb-text-font-family:&quot;WhitneyBold&quot;;--awb-text-font-style:normal;--awb-text-font-weight:400;\"><p style=\"color: #fff;\">\u0130htiyac\u0131n\u0131z Olan \u00d6zel Par\u00e7ay\u0131 Edinin<\/p>\n<\/div><div class=\"fusion-clearfix\"><\/div><\/div><\/div><div class=\"fusion-layout-column fusion_builder_column_inner fusion-builder-nested-column-5 fusion_builder_column_inner_2_5 2_5 fusion-two-fifth fusion-column-last\" style=\"--awb-bg-size:cover;--awb-margin-bottom:0px;width:40%;width:calc(40% - ( ( 4% ) * 0.4 ) );\"><div class=\"fusion-column-wrapper fusion-column-has-shadow fusion-flex-column-wrapper-legacy\"><div class=\"fusion-text fusion-text-16\"><p><a class=\"linkSpeakExpert\" href=\"https:\/\/optimas.com\/tr\/contact\/\">Uzman\u0131m\u0131zla G\u00f6r\u00fc\u015f\u00fcn<\/a><\/p>\n<\/div><div class=\"fusion-clearfix\"><\/div><\/div><\/div><\/div><div class=\"fusion-clearfix\"><\/div><\/div><\/div><\/div><\/div><\/p>","protected":false},"excerpt":{"rendered":"","protected":false},"author":1,"featured_media":1525,"parent":14327,"menu_order":0,"comment_status":"closed","ping_status":"closed","template":"","meta":{"_acf_changed":false,"content-type":"","footnotes":""},"class_list":["post-1321","page","type-page","status-publish","has-post-thumbnail","hentry"],"acf":[],"_links":{"self":[{"href":"https:\/\/optimas.com\/tr\/wp-json\/wp\/v2\/pages\/1321","targetHints":{"allow":["GET"]}}],"collection":[{"href":"https:\/\/optimas.com\/tr\/wp-json\/wp\/v2\/pages"}],"about":[{"href":"https:\/\/optimas.com\/tr\/wp-json\/wp\/v2\/types\/page"}],"author":[{"embeddable":true,"href":"https:\/\/optimas.com\/tr\/wp-json\/wp\/v2\/users\/1"}],"replies":[{"embeddable":true,"href":"https:\/\/optimas.com\/tr\/wp-json\/wp\/v2\/comments?post=1321"}],"version-history":[{"count":0,"href":"https:\/\/optimas.com\/tr\/wp-json\/wp\/v2\/pages\/1321\/revisions"}],"up":[{"embeddable":true,"href":"https:\/\/optimas.com\/tr\/wp-json\/wp\/v2\/pages\/14327"}],"wp:featuredmedia":[{"embeddable":true,"href":"https:\/\/optimas.com\/tr\/wp-json\/wp\/v2\/media\/1525"}],"wp:attachment":[{"href":"https:\/\/optimas.com\/tr\/wp-json\/wp\/v2\/media?parent=1321"}],"curies":[{"name":"wp","href":"https:\/\/api.w.org\/{rel}","templated":true}]}}