{"id":2015,"date":"2019-12-05T20:11:26","date_gmt":"2019-12-05T20:11:26","guid":{"rendered":"https:\/\/optimas.com\/?page_id=2015"},"modified":"2026-04-13T11:29:29","modified_gmt":"2026-04-13T16:29:29","slug":"supplier-code-of-conduct","status":"publish","type":"page","link":"https:\/\/optimas.com\/tr\/supplier-code-of-conduct\/","title":{"rendered":"Tedarik\u00e7i davran\u0131\u015f kurallar\u0131"},"content":{"rendered":"<div class=\"fusion-fullwidth fullwidth-box fusion-builder-row-1 nonhundred-percent-fullwidth non-hundred-percent-height-scrolling\" style=\"--awb-border-radius-top-left:0px;--awb-border-radius-top-right:0px;--awb-border-radius-bottom-right:0px;--awb-border-radius-bottom-left:0px;--awb-padding-bottom:50px;--awb-flex-wrap:wrap;\" ><div class=\"fusion-builder-row fusion-row\"><div class=\"fusion-layout-column fusion_builder_column fusion-builder-column-0 fusion_builder_column_1_1 1_1 fusion-one-full fusion-column-first fusion-column-last max1200\" style=\"--awb-bg-size:cover;\"><div class=\"fusion-column-wrapper fusion-column-has-shadow fusion-flex-column-wrapper-legacy\"><div class=\"fusion-text fusion-text-1\"><h1 style=\"text-align: center;\">Tedarik\u00e7i davran\u0131\u015f kurallar\u0131<\/h1>\n<p><strong>\u0130\u015f b\u00fct\u00fcnl\u00fc\u011f\u00fc<\/strong><\/p>\n<p>Her t\u00fcrl\u00fc r\u00fc\u015fvet, yolsuzluk, gasp ve zimmete ge\u00e7irme kesinlikle yasakt\u0131r. Tedarik\u00e7i, imtiyazl\u0131 veya tescilli bilgilerin k\u00f6t\u00fcye kullan\u0131lmas\u0131, \u00f6zel durumlar\u0131n yanl\u0131\u015f beyan\u0131 veya di\u011fer haks\u0131z veya d\u00fcr\u00fcst olmayan uygulamalarla Optimas veya ba\u015fkalar\u0131n\u0131n haks\u0131z avantajlar\u0131ndan yararlanamaz.<\/p>\n<p><strong><br \/>\n\u00c7\u0131kar \u00e7at\u0131\u015fmalar\u0131<\/strong><\/p>\n<p>Tedarik\u00e7i, Optimas Genel Dan\u0131\u015fman\u0131n\u0131n r\u0131zas\u0131 haricinde, Optimas \u00e7al\u0131\u015fanlar\u0131n\u0131 veya aile \u00fcyelerini Tedarik\u00e7i i\u00e7in memur, direkt\u00f6r, \u00e7al\u0131\u015fan, acente veya dan\u0131\u015fman olarak g\u00f6rev yapamaz.<\/p>\n<p><strong><br \/>\nAdil Yar\u0131\u015fma<\/strong><\/p>\n<p>Tedarik\u00e7i, ticari faaliyetleri i\u00e7in ge\u00e7erli t\u00fcm antitr\u00f6st ve rekabet kar\u015f\u0131t\u0131 yasalara uymak zorundad\u0131r.<\/p>\n<p><em>\u0130nsan Haklar\u0131 Evrensel Beyannamesi<\/em><\/p>\n<p>Tedarik\u00e7i, \u00e7al\u0131\u015fanlar\u0131na Birle\u015fmi\u015f Milletler K\u00fcresel \u0130lkeler S\u00f6zle\u015fmesi \u00e7er\u00e7evesinde Evrensel \u0130nsan Haklar\u0131 Beyannamesi ile uyumlu, adil, g\u00fcvenli ve ayr\u0131mc\u0131 olmayan bir \u00e7al\u0131\u015fma ortam\u0131 sa\u011flayacakt\u0131r.<\/p>\n<p><em>Yasalara Uygunluk<\/em><\/p>\n<p>Tedarik\u00e7i, i\u015f\u00e7ilik, g\u00f6\u00e7menlik, sa\u011fl\u0131k ve g\u00fcvenlik ve \u00e7evre ile ilgili olanlar da dahil ancak bunlarla s\u0131n\u0131rl\u0131 olmamak \u00fczere, y\u00fcr\u00fcrl\u00fckteki t\u00fcm ulusal, b\u00f6lgesel ve yerel yasa ve d\u00fczenlemelere tam olarak uyacakt\u0131r.<\/p>\n<p><em>G\u00f6n\u00fcll\u00fc \u00c7al\u0131\u015fma ve \u00c7al\u0131\u015fma Haklar\u0131<\/em><\/p>\n<p>T\u00fcm Tedarik\u00e7i i\u015f\u00e7ili\u011fi g\u00f6n\u00fcll\u00fc olmal\u0131d\u0131r. \u00c7ocuk i\u015f\u00e7ili\u011fi ya da zorla \u00e7al\u0131\u015ft\u0131rma, ister hapishane eme\u011fi, emanet\u00e7ilik, ba\u011fl\u0131 emek, ister ba\u015fka t\u00fcrl\u00fc kullan\u0131ls\u0131n. Tedarik\u00e7i, \u00e7al\u0131\u015fanlar\u0131n toplu pazarl\u0131k ve \u00f6rg\u00fctlenme \u00f6zg\u00fcrl\u00fc\u011f\u00fcn\u00fc tan\u0131r.<\/p>\n<p><em>ayr\u0131mc\u0131l\u0131k yapmama<\/em><\/p>\n<p>Tedarik\u00e7i cinsiyet, \u0131rk, renk, din, ya\u015f, engellilik, cinsel y\u00f6nelim, cinsiyet kimli\u011fi, uyruk, genetik bilgi, siyasi g\u00f6r\u00fc\u015f veya sosyal veya etnik k\u00f6kene dayal\u0131 ayr\u0131mc\u0131l\u0131k yapamaz.<\/p>\n<p><em>Taciz ve Taciz<\/em><\/p>\n<p>Her \u00e7al\u0131\u015fan sayg\u0131 ve onurla muamele g\u00f6recek ve hi\u00e7bir \u00e7al\u0131\u015fan fiziksel, cinsel veya psikolojik tacize veya istismara maruz b\u0131rak\u0131lmayacakt\u0131r.<\/p>\n<p><em>Sa\u011fl\u0131k ve g\u00fcvenlik<\/em><\/p>\n<p>Tedarik\u00e7i, ulusal, eyalet ve yerel yasalara uygun olarak kaza ve yaralanmalar\u0131 \u00f6nlemek i\u00e7in g\u00fcvenli ve sa\u011fl\u0131kl\u0131 bir \u00e7al\u0131\u015fma ortam\u0131 sa\u011flamal\u0131d\u0131r. \u0130\u015fyeri tehlikelerini \u00f6nlemek i\u00e7in proaktif \u00f6nlemler al\u0131nmal\u0131d\u0131r.<\/p>\n<p><em>\u00e7evre<\/em><\/p>\n<p>Tedarik\u00e7i, y\u00fcr\u00fcrl\u00fckteki t\u00fcm ulusal, b\u00f6lgesel ve yerel \u00e7evre yasalar\u0131na ve d\u00fczenlemelerine uymal\u0131d\u0131r. Tedarik\u00e7i \u00e7evresel sorumlulu\u011fu artt\u0131rmaya \u00e7al\u0131\u015facakt\u0131r.<\/p>\n<p><strong><br \/>\nEtik Yard\u0131m Hatt\u0131<\/strong><\/p>\n<p>Bu Kurallar\u0131n herhangi bir ihlalinin Optimas AlertLine&#039;a bildirilmesini te\u015fvik ediyoruz. Raporlar anonim olarak \u00e7evrimi\u00e7i olarak g\u00f6nderilebilir <a href=\"https:\/\/app.convercent.com\/en-us\/LandingPage\/07fff61e-834f-e711-80dd-000d3ab1117e\" target=\"_blank\" rel=\"noopener nofollow\">burada.<\/a><\/p>\n<p><em>Bu Politikaya Uyum<\/em><\/p>\n<p>Tedarik\u00e7ilerin, bu Tedarik\u00e7i Davran\u0131\u015f Kurallar\u0131n\u0131n kurumlar\u0131 ve tedarik zinciri boyunca iletilmesini sa\u011flamak i\u00e7in makul ad\u0131mlar atmalar\u0131 gerekmektedir. Bu Tedarik\u00e7i Davran\u0131\u015f Kurallar\u0131na uyulmamas\u0131n\u0131 \u00f6\u011frenen Tedarik\u00e7i, derhal Optimas&#039;a bildirmelidir. Bir Tedarik\u00e7inin bu Tedarik\u00e7i Davran\u0131\u015f Kurallar\u0131na uymamas\u0131, ihlalin ciddiyetine ve belirli ko\u015fullara ba\u011fl\u0131 olarak Optimas&#039;\u0131n Tedarik\u00e7i ile olan ili\u015fkisini sona erdirmesinin nedeni olabilir.<\/p>\n<\/div><div class=\"fusion-clearfix\"><\/div><\/div><\/div><\/div><\/div>","protected":false},"excerpt":{"rendered":"","protected":false},"author":1,"featured_media":0,"parent":0,"menu_order":0,"comment_status":"closed","ping_status":"closed","template":"","meta":{"_acf_changed":false,"content-type":"","footnotes":""},"class_list":["post-2015","page","type-page","status-publish","hentry"],"acf":[],"_links":{"self":[{"href":"https:\/\/optimas.com\/tr\/wp-json\/wp\/v2\/pages\/2015","targetHints":{"allow":["GET"]}}],"collection":[{"href":"https:\/\/optimas.com\/tr\/wp-json\/wp\/v2\/pages"}],"about":[{"href":"https:\/\/optimas.com\/tr\/wp-json\/wp\/v2\/types\/page"}],"author":[{"embeddable":true,"href":"https:\/\/optimas.com\/tr\/wp-json\/wp\/v2\/users\/1"}],"replies":[{"embeddable":true,"href":"https:\/\/optimas.com\/tr\/wp-json\/wp\/v2\/comments?post=2015"}],"version-history":[{"count":0,"href":"https:\/\/optimas.com\/tr\/wp-json\/wp\/v2\/pages\/2015\/revisions"}],"wp:attachment":[{"href":"https:\/\/optimas.com\/tr\/wp-json\/wp\/v2\/media?parent=2015"}],"curies":[{"name":"wp","href":"https:\/\/api.w.org\/{rel}","templated":true}]}}