{"id":3,"date":"2019-10-11T20:57:42","date_gmt":"2019-10-11T20:57:42","guid":{"rendered":"https:\/\/optimas.com\/?page_id=3"},"modified":"2025-12-02T12:21:12","modified_gmt":"2025-12-02T18:21:12","slug":"privacy-policy","status":"publish","type":"page","link":"https:\/\/optimas.com\/tr\/privacy-policy\/","title":{"rendered":"Gizlilik Politikas\u0131"},"content":{"rendered":"<div class=\"fusion-fullwidth fullwidth-box fusion-builder-row-1 nonhundred-percent-fullwidth non-hundred-percent-height-scrolling\" style=\"--awb-border-radius-top-left:0px;--awb-border-radius-top-right:0px;--awb-border-radius-bottom-right:0px;--awb-border-radius-bottom-left:0px;--awb-padding-bottom:50px;--awb-flex-wrap:wrap;\" ><div class=\"fusion-builder-row fusion-row\"><div class=\"fusion-layout-column fusion_builder_column fusion-builder-column-0 fusion_builder_column_1_1 1_1 fusion-one-full fusion-column-first fusion-column-last max1200\" style=\"--awb-bg-size:cover;--awb-margin-bottom:0px;\"><div class=\"fusion-column-wrapper fusion-column-has-shadow fusion-flex-column-wrapper-legacy\"><div class=\"fusion-text fusion-text-1\"><p style=\"text-align: left;\"><strong>Gizlilik bildirimi<\/strong><\/p>\n<p>Optimas OE Solutions ve ba\u011fl\u0131 kurulu\u015flar\u0131 (Optimas), bireylerin ve durumun ortaya \u00e7\u0131kabilece\u011fi gibi, i\u015f yapt\u0131\u011f\u0131m\u0131z t\u00fczel ki\u015filiklerin ki\u015fisel verilerine de\u011fer verdi\u011fini uzun zamand\u0131r tan\u0131maktad\u0131r. Modern bilgi ve ileti\u015fim teknolojileri Optimas&#039;\u0131n faaliyetlerinde temel bir rol oynamaktad\u0131r. Optimas&#039;\u0131n amac\u0131, e-ticaretin yararlar\u0131n\u0131, bireylerin ve duruma g\u00f6re ortaya \u00e7\u0131kabilece\u011fi gibi, ki\u015fisel verilerinin k\u00f6t\u00fcye kullan\u0131lmas\u0131n\u0131 \u00f6nlemek i\u00e7in t\u00fczel ki\u015filiklerin hakk\u0131yla dengelemektir.<\/p>\n<p>Bize sa\u011flad\u0131\u011f\u0131n\u0131z veya hakk\u0131n\u0131zda edindi\u011fimiz bilgiler daima Optimas ile m\u00fc\u015fteri ili\u015fkinizi desteklemek i\u00e7in a\u015fa\u011f\u0131da listelenen ama\u00e7lar i\u00e7in kullan\u0131lacakt\u0131r. Herhangi bir d\u0131\u015f kurulu\u015fa pazarlama ve talepte kullan\u0131lmas\u0131 nedeniyle verilmeyecek veya sat\u0131lmayacakt\u0131r.<\/p>\n<\/div><div class=\"fusion-sep-clear\"><\/div><div class=\"fusion-separator\" style=\"margin-left: auto;margin-right: auto;margin-top:15px;margin-bottom:30px;width:100%;max-width:300px;\"><div class=\"fusion-separator-border sep-single sep-solid\" style=\"--awb-height:20px;--awb-amount:20px;border-color:#e0dede;border-top-width:1px;\"><\/div><\/div><div class=\"fusion-sep-clear\"><\/div><div class=\"fusion-text fusion-text-2\" style=\"--awb-text-transform:none;\"><p><strong>Ki\u015fisel Verilerin Toplanmas\u0131, \u0130\u015flenmesi, Aktar\u0131lmas\u0131 ve Kullan\u0131m\u0131<\/strong><\/p>\n<p>Baz\u0131 durumlarda, Optimas sizden ad\u0131n\u0131z, e-posta adresiniz, \u015firket ad\u0131n\u0131z, i\u015fletme adresiniz, alan adlar\u0131n\u0131z, telefon veya faks numaralar\u0131n\u0131z, sat\u0131n alma ge\u00e7mi\u015finiz ve sipari\u015f bilgileriniz (tamamen &quot;ki\u015fisel veriler&quot;) gibi ki\u015fisel bilgiler isteyebilir. Optimas&#039;\u0131n sorular\u0131na verdi\u011finiz yan\u0131t kesinlikle g\u00f6n\u00fcll\u00fcd\u00fcr. Optimas ayr\u0131ca bu sitenin kullan\u0131m\u0131 ile ilgili sizinle ilgili bilgi toplar. Bu bilgiler otomatik olarak toplan\u0131r ve sizin taraf\u0131n\u0131zdan herhangi bir i\u015flem yap\u0131lmas\u0131n\u0131 gerektirmez ve sitemizi ziyaret edip etmedi\u011finiz, ne s\u0131kl\u0131kta ziyaret etti\u011finiz ve sitenin hangi b\u00f6l\u00fcmlerini en s\u0131k ziyaret etti\u011finizle ilgili bilgileri i\u00e7erir.<\/p>\n<p>Optimas, ki\u015fisel verilerinizi web tabanl\u0131 tekliflerini geli\u015ftirmek i\u00e7in oldu\u011fu gibi, i\u015finizde size yard\u0131mc\u0131 olabilecek \u00fcr\u00fcn ve hizmetler konusunda sizi uyarmak, sitelerimizde kayd\u0131 te\u015fvik etmek ve sipari\u015f i\u015flemede ve sonras\u0131nda size yard\u0131mc\u0131 olmak gibi di\u011fer i\u015f ama\u00e7lar\u0131 i\u00e7in de kullan\u0131r. -sat\u0131\u015f hizmetleri, e-posta, posta, faks veya sizi arayarak. Ki\u015fisel verilerinizi, talep etti\u011finiz veya size g\u00f6ndermemiz gereken belirli bilgilerin yan\u0131 s\u0131ra size Optimas \u00fcr\u00fcnleri veya hizmetleri hakk\u0131nda daha fazla bilgi g\u00f6ndermek i\u00e7in kullanabiliriz. Bu bilgileri e-posta, posta, faks veya sizi arayarak g\u00f6nderebiliriz.<\/p>\n<p>Genel olarak, herhangi bir ki\u015fisel bilgi vermeden web sitelerimizi ziyaret edebilirsiniz. Ancak, bu sitenin \u00f6zelle\u015ftirme i\u015flevlerini tamamlamas\u0131 i\u00e7in bu bilgileri gerektiren alanlar vard\u0131r ve istenen bilgileri a\u00e7\u0131klamamay\u0131 se\u00e7enlerin kullan\u0131m\u0131na a\u00e7\u0131k olmayabilir.<\/p>\n<p><strong>Ki\u015fisel Verilerinizin Konumu<\/strong><\/p>\n<p>Optimas uluslararas\u0131 alanda faaliyet g\u00f6sterdi\u011finden, ki\u015fisel verilerinizi, \u00f6zellikle de ayn\u0131 d\u00fczeyde koruma sa\u011flamayan \u00fclkelerde, kendi yetki alan\u0131n\u0131z\u0131n ve \/ veya Avrupa Ekonomik Alan\u0131n\u0131n d\u0131\u015f\u0131nda yer alan grubumuzdaki \u015firketler ve \/ veya \u015fubeler i\u00e7in kullan\u0131labilir hale getirmemiz gerekebilir. yine yukar\u0131da a\u00e7\u0131klanan ama\u00e7lar i\u00e7in, yarg\u0131 yetkinizdeki ve \/ veya Avrupa Ekonomik Alan\u0131n\u0131zdaki ki\u015fisel verilerin<\/p>\n<p>\u00d6zellikle, Optimas bu t\u00fcr kay\u0131tlar\u0131n tamam\u0131n\u0131 veya bir k\u0131sm\u0131n\u0131 grubunun ABD&#039;de bulunan genel merkezine devredecektir. Her hal\u00fckarda, Optimas, kendi yetki alan\u0131n\u0131z ve \/ veya Avrupa Ekonomik Alan\u0131 d\u0131\u015f\u0131nda aktar\u0131lan verilerin, kendi yetki b\u00f6lgenizde yer almas\u0131 durumunda maruz kalacaklar\u0131 g\u00fcvenlik ve gizlilik rejimine tabi olmas\u0131n\u0131 sa\u011flamak i\u00e7in elinden geleni yapacakt\u0131r. Avrupa Ekonomik Alan\u0131. Ki\u015fisel verilerinizin aktar\u0131lmas\u0131na kar\u015f\u0131ysan\u0131z, l\u00fctfen a\u015fa\u011f\u0131daki b\u00f6l\u00fcme bak\u0131n, Haklar\u0131n\u0131z ve Onay\u0131n\u0131z.<\/p>\n<p><strong>\u00dc\u00e7\u00fcnc\u00fc \u015eah\u0131slara A\u00e7\u0131klanmas\u0131<\/strong><\/p>\n<p>Optimas, hizmetlerini potansiyel ortaklara, reklamverenlere ve di\u011fer sayg\u0131n \u00fc\u00e7\u00fcnc\u00fc taraflara ve di\u011fer yasal ama\u00e7larla tan\u0131mlamak i\u00e7in siteleri (ziyaret\u00e7ileri), m\u00fc\u015fterileri ve sat\u0131\u015flar\u0131 hakk\u0131nda toplu istatistikler a\u00e7\u0131klayabilir, ancak bu istatistikler ki\u015fisel olarak tan\u0131mlanabilir veya tan\u0131mlanabilir hi\u00e7bir bilgi i\u00e7ermez. Optimas, yasalarca yap\u0131lmas\u0131 gerekiyorsa veya Optimas veya \u00e7al\u0131\u015fanlar\u0131n\u0131n, sitelerinin \/ sitelerinin veya ziyaret\u00e7ilerinin haklar\u0131n\u0131, m\u00fclkiyetini veya ki\u015fisel g\u00fcvenli\u011fini korumak ve savunmak i\u00e7in bu t\u00fcr bir eylemin gerekli oldu\u011funa inan\u0131yorsa ki\u015fisel verileri if\u015fa edebilir.<\/p>\n<p><strong>\u00c7erez Kullan\u0131m\u0131<\/strong><\/p>\n<p>\u00c7erez, bir web sitesi sunucusu taraf\u0131ndan g\u00f6nderilen ve taray\u0131c\u0131n\u0131z taraf\u0131ndan sabit s\u00fcr\u00fcc\u00fcn\u00fczde saklanan k\u00fc\u00e7\u00fck bir bilgidir. \u00c7o\u011fu web taray\u0131c\u0131s\u0131 \u00e7erezleri otomatik olarak kabul eder, ancak bunu \u00f6nlemek i\u00e7in taray\u0131c\u0131n\u0131z\u0131 de\u011fi\u015ftirebilirsiniz.<\/p>\n<p>Siteleri ziyaret edenleri izlemek ve bir web sitesinin i\u015flem kalitesini art\u0131rmaya yard\u0131mc\u0131 olmak i\u00e7in \u00e7erezleri ve di\u011fer teknolojileri kullan\u0131yoruz. Bu site taraf\u0131ndan kullan\u0131lan \u00e7erezler, ki\u015fisel olarak tan\u0131mlanabilir bilgiler i\u00e7ermez. Bu bilgiler g\u00f6n\u00fcll\u00fc olarak verilmedik\u00e7e bir m\u00fc\u015fteriyi tan\u0131mlayamay\u0131z.<\/p>\n<p>NOT: Bilgisayar\u0131n\u0131z\u0131 \u00e7erezleri engelleyecek \u015fekilde yap\u0131land\u0131r\u0131rsan\u0131z, belirli site i\u015flevlerine eri\u015femeyebilirsiniz.<\/p>\n<p><strong>G\u00fcvenlik<\/strong><\/p>\n<p>Optimas olarak i\u015f felsefemiz m\u00fc\u015fteriler etraf\u0131nda d\u00f6ner ve g\u00fcvenlerini kazan\u0131r. Site (ler) arac\u0131l\u0131\u011f\u0131yla iletilen bilgilerin korunmas\u0131na b\u00fcy\u00fck \u00f6nem veriyoruz ve t\u00fcm bu bilgileri korumak i\u00e7in g\u00fcvenlik \u00f6nlemleri alaca\u011f\u0131z. G\u00fcvenli sunucu yaz\u0131l\u0131m\u0131m\u0131z (G\u00fcvenli Yuva Katman\u0131) end\u00fcstri standard\u0131d\u0131r ve g\u00fcvenli ticaret i\u015flemleri i\u00e7in bug\u00fcn mevcut olan en iyi \u00e7\u00f6z\u00fcmler aras\u0131ndad\u0131r. T\u00fcm oturumunuz VeriSign taraf\u0131ndan sa\u011flanan t\u00fcm ki\u015fisel bilgileri (ad ve adres, kredi kart\u0131 sahibinin ad\u0131, numara \/ son kullanma tarihi dahil) \u015fifrelemek i\u00e7in kullan\u0131r, b\u00f6ylece bilgiler internette dola\u015f\u0131rken \u00fc\u00e7\u00fcnc\u00fc taraflarca okunamaz.<\/p>\n<p><strong>Di\u011fer Web Sitelerine Ba\u011flant\u0131lar<\/strong><\/p>\n<p>Bu site, Optimas taraf\u0131ndan i\u015fletilmeyen sitelere ba\u011flant\u0131lar i\u00e7ermektedir. Optimas, veri koruma politikalar\u0131ndan veya bu t\u00fcr sitelerin i\u00e7eri\u011finden sorumlu de\u011fildir.<\/p>\n<p><strong>Haklar\u0131n\u0131z ve Onay\u0131n\u0131z<\/strong><\/p>\n<p>You may at any time review or ask for the rectification of your personal data held by Optimas as well as opt out, at no charge, from any further use of the same personal data, such as for direct marketing purposes, or transfer of same, by contacting us at Optimas OE Solutions, 1441 N. Wood Dale Road, Wood Dale, IL 60191, US or via e-mail at info@optimas.com.<\/p>\n<p>By using Optimas&#8217; web site(s), and providing your personal data to Optimas and\/or generating personal data through such web site(s), you consent to the processing and transfer outside your jurisdiction and\/or the European Economic Area of your personal data as set out in this data protection statement. Optimas reserves the right to change, modify or update this statement at any time. In such event, a notice will be posted for one month on the web site. If you do not accept the change, modification or update, you may object to any further use of your personal data by contacting us at Optimas OE Solutions, 1441 N. Wood Dale Road, Wood Dale, IL 60191, US or via e-mail at info@optimas.com.<\/p>\n<p>Bu veri koruma beyan\u0131, Optimas&#039;\u0131n veri i\u015fleme uygulamalar\u0131 veya Optimas&#039;\u0131n web sitelerinden biriyle olan ili\u015fkileriniz hakk\u0131nda sorular\u0131n\u0131z varsa, info@optimas.com adresinden bizimle ileti\u015fime ge\u00e7ebilirsiniz.<\/p>\n<p><strong>Ki\u015fisel Bilgi Sat\u0131\u015f Kapsam\u0131 D\u0131\u015f\u0131nda Kalma ve Ayr\u0131lma Haklar\u0131<\/strong><br \/>16 ya\u015f\u0131nda veya daha b\u00fcy\u00fckseniz, bizi ki\u015fisel bilgilerinizi hi\u00e7bir zaman satmamaya y\u00f6nlendirme hakk\u0131na sahipsiniz (\u201cvazge\u00e7me hakk\u0131\u201d). 16 ya\u015f\u0131ndan k\u00fc\u00e7\u00fck oldu\u011funu bildi\u011fimiz t\u00fcketicilerin ki\u015fisel bilgilerini, en az 13 olan ancak hen\u00fcz 16 ya\u015f\u0131ndan b\u00fcy\u00fck olmayan t\u00fcketiciden olumlu onay almad\u0131\u011f\u0131m\u0131z s\u00fcrece (\u201ckat\u0131lma hakk\u0131\u201d) satm\u0131yoruz 13 ya\u015f\u0131ndan k\u00fc\u00e7\u00fck bir t\u00fcketicinin ebeveyni veya vasisi. Ki\u015fisel bilgi sat\u0131\u015f\u0131na kaydolan t\u00fcketiciler, gelecekteki sat\u0131\u015flar\u0131 istedikleri zaman iptal edebilirler.<\/p>\n<p>Vazge\u00e7me hakk\u0131n\u0131 kullanmak i\u00e7in, siz (veya yetkili temsilciniz) a\u015fa\u011f\u0131daki \u0130nternet Web sayfas\u0131 ba\u011flant\u0131s\u0131n\u0131 ziyaret ederek bize bir istek g\u00f6nderebilirsiniz:<\/p>\n<p style=\"text-align: center;\"><strong><a href=\"https:\/\/forms.office.com\/Pages\/ResponsePage.aspx?id=sclHHjElfkq4FdwjlTtur8CDGt_hEYdEoOJlTmKZQjhUM05HTUZWUkZRQjdWOE1MRkpTWEUyNk5VQy4u\" target=\"_blank\" rel=\"noopener noreferrer nofollow\">Ki\u015fisel Bilgilerimi Sat\u0131\u015f<\/a><\/strong><\/p>\n<p>Devre d\u0131\u015f\u0131 b\u0131rakma talebinde bulundu\u011funuzda, ki\u015fisel bilgi sat\u0131\u015flar\u0131n\u0131z\u0131 yeniden yetkilendirmenizi istemeden \u00f6nce en az on iki (12) ay bekleyece\u011fiz. Ancak, fikrinizi de\u011fi\u015ftirebilir ve ki\u015fisel bilgi sat\u0131\u015flar\u0131na istedi\u011finiz zaman a\u015fa\u011f\u0131daki yollarla ba\u015fvurabilirsiniz:<\/p>\n<p style=\"text-align: center;\"><strong><a href=\"https:\/\/optimas.com\/tr\/contact\/\">Bize Ula\u015f\u0131n<\/a><\/strong><\/p>\n<p>Vazge\u00e7me haklar\u0131n\u0131z\u0131 kullanmak i\u00e7in bizimle bir hesap olu\u015fturman\u0131za gerek yoktur. Yaln\u0131zca devre d\u0131\u015f\u0131 b\u0131rakma talebinde sunulan ki\u015fisel bilgileri, iste\u011fi incelemek ve bunlara uymak i\u00e7in kullanaca\u011f\u0131z.<\/p>\n<\/div><div class=\"fusion-clearfix\"><\/div><\/div><\/div><\/div><\/div>","protected":false},"excerpt":{"rendered":"","protected":false},"author":1,"featured_media":0,"parent":0,"menu_order":0,"comment_status":"closed","ping_status":"closed","template":"","meta":{"_acf_changed":false,"content-type":"","footnotes":""},"class_list":["post-3","page","type-page","status-publish","hentry"],"acf":[],"_links":{"self":[{"href":"https:\/\/optimas.com\/tr\/wp-json\/wp\/v2\/pages\/3","targetHints":{"allow":["GET"]}}],"collection":[{"href":"https:\/\/optimas.com\/tr\/wp-json\/wp\/v2\/pages"}],"about":[{"href":"https:\/\/optimas.com\/tr\/wp-json\/wp\/v2\/types\/page"}],"author":[{"embeddable":true,"href":"https:\/\/optimas.com\/tr\/wp-json\/wp\/v2\/users\/1"}],"replies":[{"embeddable":true,"href":"https:\/\/optimas.com\/tr\/wp-json\/wp\/v2\/comments?post=3"}],"version-history":[{"count":0,"href":"https:\/\/optimas.com\/tr\/wp-json\/wp\/v2\/pages\/3\/revisions"}],"wp:attachment":[{"href":"https:\/\/optimas.com\/tr\/wp-json\/wp\/v2\/media?parent=3"}],"curies":[{"name":"wp","href":"https:\/\/api.w.org\/{rel}","templated":true}]}}