{"id":33,"date":"2019-10-12T04:22:42","date_gmt":"2019-10-12T04:22:42","guid":{"rendered":"https:\/\/optimas.com\/?page_id=33"},"modified":"2024-02-14T10:47:12","modified_gmt":"2024-02-14T16:47:12","slug":"inventory-management-2","status":"publish","type":"page","link":"https:\/\/optimas.com\/tr\/services\/inventory-management-2\/","title":{"rendered":"Envanter y\u00f6netimi"},"content":{"rendered":"<p><div class=\"fusion-fullwidth fullwidth-box fusion-builder-row-1 nonhundred-percent-fullwidth non-hundred-percent-height-scrolling firstSection centerMobile\" style=\"--awb-border-radius-top-left:0px;--awb-border-radius-top-right:0px;--awb-border-radius-bottom-right:0px;--awb-border-radius-bottom-left:0px;--awb-flex-wrap:wrap;\" ><div class=\"fusion-builder-row fusion-row\"><div class=\"fusion-layout-column fusion_builder_column fusion-builder-column-0 fusion_builder_column_1_1 1_1 fusion-one-full fusion-column-first fusion-column-last max1200\" style=\"--awb-bg-size:cover;\"><div class=\"fusion-column-wrapper fusion-column-has-shadow fusion-flex-column-wrapper-legacy\"><div class=\"fusion-builder-row fusion-builder-row-inner fusion-row\"><div class=\"fusion-layout-column fusion_builder_column_inner fusion-builder-nested-column-0 fusion_builder_column_inner_2_5 2_5 fusion-two-fifth fusion-column-first\" style=\"--awb-bg-size:cover;width:40%;width:calc(40% - ( ( 4% ) * 0.4 ) );margin-right: 4%;\"><div class=\"fusion-column-wrapper fusion-column-has-shadow fusion-flex-column-wrapper-legacy\"><div class=\"fusion-image-element fusion-image-align-center in-legacy-container\" style=\"text-align:center;--awb-caption-title-font-family:var(--h2_typography-font-family);--awb-caption-title-font-weight:var(--h2_typography-font-weight);--awb-caption-title-font-style:var(--h2_typography-font-style);--awb-caption-title-size:var(--h2_typography-font-size);--awb-caption-title-transform:var(--h2_typography-text-transform);--awb-caption-title-line-height:var(--h2_typography-line-height);--awb-caption-title-letter-spacing:var(--h2_typography-letter-spacing);\"><div class=\"imageframe-align-center\"><span class=\"fusion-imageframe imageframe-none imageframe-1 hover-type-none\"><img decoding=\"async\" width=\"573\" height=\"436\" alt=\"Envanterinizi Optimize Edin\" src=\"https:\/\/optimas.com\/wp-content\/uploads\/2019\/11\/AVS-Big-images2.jpg\" class=\"img-responsive wp-image-1655\" srcset=\"https:\/\/optimas.com\/wp-content\/uploads\/2019\/11\/AVS-Big-images2-200x152.jpg 200w, https:\/\/optimas.com\/wp-content\/uploads\/2019\/11\/AVS-Big-images2-400x304.jpg 400w, https:\/\/optimas.com\/wp-content\/uploads\/2019\/11\/AVS-Big-images2.jpg 573w\" sizes=\"(max-width: 800px) 100vw, 573px\" \/><\/span><\/div><\/div><div class=\"fusion-clearfix\"><\/div><\/div><\/div><div class=\"fusion-layout-column fusion_builder_column_inner fusion-builder-nested-column-1 fusion_builder_column_inner_3_5 3_5 fusion-three-fifth fusion-column-last\" style=\"--awb-bg-size:cover;width:60%;width:calc(60% - ( ( 4% ) * 0.6 ) );\"><div class=\"fusion-column-wrapper fusion-column-has-shadow fusion-flex-column-wrapper-legacy\"><div class=\"fusion-text fusion-text-1\"><h1 style=\"color: #ee7623!important;\">ENVANTER\u0130N\u0130Z\u0130 OPT\u0130M\u0130ZE ED\u0130N<\/h1>\n<p>\u00dcretim talebini kar\u015f\u0131lamak i\u00e7in envanterinizi dengeleyin ve daha az\u0131yla daha fazla \u00fcretin.<\/p>\n<\/div><div class=\"fusion-sep-clear\"><\/div><div class=\"fusion-separator fusion-full-width-sep\" style=\"margin-left: auto;margin-right: auto;margin-top:40px;width:100%;\"><\/div><div class=\"fusion-sep-clear\"><\/div><div class=\"fusion-text fusion-text-2\"><p><a class=\"linkOrangeButton\" href=\"https:\/\/optimas.com\/tr\/contact\/\">Uzman\u0131m\u0131zla G\u00f6r\u00fc\u015f\u00fcn<\/a><\/p>\n<\/div><div class=\"fusion-clearfix\"><\/div><\/div><\/div><\/div><div class=\"fusion-clearfix\"><\/div><\/div><\/div><\/div><\/div><div class=\"fusion-fullwidth fullwidth-box fusion-builder-row-2 nonhundred-percent-fullwidth non-hundred-percent-height-scrolling\" style=\"--awb-border-radius-top-left:0px;--awb-border-radius-top-right:0px;--awb-border-radius-bottom-right:0px;--awb-border-radius-bottom-left:0px;--awb-background-color:#ee7623;--awb-flex-wrap:wrap;\" ><div class=\"fusion-builder-row fusion-row\"><div class=\"fusion-layout-column fusion_builder_column fusion-builder-column-1 fusion_builder_column_1_1 1_1 fusion-one-full fusion-column-first fusion-column-last max1200\" style=\"--awb-padding-top:35px;--awb-padding-right:10px;--awb-padding-bottom:35px;--awb-padding-left:10px;--awb-bg-size:cover;--awb-margin-bottom:0px;\"><div class=\"fusion-column-wrapper fusion-column-has-shadow fusion-flex-column-wrapper-legacy\"><div class=\"fusion-text fusion-text-3\"><h2 style=\"text-align: left; color: #ffffff;\">Envanter Y\u00f6netimi \u00c7\u00f6z\u00fcmleri<\/h2>\n<\/div><div class=\"fusion-text fusion-text-4\"><p style=\"color: #ffffff;\">Par\u00e7alar\u0131n\u0131z\u0131 tedarikten ikmale kadar \u00f6zelle\u015ftirilmi\u015f Sat\u0131c\u0131 Y\u00f6netimli Envanter (VMI) Programlar\u0131m\u0131zla y\u00f6netin. OptiTech VMI Solutions, tahmin do\u011frulu\u011funu iyile\u015ftirme, de\u011fi\u015fen taleplere h\u0131zl\u0131 bir \u015fekilde yan\u0131t verme ve envanter optimizasyonunu ve ikmalini otomatikle\u015ftirme becerinizi geli\u015ftirecektir. Envanteriniz ve t\u00fcketiminiz hakk\u0131nda daha fazla g\u00f6r\u00fcn\u00fcrl\u00fckle, maliyetleri \u00f6nemli \u00f6l\u00e7\u00fcde azaltacak, sipari\u015f tamamlamay\u0131 h\u0131zland\u0131racak ve \u00fcretkenli\u011fi art\u0131racaks\u0131n\u0131z.<\/p>\n<p style=\"color: #ffffff;\">\n<p><span style=\"color: #ffffff;\">Optimas&#039;\u0131n etkili envanter y\u00f6netimi \u00e7\u00f6z\u00fcmleri, i\u015fletmelerin onlarca y\u0131ld\u0131r maliyetleri d\u00fc\u015f\u00fcrmesine yard\u0131mc\u0131 oluyor.<\/span><\/p>\n<\/div><div class=\"fusion-clearfix\"><\/div><\/div><\/div><\/div><\/div><div class=\"fusion-fullwidth fullwidth-box fusion-builder-row-3 nonhundred-percent-fullwidth non-hundred-percent-height-scrolling\" style=\"--awb-border-radius-top-left:0px;--awb-border-radius-top-right:0px;--awb-border-radius-bottom-right:0px;--awb-border-radius-bottom-left:0px;--awb-padding-top:50px;--awb-padding-bottom:50px;--awb-flex-wrap:wrap;\" ><div class=\"fusion-builder-row fusion-row\"><div class=\"fusion-layout-column fusion_builder_column fusion-builder-column-2 fusion_builder_column_1_1 1_1 fusion-one-full fusion-column-first fusion-column-last max1200\" style=\"--awb-bg-size:cover;\"><div class=\"fusion-column-wrapper fusion-column-has-shadow fusion-flex-column-wrapper-legacy\"><div class=\"fusion-builder-row fusion-builder-row-inner fusion-row\"><div class=\"fusion-layout-column fusion_builder_column_inner fusion-builder-nested-column-2 fusion_builder_column_inner_1_3 1_3 fusion-one-third fusion-column-first\" style=\"--awb-bg-size:cover;width:33.3333333333%;width:calc(33.3333333333% - ( ( 4% ) * 0.333333333333 ) );margin-right: 4%;\"><div class=\"fusion-column-wrapper fusion-column-has-shadow fusion-flex-column-wrapper-legacy\"><div class=\"fusion-text fusion-text-5\"><h2>Yararlar\u0131<\/h2>\n<\/div><div class=\"fusion-clearfix\"><\/div><\/div><\/div><div class=\"fusion-layout-column fusion_builder_column_inner fusion-builder-nested-column-3 fusion_builder_column_inner_2_3 2_3 fusion-two-third fusion-column-last\" style=\"--awb-bg-size:cover;width:66.6666666667%;width:calc(66.6666666667% - ( ( 4% ) * 0.666666666667 ) );\"><div class=\"fusion-column-wrapper fusion-column-has-shadow fusion-flex-column-wrapper-legacy\"><div class=\"fusion-text fusion-text-6\"><ul class=\"orangeBullet\">\n<li>\u0130ndirgenmi\u015f Envanter<\/li>\n<li>Daha Az Genel Gider<\/li>\n<li>Daha Y\u00fcksek Verimlilik<\/li>\n<li>Geli\u015ftirilmi\u015f Talep Planlamas\u0131<\/li>\n<li>Minimize Edilmi\u015f Fazlal\u0131k ve Eskime<\/li>\n<\/ul>\n<\/div><div class=\"fusion-clearfix\"><\/div><\/div><\/div><\/div><div class=\"fusion-sep-clear\"><\/div><div class=\"fusion-separator fusion-full-width-sep\" style=\"margin-left: auto;margin-right: auto;margin-top:20px;margin-bottom:20px;width:100%;\"><div class=\"fusion-separator-border sep-single sep-solid\" style=\"--awb-height:20px;--awb-amount:20px;--awb-sep-color:#a9aaac;border-color:#a9aaac;border-top-width:1px;\"><\/div><\/div><div class=\"fusion-sep-clear\"><\/div><div class=\"fusion-clearfix\"><\/div><\/div><\/div><\/div><\/div><div class=\"fusion-fullwidth fullwidth-box fusion-builder-row-4 nonhundred-percent-fullwidth non-hundred-percent-height-scrolling\" style=\"--awb-border-radius-top-left:0px;--awb-border-radius-top-right:0px;--awb-border-radius-bottom-right:0px;--awb-border-radius-bottom-left:0px;--awb-padding-bottom:30px;--awb-flex-wrap:wrap;\" ><div class=\"fusion-builder-row fusion-row\"><div class=\"fusion-layout-column fusion_builder_column fusion-builder-column-3 fusion_builder_column_1_1 1_1 fusion-one-full fusion-column-first fusion-column-last max1200\" style=\"--awb-bg-size:cover;\"><div class=\"fusion-column-wrapper fusion-column-has-shadow fusion-flex-column-wrapper-legacy\"><div class=\"fusion-builder-row fusion-builder-row-inner fusion-row\"><div class=\"fusion-layout-column fusion_builder_column_inner fusion-builder-nested-column-4 fusion_builder_column_inner_1_2 1_2 fusion-one-half fusion-column-first\" style=\"--awb-bg-size:cover;width:50%;width:calc(50% - ( ( 4% ) * 0.5 ) );margin-right: 4%;\"><div class=\"fusion-column-wrapper fusion-column-has-shadow fusion-flex-column-wrapper-legacy\"><div class=\"fusion-text fusion-text-7\"><h2>Optimas VMI Programlar\u0131<\/h2>\n<p>Esnek teknoloji, paketleme ve teslimat se\u00e7enekleriyle tam hizmet veya kendi kendini y\u00f6neten programlar sunuyoruz. Deneyimli envanter optimizasyon uzmanlar\u0131m\u0131z, i\u015f ihtiya\u00e7lar\u0131n\u0131z i\u00e7in en uygun VMI Program\u0131n\u0131 de\u011ferlendirmek ve se\u00e7mek i\u00e7in sizinle birlikte \u00e7al\u0131\u015f\u0131r. <\/p>\n<\/div><div class=\"fusion-sep-clear\"><\/div><div class=\"fusion-separator fusion-full-width-sep\" style=\"margin-left: auto;margin-right: auto;margin-top:15px;margin-bottom:15px;width:100%;\"><\/div><div class=\"fusion-sep-clear\"><\/div><div class=\"fusion-text fusion-text-8\"><p><a class=\"linkOrangeButton\" href=\"\/tr\/value-added-services\/optimize-your-inventory\/inventory-management\/\">DAHA FAZLA B\u0130LG\u0130 ED\u0130N<\/a><\/p>\n<\/div><div class=\"fusion-clearfix\"><\/div><\/div><\/div><div class=\"fusion-layout-column fusion_builder_column_inner fusion-builder-nested-column-5 fusion_builder_column_inner_1_2 1_2 fusion-one-half fusion-column-last\" style=\"--awb-bg-size:cover;width:50%;width:calc(50% - ( ( 4% ) * 0.5 ) );\"><div class=\"fusion-column-wrapper fusion-column-has-shadow fusion-flex-column-wrapper-legacy\"><div class=\"fusion-image-element fusion-image-align-center in-legacy-container\" style=\"text-align:center;--awb-caption-title-font-family:var(--h2_typography-font-family);--awb-caption-title-font-weight:var(--h2_typography-font-weight);--awb-caption-title-font-style:var(--h2_typography-font-style);--awb-caption-title-size:var(--h2_typography-font-size);--awb-caption-title-transform:var(--h2_typography-text-transform);--awb-caption-title-line-height:var(--h2_typography-line-height);--awb-caption-title-letter-spacing:var(--h2_typography-letter-spacing);\"><div class=\"imageframe-align-center\"><span class=\"fusion-imageframe imageframe-none imageframe-2 hover-type-none\"><img decoding=\"async\" width=\"323\" height=\"327\" alt=\"Cardboard box with nuts, screws and bolts coming out of it\" src=\"https:\/\/optimas.com\/wp-content\/uploads\/2019\/10\/iii.jpg\" class=\"img-responsive wp-image-613\" srcset=\"https:\/\/optimas.com\/wp-content\/uploads\/2019\/10\/iii-200x202.jpg 200w, https:\/\/optimas.com\/wp-content\/uploads\/2019\/10\/iii.jpg 323w\" sizes=\"(max-width: 800px) 100vw, 323px\" \/><\/span><\/div><\/div><div class=\"fusion-clearfix\"><\/div><\/div><\/div><\/div><div class=\"fusion-clearfix\"><\/div><\/div><\/div><\/div><\/div><div class=\"fusion-fullwidth fullwidth-box fusion-builder-row-5 nonhundred-percent-fullwidth non-hundred-percent-height-scrolling\" style=\"--awb-border-radius-top-left:0px;--awb-border-radius-top-right:0px;--awb-border-radius-bottom-right:0px;--awb-border-radius-bottom-left:0px;--awb-padding-top:50px;--awb-padding-bottom:50px;--awb-background-color:#80bc00;--awb-flex-wrap:wrap;\" ><div class=\"fusion-builder-row fusion-row\"><div class=\"fusion-layout-column fusion_builder_column fusion-builder-column-4 fusion_builder_column_1_1 1_1 fusion-one-full fusion-column-first fusion-column-last\" style=\"--awb-bg-size:cover;\"><div class=\"fusion-column-wrapper fusion-column-has-shadow fusion-flex-column-wrapper-legacy\"><div class=\"fusion-text fusion-text-9\"><h2 style=\"text-align: center; color: #fff; font-size: 50px;\">$930K Y\u0131ll\u0131k Maliyet Tasarrufu<\/h2>\n<p style=\"text-align: center; color: #fff;\">Envanter y\u00f6netimi ve par\u00e7a rasyonalizasyon program\u0131 operasyonel verimlili\u011fi art\u0131r\u0131r.<\/p>\n<\/div><div class=\"fusion-sep-clear\"><\/div><div class=\"fusion-separator fusion-full-width-sep\" style=\"margin-left: auto;margin-right: auto;margin-top:10px;margin-bottom:10px;width:100%;\"><\/div><div class=\"fusion-sep-clear\"><\/div><div class=\"fusion-text fusion-text-10\"><p style=\"text-align: center;\"><a class=\"linkSpeakExpert\" href=\"\/tr\/resources\/hitachi-gains-efficiencies-and-savings-with-a-simplified-supply-chain-and-managed-inventory\/\" target=\"_blank\" rel=\"noopener noreferrer\">VAKA \u00c7ALI\u015eMASINI OKUYUN<\/a><\/p>\n<\/div><div class=\"fusion-clearfix\"><\/div><\/div><\/div><\/div><\/div><div class=\"fusion-fullwidth fullwidth-box fusion-builder-row-6 nonhundred-percent-fullwidth non-hundred-percent-height-scrolling\" style=\"--awb-border-radius-top-left:0px;--awb-border-radius-top-right:0px;--awb-border-radius-bottom-right:0px;--awb-border-radius-bottom-left:0px;--awb-padding-top:50px;--awb-padding-bottom:50px;--awb-flex-wrap:wrap;\" ><div class=\"fusion-builder-row fusion-row\"><div class=\"fusion-layout-column fusion_builder_column fusion-builder-column-5 fusion_builder_column_1_1 1_1 fusion-one-full fusion-column-first fusion-column-last max1200\" style=\"--awb-bg-size:cover;\"><div class=\"fusion-column-wrapper fusion-column-has-shadow fusion-flex-column-wrapper-legacy\"><div class=\"fusion-builder-row fusion-builder-row-inner fusion-row\"><div class=\"fusion-layout-column fusion_builder_column_inner fusion-builder-nested-column-6 fusion_builder_column_inner_1_1 1_1 fusion-one-full fusion-column-first fusion-column-last\" style=\"--awb-bg-size:cover;\"><div class=\"fusion-column-wrapper fusion-column-has-shadow fusion-flex-column-wrapper-legacy\"><div class=\"fusion-text fusion-text-11\"><h2>M\u00fchendislik Uzmanl\u0131\u011f\u0131<\/h2>\n<p style=\"font-size: 28px;\">Uzman hizmetlerle malzeme faturan\u0131z\u0131 kolayla\u015ft\u0131r\u0131n ve pazara sunma h\u0131z\u0131n\u0131z\u0131 art\u0131r\u0131n:<\/p>\n<\/div><div class=\"fusion-clearfix\"><\/div><\/div><\/div><div class=\"fusion-layout-column fusion_builder_column_inner fusion-builder-nested-column-7 fusion_builder_column_inner_1_1 1_1 fusion-one-full fusion-column-first fusion-column-last\" style=\"--awb-bg-size:cover;\"><div class=\"fusion-column-wrapper fusion-column-has-shadow fusion-flex-column-wrapper-legacy\"><div class=\"fusion-sep-clear\"><\/div><div class=\"fusion-separator fusion-full-width-sep\" style=\"margin-left: auto;margin-right: auto;margin-top:10px;margin-bottom:10px;width:100%;\"><\/div><div class=\"fusion-sep-clear\"><\/div><div class=\"fusion-clearfix\"><\/div><\/div><\/div><div class=\"fusion-layout-column fusion_builder_column_inner fusion-builder-nested-column-8 fusion_builder_column_inner_1_2 1_2 fusion-one-half fusion-column-first\" style=\"--awb-bg-size:cover;width:50%;width:calc(50% - ( ( 4% ) * 0.5 ) );margin-right: 4%;\"><div class=\"fusion-column-wrapper fusion-column-has-shadow fusion-flex-column-wrapper-legacy\"><div class=\"fusion-image-element in-legacy-container\" style=\"--awb-caption-title-font-family:var(--h2_typography-font-family);--awb-caption-title-font-weight:var(--h2_typography-font-weight);--awb-caption-title-font-style:var(--h2_typography-font-style);--awb-caption-title-size:var(--h2_typography-font-size);--awb-caption-title-transform:var(--h2_typography-text-transform);--awb-caption-title-line-height:var(--h2_typography-line-height);--awb-caption-title-letter-spacing:var(--h2_typography-letter-spacing);\"><span class=\"fusion-imageframe imageframe-none imageframe-3 hover-type-none\"><img decoding=\"async\" width=\"388\" height=\"485\" alt=\"Long hex bolt\" src=\"https:\/\/optimas.com\/wp-content\/uploads\/2019\/10\/01img.jpg\" class=\"img-responsive wp-image-631\" srcset=\"https:\/\/optimas.com\/wp-content\/uploads\/2019\/10\/01img-200x250.jpg 200w, https:\/\/optimas.com\/wp-content\/uploads\/2019\/10\/01img.jpg 388w\" sizes=\"(max-width: 800px) 100vw, 388px\" \/><\/span><\/div><div class=\"fusion-clearfix\"><\/div><\/div><\/div><div class=\"fusion-layout-column fusion_builder_column_inner fusion-builder-nested-column-9 fusion_builder_column_inner_1_2 1_2 fusion-one-half fusion-column-last\" style=\"--awb-bg-size:cover;width:50%;width:calc(50% - ( ( 4% ) * 0.5 ) );\"><div class=\"fusion-column-wrapper fusion-column-has-shadow fusion-flex-column-wrapper-legacy\"><div class=\"fusion-text fusion-text-12\"><h2>B\u00d6L\u00dcM RASYONELLE\u015eME VE STANDARD\u0130ZASYON<\/h2>\n<p>Par\u00e7a \u00e7e\u015fitlili\u011fi analizi sayesinde, maliyet ve karma\u015f\u0131kl\u0131\u011f\u0131 azaltmak i\u00e7in SKU&#039;lar\u0131n\u0131z\u0131 birle\u015ftirmenin ve standartla\u015ft\u0131rman\u0131n yollar\u0131n\u0131 ke\u015ffedece\u011fiz.<\/p>\n<\/div><div class=\"fusion-sep-clear\"><\/div><div class=\"fusion-separator fusion-full-width-sep\" style=\"margin-left: auto;margin-right: auto;margin-top:15px;margin-bottom:15px;width:100%;\"><div class=\"fusion-separator-border sep-single sep-solid\" style=\"--awb-height:20px;--awb-amount:20px;--awb-sep-color:#54565a;border-color:#54565a;border-top-width:1px;\"><\/div><\/div><div class=\"fusion-sep-clear\"><\/div><div class=\"fusion-text fusion-text-13\"><h2>\u00dcR\u00dcN TEHL\u0130KELER\u0130<\/h2>\n<p>\u00dcr\u00fcn\u00fcn\u00fcz\u00fc par\u00e7alar\u0131na ay\u0131raca\u011f\u0131z ve ard\u0131ndan \u00fcr\u00fcn\u00fc tasar\u0131m, maliyet ve kalite iyile\u015ftirmeleri i\u00e7in yeniden tasarlaman\u0131n yollar\u0131n\u0131 bulaca\u011f\u0131z.<\/p>\n<\/div><div class=\"fusion-sep-clear\"><\/div><div class=\"fusion-separator fusion-full-width-sep\" style=\"margin-left: auto;margin-right: auto;margin-top:15px;margin-bottom:15px;width:100%;\"><div class=\"fusion-separator-border sep-single sep-solid\" style=\"--awb-height:20px;--awb-amount:20px;--awb-sep-color:#54565a;border-color:#54565a;border-top-width:1px;\"><\/div><\/div><div class=\"fusion-sep-clear\"><\/div><div class=\"fusion-text fusion-text-14\"><h2>PAR\u00c7A VE ORTAK TASARIM<\/h2>\n<p>Ba\u011flant\u0131 elemanlar\u0131 m\u00fchendislerimiz, yeni veya geli\u015ftirilmi\u015f \u00fcr\u00fcn tasar\u0131m\u0131 i\u00e7in en kaliteli par\u00e7alar\u0131 bulmak i\u00e7in malzemelerden kaplamaya kadar her \u015feyi de\u011ferlendirir.<\/p>\n<\/div><div class=\"fusion-sep-clear\"><\/div><div class=\"fusion-separator fusion-full-width-sep\" style=\"margin-left: auto;margin-right: auto;margin-top:15px;margin-bottom:15px;width:100%;\"><\/div><div class=\"fusion-sep-clear\"><\/div><div class=\"fusion-text fusion-text-15\"><p><a class=\"linkLearnMore\" href=\"\/tr\/value-added-services\/optimize-your-inventory\/engineering-services\/\">&gt; DAHA FAZLA B\u0130LG\u0130 ED\u0130N\u0130N<\/a><\/p>\n<\/div><div class=\"fusion-clearfix\"><\/div><\/div><\/div><\/div><div class=\"fusion-clearfix\"><\/div><\/div><\/div><\/div><\/div><div class=\"fusion-fullwidth fullwidth-box fusion-builder-row-7 nonhundred-percent-fullwidth non-hundred-percent-height-scrolling\" style=\"--awb-border-radius-top-left:0px;--awb-border-radius-top-right:0px;--awb-border-radius-bottom-right:0px;--awb-border-radius-bottom-left:0px;--awb-padding-top:50px;--awb-padding-bottom:50px;--awb-background-color:#73308a;--awb-flex-wrap:wrap;\" ><div class=\"fusion-builder-row fusion-row\"><div class=\"fusion-layout-column fusion_builder_column fusion-builder-column-6 fusion_builder_column_1_1 1_1 fusion-one-full fusion-column-first fusion-column-last\" style=\"--awb-bg-size:cover;\"><div class=\"fusion-column-wrapper fusion-column-has-shadow fusion-flex-column-wrapper-legacy\"><div class=\"fusion-text fusion-text-16\"><h2 style=\"text-align: center; color: #fff; font-size: 50px;\">$1.8M Y\u0131ll\u0131k Maliyet Tasarrufu<\/h2>\n<p style=\"text-align: center; color: #fff;\">\u00c7ok programl\u0131 kullan\u0131m i\u00e7in standartla\u015ft\u0131r\u0131lm\u0131\u015f global par\u00e7a listesi, verimlilik kazan\u00e7lar\u0131 ve maliyet tasarrufu sa\u011flar.<\/p>\n<\/div><div class=\"fusion-sep-clear\"><\/div><div class=\"fusion-separator fusion-full-width-sep\" style=\"margin-left: auto;margin-right: auto;margin-top:10px;margin-bottom:10px;width:100%;\"><\/div><div class=\"fusion-sep-clear\"><\/div><div class=\"fusion-text fusion-text-17\"><p style=\"text-align: center;\"><a class=\"linkSpeakExpert\" href=\"https:\/\/optimas.com\/tr\/resources\/achieving-commercial-strength-through-part-standardization\/\" target=\"_blank\" rel=\"noopener noreferrer\">VAKA \u00c7ALI\u015eMASINI OKUYUN<\/a><\/p>\n<\/div><div class=\"fusion-clearfix\"><\/div><\/div><\/div><\/div><\/div><div class=\"fusion-fullwidth fullwidth-box fusion-builder-row-8 fusion-parallax-none hundred-percent-fullwidth non-hundred-percent-height-scrolling\" style=\"--awb-border-radius-top-left:0px;--awb-border-radius-top-right:0px;--awb-border-radius-bottom-right:0px;--awb-border-radius-bottom-left:0px;--awb-padding-top:25px;--awb-padding-bottom:25px;--awb-background-image:url(&quot;https:\/\/optimas.com\/wp-content\/uploads\/2019\/10\/Customers-Quotes-Background.jpg&quot;);--awb-background-size:cover;--awb-flex-wrap:wrap;\" ><div class=\"fusion-builder-row fusion-row\"><div class=\"fusion-layout-column fusion_builder_column fusion-builder-column-7 fusion_builder_column_1_1 1_1 fusion-one-full fusion-column-first fusion-column-last max1200\" style=\"--awb-bg-size:cover;\"><div class=\"fusion-column-wrapper fusion-column-has-shadow fusion-flex-column-wrapper-legacy\"><div class=\"fusion-builder-row fusion-builder-row-inner fusion-row\"><div class=\"fusion-layout-column fusion_builder_column_inner fusion-builder-nested-column-10 fusion_builder_column_inner_1_1 1_1 fusion-one-full fusion-column-first fusion-column-last hpLastSection\" style=\"--awb-padding-top:30px;--awb-padding-bottom:30px;--awb-bg-size:cover;\"><div class=\"fusion-column-wrapper fusion-column-has-shadow fusion-flex-column-wrapper-legacy\"><div class=\"fusion-text fusion-text-18\"><h2 style=\"text-align: center;\">Optimas par\u00e7a standardizasyon program\u0131 sadece par\u00e7a par\u00e7a maliyetlerimizi azaltmakla kalmad\u0131, ayn\u0131 zamanda yeni \u00fcr\u00fcnleri daha h\u0131zl\u0131 ba\u015flatmam\u0131z\u0131, stok eskimesini azaltmam\u0131z\u0131, \u00fcr\u00fcn kalitesini art\u0131rmam\u0131z\u0131 ve m\u00fc\u015fteri memnuniyetini art\u0131rmam\u0131z\u0131 sa\u011flad\u0131.<\/h2>\n<\/div><div class=\"fusion-text fusion-text-19\"><p style=\"text-align: center;\">- Rainer Schulze, K\u00fcresel Emtia Direkt\u00f6r\u00fc, Metaller ve Mekatronik, Faurecia<\/p>\n<\/div><div class=\"fusion-clearfix\"><\/div><\/div><\/div><\/div><div class=\"fusion-clearfix\"><\/div><\/div><\/div><\/div><\/div><\/p>","protected":false},"excerpt":{"rendered":"","protected":false},"author":1,"featured_media":1655,"parent":7,"menu_order":0,"comment_status":"closed","ping_status":"closed","template":"","meta":{"_acf_changed":false,"content-type":"","footnotes":""},"class_list":["post-33","page","type-page","status-publish","has-post-thumbnail","hentry"],"acf":[],"_links":{"self":[{"href":"https:\/\/optimas.com\/tr\/wp-json\/wp\/v2\/pages\/33","targetHints":{"allow":["GET"]}}],"collection":[{"href":"https:\/\/optimas.com\/tr\/wp-json\/wp\/v2\/pages"}],"about":[{"href":"https:\/\/optimas.com\/tr\/wp-json\/wp\/v2\/types\/page"}],"author":[{"embeddable":true,"href":"https:\/\/optimas.com\/tr\/wp-json\/wp\/v2\/users\/1"}],"replies":[{"embeddable":true,"href":"https:\/\/optimas.com\/tr\/wp-json\/wp\/v2\/comments?post=33"}],"version-history":[{"count":0,"href":"https:\/\/optimas.com\/tr\/wp-json\/wp\/v2\/pages\/33\/revisions"}],"up":[{"embeddable":true,"href":"https:\/\/optimas.com\/tr\/wp-json\/wp\/v2\/pages\/7"}],"wp:featuredmedia":[{"embeddable":true,"href":"https:\/\/optimas.com\/tr\/wp-json\/wp\/v2\/media\/1655"}],"wp:attachment":[{"href":"https:\/\/optimas.com\/tr\/wp-json\/wp\/v2\/media?parent=33"}],"curies":[{"name":"wp","href":"https:\/\/api.w.org\/{rel}","templated":true}]}}