{"id":55,"date":"2019-10-12T04:25:20","date_gmt":"2019-10-12T04:25:20","guid":{"rendered":"https:\/\/optimas.com\/?page_id=55"},"modified":"2024-10-16T08:38:48","modified_gmt":"2024-10-16T13:38:48","slug":"industries","status":"publish","type":"page","link":"https:\/\/optimas.com\/tr\/about-us\/industries\/","title":{"rendered":"Sekt\u00f6rler"},"content":{"rendered":"<p><div class=\"fusion-fullwidth fullwidth-box fusion-builder-row-1 nonhundred-percent-fullwidth non-hundred-percent-height-scrolling\" style=\"--awb-border-radius-top-left:0px;--awb-border-radius-top-right:0px;--awb-border-radius-bottom-right:0px;--awb-border-radius-bottom-left:0px;--awb-background-color:#80bc00;--awb-flex-wrap:wrap;\" ><div class=\"fusion-builder-row fusion-row\"><div class=\"fusion-layout-column fusion_builder_column fusion-builder-column-0 fusion_builder_column_1_1 1_1 fusion-one-full fusion-column-first fusion-column-last max1200\" style=\"--awb-padding-top:35px;--awb-padding-right:10px;--awb-padding-bottom:35px;--awb-padding-left:10px;--awb-bg-size:cover;--awb-margin-bottom:0px;\"><div class=\"fusion-column-wrapper fusion-column-has-shadow fusion-flex-column-wrapper-legacy\"><div class=\"fusion-text fusion-text-1\"><h1 style=\"color: #ffffff; text-align: center;\">Geni\u015f Sekt\u00f6rlere Hizmet Veriyoruz<\/h1>\n<\/div><div class=\"fusion-text fusion-text-2\"><p style=\"text-align: center;\"><span style=\"color: #ffffff; font-size: 25px!important;\">5.000&#039;den fazla m\u00fc\u015fterimizle ba\u015far\u0131l\u0131 bir \u015fekilde ortakl\u0131k kuruyoruz \u00e7\u00fcnk\u00fc bireysel ihtiya\u00e7lar\u0131n\u0131 anl\u0131yor ve kar\u015f\u0131l\u0131yoruz. Sekt\u00f6rdeki en iyi uygulamalara olan ba\u011fl\u0131l\u0131\u011f\u0131m\u0131zla, geni\u015f bir da\u011f\u0131t\u0131m merkezleri a\u011f\u0131, kalite laboratuarlar\u0131, \u00fcretim tesisleri, geni\u015f bir \u00fcr\u00fcn yelpazesi ve g\u00fcvenilir kaliteli tedarik\u00e7iler ile m\u00fc\u015fterilerimizin operasyonlar\u0131n\u0131 geli\u015ftiriyoruz.<\/span><\/p>\n<\/div><div class=\"fusion-clearfix\"><\/div><\/div><\/div><\/div><\/div><div class=\"fusion-fullwidth fullwidth-box fusion-builder-row-2 nonhundred-percent-fullwidth non-hundred-percent-height-scrolling\" style=\"--awb-border-radius-top-left:0px;--awb-border-radius-top-right:0px;--awb-border-radius-bottom-right:0px;--awb-border-radius-bottom-left:0px;--awb-padding-top:60px;--awb-flex-wrap:wrap;\" ><div class=\"fusion-builder-row fusion-row\"><div class=\"fusion-layout-column fusion_builder_column fusion-builder-column-1 fusion_builder_column_1_1 1_1 fusion-one-full fusion-column-first fusion-column-last max1200\" style=\"--awb-bg-size:cover;\"><div class=\"fusion-column-wrapper fusion-column-has-shadow fusion-flex-column-wrapper-legacy\"><div class=\"industry-cols\">\n\t<div class=\"colIndustry\">\n\t\t<center><img decoding=\"async\" src=\"\/wp-content\/uploads\/2019\/12\/01-1.jpg\"><h4>TARIM,<br\/>\u00c7\u0130M VE BAH\u00c7E<\/h4><\/center>\n\t<\/div>\n\t<div class=\"colIndustry\">\n\t\t<center><img decoding=\"async\" src=\"\/wp-content\/uploads\/2019\/12\/02-1.jpg\"><h4>C\u0130HAZLAR VE EK\u0130PMANLAR<\/h4><\/center>\n\t<\/div>\n\t<div class=\"colIndustry\">\n\t\t<center><img decoding=\"async\" src=\"\/wp-content\/uploads\/2019\/12\/03.jpg\"><h4>OTOMOT\u0130V<\/h4><\/center>\n\t<\/div>\n\t<div class=\"colIndustry\">\n\t\t<center><img decoding=\"async\" src=\"\/wp-content\/uploads\/2019\/12\/04.jpg\"><h4>\u0130N\u015eAAT VE MADENC\u0130L\u0130K<\/h4><\/center>\n\t<\/div>\n\t<div class=\"colIndustry\">\n\t\t<center><img decoding=\"async\" src=\"\/wp-content\/uploads\/2019\/12\/05.jpg\"><h4>ELEKTR\u0130KL\u0130 ARA\u00c7LAR VE ALTYAPI<\/h4><\/center>\n\t<\/div>\n\n\t<div class=\"colIndustry\">\n\t\t<center><img decoding=\"async\" src=\"\/wp-content\/uploads\/2019\/12\/07.jpg\"><h4>SA\u011eLIK H\u0130ZMET\u0130<\/h4><\/center>\n\t<\/div>\n\t<div class=\"colIndustry\">\n\t\t<center><img decoding=\"async\" src=\"\/wp-content\/uploads\/2019\/12\/08.jpg\"><h4>ISITMA &amp;<br\/>SO\u011eUTMA<\/h4><\/center>\n\t<\/div>\n\t<div class=\"colIndustry\">\n\t\t<center><img decoding=\"async\" src=\"\/wp-content\/uploads\/2019\/12\/09.jpg\"><h4>A\u011eIR <br\/>KAMYON &amp; OTOB\u00dcS<\/h4><\/center>\n\t<\/div>\n\t<div class=\"colIndustry\">\n\t\t<center><img decoding=\"async\" src=\"\/wp-content\/uploads\/2019\/12\/10.jpg\"><h4>END\u00dcSTR\u0130YEL MAK\u0130NELER<\/h4><\/center>\n\t<\/div>\n\t<div class=\"colIndustry\">\n\t\t<center><img decoding=\"async\" src=\"\/wp-content\/uploads\/2024\/02\/Lighting.jpg\"><h4>AYDINLATMA<\/h4><\/center>\n\t<\/div>\n\n\t<div class=\"colIndustry\">\n\t\t<center><img decoding=\"async\" src=\"\/wp-content\/uploads\/2019\/12\/11.jpg\"><h4>MALZEME TA\u015eIMA<\/h4><\/center>\n\t<\/div>\n\t\t<div class=\"colIndustry\">\n\t\t<center><img decoding=\"async\" src=\"\/wp-content\/uploads\/2024\/02\/Medical.jpg\"><h4>TIBB\u0130<\/h4><\/center>\n\t<\/div>\n\t<div class=\"colIndustry\">\n\t\t<center><img decoding=\"async\" src=\"\/wp-content\/uploads\/2019\/12\/12.jpg\"><h4>G\u00dc\u00c7<\/h4><\/center>\n\t<\/div>\n\t<div class=\"colIndustry\">\n\t\t<center><img decoding=\"async\" src=\"\/wp-content\/uploads\/2019\/12\/13.jpg\"><h4>YEN\u0130LENEB\u0130L\u0130R <br\/>ENERJ\u0130<\/h4><\/center>\n\t<\/div>\n\t<div class=\"colIndustry\">\n\t\t<center><img decoding=\"async\" src=\"\/wp-content\/uploads\/2019\/12\/14.jpg\"><h4>TEKNOLOJ\u0130 VE ELEKTRON\u0130K<\/h4><\/center>\n\t<\/div>\n\t<div class=\"colIndustry\">\n\t\t<center><img decoding=\"async\" src=\"\/wp-content\/uploads\/2019\/12\/15.jpg\"><h4>ULA\u015eIM VE RAY<\/h4><\/center>\n\t<\/div>\n\t<div class=\"colIndustry\">\n\t\t<center><img decoding=\"async\" src=\"\/wp-content\/uploads\/2024\/02\/trailer-icon-e1687175496622.jpg\"><h4>KAMYON &amp;<br\/> R\u00d6MORK<\/h4><\/center>\n\t<\/div>\n\t<div class=\"colIndustry\">\n\t\t<center><img decoding=\"async\" src=\"\/wp-content\/uploads\/2019\/12\/16.jpg\"><h4>T\u00dcNELLER<\/h4><\/center>\n\t<\/div>\n<\/div><div class=\"fusion-clearfix\"><\/div><\/div><\/div><\/div><\/div><div class=\"fusion-fullwidth fullwidth-box fusion-builder-row-3 nonhundred-percent-fullwidth non-hundred-percent-height-scrolling\" style=\"--awb-border-radius-top-left:0px;--awb-border-radius-top-right:0px;--awb-border-radius-bottom-right:0px;--awb-border-radius-bottom-left:0px;--awb-flex-wrap:wrap;\" ><div class=\"fusion-builder-row fusion-row\"><div class=\"fusion-layout-column fusion_builder_column fusion-builder-column-2 fusion_builder_column_1_1 1_1 fusion-one-full fusion-column-first fusion-column-last max1200\" style=\"--awb-padding-bottom:40px;--awb-bg-size:cover;\"><div class=\"fusion-column-wrapper fusion-column-has-shadow fusion-flex-column-wrapper-legacy\"><div class=\"fusion-text fusion-text-3\"><p style=\"font-size: 16px!important;\">BU H\u0130ZMET VERD\u0130\u011e\u0130M\u0130Z END\u00dcSTR\u0130LER\u0130N B\u0130R RES\u0130M\u0130<\/p>\n<\/div><div class=\"fusion-sep-clear\"><\/div><div class=\"fusion-separator fusion-full-width-sep\" style=\"margin-left: auto;margin-right: auto;margin-top:50px;width:100%;\"><\/div><div class=\"fusion-sep-clear\"><\/div><div class=\"fusion-text fusion-text-4\"><p style=\"text-align: center;\"><a class=\"linkOrangeButton\" href=\"\/tr\/resources\/\">VAKA \u00c7ALI\u015eMALARIMIZA BAKIN<\/a><\/p>\n<\/div><div class=\"fusion-clearfix\"><\/div><\/div><\/div><\/div><\/div><div class=\"fusion-fullwidth fullwidth-box fusion-builder-row-4 nonhundred-percent-fullwidth non-hundred-percent-height-scrolling getStarted\" style=\"--awb-border-radius-top-left:0px;--awb-border-radius-top-right:0px;--awb-border-radius-bottom-right:0px;--awb-border-radius-bottom-left:0px;--awb-padding-top:70px;--awb-padding-bottom:70px;--awb-background-color:#54565a;--awb-flex-wrap:wrap;\" ><div class=\"fusion-builder-row fusion-row\"><div class=\"fusion-layout-column fusion_builder_column fusion-builder-column-3 fusion_builder_column_1_1 1_1 fusion-one-full fusion-column-first fusion-column-last max1200\" style=\"--awb-bg-size:cover;\"><div class=\"fusion-column-wrapper fusion-column-has-shadow fusion-flex-column-wrapper-legacy\"><div class=\"fusion-builder-row fusion-builder-row-inner fusion-row\"><div class=\"fusion-layout-column fusion_builder_column_inner fusion-builder-nested-column-0 fusion_builder_column_inner_3_5 3_5 fusion-three-fifth fusion-column-first\" style=\"--awb-bg-size:cover;--awb-margin-bottom:0px;width:60%;width:calc(60% - ( ( 4% ) * 0.6 ) );margin-right: 4%;\"><div class=\"fusion-column-wrapper fusion-column-has-shadow fusion-flex-column-wrapper-legacy\"><div class=\"fusion-text fusion-text-5\" style=\"--awb-font-size:36px;--awb-text-font-family:&quot;WhitneyBold&quot;;--awb-text-font-style:normal;--awb-text-font-weight:400;\"><p style=\"color: #fff;\">Sekt\u00f6r\u00fcn\u00fcze Hizmet Etmenize Nas\u0131l Yard\u0131mc\u0131 Olabiliriz<\/p>\n<\/div><div class=\"fusion-clearfix\"><\/div><\/div><\/div><div class=\"fusion-layout-column fusion_builder_column_inner fusion-builder-nested-column-1 fusion_builder_column_inner_2_5 2_5 fusion-two-fifth fusion-column-last\" style=\"--awb-bg-size:cover;--awb-margin-bottom:0px;width:40%;width:calc(40% - ( ( 4% ) * 0.4 ) );\"><div class=\"fusion-column-wrapper fusion-column-has-shadow fusion-flex-column-wrapper-legacy\"><div class=\"fusion-text fusion-text-6\"><p><a class=\"linkSpeakExpert\" href=\"https:\/\/optimas.com\/tr\/contact\/\">Uzman\u0131m\u0131zla G\u00f6r\u00fc\u015f\u00fcn<\/a><\/p>\n<\/div><div class=\"fusion-clearfix\"><\/div><\/div><\/div><\/div><div class=\"fusion-clearfix\"><\/div><\/div><\/div><\/div><\/div><\/p>","protected":false},"excerpt":{"rendered":"","protected":false},"author":1,"featured_media":2560,"parent":11,"menu_order":0,"comment_status":"closed","ping_status":"closed","template":"","meta":{"_acf_changed":false,"content-type":"","footnotes":""},"class_list":["post-55","page","type-page","status-publish","has-post-thumbnail","hentry"],"acf":[],"_links":{"self":[{"href":"https:\/\/optimas.com\/tr\/wp-json\/wp\/v2\/pages\/55","targetHints":{"allow":["GET"]}}],"collection":[{"href":"https:\/\/optimas.com\/tr\/wp-json\/wp\/v2\/pages"}],"about":[{"href":"https:\/\/optimas.com\/tr\/wp-json\/wp\/v2\/types\/page"}],"author":[{"embeddable":true,"href":"https:\/\/optimas.com\/tr\/wp-json\/wp\/v2\/users\/1"}],"replies":[{"embeddable":true,"href":"https:\/\/optimas.com\/tr\/wp-json\/wp\/v2\/comments?post=55"}],"version-history":[{"count":0,"href":"https:\/\/optimas.com\/tr\/wp-json\/wp\/v2\/pages\/55\/revisions"}],"up":[{"embeddable":true,"href":"https:\/\/optimas.com\/tr\/wp-json\/wp\/v2\/pages\/11"}],"wp:featuredmedia":[{"embeddable":true,"href":"https:\/\/optimas.com\/tr\/wp-json\/wp\/v2\/media\/2560"}],"wp:attachment":[{"href":"https:\/\/optimas.com\/tr\/wp-json\/wp\/v2\/media?parent=55"}],"curies":[{"name":"wp","href":"https:\/\/api.w.org\/{rel}","templated":true}]}}