{"id":583,"date":"2019-10-22T13:55:05","date_gmt":"2019-10-22T13:55:05","guid":{"rendered":"https:\/\/optimas.com\/?page_id=583"},"modified":"2023-04-24T09:08:36","modified_gmt":"2023-04-24T14:08:36","slug":"engineering-services","status":"publish","type":"page","link":"https:\/\/optimas.com\/tr\/services\/inventory-management-2\/engineering-services\/","title":{"rendered":"M\u00fchendislik Hizmetleri"},"content":{"rendered":"<p><div class=\"fusion-fullwidth fullwidth-box fusion-builder-row-1 nonhundred-percent-fullwidth non-hundred-percent-height-scrolling firstSection centerMobile\" style=\"--awb-border-radius-top-left:0px;--awb-border-radius-top-right:0px;--awb-border-radius-bottom-right:0px;--awb-border-radius-bottom-left:0px;--awb-flex-wrap:wrap;\" ><div class=\"fusion-builder-row fusion-row\"><div class=\"fusion-layout-column fusion_builder_column fusion-builder-column-0 fusion_builder_column_1_1 1_1 fusion-one-full fusion-column-first fusion-column-last max1200\" style=\"--awb-bg-size:cover;\"><div class=\"fusion-column-wrapper fusion-column-has-shadow fusion-flex-column-wrapper-legacy\"><div class=\"fusion-builder-row fusion-builder-row-inner fusion-row\"><div class=\"fusion-layout-column fusion_builder_column_inner fusion-builder-nested-column-0 fusion_builder_column_inner_2_5 2_5 fusion-two-fifth fusion-column-first\" style=\"--awb-bg-size:cover;width:40%;width:calc(40% - ( ( 4% ) * 0.4 ) );margin-right: 4%;\"><div class=\"fusion-column-wrapper fusion-column-has-shadow fusion-flex-column-wrapper-legacy\"><div class=\"fusion-image-element fusion-image-align-center in-legacy-container\" style=\"text-align:center;--awb-caption-title-font-family:var(--h2_typography-font-family);--awb-caption-title-font-weight:var(--h2_typography-font-weight);--awb-caption-title-font-style:var(--h2_typography-font-style);--awb-caption-title-size:var(--h2_typography-font-size);--awb-caption-title-transform:var(--h2_typography-text-transform);--awb-caption-title-line-height:var(--h2_typography-line-height);--awb-caption-title-letter-spacing:var(--h2_typography-letter-spacing);\"><div class=\"imageframe-align-center\"><span class=\"fusion-imageframe imageframe-none imageframe-1 hover-type-none\"><img decoding=\"async\" width=\"573\" height=\"436\" alt=\"M\u00fchendislik Hizmetleri\" src=\"https:\/\/optimas.com\/wp-content\/uploads\/2019\/10\/engineering.jpg\" class=\"img-responsive wp-image-593\" srcset=\"https:\/\/optimas.com\/wp-content\/uploads\/2019\/10\/engineering-200x152.jpg 200w, https:\/\/optimas.com\/wp-content\/uploads\/2019\/10\/engineering-400x304.jpg 400w, https:\/\/optimas.com\/wp-content\/uploads\/2019\/10\/engineering.jpg 573w\" sizes=\"(max-width: 800px) 100vw, 573px\" \/><\/span><\/div><\/div><div class=\"fusion-clearfix\"><\/div><\/div><\/div><div class=\"fusion-layout-column fusion_builder_column_inner fusion-builder-nested-column-1 fusion_builder_column_inner_3_5 3_5 fusion-three-fifth fusion-column-last\" style=\"--awb-bg-size:cover;width:60%;width:calc(60% - ( ( 4% ) * 0.6 ) );\"><div class=\"fusion-column-wrapper fusion-column-has-shadow fusion-flex-column-wrapper-legacy\"><div class=\"fusion-text fusion-text-1\"><h1 style=\"color: #54565a!important;\">M\u00dcHEND\u0130SL\u0130K H\u0130ZMETLER\u0130<\/h1>\n<p>Uzman uygulama ve kalite m\u00fchendislerimiz proaktif olarak paradan tasarruf etmenin, \u00fcr\u00fcn performans\u0131n\u0131 iyile\u015ftirmenin ve riskleri azaltman\u0131n yollar\u0131n\u0131 bulur. Makine m\u00fchendisli\u011fi hizmetlerimiz hakk\u0131nda daha fazla bilgi edinmek i\u00e7in okumaya devam edin veya bug\u00fcn uzmanlar\u0131m\u0131zdan biriyle ileti\u015fime ge\u00e7in.<\/p>\n<\/div><div class=\"fusion-sep-clear\"><\/div><div class=\"fusion-separator fusion-full-width-sep\" style=\"margin-left: auto;margin-right: auto;margin-top:40px;width:100%;\"><\/div><div class=\"fusion-sep-clear\"><\/div><div class=\"fusion-text fusion-text-2\"><p><a class=\"linkOrangeButton\" href=\"https:\/\/optimas.com\/tr\/contact\/\">Uzman\u0131m\u0131zla G\u00f6r\u00fc\u015f\u00fcn<\/a><\/p>\n<\/div><div class=\"fusion-clearfix\"><\/div><\/div><\/div><\/div><div class=\"fusion-clearfix\"><\/div><\/div><\/div><\/div><\/div><div class=\"fusion-fullwidth fullwidth-box fusion-builder-row-2 nonhundred-percent-fullwidth non-hundred-percent-height-scrolling\" style=\"--awb-border-radius-top-left:0px;--awb-border-radius-top-right:0px;--awb-border-radius-bottom-right:0px;--awb-border-radius-bottom-left:0px;--awb-background-color:#ee7623;--awb-flex-wrap:wrap;\" ><div class=\"fusion-builder-row fusion-row\"><div class=\"fusion-layout-column fusion_builder_column fusion-builder-column-1 fusion_builder_column_1_1 1_1 fusion-one-full fusion-column-first fusion-column-last max1200\" style=\"--awb-padding-top:40px;--awb-padding-right:10px;--awb-padding-bottom:40px;--awb-padding-left:10px;--awb-bg-size:cover;--awb-margin-bottom:0px;\"><div class=\"fusion-column-wrapper fusion-column-has-shadow fusion-flex-column-wrapper-legacy\"><div class=\"fusion-text fusion-text-3\"><h2 style=\"color: #ffffff; text-align: center;\">Global M\u00fchendislik Uzmanl\u0131\u011f\u0131<\/h2>\n<\/div><div class=\"fusion-text fusion-text-4\"><p style=\"text-align: center; color: #ffffff;\">Optimas&#039;\u0131n d\u00fcnyan\u0131n her yerindeki kendini i\u015fine adam\u0131\u015f tasar\u0131mc\u0131 ve m\u00fchendis ekibi, m\u00fchendislik departman\u0131n\u0131zla birlikte proje baz\u0131nda veya yerinde \u00e7al\u0131\u015fabilir. Bu yak\u0131n ili\u015fki, kalite ve verimlili\u011fin en \u00f6nemli oldu\u011fu \u00fcr\u00fcn geli\u015ftirmeden montaj hatt\u0131na kadar aktif bir rol oynamam\u0131za izin veriyor. Makine m\u00fchendisli\u011fi hizmetlerimiz arac\u0131l\u0131\u011f\u0131yla kaliteyi korurken veya geli\u015ftirirken maliyet tasarrufu sa\u011flamaya odaklan\u0131yoruz. Y\u0131llar\u0131n etkili envanter y\u00f6netimi uzmanl\u0131\u011f\u0131yla donanm\u0131\u015f olarak, par\u00e7alar\u0131n y\u00f6netimini devralaca\u011f\u0131z - par\u00e7alar Optimas&#039;tan tedarik edilmi\u015f, m\u00fc\u015fteri taraf\u0131ndan y\u00f6nlendirilmi\u015f veya m\u00fc\u015fteriye ait olsun.<\/p>\n<\/div><div class=\"fusion-clearfix\"><\/div><\/div><\/div><\/div><\/div><div class=\"fusion-fullwidth fullwidth-box fusion-builder-row-3 nonhundred-percent-fullwidth non-hundred-percent-height-scrolling\" style=\"--awb-border-radius-top-left:0px;--awb-border-radius-top-right:0px;--awb-border-radius-bottom-right:0px;--awb-border-radius-bottom-left:0px;--awb-padding-top:40px;--awb-padding-bottom:40px;--awb-flex-wrap:wrap;\" ><div class=\"fusion-builder-row fusion-row\"><div class=\"fusion-layout-column fusion_builder_column fusion-builder-column-2 fusion_builder_column_1_1 1_1 fusion-one-full fusion-column-first fusion-column-last max1200\" style=\"--awb-bg-size:cover;\"><div class=\"fusion-column-wrapper fusion-column-has-shadow fusion-flex-column-wrapper-legacy\"><div class=\"fusion-builder-row fusion-builder-row-inner fusion-row\"><div class=\"fusion-layout-column fusion_builder_column_inner fusion-builder-nested-column-2 fusion_builder_column_inner_2_3 2_3 fusion-two-third fusion-column-first\" style=\"--awb-bg-size:cover;width:66.6666666667%;width:calc(66.6666666667% - ( ( 4% ) * 0.666666666667 ) );margin-right: 4%;\"><div class=\"fusion-column-wrapper fusion-column-has-shadow fusion-flex-column-wrapper-legacy\"><div class=\"fusion-text fusion-text-5\"><h2>Tasar\u0131m Deste\u011fi<\/h2>\n<\/div><div class=\"fusion-text fusion-text-6\"><ul>\u0130ster yeni bir \u00fcr\u00fcn tasarl\u0131yor, ister mevcut bir \u00fcr\u00fcn\u00fc geli\u015ftiriyor olun, ba\u011flant\u0131 eleman\u0131 m\u00fchendisli\u011fi ve so\u011fuk d\u00f6vme uzmanlar\u0131m\u0131z kaliteden \u00f6d\u00fcn vermeden maliyet tasarrufu sa\u011flayan do\u011fru \u00e7\u00f6z\u00fcm\u00fc bulacakt\u0131r. Makine m\u00fchendisli\u011fi tasar\u0131m hizmetlerimiz \u015funlar\u0131 i\u00e7erir:<\/p>\n<li>\u00dcr\u00fcn geli\u015ftirme, analiz ve performans testleri (\u00f6rn. Tork \/ gerilim)<\/li>\n<li>3D bask\u0131 ile h\u0131zl\u0131 tasar\u0131m prototipleme ve \u00f6rnekleme<\/li>\n<li>Mevcut ba\u011flant\u0131 elemanlar\u0131n\u0131n yeniden yap\u0131land\u0131r\u0131lmas\u0131<\/li>\n<li>De\u011fer analizi ve de\u011fer m\u00fchendisli\u011fi<\/li>\n<li>Uygulama ba\u015f\u0131na do\u011fru uyumu bulma<\/li>\n<\/ul>\n<\/div><div class=\"fusion-sep-clear\"><\/div><div class=\"fusion-separator fusion-full-width-sep\" style=\"margin-left: auto;margin-right: auto;margin-top:10px;margin-bottom:10px;width:100%;\"><\/div><div class=\"fusion-sep-clear\"><\/div><div class=\"fusion-text fusion-text-7\"><p><a class=\"linkLearnMore\" href=\"https:\/\/optimas.com\/tr\/resources\/redesigned-part-saves-120000-and-improves-lead-times\/\" target=\"_blank\" rel=\"noopener noreferrer\">VAKA \u00c7ALI\u015eMASI: Yeniden Tasarlanan Par\u00e7a ile $120K kaydedildi<\/a><\/p>\n<\/div><div class=\"fusion-sep-clear\"><\/div><div class=\"fusion-separator fusion-full-width-sep\" style=\"margin-left: auto;margin-right: auto;margin-top:40px;margin-bottom:40px;width:100%;\"><div class=\"fusion-separator-border sep-single sep-solid\" style=\"--awb-height:20px;--awb-amount:20px;--awb-sep-color:#54565a;border-color:#54565a;border-top-width:1px;\"><\/div><\/div><div class=\"fusion-sep-clear\"><\/div><div class=\"fusion-clearfix\"><\/div><\/div><\/div><div class=\"fusion-layout-column fusion_builder_column_inner fusion-builder-nested-column-3 fusion_builder_column_inner_1_3 1_3 fusion-one-third fusion-column-last centerMobile\" style=\"--awb-bg-size:cover;width:33.3333333333%;width:calc(33.3333333333% - ( ( 4% ) * 0.333333333333 ) );\"><div class=\"fusion-column-wrapper fusion-column-has-shadow fusion-flex-column-wrapper-legacy\"><div class=\"fusion-image-element in-legacy-container\" style=\"--awb-caption-title-font-family:var(--h2_typography-font-family);--awb-caption-title-font-weight:var(--h2_typography-font-weight);--awb-caption-title-font-style:var(--h2_typography-font-style);--awb-caption-title-size:var(--h2_typography-font-size);--awb-caption-title-transform:var(--h2_typography-text-transform);--awb-caption-title-line-height:var(--h2_typography-line-height);--awb-caption-title-letter-spacing:var(--h2_typography-letter-spacing);\"><span class=\"fusion-imageframe imageframe-none imageframe-2 hover-type-none\"><img decoding=\"async\" width=\"161\" height=\"149\" alt=\"Turuncu kask\u0131 ve diz\u00fcst\u00fc bilgisayar\u0131 olan mavi adam\" src=\"https:\/\/optimas.com\/wp-content\/uploads\/2019\/11\/ico1.jpg\" class=\"img-responsive wp-image-1558\"\/><\/span><\/div><div class=\"fusion-text fusion-text-8\"><h3 style=\"font-size: 25px!important;\">Optimas m\u00fchendisleri, ba\u011flant\u0131 eleman\u0131 tasar\u0131m\u0131 konusunda uzmanla\u015fm\u0131\u015f ortalama 20 y\u0131ll\u0131k bir deneyime sahiptir<\/h3>\n<\/div><div class=\"fusion-clearfix\"><\/div><\/div><\/div><div class=\"fusion-layout-column fusion_builder_column_inner fusion-builder-nested-column-4 fusion_builder_column_inner_2_3 2_3 fusion-two-third fusion-column-first\" style=\"--awb-bg-size:cover;width:66.6666666667%;width:calc(66.6666666667% - ( ( 4% ) * 0.666666666667 ) );margin-right: 4%;\"><div class=\"fusion-column-wrapper fusion-column-has-shadow fusion-flex-column-wrapper-legacy\"><div class=\"fusion-text fusion-text-9\"><h2>Envanter Optimizasyonu<\/h2>\n<\/div><div class=\"fusion-text fusion-text-10\"><p>Bu uzman makine m\u00fchendisli\u011fi tasar\u0131m hizmetleriyle malzeme listenizi kolayla\u015ft\u0131r\u0131n ve pazara sunma h\u0131z\u0131n\u0131z\u0131 art\u0131r\u0131n:<\/p>\n<p><strong style=\"color: #00a0df; margin: 20px 0 10px 0; width: 100%; float: left;\">B\u00d6L\u00dcM RASYONELLE\u015eME VE STANDARD\u0130ZASYON<\/strong><br \/>\nPar\u00e7a \u00e7e\u015fitlili\u011fi analizi sayesinde, maliyet ve karma\u015f\u0131kl\u0131\u011f\u0131 azaltmak i\u00e7in SKU&#039;lar\u0131n\u0131z\u0131 birle\u015ftirmenin ve standartla\u015ft\u0131rman\u0131n yollar\u0131n\u0131 ke\u015ffedece\u011fiz.<\/p>\n<p><strong style=\"color: #00a0df; margin: 20px 0 10px 0; width: 100%; float: left;\">\u00dcR\u00dcN TEHL\u0130KELER\u0130<\/strong><br \/>\n\u00dcr\u00fcn\u00fcn\u00fcz\u00fc par\u00e7alar\u0131na ay\u0131raca\u011f\u0131z ve ard\u0131ndan \u00fcr\u00fcn\u00fc tasar\u0131m, maliyet ve kalite iyile\u015ftirmeleri i\u00e7in yeniden tasarlaman\u0131n yollar\u0131n\u0131 bulaca\u011f\u0131z.<\/p>\n<\/div><div class=\"fusion-sep-clear\"><\/div><div class=\"fusion-separator fusion-full-width-sep\" style=\"margin-left: auto;margin-right: auto;margin-top:10px;margin-bottom:10px;width:100%;\"><\/div><div class=\"fusion-sep-clear\"><\/div><div class=\"fusion-text fusion-text-11\"><p><a class=\"linkLearnMore\" href=\"https:\/\/optimas.com\/tr\/resources\/achieving-commercial-strength-through-part-standardization\/\" target=\"_blank\" rel=\"noopener noreferrer\">\u00d6RNEK OLAY \u00c7ALI\u015eMASI: 79% Par\u00e7a Azaltma Ba\u015far\u0131ld\u0131<\/a><\/p>\n<\/div><div class=\"fusion-sep-clear\"><\/div><div class=\"fusion-separator fusion-full-width-sep\" style=\"margin-left: auto;margin-right: auto;margin-top:40px;margin-bottom:40px;width:100%;\"><div class=\"fusion-separator-border sep-single sep-solid\" style=\"--awb-height:20px;--awb-amount:20px;--awb-sep-color:#54565a;border-color:#54565a;border-top-width:1px;\"><\/div><\/div><div class=\"fusion-sep-clear\"><\/div><div class=\"fusion-clearfix\"><\/div><\/div><\/div><div class=\"fusion-layout-column fusion_builder_column_inner fusion-builder-nested-column-5 fusion_builder_column_inner_1_3 1_3 fusion-one-third fusion-column-last centerMobile\" style=\"--awb-bg-size:cover;width:33.3333333333%;width:calc(33.3333333333% - ( ( 4% ) * 0.333333333333 ) );\"><div class=\"fusion-column-wrapper fusion-column-has-shadow fusion-flex-column-wrapper-legacy\"><div class=\"fusion-image-element in-legacy-container\" style=\"--awb-caption-title-font-family:var(--h2_typography-font-family);--awb-caption-title-font-weight:var(--h2_typography-font-weight);--awb-caption-title-font-style:var(--h2_typography-font-style);--awb-caption-title-size:var(--h2_typography-font-size);--awb-caption-title-transform:var(--h2_typography-text-transform);--awb-caption-title-line-height:var(--h2_typography-line-height);--awb-caption-title-letter-spacing:var(--h2_typography-letter-spacing);\"><span class=\"fusion-imageframe imageframe-none imageframe-3 hover-type-none\"><img decoding=\"async\" width=\"161\" height=\"149\" alt=\"Blue dollar sign with orange arrows going around it in a circle\" src=\"https:\/\/optimas.com\/wp-content\/uploads\/2019\/11\/dollar.jpg\" class=\"img-responsive wp-image-1611\"\/><\/span><\/div><div class=\"fusion-text fusion-text-12\"><h3 style=\"font-size: 25px!important;\">Nihai \u00fcr\u00fcn\u00fcn m\u00fchendislik kalitesinden asla \u00f6d\u00fcn vermeden maliyet tasarrufu sa\u011flay\u0131n<\/h3>\n<\/div><div class=\"fusion-clearfix\"><\/div><\/div><\/div><div class=\"fusion-layout-column fusion_builder_column_inner fusion-builder-nested-column-6 fusion_builder_column_inner_2_3 2_3 fusion-two-third fusion-column-first\" style=\"--awb-bg-size:cover;width:66.6666666667%;width:calc(66.6666666667% - ( ( 4% ) * 0.666666666667 ) );margin-right: 4%;\"><div class=\"fusion-column-wrapper fusion-column-has-shadow fusion-flex-column-wrapper-legacy\"><div class=\"fusion-text fusion-text-13\"><h2>Operasyonel verimlilik<\/h2>\n<\/div><div class=\"fusion-text fusion-text-14\"><p>Bir distrib\u00fct\u00f6r ve \u00fcretici olarak, sizin yerinizde olduk ve hangi end\u00fcstriyel \u00fcretim \u00e7\u00f6z\u00fcmlerinin verimlili\u011finizi art\u0131raca\u011f\u0131n\u0131 h\u0131zl\u0131 bir \u015fekilde anlayabiliyoruz. \u00dcretim s\u00fcreci y\u00f6netimi uzmanlar\u0131m\u0131z, a\u015fa\u011f\u0131dakiler gibi artan \u00fcretkenlik ve i\u015f g\u00fcc\u00fc tasarrufu i\u00e7in operasyonlar\u0131n\u0131z\u0131 de\u011ferlendirmek \u00fczere sizinle birlikte &quot;do\u011fru \u00e7izgide y\u00fcr\u00fcyecek&quot;:<\/p>\n<ul>\n<li>Ergonomik par\u00e7alar, tak\u0131mlar ve montajlar<\/li>\n<li>Kitleme ve alt montaj<\/li>\n<li>Yal\u0131n 5S Programlar\u0131<\/li>\n<\/ul>\n<\/div><div class=\"fusion-sep-clear\"><\/div><div class=\"fusion-separator fusion-full-width-sep\" style=\"margin-left: auto;margin-right: auto;margin-top:10px;margin-bottom:10px;width:100%;\"><\/div><div class=\"fusion-sep-clear\"><\/div><div class=\"fusion-text fusion-text-15\"><p><a class=\"linkLearnMore\" href=\"https:\/\/optimas.com\/tr\/resources\/part-consolidation-between-brands-delivers-long-term-economic-impact\/\" target=\"_blank\" rel=\"noopener noreferrer\">VAKA \u00c7ALI\u015eMASI: \u00d6m\u00fcr Boyu Maliyetlerde $5.9M Tasarruf<\/a><\/p>\n<\/div><div class=\"fusion-sep-clear\"><\/div><div class=\"fusion-separator fusion-full-width-sep\" style=\"margin-left: auto;margin-right: auto;margin-top:40px;margin-bottom:40px;width:100%;\"><div class=\"fusion-separator-border sep-single sep-solid\" style=\"--awb-height:20px;--awb-amount:20px;--awb-sep-color:#54565a;border-color:#54565a;border-top-width:1px;\"><\/div><\/div><div class=\"fusion-sep-clear\"><\/div><div class=\"fusion-clearfix\"><\/div><\/div><\/div><div class=\"fusion-layout-column fusion_builder_column_inner fusion-builder-nested-column-7 fusion_builder_column_inner_1_3 1_3 fusion-one-third fusion-column-last centerMobile\" style=\"--awb-bg-size:cover;width:33.3333333333%;width:calc(33.3333333333% - ( ( 4% ) * 0.333333333333 ) );\"><div class=\"fusion-column-wrapper fusion-column-has-shadow fusion-flex-column-wrapper-legacy\"><div class=\"fusion-image-element in-legacy-container\" style=\"--awb-caption-title-font-family:var(--h2_typography-font-family);--awb-caption-title-font-weight:var(--h2_typography-font-weight);--awb-caption-title-font-style:var(--h2_typography-font-style);--awb-caption-title-size:var(--h2_typography-font-size);--awb-caption-title-transform:var(--h2_typography-text-transform);--awb-caption-title-line-height:var(--h2_typography-line-height);--awb-caption-title-letter-spacing:var(--h2_typography-letter-spacing);\"><span class=\"fusion-imageframe imageframe-none imageframe-4 hover-type-none\"><img decoding=\"async\" width=\"161\" height=\"149\" alt=\"Orange bolt and blue factory\" src=\"https:\/\/optimas.com\/wp-content\/uploads\/2019\/11\/factory.jpg\" class=\"img-responsive wp-image-1612\"\/><\/span><\/div><div class=\"fusion-text fusion-text-16\"><h3 style=\"font-size: 25px!important;\">100 y\u0131l\u0131 a\u015fk\u0131n s\u00fcredir pazar lideri ba\u011flant\u0131 eleman\u0131 ve \u00fcretim uzmanl\u0131\u011f\u0131<\/h3>\n<\/div><div class=\"fusion-clearfix\"><\/div><\/div><\/div><div class=\"fusion-layout-column fusion_builder_column_inner fusion-builder-nested-column-8 fusion_builder_column_inner_2_3 2_3 fusion-two-third fusion-column-first\" style=\"--awb-bg-size:cover;width:66.6666666667%;width:calc(66.6666666667% - ( ( 4% ) * 0.666666666667 ) );margin-right: 4%;\"><div class=\"fusion-column-wrapper fusion-column-has-shadow fusion-flex-column-wrapper-legacy\"><div class=\"fusion-text fusion-text-17\"><h2>Kalite Planlama ve Test<\/h2>\n<\/div><div class=\"fusion-text fusion-text-18\"><p>\u00d6zel kalite m\u00fchendis ekibimiz, geli\u015fmi\u015f \u00fcr\u00fcn b\u00fct\u00fcnl\u00fc\u011f\u00fc, artan verimlilik ve daha iyi genel performans i\u00e7in \u00e7ok \u00e7e\u015fitli m\u00fc\u015fteri, end\u00fcstri ve mevzuata \u00f6zg\u00fc gereksinimleri ele alman\u0131za yard\u0131mc\u0131 olabilir. Hizmetler:<\/p>\n<ul>\n<li>Muayene, \u00f6l\u00e7\u00fcm ve tam malzeme testi<\/li>\n<li>D\u00fczeltici eylemlerle Geli\u015fmi\u015f \u00dcr\u00fcn Kalite Planlamas\u0131 (APQP), K\u00f6k Neden Analizi ve Hata Modu ve Etkileri Analizi (FMEA)<\/li>\n<li>H\u0131zl\u0131 ve do\u011fru par\u00e7a onaylar\u0131n\u0131 i\u015flemek i\u00e7in Global PPAP M\u00fckemmellik Merkezi<\/li>\n<li>S\u00fcrekli iyile\u015ftirmeler i\u00e7in Yal\u0131n Alt\u0131 Sigma<\/li>\n<\/ul>\n<\/div><div class=\"fusion-sep-clear\"><\/div><div class=\"fusion-separator fusion-full-width-sep\" style=\"margin-left: auto;margin-right: auto;margin-top:10px;margin-bottom:10px;width:100%;\"><\/div><div class=\"fusion-sep-clear\"><\/div><div class=\"fusion-text fusion-text-19\"><p><a class=\"linkLearnMore\" href=\"https:\/\/optimas.com\/tr\/resources\/advanced-product-quality-planning-improves-caterpillar-product-reliability\/\" target=\"_blank\" rel=\"noopener noreferrer\">VAKA \u00c7ALI\u015eMASI: Par\u00e7a Kalitesi 95% art\u0131r\u0131ld\u0131<\/a><\/p>\n<\/div><div class=\"fusion-clearfix\"><\/div><\/div><\/div><div class=\"fusion-layout-column fusion_builder_column_inner fusion-builder-nested-column-9 fusion_builder_column_inner_1_3 1_3 fusion-one-third fusion-column-last centerMobile\" style=\"--awb-bg-size:cover;width:33.3333333333%;width:calc(33.3333333333% - ( ( 4% ) * 0.333333333333 ) );\"><div class=\"fusion-column-wrapper fusion-column-has-shadow fusion-flex-column-wrapper-legacy\"><div class=\"fusion-image-element in-legacy-container\" style=\"--awb-caption-title-font-family:var(--h2_typography-font-family);--awb-caption-title-font-weight:var(--h2_typography-font-weight);--awb-caption-title-font-style:var(--h2_typography-font-style);--awb-caption-title-size:var(--h2_typography-font-size);--awb-caption-title-transform:var(--h2_typography-text-transform);--awb-caption-title-line-height:var(--h2_typography-line-height);--awb-caption-title-letter-spacing:var(--h2_typography-letter-spacing);\"><span class=\"fusion-imageframe imageframe-none imageframe-5 hover-type-none\"><img decoding=\"async\" width=\"161\" height=\"149\" alt=\"Two blue and one orange star\" src=\"https:\/\/optimas.com\/wp-content\/uploads\/2019\/11\/stars.jpg\" class=\"img-responsive wp-image-1613\"\/><\/span><\/div><div class=\"fusion-text fusion-text-20\"><h3 style=\"font-size: 25px!important;\">S\u0131f\u0131r kusurlu bir k\u00fclt\u00fcre ba\u011fl\u0131y\u0131z<\/h3>\n<\/div><div class=\"fusion-clearfix\"><\/div><\/div><\/div><\/div><div class=\"fusion-clearfix\"><\/div><\/div><\/div><\/div><\/div><div class=\"fusion-fullwidth fullwidth-box fusion-builder-row-4 nonhundred-percent-fullwidth non-hundred-percent-height-scrolling getStarted\" style=\"--awb-border-radius-top-left:0px;--awb-border-radius-top-right:0px;--awb-border-radius-bottom-right:0px;--awb-border-radius-bottom-left:0px;--awb-padding-top:70px;--awb-padding-bottom:70px;--awb-background-color:#54565a;--awb-flex-wrap:wrap;\" ><div class=\"fusion-builder-row fusion-row\"><div class=\"fusion-layout-column fusion_builder_column fusion-builder-column-3 fusion_builder_column_1_1 1_1 fusion-one-full fusion-column-first fusion-column-last max1200\" style=\"--awb-bg-size:cover;\"><div class=\"fusion-column-wrapper fusion-column-has-shadow fusion-flex-column-wrapper-legacy\"><div class=\"fusion-builder-row fusion-builder-row-inner fusion-row\"><div class=\"fusion-layout-column fusion_builder_column_inner fusion-builder-nested-column-10 fusion_builder_column_inner_3_5 3_5 fusion-three-fifth fusion-column-first\" style=\"--awb-bg-size:cover;--awb-margin-bottom:0px;width:60%;width:calc(60% - ( ( 4% ) * 0.6 ) );margin-right: 4%;\"><div class=\"fusion-column-wrapper fusion-column-has-shadow fusion-flex-column-wrapper-legacy\"><div class=\"fusion-text fusion-text-21\" style=\"--awb-font-size:36px;--awb-text-font-family:&quot;WhitneyBold&quot;;--awb-text-font-style:normal;--awb-text-font-weight:400;\"><p style=\"color: #fff;\">ABD&#039;deki en hassas \u00fcretim \u00e7\u00f6z\u00fcm\u00fc \u015firketlerinden biriyle ortakl\u0131\u011f\u0131n\u0131za ba\u015flay\u0131n - bir uzmana ula\u015f\u0131n ve onunla konu\u015fun ve fiyat teklifi al\u0131n.<\/p>\n<\/div><div class=\"fusion-clearfix\"><\/div><\/div><\/div><div class=\"fusion-layout-column fusion_builder_column_inner fusion-builder-nested-column-11 fusion_builder_column_inner_2_5 2_5 fusion-two-fifth fusion-column-last\" style=\"--awb-bg-size:cover;--awb-margin-bottom:0px;width:40%;width:calc(40% - ( ( 4% ) * 0.4 ) );\"><div class=\"fusion-column-wrapper fusion-column-has-shadow fusion-flex-column-wrapper-legacy\"><div class=\"fusion-text fusion-text-22\"><p><a class=\"linkSpeakExpert\" href=\"https:\/\/optimas.com\/tr\/contact\/\">Uzman\u0131m\u0131zla G\u00f6r\u00fc\u015f\u00fcn<\/a><\/p>\n<\/div><div class=\"fusion-clearfix\"><\/div><\/div><\/div><\/div><div class=\"fusion-clearfix\"><\/div><\/div><\/div><\/div><\/div><\/p>","protected":false},"excerpt":{"rendered":"","protected":false},"author":1,"featured_media":593,"parent":33,"menu_order":0,"comment_status":"closed","ping_status":"closed","template":"","meta":{"_acf_changed":false,"content-type":"","footnotes":""},"class_list":["post-583","page","type-page","status-publish","has-post-thumbnail","hentry"],"acf":[],"_links":{"self":[{"href":"https:\/\/optimas.com\/tr\/wp-json\/wp\/v2\/pages\/583","targetHints":{"allow":["GET"]}}],"collection":[{"href":"https:\/\/optimas.com\/tr\/wp-json\/wp\/v2\/pages"}],"about":[{"href":"https:\/\/optimas.com\/tr\/wp-json\/wp\/v2\/types\/page"}],"author":[{"embeddable":true,"href":"https:\/\/optimas.com\/tr\/wp-json\/wp\/v2\/users\/1"}],"replies":[{"embeddable":true,"href":"https:\/\/optimas.com\/tr\/wp-json\/wp\/v2\/comments?post=583"}],"version-history":[{"count":0,"href":"https:\/\/optimas.com\/tr\/wp-json\/wp\/v2\/pages\/583\/revisions"}],"up":[{"embeddable":true,"href":"https:\/\/optimas.com\/tr\/wp-json\/wp\/v2\/pages\/33"}],"wp:featuredmedia":[{"embeddable":true,"href":"https:\/\/optimas.com\/tr\/wp-json\/wp\/v2\/media\/593"}],"wp:attachment":[{"href":"https:\/\/optimas.com\/tr\/wp-json\/wp\/v2\/media?parent=583"}],"curies":[{"name":"wp","href":"https:\/\/api.w.org\/{rel}","templated":true}]}}