{"id":59,"date":"2019-10-12T04:25:39","date_gmt":"2019-10-12T04:25:39","guid":{"rendered":"https:\/\/optimas.com\/?page_id=59"},"modified":"2024-05-10T10:46:28","modified_gmt":"2024-05-10T15:46:28","slug":"careers","status":"publish","type":"page","link":"https:\/\/optimas.com\/tr\/about-us\/careers\/","title":{"rendered":"Kariyer"},"content":{"rendered":"<p><div class=\"fusion-fullwidth fullwidth-box fusion-builder-row-1 fusion-flex-container has-pattern-background has-mask-background nonhundred-percent-fullwidth non-hundred-percent-height-scrolling max1200\" style=\"--awb-border-radius-top-left:0px;--awb-border-radius-top-right:0px;--awb-border-radius-bottom-right:0px;--awb-border-radius-bottom-left:0px;--awb-flex-wrap:wrap;\" ><div class=\"fusion-builder-row fusion-row fusion-flex-align-items-flex-start fusion-flex-content-wrap\" style=\"max-width:104%;margin-left: calc(-4% \/ 2 );margin-right: calc(-4% \/ 2 );\"><div class=\"fusion-layout-column fusion_builder_column fusion-builder-column-0 fusion_builder_column_1_3 1_3 fusion-flex-column\" style=\"--awb-bg-size:cover;--awb-width-large:33.3333333333%;--awb-margin-top-large:0px;--awb-spacing-right-large:5.76%;--awb-margin-bottom-large:20px;--awb-spacing-left-large:5.76%;--awb-width-medium:100%;--awb-order-medium:0;--awb-spacing-right-medium:1.92%;--awb-spacing-left-medium:1.92%;--awb-width-small:100%;--awb-order-small:0;--awb-spacing-right-small:1.92%;--awb-spacing-left-small:1.92%;\"><div class=\"fusion-column-wrapper fusion-column-has-shadow fusion-flex-justify-content-flex-start fusion-content-layout-column\"><div class=\"fusion-image-element\" style=\"--awb-caption-title-font-family:var(--h2_typography-font-family);--awb-caption-title-font-weight:var(--h2_typography-font-weight);--awb-caption-title-font-style:var(--h2_typography-font-style);--awb-caption-title-size:var(--h2_typography-font-size);--awb-caption-title-transform:var(--h2_typography-text-transform);--awb-caption-title-line-height:var(--h2_typography-line-height);--awb-caption-title-letter-spacing:var(--h2_typography-letter-spacing);\"><span class=\"fusion-imageframe imageframe-none imageframe-1 hover-type-none\"><img decoding=\"async\" width=\"221\" height=\"300\" alt=\"OPTIMAS BA\u011eLANTI PAR\u00c7ALARI \u0130LE OLU\u015eTURULAN YUKARI Y\u00d6N OK\" title=\"OPTIMAS BA\u011eLANTI PAR\u00c7ALARI \u0130LE OLU\u015eTURULAN YUKARI Y\u00d6N OK\" src=\"https:\/\/optimas.com\/wp-content\/uploads\/2019\/10\/Optimas-Arrow-Up-Assembly_Home-221x300.jpg\" class=\"img-responsive wp-image-83\" srcset=\"https:\/\/optimas.com\/wp-content\/uploads\/2019\/10\/Optimas-Arrow-Up-Assembly_Home-200x272.jpg 200w, https:\/\/optimas.com\/wp-content\/uploads\/2019\/10\/Optimas-Arrow-Up-Assembly_Home-400x544.jpg 400w, https:\/\/optimas.com\/wp-content\/uploads\/2019\/10\/Optimas-Arrow-Up-Assembly_Home-600x816.jpg 600w, https:\/\/optimas.com\/wp-content\/uploads\/2019\/10\/Optimas-Arrow-Up-Assembly_Home-800x1088.jpg 800w, https:\/\/optimas.com\/wp-content\/uploads\/2019\/10\/Optimas-Arrow-Up-Assembly_Home-1200x1632.jpg 1200w, https:\/\/optimas.com\/wp-content\/uploads\/2019\/10\/Optimas-Arrow-Up-Assembly_Home.jpg 1479w\" sizes=\"(max-width: 1024px) 100vw, (max-width: 640px) 100vw, 600px\" \/><\/span><\/div><\/div><\/div><div class=\"fusion-layout-column fusion_builder_column fusion-builder-column-1 fusion_builder_column_2_3 2_3 fusion-flex-column\" style=\"--awb-bg-size:cover;--awb-width-large:66.6666666667%;--awb-margin-top-large:0px;--awb-spacing-right-large:2.88%;--awb-margin-bottom-large:20px;--awb-spacing-left-large:2.88%;--awb-width-medium:100%;--awb-order-medium:0;--awb-spacing-right-medium:1.92%;--awb-spacing-left-medium:1.92%;--awb-width-small:100%;--awb-order-small:0;--awb-spacing-right-small:1.92%;--awb-spacing-left-small:1.92%;\"><div class=\"fusion-column-wrapper fusion-column-has-shadow fusion-flex-justify-content-flex-start fusion-content-layout-column\"><div class=\"fusion-text fusion-text-1\"><h2>Kariyerinizi Y\u00fckseltin<\/h2>\n<p>Tutkunuzu Optimas&#039;ta bir kariyerle ate\u015fleyin. M\u00fc\u015fterilerimizin \u00fcretkenli\u011fi ve karl\u0131l\u0131\u011f\u0131 \u00fczerinde g\u00fcnl\u00fck etki yaratan, \u00e7e\u015fitli d\u00fc\u015f\u00fcn\u00fcrlerden ve uygulay\u0131c\u0131lardan olu\u015fan k\u00fcresel bir ekibin par\u00e7as\u0131 olun. Her zaman yetenekli, kendini motive edebilen, ak\u0131ll\u0131 ve becerikli ekip \u00fcyeleri ar\u0131yoruz. Ba\u015far\u0131n\u0131z\u0131 geli\u015ftirmeye, desteklemeye ve art\u0131rmaya kendimizi adad\u0131k. A\u00e7\u0131k pozisyonlar\u0131m\u0131z\u0131 ke\u015ffederek kariyerinizi Optimas&#039;ta y\u00fckseltin.<\/p>\n<\/div><div class=\"fusion-text fusion-text-2\" style=\"--awb-margin-top:30px;\"><p><a class=\"linkOrangeButton\" href=\"https:\/\/jobs.jobvite.com\/optimas\/\" rel=\"nofollow noopener\" target=\"_blank\">FIRSATLARI KE\u015eFED\u0130N<\/a><\/p>\n<\/div><div class=\"fusion-separator fusion-full-width-sep\" style=\"align-self: center;margin-left: auto;margin-right: auto;margin-top:30px;width:100%;\"><\/div><\/div><\/div><\/div><\/div><div class=\"fusion-fullwidth fullwidth-box fusion-builder-row-2 fusion-flex-container has-pattern-background has-mask-background nonhundred-percent-fullwidth non-hundred-percent-height-scrolling\" style=\"--awb-border-radius-top-left:0px;--awb-border-radius-top-right:0px;--awb-border-radius-bottom-right:0px;--awb-border-radius-bottom-left:0px;--awb-background-color:#00a3e0;--awb-flex-wrap:wrap;\" ><div class=\"fusion-builder-row fusion-row fusion-flex-align-items-flex-start fusion-flex-content-wrap\" style=\"max-width:104%;margin-left: calc(-4% \/ 2 );margin-right: calc(-4% \/ 2 );\"><div class=\"fusion-layout-column fusion_builder_column fusion-builder-column-2 fusion_builder_column_1_1 1_1 fusion-flex-column max1200\" style=\"--awb-bg-size:cover;--awb-width-large:100%;--awb-margin-top-large:0px;--awb-spacing-right-large:1.92%;--awb-margin-bottom-large:20px;--awb-spacing-left-large:1.92%;--awb-width-medium:100%;--awb-order-medium:0;--awb-spacing-right-medium:1.92%;--awb-spacing-left-medium:1.92%;--awb-width-small:100%;--awb-order-small:0;--awb-spacing-right-small:1.92%;--awb-spacing-left-small:1.92%;\" data-scroll-devices=\"small-visibility,medium-visibility,large-visibility\"><div class=\"fusion-column-wrapper fusion-column-has-shadow fusion-flex-justify-content-flex-start fusion-content-layout-column\"><div class=\"fusion-separator fusion-full-width-sep\" style=\"align-self: center;margin-left: auto;margin-right: auto;margin-top:30px;width:100%;\"><\/div><div class=\"fusion-text fusion-text-3\" style=\"--awb-text-color:#ffffff;\"><h2 style=\"text-align: center;\"><span style=\"color: #ffffff;\">\u00c7al\u0131\u015fan tan\u0131ma<\/span><\/h2>\n<\/div><div class=\"fusion-separator fusion-full-width-sep\" style=\"align-self: center;margin-left: auto;margin-right: auto;margin-top:30px;width:100%;\"><\/div><div class=\"fusion-counters-box counters-box row fusion-clearfix fusion-columns-3\" style=\"--awb-body-color:#ffffffff;--awb-body-size:18;--awb-color:#fffffff;--awb-title-size:60;\"><div class=\"fusion-counter-box fusion-column col-counter-box counter-box-wrapper col-lg-4 col-md-4 col-sm-4\" data-animationoffset=\"top-into-view\"><div class=\"counter-box-container\"><div class=\"content-box-percentage content-box-counter\"><span class=\"display-counter\" data-value=\"20\" data-direction=\"up\" data-decimals=\"0\">0<\/span><span class=\"unit\">+<\/span><\/div><div class=\"counter-box-content\">Her y\u0131l insanlar THREAD \u00d6d\u00fclleri taraf\u0131ndan tan\u0131n\u0131yor<\/div><\/div><\/div><div class=\"fusion-counter-box fusion-column col-counter-box counter-box-wrapper col-lg-4 col-md-4 col-sm-4\" data-animationoffset=\"top-into-view\"><div class=\"counter-box-container\"><div class=\"content-box-percentage content-box-counter\"><span class=\"display-counter\" data-value=\"6\" data-direction=\"up\" data-decimals=\"0\">0<\/span><span class=\"unit\">+<\/span><\/div><div class=\"counter-box-content\">Liderlik becerilerine kat\u0131lmak ve geli\u015ftirmek i\u00e7in komiteler<\/div><\/div><\/div><div class=\"fusion-counter-box fusion-column col-counter-box counter-box-wrapper col-lg-4 col-md-4 col-sm-4\" data-animationoffset=\"top-into-view\"><div class=\"counter-box-container\"><div class=\"content-box-percentage content-box-counter\"><span class=\"display-counter\" data-value=\"4\" data-direction=\"up\" data-decimals=\"0\">0<\/span><span class=\"unit\">+<\/span><\/div><div class=\"counter-box-content\">y\u0131lda bir ki\u015fi Mahallenin G\u00f6n\u00fcll\u00fcs\u00fc olarak tan\u0131n\u0131yor<\/div><\/div><\/div><\/div><div class=\"fusion-separator fusion-full-width-sep\" style=\"align-self: center;margin-left: auto;margin-right: auto;margin-top:30px;width:100%;\"><\/div><\/div><\/div><\/div><\/div><div class=\"fusion-fullwidth fullwidth-box fusion-builder-row-3 fusion-flex-container has-pattern-background has-mask-background nonhundred-percent-fullwidth non-hundred-percent-height-scrolling\" style=\"--awb-border-radius-top-left:0px;--awb-border-radius-top-right:0px;--awb-border-radius-bottom-right:0px;--awb-border-radius-bottom-left:0px;--awb-flex-wrap:wrap;\" ><div class=\"fusion-builder-row fusion-row fusion-flex-align-items-flex-start fusion-flex-content-wrap\" style=\"max-width:104%;margin-left: calc(-4% \/ 2 );margin-right: calc(-4% \/ 2 );\"><div class=\"fusion-layout-column fusion_builder_column fusion-builder-column-3 fusion_builder_column_1_1 1_1 fusion-flex-column\" style=\"--awb-bg-size:cover;--awb-width-large:100%;--awb-margin-top-large:0px;--awb-spacing-right-large:1.92%;--awb-margin-bottom-large:20px;--awb-spacing-left-large:1.92%;--awb-width-medium:100%;--awb-order-medium:0;--awb-spacing-right-medium:1.92%;--awb-spacing-left-medium:1.92%;--awb-width-small:100%;--awb-order-small:0;--awb-spacing-right-small:1.92%;--awb-spacing-left-small:1.92%;\"><div class=\"fusion-column-wrapper fusion-column-has-shadow fusion-flex-justify-content-flex-start fusion-content-layout-column\"><div class=\"fusion-separator fusion-full-width-sep\" style=\"align-self: center;margin-left: auto;margin-right: auto;margin-top:30px;width:100%;\"><\/div><\/div><\/div><\/div><\/div><div class=\"fusion-fullwidth fullwidth-box fusion-builder-row-4 fusion-flex-container has-pattern-background has-mask-background nonhundred-percent-fullwidth non-hundred-percent-height-scrolling max1200\" style=\"--awb-border-radius-top-left:0px;--awb-border-radius-top-right:0px;--awb-border-radius-bottom-right:0px;--awb-border-radius-bottom-left:0px;--awb-flex-wrap:wrap;\" ><div class=\"fusion-builder-row fusion-row fusion-flex-align-items-flex-start fusion-flex-content-wrap\" style=\"max-width:104%;margin-left: calc(-4% \/ 2 );margin-right: calc(-4% \/ 2 );\"><div class=\"fusion-layout-column fusion_builder_column fusion-builder-column-4 fusion_builder_column_1_2 1_2 fusion-flex-column\" style=\"--awb-bg-size:cover;--awb-width-large:50%;--awb-margin-top-large:0px;--awb-spacing-right-large:3.84%;--awb-margin-bottom-large:20px;--awb-spacing-left-large:3.84%;--awb-width-medium:100%;--awb-order-medium:0;--awb-spacing-right-medium:1.92%;--awb-spacing-left-medium:1.92%;--awb-width-small:100%;--awb-order-small:0;--awb-spacing-right-small:1.92%;--awb-spacing-left-small:1.92%;\"><div class=\"fusion-column-wrapper fusion-column-has-shadow fusion-flex-justify-content-flex-start fusion-content-layout-column\"><div class=\"fusion-image-element\" style=\"--awb-caption-title-font-family:var(--h2_typography-font-family);--awb-caption-title-font-weight:var(--h2_typography-font-weight);--awb-caption-title-font-style:var(--h2_typography-font-style);--awb-caption-title-size:var(--h2_typography-font-size);--awb-caption-title-transform:var(--h2_typography-text-transform);--awb-caption-title-line-height:var(--h2_typography-line-height);--awb-caption-title-letter-spacing:var(--h2_typography-letter-spacing);\"><span class=\"fusion-imageframe imageframe-none imageframe-2 hover-type-none\"><img decoding=\"async\" width=\"800\" height=\"600\" alt=\"Optimas \u00e7al\u0131\u015fan tan\u0131ma foto\u011fraflar\u0131\" title=\"oOptimas \u00e7al\u0131\u015fan tan\u0131ma foto\u011fraflar\u0131n\u0131 kopyalay\u0131nf Ekibimize Kat\u0131l\u0131n\" src=\"https:\/\/optimas.com\/wp-content\/uploads\/2024\/05\/Copy-of-Join-Our-Team.png\" class=\"img-responsive wp-image-12719\" srcset=\"https:\/\/optimas.com\/wp-content\/uploads\/2024\/05\/Copy-of-Join-Our-Team-200x150.png 200w, https:\/\/optimas.com\/wp-content\/uploads\/2024\/05\/Copy-of-Join-Our-Team-400x300.png 400w, https:\/\/optimas.com\/wp-content\/uploads\/2024\/05\/Copy-of-Join-Our-Team-600x450.png 600w, https:\/\/optimas.com\/wp-content\/uploads\/2024\/05\/Copy-of-Join-Our-Team.png 800w\" sizes=\"(max-width: 1024px) 100vw, (max-width: 640px) 100vw, 800px\" \/><\/span><\/div><\/div><\/div><div class=\"fusion-layout-column fusion_builder_column fusion-builder-column-5 fusion_builder_column_1_2 1_2 fusion-flex-column\" style=\"--awb-bg-size:cover;--awb-width-large:50%;--awb-margin-top-large:0px;--awb-spacing-right-large:3.84%;--awb-margin-bottom-large:20px;--awb-spacing-left-large:3.84%;--awb-width-medium:100%;--awb-order-medium:0;--awb-spacing-right-medium:1.92%;--awb-spacing-left-medium:1.92%;--awb-width-small:100%;--awb-order-small:0;--awb-spacing-right-small:1.92%;--awb-spacing-left-small:1.92%;\"><div class=\"fusion-column-wrapper fusion-column-has-shadow fusion-flex-justify-content-flex-start fusion-content-layout-column\"><div class=\"fusion-text fusion-text-4\"><h2>Ba\u015far\u0131y\u0131 Kutlamak<\/h2>\n<p>Her \u00e7eyrekte meslekta\u015flar\u0131m\u0131z, de\u011ferlerimizi g\u00f6stermeleri nedeniyle sayg\u0131n THREAD ve \u00c7eyrek G\u00f6n\u00fcll\u00fcs\u00fc \u00f6d\u00fcllerine tak\u0131m arkada\u015flar\u0131n\u0131 aday g\u00f6sterir. Bu \u00f6d\u00fcller halk tantanas\u0131yla, Optimas&#039;\u0131n sokak itibar\u0131yla ve parasal bir te\u015fekk\u00fcr hediyesiyle birlikte geliyor. Takip etmek <strong>#THREADPer\u015fembe<\/strong> Her \u00fc\u00e7 ayda bir kazananlar\u0131 g\u00f6rmek ve Optimas&#039;ta \u00e7al\u0131\u015fman\u0131n nas\u0131l bir \u015fey oldu\u011fu hakk\u0131nda daha fazla bilgi edinmek i\u00e7in LinkedIn veya Facebook&#039;ta.<\/p>\n<\/div><div class=\"fusion-text fusion-text-5\" style=\"--awb-margin-top:30px;\"><p><a class=\"linkOrangeButton\" href=\"https:\/\/optimas.com\/tr\/about-us\/our-culture\/\">\u0130PL\u0130K DE\u011eERLER\u0130M\u0130Z<\/a><\/p>\n<\/div><\/div><\/div><\/div><\/div><div class=\"fusion-fullwidth fullwidth-box fusion-builder-row-5 fusion-flex-container has-pattern-background has-mask-background nonhundred-percent-fullwidth non-hundred-percent-height-scrolling max1200\" style=\"--awb-border-radius-top-left:0px;--awb-border-radius-top-right:0px;--awb-border-radius-bottom-right:0px;--awb-border-radius-bottom-left:0px;--awb-flex-wrap:wrap;\" ><div class=\"fusion-builder-row fusion-row fusion-flex-align-items-flex-start fusion-flex-content-wrap\" style=\"max-width:104%;margin-left: calc(-4% \/ 2 );margin-right: calc(-4% \/ 2 );\"><div class=\"fusion-layout-column fusion_builder_column fusion-builder-column-6 fusion_builder_column_1_2 1_2 fusion-flex-column\" style=\"--awb-bg-size:cover;--awb-width-large:50%;--awb-margin-top-large:0px;--awb-spacing-right-large:3.84%;--awb-margin-bottom-large:20px;--awb-spacing-left-large:3.84%;--awb-width-medium:100%;--awb-order-medium:0;--awb-spacing-right-medium:1.92%;--awb-spacing-left-medium:1.92%;--awb-width-small:100%;--awb-order-small:0;--awb-spacing-right-small:1.92%;--awb-spacing-left-small:1.92%;\"><div class=\"fusion-column-wrapper fusion-column-has-shadow fusion-flex-justify-content-flex-start fusion-content-layout-column\"><div class=\"fusion-text fusion-text-6\" style=\"--awb-margin-top:30px;\"><h2>K\u00fclt\u00fcr\u00fcm\u00fcz ve De\u011ferlerimiz<\/h2>\n<p>Halk\u0131m\u0131z bizim en b\u00fcy\u00fck varl\u0131\u011f\u0131m\u0131zd\u0131r. Bunu ba\u011flant\u0131 elemanlar\u0131m\u0131z\u0131n kalitesinden ve m\u00fc\u015fterilerimizin sadakatinden g\u00f6r\u00fcyoruz. \u00c7al\u0131\u015fanlar\u0131m\u0131za, onlar\u0131n ba\u015far\u0131s\u0131n\u0131n bizim ba\u015far\u0131m\u0131z oldu\u011funu bilerek yat\u0131r\u0131m yap\u0131yoruz ve m\u00fc\u015fterilerimiz bu ba\u011fl\u0131l\u0131\u011f\u0131n yaratt\u0131\u011f\u0131 fark\u0131 deneyimleyebiliyor. Optimas&#039;\u0131 harika yapan insanlar hakk\u0131nda daha fazla bilgi edinin!<\/p>\n<\/div><div class=\"fusion-text fusion-text-7 fusion-text-no-margin\" style=\"--awb-margin-top:30px;--awb-margin-bottom:30px;\"><p><a class=\"linkOrangeButton\" href=\"https:\/\/optimas.com\/tr\/about-us\/our-team\/\">B\u0130Z\u0130M TAKIM<\/a><\/p>\n<\/div><\/div><\/div><div class=\"fusion-layout-column fusion_builder_column fusion-builder-column-7 fusion_builder_column_1_2 1_2 fusion-flex-column\" style=\"--awb-bg-size:cover;--awb-width-large:50%;--awb-margin-top-large:0px;--awb-spacing-right-large:3.84%;--awb-margin-bottom-large:20px;--awb-spacing-left-large:3.84%;--awb-width-medium:100%;--awb-order-medium:0;--awb-spacing-right-medium:1.92%;--awb-spacing-left-medium:1.92%;--awb-width-small:100%;--awb-order-small:0;--awb-spacing-right-small:1.92%;--awb-spacing-left-small:1.92%;\"><div class=\"fusion-column-wrapper fusion-column-has-shadow fusion-flex-justify-content-flex-start fusion-content-layout-column\"><div class=\"fusion-image-element\" style=\"--awb-caption-title-font-family:var(--h2_typography-font-family);--awb-caption-title-font-weight:var(--h2_typography-font-weight);--awb-caption-title-font-style:var(--h2_typography-font-style);--awb-caption-title-size:var(--h2_typography-font-size);--awb-caption-title-transform:var(--h2_typography-text-transform);--awb-caption-title-line-height:var(--h2_typography-line-height);--awb-caption-title-letter-spacing:var(--h2_typography-letter-spacing);\"><span class=\"fusion-imageframe imageframe-none imageframe-3 hover-type-none\"><img decoding=\"async\" width=\"800\" height=\"600\" alt=\"Ekip olarak \u00e7al\u0131\u015fan Optimas \u00e7al\u0131\u015fanlar\u0131\" title=\"Ekip olarak \u00e7al\u0131\u015fan Optimas \u00e7al\u0131\u015fanlar\u0131\" src=\"https:\/\/optimas.com\/wp-content\/uploads\/2024\/05\/THREAD-VALUES.png\" class=\"img-responsive wp-image-12633\" srcset=\"https:\/\/optimas.com\/wp-content\/uploads\/2024\/05\/THREAD-VALUES-200x150.png 200w, https:\/\/optimas.com\/wp-content\/uploads\/2024\/05\/THREAD-VALUES-400x300.png 400w, https:\/\/optimas.com\/wp-content\/uploads\/2024\/05\/THREAD-VALUES-600x450.png 600w, https:\/\/optimas.com\/wp-content\/uploads\/2024\/05\/THREAD-VALUES.png 800w\" sizes=\"(max-width: 1024px) 100vw, (max-width: 640px) 100vw, 800px\" \/><\/span><\/div><\/div><\/div><\/div><\/div><div class=\"fusion-fullwidth fullwidth-box fusion-builder-row-6 fusion-flex-container has-pattern-background has-mask-background nonhundred-percent-fullwidth non-hundred-percent-height-scrolling max1200\" style=\"--awb-border-radius-top-left:0px;--awb-border-radius-top-right:0px;--awb-border-radius-bottom-right:0px;--awb-border-radius-bottom-left:0px;--awb-flex-wrap:wrap;\" ><div class=\"fusion-builder-row fusion-row fusion-flex-align-items-flex-start fusion-flex-content-wrap\" style=\"max-width:104%;margin-left: calc(-4% \/ 2 );margin-right: calc(-4% \/ 2 );\"><div class=\"fusion-layout-column fusion_builder_column fusion-builder-column-8 fusion_builder_column_1_2 1_2 fusion-flex-column\" style=\"--awb-bg-size:cover;--awb-width-large:50%;--awb-margin-top-large:0px;--awb-spacing-right-large:3.84%;--awb-margin-bottom-large:20px;--awb-spacing-left-large:3.84%;--awb-width-medium:100%;--awb-order-medium:0;--awb-spacing-right-medium:1.92%;--awb-spacing-left-medium:1.92%;--awb-width-small:100%;--awb-order-small:0;--awb-spacing-right-small:1.92%;--awb-spacing-left-small:1.92%;\"><div class=\"fusion-column-wrapper fusion-column-has-shadow fusion-flex-justify-content-flex-start fusion-content-layout-column\"><div class=\"fusion-image-element\" style=\"--awb-margin-bottom:40px;--awb-caption-title-font-family:var(--h2_typography-font-family);--awb-caption-title-font-weight:var(--h2_typography-font-weight);--awb-caption-title-font-style:var(--h2_typography-font-style);--awb-caption-title-size:var(--h2_typography-font-size);--awb-caption-title-transform:var(--h2_typography-text-transform);--awb-caption-title-line-height:var(--h2_typography-line-height);--awb-caption-title-letter-spacing:var(--h2_typography-letter-spacing);\"><span class=\"fusion-imageframe imageframe-none imageframe-4 hover-type-none\"><img decoding=\"async\" width=\"2480\" height=\"1725\" alt=\"Optimas Great Places to Work Sertifikas\u0131n\u0131 kazand\u0131\" title=\"\u015ea\u015f\u0131rt\u0131c\u0131_K\u00fclt\u00fcr!_US1-01\" src=\"https:\/\/optimas.com\/wp-content\/uploads\/2024\/05\/Amazing_Culture_US1-01.png\" class=\"img-responsive wp-image-12721\" srcset=\"https:\/\/optimas.com\/wp-content\/uploads\/2024\/05\/Amazing_Culture_US1-01-200x139.png 200w, https:\/\/optimas.com\/wp-content\/uploads\/2024\/05\/Amazing_Culture_US1-01-400x278.png 400w, https:\/\/optimas.com\/wp-content\/uploads\/2024\/05\/Amazing_Culture_US1-01-600x417.png 600w, https:\/\/optimas.com\/wp-content\/uploads\/2024\/05\/Amazing_Culture_US1-01-800x556.png 800w, https:\/\/optimas.com\/wp-content\/uploads\/2024\/05\/Amazing_Culture_US1-01-1200x835.png 1200w, https:\/\/optimas.com\/wp-content\/uploads\/2024\/05\/Amazing_Culture_US1-01.png 2480w\" sizes=\"(max-width: 1024px) 100vw, (max-width: 640px) 100vw, 1200px\" \/><\/span><\/div><\/div><\/div><div class=\"fusion-layout-column fusion_builder_column fusion-builder-column-9 fusion_builder_column_1_2 1_2 fusion-flex-column\" style=\"--awb-bg-size:cover;--awb-width-large:50%;--awb-margin-top-large:0px;--awb-spacing-right-large:3.84%;--awb-margin-bottom-large:20px;--awb-spacing-left-large:3.84%;--awb-width-medium:100%;--awb-order-medium:0;--awb-spacing-right-medium:1.92%;--awb-spacing-left-medium:1.92%;--awb-width-small:100%;--awb-order-small:0;--awb-spacing-right-small:1.92%;--awb-spacing-left-small:1.92%;\"><div class=\"fusion-column-wrapper fusion-column-has-shadow fusion-flex-justify-content-flex-start fusion-content-layout-column\"><div class=\"fusion-text fusion-text-8 fusion-text-no-margin\" style=\"--awb-margin-bottom:30px;\"><h2>\u00c7al\u0131\u015fmak \u0130\u00e7in Harika Bir Yeriz<\/h2>\n<p>Ve sertifikam\u0131z bunu kan\u0131tl\u0131yor! Amac\u0131m\u0131z Optimas&#039;\u0131n her ekip \u00fcyesi i\u00e7in m\u00fckemmel bir i\u015f yeri olmas\u0131n\u0131 sa\u011flamakt\u0131r. Yak\u0131n zamanda kazand\u0131\u011f\u0131m\u0131z di\u011fer m\u00fc\u015fteri ve sekt\u00f6r \u00f6d\u00fcllerimizi a\u015fa\u011f\u0131ya t\u0131klayarak ke\u015ffedin.<\/p>\n<\/div><div class=\"fusion-text fusion-text-9 fusion-text-no-margin\" style=\"--awb-margin-top:30px;--awb-margin-bottom:30px;\"><p><a class=\"linkOrangeButton\" href=\"https:\/\/optimas.com\/tr\/about-us\/#awards\">\u00d6D\u00dcLLER\u0130M\u0130Z<\/a><\/p>\n<\/div><\/div><\/div><\/div><\/div><div class=\"fusion-fullwidth fullwidth-box fusion-builder-row-7 fusion-flex-container has-pattern-background has-mask-background nonhundred-percent-fullwidth non-hundred-percent-height-scrolling\" style=\"--awb-border-radius-top-left:0px;--awb-border-radius-top-right:0px;--awb-border-radius-bottom-right:0px;--awb-border-radius-bottom-left:0px;--awb-background-color:#91c73e;--awb-flex-wrap:wrap;\" ><div class=\"fusion-builder-row fusion-row fusion-flex-align-items-flex-start fusion-flex-content-wrap\" style=\"max-width:104%;margin-left: calc(-4% \/ 2 );margin-right: calc(-4% \/ 2 );\"><div class=\"fusion-layout-column fusion_builder_column fusion-builder-column-10 fusion_builder_column_1_2 1_2 fusion-flex-column max1200\" style=\"--awb-bg-size:cover;--awb-width-large:50%;--awb-margin-top-large:0px;--awb-spacing-right-large:3.84%;--awb-margin-bottom-large:20px;--awb-spacing-left-large:3.84%;--awb-width-medium:100%;--awb-order-medium:0;--awb-spacing-right-medium:1.92%;--awb-spacing-left-medium:1.92%;--awb-width-small:100%;--awb-order-small:0;--awb-spacing-right-small:1.92%;--awb-spacing-left-small:1.92%;\" data-scroll-devices=\"small-visibility,medium-visibility,large-visibility\"><div class=\"fusion-column-wrapper fusion-column-has-shadow fusion-flex-justify-content-flex-start fusion-content-layout-column\"><div class=\"fusion-text fusion-text-10\" style=\"--awb-margin-top:30px;\"><h2 style=\"text-align: left;\"><span style=\"color: #ffffff;\">Optimas&#039;ta Kariyer Bulun<\/span><\/h2>\n<\/div><div class=\"fusion-text fusion-text-11\"><p style=\"text-align: left;\"><span style=\"color: #ffffff;\">Kaliteli \u00fcr\u00fcnler ve \u00fcst\u00fcn hizmetler sunarak en y\u00fcksek d\u00fczeyde m\u00fc\u015fteri memnuniyetine ula\u015fmak i\u00e7in ortak bir misyon ve vizyonu payla\u015fan k\u00fcresel bir ekibiz.<\/span><\/p>\n<\/div><\/div><\/div><div class=\"fusion-layout-column fusion_builder_column fusion-builder-column-11 fusion_builder_column_1_2 1_2 fusion-flex-column max1200\" style=\"--awb-bg-size:cover;--awb-width-large:50%;--awb-margin-top-large:0px;--awb-spacing-right-large:3.84%;--awb-margin-bottom-large:20px;--awb-spacing-left-large:3.84%;--awb-width-medium:100%;--awb-order-medium:0;--awb-spacing-right-medium:1.92%;--awb-spacing-left-medium:1.92%;--awb-width-small:100%;--awb-order-small:0;--awb-spacing-right-small:1.92%;--awb-spacing-left-small:1.92%;\" data-scroll-devices=\"small-visibility,medium-visibility,large-visibility\"><div class=\"fusion-column-wrapper fusion-column-has-shadow fusion-flex-justify-content-flex-start fusion-content-layout-column\"><div class=\"fusion-text fusion-text-12\" style=\"--awb-margin-top:30px;\"><p style=\"text-align: center;\"><a class=\"linkOrangeButton\" href=\"https:\/\/jobs.jobvite.com\/optimas\/\" target=\"_blank\" rel=\"noopener noreferrer nofollow\">A\u00c7IK KONUMLARI G\u00d6R\u00dcNT\u00dcLE<\/a><\/p>\n<\/div><\/div><\/div><\/div><\/div><\/p>","protected":false},"excerpt":{"rendered":"","protected":false},"author":1,"featured_media":3021,"parent":11,"menu_order":0,"comment_status":"closed","ping_status":"closed","template":"","meta":{"_acf_changed":false,"content-type":"","footnotes":""},"class_list":["post-59","page","type-page","status-publish","has-post-thumbnail","hentry"],"acf":[],"_links":{"self":[{"href":"https:\/\/optimas.com\/tr\/wp-json\/wp\/v2\/pages\/59","targetHints":{"allow":["GET"]}}],"collection":[{"href":"https:\/\/optimas.com\/tr\/wp-json\/wp\/v2\/pages"}],"about":[{"href":"https:\/\/optimas.com\/tr\/wp-json\/wp\/v2\/types\/page"}],"author":[{"embeddable":true,"href":"https:\/\/optimas.com\/tr\/wp-json\/wp\/v2\/users\/1"}],"replies":[{"embeddable":true,"href":"https:\/\/optimas.com\/tr\/wp-json\/wp\/v2\/comments?post=59"}],"version-history":[{"count":0,"href":"https:\/\/optimas.com\/tr\/wp-json\/wp\/v2\/pages\/59\/revisions"}],"up":[{"embeddable":true,"href":"https:\/\/optimas.com\/tr\/wp-json\/wp\/v2\/pages\/11"}],"wp:featuredmedia":[{"embeddable":true,"href":"https:\/\/optimas.com\/tr\/wp-json\/wp\/v2\/media\/3021"}],"wp:attachment":[{"href":"https:\/\/optimas.com\/tr\/wp-json\/wp\/v2\/media?parent=59"}],"curies":[{"name":"wp","href":"https:\/\/api.w.org\/{rel}","templated":true}]}}