{"id":6137,"date":"2023-02-16T15:03:24","date_gmt":"2023-02-16T21:03:24","guid":{"rendered":"https:\/\/optimas.com\/?page_id=6137"},"modified":"2024-10-16T10:23:20","modified_gmt":"2024-10-16T15:23:20","slug":"inventory-management-resources","status":"publish","type":"page","link":"https:\/\/optimas.com\/tr\/inventory-management-resources\/","title":{"rendered":"Envanter Y\u00f6netimi Kaynaklar\u0131"},"content":{"rendered":"<p><div class=\"fusion-fullwidth fullwidth-box fusion-builder-row-1 fusion-flex-container has-pattern-background has-mask-background nonhundred-percent-fullwidth non-hundred-percent-height-scrolling\" style=\"--awb-border-radius-top-left:0px;--awb-border-radius-top-right:0px;--awb-border-radius-bottom-right:0px;--awb-border-radius-bottom-left:0px;--awb-flex-wrap:wrap;\" ><div class=\"fusion-builder-row fusion-row fusion-flex-align-items-flex-start fusion-flex-content-wrap\" style=\"max-width:104%;margin-left: calc(-4% \/ 2 );margin-right: calc(-4% \/ 2 );\"><div class=\"fusion-layout-column fusion_builder_column fusion-builder-column-0 fusion_builder_column_1_1 1_1 fusion-flex-column fusion-flex-align-self-center max1200\" style=\"--awb-bg-size:cover;--awb-width-large:100%;--awb-margin-top-large:0px;--awb-spacing-right-large:1.92%;--awb-margin-bottom-large:20px;--awb-spacing-left-large:1.92%;--awb-width-medium:100%;--awb-order-medium:0;--awb-spacing-right-medium:1.92%;--awb-spacing-left-medium:1.92%;--awb-width-small:100%;--awb-order-small:0;--awb-spacing-right-small:1.92%;--awb-spacing-left-small:1.92%;\"><div class=\"fusion-column-wrapper fusion-column-has-shadow fusion-flex-justify-content-flex-start fusion-content-layout-column\"><div class=\"fusion-builder-row fusion-builder-row-inner fusion-row fusion-flex-align-items-flex-start fusion-flex-content-wrap\" style=\"--awb-flex-grow:0;--awb-flex-grow-medium:0;--awb-flex-grow-small:0;--awb-flex-shrink:0;--awb-flex-shrink-medium:0;--awb-flex-shrink-small:0;width:104% !important;max-width:104% !important;margin-left: calc(-4% \/ 2 );margin-right: calc(-4% \/ 2 );\"><div class=\"fusion-layout-column fusion_builder_column_inner fusion-builder-nested-column-0 fusion_builder_column_inner_1_1 1_1 fusion-flex-column\" style=\"--awb-bg-size:cover;--awb-width-large:100%;--awb-margin-top-large:0px;--awb-spacing-right-large:1.92%;--awb-margin-bottom-large:20px;--awb-spacing-left-large:1.92%;--awb-width-medium:100%;--awb-order-medium:0;--awb-spacing-right-medium:1.92%;--awb-spacing-left-medium:1.92%;--awb-width-small:100%;--awb-order-small:0;--awb-spacing-right-small:1.92%;--awb-spacing-left-small:1.92%;\"><div class=\"fusion-column-wrapper fusion-column-has-shadow fusion-flex-justify-content-flex-start fusion-content-layout-column\"><div class=\"fusion-text fusion-text-1\"><h1 style=\"text-align: center; font-size: 45px; color: #00a3e0;\">Envanter Y\u00f6netimi Kaynaklar\u0131<\/h1>\n<\/div><div class=\"fusion-separator fusion-full-width-sep\" style=\"align-self: center;margin-left: auto;margin-right: auto;margin-bottom:30px;width:100%;\"><div class=\"fusion-separator-border sep-single sep-solid\" style=\"--awb-height:20px;--awb-amount:20px;--awb-sep-color:#000000;border-color:#000000;border-top-width:1px;\"><\/div><\/div><div class=\"fusion-text fusion-text-2\"><p class=\"p1\" style=\"text-align: center;\">Son 100 y\u0131lda, envanter y\u00f6netiminin \u00f6nemini anlama ve etkili \u00e7\u00f6z\u00fcmler sunma konusunda bizi benzersiz bir konuma getiren tedarik zinciri zorluklar\u0131n\u0131 her a\u00e7\u0131dan g\u00f6rd\u00fck. A\u015fa\u011f\u0131da, her g\u00fcn g\u00f6rd\u00fc\u011f\u00fcm\u00fcz en yayg\u0131n zorluklar\u0131 ele alan Optimas kaynaklar\u0131n\u0131n bir listesini sa\u011flad\u0131k. En alakal\u0131 buldu\u011funuz makaleleri okuyun veya payla\u015f\u0131n ve <a href=\"https:\/\/optimas.com\/tr\/contact\/\" target=\"_blank\" rel=\"noopener\"><span class=\"s1\">bilmemize izin ver<\/span><\/a> Ele almak istedi\u011finiz sorular\u0131n\u0131z varsa.<span class=\"Apple-converted-space\">\u00a0<\/span><\/p>\n<\/div><\/div><\/div><\/div><\/div><\/div><\/div><\/div><div class=\"fusion-fullwidth fullwidth-box fusion-builder-row-2 fusion-flex-container has-pattern-background has-mask-background nonhundred-percent-fullwidth non-hundred-percent-height-scrolling\" style=\"--awb-border-radius-top-left:0px;--awb-border-radius-top-right:0px;--awb-border-radius-bottom-right:0px;--awb-border-radius-bottom-left:0px;--awb-margin-bottom:60px;--awb-flex-wrap:wrap;\" ><div class=\"fusion-builder-row fusion-row fusion-flex-align-items-flex-start fusion-flex-content-wrap\" style=\"max-width:104%;margin-left: calc(-4% \/ 2 );margin-right: calc(-4% \/ 2 );\"><div class=\"fusion-layout-column fusion_builder_column fusion-builder-column-1 fusion_builder_column_1_1 1_1 fusion-flex-column max1200\" style=\"--awb-bg-size:cover;--awb-width-large:100%;--awb-margin-top-large:0px;--awb-spacing-right-large:1.92%;--awb-margin-bottom-large:0px;--awb-spacing-left-large:1.92%;--awb-width-medium:100%;--awb-order-medium:0;--awb-spacing-right-medium:1.92%;--awb-spacing-left-medium:1.92%;--awb-width-small:100%;--awb-order-small:0;--awb-spacing-right-small:1.92%;--awb-spacing-left-small:1.92%;\"><div class=\"fusion-column-wrapper fusion-column-has-shadow fusion-flex-justify-content-flex-start fusion-content-layout-column\"><div class=\"fusion-builder-row fusion-builder-row-inner fusion-row fusion-flex-align-items-flex-start fusion-flex-content-wrap\" style=\"--awb-flex-grow:0;--awb-flex-grow-medium:0;--awb-flex-grow-small:0;--awb-flex-shrink:0;--awb-flex-shrink-medium:0;--awb-flex-shrink-small:0;width:104% !important;max-width:104% !important;margin-left: calc(-4% \/ 2 );margin-right: calc(-4% \/ 2 );\"><div class=\"fusion-layout-column fusion_builder_column_inner fusion-builder-nested-column-1 fusion_builder_column_inner_1_2 1_2 fusion-flex-column\" style=\"--awb-bg-color:#80af38;--awb-bg-color-hover:#80af38;--awb-bg-size:cover;--awb-width-large:50%;--awb-margin-top-large:0px;--awb-spacing-right-large:0px;--awb-margin-bottom-large:0px;--awb-spacing-left-large:3.84%;--awb-width-medium:100%;--awb-order-medium:0;--awb-spacing-right-medium:1.92%;--awb-spacing-left-medium:1.92%;--awb-width-small:100%;--awb-order-small:0;--awb-spacing-right-small:1.92%;--awb-spacing-left-small:1.92%;\"><div class=\"fusion-column-wrapper fusion-column-has-shadow fusion-flex-justify-content-center fusion-content-layout-column\"><div class=\"fusion-text fusion-text-3 fusion-text-no-margin\" style=\"--awb-font-size:32px;--awb-text-color:#ffffff;--awb-margin-top:40px;--awb-margin-right:30px;--awb-margin-bottom:40px;--awb-margin-left:30px;\"><div style=\"float: left;\">\n<h2 class=\"box-header\"><span style=\"color: #ffffff;\">Sizin Tedarik Zinciriniz mi<br \/>\nG\u00f6r\u00fcn\u00fcrl\u00fck S\u0131n\u0131rl\u0131 m\u0131?<\/span><\/h2>\n<\/div>\n<div class=\"box-icon\"><img decoding=\"async\" class=\"alignnone size-full wp-image-6156\" src=\"https:\/\/optimas.com\/wp-content\/uploads\/2023\/02\/White-Arrow-Icon.png\" alt=\"\" width=\"61\" height=\"80\" srcset=\"https:\/\/optimas.com\/wp-content\/uploads\/2023\/02\/White-Arrow-Icon-9x12.png 9w, https:\/\/optimas.com\/wp-content\/uploads\/2023\/02\/White-Arrow-Icon.png 61w\" sizes=\"(max-width: 61px) 100vw, 61px\" \/><\/div>\n<\/div><\/div><\/div><div class=\"fusion-layout-column fusion_builder_column_inner fusion-builder-nested-column-2 fusion_builder_column_inner_1_2 1_2 fusion-flex-column\" style=\"--awb-bg-color:#91c63e;--awb-bg-color-hover:#91c63e;--awb-bg-size:cover;--awb-width-large:50%;--awb-margin-top-large:0px;--awb-spacing-right-large:3.84%;--awb-margin-bottom-large:0px;--awb-spacing-left-large:0px;--awb-width-medium:100%;--awb-order-medium:0;--awb-spacing-right-medium:1.92%;--awb-spacing-left-medium:1.92%;--awb-width-small:100%;--awb-order-small:0;--awb-spacing-right-small:1.92%;--awb-spacing-left-small:1.92%;\"><div class=\"fusion-column-wrapper fusion-column-has-shadow fusion-flex-justify-content-center fusion-content-layout-column\"><div class=\"fusion-text fusion-text-4 fusion-text-no-margin\" style=\"--awb-margin-top:40px;--awb-margin-right:30px;--awb-margin-bottom:40px;--awb-margin-left:30px;\"><div style=\"float: left;\">\n<h2 class=\"box-header\"><span style=\"color: #53565a;\">Veriye Dayal\u0131 Yap\u0131n<br \/>\nKararlar.<\/span><\/h2>\n<\/div>\n<div style=\"float: right; padding-top: 15px;\"><img decoding=\"async\" class=\"alignnone size-full wp-image-6156\" src=\"https:\/\/optimas.com\/wp-content\/uploads\/2023\/02\/Magnifying-Glass-Icon-1.png\" alt=\"\" width=\"61\" height=\"80\" \/><\/div>\n<\/div><\/div><\/div><\/div><\/div><\/div><div class=\"fusion-layout-column fusion_builder_column fusion-builder-column-2 fusion_builder_column_1_1 1_1 fusion-flex-column max1200\" style=\"--awb-padding-top:20px;--awb-padding-bottom:20px;--awb-bg-size:cover;--awb-border-color:#91c73e;--awb-border-top:0;--awb-border-right:1px;--awb-border-bottom:1px;--awb-border-left:1px;--awb-border-style:solid;--awb-width-large:100%;--awb-margin-top-large:0px;--awb-spacing-right-large:1.92%;--awb-margin-bottom-large:20px;--awb-spacing-left-large:1.92%;--awb-width-medium:100%;--awb-order-medium:0;--awb-spacing-right-medium:1.92%;--awb-spacing-left-medium:1.92%;--awb-width-small:100%;--awb-order-small:0;--awb-spacing-right-small:1.92%;--awb-spacing-left-small:1.92%;\"><div class=\"fusion-column-wrapper fusion-column-has-shadow fusion-flex-justify-content-flex-start fusion-content-layout-column\"><div class=\"fusion-text fusion-text-5\"><h2 class=\"p1\" style=\"text-align: center; font-size: 32px; color: #91c73e;\">Bu Optimas Kaynaklar\u0131 Yard\u0131mc\u0131 Olabilir:<\/h2>\n<div class=\"grey-link\">\n<p class=\"p1\" style=\"text-align: center;\"><a href=\"https:\/\/optimas.com\/tr\/blog\/how-to-remove-potential-roadblocks-in-inventory-management\/\" target=\"_blank\" rel=\"noopener\"><span class=\"s1\">Envanter Y\u00f6netiminde Olas\u0131 Engeller Nas\u0131l Kald\u0131r\u0131l\u0131r?<\/span><\/a><\/p>\n<p class=\"p1\" style=\"text-align: center;\"><a href=\"https:\/\/optimas.com\/tr\/blog\/5-reasons-manufacturers-use-vendor-managed-inventory-programs\/\" target=\"_blank\" rel=\"noopener\"><span class=\"s1\">Mfgs&#039;nin Envanter Y\u00f6netimi Programlar\u0131n\u0131 Kullanmas\u0131n\u0131n 5 Nedeni<\/span><\/a><\/p>\n<p class=\"p1\" style=\"text-align: center;\"><a href=\"https:\/\/optimas.com\/tr\/blog\/top-3-things-to-look-for-in-a-vmi-partner\/\" target=\"_blank\" rel=\"noopener\"><span class=\"s1\">Envanter Y\u00f6netimi \u0130\u015f Orta\u011f\u0131nda Aranacak \u0130lk 3 \u015eey<\/span><\/a><\/p>\n<p class=\"p1\" style=\"text-align: center;\"><a href=\"https:\/\/optimas.com\/tr\/blog\/kpis-measure-success-vmi-program\/\" target=\"_blank\" rel=\"noopener\"><span class=\"s1\">Envanter Y\u00f6netimi Program\u0131n\u0131z\u0131n De\u011ferini \u00d6l\u00e7mek i\u00e7in 6 KPI<\/span><\/a><\/p>\n<\/div>\n<\/div><\/div><\/div><\/div><\/div><div class=\"fusion-fullwidth fullwidth-box fusion-builder-row-3 fusion-flex-container has-pattern-background has-mask-background nonhundred-percent-fullwidth non-hundred-percent-height-scrolling\" style=\"--awb-border-radius-top-left:0px;--awb-border-radius-top-right:0px;--awb-border-radius-bottom-right:0px;--awb-border-radius-bottom-left:0px;--awb-margin-bottom:60px;--awb-flex-wrap:wrap;\" ><div class=\"fusion-builder-row fusion-row fusion-flex-align-items-flex-start fusion-flex-content-wrap\" style=\"max-width:104%;margin-left: calc(-4% \/ 2 );margin-right: calc(-4% \/ 2 );\"><div class=\"fusion-layout-column fusion_builder_column fusion-builder-column-3 fusion_builder_column_1_1 1_1 fusion-flex-column max1200\" style=\"--awb-bg-size:cover;--awb-width-large:100%;--awb-margin-top-large:0px;--awb-spacing-right-large:1.92%;--awb-margin-bottom-large:0px;--awb-spacing-left-large:1.92%;--awb-width-medium:100%;--awb-order-medium:0;--awb-spacing-right-medium:1.92%;--awb-spacing-left-medium:1.92%;--awb-width-small:100%;--awb-order-small:0;--awb-spacing-right-small:1.92%;--awb-spacing-left-small:1.92%;\"><div class=\"fusion-column-wrapper fusion-column-has-shadow fusion-flex-justify-content-flex-start fusion-content-layout-column\"><div class=\"fusion-builder-row fusion-builder-row-inner fusion-row fusion-flex-align-items-flex-start fusion-flex-content-wrap\" style=\"--awb-flex-grow:0;--awb-flex-grow-medium:0;--awb-flex-grow-small:0;--awb-flex-shrink:0;--awb-flex-shrink-medium:0;--awb-flex-shrink-small:0;width:104% !important;max-width:104% !important;margin-left: calc(-4% \/ 2 );margin-right: calc(-4% \/ 2 );\"><div class=\"fusion-layout-column fusion_builder_column_inner fusion-builder-nested-column-3 fusion_builder_column_inner_1_2 1_2 fusion-flex-column\" style=\"--awb-bg-color:#ce691d;--awb-bg-color-hover:#ce691d;--awb-bg-size:cover;--awb-width-large:50%;--awb-margin-top-large:0px;--awb-spacing-right-large:0px;--awb-margin-bottom-large:0px;--awb-spacing-left-large:3.84%;--awb-width-medium:100%;--awb-order-medium:0;--awb-spacing-right-medium:1.92%;--awb-spacing-left-medium:1.92%;--awb-width-small:100%;--awb-order-small:0;--awb-spacing-right-small:1.92%;--awb-spacing-left-small:1.92%;\"><div class=\"fusion-column-wrapper fusion-column-has-shadow fusion-flex-justify-content-center fusion-content-layout-column\"><div class=\"fusion-text fusion-text-6 fusion-text-no-margin\" style=\"--awb-margin-top:40px;--awb-margin-right:30px;--awb-margin-bottom:40px;--awb-margin-left:30px;\"><div style=\"float: left;\">\n<h2 class=\"box-header\"><span style=\"color: #ffffff;\">Fazlas\u0131 Var<br \/>\n&amp; Eskimi\u015f envanter?<\/span><\/h2>\n<\/div>\n<div class=\"box-icon\"><img decoding=\"async\" class=\"alignnone size-full wp-image-6156\" src=\"https:\/\/optimas.com\/wp-content\/uploads\/2023\/02\/White-Arrow-Icon.png\" alt=\"\" width=\"61\" height=\"80\" srcset=\"https:\/\/optimas.com\/wp-content\/uploads\/2023\/02\/White-Arrow-Icon-9x12.png 9w, https:\/\/optimas.com\/wp-content\/uploads\/2023\/02\/White-Arrow-Icon.png 61w\" sizes=\"(max-width: 61px) 100vw, 61px\" \/><\/div>\n<\/div><\/div><\/div><div class=\"fusion-layout-column fusion_builder_column_inner fusion-builder-nested-column-4 fusion_builder_column_inner_1_2 1_2 fusion-flex-column\" style=\"--awb-bg-color:#e87722;--awb-bg-color-hover:#e87722;--awb-bg-size:cover;--awb-width-large:50%;--awb-margin-top-large:0px;--awb-spacing-right-large:3.84%;--awb-margin-bottom-large:0px;--awb-spacing-left-large:0px;--awb-width-medium:100%;--awb-order-medium:0;--awb-spacing-right-medium:1.92%;--awb-spacing-left-medium:1.92%;--awb-width-small:100%;--awb-order-small:0;--awb-spacing-right-small:1.92%;--awb-spacing-left-small:1.92%;\"><div class=\"fusion-column-wrapper fusion-column-has-shadow fusion-flex-justify-content-center fusion-content-layout-column\"><div class=\"fusion-text fusion-text-7 fusion-text-no-margin\" style=\"--awb-margin-top:40px;--awb-margin-right:30px;--awb-margin-bottom:40px;--awb-margin-left:30px;\"><div style=\"float: left;\">\n<h2 class=\"box-header\"><span style=\"color: #53565a;\">Daha Az Envanter Tutun<br \/>\nElde.<\/span><\/h2>\n<\/div>\n<div style=\"float: right;\"><img decoding=\"async\" class=\"alignnone size-full wp-image-6156\" src=\"https:\/\/optimas.com\/wp-content\/uploads\/2023\/02\/Inventory-Icon.png\" alt=\"\" width=\"61\" height=\"80\" \/><\/div>\n<\/div><\/div><\/div><\/div><\/div><\/div><div class=\"fusion-layout-column fusion_builder_column fusion-builder-column-4 fusion_builder_column_1_1 1_1 fusion-flex-column max1200\" style=\"--awb-padding-top:20px;--awb-padding-bottom:20px;--awb-bg-size:cover;--awb-border-color:#e87722;--awb-border-top:0;--awb-border-right:1px;--awb-border-bottom:1px;--awb-border-left:1px;--awb-border-style:solid;--awb-width-large:100%;--awb-margin-top-large:0px;--awb-spacing-right-large:1.92%;--awb-margin-bottom-large:20px;--awb-spacing-left-large:1.92%;--awb-width-medium:100%;--awb-order-medium:0;--awb-spacing-right-medium:1.92%;--awb-spacing-left-medium:1.92%;--awb-width-small:100%;--awb-order-small:0;--awb-spacing-right-small:1.92%;--awb-spacing-left-small:1.92%;\"><div class=\"fusion-column-wrapper fusion-column-has-shadow fusion-flex-justify-content-flex-start fusion-content-layout-column\"><div class=\"fusion-text fusion-text-8\"><h2 class=\"p1\" style=\"text-align: center; font-size: 32px; color: #e87722;\">Bu Optimas Kaynaklar\u0131 Yard\u0131mc\u0131 Olabilir:<\/h2>\n<div class=\"grey-link\">\n<p class=\"p1\" style=\"text-align: center;\"><a href=\"https:\/\/optimas.com\/tr\/resources\/daily-inventory-management-maximizes-efficiency\/\" target=\"_blank\" rel=\"noopener\"><span class=\"s1\">G\u00fcnl\u00fck Envanter Y\u00f6netimi Verimlili\u011fi En \u00dcst D\u00fczeye \u00c7\u0131kar\u0131r<\/span><\/a><\/p>\n<p class=\"p1\" style=\"text-align: center;\"><a href=\"https:\/\/optimas.com\/tr\/resources\/metal-fabricator-increases-productivity-with-consolidated-supply-chain\/\" target=\"_blank\" rel=\"noopener\"><span class=\"s1\">Metal Fabricator, Konsolide Tedarik Zinciriyle Verimlili\u011fi Art\u0131r\u0131yor<\/span><\/a><\/p>\n<p class=\"p1\" style=\"text-align: center;\"><a href=\"https:\/\/optimas.com\/tr\/blog\/is-it-time-to-embrace-inventory-management-technology\/\" target=\"_blank\" rel=\"noopener\"><span class=\"s1\">Envanter Y\u00f6netimi \u00c7\u00f6z\u00fcmlerini Kucaklaman\u0131n Zaman\u0131 Geldi mi?<\/span><\/a><\/p>\n<p class=\"p1\" style=\"text-align: center;\"><a href=\"https:\/\/optimas.com\/tr\/blog\/how-vmi-programs-lower-your-total-cost-of-ownership\/\" target=\"_blank\" rel=\"noopener\"><span class=\"s1\">Envanter Y\u00f6netimi Programlar\u0131 Toplam Sahip Olma Maliyetinizi Nas\u0131l D\u00fc\u015f\u00fcr\u00fcr?<\/span><\/a><\/p>\n<\/div>\n<\/div><\/div><\/div><\/div><\/div><div class=\"fusion-fullwidth fullwidth-box fusion-builder-row-4 fusion-flex-container has-pattern-background has-mask-background nonhundred-percent-fullwidth non-hundred-percent-height-scrolling\" style=\"--awb-border-radius-top-left:0px;--awb-border-radius-top-right:0px;--awb-border-radius-bottom-right:0px;--awb-border-radius-bottom-left:0px;--awb-margin-bottom:60px;--awb-flex-wrap:wrap;\" ><div class=\"fusion-builder-row fusion-row fusion-flex-align-items-flex-start fusion-flex-content-wrap\" style=\"max-width:104%;margin-left: calc(-4% \/ 2 );margin-right: calc(-4% \/ 2 );\"><div class=\"fusion-layout-column fusion_builder_column fusion-builder-column-5 fusion_builder_column_1_1 1_1 fusion-flex-column max1200\" style=\"--awb-bg-size:cover;--awb-width-large:100%;--awb-margin-top-large:0px;--awb-spacing-right-large:1.92%;--awb-margin-bottom-large:0px;--awb-spacing-left-large:1.92%;--awb-width-medium:100%;--awb-order-medium:0;--awb-spacing-right-medium:1.92%;--awb-spacing-left-medium:1.92%;--awb-width-small:100%;--awb-order-small:0;--awb-spacing-right-small:1.92%;--awb-spacing-left-small:1.92%;\"><div class=\"fusion-column-wrapper fusion-column-has-shadow fusion-flex-justify-content-flex-start fusion-content-layout-column\"><div class=\"fusion-builder-row fusion-builder-row-inner fusion-row fusion-flex-align-items-flex-start fusion-flex-content-wrap\" style=\"--awb-flex-grow:0;--awb-flex-grow-medium:0;--awb-flex-grow-small:0;--awb-flex-shrink:0;--awb-flex-shrink-medium:0;--awb-flex-shrink-small:0;width:104% !important;max-width:104% !important;margin-left: calc(-4% \/ 2 );margin-right: calc(-4% \/ 2 );\"><div class=\"fusion-layout-column fusion_builder_column_inner fusion-builder-nested-column-5 fusion_builder_column_inner_1_2 1_2 fusion-flex-column\" style=\"--awb-bg-color:#0291c7;--awb-bg-color-hover:#0291c7;--awb-bg-size:cover;--awb-width-large:50%;--awb-margin-top-large:0px;--awb-spacing-right-large:0px;--awb-margin-bottom-large:0px;--awb-spacing-left-large:3.84%;--awb-width-medium:100%;--awb-order-medium:0;--awb-spacing-right-medium:1.92%;--awb-spacing-left-medium:1.92%;--awb-width-small:100%;--awb-order-small:0;--awb-spacing-right-small:1.92%;--awb-spacing-left-small:1.92%;\"><div class=\"fusion-column-wrapper fusion-column-has-shadow fusion-flex-justify-content-center fusion-content-layout-column\"><div class=\"fusion-text fusion-text-9 fusion-text-no-margin\" style=\"--awb-margin-top:40px;--awb-margin-right:30px;--awb-margin-bottom:40px;--awb-margin-left:30px;\"><div style=\"float: left;\">\n<h2 class=\"box-header\"><span style=\"color: #ffffff;\">yapam\u0131yor musun<br \/>\nTalebi \u00d6ng\u00f6r\u00fcyor musunuz?<\/span><\/h2>\n<\/div>\n<div class=\"box-icon\"><img decoding=\"async\" class=\"alignnone size-full wp-image-6156\" src=\"https:\/\/optimas.com\/wp-content\/uploads\/2023\/02\/White-Arrow-Icon.png\" alt=\"\" width=\"61\" height=\"80\" srcset=\"https:\/\/optimas.com\/wp-content\/uploads\/2023\/02\/White-Arrow-Icon-9x12.png 9w, https:\/\/optimas.com\/wp-content\/uploads\/2023\/02\/White-Arrow-Icon.png 61w\" sizes=\"(max-width: 61px) 100vw, 61px\" \/><\/div>\n<\/div><\/div><\/div><div class=\"fusion-layout-column fusion_builder_column_inner fusion-builder-nested-column-6 fusion_builder_column_inner_1_2 1_2 fusion-flex-column\" style=\"--awb-bg-color:#00a3e0;--awb-bg-color-hover:#00a3e0;--awb-bg-size:cover;--awb-width-large:50%;--awb-margin-top-large:0px;--awb-spacing-right-large:3.84%;--awb-margin-bottom-large:0px;--awb-spacing-left-large:0px;--awb-width-medium:100%;--awb-order-medium:0;--awb-spacing-right-medium:1.92%;--awb-spacing-left-medium:1.92%;--awb-width-small:100%;--awb-order-small:0;--awb-spacing-right-small:1.92%;--awb-spacing-left-small:1.92%;\"><div class=\"fusion-column-wrapper fusion-column-has-shadow fusion-flex-justify-content-center fusion-content-layout-column\"><div class=\"fusion-text fusion-text-10 fusion-text-no-margin\" style=\"--awb-margin-top:40px;--awb-margin-right:30px;--awb-margin-bottom:40px;--awb-margin-left:30px;\"><div style=\"float: left;\">\n<h2 class=\"box-header\"><span style=\"color: #53565a;\">Talebe Dayal\u0131 Ba\u015flat<br \/>\nPlanlama.<\/span><\/h2>\n<\/div>\n<div style=\"float: right;\"><img decoding=\"async\" class=\"alignnone size-full wp-image-6156\" src=\"https:\/\/optimas.com\/wp-content\/uploads\/2023\/02\/Cellphone-Icon.png\" alt=\"\" width=\"61\" height=\"80\" \/><\/div>\n<\/div><\/div><\/div><\/div><\/div><\/div><div class=\"fusion-layout-column fusion_builder_column fusion-builder-column-6 fusion_builder_column_1_1 1_1 fusion-flex-column max1200\" style=\"--awb-padding-top:20px;--awb-padding-bottom:20px;--awb-bg-size:cover;--awb-border-color:#00a3e0;--awb-border-top:0;--awb-border-right:1px;--awb-border-bottom:1px;--awb-border-left:1px;--awb-border-style:solid;--awb-width-large:100%;--awb-margin-top-large:0px;--awb-spacing-right-large:1.92%;--awb-margin-bottom-large:20px;--awb-spacing-left-large:1.92%;--awb-width-medium:100%;--awb-order-medium:0;--awb-spacing-right-medium:1.92%;--awb-spacing-left-medium:1.92%;--awb-width-small:100%;--awb-order-small:0;--awb-spacing-right-small:1.92%;--awb-spacing-left-small:1.92%;\"><div class=\"fusion-column-wrapper fusion-column-has-shadow fusion-flex-justify-content-flex-start fusion-content-layout-column\"><div class=\"fusion-text fusion-text-11\"><h2 class=\"p1\" style=\"text-align: center; font-size: 32px; color: #00a3e0;\">Bu Optimas Kaynaklar\u0131 Yard\u0131mc\u0131 Olabilir:<\/h2>\n<div class=\"grey-link\">\n<p class=\"p1\" style=\"text-align: center;\"><a href=\"https:\/\/optimas.com\/tr\/blog\/how-to-remove-potential-roadblocks-in-inventory-management\/\" target=\"_blank\" rel=\"noopener\"><span class=\"s1\">Envanter Y\u00f6netiminde Olas\u0131 Engeller Nas\u0131l Kald\u0131r\u0131l\u0131r?<\/span><\/a><\/p>\n<p class=\"p1\" style=\"text-align: center;\"><a href=\"https:\/\/optimas.com\/tr\/value-added-services\/optimize-your-inventory\/\" target=\"_blank\" rel=\"noopener\"><span class=\"s1\">Envanter Y\u00f6netiminde Liderler<\/span><\/a><\/p>\n<p class=\"p1\" style=\"text-align: center;\"><a href=\"https:\/\/optimas.com\/tr\/blog\/4-ways-to-make-your-inventory-management-more-efficient\/\" target=\"_blank\" rel=\"noopener\"><span class=\"s1\">Envanter Y\u00f6netiminizi Daha Verimli Hale Getirmenin 4 Yolu<\/span><\/a><\/p>\n<\/div>\n<\/div><\/div><\/div><\/div><\/div><\/p>","protected":false},"excerpt":{"rendered":"","protected":false},"author":3,"featured_media":0,"parent":0,"menu_order":0,"comment_status":"closed","ping_status":"closed","template":"","meta":{"_acf_changed":false,"content-type":"","footnotes":""},"class_list":["post-6137","page","type-page","status-publish","hentry"],"acf":[],"_links":{"self":[{"href":"https:\/\/optimas.com\/tr\/wp-json\/wp\/v2\/pages\/6137","targetHints":{"allow":["GET"]}}],"collection":[{"href":"https:\/\/optimas.com\/tr\/wp-json\/wp\/v2\/pages"}],"about":[{"href":"https:\/\/optimas.com\/tr\/wp-json\/wp\/v2\/types\/page"}],"author":[{"embeddable":true,"href":"https:\/\/optimas.com\/tr\/wp-json\/wp\/v2\/users\/3"}],"replies":[{"embeddable":true,"href":"https:\/\/optimas.com\/tr\/wp-json\/wp\/v2\/comments?post=6137"}],"version-history":[{"count":0,"href":"https:\/\/optimas.com\/tr\/wp-json\/wp\/v2\/pages\/6137\/revisions"}],"wp:attachment":[{"href":"https:\/\/optimas.com\/tr\/wp-json\/wp\/v2\/media?parent=6137"}],"curies":[{"name":"wp","href":"https:\/\/api.w.org\/{rel}","templated":true}]}}