{"id":814,"date":"2019-10-29T15:08:38","date_gmt":"2019-10-29T15:08:38","guid":{"rendered":"https:\/\/optimas.com\/?page_id=814"},"modified":"2026-03-31T16:35:07","modified_gmt":"2026-03-31T21:35:07","slug":"team","status":"publish","type":"page","link":"https:\/\/optimas.com\/tr\/about-us\/team\/","title":{"rendered":"Liderlik Ekibimiz"},"content":{"rendered":"<div class=\"fusion-fullwidth fullwidth-box fusion-builder-row-1 nonhundred-percent-fullwidth non-hundred-percent-height-scrolling\" style=\"--awb-border-radius-top-left:0px;--awb-border-radius-top-right:0px;--awb-border-radius-bottom-right:0px;--awb-border-radius-bottom-left:0px;--awb-flex-wrap:wrap;\" ><div class=\"fusion-builder-row fusion-row\"><div class=\"fusion-layout-column fusion_builder_column fusion-builder-column-0 fusion_builder_column_1_1 1_1 fusion-one-full fusion-column-first fusion-column-last max1200\" style=\"--awb-bg-size:cover;\"><div class=\"fusion-column-wrapper fusion-column-has-shadow fusion-flex-column-wrapper-legacy\"><div class=\"fusion-builder-row fusion-builder-row-inner fusion-row\"><div class=\"fusion-layout-column fusion_builder_column_inner fusion-builder-nested-column-0 fusion_builder_column_inner_1_1 1_1 fusion-one-full fusion-column-first fusion-column-last\" style=\"--awb-padding-bottom:30px;--awb-bg-size:cover;\"><div class=\"fusion-column-wrapper fusion-column-has-shadow fusion-flex-column-wrapper-legacy\"><div class=\"fusion-text fusion-text-1\"><h1>Liderlik Ekibimiz<\/h1>\n<\/div><div class=\"fusion-clearfix\"><\/div><\/div><\/div><div class=\"fusion-layout-column fusion_builder_column_inner fusion-builder-nested-column-1 fusion_builder_column_inner_1_4 1_4 fusion-one-fourth fusion-column-first\" style=\"--awb-bg-size:cover;width:25%;width:calc(25% - ( ( 4% ) * 0.25 ) );margin-right: 4%;\" id=\"harms\"><div class=\"fusion-column-wrapper fusion-column-has-shadow fusion-flex-column-wrapper-legacy\"><div class=\"fusion-image-element fusion-image-align-center in-legacy-container\" style=\"text-align:center;--awb-caption-title-font-family:var(--h2_typography-font-family);--awb-caption-title-font-weight:var(--h2_typography-font-weight);--awb-caption-title-font-style:var(--h2_typography-font-style);--awb-caption-title-size:var(--h2_typography-font-size);--awb-caption-title-transform:var(--h2_typography-text-transform);--awb-caption-title-line-height:var(--h2_typography-line-height);--awb-caption-title-letter-spacing:var(--h2_typography-letter-spacing);\"><div class=\"imageframe-align-center\"><span class=\"fusion-imageframe imageframe-none imageframe-1 hover-type-none\" id=\"strandquist\"><img decoding=\"async\" width=\"330\" height=\"330\" alt=\"Daniel Harms Optimas Solutions&#039;\u0131n CEO&#039;su\" title=\"Daniel-Harms\" src=\"https:\/\/optimas.com\/wp-content\/uploads\/2021\/08\/Daniel-Harms.jpg\" class=\"img-responsive wp-image-4534\" srcset=\"https:\/\/optimas.com\/wp-content\/uploads\/2021\/08\/Daniel-Harms-200x200.jpg 200w, https:\/\/optimas.com\/wp-content\/uploads\/2021\/08\/Daniel-Harms.jpg 330w\" sizes=\"(max-width: 800px) 100vw, 330px\" \/><\/span><\/div><\/div><div class=\"fusion-clearfix\"><\/div><\/div><\/div><div class=\"fusion-layout-column fusion_builder_column_inner fusion-builder-nested-column-2 fusion_builder_column_inner_3_4 3_4 fusion-three-fourth fusion-column-last\" style=\"--awb-bg-size:cover;width:75%;width:calc(75% - ( ( 4% ) * 0.75 ) );\" id=\"harms\"><div class=\"fusion-column-wrapper fusion-column-has-shadow fusion-flex-column-wrapper-legacy\"><div class=\"fusion-text fusion-text-2\"><h1>Daniel Harms<\/h1>\n<div class=\"PD IF\">\n<div id=\":a5.co\" class=\"JL\">\n<div id=\":ax.ma\" class=\"Mu SP\" data-tooltip=\"December 9, 2019 at 11:35:57 AM UTC-8\"><strong><span id=\":ax.co\" class=\"tL8wMe EMoHub\" dir=\"ltr\">CEO<\/span><\/strong><\/div>\n<\/div>\n<\/div>\n<\/div><div class=\"fusion-sep-clear\"><\/div><div class=\"fusion-separator fusion-full-width-sep\" style=\"margin-left: auto;margin-right: auto;margin-top:10px;margin-bottom:10px;width:100%;\"><\/div><div class=\"fusion-sep-clear\"><\/div><div class=\"fusion-text fusion-text-3\"><p>Daniel Harms, Amerika CEO&#039;su ve Optimas Solutions&#039;ta Y\u00f6netim Kurulu \u00fcyesidir. Amerika Birle\u015fik Devletleri, Kanada, Meksika ve G\u00fcney Amerika&#039;da disiplinli gelir ve k\u00e2rl\u0131 b\u00fcy\u00fcme sa\u011flayan, operasyonel m\u00fckemmelli\u011fi y\u00fckselten ve m\u00fc\u015fteri hizmetlerini geli\u015ftiren stratejilerden sorumludur.<\/p>\n<p>&nbsp;<\/p>\n<p>Ayn\u0131 y\u0131l\u0131n Nisan ay\u0131nda Kuzey Amerika&#039;daki da\u011f\u0131t\u0131m merkezleri, kaynak kullan\u0131m\u0131 ve tedarik zincirine odaklanan Operasyon Direkt\u00f6r\u00fc olarak \u015firkete kat\u0131ld\u0131ktan sonra 2021 y\u0131l\u0131n\u0131n A\u011fustos ay\u0131nda Amerika Ba\u015fkan\u0131 olarak terfi etti.<\/p>\n<p>&nbsp;<\/p>\n<p>Yakla\u015f\u0131k 20 y\u0131ll\u0131k tedarik zinciri deneyimine sahip stratejik bir d\u00fc\u015f\u00fcnce lideri olan Daniel, birden fazla sekt\u00f6rde operasyonel m\u00fckemmellik sa\u011flamak i\u00e7in y\u00fcksek performansl\u0131 ekipler kurdu ve onlara rehberlik etti. Etkileyici liderlik tarz\u0131 ve sorun \u00e7\u00f6zmeye y\u00f6nelik veriye dayal\u0131 yakla\u015f\u0131m\u0131, s\u00fcrekli olarak $100 milyonun \u00fczerinde K\u00e2r ve Zarar ile gelir ve net b\u00fcy\u00fcme sa\u011flad\u0131.<\/p>\n<p>&nbsp;<\/p>\n<p>Optimas&#039;a kat\u0131lmadan \u00f6nce Daniel, DSC\/CJ Logistics&#039;te, Operasyonlardan Sorumlu K\u0131demli Ba\u015fkan Yard\u0131mc\u0131l\u0131\u011f\u0131na kadar uzanan \u00e7e\u015fitli artan sorumluluk pozisyonlar\u0131nda bulundu. Bu g\u00f6revde, ulusal \u00e7apta \u00e7ok say\u0131da da\u011f\u0131t\u0131m merkezinin operasyonel sorumlulu\u011funu ve m\u00fc\u015fteri ili\u015fkilerinin stratejik g\u00f6zetimini \u00fcstlendi. Buna liderlik geli\u015fimi, finansal\/operasyonel performans ve i\u015f s\u00fcreci geli\u015fimi dahildir. Daniel, g\u00f6rev s\u00fcresi boyunca \u015firketin performans \u00f6l\u00e7\u00fctlerini ileriye ta\u015f\u0131yan insanlara, s\u00fcre\u00e7lere ve teknoloji giri\u015fimlerine liderlik etti.<\/p>\n<p>&nbsp;<\/p>\n<p>Daniel, Georgia Eyalet \u00dcniversitesi&#039;ndeki J. Mack Robinson \u0130\u015fletme Fak\u00fcltesi&#039;nden \u0130\u015fletme Y\u00fcksek Lisans derecesi ve Tennessee \u00dcniversitesi&#039;nden \u0130\u015fletme Lisans Derecesi ald\u0131. Halen e\u015fi Laura ve \u00e7ocuklar\u0131 Caleb, Major ve Colby ile birlikte Atlanta banliy\u00f6lerinde ya\u015f\u0131yor. Daniel, Tedarik Zinciri Y\u00f6netimi Uzmanlar\u0131 Konseyi&#039;nin bir \u00fcyesidir ve zaman\u0131n\u0131 yerel kilise ve Scouts BSA organizasyonlar\u0131nda g\u00f6n\u00fcll\u00fc olarak harcamaktad\u0131r.<\/p>\n<\/div><div class=\"fusion-sep-clear\"><\/div><div class=\"fusion-separator fusion-full-width-sep\" style=\"margin-left: auto;margin-right: auto;margin-top:10px;margin-bottom:10px;width:100%;\"><\/div><div class=\"fusion-sep-clear\"><\/div><div class=\"fusion-text fusion-text-4\"><p><a href=\"https:\/\/www.linkedin.com\/in\/daniel-harms-4b928227\/\" target=\"_blank\" rel=\"noopener noreferrer nofollow\"><img decoding=\"async\" class=\"alignnone\" src=\"\/wp-content\/uploads\/2019\/10\/in.jpg\" alt=\"\" width=\"28\" height=\"28\" \/><\/a><\/p>\n<\/div><div class=\"fusion-clearfix\"><\/div><\/div><\/div><div class=\"fusion-layout-column fusion_builder_column_inner fusion-builder-nested-column-3 fusion_builder_column_inner_1_1 1_1 fusion-one-full fusion-column-first fusion-column-last\" style=\"--awb-bg-size:cover;\"><div class=\"fusion-column-wrapper fusion-column-has-shadow fusion-flex-column-wrapper-legacy\"><div class=\"fusion-sep-clear\"><\/div><div class=\"fusion-separator fusion-full-width-sep\" style=\"margin-left: auto;margin-right: auto;margin-top:10px;margin-bottom:30px;width:100%;\"><div class=\"fusion-separator-border sep-single sep-solid\" style=\"--awb-height:20px;--awb-amount:20px;--awb-sep-color:#a9aaac;border-color:#a9aaac;border-top-width:1px;\"><\/div><\/div><div class=\"fusion-sep-clear\"><\/div><div class=\"fusion-clearfix\"><\/div><\/div><\/div><div class=\"fusion-layout-column fusion_builder_column_inner fusion-builder-nested-column-4 fusion_builder_column_inner_1_4 1_4 fusion-one-fourth fusion-column-first\" style=\"--awb-bg-size:cover;width:25%;width:calc(25% - ( ( 4% ) * 0.25 ) );margin-right: 4%;\" id=\"mark\" data-scroll-devices=\"small-visibility,medium-visibility,large-visibility\"><div class=\"fusion-column-wrapper fusion-column-has-shadow fusion-flex-column-wrapper-legacy\"><div class=\"fusion-image-element fusion-image-align-center in-legacy-container\" style=\"text-align:center;--awb-caption-title-font-family:var(--h2_typography-font-family);--awb-caption-title-font-weight:var(--h2_typography-font-weight);--awb-caption-title-font-style:var(--h2_typography-font-style);--awb-caption-title-size:var(--h2_typography-font-size);--awb-caption-title-transform:var(--h2_typography-text-transform);--awb-caption-title-line-height:var(--h2_typography-line-height);--awb-caption-title-letter-spacing:var(--h2_typography-letter-spacing);\"><div class=\"imageframe-align-center\"><span class=\"fusion-imageframe imageframe-none imageframe-2 hover-type-none\"><img decoding=\"async\" width=\"368\" height=\"368\" title=\"Mark-Korba-Headshot\" src=\"https:\/\/optimas.com\/wp-content\/uploads\/2023\/07\/Mark-Korba-Headshot.jpg\" alt class=\"img-responsive wp-image-7304\" srcset=\"https:\/\/optimas.com\/wp-content\/uploads\/2023\/07\/Mark-Korba-Headshot-200x200.jpg 200w, https:\/\/optimas.com\/wp-content\/uploads\/2023\/07\/Mark-Korba-Headshot.jpg 368w\" sizes=\"(max-width: 800px) 100vw, 368px\" \/><\/span><\/div><\/div><div class=\"fusion-clearfix\"><\/div><\/div><\/div><div class=\"fusion-layout-column fusion_builder_column_inner fusion-builder-nested-column-5 fusion_builder_column_inner_3_4 3_4 fusion-three-fourth fusion-column-last\" style=\"--awb-bg-size:cover;width:75%;width:calc(75% - ( ( 4% ) * 0.75 ) );\"><div class=\"fusion-column-wrapper fusion-column-has-shadow fusion-flex-column-wrapper-legacy\"><div class=\"fusion-text fusion-text-5\" style=\"--awb-text-transform:none;\"><h1>Mark Korba<\/h1>\n<div class=\"PD IF\">\n<div id=\":a5.co\" class=\"JL\">\n<div id=\":ax.ma\" class=\"Mu SP\" data-tooltip=\"December 9, 2019 at 11:35:57 AM UTC-8\"><strong>Chief Operating Officer<\/strong><\/div>\n<\/div>\n<\/div>\n<\/div><div class=\"fusion-sep-clear\"><\/div><div class=\"fusion-separator fusion-full-width-sep\" style=\"margin-left: auto;margin-right: auto;margin-top:10px;margin-bottom:10px;width:100%;\"><\/div><div class=\"fusion-sep-clear\"><\/div><div class=\"fusion-text fusion-text-6\" style=\"--awb-text-transform:none;\"><p>Mark Korba, 2021&#039;de Optimas&#039;a kat\u0131ld\u0131 ve dahili stratejilerin geli\u015ftirilmesinden ve y\u00fcr\u00fct\u00fclmesinden ve temel i\u015f \u00f6nceliklerimizin s\u00fcrekli olarak uyumlu hale getirilmesinden sorumludur. \u0130cra Ekibinin kilit bir \u00fcyesi olarak, ayn\u0131 zamanda Optimas&#039;\u0131n m\u00fclkiyeti ile birincil irtibat g\u00f6revlisi olarak hareket eder. Bu sorumluluklara ek olarak Korba, kurulu\u015fun k\u00fcresel \u0130\u015f Zekas\u0131 ve Program Y\u00f6netim Ofisi (PMO) i\u015flevlerini y\u00f6netmektedir. Korba, Sat\u0131\u015f, Finans, Operasyon, End\u00fcstri M\u00fchendisli\u011fi ve \u0130\u015f Zekas\u0131 alanlar\u0131ndaki \u00f6nceki rolleriyle Optimas&#039;a zengin bir deneyim getiriyor. Optimas&#039;a kat\u0131lmadan \u00f6nce Korba, Teknoloji, M\u00fchendislik, Sistemler ve \u00c7\u00f6z\u00fcmlerden Sorumlu K\u0131demli Ba\u015fkan Yard\u0131mc\u0131s\u0131 oldu\u011fu CJ Logistics&#039;te \u00e7al\u0131\u015ft\u0131. Korba, Roosevelt \u00dcniversitesi&#039;nden Finans alan\u0131nda lisans derecesine ve Ekonomi alan\u0131nda MBA derecesine sahiptir.<\/p>\n<\/div><div class=\"fusion-sep-clear\"><\/div><div class=\"fusion-separator fusion-full-width-sep\" style=\"margin-left: auto;margin-right: auto;margin-top:10px;margin-bottom:10px;width:100%;\"><\/div><div class=\"fusion-sep-clear\"><\/div><div class=\"fusion-text fusion-text-7\" style=\"--awb-text-transform:none;\"><p><a href=\"https:\/\/www.linkedin.com\/in\/mark-korba-98486a13\/\" target=\"_blank\" rel=\"noopener noreferrer nofollow\"><img decoding=\"async\" class=\"alignnone\" src=\"\/wp-content\/uploads\/2019\/10\/in.jpg\" alt=\"\" width=\"28\" height=\"28\" \/><\/a><\/p>\n<\/div><div class=\"fusion-clearfix\"><\/div><\/div><\/div><div class=\"fusion-layout-column fusion_builder_column_inner fusion-builder-nested-column-6 fusion_builder_column_inner_1_1 1_1 fusion-one-full fusion-column-first fusion-column-last\" style=\"--awb-bg-size:cover;\"><div class=\"fusion-column-wrapper fusion-column-has-shadow fusion-flex-column-wrapper-legacy\"><div class=\"fusion-sep-clear\"><\/div><div class=\"fusion-separator fusion-full-width-sep\" style=\"margin-left: auto;margin-right: auto;margin-top:10px;margin-bottom:30px;width:100%;\"><div class=\"fusion-separator-border sep-single sep-solid\" style=\"--awb-height:20px;--awb-amount:20px;--awb-sep-color:#a9aaac;border-color:#a9aaac;border-top-width:1px;\"><\/div><\/div><div class=\"fusion-sep-clear\"><\/div><div class=\"fusion-clearfix\"><\/div><\/div><\/div><div class=\"fusion-layout-column fusion_builder_column_inner fusion-builder-nested-column-7 fusion_builder_column_inner_1_4 1_4 fusion-one-fourth fusion-column-first\" style=\"--awb-bg-size:cover;width:25%;width:calc(25% - ( ( 4% ) * 0.25 ) );margin-right: 4%;\" id=\"schorr\"><div class=\"fusion-column-wrapper fusion-column-has-shadow fusion-flex-column-wrapper-legacy\"><div class=\"fusion-image-element fusion-image-align-center in-legacy-container\" style=\"text-align:center;--awb-caption-title-font-family:var(--h2_typography-font-family);--awb-caption-title-font-weight:var(--h2_typography-font-weight);--awb-caption-title-font-style:var(--h2_typography-font-style);--awb-caption-title-size:var(--h2_typography-font-size);--awb-caption-title-transform:var(--h2_typography-text-transform);--awb-caption-title-line-height:var(--h2_typography-line-height);--awb-caption-title-letter-spacing:var(--h2_typography-letter-spacing);\"><div class=\"imageframe-align-center\"><span class=\"fusion-imageframe imageframe-none imageframe-3 hover-type-none\" id=\"daly\"><img decoding=\"async\" width=\"330\" height=\"330\" alt=\"Paul Schorr Optimas Solutions&#039;\u0131n CTO&#039;su\" title=\"Paul Schorr\" src=\"https:\/\/optimas.com\/wp-content\/uploads\/2022\/05\/Paul-Schorr.jpg\" class=\"img-responsive wp-image-4953\" srcset=\"https:\/\/optimas.com\/wp-content\/uploads\/2022\/05\/Paul-Schorr-200x200.jpg 200w, https:\/\/optimas.com\/wp-content\/uploads\/2022\/05\/Paul-Schorr.jpg 330w\" sizes=\"(max-width: 800px) 100vw, 330px\" \/><\/span><\/div><\/div><div class=\"fusion-clearfix\"><\/div><\/div><\/div><div class=\"fusion-layout-column fusion_builder_column_inner fusion-builder-nested-column-8 fusion_builder_column_inner_3_4 3_4 fusion-three-fourth fusion-column-last\" style=\"--awb-bg-size:cover;width:75%;width:calc(75% - ( ( 4% ) * 0.75 ) );\"><div class=\"fusion-column-wrapper fusion-column-has-shadow fusion-flex-column-wrapper-legacy\"><div class=\"fusion-text fusion-text-8\" style=\"--awb-text-transform:none;\"><h1>Paul Schorr<\/h1>\n<div class=\"PD IF\">\n<div id=\":a5.co\" class=\"JL\">\n<div id=\":ax.ma\" class=\"Mu SP\" data-tooltip=\"December 9, 2019 at 11:35:57 AM UTC-8\"><strong>Bili\u015fim Kurulu Ba\u015fkan\u0131<\/strong><\/div>\n<\/div>\n<\/div>\n<\/div><div class=\"fusion-sep-clear\"><\/div><div class=\"fusion-separator fusion-full-width-sep\" style=\"margin-left: auto;margin-right: auto;margin-top:10px;margin-bottom:10px;width:100%;\"><\/div><div class=\"fusion-sep-clear\"><\/div><div class=\"fusion-text fusion-text-9\" style=\"--awb-text-transform:none;\"><p>Paul Schorr, Optimas Solutions&#039;\u0131n teknoloji stratejisine liderlik ediyor ve \u015firket i\u00e7in BT&#039;nin t\u00fcm y\u00f6nlerini denetliyor. Optimas, onun rehberli\u011finde i\u015f verimliliklerini art\u0131ran, b\u00fcy\u00fcmeyi h\u0131zland\u0131ran ve m\u00fc\u015fterilerimiz i\u00e7in daha fazla yenilik getiren teknolojiye stratejik olarak yat\u0131r\u0131m yapmay\u0131 planl\u0131yor. Optimas&#039;a kat\u0131lmadan \u00f6nce Paul, bir teknoloji ve i\u015f dan\u0131\u015fmanl\u0131\u011f\u0131 firmas\u0131 olan Strategic Outlook LLC&#039;nin kurucusu ve y\u00f6netici dan\u0131\u015fman\u0131yd\u0131. Strategic Outlook i\u00e7in Paul, Zesty Paws, Zenwise LLC ve uni-ball Corporation&#039;da s\u00f6zle\u015fmeli CIO olarak g\u00f6rev yapt\u0131. Paul, kariyerinin ba\u015flar\u0131nda Patterson Medical&#039;de CIO olarak g\u00f6rev yapt\u0131, daha sonra ad\u0131 Performance Health olarak de\u011fi\u015ftirildi, b\u00fcy\u00fcyen bir k\u00fcresel \u00fcretici ve rehabilitasyon ve kurtarma t\u0131bbi \u00fcr\u00fcnleri da\u011f\u0131t\u0131c\u0131s\u0131yd\u0131. Performance Health&#039;te Paul, Oracle NetSuite ERP ve di\u011fer bulut tabanl\u0131 \u00e7\u00f6z\u00fcmlere odaklanan uzun vadeli bir teknoloji stratejisi uygulad\u0131. Oracle NetSuite ERP, Optimas Solutions taraf\u0131ndan son zamanlarda uygulanan ba\u015fl\u0131ca kurumsal kaynak planlama arac\u0131d\u0131r. Paul ayr\u0131ca s\u00f6zle\u015fmeye dayal\u0131 B\u00f6l\u00fcm CIO&#039;su olarak Disney Movie Club (Disney Studios&#039;un bir b\u00f6l\u00fcm\u00fc) i\u00e7in BT&#039;ye liderlik etti. Paul, Eastern Illinois \u00dcniversitesi&#039;nden Y\u00f6netim Bili\u015fim Sistemleri alan\u0131nda lisans derecesine sahiptir.<\/p>\n<\/div><div class=\"fusion-sep-clear\"><\/div><div class=\"fusion-separator fusion-full-width-sep\" style=\"margin-left: auto;margin-right: auto;margin-top:10px;margin-bottom:10px;width:100%;\"><\/div><div class=\"fusion-sep-clear\"><\/div><div class=\"fusion-text fusion-text-10\" style=\"--awb-text-transform:none;\"><p><a href=\"https:\/\/www.linkedin.com\/in\/paulschorr\/\" target=\"_blank\" rel=\"noopener noreferrer nofollow\"><img decoding=\"async\" class=\"alignnone\" src=\"\/wp-content\/uploads\/2019\/10\/in.jpg\" alt=\"\" width=\"28\" height=\"28\" \/><\/a><\/p>\n<\/div><div class=\"fusion-clearfix\"><\/div><\/div><\/div><\/div><div class=\"fusion-clearfix\"><\/div><\/div><\/div><\/div><\/div>","protected":false},"excerpt":{"rendered":"","protected":false},"author":1,"featured_media":0,"parent":11,"menu_order":0,"comment_status":"closed","ping_status":"closed","template":"","meta":{"_acf_changed":false,"content-type":"","footnotes":""},"class_list":["post-814","page","type-page","status-publish","hentry"],"acf":[],"_links":{"self":[{"href":"https:\/\/optimas.com\/tr\/wp-json\/wp\/v2\/pages\/814","targetHints":{"allow":["GET"]}}],"collection":[{"href":"https:\/\/optimas.com\/tr\/wp-json\/wp\/v2\/pages"}],"about":[{"href":"https:\/\/optimas.com\/tr\/wp-json\/wp\/v2\/types\/page"}],"author":[{"embeddable":true,"href":"https:\/\/optimas.com\/tr\/wp-json\/wp\/v2\/users\/1"}],"replies":[{"embeddable":true,"href":"https:\/\/optimas.com\/tr\/wp-json\/wp\/v2\/comments?post=814"}],"version-history":[{"count":0,"href":"https:\/\/optimas.com\/tr\/wp-json\/wp\/v2\/pages\/814\/revisions"}],"up":[{"embeddable":true,"href":"https:\/\/optimas.com\/tr\/wp-json\/wp\/v2\/pages\/11"}],"wp:attachment":[{"href":"https:\/\/optimas.com\/tr\/wp-json\/wp\/v2\/media?parent=814"}],"curies":[{"name":"wp","href":"https:\/\/api.w.org\/{rel}","templated":true}]}}