{"id":850,"date":"2019-10-29T19:01:07","date_gmt":"2019-10-29T19:01:07","guid":{"rendered":"https:\/\/optimas.com\/?page_id=850"},"modified":"2024-10-29T15:19:36","modified_gmt":"2024-10-29T20:19:36","slug":"certifications-and-awards","status":"publish","type":"page","link":"https:\/\/optimas.com\/tr\/about-us\/certifications-and-awards\/","title":{"rendered":"Sertifikalar ve \u00d6d\u00fcller"},"content":{"rendered":"<p><div class=\"fusion-fullwidth fullwidth-box fusion-builder-row-1 nonhundred-percent-fullwidth non-hundred-percent-height-scrolling\" style=\"--awb-border-radius-top-left:0px;--awb-border-radius-top-right:0px;--awb-border-radius-bottom-right:0px;--awb-border-radius-bottom-left:0px;--awb-background-color:#ffcd00;--awb-flex-wrap:wrap;\" ><div class=\"fusion-builder-row fusion-row\"><div class=\"fusion-layout-column fusion_builder_column fusion-builder-column-0 fusion_builder_column_1_1 1_1 fusion-one-full fusion-column-first fusion-column-last max1200\" style=\"--awb-padding-top:35px;--awb-padding-right:10px;--awb-padding-bottom:35px;--awb-padding-left:10px;--awb-bg-size:cover;--awb-margin-bottom:0px;\"><div class=\"fusion-column-wrapper fusion-column-has-shadow fusion-flex-column-wrapper-legacy\"><div class=\"fusion-text fusion-text-1\"><h1 style=\"color: #54565a; text-align: center;\"><span style=\"color: #ffffff;\">\u00d6d\u00fcllerimiz<\/span><\/h1>\n<\/div><div class=\"fusion-text fusion-text-2\"><p style=\"text-align: center;\"><span style=\"color: #ffffff; font-size: 25px !important;\">M\u00fc\u015fterilerimize en iyi \u00fcr\u00fcn ve hizmetleri sunmak i\u00e7in \u00e7al\u0131\u015f\u0131yoruz. M\u00fckemmelli\u011fe olan tutkumuz emsalsizdir ve d\u00fcnya genelindeki end\u00fcstri liderleri taraf\u0131ndan s\u00fcrekli olarak tan\u0131nmaktad\u0131r.<\/span><\/p>\n<\/div><div class=\"fusion-clearfix\"><\/div><\/div><\/div><\/div><\/div><div class=\"fusion-fullwidth fullwidth-box fusion-builder-row-2 nonhundred-percent-fullwidth non-hundred-percent-height-scrolling\" style=\"--awb-border-radius-top-left:0px;--awb-border-radius-top-right:0px;--awb-border-radius-bottom-right:0px;--awb-border-radius-bottom-left:0px;--awb-padding-top:40px;--awb-padding-bottom:40px;--awb-flex-wrap:wrap;\" ><div class=\"fusion-builder-row fusion-row\"><div class=\"fusion-layout-column fusion_builder_column fusion-builder-column-1 fusion_builder_column_1_1 1_1 fusion-one-full fusion-column-first fusion-column-last max1200\" style=\"--awb-bg-size:cover;\"><div class=\"fusion-column-wrapper fusion-column-has-shadow fusion-flex-column-wrapper-legacy\"><div class=\"fusion-builder-row fusion-builder-row-inner fusion-row\"><div class=\"fusion-layout-column fusion_builder_column_inner fusion-builder-nested-column-0 fusion_builder_column_inner_1_1 1_1 fusion-one-full fusion-column-first fusion-column-last\" style=\"--awb-bg-size:cover;\"><div class=\"fusion-column-wrapper fusion-column-has-shadow fusion-flex-column-wrapper-legacy\"><div class=\"fusion-text fusion-text-3\"><h2 style=\"text-align: center;\">\u00d6d\u00fcller<\/h2>\n<\/div><div class=\"fusion-clearfix\"><\/div><\/div><\/div><div class=\"fusion-layout-column fusion_builder_column_inner fusion-builder-nested-column-1 fusion_builder_column_inner_1_2 1_2 fusion-one-half fusion-column-first\" style=\"--awb-bg-size:cover;width:50%;width:calc(50% - ( ( 4% ) * 0.5 ) );margin-right: 4%;\"><div class=\"fusion-column-wrapper fusion-column-has-shadow fusion-flex-column-wrapper-legacy\"><div class=\"fusion-text fusion-text-4\"><ul class=\"star\">\n<li>MDM Research Top Fastener Distributors List #7<br \/>\n(US:2024)<\/li>\n<li>Industrial Distributor Magazine Big 50 List #24<br \/>\n(US:2024)<\/li>\n<li>Cummins Kalite \u00d6d\u00fcl\u00fc<br \/>\n(ABD: 2023)<\/li>\n<li>Cummins Kalitede M\u00fckemmellik \u00d6d\u00fcl\u00fc<br \/>\n(K\u00fcresel: 2022)<\/li>\n<li>UK Ventilator Challenge Team Kat\u0131l\u0131mc\u0131s\u0131<br \/>\n(\u0130ngiltere: 2020)<\/li>\n<li>Cummins Engine Ola\u011fan\u00fcst\u00fc Tedarik\u00e7i \u00d6d\u00fcl\u00fc<br \/>\n(\u0130ngiltere: 2020)<\/li>\n<li>La-Z-Boy G\u00fcm\u00fc\u015f Seviye Tedarik\u00e7i \u00d6d\u00fcl\u00fc<br \/>\n(Kuzey Amerika: 2019)<\/li>\n<li>MDM \u00dcst Ba\u011flant\u0131 Eleman\u0131 Da\u011f\u0131t\u0131c\u0131 \u00d6d\u00fcl\u00fc<br \/>\n(Kuzey Amerika: 2015-2019)<\/li>\n<\/ul>\n<\/div><div class=\"fusion-clearfix\"><\/div><\/div><\/div><div class=\"fusion-layout-column fusion_builder_column_inner fusion-builder-nested-column-2 fusion_builder_column_inner_1_2 1_2 fusion-one-half fusion-column-last\" style=\"--awb-bg-size:cover;width:50%;width:calc(50% - ( ( 4% ) * 0.5 ) );\"><div class=\"fusion-column-wrapper fusion-column-has-shadow fusion-flex-column-wrapper-legacy\"><div class=\"fusion-text fusion-text-5\"><ul class=\"star\">\n<li>Magna G\u00fcvenilir Tedarik\u00e7i \u00d6d\u00fcl\u00fc<br \/>\n(Hindistan: 2018)<\/li>\n<li>Caterpillar Tedarik\u00e7i Kalite \u00d6d\u00fcl\u00fc<br \/>\n(\u00c7in: 2018)<\/li>\n<li>Jaguar Land Rover Kalite \u00d6d\u00fcl\u00fc<br \/>\n(\u0130ngiltere: 2016, 2017)<\/li>\n<li>PACCAR Tedarik\u00e7i Performans Y\u00f6netimi \u00d6d\u00fcl\u00fc<br \/>\n(SPM) (Kuzey Amerika: 2017 ve 2018)<\/li>\n<li>Dana En \u0130yile\u015ftirilmi\u015f Tedarik\u00e7i \u00d6d\u00fcl\u00fc<br \/>\n(\u00c7in: 2016)<\/li>\n<li>PACCAR Kalite \u00d6d\u00fcl\u00fc<br \/>\n(Kuzey Amerika: 2012, 2013, 2014, 2015)<\/li>\n<li>Faurecia Stratejik Tedarik\u00e7i \u00d6d\u00fcl\u00fc<br \/>\n(K\u00fcresel: 2014)<\/li>\n<li>JCB En Geli\u015fmi\u015f Tedarik\u00e7i \u00d6d\u00fcl\u00fc<br \/>\n(\u0130ngiltere: 2013)<\/li>\n<\/ul>\n<\/div><div class=\"fusion-clearfix\"><\/div><\/div><\/div><\/div><div class=\"fusion-sep-clear\"><\/div><div class=\"fusion-separator fusion-full-width-sep\" style=\"margin-left: auto;margin-right: auto;margin-top:20px;margin-bottom:20px;width:100%;\"><\/div><div class=\"fusion-sep-clear\"><\/div><div class=\"fusion-clearfix\"><\/div><\/div><\/div><\/div><\/div><div class=\"fusion-fullwidth fullwidth-box fusion-builder-row-3 nonhundred-percent-fullwidth non-hundred-percent-height-scrolling\" style=\"--awb-border-radius-top-left:0px;--awb-border-radius-top-right:0px;--awb-border-radius-bottom-right:0px;--awb-border-radius-bottom-left:0px;--awb-background-color:#00aee0;--awb-flex-wrap:wrap;\" id=\"certs\" ><div class=\"fusion-builder-row fusion-row\"><div class=\"fusion-layout-column fusion_builder_column fusion-builder-column-2 fusion_builder_column_1_1 1_1 fusion-one-full fusion-column-first fusion-column-last max1200\" style=\"--awb-padding-top:35px;--awb-padding-right:10px;--awb-padding-bottom:35px;--awb-padding-left:10px;--awb-bg-size:cover;--awb-margin-bottom:0px;\"><div class=\"fusion-column-wrapper fusion-column-has-shadow fusion-flex-column-wrapper-legacy\"><div class=\"fusion-text fusion-text-6\"><h2 style=\"color: #54565a; text-align: center;\"><span style=\"color: #ffffff;\">Sertifikalar\u0131m\u0131z<\/span><\/h2>\n<\/div><div class=\"fusion-text fusion-text-7\"><p style=\"text-align: center;\"><span style=\"color: #ffffff; font-size: 25px !important;\">En y\u00fcksek kalitede par\u00e7alar ve g\u00f6n\u00fcl rahatl\u0131\u011f\u0131 sa\u011flamak i\u00e7in her y\u0131l sekt\u00f6r lideri sertifikalar\u0131 g\u00fcvence alt\u0131na al\u0131yor ve s\u00fcrd\u00fcr\u00fcyoruz.<\/span><\/p>\n<\/div><div class=\"fusion-clearfix\"><\/div><\/div><\/div><\/div><\/div><div class=\"fusion-fullwidth fullwidth-box fusion-builder-row-4 nonhundred-percent-fullwidth non-hundred-percent-height-scrolling\" style=\"--awb-border-radius-top-left:0px;--awb-border-radius-top-right:0px;--awb-border-radius-bottom-right:0px;--awb-border-radius-bottom-left:0px;--awb-padding-top:40px;--awb-padding-bottom:40px;--awb-flex-wrap:wrap;\" ><div class=\"fusion-builder-row fusion-row\"><div class=\"fusion-layout-column fusion_builder_column fusion-builder-column-3 fusion_builder_column_1_1 1_1 fusion-one-full fusion-column-first fusion-column-last max1200\" style=\"--awb-bg-size:cover;\"><div class=\"fusion-column-wrapper fusion-column-has-shadow fusion-flex-column-wrapper-legacy\"><div class=\"fusion-text fusion-text-8\"><h2 style=\"text-align: center;\">sertifikalar<\/h2>\n<\/div><table width=\"100%\" class=\"table01\">\n\n<tr>\t\n<td><a href=\"\/wp-content\/uploads\/2024\/04\/Barton-IATF-16949-Cert-0383878-Exp-2027-01-17.pdf\" target=\"_blank\">IATF 16949:2016 (Barton Cold-Form, BK)<\/a><\/td>\n<td><a href=\"https:\/\/optimas.com\/wp-content\/uploads\/2022\/12\/Optimas-OE-Solutions-Holdings-LLC_IATF-Cert_Expires-7Dec2025.pdf\" target=\"_blank\">IATF 16949:2022 (Kuzey Amerika, \u00c7oklu Tesis)<\/a><\/td>\n<\/tr>\n<tr>\t\n<td><a href=\"https:\/\/optimas.com\/wp-content\/uploads\/2022\/06\/Barton-BSI-14001-Cert-EMS-561546-Exp-2023-03-21-1-Page-Doc.pdf\" target=\"_blank\">ISO 14001:2015 (Barton Cold-Form, BK)<\/a><\/td>\n<td><a href=\"https:\/\/optimas.com\/wp-content\/uploads\/2022\/06\/ISO14001-Cert-2022.pdf\" target=\"_blank\">ISO 14001:2015 (\u00c7oklu Site)<\/a><\/td>\n<\/tr>\n<tr>\t\n<td><a href=\"https:\/\/optimas.com\/wp-content\/uploads\/2022\/06\/ISO14001-2015_EN-China.pdf\" target=\"_blank\">ISO 14001:2015 (Suzhou, \u00c7in)<\/a><\/td>\n<td><a href=\"https:\/\/optimas.com\/wp-content\/uploads\/2022\/06\/ISO-45001-Certifciate.pdf\" target=\"_blank\">ISO 45001:2018 (Sarreguemines, Fransa)<\/a><\/td>\n<\/tr>\n<tr>\t\n<td><a href=\"\/wp-content\/uploads\/2024\/04\/Barton-ISO-9001-Cert-FM-557344-Exp-2027-01-17.pdf\" target=\"_blank\">ISO 9001:2015 (Kuzey Amerika, \u00c7oklu Tesis)<\/a><\/td>\n<td><a href=\"https:\/\/optimas.com\/wp-content\/uploads\/2022\/07\/ISO-9001-2015-Multi-Site-Europe.pdf\" target=\"_blank\">ISO 9001:2015 (Avrupa, \u00c7oklu Tesis)<\/a><\/td>\n<\/tr>\n<tr>\t\n<td><a href=\"https:\/\/optimas.com\/wp-content\/uploads\/2022\/06\/VDA-6.2-Bredbury.pdf\" target=\"_blank\">VDA 6.2 (Bredbury, BK)<\/a><\/td>\n<td><a href=\"https:\/\/optimas.com\/wp-content\/uploads\/2022\/10\/SC-Certificate-15082022-2022.pdf\" target=\"_blank\">SafeContractor Akreditasyon Sertifikas\u0131<\/a><\/td>\n<\/tr>\n<tr>\n<td><a href=\"\/wp-content\/uploads\/2019\/12\/AchillesAutomotive.pdf\" target=\"_blank\">A\u015fil Otomotiv \u00dcyeli\u011fi<\/a><\/td>\n<td><a href=\"\" target=\"_blank\">RoHS, REACH ve Uyu\u015fmazl\u0131k Mineralleri ile Uyumlu<\/a>\n<\/td>\n<\/tr>\n<td><a href=\"\/wp-content\/uploads\/2024\/04\/Optimas-OE-Solutions-Holding-LLC-12439445-Final-Certificate.pdf\" target=\"_blank\">Optilink - ISO 9001:2015 (Barton Cold-Form \u0130ngiltere)<\/a><\/td>\n<\/tr>\n<\/table><div class=\"fusion-sep-clear\"><\/div><div class=\"fusion-separator fusion-full-width-sep\" style=\"margin-left: auto;margin-right: auto;margin-top:20px;margin-bottom:20px;width:100%;\"><\/div><div class=\"fusion-sep-clear\"><\/div><div class=\"fusion-clearfix\"><\/div><\/div><\/div><\/div><\/div><\/p>","protected":false},"excerpt":{"rendered":"","protected":false},"author":1,"featured_media":120,"parent":11,"menu_order":0,"comment_status":"closed","ping_status":"closed","template":"","meta":{"_acf_changed":false,"content-type":"","footnotes":""},"class_list":["post-850","page","type-page","status-publish","has-post-thumbnail","hentry"],"acf":[],"_links":{"self":[{"href":"https:\/\/optimas.com\/tr\/wp-json\/wp\/v2\/pages\/850","targetHints":{"allow":["GET"]}}],"collection":[{"href":"https:\/\/optimas.com\/tr\/wp-json\/wp\/v2\/pages"}],"about":[{"href":"https:\/\/optimas.com\/tr\/wp-json\/wp\/v2\/types\/page"}],"author":[{"embeddable":true,"href":"https:\/\/optimas.com\/tr\/wp-json\/wp\/v2\/users\/1"}],"replies":[{"embeddable":true,"href":"https:\/\/optimas.com\/tr\/wp-json\/wp\/v2\/comments?post=850"}],"version-history":[{"count":0,"href":"https:\/\/optimas.com\/tr\/wp-json\/wp\/v2\/pages\/850\/revisions"}],"up":[{"embeddable":true,"href":"https:\/\/optimas.com\/tr\/wp-json\/wp\/v2\/pages\/11"}],"wp:featuredmedia":[{"embeddable":true,"href":"https:\/\/optimas.com\/tr\/wp-json\/wp\/v2\/media\/120"}],"wp:attachment":[{"href":"https:\/\/optimas.com\/tr\/wp-json\/wp\/v2\/media?parent=850"}],"curies":[{"name":"wp","href":"https:\/\/api.w.org\/{rel}","templated":true}]}}